 {"id":926,"date":"2023-04-26T16:48:59","date_gmt":"2023-04-26T16:48:59","guid":{"rendered":"https:\/\/dermamedk.es\/?post_type=product&#038;p=926"},"modified":"2025-02-07T00:47:55","modified_gmt":"2025-02-06T23:47:55","slug":"serum-age-plus","status":"publish","type":"product","link":"https:\/\/dermamedk.es\/tr\/tienda\/tienda\/serum-age-plus\/","title":{"rendered":"AGE PLUS SERUM"},"content":{"rendered":"<p>YA\u015eLANMA KAR\u015eITI<\/p>\n<p>Ya\u015flanman\u0131n ana belirtilerini tedavi eden ya\u015flanma kar\u015f\u0131t\u0131 serum. G\u00fcnl\u00fck kullan\u0131m\u0131, hassas ciltler de dahil olmak \u00fczere t\u00fcm cilt tiplerinin ya\u015flanma kar\u015f\u0131t\u0131 bak\u0131m\u0131n\u0131 iyile\u015ftirir ve geli\u015ftirir. \u00d6zenli form\u00fcl\u00fc bol miktarda nemlendirme sa\u011flar, cilt bariyerini iyile\u015ftirir ve onar\u0131r ve k\u0131r\u0131\u015f\u0131kl\u0131k kar\u015f\u0131t\u0131 bir etkiye sahiptir. Ayr\u0131ca antioksidan i\u00e7eri\u011fi sayesinde serbest radikallerin olumsuz etkilerini \u00f6nler. H\u0131zl\u0131 emilimi ve \u00f6zenli dokusu, normal g\u00fcnd\u00fcz ve gece kremlerimizden herhangi birinin uygulanmas\u0131na izin verir.<\/p>\n<p>Nas\u0131l kullan\u0131l\u0131r: Sabah ve ak\u015fam her zamanki kreminizden \u00f6nce uygulay\u0131n.<br \/>\nAktif Bile\u015fenler: Kolajen 6%, Gatuline Expresion 4%, Hyaluronik Asit 0.6%, Ectoin\u24c7 0.5%, E Vitamini<br \/>\n0.1%.<br \/>\nSunum: 30 ml<\/p>","protected":false},"excerpt":{"rendered":"<p>ANTIEDAD S\u00e9rum antiedad que permite tratar los principales signos del envejecimiento. Su uso diario permite mejorar y potencia los cuidados antiaging de todo tipo de pieles, incluso las sensibles. Su cuidada formula aporta una amplia hidrataci\u00f3n, mejora y repara la barrera cut\u00e1nea y tiene efecto antiarrugas. Adem\u00e1s, gracias a su contenido en antioxidantes, evitamos los [&hellip;]<\/p>","protected":false},"featured_media":927,"comment_status":"open","ping_status":"closed","template":"","meta":[],"product_brand":[],"product_cat":[18,24,43],"product_tag":[],"class_list":{"0":"post-926","1":"product","2":"type-product","3":"status-publish","4":"has-post-thumbnail","6":"product_cat-tienda","7":"product_cat-facial","8":"product_cat-productos-cosmetologicos","10":"first","11":"instock","12":"taxable","13":"shipping-taxable","14":"product-type-simple"},"yoast_head":"<!-- This site is optimized with the Yoast SEO plugin v23.8 - https:\/\/yoast.com\/wordpress\/plugins\/seo\/ -->\n<title>SERUM AGE PLUS - Dermamedk<\/title>\n<meta name=\"description\" content=\"SERUM AGE PLUS Su uso diario permite mejorar y potencia los cuidados antiaging de todo tipo de pieles, incluso las sensibles.\" \/>\n<meta name=\"robots\" content=\"index, follow, max-snippet:-1, max-image-preview:large, max-video-preview:-1\" \/>\n<link rel=\"canonical\" href=\"https:\/\/dermamedk.es\/tr\/tienda\/tienda\/serum-age-plus\/\" \/>\n<meta property=\"og:locale\" content=\"tr_TR\" \/>\n<meta property=\"og:type\" content=\"article\" \/>\n<meta property=\"og:title\" content=\"SERUM AGE PLUS - Dermamedk\" \/>\n<meta property=\"og:description\" content=\"SERUM AGE PLUS Su uso diario permite mejorar y potencia los cuidados antiaging de todo tipo de pieles, incluso las sensibles.\" \/>\n<meta property=\"og:url\" content=\"https:\/\/dermamedk.es\/tr\/tienda\/tienda\/serum-age-plus\/\" \/>\n<meta property=\"og:site_name\" content=\"Dermamedk\" \/>\n<meta property=\"article:publisher\" content=\"https:\/\/www.facebook.com\/dermamedk\" \/>\n<meta property=\"article:modified_time\" content=\"2025-02-06T23:47:55+00:00\" \/>\n<meta property=\"og:image\" content=\"https:\/\/dermamedk.es\/wp-content\/uploads\/2023\/04\/SERUM-AGE-PLUS.png\" \/>\n\t<meta property=\"og:image:width\" content=\"252\" \/>\n\t<meta property=\"og:image:height\" content=\"400\" \/>\n\t<meta property=\"og:image:type\" content=\"image\/png\" \/>\n<meta name=\"twitter:card\" content=\"summary_large_image\" \/>\n<meta name=\"twitter:label1\" content=\"Tahmini okuma s\u00fcresi\" \/>\n\t<meta name=\"twitter:data1\" content=\"1 dakika\" \/>\n<script type=\"application\/ld+json\" class=\"yoast-schema-graph\">{\"@context\":\"https:\/\/schema.org\",\"@graph\":[{\"@type\":\"WebPage\",\"@id\":\"https:\/\/dermamedk.es\/tienda\/tienda\/serum-age-plus\/\",\"url\":\"https:\/\/dermamedk.es\/tienda\/tienda\/serum-age-plus\/\",\"name\":\"SERUM AGE PLUS - Dermamedk\",\"isPartOf\":{\"@id\":\"https:\/\/dermamedk.es\/#website\"},\"primaryImageOfPage\":{\"@id\":\"https:\/\/dermamedk.es\/tienda\/tienda\/serum-age-plus\/#primaryimage\"},\"image\":{\"@id\":\"https:\/\/dermamedk.es\/tienda\/tienda\/serum-age-plus\/#primaryimage\"},\"thumbnailUrl\":\"https:\/\/dermamedk.es\/wp-content\/uploads\/2023\/04\/SERUM-AGE-PLUS.png\",\"datePublished\":\"2023-04-26T16:48:59+00:00\",\"dateModified\":\"2025-02-06T23:47:55+00:00\",\"description\":\"SERUM AGE PLUS Su uso diario permite mejorar y potencia los cuidados antiaging de todo tipo de pieles, incluso las sensibles.\",\"breadcrumb\":{\"@id\":\"https:\/\/dermamedk.es\/tienda\/tienda\/serum-age-plus\/#breadcrumb\"},\"inLanguage\":\"tr\",\"potentialAction\":[{\"@type\":\"ReadAction\",\"target\":[\"https:\/\/dermamedk.es\/tienda\/tienda\/serum-age-plus\/\"]}]},{\"@type\":\"ImageObject\",\"inLanguage\":\"tr\",\"@id\":\"https:\/\/dermamedk.es\/tienda\/tienda\/serum-age-plus\/#primaryimage\",\"url\":\"https:\/\/dermamedk.es\/wp-content\/uploads\/2023\/04\/SERUM-AGE-PLUS.png\",\"contentUrl\":\"https:\/\/dermamedk.es\/wp-content\/uploads\/2023\/04\/SERUM-AGE-PLUS.png\",\"width\":252,\"height\":400},{\"@type\":\"BreadcrumbList\",\"@id\":\"https:\/\/dermamedk.es\/tienda\/tienda\/serum-age-plus\/#breadcrumb\",\"itemListElement\":[{\"@type\":\"ListItem\",\"position\":1,\"name\":\"Home\",\"item\":\"https:\/\/dermamedk.es\/\"},{\"@type\":\"ListItem\",\"position\":2,\"name\":\"Tienda\",\"item\":\"https:\/\/dermamedk.es\/tienda-dermamedk\/\"},{\"@type\":\"ListItem\",\"position\":3,\"name\":\"SERUM AGE PLUS\"}]},{\"@type\":\"WebSite\",\"@id\":\"https:\/\/dermamedk.es\/#website\",\"url\":\"https:\/\/dermamedk.es\/\",\"name\":\"DermamedK | La elecci\u00f3n perfecta para tu cuidado de la piel\",\"description\":\"Lo mejor para el cuidado de tu piel\",\"publisher\":{\"@id\":\"https:\/\/dermamedk.es\/#organization\"},\"potentialAction\":[{\"@type\":\"SearchAction\",\"target\":{\"@type\":\"EntryPoint\",\"urlTemplate\":\"https:\/\/dermamedk.es\/?s={search_term_string}\"},\"query-input\":{\"@type\":\"PropertyValueSpecification\",\"valueRequired\":true,\"valueName\":\"search_term_string\"}}],\"inLanguage\":\"tr\"},{\"@type\":\"Organization\",\"@id\":\"https:\/\/dermamedk.es\/#organization\",\"name\":\"DermamedK | La elecci\u00f3n perfecta para tu cuidado de la piel\",\"url\":\"https:\/\/dermamedk.es\/\",\"logo\":{\"@type\":\"ImageObject\",\"inLanguage\":\"tr\",\"@id\":\"https:\/\/dermamedk.es\/#\/schema\/logo\/image\/\",\"url\":\"https:\/\/dermamedk.es\/wp-content\/uploads\/2023\/04\/logo-150.webp\",\"contentUrl\":\"https:\/\/dermamedk.es\/wp-content\/uploads\/2023\/04\/logo-150.webp\",\"width\":180,\"height\":212,\"caption\":\"DermamedK | La elecci\u00f3n perfecta para tu cuidado de la piel\"},\"image\":{\"@id\":\"https:\/\/dermamedk.es\/#\/schema\/logo\/image\/\"},\"sameAs\":[\"https:\/\/www.facebook.com\/dermamedk\",\"https:\/\/www.instagram.com\/dermamedk\/\"]}]}<\/script>\n<!-- \/ Yoast SEO plugin. -->","yoast_head_json":{"title":"SERUM AGE PLUS - Dermamedk","description":"SERUM AGE PLUS Su uso diario permite mejorar y potencia los cuidados antiaging de todo tipo de pieles, incluso las sensibles.","robots":{"index":"index","follow":"follow","max-snippet":"max-snippet:-1","max-image-preview":"max-image-preview:large","max-video-preview":"max-video-preview:-1"},"canonical":"https:\/\/dermamedk.es\/tr\/tienda\/tienda\/serum-age-plus\/","og_locale":"tr_TR","og_type":"article","og_title":"SERUM AGE PLUS - Dermamedk","og_description":"SERUM AGE PLUS Su uso diario permite mejorar y potencia los cuidados antiaging de todo tipo de pieles, incluso las sensibles.","og_url":"https:\/\/dermamedk.es\/tr\/tienda\/tienda\/serum-age-plus\/","og_site_name":"Dermamedk","article_publisher":"https:\/\/www.facebook.com\/dermamedk","article_modified_time":"2025-02-06T23:47:55+00:00","og_image":[{"width":252,"height":400,"url":"https:\/\/dermamedk.es\/wp-content\/uploads\/2023\/04\/SERUM-AGE-PLUS.png","type":"image\/png"}],"twitter_card":"summary_large_image","twitter_misc":{"Tahmini okuma s\u00fcresi":"1 dakika"},"schema":{"@context":"https:\/\/schema.org","@graph":[{"@type":"WebPage","@id":"https:\/\/dermamedk.es\/tienda\/tienda\/serum-age-plus\/","url":"https:\/\/dermamedk.es\/tienda\/tienda\/serum-age-plus\/","name":"SERUM AGE PLUS - Dermamedk","isPartOf":{"@id":"https:\/\/dermamedk.es\/#website"},"primaryImageOfPage":{"@id":"https:\/\/dermamedk.es\/tienda\/tienda\/serum-age-plus\/#primaryimage"},"image":{"@id":"https:\/\/dermamedk.es\/tienda\/tienda\/serum-age-plus\/#primaryimage"},"thumbnailUrl":"https:\/\/dermamedk.es\/wp-content\/uploads\/2023\/04\/SERUM-AGE-PLUS.png","datePublished":"2023-04-26T16:48:59+00:00","dateModified":"2025-02-06T23:47:55+00:00","description":"SERUM AGE PLUS Su uso diario permite mejorar y potencia los cuidados antiaging de todo tipo de pieles, incluso las sensibles.","breadcrumb":{"@id":"https:\/\/dermamedk.es\/tienda\/tienda\/serum-age-plus\/#breadcrumb"},"inLanguage":"tr","potentialAction":[{"@type":"ReadAction","target":["https:\/\/dermamedk.es\/tienda\/tienda\/serum-age-plus\/"]}]},{"@type":"ImageObject","inLanguage":"tr","@id":"https:\/\/dermamedk.es\/tienda\/tienda\/serum-age-plus\/#primaryimage","url":"https:\/\/dermamedk.es\/wp-content\/uploads\/2023\/04\/SERUM-AGE-PLUS.png","contentUrl":"https:\/\/dermamedk.es\/wp-content\/uploads\/2023\/04\/SERUM-AGE-PLUS.png","width":252,"height":400},{"@type":"BreadcrumbList","@id":"https:\/\/dermamedk.es\/tienda\/tienda\/serum-age-plus\/#breadcrumb","itemListElement":[{"@type":"ListItem","position":1,"name":"Home","item":"https:\/\/dermamedk.es\/"},{"@type":"ListItem","position":2,"name":"Tienda","item":"https:\/\/dermamedk.es\/tienda-dermamedk\/"},{"@type":"ListItem","position":3,"name":"SERUM AGE PLUS"}]},{"@type":"WebSite","@id":"https:\/\/dermamedk.es\/#website","url":"https:\/\/dermamedk.es\/","name":"DermamedK | La elecci\u00f3n perfecta para tu cuidado de la piel","description":"Lo mejor para el cuidado de tu piel","publisher":{"@id":"https:\/\/dermamedk.es\/#organization"},"potentialAction":[{"@type":"SearchAction","target":{"@type":"EntryPoint","urlTemplate":"https:\/\/dermamedk.es\/?s={search_term_string}"},"query-input":{"@type":"PropertyValueSpecification","valueRequired":true,"valueName":"search_term_string"}}],"inLanguage":"tr"},{"@type":"Organization","@id":"https:\/\/dermamedk.es\/#organization","name":"DermamedK | La elecci\u00f3n perfecta para tu cuidado de la piel","url":"https:\/\/dermamedk.es\/","logo":{"@type":"ImageObject","inLanguage":"tr","@id":"https:\/\/dermamedk.es\/#\/schema\/logo\/image\/","url":"https:\/\/dermamedk.es\/wp-content\/uploads\/2023\/04\/logo-150.webp","contentUrl":"https:\/\/dermamedk.es\/wp-content\/uploads\/2023\/04\/logo-150.webp","width":180,"height":212,"caption":"DermamedK | La elecci\u00f3n perfecta para tu cuidado de la piel"},"image":{"@id":"https:\/\/dermamedk.es\/#\/schema\/logo\/image\/"},"sameAs":["https:\/\/www.facebook.com\/dermamedk","https:\/\/www.instagram.com\/dermamedk\/"]}]}},"_links":{"self":[{"href":"https:\/\/dermamedk.es\/tr\/wp-json\/wp\/v2\/product\/926","targetHints":{"allow":["GET"]}}],"collection":[{"href":"https:\/\/dermamedk.es\/tr\/wp-json\/wp\/v2\/product"}],"about":[{"href":"https:\/\/dermamedk.es\/tr\/wp-json\/wp\/v2\/types\/product"}],"replies":[{"embeddable":true,"href":"https:\/\/dermamedk.es\/tr\/wp-json\/wp\/v2\/comments?post=926"}],"version-history":[{"count":1,"href":"https:\/\/dermamedk.es\/tr\/wp-json\/wp\/v2\/product\/926\/revisions"}],"predecessor-version":[{"id":928,"href":"https:\/\/dermamedk.es\/tr\/wp-json\/wp\/v2\/product\/926\/revisions\/928"}],"wp:featuredmedia":[{"embeddable":true,"href":"https:\/\/dermamedk.es\/tr\/wp-json\/wp\/v2\/media\/927"}],"wp:attachment":[{"href":"https:\/\/dermamedk.es\/tr\/wp-json\/wp\/v2\/media?parent=926"}],"wp:term":[{"taxonomy":"product_brand","embeddable":true,"href":"https:\/\/dermamedk.es\/tr\/wp-json\/wp\/v2\/product_brand?post=926"},{"taxonomy":"product_cat","embeddable":true,"href":"https:\/\/dermamedk.es\/tr\/wp-json\/wp\/v2\/product_cat?post=926"},{"taxonomy":"product_tag","embeddable":true,"href":"https:\/\/dermamedk.es\/tr\/wp-json\/wp\/v2\/product_tag?post=926"}],"curies":[{"name":"wp","href":"https:\/\/api.w.org\/{rel}","templated":true}]}}