 {"id":923,"date":"2023-04-26T16:44:27","date_gmt":"2023-04-26T16:44:27","guid":{"rendered":"https:\/\/dermamedk.es\/?post_type=product&#038;p=923"},"modified":"2024-11-24T12:17:13","modified_gmt":"2024-11-24T11:17:13","slug":"serum-retinol-10","status":"publish","type":"product","link":"https:\/\/dermamedk.es\/tr\/tienda\/tienda\/serum-retinol-10\/","title":{"rendered":"RETINOL SERUM 10%"},"content":{"rendered":"<p>GECE YA\u015eLANMA KAR\u015eITI BOSTER<\/p>\n<p>Gece serumu olarak veya normal gece kreminiz i\u00e7in g\u00fc\u00e7lendirici olarak kullan\u0131labilen yo\u011fun retinal konsantre 10%. Y\u00fcksek retinol konsantrasyonu, her t\u00fcrl\u00fc k\u0131r\u0131\u015f\u0131kl\u0131k, s\u0131k\u0131l\u0131k, elastikiyet \u00fczerinde yo\u011fun bir \u015fekilde \u00e7al\u0131\u015fmas\u0131n\u0131 sa\u011flar ve cildin dokusunu ve kalitesini iyile\u015ftirir. Damlal\u0131kl\u0131 aplikat\u00f6r\u00fc her iki \u015fekilde de uygulamay\u0131 kolayla\u015ft\u0131r\u0131r ve ayr\u0131ca 4 damlay\u0131 normal gece kremimizle kar\u0131\u015ft\u0131rd\u0131\u011f\u0131m\u0131zda, kar\u0131\u015f\u0131mda 0.39% saf retinol elde etmemizi sa\u011flar. Her iki durumda da, uygulamadan sonra cildi ipeksi, yumu\u015fak ve esnek b\u0131rak\u0131r.<\/p>\n<p>Nas\u0131l kullan\u0131l\u0131r: \u0130ki farkl\u0131 \u015fekilde kullan\u0131labilir:<\/p>\n<ul>\n<li>Aln\u0131n\u0131za, yanaklar\u0131n\u0131za ve \u00e7enenize d\u00f6rt damla damlat\u0131n ve yay\u0131n. Ard\u0131ndan her zamanki gece kreminizi uygulay\u0131n.<\/li>\n<li>D\u00f6rt damla \u00fcr\u00fcn\u00fc her zamanki gece kreminizle elinizde kar\u0131\u015ft\u0131r\u0131n ve t\u00fcm y\u00fcz\u00fcn\u00fcze yay\u0131n.<\/li>\n<\/ul>\n<p>Aktif bile\u015fenler: Retinol 10%, E Vitamini.<\/p>\n<p>Sunum: 30 ml<\/p>","protected":false},"excerpt":{"rendered":"<p>BOSTER ANTIEDAD NOCTURNO Concentrado intenso de retinal al 10% que se puede usar como s\u00e9rum de noche o como booster de la crema de noche habitual. Su alta concentraci\u00f3n de retinol permite trabajar de manera intensa todo tipo de arrugas, la firmeza, elasticidad y mejora la textura y calidad de la piel. Su aplicativo en [&hellip;]<\/p>","protected":false},"featured_media":924,"comment_status":"open","ping_status":"closed","template":"","meta":[],"product_brand":[],"product_cat":[18,24,43],"product_tag":[],"class_list":{"0":"post-923","1":"product","2":"type-product","3":"status-publish","4":"has-post-thumbnail","6":"product_cat-tienda","7":"product_cat-facial","8":"product_cat-productos-cosmetologicos","10":"first","11":"instock","12":"taxable","13":"shipping-taxable","14":"purchasable","15":"product-type-simple"},"yoast_head":"<!-- This site is optimized with the Yoast SEO plugin v23.8 - https:\/\/yoast.com\/wordpress\/plugins\/seo\/ -->\n<title>SERUM RETINOL 10% - Dermamedk<\/title>\n<meta name=\"description\" content=\"SERUM RETINOL 10% Concentrado intenso de retinal al 10% que se puede usar como s\u00e9rum de noche o como booster de la crema de noche habitual.\" \/>\n<meta name=\"robots\" content=\"index, follow, max-snippet:-1, max-image-preview:large, max-video-preview:-1\" \/>\n<link rel=\"canonical\" href=\"https:\/\/dermamedk.es\/tr\/tienda\/tienda\/serum-retinol-10\/\" \/>\n<meta property=\"og:locale\" content=\"tr_TR\" \/>\n<meta property=\"og:type\" content=\"article\" \/>\n<meta property=\"og:title\" content=\"SERUM RETINOL 10% - Dermamedk\" \/>\n<meta property=\"og:description\" content=\"SERUM RETINOL 10% Concentrado intenso de retinal al 10% que se puede usar como s\u00e9rum de noche o como booster de la crema de noche habitual.\" \/>\n<meta property=\"og:url\" content=\"https:\/\/dermamedk.es\/tr\/tienda\/tienda\/serum-retinol-10\/\" \/>\n<meta property=\"og:site_name\" content=\"Dermamedk\" \/>\n<meta property=\"article:publisher\" content=\"https:\/\/www.facebook.com\/dermamedk\" \/>\n<meta property=\"article:modified_time\" content=\"2024-11-24T11:17:13+00:00\" \/>\n<meta property=\"og:image\" content=\"https:\/\/dermamedk.es\/wp-content\/uploads\/2023\/04\/SERUM-RETINOL-10.png\" \/>\n\t<meta property=\"og:image:width\" content=\"249\" \/>\n\t<meta property=\"og:image:height\" content=\"378\" \/>\n\t<meta property=\"og:image:type\" content=\"image\/png\" \/>\n<meta name=\"twitter:card\" content=\"summary_large_image\" \/>\n<meta name=\"twitter:label1\" content=\"Tahmini okuma s\u00fcresi\" \/>\n\t<meta name=\"twitter:data1\" content=\"1 dakika\" \/>\n<script type=\"application\/ld+json\" class=\"yoast-schema-graph\">{\"@context\":\"https:\/\/schema.org\",\"@graph\":[{\"@type\":\"WebPage\",\"@id\":\"https:\/\/dermamedk.es\/tienda\/tienda\/serum-retinol-10\/\",\"url\":\"https:\/\/dermamedk.es\/tienda\/tienda\/serum-retinol-10\/\",\"name\":\"SERUM RETINOL 10% - Dermamedk\",\"isPartOf\":{\"@id\":\"https:\/\/dermamedk.es\/#website\"},\"primaryImageOfPage\":{\"@id\":\"https:\/\/dermamedk.es\/tienda\/tienda\/serum-retinol-10\/#primaryimage\"},\"image\":{\"@id\":\"https:\/\/dermamedk.es\/tienda\/tienda\/serum-retinol-10\/#primaryimage\"},\"thumbnailUrl\":\"https:\/\/dermamedk.es\/wp-content\/uploads\/2023\/04\/SERUM-RETINOL-10.png\",\"datePublished\":\"2023-04-26T16:44:27+00:00\",\"dateModified\":\"2024-11-24T11:17:13+00:00\",\"description\":\"SERUM RETINOL 10% Concentrado intenso de retinal al 10% que se puede usar como s\u00e9rum de noche o como booster de la crema de noche habitual.\",\"breadcrumb\":{\"@id\":\"https:\/\/dermamedk.es\/tienda\/tienda\/serum-retinol-10\/#breadcrumb\"},\"inLanguage\":\"tr\",\"potentialAction\":[{\"@type\":\"ReadAction\",\"target\":[\"https:\/\/dermamedk.es\/tienda\/tienda\/serum-retinol-10\/\"]}]},{\"@type\":\"ImageObject\",\"inLanguage\":\"tr\",\"@id\":\"https:\/\/dermamedk.es\/tienda\/tienda\/serum-retinol-10\/#primaryimage\",\"url\":\"https:\/\/dermamedk.es\/wp-content\/uploads\/2023\/04\/SERUM-RETINOL-10.png\",\"contentUrl\":\"https:\/\/dermamedk.es\/wp-content\/uploads\/2023\/04\/SERUM-RETINOL-10.png\",\"width\":249,\"height\":378},{\"@type\":\"BreadcrumbList\",\"@id\":\"https:\/\/dermamedk.es\/tienda\/tienda\/serum-retinol-10\/#breadcrumb\",\"itemListElement\":[{\"@type\":\"ListItem\",\"position\":1,\"name\":\"Home\",\"item\":\"https:\/\/dermamedk.es\/\"},{\"@type\":\"ListItem\",\"position\":2,\"name\":\"Tienda\",\"item\":\"https:\/\/dermamedk.es\/tienda-dermamedk\/\"},{\"@type\":\"ListItem\",\"position\":3,\"name\":\"SERUM RETINOL 10%\"}]},{\"@type\":\"WebSite\",\"@id\":\"https:\/\/dermamedk.es\/#website\",\"url\":\"https:\/\/dermamedk.es\/\",\"name\":\"DermamedK | La elecci\u00f3n perfecta para tu cuidado de la piel\",\"description\":\"Lo mejor para el cuidado de tu piel\",\"publisher\":{\"@id\":\"https:\/\/dermamedk.es\/#organization\"},\"potentialAction\":[{\"@type\":\"SearchAction\",\"target\":{\"@type\":\"EntryPoint\",\"urlTemplate\":\"https:\/\/dermamedk.es\/?s={search_term_string}\"},\"query-input\":{\"@type\":\"PropertyValueSpecification\",\"valueRequired\":true,\"valueName\":\"search_term_string\"}}],\"inLanguage\":\"tr\"},{\"@type\":\"Organization\",\"@id\":\"https:\/\/dermamedk.es\/#organization\",\"name\":\"DermamedK | La elecci\u00f3n perfecta para tu cuidado de la piel\",\"url\":\"https:\/\/dermamedk.es\/\",\"logo\":{\"@type\":\"ImageObject\",\"inLanguage\":\"tr\",\"@id\":\"https:\/\/dermamedk.es\/#\/schema\/logo\/image\/\",\"url\":\"https:\/\/dermamedk.es\/wp-content\/uploads\/2023\/04\/logo-150.webp\",\"contentUrl\":\"https:\/\/dermamedk.es\/wp-content\/uploads\/2023\/04\/logo-150.webp\",\"width\":180,\"height\":212,\"caption\":\"DermamedK | La elecci\u00f3n perfecta para tu cuidado de la piel\"},\"image\":{\"@id\":\"https:\/\/dermamedk.es\/#\/schema\/logo\/image\/\"},\"sameAs\":[\"https:\/\/www.facebook.com\/dermamedk\",\"https:\/\/www.instagram.com\/dermamedk\/\"]}]}<\/script>\n<!-- \/ Yoast SEO plugin. -->","yoast_head_json":{"title":"SERUM RETINOL 10% - Dermamedk","description":"SERUM RETINOL 10% Concentrado intenso de retinal al 10% que se puede usar como s\u00e9rum de noche o como booster de la crema de noche habitual.","robots":{"index":"index","follow":"follow","max-snippet":"max-snippet:-1","max-image-preview":"max-image-preview:large","max-video-preview":"max-video-preview:-1"},"canonical":"https:\/\/dermamedk.es\/tr\/tienda\/tienda\/serum-retinol-10\/","og_locale":"tr_TR","og_type":"article","og_title":"SERUM RETINOL 10% - Dermamedk","og_description":"SERUM RETINOL 10% Concentrado intenso de retinal al 10% que se puede usar como s\u00e9rum de noche o como booster de la crema de noche habitual.","og_url":"https:\/\/dermamedk.es\/tr\/tienda\/tienda\/serum-retinol-10\/","og_site_name":"Dermamedk","article_publisher":"https:\/\/www.facebook.com\/dermamedk","article_modified_time":"2024-11-24T11:17:13+00:00","og_image":[{"width":249,"height":378,"url":"https:\/\/dermamedk.es\/wp-content\/uploads\/2023\/04\/SERUM-RETINOL-10.png","type":"image\/png"}],"twitter_card":"summary_large_image","twitter_misc":{"Tahmini okuma s\u00fcresi":"1 dakika"},"schema":{"@context":"https:\/\/schema.org","@graph":[{"@type":"WebPage","@id":"https:\/\/dermamedk.es\/tienda\/tienda\/serum-retinol-10\/","url":"https:\/\/dermamedk.es\/tienda\/tienda\/serum-retinol-10\/","name":"SERUM RETINOL 10% - Dermamedk","isPartOf":{"@id":"https:\/\/dermamedk.es\/#website"},"primaryImageOfPage":{"@id":"https:\/\/dermamedk.es\/tienda\/tienda\/serum-retinol-10\/#primaryimage"},"image":{"@id":"https:\/\/dermamedk.es\/tienda\/tienda\/serum-retinol-10\/#primaryimage"},"thumbnailUrl":"https:\/\/dermamedk.es\/wp-content\/uploads\/2023\/04\/SERUM-RETINOL-10.png","datePublished":"2023-04-26T16:44:27+00:00","dateModified":"2024-11-24T11:17:13+00:00","description":"SERUM RETINOL 10% Concentrado intenso de retinal al 10% que se puede usar como s\u00e9rum de noche o como booster de la crema de noche habitual.","breadcrumb":{"@id":"https:\/\/dermamedk.es\/tienda\/tienda\/serum-retinol-10\/#breadcrumb"},"inLanguage":"tr","potentialAction":[{"@type":"ReadAction","target":["https:\/\/dermamedk.es\/tienda\/tienda\/serum-retinol-10\/"]}]},{"@type":"ImageObject","inLanguage":"tr","@id":"https:\/\/dermamedk.es\/tienda\/tienda\/serum-retinol-10\/#primaryimage","url":"https:\/\/dermamedk.es\/wp-content\/uploads\/2023\/04\/SERUM-RETINOL-10.png","contentUrl":"https:\/\/dermamedk.es\/wp-content\/uploads\/2023\/04\/SERUM-RETINOL-10.png","width":249,"height":378},{"@type":"BreadcrumbList","@id":"https:\/\/dermamedk.es\/tienda\/tienda\/serum-retinol-10\/#breadcrumb","itemListElement":[{"@type":"ListItem","position":1,"name":"Home","item":"https:\/\/dermamedk.es\/"},{"@type":"ListItem","position":2,"name":"Tienda","item":"https:\/\/dermamedk.es\/tienda-dermamedk\/"},{"@type":"ListItem","position":3,"name":"SERUM RETINOL 10%"}]},{"@type":"WebSite","@id":"https:\/\/dermamedk.es\/#website","url":"https:\/\/dermamedk.es\/","name":"DermamedK | La elecci\u00f3n perfecta para tu cuidado de la piel","description":"Lo mejor para el cuidado de tu piel","publisher":{"@id":"https:\/\/dermamedk.es\/#organization"},"potentialAction":[{"@type":"SearchAction","target":{"@type":"EntryPoint","urlTemplate":"https:\/\/dermamedk.es\/?s={search_term_string}"},"query-input":{"@type":"PropertyValueSpecification","valueRequired":true,"valueName":"search_term_string"}}],"inLanguage":"tr"},{"@type":"Organization","@id":"https:\/\/dermamedk.es\/#organization","name":"DermamedK | La elecci\u00f3n perfecta para tu cuidado de la piel","url":"https:\/\/dermamedk.es\/","logo":{"@type":"ImageObject","inLanguage":"tr","@id":"https:\/\/dermamedk.es\/#\/schema\/logo\/image\/","url":"https:\/\/dermamedk.es\/wp-content\/uploads\/2023\/04\/logo-150.webp","contentUrl":"https:\/\/dermamedk.es\/wp-content\/uploads\/2023\/04\/logo-150.webp","width":180,"height":212,"caption":"DermamedK | La elecci\u00f3n perfecta para tu cuidado de la piel"},"image":{"@id":"https:\/\/dermamedk.es\/#\/schema\/logo\/image\/"},"sameAs":["https:\/\/www.facebook.com\/dermamedk","https:\/\/www.instagram.com\/dermamedk\/"]}]}},"_links":{"self":[{"href":"https:\/\/dermamedk.es\/tr\/wp-json\/wp\/v2\/product\/923","targetHints":{"allow":["GET"]}}],"collection":[{"href":"https:\/\/dermamedk.es\/tr\/wp-json\/wp\/v2\/product"}],"about":[{"href":"https:\/\/dermamedk.es\/tr\/wp-json\/wp\/v2\/types\/product"}],"replies":[{"embeddable":true,"href":"https:\/\/dermamedk.es\/tr\/wp-json\/wp\/v2\/comments?post=923"}],"version-history":[{"count":1,"href":"https:\/\/dermamedk.es\/tr\/wp-json\/wp\/v2\/product\/923\/revisions"}],"predecessor-version":[{"id":925,"href":"https:\/\/dermamedk.es\/tr\/wp-json\/wp\/v2\/product\/923\/revisions\/925"}],"wp:featuredmedia":[{"embeddable":true,"href":"https:\/\/dermamedk.es\/tr\/wp-json\/wp\/v2\/media\/924"}],"wp:attachment":[{"href":"https:\/\/dermamedk.es\/tr\/wp-json\/wp\/v2\/media?parent=923"}],"wp:term":[{"taxonomy":"product_brand","embeddable":true,"href":"https:\/\/dermamedk.es\/tr\/wp-json\/wp\/v2\/product_brand?post=923"},{"taxonomy":"product_cat","embeddable":true,"href":"https:\/\/dermamedk.es\/tr\/wp-json\/wp\/v2\/product_cat?post=923"},{"taxonomy":"product_tag","embeddable":true,"href":"https:\/\/dermamedk.es\/tr\/wp-json\/wp\/v2\/product_tag?post=923"}],"curies":[{"name":"wp","href":"https:\/\/api.w.org\/{rel}","templated":true}]}}