 {"id":920,"date":"2023-04-26T16:40:05","date_gmt":"2023-04-26T16:40:05","guid":{"rendered":"https:\/\/dermamedk.es\/?post_type=product&#038;p=920"},"modified":"2023-09-19T18:48:27","modified_gmt":"2023-09-19T16:48:27","slug":"crema-hidratante-oil-free","status":"publish","type":"product","link":"https:\/\/dermamedk.es\/tr\/tienda\/facial\/piel-mixta-y-grasa\/crema-hidratante-oil-free\/","title":{"rendered":"YA\u011eSIZ NEMLENDIRICI KREM"},"content":{"rendered":"<p>Ya\u011fl\u0131 ciltler i\u00e7in Ya\u011fs\u0131z Y\u00fcz Nemlendiricisi<\/p>\n<p>Karma ya\u011fl\u0131 ve akneye e\u011filimli ciltleri nemlendirir ve bak\u0131m yapar. Bu ciltlerin karakteristik a\u015f\u0131r\u0131 ya\u011f\u0131n\u0131 d\u00fczenler ve kontrol eder. D\u00fc\u015f\u00fck g\u00fcne\u015f korumas\u0131 ile.<br \/>\nKullan\u0131m \u015fekli: Sabah ve ak\u015fam nazik\u00e7e masaj yaparak uygulay\u0131n. Sabun veya alkoll\u00fc sol\u00fcsyonlarla a\u015f\u0131r\u0131 derecede ya\u011fdan ar\u0131nd\u0131r\u0131lm\u0131\u015f cilde uygulan\u0131rsa tahri\u015f edebilir.<\/p>\n<p>Aktif i\u00e7erikler: Tamponlanm\u0131\u015f Glikolik Asit 2%, Do\u011fal Nemlendirici Fakt\u00f6r 1%, Aloe Vera, G\u00fcne\u015f Koruyucu, Mimoza 5%, Calendula 2%, Alfa-Bisabolol 0.5%, Sebum d\u00fczenleyici Avokado T\u00fcrevi 0.9% ve Ya\u011fs\u0131z Baz.<\/p>\n<p>Sunum: 50 ml<\/p>\n<p>Ref: FCH<\/p>","protected":false},"excerpt":{"rendered":"<p>Hidrataci\u00f3n Facial Oil-Free piel grasa Hidrataci\u00f3n y cuidado de las pieles mixtas-grasas con tendencia acn\u00e9ica. Regula y controla el exceso de grasa caracter\u00edstico de estas pieles. Con protecci\u00f3n solar baja. Modo de empleo: Aplicar por la ma\u00f1ana y por la noche con un suave masaje. Podr\u00eda irritar si se aplica sobre una piel excesivamente desengrasada [&hellip;]<\/p>","protected":false},"featured_media":921,"comment_status":"open","ping_status":"closed","template":"","meta":[],"product_brand":[],"product_cat":[18,24,30,43],"product_tag":[],"class_list":{"0":"post-920","1":"product","2":"type-product","3":"status-publish","4":"has-post-thumbnail","6":"product_cat-tienda","7":"product_cat-facial","8":"product_cat-piel-mixta-y-grasa","9":"product_cat-productos-cosmetologicos","11":"first","12":"instock","13":"taxable","14":"shipping-taxable","15":"purchasable","16":"product-type-simple"},"yoast_head":"<!-- This site is optimized with the Yoast SEO plugin v23.8 - https:\/\/yoast.com\/wordpress\/plugins\/seo\/ -->\n<title>CREMA HIDRATANTE OIL-FREE - Dermamedk<\/title>\n<meta name=\"description\" content=\"CREMA HIDRATANTE OIL-FREE cuidado de las pieles mixtas-grasas con tendencia acn\u00e9ica. Regula y controla el exceso de grasa caracter\u00edstico de estas pieles.\" \/>\n<meta name=\"robots\" content=\"index, follow, max-snippet:-1, max-image-preview:large, max-video-preview:-1\" \/>\n<link rel=\"canonical\" href=\"https:\/\/dermamedk.es\/tr\/tienda\/facial\/piel-mixta-y-grasa\/crema-hidratante-oil-free\/\" \/>\n<meta property=\"og:locale\" content=\"tr_TR\" \/>\n<meta property=\"og:type\" content=\"article\" \/>\n<meta property=\"og:title\" content=\"CREMA HIDRATANTE OIL-FREE - Dermamedk\" \/>\n<meta property=\"og:description\" content=\"CREMA HIDRATANTE OIL-FREE cuidado de las pieles mixtas-grasas con tendencia acn\u00e9ica. Regula y controla el exceso de grasa caracter\u00edstico de estas pieles.\" \/>\n<meta property=\"og:url\" content=\"https:\/\/dermamedk.es\/tr\/tienda\/facial\/piel-mixta-y-grasa\/crema-hidratante-oil-free\/\" \/>\n<meta property=\"og:site_name\" content=\"Dermamedk\" \/>\n<meta property=\"article:publisher\" content=\"https:\/\/www.facebook.com\/dermamedk\" \/>\n<meta property=\"article:modified_time\" content=\"2023-09-19T16:48:27+00:00\" \/>\n<meta property=\"og:image\" content=\"https:\/\/dermamedk.es\/wp-content\/uploads\/2023\/04\/CREMA-HIDRATANTE-OIL-FREE.png\" \/>\n\t<meta property=\"og:image:width\" content=\"239\" \/>\n\t<meta property=\"og:image:height\" content=\"333\" \/>\n\t<meta property=\"og:image:type\" content=\"image\/png\" \/>\n<meta name=\"twitter:card\" content=\"summary_large_image\" \/>\n<meta name=\"twitter:label1\" content=\"Tahmini okuma s\u00fcresi\" \/>\n\t<meta name=\"twitter:data1\" content=\"1 dakika\" \/>\n<script type=\"application\/ld+json\" class=\"yoast-schema-graph\">{\"@context\":\"https:\/\/schema.org\",\"@graph\":[{\"@type\":\"WebPage\",\"@id\":\"https:\/\/dermamedk.es\/tienda\/facial\/piel-mixta-y-grasa\/crema-hidratante-oil-free\/\",\"url\":\"https:\/\/dermamedk.es\/tienda\/facial\/piel-mixta-y-grasa\/crema-hidratante-oil-free\/\",\"name\":\"CREMA HIDRATANTE OIL-FREE - Dermamedk\",\"isPartOf\":{\"@id\":\"https:\/\/dermamedk.es\/#website\"},\"primaryImageOfPage\":{\"@id\":\"https:\/\/dermamedk.es\/tienda\/facial\/piel-mixta-y-grasa\/crema-hidratante-oil-free\/#primaryimage\"},\"image\":{\"@id\":\"https:\/\/dermamedk.es\/tienda\/facial\/piel-mixta-y-grasa\/crema-hidratante-oil-free\/#primaryimage\"},\"thumbnailUrl\":\"https:\/\/dermamedk.es\/wp-content\/uploads\/2023\/04\/CREMA-HIDRATANTE-OIL-FREE.png\",\"datePublished\":\"2023-04-26T16:40:05+00:00\",\"dateModified\":\"2023-09-19T16:48:27+00:00\",\"description\":\"CREMA HIDRATANTE OIL-FREE cuidado de las pieles mixtas-grasas con tendencia acn\u00e9ica. Regula y controla el exceso de grasa caracter\u00edstico de estas pieles.\",\"breadcrumb\":{\"@id\":\"https:\/\/dermamedk.es\/tienda\/facial\/piel-mixta-y-grasa\/crema-hidratante-oil-free\/#breadcrumb\"},\"inLanguage\":\"tr\",\"potentialAction\":[{\"@type\":\"ReadAction\",\"target\":[\"https:\/\/dermamedk.es\/tienda\/facial\/piel-mixta-y-grasa\/crema-hidratante-oil-free\/\"]}]},{\"@type\":\"ImageObject\",\"inLanguage\":\"tr\",\"@id\":\"https:\/\/dermamedk.es\/tienda\/facial\/piel-mixta-y-grasa\/crema-hidratante-oil-free\/#primaryimage\",\"url\":\"https:\/\/dermamedk.es\/wp-content\/uploads\/2023\/04\/CREMA-HIDRATANTE-OIL-FREE.png\",\"contentUrl\":\"https:\/\/dermamedk.es\/wp-content\/uploads\/2023\/04\/CREMA-HIDRATANTE-OIL-FREE.png\",\"width\":239,\"height\":333},{\"@type\":\"BreadcrumbList\",\"@id\":\"https:\/\/dermamedk.es\/tienda\/facial\/piel-mixta-y-grasa\/crema-hidratante-oil-free\/#breadcrumb\",\"itemListElement\":[{\"@type\":\"ListItem\",\"position\":1,\"name\":\"Home\",\"item\":\"https:\/\/dermamedk.es\/\"},{\"@type\":\"ListItem\",\"position\":2,\"name\":\"Tienda\",\"item\":\"https:\/\/dermamedk.es\/tienda-dermamedk\/\"},{\"@type\":\"ListItem\",\"position\":3,\"name\":\"CREMA HIDRATANTE OIL-FREE\"}]},{\"@type\":\"WebSite\",\"@id\":\"https:\/\/dermamedk.es\/#website\",\"url\":\"https:\/\/dermamedk.es\/\",\"name\":\"DermamedK | La elecci\u00f3n perfecta para tu cuidado de la piel\",\"description\":\"Lo mejor para el cuidado de tu piel\",\"publisher\":{\"@id\":\"https:\/\/dermamedk.es\/#organization\"},\"potentialAction\":[{\"@type\":\"SearchAction\",\"target\":{\"@type\":\"EntryPoint\",\"urlTemplate\":\"https:\/\/dermamedk.es\/?s={search_term_string}\"},\"query-input\":{\"@type\":\"PropertyValueSpecification\",\"valueRequired\":true,\"valueName\":\"search_term_string\"}}],\"inLanguage\":\"tr\"},{\"@type\":\"Organization\",\"@id\":\"https:\/\/dermamedk.es\/#organization\",\"name\":\"DermamedK | La elecci\u00f3n perfecta para tu cuidado de la piel\",\"url\":\"https:\/\/dermamedk.es\/\",\"logo\":{\"@type\":\"ImageObject\",\"inLanguage\":\"tr\",\"@id\":\"https:\/\/dermamedk.es\/#\/schema\/logo\/image\/\",\"url\":\"https:\/\/dermamedk.es\/wp-content\/uploads\/2023\/04\/logo-150.webp\",\"contentUrl\":\"https:\/\/dermamedk.es\/wp-content\/uploads\/2023\/04\/logo-150.webp\",\"width\":180,\"height\":212,\"caption\":\"DermamedK | La elecci\u00f3n perfecta para tu cuidado de la piel\"},\"image\":{\"@id\":\"https:\/\/dermamedk.es\/#\/schema\/logo\/image\/\"},\"sameAs\":[\"https:\/\/www.facebook.com\/dermamedk\",\"https:\/\/www.instagram.com\/dermamedk\/\"]}]}<\/script>\n<!-- \/ Yoast SEO plugin. -->","yoast_head_json":{"title":"CREMA HIDRATANTE OIL-FREE - Dermamedk","description":"CREMA HIDRATANTE OIL-FREE cuidado de las pieles mixtas-grasas con tendencia acn\u00e9ica. Regula y controla el exceso de grasa caracter\u00edstico de estas pieles.","robots":{"index":"index","follow":"follow","max-snippet":"max-snippet:-1","max-image-preview":"max-image-preview:large","max-video-preview":"max-video-preview:-1"},"canonical":"https:\/\/dermamedk.es\/tr\/tienda\/facial\/piel-mixta-y-grasa\/crema-hidratante-oil-free\/","og_locale":"tr_TR","og_type":"article","og_title":"CREMA HIDRATANTE OIL-FREE - Dermamedk","og_description":"CREMA HIDRATANTE OIL-FREE cuidado de las pieles mixtas-grasas con tendencia acn\u00e9ica. Regula y controla el exceso de grasa caracter\u00edstico de estas pieles.","og_url":"https:\/\/dermamedk.es\/tr\/tienda\/facial\/piel-mixta-y-grasa\/crema-hidratante-oil-free\/","og_site_name":"Dermamedk","article_publisher":"https:\/\/www.facebook.com\/dermamedk","article_modified_time":"2023-09-19T16:48:27+00:00","og_image":[{"width":239,"height":333,"url":"https:\/\/dermamedk.es\/wp-content\/uploads\/2023\/04\/CREMA-HIDRATANTE-OIL-FREE.png","type":"image\/png"}],"twitter_card":"summary_large_image","twitter_misc":{"Tahmini okuma s\u00fcresi":"1 dakika"},"schema":{"@context":"https:\/\/schema.org","@graph":[{"@type":"WebPage","@id":"https:\/\/dermamedk.es\/tienda\/facial\/piel-mixta-y-grasa\/crema-hidratante-oil-free\/","url":"https:\/\/dermamedk.es\/tienda\/facial\/piel-mixta-y-grasa\/crema-hidratante-oil-free\/","name":"CREMA HIDRATANTE OIL-FREE - Dermamedk","isPartOf":{"@id":"https:\/\/dermamedk.es\/#website"},"primaryImageOfPage":{"@id":"https:\/\/dermamedk.es\/tienda\/facial\/piel-mixta-y-grasa\/crema-hidratante-oil-free\/#primaryimage"},"image":{"@id":"https:\/\/dermamedk.es\/tienda\/facial\/piel-mixta-y-grasa\/crema-hidratante-oil-free\/#primaryimage"},"thumbnailUrl":"https:\/\/dermamedk.es\/wp-content\/uploads\/2023\/04\/CREMA-HIDRATANTE-OIL-FREE.png","datePublished":"2023-04-26T16:40:05+00:00","dateModified":"2023-09-19T16:48:27+00:00","description":"CREMA HIDRATANTE OIL-FREE cuidado de las pieles mixtas-grasas con tendencia acn\u00e9ica. Regula y controla el exceso de grasa caracter\u00edstico de estas pieles.","breadcrumb":{"@id":"https:\/\/dermamedk.es\/tienda\/facial\/piel-mixta-y-grasa\/crema-hidratante-oil-free\/#breadcrumb"},"inLanguage":"tr","potentialAction":[{"@type":"ReadAction","target":["https:\/\/dermamedk.es\/tienda\/facial\/piel-mixta-y-grasa\/crema-hidratante-oil-free\/"]}]},{"@type":"ImageObject","inLanguage":"tr","@id":"https:\/\/dermamedk.es\/tienda\/facial\/piel-mixta-y-grasa\/crema-hidratante-oil-free\/#primaryimage","url":"https:\/\/dermamedk.es\/wp-content\/uploads\/2023\/04\/CREMA-HIDRATANTE-OIL-FREE.png","contentUrl":"https:\/\/dermamedk.es\/wp-content\/uploads\/2023\/04\/CREMA-HIDRATANTE-OIL-FREE.png","width":239,"height":333},{"@type":"BreadcrumbList","@id":"https:\/\/dermamedk.es\/tienda\/facial\/piel-mixta-y-grasa\/crema-hidratante-oil-free\/#breadcrumb","itemListElement":[{"@type":"ListItem","position":1,"name":"Home","item":"https:\/\/dermamedk.es\/"},{"@type":"ListItem","position":2,"name":"Tienda","item":"https:\/\/dermamedk.es\/tienda-dermamedk\/"},{"@type":"ListItem","position":3,"name":"CREMA HIDRATANTE OIL-FREE"}]},{"@type":"WebSite","@id":"https:\/\/dermamedk.es\/#website","url":"https:\/\/dermamedk.es\/","name":"DermamedK | La elecci\u00f3n perfecta para tu cuidado de la piel","description":"Lo mejor para el cuidado de tu piel","publisher":{"@id":"https:\/\/dermamedk.es\/#organization"},"potentialAction":[{"@type":"SearchAction","target":{"@type":"EntryPoint","urlTemplate":"https:\/\/dermamedk.es\/?s={search_term_string}"},"query-input":{"@type":"PropertyValueSpecification","valueRequired":true,"valueName":"search_term_string"}}],"inLanguage":"tr"},{"@type":"Organization","@id":"https:\/\/dermamedk.es\/#organization","name":"DermamedK | La elecci\u00f3n perfecta para tu cuidado de la piel","url":"https:\/\/dermamedk.es\/","logo":{"@type":"ImageObject","inLanguage":"tr","@id":"https:\/\/dermamedk.es\/#\/schema\/logo\/image\/","url":"https:\/\/dermamedk.es\/wp-content\/uploads\/2023\/04\/logo-150.webp","contentUrl":"https:\/\/dermamedk.es\/wp-content\/uploads\/2023\/04\/logo-150.webp","width":180,"height":212,"caption":"DermamedK | La elecci\u00f3n perfecta para tu cuidado de la piel"},"image":{"@id":"https:\/\/dermamedk.es\/#\/schema\/logo\/image\/"},"sameAs":["https:\/\/www.facebook.com\/dermamedk","https:\/\/www.instagram.com\/dermamedk\/"]}]}},"_links":{"self":[{"href":"https:\/\/dermamedk.es\/tr\/wp-json\/wp\/v2\/product\/920","targetHints":{"allow":["GET"]}}],"collection":[{"href":"https:\/\/dermamedk.es\/tr\/wp-json\/wp\/v2\/product"}],"about":[{"href":"https:\/\/dermamedk.es\/tr\/wp-json\/wp\/v2\/types\/product"}],"replies":[{"embeddable":true,"href":"https:\/\/dermamedk.es\/tr\/wp-json\/wp\/v2\/comments?post=920"}],"version-history":[{"count":2,"href":"https:\/\/dermamedk.es\/tr\/wp-json\/wp\/v2\/product\/920\/revisions"}],"predecessor-version":[{"id":1450,"href":"https:\/\/dermamedk.es\/tr\/wp-json\/wp\/v2\/product\/920\/revisions\/1450"}],"wp:featuredmedia":[{"embeddable":true,"href":"https:\/\/dermamedk.es\/tr\/wp-json\/wp\/v2\/media\/921"}],"wp:attachment":[{"href":"https:\/\/dermamedk.es\/tr\/wp-json\/wp\/v2\/media?parent=920"}],"wp:term":[{"taxonomy":"product_brand","embeddable":true,"href":"https:\/\/dermamedk.es\/tr\/wp-json\/wp\/v2\/product_brand?post=920"},{"taxonomy":"product_cat","embeddable":true,"href":"https:\/\/dermamedk.es\/tr\/wp-json\/wp\/v2\/product_cat?post=920"},{"taxonomy":"product_tag","embeddable":true,"href":"https:\/\/dermamedk.es\/tr\/wp-json\/wp\/v2\/product_tag?post=920"}],"curies":[{"name":"wp","href":"https:\/\/api.w.org\/{rel}","templated":true}]}}