 {"id":917,"date":"2023-04-26T16:32:40","date_gmt":"2023-04-26T16:32:40","guid":{"rendered":"https:\/\/dermamedk.es\/?post_type=product&#038;p=917"},"modified":"2024-03-01T14:19:54","modified_gmt":"2024-03-01T13:19:54","slug":"crema-antiarrugas-de-expresion","status":"publish","type":"product","link":"https:\/\/dermamedk.es\/tr\/tienda\/facial\/piel-mixta-y-grasa\/crema-antiarrugas-de-expresion\/","title":{"rendered":"KIRI\u015eIKLIK KAR\u015eITI KREM"},"content":{"rendered":"<p>KIRI\u015eIKLIK GEV\u015eETICI<\/p>\n<p>Ya\u015flanman\u0131n ana belirtileri i\u00e7in yo\u011fun bak\u0131m: antioksidan, yeniden \u0131s\u0131tma ve k\u0131r\u0131\u015f\u0131kl\u0131k \u00f6nleyici \u00f6zelliklere sahip asitlik ve ifade k\u0131r\u0131\u015f\u0131kl\u0131klar\u0131. Botulinum toksin tedavileri i\u00e7in ideal bak\u0131m tamamlay\u0131c\u0131s\u0131.<\/p>\n<p>Kullan\u0131m \u015fekli: Sabah ve ak\u015fam y\u00fcze yukar\u0131 do\u011fru nazik\u00e7e masaj yaparak, boyun ve dekolte b\u00f6lgesine ise a\u015fa\u011f\u0131 do\u011fru masaj yaparak uygulay\u0131n.<\/p>\n<p>Aktif bile\u015fenler: Matrixyl 3000\u00ae 4%, Argireline\u00ae 10%, Lactokine\u00ae 5%, Biyoaktif Polipeptitler (Sitokinler) 0.5%, Bidobacteria Lysate 0.5%, E Vitamini, Aloe Vera ve Do\u011fal Nemlendirici Fakt\u00f6r 3%.<\/p>\n<p>Sunum: 50 ml<\/p>\n<p>Ref: FCAE<\/p>","protected":false},"excerpt":{"rendered":"<p>DESCONTRACTURANTE DE ARRUGAS Cuidado intensivo de los principales signos del envejecimiento: la acidez y las arrugas de expresi\u00f3n con propiedades antioxidantes, rearmantes y antiarrugas. Complemento ideal de mantenimiento de tratamientos con toxina botul\u00edmica. Modo de empleo: Aplicar por la ma\u00f1ana y por la noche con un suave masaje ascendente en el rostro y descendente en [&hellip;]<\/p>","protected":false},"featured_media":918,"comment_status":"open","ping_status":"closed","template":"","meta":[],"product_brand":[],"product_cat":[18,24,30,43],"product_tag":[],"class_list":{"0":"post-917","1":"product","2":"type-product","3":"status-publish","4":"has-post-thumbnail","6":"product_cat-tienda","7":"product_cat-facial","8":"product_cat-piel-mixta-y-grasa","9":"product_cat-productos-cosmetologicos","11":"first","12":"instock","13":"taxable","14":"shipping-taxable","15":"purchasable","16":"product-type-simple"},"yoast_head":"<!-- This site is optimized with the Yoast SEO plugin v23.8 - https:\/\/yoast.com\/wordpress\/plugins\/seo\/ -->\n<title>CREMA ANTIARRUGAS DE EXPRESI\u00d3N - Dermamedk<\/title>\n<meta name=\"description\" content=\"CREMA ANTIARRUGAS DE EXPRESI\u00d3N cuidado de los principales signos del envejecimiento: la acidez y las arrugas de expresi\u00f3n con propiedades antioxidantes.\" \/>\n<meta name=\"robots\" content=\"index, follow, max-snippet:-1, max-image-preview:large, max-video-preview:-1\" \/>\n<link rel=\"canonical\" href=\"https:\/\/dermamedk.es\/tr\/tienda\/facial\/piel-mixta-y-grasa\/crema-antiarrugas-de-expresion\/\" \/>\n<meta property=\"og:locale\" content=\"tr_TR\" \/>\n<meta property=\"og:type\" content=\"article\" \/>\n<meta property=\"og:title\" content=\"CREMA ANTIARRUGAS DE EXPRESI\u00d3N - Dermamedk\" \/>\n<meta property=\"og:description\" content=\"CREMA ANTIARRUGAS DE EXPRESI\u00d3N cuidado de los principales signos del envejecimiento: la acidez y las arrugas de expresi\u00f3n con propiedades antioxidantes.\" \/>\n<meta property=\"og:url\" content=\"https:\/\/dermamedk.es\/tr\/tienda\/facial\/piel-mixta-y-grasa\/crema-antiarrugas-de-expresion\/\" \/>\n<meta property=\"og:site_name\" content=\"Dermamedk\" \/>\n<meta property=\"article:publisher\" content=\"https:\/\/www.facebook.com\/dermamedk\" \/>\n<meta property=\"article:modified_time\" content=\"2024-03-01T13:19:54+00:00\" \/>\n<meta property=\"og:image\" content=\"https:\/\/dermamedk.es\/wp-content\/uploads\/2023\/04\/CREMA-ANTIARRUGAS-DE-EXPRESIoN.png\" \/>\n\t<meta property=\"og:image:width\" content=\"318\" \/>\n\t<meta property=\"og:image:height\" content=\"332\" \/>\n\t<meta property=\"og:image:type\" content=\"image\/png\" \/>\n<meta name=\"twitter:card\" content=\"summary_large_image\" \/>\n<meta name=\"twitter:label1\" content=\"Tahmini okuma s\u00fcresi\" \/>\n\t<meta name=\"twitter:data1\" content=\"1 dakika\" \/>\n<script type=\"application\/ld+json\" class=\"yoast-schema-graph\">{\"@context\":\"https:\/\/schema.org\",\"@graph\":[{\"@type\":\"WebPage\",\"@id\":\"https:\/\/dermamedk.es\/tienda\/facial\/piel-mixta-y-grasa\/crema-antiarrugas-de-expresion\/\",\"url\":\"https:\/\/dermamedk.es\/tienda\/facial\/piel-mixta-y-grasa\/crema-antiarrugas-de-expresion\/\",\"name\":\"CREMA ANTIARRUGAS DE EXPRESI\u00d3N - Dermamedk\",\"isPartOf\":{\"@id\":\"https:\/\/dermamedk.es\/#website\"},\"primaryImageOfPage\":{\"@id\":\"https:\/\/dermamedk.es\/tienda\/facial\/piel-mixta-y-grasa\/crema-antiarrugas-de-expresion\/#primaryimage\"},\"image\":{\"@id\":\"https:\/\/dermamedk.es\/tienda\/facial\/piel-mixta-y-grasa\/crema-antiarrugas-de-expresion\/#primaryimage\"},\"thumbnailUrl\":\"https:\/\/dermamedk.es\/wp-content\/uploads\/2023\/04\/CREMA-ANTIARRUGAS-DE-EXPRESIoN.png\",\"datePublished\":\"2023-04-26T16:32:40+00:00\",\"dateModified\":\"2024-03-01T13:19:54+00:00\",\"description\":\"CREMA ANTIARRUGAS DE EXPRESI\u00d3N cuidado de los principales signos del envejecimiento: la acidez y las arrugas de expresi\u00f3n con propiedades antioxidantes.\",\"breadcrumb\":{\"@id\":\"https:\/\/dermamedk.es\/tienda\/facial\/piel-mixta-y-grasa\/crema-antiarrugas-de-expresion\/#breadcrumb\"},\"inLanguage\":\"tr\",\"potentialAction\":[{\"@type\":\"ReadAction\",\"target\":[\"https:\/\/dermamedk.es\/tienda\/facial\/piel-mixta-y-grasa\/crema-antiarrugas-de-expresion\/\"]}]},{\"@type\":\"ImageObject\",\"inLanguage\":\"tr\",\"@id\":\"https:\/\/dermamedk.es\/tienda\/facial\/piel-mixta-y-grasa\/crema-antiarrugas-de-expresion\/#primaryimage\",\"url\":\"https:\/\/dermamedk.es\/wp-content\/uploads\/2023\/04\/CREMA-ANTIARRUGAS-DE-EXPRESIoN.png\",\"contentUrl\":\"https:\/\/dermamedk.es\/wp-content\/uploads\/2023\/04\/CREMA-ANTIARRUGAS-DE-EXPRESIoN.png\",\"width\":318,\"height\":332},{\"@type\":\"BreadcrumbList\",\"@id\":\"https:\/\/dermamedk.es\/tienda\/facial\/piel-mixta-y-grasa\/crema-antiarrugas-de-expresion\/#breadcrumb\",\"itemListElement\":[{\"@type\":\"ListItem\",\"position\":1,\"name\":\"Home\",\"item\":\"https:\/\/dermamedk.es\/\"},{\"@type\":\"ListItem\",\"position\":2,\"name\":\"Tienda\",\"item\":\"https:\/\/dermamedk.es\/tienda-dermamedk\/\"},{\"@type\":\"ListItem\",\"position\":3,\"name\":\"CREMA ANTIARRUGAS DE EXPRESI\u00d3N\"}]},{\"@type\":\"WebSite\",\"@id\":\"https:\/\/dermamedk.es\/#website\",\"url\":\"https:\/\/dermamedk.es\/\",\"name\":\"DermamedK | La elecci\u00f3n perfecta para tu cuidado de la piel\",\"description\":\"Lo mejor para el cuidado de tu piel\",\"publisher\":{\"@id\":\"https:\/\/dermamedk.es\/#organization\"},\"potentialAction\":[{\"@type\":\"SearchAction\",\"target\":{\"@type\":\"EntryPoint\",\"urlTemplate\":\"https:\/\/dermamedk.es\/?s={search_term_string}\"},\"query-input\":{\"@type\":\"PropertyValueSpecification\",\"valueRequired\":true,\"valueName\":\"search_term_string\"}}],\"inLanguage\":\"tr\"},{\"@type\":\"Organization\",\"@id\":\"https:\/\/dermamedk.es\/#organization\",\"name\":\"DermamedK | La elecci\u00f3n perfecta para tu cuidado de la piel\",\"url\":\"https:\/\/dermamedk.es\/\",\"logo\":{\"@type\":\"ImageObject\",\"inLanguage\":\"tr\",\"@id\":\"https:\/\/dermamedk.es\/#\/schema\/logo\/image\/\",\"url\":\"https:\/\/dermamedk.es\/wp-content\/uploads\/2023\/04\/logo-150.webp\",\"contentUrl\":\"https:\/\/dermamedk.es\/wp-content\/uploads\/2023\/04\/logo-150.webp\",\"width\":180,\"height\":212,\"caption\":\"DermamedK | La elecci\u00f3n perfecta para tu cuidado de la piel\"},\"image\":{\"@id\":\"https:\/\/dermamedk.es\/#\/schema\/logo\/image\/\"},\"sameAs\":[\"https:\/\/www.facebook.com\/dermamedk\",\"https:\/\/www.instagram.com\/dermamedk\/\"]}]}<\/script>\n<!-- \/ Yoast SEO plugin. -->","yoast_head_json":{"title":"CREMA ANTIARRUGAS DE EXPRESI\u00d3N - Dermamedk","description":"CREMA ANTIARRUGAS DE EXPRESI\u00d3N cuidado de los principales signos del envejecimiento: la acidez y las arrugas de expresi\u00f3n con propiedades antioxidantes.","robots":{"index":"index","follow":"follow","max-snippet":"max-snippet:-1","max-image-preview":"max-image-preview:large","max-video-preview":"max-video-preview:-1"},"canonical":"https:\/\/dermamedk.es\/tr\/tienda\/facial\/piel-mixta-y-grasa\/crema-antiarrugas-de-expresion\/","og_locale":"tr_TR","og_type":"article","og_title":"CREMA ANTIARRUGAS DE EXPRESI\u00d3N - Dermamedk","og_description":"CREMA ANTIARRUGAS DE EXPRESI\u00d3N cuidado de los principales signos del envejecimiento: la acidez y las arrugas de expresi\u00f3n con propiedades antioxidantes.","og_url":"https:\/\/dermamedk.es\/tr\/tienda\/facial\/piel-mixta-y-grasa\/crema-antiarrugas-de-expresion\/","og_site_name":"Dermamedk","article_publisher":"https:\/\/www.facebook.com\/dermamedk","article_modified_time":"2024-03-01T13:19:54+00:00","og_image":[{"width":318,"height":332,"url":"https:\/\/dermamedk.es\/wp-content\/uploads\/2023\/04\/CREMA-ANTIARRUGAS-DE-EXPRESIoN.png","type":"image\/png"}],"twitter_card":"summary_large_image","twitter_misc":{"Tahmini okuma s\u00fcresi":"1 dakika"},"schema":{"@context":"https:\/\/schema.org","@graph":[{"@type":"WebPage","@id":"https:\/\/dermamedk.es\/tienda\/facial\/piel-mixta-y-grasa\/crema-antiarrugas-de-expresion\/","url":"https:\/\/dermamedk.es\/tienda\/facial\/piel-mixta-y-grasa\/crema-antiarrugas-de-expresion\/","name":"CREMA ANTIARRUGAS DE EXPRESI\u00d3N - Dermamedk","isPartOf":{"@id":"https:\/\/dermamedk.es\/#website"},"primaryImageOfPage":{"@id":"https:\/\/dermamedk.es\/tienda\/facial\/piel-mixta-y-grasa\/crema-antiarrugas-de-expresion\/#primaryimage"},"image":{"@id":"https:\/\/dermamedk.es\/tienda\/facial\/piel-mixta-y-grasa\/crema-antiarrugas-de-expresion\/#primaryimage"},"thumbnailUrl":"https:\/\/dermamedk.es\/wp-content\/uploads\/2023\/04\/CREMA-ANTIARRUGAS-DE-EXPRESIoN.png","datePublished":"2023-04-26T16:32:40+00:00","dateModified":"2024-03-01T13:19:54+00:00","description":"CREMA ANTIARRUGAS DE EXPRESI\u00d3N cuidado de los principales signos del envejecimiento: la acidez y las arrugas de expresi\u00f3n con propiedades antioxidantes.","breadcrumb":{"@id":"https:\/\/dermamedk.es\/tienda\/facial\/piel-mixta-y-grasa\/crema-antiarrugas-de-expresion\/#breadcrumb"},"inLanguage":"tr","potentialAction":[{"@type":"ReadAction","target":["https:\/\/dermamedk.es\/tienda\/facial\/piel-mixta-y-grasa\/crema-antiarrugas-de-expresion\/"]}]},{"@type":"ImageObject","inLanguage":"tr","@id":"https:\/\/dermamedk.es\/tienda\/facial\/piel-mixta-y-grasa\/crema-antiarrugas-de-expresion\/#primaryimage","url":"https:\/\/dermamedk.es\/wp-content\/uploads\/2023\/04\/CREMA-ANTIARRUGAS-DE-EXPRESIoN.png","contentUrl":"https:\/\/dermamedk.es\/wp-content\/uploads\/2023\/04\/CREMA-ANTIARRUGAS-DE-EXPRESIoN.png","width":318,"height":332},{"@type":"BreadcrumbList","@id":"https:\/\/dermamedk.es\/tienda\/facial\/piel-mixta-y-grasa\/crema-antiarrugas-de-expresion\/#breadcrumb","itemListElement":[{"@type":"ListItem","position":1,"name":"Home","item":"https:\/\/dermamedk.es\/"},{"@type":"ListItem","position":2,"name":"Tienda","item":"https:\/\/dermamedk.es\/tienda-dermamedk\/"},{"@type":"ListItem","position":3,"name":"CREMA ANTIARRUGAS DE EXPRESI\u00d3N"}]},{"@type":"WebSite","@id":"https:\/\/dermamedk.es\/#website","url":"https:\/\/dermamedk.es\/","name":"DermamedK | La elecci\u00f3n perfecta para tu cuidado de la piel","description":"Lo mejor para el cuidado de tu piel","publisher":{"@id":"https:\/\/dermamedk.es\/#organization"},"potentialAction":[{"@type":"SearchAction","target":{"@type":"EntryPoint","urlTemplate":"https:\/\/dermamedk.es\/?s={search_term_string}"},"query-input":{"@type":"PropertyValueSpecification","valueRequired":true,"valueName":"search_term_string"}}],"inLanguage":"tr"},{"@type":"Organization","@id":"https:\/\/dermamedk.es\/#organization","name":"DermamedK | La elecci\u00f3n perfecta para tu cuidado de la piel","url":"https:\/\/dermamedk.es\/","logo":{"@type":"ImageObject","inLanguage":"tr","@id":"https:\/\/dermamedk.es\/#\/schema\/logo\/image\/","url":"https:\/\/dermamedk.es\/wp-content\/uploads\/2023\/04\/logo-150.webp","contentUrl":"https:\/\/dermamedk.es\/wp-content\/uploads\/2023\/04\/logo-150.webp","width":180,"height":212,"caption":"DermamedK | La elecci\u00f3n perfecta para tu cuidado de la piel"},"image":{"@id":"https:\/\/dermamedk.es\/#\/schema\/logo\/image\/"},"sameAs":["https:\/\/www.facebook.com\/dermamedk","https:\/\/www.instagram.com\/dermamedk\/"]}]}},"_links":{"self":[{"href":"https:\/\/dermamedk.es\/tr\/wp-json\/wp\/v2\/product\/917","targetHints":{"allow":["GET"]}}],"collection":[{"href":"https:\/\/dermamedk.es\/tr\/wp-json\/wp\/v2\/product"}],"about":[{"href":"https:\/\/dermamedk.es\/tr\/wp-json\/wp\/v2\/types\/product"}],"replies":[{"embeddable":true,"href":"https:\/\/dermamedk.es\/tr\/wp-json\/wp\/v2\/comments?post=917"}],"version-history":[{"count":1,"href":"https:\/\/dermamedk.es\/tr\/wp-json\/wp\/v2\/product\/917\/revisions"}],"predecessor-version":[{"id":919,"href":"https:\/\/dermamedk.es\/tr\/wp-json\/wp\/v2\/product\/917\/revisions\/919"}],"wp:featuredmedia":[{"embeddable":true,"href":"https:\/\/dermamedk.es\/tr\/wp-json\/wp\/v2\/media\/918"}],"wp:attachment":[{"href":"https:\/\/dermamedk.es\/tr\/wp-json\/wp\/v2\/media?parent=917"}],"wp:term":[{"taxonomy":"product_brand","embeddable":true,"href":"https:\/\/dermamedk.es\/tr\/wp-json\/wp\/v2\/product_brand?post=917"},{"taxonomy":"product_cat","embeddable":true,"href":"https:\/\/dermamedk.es\/tr\/wp-json\/wp\/v2\/product_cat?post=917"},{"taxonomy":"product_tag","embeddable":true,"href":"https:\/\/dermamedk.es\/tr\/wp-json\/wp\/v2\/product_tag?post=917"}],"curies":[{"name":"wp","href":"https:\/\/api.w.org\/{rel}","templated":true}]}}