 {"id":903,"date":"2023-04-26T16:08:20","date_gmt":"2023-04-26T16:08:20","guid":{"rendered":"https:\/\/dermamedk.es\/?post_type=product&#038;p=903"},"modified":"2025-02-07T00:47:19","modified_gmt":"2025-02-06T23:47:19","slug":"crema-antiarrugas-dia","status":"publish","type":"product","link":"https:\/\/dermamedk.es\/tr\/tienda\/facial\/piel-seca-muy-seca-o-madura\/crema-antiarrugas-dia\/","title":{"rendered":"KIRI\u015eIKLIK KAR\u015eITI G\u00dcND\u00dcZ KREMI"},"content":{"rendered":"<p>KIRI\u015eIKLIK KAR\u015eITI G\u00dcN \u015eOKU<br \/>\nG\u00fcn i\u00e7indeki ifade k\u0131r\u0131\u015f\u0131kl\u0131klar\u0131 i\u00e7in \u00f6zel g\u00fcnd\u00fcz \u015fok tedavisi.  \u0130kili bir ya\u015flanma kar\u015f\u0131t\u0131 tedavi olu\u015fturmak i\u00e7in Anti-Aging Plus Gece Kremi ile birlikte uygulay\u0131n, k\u0131r\u0131\u015f\u0131kl\u0131klar\u0131n derinli\u011fini azaltan ve cilt p\u00fcr\u00fczl\u00fcl\u00fc\u011f\u00fcn\u00fc iyile\u015ftiren cildin an\u0131nda yenilenmesini sa\u011flay\u0131n.<\/p>\n<p>Kullan\u0131m \u015fekli: Sabahlar\u0131 y\u00fcz, boyun ve dekolte b\u00f6lgesine nazik\u00e7e masaj yaparak uygulay\u0131n. Her zaman tavsiye ediyoruz<br \/>\nard\u0131ndan g\u00fcnl\u00fck olarak maksimum g\u00fcne\u015f korumas\u0131 uygulay\u0131n.<\/p>\n<p>Aktif i\u00e7erikler: Koenzim Q-10 0.1%, Matrixyl 3000 \u00ae 3%, Lipozomal \u0130zoavonlar 5%, S\u00fcperoksit Dismutaz 0.25%, Bisabolol 1%, Hammamelis 10%, Aloe Vera, Vitamin E ve Amonyum Glycyrrhizinate 1%.<\/p>\n<p>Sunum: 50 ml<\/p>\n<p>Ref: FCAD<\/p>","protected":false},"excerpt":{"rendered":"<p>ANTIRRUGAS CHOQUE DE D\u00cdA Tratamiento diurno espec\u00edfico de choque para las arrugas de expresi\u00f3n por el d\u00eda.\u00a0 Aplicar con Crema Antiaging Plus Night para crear un tratamiento dual antienvejecimiento, obteniendo una reedificaci\u00f3n inmediata de la piel que disminuye la profundidad de las arrugas y mejora la aspereza cut\u00e1nea. Modo de empleo: Aplicar por la ma\u00f1ana [&hellip;]<\/p>","protected":false},"featured_media":904,"comment_status":"open","ping_status":"closed","template":"","meta":[],"product_brand":[],"product_cat":[18,24,29,43],"product_tag":[],"class_list":{"0":"post-903","1":"product","2":"type-product","3":"status-publish","4":"has-post-thumbnail","6":"product_cat-tienda","7":"product_cat-facial","8":"product_cat-piel-seca-muy-seca-o-madura","9":"product_cat-productos-cosmetologicos","11":"first","12":"instock","13":"taxable","14":"shipping-taxable","15":"purchasable","16":"product-type-simple"},"yoast_head":"<!-- This site is optimized with the Yoast SEO plugin v23.8 - https:\/\/yoast.com\/wordpress\/plugins\/seo\/ -->\n<title>CREMA ANTIARRUGAS D\u00cdA - Dermamedk<\/title>\n<meta name=\"description\" content=\"CREMA ANTIARRUGAS D\u00cdA Tratamiento diurno espec\u00edfico de choque para las arrugas de expresi\u00f3n por el d\u00eda.\u00a0 Aplicar con Crema Antiaging Plus Night\" \/>\n<meta name=\"robots\" content=\"index, follow, max-snippet:-1, max-image-preview:large, max-video-preview:-1\" \/>\n<link rel=\"canonical\" href=\"https:\/\/dermamedk.es\/tr\/tienda\/facial\/piel-seca-muy-seca-o-madura\/crema-antiarrugas-dia\/\" \/>\n<meta property=\"og:locale\" content=\"tr_TR\" \/>\n<meta property=\"og:type\" content=\"article\" \/>\n<meta property=\"og:title\" content=\"CREMA ANTIARRUGAS D\u00cdA - Dermamedk\" \/>\n<meta property=\"og:description\" content=\"CREMA ANTIARRUGAS D\u00cdA Tratamiento diurno espec\u00edfico de choque para las arrugas de expresi\u00f3n por el d\u00eda.\u00a0 Aplicar con Crema Antiaging Plus Night\" \/>\n<meta property=\"og:url\" content=\"https:\/\/dermamedk.es\/tr\/tienda\/facial\/piel-seca-muy-seca-o-madura\/crema-antiarrugas-dia\/\" \/>\n<meta property=\"og:site_name\" content=\"Dermamedk\" \/>\n<meta property=\"article:publisher\" content=\"https:\/\/www.facebook.com\/dermamedk\" \/>\n<meta property=\"article:modified_time\" content=\"2025-02-06T23:47:19+00:00\" \/>\n<meta property=\"og:image\" content=\"https:\/\/dermamedk.es\/wp-content\/uploads\/2023\/04\/Antiarrugas-choque-de-dia.png\" \/>\n\t<meta property=\"og:image:width\" content=\"266\" \/>\n\t<meta property=\"og:image:height\" content=\"371\" \/>\n\t<meta property=\"og:image:type\" content=\"image\/png\" \/>\n<meta name=\"twitter:card\" content=\"summary_large_image\" \/>\n<meta name=\"twitter:label1\" content=\"Tahmini okuma s\u00fcresi\" \/>\n\t<meta name=\"twitter:data1\" content=\"1 dakika\" \/>\n<script type=\"application\/ld+json\" class=\"yoast-schema-graph\">{\"@context\":\"https:\/\/schema.org\",\"@graph\":[{\"@type\":\"WebPage\",\"@id\":\"https:\/\/dermamedk.es\/tienda\/facial\/piel-seca-muy-seca-o-madura\/crema-antiarrugas-dia\/\",\"url\":\"https:\/\/dermamedk.es\/tienda\/facial\/piel-seca-muy-seca-o-madura\/crema-antiarrugas-dia\/\",\"name\":\"CREMA ANTIARRUGAS D\u00cdA - Dermamedk\",\"isPartOf\":{\"@id\":\"https:\/\/dermamedk.es\/#website\"},\"primaryImageOfPage\":{\"@id\":\"https:\/\/dermamedk.es\/tienda\/facial\/piel-seca-muy-seca-o-madura\/crema-antiarrugas-dia\/#primaryimage\"},\"image\":{\"@id\":\"https:\/\/dermamedk.es\/tienda\/facial\/piel-seca-muy-seca-o-madura\/crema-antiarrugas-dia\/#primaryimage\"},\"thumbnailUrl\":\"https:\/\/dermamedk.es\/wp-content\/uploads\/2023\/04\/Antiarrugas-choque-de-dia.png\",\"datePublished\":\"2023-04-26T16:08:20+00:00\",\"dateModified\":\"2025-02-06T23:47:19+00:00\",\"description\":\"CREMA ANTIARRUGAS D\u00cdA Tratamiento diurno espec\u00edfico de choque para las arrugas de expresi\u00f3n por el d\u00eda.\u00a0 Aplicar con Crema Antiaging Plus Night\",\"breadcrumb\":{\"@id\":\"https:\/\/dermamedk.es\/tienda\/facial\/piel-seca-muy-seca-o-madura\/crema-antiarrugas-dia\/#breadcrumb\"},\"inLanguage\":\"tr\",\"potentialAction\":[{\"@type\":\"ReadAction\",\"target\":[\"https:\/\/dermamedk.es\/tienda\/facial\/piel-seca-muy-seca-o-madura\/crema-antiarrugas-dia\/\"]}]},{\"@type\":\"ImageObject\",\"inLanguage\":\"tr\",\"@id\":\"https:\/\/dermamedk.es\/tienda\/facial\/piel-seca-muy-seca-o-madura\/crema-antiarrugas-dia\/#primaryimage\",\"url\":\"https:\/\/dermamedk.es\/wp-content\/uploads\/2023\/04\/Antiarrugas-choque-de-dia.png\",\"contentUrl\":\"https:\/\/dermamedk.es\/wp-content\/uploads\/2023\/04\/Antiarrugas-choque-de-dia.png\",\"width\":266,\"height\":371},{\"@type\":\"BreadcrumbList\",\"@id\":\"https:\/\/dermamedk.es\/tienda\/facial\/piel-seca-muy-seca-o-madura\/crema-antiarrugas-dia\/#breadcrumb\",\"itemListElement\":[{\"@type\":\"ListItem\",\"position\":1,\"name\":\"Home\",\"item\":\"https:\/\/dermamedk.es\/\"},{\"@type\":\"ListItem\",\"position\":2,\"name\":\"Tienda\",\"item\":\"https:\/\/dermamedk.es\/tienda-dermamedk\/\"},{\"@type\":\"ListItem\",\"position\":3,\"name\":\"CREMA ANTIARRUGAS D\u00cdA\"}]},{\"@type\":\"WebSite\",\"@id\":\"https:\/\/dermamedk.es\/#website\",\"url\":\"https:\/\/dermamedk.es\/\",\"name\":\"DermamedK | La elecci\u00f3n perfecta para tu cuidado de la piel\",\"description\":\"Lo mejor para el cuidado de tu piel\",\"publisher\":{\"@id\":\"https:\/\/dermamedk.es\/#organization\"},\"potentialAction\":[{\"@type\":\"SearchAction\",\"target\":{\"@type\":\"EntryPoint\",\"urlTemplate\":\"https:\/\/dermamedk.es\/?s={search_term_string}\"},\"query-input\":{\"@type\":\"PropertyValueSpecification\",\"valueRequired\":true,\"valueName\":\"search_term_string\"}}],\"inLanguage\":\"tr\"},{\"@type\":\"Organization\",\"@id\":\"https:\/\/dermamedk.es\/#organization\",\"name\":\"DermamedK | La elecci\u00f3n perfecta para tu cuidado de la piel\",\"url\":\"https:\/\/dermamedk.es\/\",\"logo\":{\"@type\":\"ImageObject\",\"inLanguage\":\"tr\",\"@id\":\"https:\/\/dermamedk.es\/#\/schema\/logo\/image\/\",\"url\":\"https:\/\/dermamedk.es\/wp-content\/uploads\/2023\/04\/logo-150.webp\",\"contentUrl\":\"https:\/\/dermamedk.es\/wp-content\/uploads\/2023\/04\/logo-150.webp\",\"width\":180,\"height\":212,\"caption\":\"DermamedK | La elecci\u00f3n perfecta para tu cuidado de la piel\"},\"image\":{\"@id\":\"https:\/\/dermamedk.es\/#\/schema\/logo\/image\/\"},\"sameAs\":[\"https:\/\/www.facebook.com\/dermamedk\",\"https:\/\/www.instagram.com\/dermamedk\/\"]}]}<\/script>\n<!-- \/ Yoast SEO plugin. -->","yoast_head_json":{"title":"CREMA ANTIARRUGAS D\u00cdA - Dermamedk","description":"CREMA ANTIARRUGAS D\u00cdA Tratamiento diurno espec\u00edfico de choque para las arrugas de expresi\u00f3n por el d\u00eda.\u00a0 Aplicar con Crema Antiaging Plus Night","robots":{"index":"index","follow":"follow","max-snippet":"max-snippet:-1","max-image-preview":"max-image-preview:large","max-video-preview":"max-video-preview:-1"},"canonical":"https:\/\/dermamedk.es\/tr\/tienda\/facial\/piel-seca-muy-seca-o-madura\/crema-antiarrugas-dia\/","og_locale":"tr_TR","og_type":"article","og_title":"CREMA ANTIARRUGAS D\u00cdA - Dermamedk","og_description":"CREMA ANTIARRUGAS D\u00cdA Tratamiento diurno espec\u00edfico de choque para las arrugas de expresi\u00f3n por el d\u00eda.\u00a0 Aplicar con Crema Antiaging Plus Night","og_url":"https:\/\/dermamedk.es\/tr\/tienda\/facial\/piel-seca-muy-seca-o-madura\/crema-antiarrugas-dia\/","og_site_name":"Dermamedk","article_publisher":"https:\/\/www.facebook.com\/dermamedk","article_modified_time":"2025-02-06T23:47:19+00:00","og_image":[{"width":266,"height":371,"url":"https:\/\/dermamedk.es\/wp-content\/uploads\/2023\/04\/Antiarrugas-choque-de-dia.png","type":"image\/png"}],"twitter_card":"summary_large_image","twitter_misc":{"Tahmini okuma s\u00fcresi":"1 dakika"},"schema":{"@context":"https:\/\/schema.org","@graph":[{"@type":"WebPage","@id":"https:\/\/dermamedk.es\/tienda\/facial\/piel-seca-muy-seca-o-madura\/crema-antiarrugas-dia\/","url":"https:\/\/dermamedk.es\/tienda\/facial\/piel-seca-muy-seca-o-madura\/crema-antiarrugas-dia\/","name":"CREMA ANTIARRUGAS D\u00cdA - Dermamedk","isPartOf":{"@id":"https:\/\/dermamedk.es\/#website"},"primaryImageOfPage":{"@id":"https:\/\/dermamedk.es\/tienda\/facial\/piel-seca-muy-seca-o-madura\/crema-antiarrugas-dia\/#primaryimage"},"image":{"@id":"https:\/\/dermamedk.es\/tienda\/facial\/piel-seca-muy-seca-o-madura\/crema-antiarrugas-dia\/#primaryimage"},"thumbnailUrl":"https:\/\/dermamedk.es\/wp-content\/uploads\/2023\/04\/Antiarrugas-choque-de-dia.png","datePublished":"2023-04-26T16:08:20+00:00","dateModified":"2025-02-06T23:47:19+00:00","description":"CREMA ANTIARRUGAS D\u00cdA Tratamiento diurno espec\u00edfico de choque para las arrugas de expresi\u00f3n por el d\u00eda.\u00a0 Aplicar con Crema Antiaging Plus Night","breadcrumb":{"@id":"https:\/\/dermamedk.es\/tienda\/facial\/piel-seca-muy-seca-o-madura\/crema-antiarrugas-dia\/#breadcrumb"},"inLanguage":"tr","potentialAction":[{"@type":"ReadAction","target":["https:\/\/dermamedk.es\/tienda\/facial\/piel-seca-muy-seca-o-madura\/crema-antiarrugas-dia\/"]}]},{"@type":"ImageObject","inLanguage":"tr","@id":"https:\/\/dermamedk.es\/tienda\/facial\/piel-seca-muy-seca-o-madura\/crema-antiarrugas-dia\/#primaryimage","url":"https:\/\/dermamedk.es\/wp-content\/uploads\/2023\/04\/Antiarrugas-choque-de-dia.png","contentUrl":"https:\/\/dermamedk.es\/wp-content\/uploads\/2023\/04\/Antiarrugas-choque-de-dia.png","width":266,"height":371},{"@type":"BreadcrumbList","@id":"https:\/\/dermamedk.es\/tienda\/facial\/piel-seca-muy-seca-o-madura\/crema-antiarrugas-dia\/#breadcrumb","itemListElement":[{"@type":"ListItem","position":1,"name":"Home","item":"https:\/\/dermamedk.es\/"},{"@type":"ListItem","position":2,"name":"Tienda","item":"https:\/\/dermamedk.es\/tienda-dermamedk\/"},{"@type":"ListItem","position":3,"name":"CREMA ANTIARRUGAS D\u00cdA"}]},{"@type":"WebSite","@id":"https:\/\/dermamedk.es\/#website","url":"https:\/\/dermamedk.es\/","name":"DermamedK | La elecci\u00f3n perfecta para tu cuidado de la piel","description":"Lo mejor para el cuidado de tu piel","publisher":{"@id":"https:\/\/dermamedk.es\/#organization"},"potentialAction":[{"@type":"SearchAction","target":{"@type":"EntryPoint","urlTemplate":"https:\/\/dermamedk.es\/?s={search_term_string}"},"query-input":{"@type":"PropertyValueSpecification","valueRequired":true,"valueName":"search_term_string"}}],"inLanguage":"tr"},{"@type":"Organization","@id":"https:\/\/dermamedk.es\/#organization","name":"DermamedK | La elecci\u00f3n perfecta para tu cuidado de la piel","url":"https:\/\/dermamedk.es\/","logo":{"@type":"ImageObject","inLanguage":"tr","@id":"https:\/\/dermamedk.es\/#\/schema\/logo\/image\/","url":"https:\/\/dermamedk.es\/wp-content\/uploads\/2023\/04\/logo-150.webp","contentUrl":"https:\/\/dermamedk.es\/wp-content\/uploads\/2023\/04\/logo-150.webp","width":180,"height":212,"caption":"DermamedK | La elecci\u00f3n perfecta para tu cuidado de la piel"},"image":{"@id":"https:\/\/dermamedk.es\/#\/schema\/logo\/image\/"},"sameAs":["https:\/\/www.facebook.com\/dermamedk","https:\/\/www.instagram.com\/dermamedk\/"]}]}},"_links":{"self":[{"href":"https:\/\/dermamedk.es\/tr\/wp-json\/wp\/v2\/product\/903","targetHints":{"allow":["GET"]}}],"collection":[{"href":"https:\/\/dermamedk.es\/tr\/wp-json\/wp\/v2\/product"}],"about":[{"href":"https:\/\/dermamedk.es\/tr\/wp-json\/wp\/v2\/types\/product"}],"replies":[{"embeddable":true,"href":"https:\/\/dermamedk.es\/tr\/wp-json\/wp\/v2\/comments?post=903"}],"version-history":[{"count":3,"href":"https:\/\/dermamedk.es\/tr\/wp-json\/wp\/v2\/product\/903\/revisions"}],"predecessor-version":[{"id":1441,"href":"https:\/\/dermamedk.es\/tr\/wp-json\/wp\/v2\/product\/903\/revisions\/1441"}],"wp:featuredmedia":[{"embeddable":true,"href":"https:\/\/dermamedk.es\/tr\/wp-json\/wp\/v2\/media\/904"}],"wp:attachment":[{"href":"https:\/\/dermamedk.es\/tr\/wp-json\/wp\/v2\/media?parent=903"}],"wp:term":[{"taxonomy":"product_brand","embeddable":true,"href":"https:\/\/dermamedk.es\/tr\/wp-json\/wp\/v2\/product_brand?post=903"},{"taxonomy":"product_cat","embeddable":true,"href":"https:\/\/dermamedk.es\/tr\/wp-json\/wp\/v2\/product_cat?post=903"},{"taxonomy":"product_tag","embeddable":true,"href":"https:\/\/dermamedk.es\/tr\/wp-json\/wp\/v2\/product_tag?post=903"}],"curies":[{"name":"wp","href":"https:\/\/api.w.org\/{rel}","templated":true}]}}