 {"id":900,"date":"2023-04-26T16:01:15","date_gmt":"2023-04-26T16:01:15","guid":{"rendered":"https:\/\/dermamedk.es\/?post_type=product&#038;p=900"},"modified":"2023-09-19T18:48:52","modified_gmt":"2023-09-19T16:48:52","slug":"crema-hidratante-facial-30","status":"publish","type":"product","link":"https:\/\/dermamedk.es\/tr\/tienda\/facial\/piel-normal-seca-y-sensible\/crema-hidratante-facial-30\/","title":{"rendered":"Y\u00dcZ NEMLENDIRICISI 30"},"content":{"rendered":"<p>HYDRONUTRITION + G\u00dcNE\u015e KORUMA<br \/>\nFACIAL MOISTURISING CREAM 30 normal, kuru, ya\u015flanm\u0131\u015f ve hatta en hassas ciltlerde g\u00fcnl\u00fck kullan\u0131m i\u00e7in g\u00fcne\u015f korumal\u0131 tam bir nemlendirici kremdir. Cildi d\u0131\u015f etkenlerden ve ya\u015flanmadan korumak i\u00e7in gerekli ve \u00f6zel besinlerin yan\u0131 s\u0131ra cildi g\u00fcne\u015f radyasyonunun olumsuz etkilerinden aktif olarak koruyan geni\u015f spektrumlu bir g\u00fcne\u015f filtresi sa\u011flar.<\/p>\n<p>Yumu\u015fakl\u0131k ve 12 saat s\u00fcren rahatl\u0131k sa\u011flar. Makyaj baz\u0131 olarak kullan\u0131labilir.<\/p>\n<p>Kullan\u0131m \u015fekli: Sabahlar\u0131 y\u00fcz, boyun ve dekolte b\u00f6lgesine uygulay\u0131n.<\/p>\n<p>Aktif bile\u015fenler: Aloe Vera, Bu\u011fday Tohumu Ya\u011f\u0131 3% ve Avokado Ya\u011f\u0131 3%, Kolajen 3%, Gliserol 2%, Alfa-Bisabolol 1%, E Vitamini ve fiziksel ve kimyasal filtreler.<\/p>\n<p>Sunum: 50 ml<\/p>\n<p>Ref: FCHPS<\/p>","protected":false},"excerpt":{"rendered":"<p>HIDRONUTRICI\u00d3N + PROTECCI\u00d3N SOLAR CREMA HIDRATANTE FACIAL 30 es una completa crema hidronutritiva con protecci\u00f3n solar para el uso diario de pieles normales, secas, desvitalizadas o incluso de las m\u00e1s sensibles. Aporta los nutrientes esenciales y espec\u00edficos para proteger la piel de los agentes externos y de la edad, as\u00ed como un ltro solar de [&hellip;]<\/p>","protected":false},"featured_media":901,"comment_status":"open","ping_status":"closed","template":"","meta":[],"product_brand":[],"product_cat":[18,24,28,43],"product_tag":[],"class_list":{"0":"post-900","1":"product","2":"type-product","3":"status-publish","4":"has-post-thumbnail","6":"product_cat-tienda","7":"product_cat-facial","8":"product_cat-piel-normal-seca-y-sensible","9":"product_cat-productos-cosmetologicos","11":"first","12":"instock","13":"taxable","14":"shipping-taxable","15":"purchasable","16":"product-type-simple"},"yoast_head":"<!-- This site is optimized with the Yoast SEO plugin v23.8 - https:\/\/yoast.com\/wordpress\/plugins\/seo\/ -->\n<title>CREMA HIDRATANTE FACIAL 30 - Dermamedk<\/title>\n<meta name=\"description\" content=\"CREMA HIDRATANTE FACIAL 30 con protecci\u00f3n solar para el uso diario de pieles normales, secas, desvitalizadas o incluso de las m\u00e1s sensibles.\" \/>\n<meta name=\"robots\" content=\"index, follow, max-snippet:-1, max-image-preview:large, max-video-preview:-1\" \/>\n<link rel=\"canonical\" href=\"https:\/\/dermamedk.es\/tr\/tienda\/facial\/piel-normal-seca-y-sensible\/crema-hidratante-facial-30\/\" \/>\n<meta property=\"og:locale\" content=\"tr_TR\" \/>\n<meta property=\"og:type\" content=\"article\" \/>\n<meta property=\"og:title\" content=\"CREMA HIDRATANTE FACIAL 30 - Dermamedk\" \/>\n<meta property=\"og:description\" content=\"CREMA HIDRATANTE FACIAL 30 con protecci\u00f3n solar para el uso diario de pieles normales, secas, desvitalizadas o incluso de las m\u00e1s sensibles.\" \/>\n<meta property=\"og:url\" content=\"https:\/\/dermamedk.es\/tr\/tienda\/facial\/piel-normal-seca-y-sensible\/crema-hidratante-facial-30\/\" \/>\n<meta property=\"og:site_name\" content=\"Dermamedk\" \/>\n<meta property=\"article:publisher\" content=\"https:\/\/www.facebook.com\/dermamedk\" \/>\n<meta property=\"article:modified_time\" content=\"2023-09-19T16:48:52+00:00\" \/>\n<meta property=\"og:image\" content=\"https:\/\/dermamedk.es\/wp-content\/uploads\/2023\/04\/CREMA-HIDRATANTE-FACIAL-30-1.png\" \/>\n\t<meta property=\"og:image:width\" content=\"280\" \/>\n\t<meta property=\"og:image:height\" content=\"410\" \/>\n\t<meta property=\"og:image:type\" content=\"image\/png\" \/>\n<meta name=\"twitter:card\" content=\"summary_large_image\" \/>\n<meta name=\"twitter:label1\" content=\"Tahmini okuma s\u00fcresi\" \/>\n\t<meta name=\"twitter:data1\" content=\"2 dakika\" \/>\n<script type=\"application\/ld+json\" class=\"yoast-schema-graph\">{\"@context\":\"https:\/\/schema.org\",\"@graph\":[{\"@type\":\"WebPage\",\"@id\":\"https:\/\/dermamedk.es\/tienda\/facial\/piel-normal-seca-y-sensible\/crema-hidratante-facial-30\/\",\"url\":\"https:\/\/dermamedk.es\/tienda\/facial\/piel-normal-seca-y-sensible\/crema-hidratante-facial-30\/\",\"name\":\"CREMA HIDRATANTE FACIAL 30 - Dermamedk\",\"isPartOf\":{\"@id\":\"https:\/\/dermamedk.es\/#website\"},\"primaryImageOfPage\":{\"@id\":\"https:\/\/dermamedk.es\/tienda\/facial\/piel-normal-seca-y-sensible\/crema-hidratante-facial-30\/#primaryimage\"},\"image\":{\"@id\":\"https:\/\/dermamedk.es\/tienda\/facial\/piel-normal-seca-y-sensible\/crema-hidratante-facial-30\/#primaryimage\"},\"thumbnailUrl\":\"https:\/\/dermamedk.es\/wp-content\/uploads\/2023\/04\/CREMA-HIDRATANTE-FACIAL-30-1.png\",\"datePublished\":\"2023-04-26T16:01:15+00:00\",\"dateModified\":\"2023-09-19T16:48:52+00:00\",\"description\":\"CREMA HIDRATANTE FACIAL 30 con protecci\u00f3n solar para el uso diario de pieles normales, secas, desvitalizadas o incluso de las m\u00e1s sensibles.\",\"breadcrumb\":{\"@id\":\"https:\/\/dermamedk.es\/tienda\/facial\/piel-normal-seca-y-sensible\/crema-hidratante-facial-30\/#breadcrumb\"},\"inLanguage\":\"tr\",\"potentialAction\":[{\"@type\":\"ReadAction\",\"target\":[\"https:\/\/dermamedk.es\/tienda\/facial\/piel-normal-seca-y-sensible\/crema-hidratante-facial-30\/\"]}]},{\"@type\":\"ImageObject\",\"inLanguage\":\"tr\",\"@id\":\"https:\/\/dermamedk.es\/tienda\/facial\/piel-normal-seca-y-sensible\/crema-hidratante-facial-30\/#primaryimage\",\"url\":\"https:\/\/dermamedk.es\/wp-content\/uploads\/2023\/04\/CREMA-HIDRATANTE-FACIAL-30-1.png\",\"contentUrl\":\"https:\/\/dermamedk.es\/wp-content\/uploads\/2023\/04\/CREMA-HIDRATANTE-FACIAL-30-1.png\",\"width\":280,\"height\":410,\"caption\":\"CREMA HIDRATANTE FACIAL 30\"},{\"@type\":\"BreadcrumbList\",\"@id\":\"https:\/\/dermamedk.es\/tienda\/facial\/piel-normal-seca-y-sensible\/crema-hidratante-facial-30\/#breadcrumb\",\"itemListElement\":[{\"@type\":\"ListItem\",\"position\":1,\"name\":\"Home\",\"item\":\"https:\/\/dermamedk.es\/\"},{\"@type\":\"ListItem\",\"position\":2,\"name\":\"Tienda\",\"item\":\"https:\/\/dermamedk.es\/tienda-dermamedk\/\"},{\"@type\":\"ListItem\",\"position\":3,\"name\":\"CREMA HIDRATANTE FACIAL 30\"}]},{\"@type\":\"WebSite\",\"@id\":\"https:\/\/dermamedk.es\/#website\",\"url\":\"https:\/\/dermamedk.es\/\",\"name\":\"DermamedK | La elecci\u00f3n perfecta para tu cuidado de la piel\",\"description\":\"Lo mejor para el cuidado de tu piel\",\"publisher\":{\"@id\":\"https:\/\/dermamedk.es\/#organization\"},\"potentialAction\":[{\"@type\":\"SearchAction\",\"target\":{\"@type\":\"EntryPoint\",\"urlTemplate\":\"https:\/\/dermamedk.es\/?s={search_term_string}\"},\"query-input\":{\"@type\":\"PropertyValueSpecification\",\"valueRequired\":true,\"valueName\":\"search_term_string\"}}],\"inLanguage\":\"tr\"},{\"@type\":\"Organization\",\"@id\":\"https:\/\/dermamedk.es\/#organization\",\"name\":\"DermamedK | La elecci\u00f3n perfecta para tu cuidado de la piel\",\"url\":\"https:\/\/dermamedk.es\/\",\"logo\":{\"@type\":\"ImageObject\",\"inLanguage\":\"tr\",\"@id\":\"https:\/\/dermamedk.es\/#\/schema\/logo\/image\/\",\"url\":\"https:\/\/dermamedk.es\/wp-content\/uploads\/2023\/04\/logo-150.webp\",\"contentUrl\":\"https:\/\/dermamedk.es\/wp-content\/uploads\/2023\/04\/logo-150.webp\",\"width\":180,\"height\":212,\"caption\":\"DermamedK | La elecci\u00f3n perfecta para tu cuidado de la piel\"},\"image\":{\"@id\":\"https:\/\/dermamedk.es\/#\/schema\/logo\/image\/\"},\"sameAs\":[\"https:\/\/www.facebook.com\/dermamedk\",\"https:\/\/www.instagram.com\/dermamedk\/\"]}]}<\/script>\n<!-- \/ Yoast SEO plugin. -->","yoast_head_json":{"title":"CREMA HIDRATANTE FACIAL 30 - Dermamedk","description":"CREMA HIDRATANTE FACIAL 30 con protecci\u00f3n solar para el uso diario de pieles normales, secas, desvitalizadas o incluso de las m\u00e1s sensibles.","robots":{"index":"index","follow":"follow","max-snippet":"max-snippet:-1","max-image-preview":"max-image-preview:large","max-video-preview":"max-video-preview:-1"},"canonical":"https:\/\/dermamedk.es\/tr\/tienda\/facial\/piel-normal-seca-y-sensible\/crema-hidratante-facial-30\/","og_locale":"tr_TR","og_type":"article","og_title":"CREMA HIDRATANTE FACIAL 30 - Dermamedk","og_description":"CREMA HIDRATANTE FACIAL 30 con protecci\u00f3n solar para el uso diario de pieles normales, secas, desvitalizadas o incluso de las m\u00e1s sensibles.","og_url":"https:\/\/dermamedk.es\/tr\/tienda\/facial\/piel-normal-seca-y-sensible\/crema-hidratante-facial-30\/","og_site_name":"Dermamedk","article_publisher":"https:\/\/www.facebook.com\/dermamedk","article_modified_time":"2023-09-19T16:48:52+00:00","og_image":[{"width":280,"height":410,"url":"https:\/\/dermamedk.es\/wp-content\/uploads\/2023\/04\/CREMA-HIDRATANTE-FACIAL-30-1.png","type":"image\/png"}],"twitter_card":"summary_large_image","twitter_misc":{"Tahmini okuma s\u00fcresi":"2 dakika"},"schema":{"@context":"https:\/\/schema.org","@graph":[{"@type":"WebPage","@id":"https:\/\/dermamedk.es\/tienda\/facial\/piel-normal-seca-y-sensible\/crema-hidratante-facial-30\/","url":"https:\/\/dermamedk.es\/tienda\/facial\/piel-normal-seca-y-sensible\/crema-hidratante-facial-30\/","name":"CREMA HIDRATANTE FACIAL 30 - Dermamedk","isPartOf":{"@id":"https:\/\/dermamedk.es\/#website"},"primaryImageOfPage":{"@id":"https:\/\/dermamedk.es\/tienda\/facial\/piel-normal-seca-y-sensible\/crema-hidratante-facial-30\/#primaryimage"},"image":{"@id":"https:\/\/dermamedk.es\/tienda\/facial\/piel-normal-seca-y-sensible\/crema-hidratante-facial-30\/#primaryimage"},"thumbnailUrl":"https:\/\/dermamedk.es\/wp-content\/uploads\/2023\/04\/CREMA-HIDRATANTE-FACIAL-30-1.png","datePublished":"2023-04-26T16:01:15+00:00","dateModified":"2023-09-19T16:48:52+00:00","description":"CREMA HIDRATANTE FACIAL 30 con protecci\u00f3n solar para el uso diario de pieles normales, secas, desvitalizadas o incluso de las m\u00e1s sensibles.","breadcrumb":{"@id":"https:\/\/dermamedk.es\/tienda\/facial\/piel-normal-seca-y-sensible\/crema-hidratante-facial-30\/#breadcrumb"},"inLanguage":"tr","potentialAction":[{"@type":"ReadAction","target":["https:\/\/dermamedk.es\/tienda\/facial\/piel-normal-seca-y-sensible\/crema-hidratante-facial-30\/"]}]},{"@type":"ImageObject","inLanguage":"tr","@id":"https:\/\/dermamedk.es\/tienda\/facial\/piel-normal-seca-y-sensible\/crema-hidratante-facial-30\/#primaryimage","url":"https:\/\/dermamedk.es\/wp-content\/uploads\/2023\/04\/CREMA-HIDRATANTE-FACIAL-30-1.png","contentUrl":"https:\/\/dermamedk.es\/wp-content\/uploads\/2023\/04\/CREMA-HIDRATANTE-FACIAL-30-1.png","width":280,"height":410,"caption":"CREMA HIDRATANTE FACIAL 30"},{"@type":"BreadcrumbList","@id":"https:\/\/dermamedk.es\/tienda\/facial\/piel-normal-seca-y-sensible\/crema-hidratante-facial-30\/#breadcrumb","itemListElement":[{"@type":"ListItem","position":1,"name":"Home","item":"https:\/\/dermamedk.es\/"},{"@type":"ListItem","position":2,"name":"Tienda","item":"https:\/\/dermamedk.es\/tienda-dermamedk\/"},{"@type":"ListItem","position":3,"name":"CREMA HIDRATANTE FACIAL 30"}]},{"@type":"WebSite","@id":"https:\/\/dermamedk.es\/#website","url":"https:\/\/dermamedk.es\/","name":"DermamedK | La elecci\u00f3n perfecta para tu cuidado de la piel","description":"Lo mejor para el cuidado de tu piel","publisher":{"@id":"https:\/\/dermamedk.es\/#organization"},"potentialAction":[{"@type":"SearchAction","target":{"@type":"EntryPoint","urlTemplate":"https:\/\/dermamedk.es\/?s={search_term_string}"},"query-input":{"@type":"PropertyValueSpecification","valueRequired":true,"valueName":"search_term_string"}}],"inLanguage":"tr"},{"@type":"Organization","@id":"https:\/\/dermamedk.es\/#organization","name":"DermamedK | La elecci\u00f3n perfecta para tu cuidado de la piel","url":"https:\/\/dermamedk.es\/","logo":{"@type":"ImageObject","inLanguage":"tr","@id":"https:\/\/dermamedk.es\/#\/schema\/logo\/image\/","url":"https:\/\/dermamedk.es\/wp-content\/uploads\/2023\/04\/logo-150.webp","contentUrl":"https:\/\/dermamedk.es\/wp-content\/uploads\/2023\/04\/logo-150.webp","width":180,"height":212,"caption":"DermamedK | La elecci\u00f3n perfecta para tu cuidado de la piel"},"image":{"@id":"https:\/\/dermamedk.es\/#\/schema\/logo\/image\/"},"sameAs":["https:\/\/www.facebook.com\/dermamedk","https:\/\/www.instagram.com\/dermamedk\/"]}]}},"_links":{"self":[{"href":"https:\/\/dermamedk.es\/tr\/wp-json\/wp\/v2\/product\/900","targetHints":{"allow":["GET"]}}],"collection":[{"href":"https:\/\/dermamedk.es\/tr\/wp-json\/wp\/v2\/product"}],"about":[{"href":"https:\/\/dermamedk.es\/tr\/wp-json\/wp\/v2\/types\/product"}],"replies":[{"embeddable":true,"href":"https:\/\/dermamedk.es\/tr\/wp-json\/wp\/v2\/comments?post=900"}],"version-history":[{"count":2,"href":"https:\/\/dermamedk.es\/tr\/wp-json\/wp\/v2\/product\/900\/revisions"}],"predecessor-version":[{"id":1460,"href":"https:\/\/dermamedk.es\/tr\/wp-json\/wp\/v2\/product\/900\/revisions\/1460"}],"wp:featuredmedia":[{"embeddable":true,"href":"https:\/\/dermamedk.es\/tr\/wp-json\/wp\/v2\/media\/901"}],"wp:attachment":[{"href":"https:\/\/dermamedk.es\/tr\/wp-json\/wp\/v2\/media?parent=900"}],"wp:term":[{"taxonomy":"product_brand","embeddable":true,"href":"https:\/\/dermamedk.es\/tr\/wp-json\/wp\/v2\/product_brand?post=900"},{"taxonomy":"product_cat","embeddable":true,"href":"https:\/\/dermamedk.es\/tr\/wp-json\/wp\/v2\/product_cat?post=900"},{"taxonomy":"product_tag","embeddable":true,"href":"https:\/\/dermamedk.es\/tr\/wp-json\/wp\/v2\/product_tag?post=900"}],"curies":[{"name":"wp","href":"https:\/\/api.w.org\/{rel}","templated":true}]}}