 {"id":893,"date":"2023-04-26T15:40:46","date_gmt":"2023-04-26T15:40:46","guid":{"rendered":"https:\/\/dermamedk.es\/?post_type=product&#038;p=893"},"modified":"2023-09-19T18:48:52","modified_gmt":"2023-09-19T16:48:52","slug":"crema-hidratante-facial","status":"publish","type":"product","link":"https:\/\/dermamedk.es\/tr\/tienda\/facial\/piel-normal-seca-y-sensible\/crema-hidratante-facial\/","title":{"rendered":"Y\u00dcZ NEMLENDIRICISI"},"content":{"rendered":"<p>HIDRASYON VE BESLENME<br \/>\nNormal, kuru, y\u0131pranm\u0131\u015f ve hatta hassas ciltler i\u00e7in g\u00fcnl\u00fck nemlendirici ve besleyici krem.<br \/>\n\u00d6zel ya\u011f ve kolajen i\u00e7eri\u011fi cildi d\u0131\u015f etkenlerden ve ge\u00e7en zamandan korur, 12 saat boyunca s\u00fcren e\u015fsiz bir yumu\u015fakl\u0131k ve rahatl\u0131k sa\u011flar. Makyaj baz\u0131 olarak kullan\u0131labilir.<\/p>\n<p><strong>Kullan\u0131m talimatlar\u0131:<\/strong> Sabah ve ak\u015fam y\u00fcz, boyun ve dekolte b\u00f6lgesine uygulay\u0131n.<br \/>\nAktif Bile\u015fenler: Aloe Vera, Bu\u011fday Tohumu Ya\u011f\u0131 3%, Badem ve Avokado Ya\u011f\u0131 3%, Do\u011fal Kolajen 3%, Gliserol 2% ve Alfa-Bisabolol 1%.<br \/>\nSunum: 50 ml<\/p>\n<p>Ref: FCHF<\/p>","protected":false},"excerpt":{"rendered":"<p>HIDRATACI\u00d3N Y NUTRICI\u00d3N Crema de hidrataci\u00f3n y nutrici\u00f3n diaria de las pieles normales, secas, desvitalizadas o incluso de las m\u00e1s sensibles. Su aporte especio en aceites y Col\u00e1geno protege la piel de los agentes externos y del paso del tiempo, aportando una suavidad y confort \u00fanico que dura 12 horas. Se puede usar como base [&hellip;]<\/p>","protected":false},"featured_media":1108,"comment_status":"open","ping_status":"closed","template":"","meta":[],"product_brand":[],"product_cat":[18,24,28,43],"product_tag":[],"class_list":{"0":"post-893","1":"product","2":"type-product","3":"status-publish","4":"has-post-thumbnail","6":"product_cat-tienda","7":"product_cat-facial","8":"product_cat-piel-normal-seca-y-sensible","9":"product_cat-productos-cosmetologicos","11":"first","12":"instock","13":"taxable","14":"shipping-taxable","15":"purchasable","16":"product-type-simple"},"yoast_head":"<!-- This site is optimized with the Yoast SEO plugin v23.8 - https:\/\/yoast.com\/wordpress\/plugins\/seo\/ -->\n<title>CREMA HIDRATANTE FACIAL - Dermamedk<\/title>\n<meta name=\"description\" content=\"CREMA HIDRATANTE FACIAL nutrici\u00f3n diaria de las pieles normales, secas, desvitalizadas o incluso de las m\u00e1s sensibles. Puede usar como base de maquillaje.\" \/>\n<meta name=\"robots\" content=\"index, follow, max-snippet:-1, max-image-preview:large, max-video-preview:-1\" \/>\n<link rel=\"canonical\" href=\"https:\/\/dermamedk.es\/tr\/tienda\/facial\/piel-normal-seca-y-sensible\/crema-hidratante-facial\/\" \/>\n<meta property=\"og:locale\" content=\"tr_TR\" \/>\n<meta property=\"og:type\" content=\"article\" \/>\n<meta property=\"og:title\" content=\"CREMA HIDRATANTE FACIAL - Dermamedk\" \/>\n<meta property=\"og:description\" content=\"CREMA HIDRATANTE FACIAL nutrici\u00f3n diaria de las pieles normales, secas, desvitalizadas o incluso de las m\u00e1s sensibles. Puede usar como base de maquillaje.\" \/>\n<meta property=\"og:url\" content=\"https:\/\/dermamedk.es\/tr\/tienda\/facial\/piel-normal-seca-y-sensible\/crema-hidratante-facial\/\" \/>\n<meta property=\"og:site_name\" content=\"Dermamedk\" \/>\n<meta property=\"article:publisher\" content=\"https:\/\/www.facebook.com\/dermamedk\" \/>\n<meta property=\"article:modified_time\" content=\"2023-09-19T16:48:52+00:00\" \/>\n<meta property=\"og:image\" content=\"https:\/\/dermamedk.es\/wp-content\/uploads\/2023\/04\/CREMA-HIDRATANTE-FACIAL.jpeg\" \/>\n\t<meta property=\"og:image:width\" content=\"277\" \/>\n\t<meta property=\"og:image:height\" content=\"508\" \/>\n\t<meta property=\"og:image:type\" content=\"image\/jpeg\" \/>\n<meta name=\"twitter:card\" content=\"summary_large_image\" \/>\n<meta name=\"twitter:label1\" content=\"Tahmini okuma s\u00fcresi\" \/>\n\t<meta name=\"twitter:data1\" content=\"1 dakika\" \/>\n<script type=\"application\/ld+json\" class=\"yoast-schema-graph\">{\"@context\":\"https:\/\/schema.org\",\"@graph\":[{\"@type\":\"WebPage\",\"@id\":\"https:\/\/dermamedk.es\/tienda\/facial\/piel-normal-seca-y-sensible\/crema-hidratante-facial\/\",\"url\":\"https:\/\/dermamedk.es\/tienda\/facial\/piel-normal-seca-y-sensible\/crema-hidratante-facial\/\",\"name\":\"CREMA HIDRATANTE FACIAL - Dermamedk\",\"isPartOf\":{\"@id\":\"https:\/\/dermamedk.es\/#website\"},\"primaryImageOfPage\":{\"@id\":\"https:\/\/dermamedk.es\/tienda\/facial\/piel-normal-seca-y-sensible\/crema-hidratante-facial\/#primaryimage\"},\"image\":{\"@id\":\"https:\/\/dermamedk.es\/tienda\/facial\/piel-normal-seca-y-sensible\/crema-hidratante-facial\/#primaryimage\"},\"thumbnailUrl\":\"https:\/\/dermamedk.es\/wp-content\/uploads\/2023\/04\/CREMA-HIDRATANTE-FACIAL.jpeg\",\"datePublished\":\"2023-04-26T15:40:46+00:00\",\"dateModified\":\"2023-09-19T16:48:52+00:00\",\"description\":\"CREMA HIDRATANTE FACIAL nutrici\u00f3n diaria de las pieles normales, secas, desvitalizadas o incluso de las m\u00e1s sensibles. Puede usar como base de maquillaje.\",\"breadcrumb\":{\"@id\":\"https:\/\/dermamedk.es\/tienda\/facial\/piel-normal-seca-y-sensible\/crema-hidratante-facial\/#breadcrumb\"},\"inLanguage\":\"tr\",\"potentialAction\":[{\"@type\":\"ReadAction\",\"target\":[\"https:\/\/dermamedk.es\/tienda\/facial\/piel-normal-seca-y-sensible\/crema-hidratante-facial\/\"]}]},{\"@type\":\"ImageObject\",\"inLanguage\":\"tr\",\"@id\":\"https:\/\/dermamedk.es\/tienda\/facial\/piel-normal-seca-y-sensible\/crema-hidratante-facial\/#primaryimage\",\"url\":\"https:\/\/dermamedk.es\/wp-content\/uploads\/2023\/04\/CREMA-HIDRATANTE-FACIAL.jpeg\",\"contentUrl\":\"https:\/\/dermamedk.es\/wp-content\/uploads\/2023\/04\/CREMA-HIDRATANTE-FACIAL.jpeg\",\"width\":277,\"height\":508,\"caption\":\"CREMA HIDRATANTE FACIAL\"},{\"@type\":\"BreadcrumbList\",\"@id\":\"https:\/\/dermamedk.es\/tienda\/facial\/piel-normal-seca-y-sensible\/crema-hidratante-facial\/#breadcrumb\",\"itemListElement\":[{\"@type\":\"ListItem\",\"position\":1,\"name\":\"Home\",\"item\":\"https:\/\/dermamedk.es\/\"},{\"@type\":\"ListItem\",\"position\":2,\"name\":\"Tienda\",\"item\":\"https:\/\/dermamedk.es\/tienda-dermamedk\/\"},{\"@type\":\"ListItem\",\"position\":3,\"name\":\"CREMA HIDRATANTE FACIAL\"}]},{\"@type\":\"WebSite\",\"@id\":\"https:\/\/dermamedk.es\/#website\",\"url\":\"https:\/\/dermamedk.es\/\",\"name\":\"DermamedK | La elecci\u00f3n perfecta para tu cuidado de la piel\",\"description\":\"Lo mejor para el cuidado de tu piel\",\"publisher\":{\"@id\":\"https:\/\/dermamedk.es\/#organization\"},\"potentialAction\":[{\"@type\":\"SearchAction\",\"target\":{\"@type\":\"EntryPoint\",\"urlTemplate\":\"https:\/\/dermamedk.es\/?s={search_term_string}\"},\"query-input\":{\"@type\":\"PropertyValueSpecification\",\"valueRequired\":true,\"valueName\":\"search_term_string\"}}],\"inLanguage\":\"tr\"},{\"@type\":\"Organization\",\"@id\":\"https:\/\/dermamedk.es\/#organization\",\"name\":\"DermamedK | La elecci\u00f3n perfecta para tu cuidado de la piel\",\"url\":\"https:\/\/dermamedk.es\/\",\"logo\":{\"@type\":\"ImageObject\",\"inLanguage\":\"tr\",\"@id\":\"https:\/\/dermamedk.es\/#\/schema\/logo\/image\/\",\"url\":\"https:\/\/dermamedk.es\/wp-content\/uploads\/2023\/04\/logo-150.webp\",\"contentUrl\":\"https:\/\/dermamedk.es\/wp-content\/uploads\/2023\/04\/logo-150.webp\",\"width\":180,\"height\":212,\"caption\":\"DermamedK | La elecci\u00f3n perfecta para tu cuidado de la piel\"},\"image\":{\"@id\":\"https:\/\/dermamedk.es\/#\/schema\/logo\/image\/\"},\"sameAs\":[\"https:\/\/www.facebook.com\/dermamedk\",\"https:\/\/www.instagram.com\/dermamedk\/\"]}]}<\/script>\n<!-- \/ Yoast SEO plugin. -->","yoast_head_json":{"title":"CREMA HIDRATANTE FACIAL - Dermamedk","description":"CREMA HIDRATANTE FACIAL nutrici\u00f3n diaria de las pieles normales, secas, desvitalizadas o incluso de las m\u00e1s sensibles. Puede usar como base de maquillaje.","robots":{"index":"index","follow":"follow","max-snippet":"max-snippet:-1","max-image-preview":"max-image-preview:large","max-video-preview":"max-video-preview:-1"},"canonical":"https:\/\/dermamedk.es\/tr\/tienda\/facial\/piel-normal-seca-y-sensible\/crema-hidratante-facial\/","og_locale":"tr_TR","og_type":"article","og_title":"CREMA HIDRATANTE FACIAL - Dermamedk","og_description":"CREMA HIDRATANTE FACIAL nutrici\u00f3n diaria de las pieles normales, secas, desvitalizadas o incluso de las m\u00e1s sensibles. Puede usar como base de maquillaje.","og_url":"https:\/\/dermamedk.es\/tr\/tienda\/facial\/piel-normal-seca-y-sensible\/crema-hidratante-facial\/","og_site_name":"Dermamedk","article_publisher":"https:\/\/www.facebook.com\/dermamedk","article_modified_time":"2023-09-19T16:48:52+00:00","og_image":[{"width":277,"height":508,"url":"https:\/\/dermamedk.es\/wp-content\/uploads\/2023\/04\/CREMA-HIDRATANTE-FACIAL.jpeg","type":"image\/jpeg"}],"twitter_card":"summary_large_image","twitter_misc":{"Tahmini okuma s\u00fcresi":"1 dakika"},"schema":{"@context":"https:\/\/schema.org","@graph":[{"@type":"WebPage","@id":"https:\/\/dermamedk.es\/tienda\/facial\/piel-normal-seca-y-sensible\/crema-hidratante-facial\/","url":"https:\/\/dermamedk.es\/tienda\/facial\/piel-normal-seca-y-sensible\/crema-hidratante-facial\/","name":"CREMA HIDRATANTE FACIAL - Dermamedk","isPartOf":{"@id":"https:\/\/dermamedk.es\/#website"},"primaryImageOfPage":{"@id":"https:\/\/dermamedk.es\/tienda\/facial\/piel-normal-seca-y-sensible\/crema-hidratante-facial\/#primaryimage"},"image":{"@id":"https:\/\/dermamedk.es\/tienda\/facial\/piel-normal-seca-y-sensible\/crema-hidratante-facial\/#primaryimage"},"thumbnailUrl":"https:\/\/dermamedk.es\/wp-content\/uploads\/2023\/04\/CREMA-HIDRATANTE-FACIAL.jpeg","datePublished":"2023-04-26T15:40:46+00:00","dateModified":"2023-09-19T16:48:52+00:00","description":"CREMA HIDRATANTE FACIAL nutrici\u00f3n diaria de las pieles normales, secas, desvitalizadas o incluso de las m\u00e1s sensibles. Puede usar como base de maquillaje.","breadcrumb":{"@id":"https:\/\/dermamedk.es\/tienda\/facial\/piel-normal-seca-y-sensible\/crema-hidratante-facial\/#breadcrumb"},"inLanguage":"tr","potentialAction":[{"@type":"ReadAction","target":["https:\/\/dermamedk.es\/tienda\/facial\/piel-normal-seca-y-sensible\/crema-hidratante-facial\/"]}]},{"@type":"ImageObject","inLanguage":"tr","@id":"https:\/\/dermamedk.es\/tienda\/facial\/piel-normal-seca-y-sensible\/crema-hidratante-facial\/#primaryimage","url":"https:\/\/dermamedk.es\/wp-content\/uploads\/2023\/04\/CREMA-HIDRATANTE-FACIAL.jpeg","contentUrl":"https:\/\/dermamedk.es\/wp-content\/uploads\/2023\/04\/CREMA-HIDRATANTE-FACIAL.jpeg","width":277,"height":508,"caption":"CREMA HIDRATANTE FACIAL"},{"@type":"BreadcrumbList","@id":"https:\/\/dermamedk.es\/tienda\/facial\/piel-normal-seca-y-sensible\/crema-hidratante-facial\/#breadcrumb","itemListElement":[{"@type":"ListItem","position":1,"name":"Home","item":"https:\/\/dermamedk.es\/"},{"@type":"ListItem","position":2,"name":"Tienda","item":"https:\/\/dermamedk.es\/tienda-dermamedk\/"},{"@type":"ListItem","position":3,"name":"CREMA HIDRATANTE FACIAL"}]},{"@type":"WebSite","@id":"https:\/\/dermamedk.es\/#website","url":"https:\/\/dermamedk.es\/","name":"DermamedK | La elecci\u00f3n perfecta para tu cuidado de la piel","description":"Lo mejor para el cuidado de tu piel","publisher":{"@id":"https:\/\/dermamedk.es\/#organization"},"potentialAction":[{"@type":"SearchAction","target":{"@type":"EntryPoint","urlTemplate":"https:\/\/dermamedk.es\/?s={search_term_string}"},"query-input":{"@type":"PropertyValueSpecification","valueRequired":true,"valueName":"search_term_string"}}],"inLanguage":"tr"},{"@type":"Organization","@id":"https:\/\/dermamedk.es\/#organization","name":"DermamedK | La elecci\u00f3n perfecta para tu cuidado de la piel","url":"https:\/\/dermamedk.es\/","logo":{"@type":"ImageObject","inLanguage":"tr","@id":"https:\/\/dermamedk.es\/#\/schema\/logo\/image\/","url":"https:\/\/dermamedk.es\/wp-content\/uploads\/2023\/04\/logo-150.webp","contentUrl":"https:\/\/dermamedk.es\/wp-content\/uploads\/2023\/04\/logo-150.webp","width":180,"height":212,"caption":"DermamedK | La elecci\u00f3n perfecta para tu cuidado de la piel"},"image":{"@id":"https:\/\/dermamedk.es\/#\/schema\/logo\/image\/"},"sameAs":["https:\/\/www.facebook.com\/dermamedk","https:\/\/www.instagram.com\/dermamedk\/"]}]}},"_links":{"self":[{"href":"https:\/\/dermamedk.es\/tr\/wp-json\/wp\/v2\/product\/893","targetHints":{"allow":["GET"]}}],"collection":[{"href":"https:\/\/dermamedk.es\/tr\/wp-json\/wp\/v2\/product"}],"about":[{"href":"https:\/\/dermamedk.es\/tr\/wp-json\/wp\/v2\/types\/product"}],"replies":[{"embeddable":true,"href":"https:\/\/dermamedk.es\/tr\/wp-json\/wp\/v2\/comments?post=893"}],"version-history":[{"count":5,"href":"https:\/\/dermamedk.es\/tr\/wp-json\/wp\/v2\/product\/893\/revisions"}],"predecessor-version":[{"id":1424,"href":"https:\/\/dermamedk.es\/tr\/wp-json\/wp\/v2\/product\/893\/revisions\/1424"}],"wp:featuredmedia":[{"embeddable":true,"href":"https:\/\/dermamedk.es\/tr\/wp-json\/wp\/v2\/media\/1108"}],"wp:attachment":[{"href":"https:\/\/dermamedk.es\/tr\/wp-json\/wp\/v2\/media?parent=893"}],"wp:term":[{"taxonomy":"product_brand","embeddable":true,"href":"https:\/\/dermamedk.es\/tr\/wp-json\/wp\/v2\/product_brand?post=893"},{"taxonomy":"product_cat","embeddable":true,"href":"https:\/\/dermamedk.es\/tr\/wp-json\/wp\/v2\/product_cat?post=893"},{"taxonomy":"product_tag","embeddable":true,"href":"https:\/\/dermamedk.es\/tr\/wp-json\/wp\/v2\/product_tag?post=893"}],"curies":[{"name":"wp","href":"https:\/\/api.w.org\/{rel}","templated":true}]}}