 {"id":2378,"date":"2024-12-01T17:37:27","date_gmt":"2024-12-01T16:37:27","guid":{"rendered":"https:\/\/dermamedk.es\/?post_type=product&#038;p=2378"},"modified":"2025-02-07T00:46:43","modified_gmt":"2025-02-06T23:46:43","slug":"exosomas-formacion-exclusiva-con-enfoque-practico-intensivo","status":"publish","type":"product","link":"https:\/\/dermamedk.es\/tr\/tienda\/cursos\/exosomas-formacion-exclusiva-con-enfoque-practico-intensivo\/","title":{"rendered":"Eksozomlar - Yo\u011fun Pratik Odakl\u0131 \u00d6zel E\u011fitim"},"content":{"rendered":"<p>Bu <strong>Eksozomlar kursu<\/strong> itibaren <strong>Dermamedk Akademi<\/strong> ileri estetik ve sa\u00e7 bak\u0131m\u0131 tedavilerinde eksozom kullan\u0131m\u0131nda uzmanla\u015fmak isteyen profesyoneller i\u00e7in tasarlanm\u0131\u015f yo\u011fun ve \u00f6zel bir e\u011fitim deneyimidir. 70 % uygulamal\u0131 yakla\u015f\u0131m\u0131 ile bu at\u00f6lye, ki\u015fiselle\u015ftirilmi\u015f ve son derece profesyonel bir ortamda becerilerinizi geli\u015ftirmek i\u00e7in e\u015fsiz bir f\u0131rsatt\u0131r.<\/p>\n<p><strong>Bu kurs neleri i\u00e7eriyor?<\/strong><\/p>\n<ul>\n<li><strong>Ders program\u0131n\u0131 tamamlay\u0131n:<\/strong>\n<ul>\n<li>Eksozomlara giri\u015f ve estetikteki uygulamalar\u0131.<\/li>\n<li>Exoderm: Dermamedk'in 108 haftal\u0131k ara\u015ft\u0131rmaya dayanan \u00f6zel eksozomlar\u0131.<\/li>\n<li>Eksozomlarla sonu\u00e7lar\u0131 en \u00fcst d\u00fczeye \u00e7\u0131karmak i\u00e7in cilt haz\u0131rl\u0131\u011f\u0131.<\/li>\n<li>V\u00fccudun farkl\u0131 b\u00f6lgeleri i\u00e7in teknikler.<\/li>\n<li>Sa\u00e7 b\u00fcy\u00fcmesi i\u00e7in eksozom tedavisi.<\/li>\n<li>Dermapen, Nanopen ve derin i\u011fneler gibi cihazlar i\u00e7in ulusal d\u00fczenlemeler.<\/li>\n<li>Eksozomlar, botoks ve hyaluronik asit ile kombine edilmi\u015f y\u00fcz harmonizasyonu.<\/li>\n<\/ul>\n<\/li>\n<li><strong>Ki\u015fiselle\u015ftirilmi\u015f e\u011fitim:<\/strong>\n<ul>\n<li>K\u00fc\u00e7\u00fck gruplar (15 kat\u0131l\u0131mc\u0131).<\/li>\n<li>Bireyselle\u015ftirilmi\u015f ilgi i\u00e7in 4 ila 5 ki\u015filik gruplar halinde teorik ve pratik oturumlar.<\/li>\n<\/ul>\n<\/li>\n<li><strong>Ola\u011fan\u00fcst\u00fc konum:<\/strong>\n<ul>\n<li>Tesis i\u00e7inde <strong>Dermamedk Akademi<\/strong>Barselona'n\u0131n kalbinde, ikonik Sagrada Familia'n\u0131n yan\u0131nda.<\/li>\n<li>Hibrit se\u00e7enek: Teoriye eri\u015fim, uygulaman\u0131n g\u00f6rselle\u015ftirilmesi ve soru sorma imkan\u0131 ile \u00e7evrimi\u00e7i kat\u0131l\u0131m.<\/li>\n<\/ul>\n<\/li>\n<\/ul>\n<p><strong>Etkinlik detaylar\u0131:<\/strong><\/p>\n<ul>\n<li><strong>Tarihler:<\/strong> 7 ve 8 \u015eubat.<\/li>\n<li><strong>S\u00fcre:<\/strong> \u0130ki g\u00fcnde 16 yo\u011fun saat.<\/li>\n<li><strong>Format:<\/strong> Hibrit (y\u00fcz y\u00fcze ve \u00e7evrimi\u00e7i).<\/li>\n<\/ul>\n<p><strong>Yat\u0131r\u0131m:<\/strong><\/p>\n<ul>\n<li><strong>\u00c7evrimi\u00e7i:<\/strong> 600\u20ac.<\/li>\n<li><strong>Y\u00fcz y\u00fcze:<\/strong> 1.200\u20ac.<\/li>\n<\/ul>\n<hr \/>\n<h4><strong>Kursun faydalar\u0131:<\/strong><\/h4>\n<ol>\n<li>Eksozomlar\u0131n ileri estetikte kullan\u0131m\u0131 konusunda uzmanlardan bilgi edinin.<\/li>\n<li>V\u00fccudun bir\u00e7ok b\u00f6lgesine ve sa\u00e7 terapilerine uyarlanm\u0131\u015f pratik tekniklerde uzmanla\u015fm\u0131\u015ft\u0131r.<\/li>\n<li>Yenilik\u00e7i ve \u00e7ok talep g\u00f6ren bir tedavide sertifika al\u0131n.<\/li>\n<\/ol>\n<hr \/>\n<p><strong>Eksozomlar Kursu i\u00e7in yerinizi ay\u0131rt\u0131n!<\/strong><br \/>\nKi\u015fiselle\u015ftirilmi\u015f bir deneyimi garanti etmek i\u00e7in yerler 15 kat\u0131l\u0131mc\u0131 ile s\u0131n\u0131rl\u0131d\u0131r.<br \/>\n<strong>Daha fazla bilgi i\u00e7in bizimle ileti\u015fime ge\u00e7in:<\/strong><\/p>\n<ul>\n<li><strong>WhatsApp:<\/strong> <a href=\"https:\/\/api.whatsapp.com\/send?phone=+34612529895&amp;text=Hola,%20estaba%20accediendo%20a%20su%20p%C3%A1gina,%20me%20gustar%C3%ADa%20m%C3%A1s%20informaciones%20acerca%20del%20curso:%20Exosomas\">+34 612 529 895<\/a><\/li>\n<li><strong>Instagram:<\/strong> <a href=\"https:\/\/instagram.com\/dermamedkinter\" target=\"_new\" rel=\"noopener\">@dermamedkinter<\/a><\/li>\n<\/ul>","protected":false},"excerpt":{"rendered":"<p>El Curso de Exosomas de Dermamedk Academy es una experiencia de formaci\u00f3n intensiva y exclusiva, dise\u00f1ada para profesionales que desean dominar el uso de exosomas en tratamientos avanzados de est\u00e9tica y cuidado capilar. Con un enfoque pr\u00e1ctico del 70 %, este taller es una oportunidad \u00fanica para perfeccionar tus habilidades en un entorno personalizado y [&hellip;]<\/p>","protected":false},"featured_media":2408,"comment_status":"open","ping_status":"closed","template":"","meta":[],"product_brand":[],"product_cat":[61],"product_tag":[],"class_list":{"0":"post-2378","1":"product","2":"type-product","3":"status-publish","4":"has-post-thumbnail","6":"product_cat-cursos","8":"first","9":"instock","10":"taxable","11":"shipping-taxable","12":"product-type-simple"},"yoast_head":"<!-- This site is optimized with the Yoast SEO plugin v23.8 - https:\/\/yoast.com\/wordpress\/plugins\/seo\/ -->\n<title>Exosomas - Formaci\u00f3n Exclusiva con Enfoque Pr\u00e1ctico Intensivo - Dermamedk<\/title>\n<meta name=\"robots\" content=\"index, follow, max-snippet:-1, max-image-preview:large, max-video-preview:-1\" \/>\n<link rel=\"canonical\" href=\"https:\/\/dermamedk.es\/tr\/tienda\/cursos\/exosomas-formacion-exclusiva-con-enfoque-practico-intensivo\/\" \/>\n<meta property=\"og:locale\" content=\"tr_TR\" \/>\n<meta property=\"og:type\" content=\"article\" \/>\n<meta property=\"og:title\" content=\"Exosomas - Formaci\u00f3n Exclusiva con Enfoque Pr\u00e1ctico Intensivo - Dermamedk\" \/>\n<meta property=\"og:description\" content=\"El Curso de Exosomas de Dermamedk Academy es una experiencia de formaci\u00f3n intensiva y exclusiva, dise\u00f1ada para profesionales que desean dominar el uso de exosomas en tratamientos avanzados de est\u00e9tica y cuidado capilar. Con un enfoque pr\u00e1ctico del 70 %, este taller es una oportunidad \u00fanica para perfeccionar tus habilidades en un entorno personalizado y [&hellip;]\" \/>\n<meta property=\"og:url\" content=\"https:\/\/dermamedk.es\/tr\/tienda\/cursos\/exosomas-formacion-exclusiva-con-enfoque-practico-intensivo\/\" \/>\n<meta property=\"og:site_name\" content=\"Dermamedk\" \/>\n<meta property=\"article:publisher\" content=\"https:\/\/www.facebook.com\/dermamedk\" \/>\n<meta property=\"article:modified_time\" content=\"2025-02-06T23:46:43+00:00\" \/>\n<meta property=\"og:image\" content=\"https:\/\/dermamedk.es\/wp-content\/uploads\/2024\/12\/esoderm.webp\" \/>\n\t<meta property=\"og:image:width\" content=\"907\" \/>\n\t<meta property=\"og:image:height\" content=\"1599\" \/>\n\t<meta property=\"og:image:type\" content=\"image\/webp\" \/>\n<meta name=\"twitter:card\" content=\"summary_large_image\" \/>\n<meta name=\"twitter:label1\" content=\"Tahmini okuma s\u00fcresi\" \/>\n\t<meta name=\"twitter:data1\" content=\"2 dakika\" \/>\n<script type=\"application\/ld+json\" class=\"yoast-schema-graph\">{\"@context\":\"https:\/\/schema.org\",\"@graph\":[{\"@type\":\"WebPage\",\"@id\":\"https:\/\/dermamedk.es\/tienda\/cursos\/exosomas-formacion-exclusiva-con-enfoque-practico-intensivo\/\",\"url\":\"https:\/\/dermamedk.es\/tienda\/cursos\/exosomas-formacion-exclusiva-con-enfoque-practico-intensivo\/\",\"name\":\"Exosomas - Formaci\u00f3n Exclusiva con Enfoque Pr\u00e1ctico Intensivo - Dermamedk\",\"isPartOf\":{\"@id\":\"https:\/\/dermamedk.es\/#website\"},\"primaryImageOfPage\":{\"@id\":\"https:\/\/dermamedk.es\/tienda\/cursos\/exosomas-formacion-exclusiva-con-enfoque-practico-intensivo\/#primaryimage\"},\"image\":{\"@id\":\"https:\/\/dermamedk.es\/tienda\/cursos\/exosomas-formacion-exclusiva-con-enfoque-practico-intensivo\/#primaryimage\"},\"thumbnailUrl\":\"https:\/\/dermamedk.es\/wp-content\/uploads\/2024\/12\/esoderm.webp\",\"datePublished\":\"2024-12-01T16:37:27+00:00\",\"dateModified\":\"2025-02-06T23:46:43+00:00\",\"breadcrumb\":{\"@id\":\"https:\/\/dermamedk.es\/tienda\/cursos\/exosomas-formacion-exclusiva-con-enfoque-practico-intensivo\/#breadcrumb\"},\"inLanguage\":\"tr\",\"potentialAction\":[{\"@type\":\"ReadAction\",\"target\":[\"https:\/\/dermamedk.es\/tienda\/cursos\/exosomas-formacion-exclusiva-con-enfoque-practico-intensivo\/\"]}]},{\"@type\":\"ImageObject\",\"inLanguage\":\"tr\",\"@id\":\"https:\/\/dermamedk.es\/tienda\/cursos\/exosomas-formacion-exclusiva-con-enfoque-practico-intensivo\/#primaryimage\",\"url\":\"https:\/\/dermamedk.es\/wp-content\/uploads\/2024\/12\/esoderm.webp\",\"contentUrl\":\"https:\/\/dermamedk.es\/wp-content\/uploads\/2024\/12\/esoderm.webp\",\"width\":907,\"height\":1599},{\"@type\":\"BreadcrumbList\",\"@id\":\"https:\/\/dermamedk.es\/tienda\/cursos\/exosomas-formacion-exclusiva-con-enfoque-practico-intensivo\/#breadcrumb\",\"itemListElement\":[{\"@type\":\"ListItem\",\"position\":1,\"name\":\"Home\",\"item\":\"https:\/\/dermamedk.es\/\"},{\"@type\":\"ListItem\",\"position\":2,\"name\":\"Tienda\",\"item\":\"https:\/\/dermamedk.es\/tienda-dermamedk\/\"},{\"@type\":\"ListItem\",\"position\":3,\"name\":\"Exosomas &#8211; Formaci\u00f3n Exclusiva con Enfoque Pr\u00e1ctico Intensivo\"}]},{\"@type\":\"WebSite\",\"@id\":\"https:\/\/dermamedk.es\/#website\",\"url\":\"https:\/\/dermamedk.es\/\",\"name\":\"DermamedK | La elecci\u00f3n perfecta para tu cuidado de la piel\",\"description\":\"Lo mejor para el cuidado de tu piel\",\"publisher\":{\"@id\":\"https:\/\/dermamedk.es\/#organization\"},\"potentialAction\":[{\"@type\":\"SearchAction\",\"target\":{\"@type\":\"EntryPoint\",\"urlTemplate\":\"https:\/\/dermamedk.es\/?s={search_term_string}\"},\"query-input\":{\"@type\":\"PropertyValueSpecification\",\"valueRequired\":true,\"valueName\":\"search_term_string\"}}],\"inLanguage\":\"tr\"},{\"@type\":\"Organization\",\"@id\":\"https:\/\/dermamedk.es\/#organization\",\"name\":\"DermamedK | La elecci\u00f3n perfecta para tu cuidado de la piel\",\"url\":\"https:\/\/dermamedk.es\/\",\"logo\":{\"@type\":\"ImageObject\",\"inLanguage\":\"tr\",\"@id\":\"https:\/\/dermamedk.es\/#\/schema\/logo\/image\/\",\"url\":\"https:\/\/dermamedk.es\/wp-content\/uploads\/2023\/04\/logo-150.webp\",\"contentUrl\":\"https:\/\/dermamedk.es\/wp-content\/uploads\/2023\/04\/logo-150.webp\",\"width\":180,\"height\":212,\"caption\":\"DermamedK | La elecci\u00f3n perfecta para tu cuidado de la piel\"},\"image\":{\"@id\":\"https:\/\/dermamedk.es\/#\/schema\/logo\/image\/\"},\"sameAs\":[\"https:\/\/www.facebook.com\/dermamedk\",\"https:\/\/www.instagram.com\/dermamedk\/\"]}]}<\/script>\n<!-- \/ Yoast SEO plugin. -->","yoast_head_json":{"title":"Exosomas - Formaci\u00f3n Exclusiva con Enfoque Pr\u00e1ctico Intensivo - Dermamedk","robots":{"index":"index","follow":"follow","max-snippet":"max-snippet:-1","max-image-preview":"max-image-preview:large","max-video-preview":"max-video-preview:-1"},"canonical":"https:\/\/dermamedk.es\/tr\/tienda\/cursos\/exosomas-formacion-exclusiva-con-enfoque-practico-intensivo\/","og_locale":"tr_TR","og_type":"article","og_title":"Exosomas - Formaci\u00f3n Exclusiva con Enfoque Pr\u00e1ctico Intensivo - Dermamedk","og_description":"El Curso de Exosomas de Dermamedk Academy es una experiencia de formaci\u00f3n intensiva y exclusiva, dise\u00f1ada para profesionales que desean dominar el uso de exosomas en tratamientos avanzados de est\u00e9tica y cuidado capilar. Con un enfoque pr\u00e1ctico del 70 %, este taller es una oportunidad \u00fanica para perfeccionar tus habilidades en un entorno personalizado y [&hellip;]","og_url":"https:\/\/dermamedk.es\/tr\/tienda\/cursos\/exosomas-formacion-exclusiva-con-enfoque-practico-intensivo\/","og_site_name":"Dermamedk","article_publisher":"https:\/\/www.facebook.com\/dermamedk","article_modified_time":"2025-02-06T23:46:43+00:00","og_image":[{"width":907,"height":1599,"url":"https:\/\/dermamedk.es\/wp-content\/uploads\/2024\/12\/esoderm.webp","type":"image\/webp"}],"twitter_card":"summary_large_image","twitter_misc":{"Tahmini okuma s\u00fcresi":"2 dakika"},"schema":{"@context":"https:\/\/schema.org","@graph":[{"@type":"WebPage","@id":"https:\/\/dermamedk.es\/tienda\/cursos\/exosomas-formacion-exclusiva-con-enfoque-practico-intensivo\/","url":"https:\/\/dermamedk.es\/tienda\/cursos\/exosomas-formacion-exclusiva-con-enfoque-practico-intensivo\/","name":"Exosomas - Formaci\u00f3n Exclusiva con Enfoque Pr\u00e1ctico Intensivo - Dermamedk","isPartOf":{"@id":"https:\/\/dermamedk.es\/#website"},"primaryImageOfPage":{"@id":"https:\/\/dermamedk.es\/tienda\/cursos\/exosomas-formacion-exclusiva-con-enfoque-practico-intensivo\/#primaryimage"},"image":{"@id":"https:\/\/dermamedk.es\/tienda\/cursos\/exosomas-formacion-exclusiva-con-enfoque-practico-intensivo\/#primaryimage"},"thumbnailUrl":"https:\/\/dermamedk.es\/wp-content\/uploads\/2024\/12\/esoderm.webp","datePublished":"2024-12-01T16:37:27+00:00","dateModified":"2025-02-06T23:46:43+00:00","breadcrumb":{"@id":"https:\/\/dermamedk.es\/tienda\/cursos\/exosomas-formacion-exclusiva-con-enfoque-practico-intensivo\/#breadcrumb"},"inLanguage":"tr","potentialAction":[{"@type":"ReadAction","target":["https:\/\/dermamedk.es\/tienda\/cursos\/exosomas-formacion-exclusiva-con-enfoque-practico-intensivo\/"]}]},{"@type":"ImageObject","inLanguage":"tr","@id":"https:\/\/dermamedk.es\/tienda\/cursos\/exosomas-formacion-exclusiva-con-enfoque-practico-intensivo\/#primaryimage","url":"https:\/\/dermamedk.es\/wp-content\/uploads\/2024\/12\/esoderm.webp","contentUrl":"https:\/\/dermamedk.es\/wp-content\/uploads\/2024\/12\/esoderm.webp","width":907,"height":1599},{"@type":"BreadcrumbList","@id":"https:\/\/dermamedk.es\/tienda\/cursos\/exosomas-formacion-exclusiva-con-enfoque-practico-intensivo\/#breadcrumb","itemListElement":[{"@type":"ListItem","position":1,"name":"Home","item":"https:\/\/dermamedk.es\/"},{"@type":"ListItem","position":2,"name":"Tienda","item":"https:\/\/dermamedk.es\/tienda-dermamedk\/"},{"@type":"ListItem","position":3,"name":"Exosomas &#8211; Formaci\u00f3n Exclusiva con Enfoque Pr\u00e1ctico Intensivo"}]},{"@type":"WebSite","@id":"https:\/\/dermamedk.es\/#website","url":"https:\/\/dermamedk.es\/","name":"DermamedK | La elecci\u00f3n perfecta para tu cuidado de la piel","description":"Lo mejor para el cuidado de tu piel","publisher":{"@id":"https:\/\/dermamedk.es\/#organization"},"potentialAction":[{"@type":"SearchAction","target":{"@type":"EntryPoint","urlTemplate":"https:\/\/dermamedk.es\/?s={search_term_string}"},"query-input":{"@type":"PropertyValueSpecification","valueRequired":true,"valueName":"search_term_string"}}],"inLanguage":"tr"},{"@type":"Organization","@id":"https:\/\/dermamedk.es\/#organization","name":"DermamedK | La elecci\u00f3n perfecta para tu cuidado de la piel","url":"https:\/\/dermamedk.es\/","logo":{"@type":"ImageObject","inLanguage":"tr","@id":"https:\/\/dermamedk.es\/#\/schema\/logo\/image\/","url":"https:\/\/dermamedk.es\/wp-content\/uploads\/2023\/04\/logo-150.webp","contentUrl":"https:\/\/dermamedk.es\/wp-content\/uploads\/2023\/04\/logo-150.webp","width":180,"height":212,"caption":"DermamedK | La elecci\u00f3n perfecta para tu cuidado de la piel"},"image":{"@id":"https:\/\/dermamedk.es\/#\/schema\/logo\/image\/"},"sameAs":["https:\/\/www.facebook.com\/dermamedk","https:\/\/www.instagram.com\/dermamedk\/"]}]}},"_links":{"self":[{"href":"https:\/\/dermamedk.es\/tr\/wp-json\/wp\/v2\/product\/2378","targetHints":{"allow":["GET"]}}],"collection":[{"href":"https:\/\/dermamedk.es\/tr\/wp-json\/wp\/v2\/product"}],"about":[{"href":"https:\/\/dermamedk.es\/tr\/wp-json\/wp\/v2\/types\/product"}],"replies":[{"embeddable":true,"href":"https:\/\/dermamedk.es\/tr\/wp-json\/wp\/v2\/comments?post=2378"}],"version-history":[{"count":1,"href":"https:\/\/dermamedk.es\/tr\/wp-json\/wp\/v2\/product\/2378\/revisions"}],"predecessor-version":[{"id":2379,"href":"https:\/\/dermamedk.es\/tr\/wp-json\/wp\/v2\/product\/2378\/revisions\/2379"}],"wp:featuredmedia":[{"embeddable":true,"href":"https:\/\/dermamedk.es\/tr\/wp-json\/wp\/v2\/media\/2408"}],"wp:attachment":[{"href":"https:\/\/dermamedk.es\/tr\/wp-json\/wp\/v2\/media?parent=2378"}],"wp:term":[{"taxonomy":"product_brand","embeddable":true,"href":"https:\/\/dermamedk.es\/tr\/wp-json\/wp\/v2\/product_brand?post=2378"},{"taxonomy":"product_cat","embeddable":true,"href":"https:\/\/dermamedk.es\/tr\/wp-json\/wp\/v2\/product_cat?post=2378"},{"taxonomy":"product_tag","embeddable":true,"href":"https:\/\/dermamedk.es\/tr\/wp-json\/wp\/v2\/product_tag?post=2378"}],"curies":[{"name":"wp","href":"https:\/\/api.w.org\/{rel}","templated":true}]}}