 {"id":2354,"date":"2024-12-01T17:08:16","date_gmt":"2024-12-01T16:08:16","guid":{"rendered":"https:\/\/dermamedk.es\/?post_type=product&#038;p=2354"},"modified":"2025-02-09T04:39:23","modified_gmt":"2025-02-09T03:39:23","slug":"harmonizacion-facial-domina-la-planificacion-y-tecnicas-avanzadas","status":"publish","type":"product","link":"https:\/\/dermamedk.es\/tr\/tienda\/cursos\/harmonizacion-facial-domina-la-planificacion-y-tecnicas-avanzadas\/","title":{"rendered":"Y\u00fcz Uyumla\u015ft\u0131rma - Master Planlama ve \u0130leri Teknikler"},"content":{"rendered":"<p>Bu <strong>Y\u00fcz Uyum Kursu<\/strong> itibaren <strong>Dermamedk Akademi<\/strong> ileri y\u00fcz tedavilerinin planlanmas\u0131 ve uygulanmas\u0131nda becerilerini geli\u015ftirmek isteyen profesyoneller i\u00e7in tasarlanm\u0131\u015ft\u0131r. Profilleri analiz etmeyi, vakalar\u0131 se\u00e7meyi ve do\u011fal ve uyumlu sonu\u00e7lar i\u00e7in bilim, simetri ve esteti\u011fi birle\u015ftiren teknikleri uygulamay\u0131 \u00f6\u011frenin.<\/p>\n<p><strong>Ne \u00f6\u011freneceksiniz?<\/strong><\/p>\n<ul>\n<li><strong>Ki\u015fiselle\u015ftirilmi\u015f y\u00fcz planlamas\u0131:<\/strong> Profil te\u015fhisi ve tasar\u0131m\u0131na uygulanan uyum, oran ve simetri.<\/li>\n<li><strong>Foto\u011fraf ve sefalometrik analiz:<\/strong> Do\u011fru de\u011ferlendirme ve tedavi planlamas\u0131 i\u00e7in ara\u00e7lar.<\/li>\n<li><strong>\u0130leri teknikler:<\/strong> Etkili sonu\u00e7lar i\u00e7in s\u0131v\u0131 iplikler, DERPLASMA plazma ve b\u00fcy\u00fcme fakt\u00f6rlerinin kullan\u0131lmas\u0131.<\/li>\n<\/ul>\n<p><strong>\u015eunlar\u0131 i\u00e7erir:<\/strong><\/p>\n<ul>\n<li><strong>S\u00fcre:<\/strong> 8 saat (2 saat teori ve 3 ila 4 ger\u00e7ek model ile 6 saat uygulama).<\/li>\n<li><strong>Profesyonel \u00fcr\u00fcn kiti:<\/strong>\n<ul>\n<li>1 \u015fi\u015fe FORCELIFT<\/li>\n<li>1 \u015fi\u015fe PLASMADERM<\/li>\n<li>1 \u015fi\u015fe DEGROWTH FACTOR<\/li>\n<li>1 \u015fi\u015fe BOTXLIKE<\/li>\n<li>1 \u015fi\u015fe LIPOCELL<\/li>\n<\/ul>\n<\/li>\n<\/ul>\n<p><strong>Ola\u011fan\u00fcst\u00fc uygulamalar:<\/strong><\/p>\n<ul>\n<li>BOTXLIKE ile kas gev\u015femesi ve uyumlu g\u00fczelle\u015fme.<\/li>\n<li>Mandibular a\u00e7\u0131lar\u0131n i\u015faretlenmesi ve LIPOCELL lipolitik ajanlarla g\u0131d\u0131 tedavisi.<\/li>\n<li>Profesyonel oturumlar i\u00e7in protokolleri tamamlay\u0131n.<\/li>\n<\/ul>\n<hr \/>\n<h4><strong>Kursun faydalar\u0131:<\/strong><\/h4>\n<ol>\n<li>Yo\u011fun teori ve pratik i\u00e7eren kapsaml\u0131 e\u011fitim.<\/li>\n<li>Y\u00fcksek kaliteli \u00fcr\u00fcnlerden olu\u015fan eksiksiz kit dahildir.<\/li>\n<li>Yenilik\u00e7i y\u00fcz uyumla\u015ft\u0131rma teknikleri sertifikas\u0131.<\/li>\n<\/ol>\n<hr \/>\n<p><strong>Bug\u00fcn kaydolun ve becerilerinizi bir \u00fcst seviyeye ta\u015f\u0131y\u0131n!<\/strong><br \/>\nYerinizi ay\u0131rt\u0131n ve ileri y\u00fcz uyumla\u015ft\u0131rma tekniklerinde uzmanla\u015f\u0131n.<br \/>\n<strong>Daha fazla bilgi i\u00e7in bizimle ileti\u015fime ge\u00e7in:<\/strong><\/p>\n<ul>\n<li><strong>WhatsApp:<\/strong> <a href=\"https:\/\/api.whatsapp.com\/send?phone=+34612529895&amp;text=Hola,%20estaba%20accediendo%20a%20su%20p%C3%A1gina,%20me%20gustar%C3%ADa%20m%C3%A1s%20informaciones%20acerca%20del%20curso:HARMONIZACI%C3%93N%20FACIAL\">+34 612 529 895<\/a><\/li>\n<li><strong>Instagram:<\/strong> <a href=\"https:\/\/instagram.com\/dermamedkinter\" target=\"_new\" rel=\"noopener\">@dermamedkinter<\/a><\/li>\n<\/ul>","protected":false},"excerpt":{"rendered":"<p>El Curso de Harmonizaci\u00f3n Facial de Dermamedk Academy est\u00e1 dise\u00f1ado para profesionales que buscan perfeccionar sus habilidades en la planificaci\u00f3n y ejecuci\u00f3n de tratamientos faciales avanzados. Aprende a analizar perfiles, seleccionar casos y aplicar t\u00e9cnicas que combinan ciencia, simetr\u00eda y est\u00e9tica para resultados naturales y armoniosos. \u00bfQu\u00e9 aprender\u00e1s? Planificaci\u00f3n facial personalizada: Armon\u00eda, proporci\u00f3n y simetr\u00eda [&hellip;]<\/p>","protected":false},"featured_media":2409,"comment_status":"open","ping_status":"closed","template":"","meta":[],"product_brand":[],"product_cat":[61],"product_tag":[],"class_list":{"0":"post-2354","1":"product","2":"type-product","3":"status-publish","4":"has-post-thumbnail","6":"product_cat-cursos","8":"first","9":"instock","10":"taxable","11":"shipping-taxable","12":"product-type-simple"},"yoast_head":"<!-- This site is optimized with the Yoast SEO plugin v23.8 - https:\/\/yoast.com\/wordpress\/plugins\/seo\/ -->\n<title>Harmonizaci\u00f3n Facial - Domina la Planificaci\u00f3n y T\u00e9cnicas Avanzadas - Dermamedk<\/title>\n<meta name=\"robots\" content=\"index, follow, max-snippet:-1, max-image-preview:large, max-video-preview:-1\" \/>\n<link rel=\"canonical\" href=\"https:\/\/dermamedk.es\/tr\/tienda\/cursos\/harmonizacion-facial-domina-la-planificacion-y-tecnicas-avanzadas\/\" \/>\n<meta property=\"og:locale\" content=\"tr_TR\" \/>\n<meta property=\"og:type\" content=\"article\" \/>\n<meta property=\"og:title\" content=\"Harmonizaci\u00f3n Facial - Domina la Planificaci\u00f3n y T\u00e9cnicas Avanzadas - Dermamedk\" \/>\n<meta property=\"og:description\" content=\"El Curso de Harmonizaci\u00f3n Facial de Dermamedk Academy est\u00e1 dise\u00f1ado para profesionales que buscan perfeccionar sus habilidades en la planificaci\u00f3n y ejecuci\u00f3n de tratamientos faciales avanzados. Aprende a analizar perfiles, seleccionar casos y aplicar t\u00e9cnicas que combinan ciencia, simetr\u00eda y est\u00e9tica para resultados naturales y armoniosos. \u00bfQu\u00e9 aprender\u00e1s? Planificaci\u00f3n facial personalizada: Armon\u00eda, proporci\u00f3n y simetr\u00eda [&hellip;]\" \/>\n<meta property=\"og:url\" content=\"https:\/\/dermamedk.es\/tr\/tienda\/cursos\/harmonizacion-facial-domina-la-planificacion-y-tecnicas-avanzadas\/\" \/>\n<meta property=\"og:site_name\" content=\"Dermamedk\" \/>\n<meta property=\"article:publisher\" content=\"https:\/\/www.facebook.com\/dermamedk\" \/>\n<meta property=\"article:modified_time\" content=\"2025-02-09T03:39:23+00:00\" \/>\n<meta property=\"og:image\" content=\"https:\/\/dermamedk.es\/wp-content\/uploads\/2024\/12\/harmonizacion-facial.webp\" \/>\n\t<meta property=\"og:image:width\" content=\"907\" \/>\n\t<meta property=\"og:image:height\" content=\"1599\" \/>\n\t<meta property=\"og:image:type\" content=\"image\/webp\" \/>\n<meta name=\"twitter:card\" content=\"summary_large_image\" \/>\n<meta name=\"twitter:label1\" content=\"Tahmini okuma s\u00fcresi\" \/>\n\t<meta name=\"twitter:data1\" content=\"2 dakika\" \/>\n<script type=\"application\/ld+json\" class=\"yoast-schema-graph\">{\"@context\":\"https:\/\/schema.org\",\"@graph\":[{\"@type\":\"WebPage\",\"@id\":\"https:\/\/dermamedk.es\/tienda\/cursos\/harmonizacion-facial-domina-la-planificacion-y-tecnicas-avanzadas\/\",\"url\":\"https:\/\/dermamedk.es\/tienda\/cursos\/harmonizacion-facial-domina-la-planificacion-y-tecnicas-avanzadas\/\",\"name\":\"Harmonizaci\u00f3n Facial - Domina la Planificaci\u00f3n y T\u00e9cnicas Avanzadas - Dermamedk\",\"isPartOf\":{\"@id\":\"https:\/\/dermamedk.es\/#website\"},\"primaryImageOfPage\":{\"@id\":\"https:\/\/dermamedk.es\/tienda\/cursos\/harmonizacion-facial-domina-la-planificacion-y-tecnicas-avanzadas\/#primaryimage\"},\"image\":{\"@id\":\"https:\/\/dermamedk.es\/tienda\/cursos\/harmonizacion-facial-domina-la-planificacion-y-tecnicas-avanzadas\/#primaryimage\"},\"thumbnailUrl\":\"https:\/\/dermamedk.es\/wp-content\/uploads\/2024\/12\/harmonizacion-facial.webp\",\"datePublished\":\"2024-12-01T16:08:16+00:00\",\"dateModified\":\"2025-02-09T03:39:23+00:00\",\"breadcrumb\":{\"@id\":\"https:\/\/dermamedk.es\/tienda\/cursos\/harmonizacion-facial-domina-la-planificacion-y-tecnicas-avanzadas\/#breadcrumb\"},\"inLanguage\":\"tr\",\"potentialAction\":[{\"@type\":\"ReadAction\",\"target\":[\"https:\/\/dermamedk.es\/tienda\/cursos\/harmonizacion-facial-domina-la-planificacion-y-tecnicas-avanzadas\/\"]}]},{\"@type\":\"ImageObject\",\"inLanguage\":\"tr\",\"@id\":\"https:\/\/dermamedk.es\/tienda\/cursos\/harmonizacion-facial-domina-la-planificacion-y-tecnicas-avanzadas\/#primaryimage\",\"url\":\"https:\/\/dermamedk.es\/wp-content\/uploads\/2024\/12\/harmonizacion-facial.webp\",\"contentUrl\":\"https:\/\/dermamedk.es\/wp-content\/uploads\/2024\/12\/harmonizacion-facial.webp\",\"width\":907,\"height\":1599},{\"@type\":\"BreadcrumbList\",\"@id\":\"https:\/\/dermamedk.es\/tienda\/cursos\/harmonizacion-facial-domina-la-planificacion-y-tecnicas-avanzadas\/#breadcrumb\",\"itemListElement\":[{\"@type\":\"ListItem\",\"position\":1,\"name\":\"Home\",\"item\":\"https:\/\/dermamedk.es\/\"},{\"@type\":\"ListItem\",\"position\":2,\"name\":\"Tienda\",\"item\":\"https:\/\/dermamedk.es\/tienda-dermamedk\/\"},{\"@type\":\"ListItem\",\"position\":3,\"name\":\"Harmonizaci\u00f3n Facial &#8211; Domina la Planificaci\u00f3n y T\u00e9cnicas Avanzadas\"}]},{\"@type\":\"WebSite\",\"@id\":\"https:\/\/dermamedk.es\/#website\",\"url\":\"https:\/\/dermamedk.es\/\",\"name\":\"DermamedK | La elecci\u00f3n perfecta para tu cuidado de la piel\",\"description\":\"Lo mejor para el cuidado de tu piel\",\"publisher\":{\"@id\":\"https:\/\/dermamedk.es\/#organization\"},\"potentialAction\":[{\"@type\":\"SearchAction\",\"target\":{\"@type\":\"EntryPoint\",\"urlTemplate\":\"https:\/\/dermamedk.es\/?s={search_term_string}\"},\"query-input\":{\"@type\":\"PropertyValueSpecification\",\"valueRequired\":true,\"valueName\":\"search_term_string\"}}],\"inLanguage\":\"tr\"},{\"@type\":\"Organization\",\"@id\":\"https:\/\/dermamedk.es\/#organization\",\"name\":\"DermamedK | La elecci\u00f3n perfecta para tu cuidado de la piel\",\"url\":\"https:\/\/dermamedk.es\/\",\"logo\":{\"@type\":\"ImageObject\",\"inLanguage\":\"tr\",\"@id\":\"https:\/\/dermamedk.es\/#\/schema\/logo\/image\/\",\"url\":\"https:\/\/dermamedk.es\/wp-content\/uploads\/2023\/04\/logo-150.webp\",\"contentUrl\":\"https:\/\/dermamedk.es\/wp-content\/uploads\/2023\/04\/logo-150.webp\",\"width\":180,\"height\":212,\"caption\":\"DermamedK | La elecci\u00f3n perfecta para tu cuidado de la piel\"},\"image\":{\"@id\":\"https:\/\/dermamedk.es\/#\/schema\/logo\/image\/\"},\"sameAs\":[\"https:\/\/www.facebook.com\/dermamedk\",\"https:\/\/www.instagram.com\/dermamedk\/\"]}]}<\/script>\n<!-- \/ Yoast SEO plugin. -->","yoast_head_json":{"title":"Harmonizaci\u00f3n Facial - Domina la Planificaci\u00f3n y T\u00e9cnicas Avanzadas - Dermamedk","robots":{"index":"index","follow":"follow","max-snippet":"max-snippet:-1","max-image-preview":"max-image-preview:large","max-video-preview":"max-video-preview:-1"},"canonical":"https:\/\/dermamedk.es\/tr\/tienda\/cursos\/harmonizacion-facial-domina-la-planificacion-y-tecnicas-avanzadas\/","og_locale":"tr_TR","og_type":"article","og_title":"Harmonizaci\u00f3n Facial - Domina la Planificaci\u00f3n y T\u00e9cnicas Avanzadas - Dermamedk","og_description":"El Curso de Harmonizaci\u00f3n Facial de Dermamedk Academy est\u00e1 dise\u00f1ado para profesionales que buscan perfeccionar sus habilidades en la planificaci\u00f3n y ejecuci\u00f3n de tratamientos faciales avanzados. Aprende a analizar perfiles, seleccionar casos y aplicar t\u00e9cnicas que combinan ciencia, simetr\u00eda y est\u00e9tica para resultados naturales y armoniosos. \u00bfQu\u00e9 aprender\u00e1s? Planificaci\u00f3n facial personalizada: Armon\u00eda, proporci\u00f3n y simetr\u00eda [&hellip;]","og_url":"https:\/\/dermamedk.es\/tr\/tienda\/cursos\/harmonizacion-facial-domina-la-planificacion-y-tecnicas-avanzadas\/","og_site_name":"Dermamedk","article_publisher":"https:\/\/www.facebook.com\/dermamedk","article_modified_time":"2025-02-09T03:39:23+00:00","og_image":[{"width":907,"height":1599,"url":"https:\/\/dermamedk.es\/wp-content\/uploads\/2024\/12\/harmonizacion-facial.webp","type":"image\/webp"}],"twitter_card":"summary_large_image","twitter_misc":{"Tahmini okuma s\u00fcresi":"2 dakika"},"schema":{"@context":"https:\/\/schema.org","@graph":[{"@type":"WebPage","@id":"https:\/\/dermamedk.es\/tienda\/cursos\/harmonizacion-facial-domina-la-planificacion-y-tecnicas-avanzadas\/","url":"https:\/\/dermamedk.es\/tienda\/cursos\/harmonizacion-facial-domina-la-planificacion-y-tecnicas-avanzadas\/","name":"Harmonizaci\u00f3n Facial - Domina la Planificaci\u00f3n y T\u00e9cnicas Avanzadas - Dermamedk","isPartOf":{"@id":"https:\/\/dermamedk.es\/#website"},"primaryImageOfPage":{"@id":"https:\/\/dermamedk.es\/tienda\/cursos\/harmonizacion-facial-domina-la-planificacion-y-tecnicas-avanzadas\/#primaryimage"},"image":{"@id":"https:\/\/dermamedk.es\/tienda\/cursos\/harmonizacion-facial-domina-la-planificacion-y-tecnicas-avanzadas\/#primaryimage"},"thumbnailUrl":"https:\/\/dermamedk.es\/wp-content\/uploads\/2024\/12\/harmonizacion-facial.webp","datePublished":"2024-12-01T16:08:16+00:00","dateModified":"2025-02-09T03:39:23+00:00","breadcrumb":{"@id":"https:\/\/dermamedk.es\/tienda\/cursos\/harmonizacion-facial-domina-la-planificacion-y-tecnicas-avanzadas\/#breadcrumb"},"inLanguage":"tr","potentialAction":[{"@type":"ReadAction","target":["https:\/\/dermamedk.es\/tienda\/cursos\/harmonizacion-facial-domina-la-planificacion-y-tecnicas-avanzadas\/"]}]},{"@type":"ImageObject","inLanguage":"tr","@id":"https:\/\/dermamedk.es\/tienda\/cursos\/harmonizacion-facial-domina-la-planificacion-y-tecnicas-avanzadas\/#primaryimage","url":"https:\/\/dermamedk.es\/wp-content\/uploads\/2024\/12\/harmonizacion-facial.webp","contentUrl":"https:\/\/dermamedk.es\/wp-content\/uploads\/2024\/12\/harmonizacion-facial.webp","width":907,"height":1599},{"@type":"BreadcrumbList","@id":"https:\/\/dermamedk.es\/tienda\/cursos\/harmonizacion-facial-domina-la-planificacion-y-tecnicas-avanzadas\/#breadcrumb","itemListElement":[{"@type":"ListItem","position":1,"name":"Home","item":"https:\/\/dermamedk.es\/"},{"@type":"ListItem","position":2,"name":"Tienda","item":"https:\/\/dermamedk.es\/tienda-dermamedk\/"},{"@type":"ListItem","position":3,"name":"Harmonizaci\u00f3n Facial &#8211; Domina la Planificaci\u00f3n y T\u00e9cnicas Avanzadas"}]},{"@type":"WebSite","@id":"https:\/\/dermamedk.es\/#website","url":"https:\/\/dermamedk.es\/","name":"DermamedK | La elecci\u00f3n perfecta para tu cuidado de la piel","description":"Lo mejor para el cuidado de tu piel","publisher":{"@id":"https:\/\/dermamedk.es\/#organization"},"potentialAction":[{"@type":"SearchAction","target":{"@type":"EntryPoint","urlTemplate":"https:\/\/dermamedk.es\/?s={search_term_string}"},"query-input":{"@type":"PropertyValueSpecification","valueRequired":true,"valueName":"search_term_string"}}],"inLanguage":"tr"},{"@type":"Organization","@id":"https:\/\/dermamedk.es\/#organization","name":"DermamedK | La elecci\u00f3n perfecta para tu cuidado de la piel","url":"https:\/\/dermamedk.es\/","logo":{"@type":"ImageObject","inLanguage":"tr","@id":"https:\/\/dermamedk.es\/#\/schema\/logo\/image\/","url":"https:\/\/dermamedk.es\/wp-content\/uploads\/2023\/04\/logo-150.webp","contentUrl":"https:\/\/dermamedk.es\/wp-content\/uploads\/2023\/04\/logo-150.webp","width":180,"height":212,"caption":"DermamedK | La elecci\u00f3n perfecta para tu cuidado de la piel"},"image":{"@id":"https:\/\/dermamedk.es\/#\/schema\/logo\/image\/"},"sameAs":["https:\/\/www.facebook.com\/dermamedk","https:\/\/www.instagram.com\/dermamedk\/"]}]}},"_links":{"self":[{"href":"https:\/\/dermamedk.es\/tr\/wp-json\/wp\/v2\/product\/2354","targetHints":{"allow":["GET"]}}],"collection":[{"href":"https:\/\/dermamedk.es\/tr\/wp-json\/wp\/v2\/product"}],"about":[{"href":"https:\/\/dermamedk.es\/tr\/wp-json\/wp\/v2\/types\/product"}],"replies":[{"embeddable":true,"href":"https:\/\/dermamedk.es\/tr\/wp-json\/wp\/v2\/comments?post=2354"}],"version-history":[{"count":1,"href":"https:\/\/dermamedk.es\/tr\/wp-json\/wp\/v2\/product\/2354\/revisions"}],"predecessor-version":[{"id":2355,"href":"https:\/\/dermamedk.es\/tr\/wp-json\/wp\/v2\/product\/2354\/revisions\/2355"}],"wp:featuredmedia":[{"embeddable":true,"href":"https:\/\/dermamedk.es\/tr\/wp-json\/wp\/v2\/media\/2409"}],"wp:attachment":[{"href":"https:\/\/dermamedk.es\/tr\/wp-json\/wp\/v2\/media?parent=2354"}],"wp:term":[{"taxonomy":"product_brand","embeddable":true,"href":"https:\/\/dermamedk.es\/tr\/wp-json\/wp\/v2\/product_brand?post=2354"},{"taxonomy":"product_cat","embeddable":true,"href":"https:\/\/dermamedk.es\/tr\/wp-json\/wp\/v2\/product_cat?post=2354"},{"taxonomy":"product_tag","embeddable":true,"href":"https:\/\/dermamedk.es\/tr\/wp-json\/wp\/v2\/product_tag?post=2354"}],"curies":[{"name":"wp","href":"https:\/\/api.w.org\/{rel}","templated":true}]}}