 {"id":2340,"date":"2024-12-01T16:44:24","date_gmt":"2024-12-01T15:44:24","guid":{"rendered":"https:\/\/dermamedk.es\/?post_type=product&#038;p=2340"},"modified":"2025-02-07T00:47:04","modified_gmt":"2025-02-06T23:47:04","slug":"plasma-facial-rejuvenecimiento-natural-con-bioplacenta-derplasma","status":"publish","type":"product","link":"https:\/\/dermamedk.es\/tr\/tienda\/cursos\/plasma-facial-rejuvenecimiento-natural-con-bioplacenta-derplasma\/","title":{"rendered":"Y\u00fcz Plazmas\u0131 - Bioplacenta DERPLASMA ile Do\u011fal Gen\u00e7le\u015ftirme"},"content":{"rendered":"<p>ile <strong>Y\u00fcz Plazmas\u0131 Kursu<\/strong> itibaren <strong>Dermamedk Akademi<\/strong>Bu kursta, yenilik\u00e7i DERPLASMA Bioplacenta kullanarak en pop\u00fcler ve etkili gen\u00e7le\u015ftirme tedavilerinden birini nas\u0131l uygulayaca\u011f\u0131n\u0131z\u0131 \u00f6\u011freneceksiniz. H\u00fccresel yap\u0131m\u0131za benzeyen bu bile\u015fen, v\u00fccut taraf\u0131ndan kendi bile\u015feni olarak tan\u0131n\u0131r ve an\u0131nda ve do\u011fal sonu\u00e7lar\u0131 garanti eder.<\/p>\n<p><strong>Neden bu kursu se\u00e7melisiniz?<\/strong><\/p>\n<ul>\n<li><strong>Non-invaziv gen\u00e7le\u015ftirme:<\/strong> Cildin do\u011fall\u0131\u011f\u0131na sayg\u0131 g\u00f6steren bir teknik.<\/li>\n<li><strong>G\u00f6r\u00fcn\u00fcr sonu\u00e7lar:<\/strong> \u0130nce \u00e7izgileri azalt\u0131r, k\u0131r\u0131\u015f\u0131kl\u0131klar\u0131 giderir ve cilt elastikiyetini art\u0131r\u0131r.<\/li>\n<li><strong>Kapsaml\u0131 avantajlar:<\/strong> Cildi yeniler, beyazlat\u0131r, nemlendirir ve savunmas\u0131n\u0131 g\u00fc\u00e7lendirerek ayna etkisi yarat\u0131r.<\/li>\n<\/ul>\n<p><strong>\u015eunlar\u0131 i\u00e7erir:<\/strong><\/p>\n<ul>\n<li>Tekni\u011fe hakimiyeti sa\u011flamak i\u00e7in teorik ve pratik e\u011fitim.<\/li>\n<li>DERPLASMA Bioplacenta'n\u0131n farkl\u0131 cilt tiplerinde uygulanmas\u0131na ili\u015fkin ayr\u0131nt\u0131l\u0131 rehberlik.<\/li>\n<\/ul>\n<p><strong>Fiyatlar ve se\u00e7enekler:<\/strong><\/p>\n<ul>\n<li>Y\u00fcz y\u00fcze ve \u00e7evrimi\u00e7i (daha fazla ayr\u0131nt\u0131 i\u00e7in dan\u0131\u015f\u0131n\u0131z).<\/li>\n<\/ul>\n<hr \/>\n<h4><strong>Kursun faydalar\u0131:<\/strong><\/h4>\n<ol>\n<li>\u0130leri DERPLASMA Bioplacenta uygulama tekniklerini \u00f6\u011frenin.<\/li>\n<li>M\u00fc\u015fterilerinize an\u0131nda ve kal\u0131c\u0131 sonu\u00e7lar verin.<\/li>\n<li>\u00dcnl\u00fclerin en pop\u00fcler tedavilerinden birinde uzmanla\u015f\u0131n.<\/li>\n<\/ol>\n<hr \/>\n<p><strong>Bu yenilik\u00e7i teknikte ustala\u015fma f\u0131rsat\u0131n\u0131 ka\u00e7\u0131rmay\u0131n!<\/strong><br \/>\nYerinizi \u015fimdi ay\u0131rt\u0131n ve staj\u0131n\u0131z\u0131 bir \u00fcst seviyeye ta\u015f\u0131y\u0131n.<br \/>\n<strong>Daha fazla bilgi i\u00e7in bizimle ileti\u015fime ge\u00e7in:<\/strong><\/p>\n<ul>\n<li><strong>WhatsApp:<\/strong> <a href=\"https:\/\/api.whatsapp.com\/send?phone=+34612529895&amp;text=Hola,%20estaba%20accediendo%20a%20su%20p%C3%A1gina,%20me%20gustar%C3%ADa%20m%C3%A1s%20informaciones%20acerca%20del%20curso:%20PLASMA\">+34 612 529 895<\/a><\/li>\n<li><strong>Instagram:<\/strong> <a href=\"https:\/\/instagram.com\/dermamedkinter\" target=\"_new\" rel=\"noopener\">@dermamedkinter<\/a><\/li>\n<\/ul>","protected":false},"excerpt":{"rendered":"<p>Con el Curso Plasma Facial de Dermamedk Academy, aprender\u00e1s a aplicar uno de los tratamientos de rejuvenecimiento m\u00e1s demandados y efectivos, utilizando la innovadora Bioplacenta DERPLASMA. Este componente, similar a nuestra estructura celular, es reconocido por el cuerpo como propio, garantizando resultados inmediatos y naturales. \u00bfPor qu\u00e9 elegir este curso? Rejuvenecimiento no invasivo: Una t\u00e9cnica [&hellip;]<\/p>","protected":false},"featured_media":2406,"comment_status":"open","ping_status":"closed","template":"","meta":[],"product_brand":[],"product_cat":[61],"product_tag":[],"class_list":{"0":"post-2340","1":"product","2":"type-product","3":"status-publish","4":"has-post-thumbnail","6":"product_cat-cursos","8":"first","9":"instock","10":"taxable","11":"shipping-taxable","12":"product-type-simple"},"yoast_head":"<!-- This site is optimized with the Yoast SEO plugin v23.8 - https:\/\/yoast.com\/wordpress\/plugins\/seo\/ -->\n<title>Plasma Facial - Rejuvenecimiento Natural con Bioplacenta DERPLASMA - Dermamedk<\/title>\n<meta name=\"robots\" content=\"index, follow, max-snippet:-1, max-image-preview:large, max-video-preview:-1\" \/>\n<link rel=\"canonical\" href=\"https:\/\/dermamedk.es\/tr\/tienda\/cursos\/plasma-facial-rejuvenecimiento-natural-con-bioplacenta-derplasma\/\" \/>\n<meta property=\"og:locale\" content=\"tr_TR\" \/>\n<meta property=\"og:type\" content=\"article\" \/>\n<meta property=\"og:title\" content=\"Plasma Facial - Rejuvenecimiento Natural con Bioplacenta DERPLASMA - Dermamedk\" \/>\n<meta property=\"og:description\" content=\"Con el Curso Plasma Facial de Dermamedk Academy, aprender\u00e1s a aplicar uno de los tratamientos de rejuvenecimiento m\u00e1s demandados y efectivos, utilizando la innovadora Bioplacenta DERPLASMA. Este componente, similar a nuestra estructura celular, es reconocido por el cuerpo como propio, garantizando resultados inmediatos y naturales. \u00bfPor qu\u00e9 elegir este curso? Rejuvenecimiento no invasivo: Una t\u00e9cnica [&hellip;]\" \/>\n<meta property=\"og:url\" content=\"https:\/\/dermamedk.es\/tr\/tienda\/cursos\/plasma-facial-rejuvenecimiento-natural-con-bioplacenta-derplasma\/\" \/>\n<meta property=\"og:site_name\" content=\"Dermamedk\" \/>\n<meta property=\"article:publisher\" content=\"https:\/\/www.facebook.com\/dermamedk\" \/>\n<meta property=\"article:modified_time\" content=\"2025-02-06T23:47:04+00:00\" \/>\n<meta property=\"og:image\" content=\"https:\/\/dermamedk.es\/wp-content\/uploads\/2024\/12\/derplasma.webp\" \/>\n\t<meta property=\"og:image:width\" content=\"907\" \/>\n\t<meta property=\"og:image:height\" content=\"1599\" \/>\n\t<meta property=\"og:image:type\" content=\"image\/webp\" \/>\n<meta name=\"twitter:card\" content=\"summary_large_image\" \/>\n<meta name=\"twitter:label1\" content=\"Tahmini okuma s\u00fcresi\" \/>\n\t<meta name=\"twitter:data1\" content=\"1 dakika\" \/>\n<script type=\"application\/ld+json\" class=\"yoast-schema-graph\">{\"@context\":\"https:\/\/schema.org\",\"@graph\":[{\"@type\":\"WebPage\",\"@id\":\"https:\/\/dermamedk.es\/tienda\/cursos\/plasma-facial-rejuvenecimiento-natural-con-bioplacenta-derplasma\/\",\"url\":\"https:\/\/dermamedk.es\/tienda\/cursos\/plasma-facial-rejuvenecimiento-natural-con-bioplacenta-derplasma\/\",\"name\":\"Plasma Facial - Rejuvenecimiento Natural con Bioplacenta DERPLASMA - Dermamedk\",\"isPartOf\":{\"@id\":\"https:\/\/dermamedk.es\/#website\"},\"primaryImageOfPage\":{\"@id\":\"https:\/\/dermamedk.es\/tienda\/cursos\/plasma-facial-rejuvenecimiento-natural-con-bioplacenta-derplasma\/#primaryimage\"},\"image\":{\"@id\":\"https:\/\/dermamedk.es\/tienda\/cursos\/plasma-facial-rejuvenecimiento-natural-con-bioplacenta-derplasma\/#primaryimage\"},\"thumbnailUrl\":\"https:\/\/dermamedk.es\/wp-content\/uploads\/2024\/12\/derplasma.webp\",\"datePublished\":\"2024-12-01T15:44:24+00:00\",\"dateModified\":\"2025-02-06T23:47:04+00:00\",\"breadcrumb\":{\"@id\":\"https:\/\/dermamedk.es\/tienda\/cursos\/plasma-facial-rejuvenecimiento-natural-con-bioplacenta-derplasma\/#breadcrumb\"},\"inLanguage\":\"tr\",\"potentialAction\":[{\"@type\":\"ReadAction\",\"target\":[\"https:\/\/dermamedk.es\/tienda\/cursos\/plasma-facial-rejuvenecimiento-natural-con-bioplacenta-derplasma\/\"]}]},{\"@type\":\"ImageObject\",\"inLanguage\":\"tr\",\"@id\":\"https:\/\/dermamedk.es\/tienda\/cursos\/plasma-facial-rejuvenecimiento-natural-con-bioplacenta-derplasma\/#primaryimage\",\"url\":\"https:\/\/dermamedk.es\/wp-content\/uploads\/2024\/12\/derplasma.webp\",\"contentUrl\":\"https:\/\/dermamedk.es\/wp-content\/uploads\/2024\/12\/derplasma.webp\",\"width\":907,\"height\":1599},{\"@type\":\"BreadcrumbList\",\"@id\":\"https:\/\/dermamedk.es\/tienda\/cursos\/plasma-facial-rejuvenecimiento-natural-con-bioplacenta-derplasma\/#breadcrumb\",\"itemListElement\":[{\"@type\":\"ListItem\",\"position\":1,\"name\":\"Home\",\"item\":\"https:\/\/dermamedk.es\/\"},{\"@type\":\"ListItem\",\"position\":2,\"name\":\"Tienda\",\"item\":\"https:\/\/dermamedk.es\/tienda-dermamedk\/\"},{\"@type\":\"ListItem\",\"position\":3,\"name\":\"Plasma Facial &#8211; Rejuvenecimiento Natural con Bioplacenta DERPLASMA\"}]},{\"@type\":\"WebSite\",\"@id\":\"https:\/\/dermamedk.es\/#website\",\"url\":\"https:\/\/dermamedk.es\/\",\"name\":\"DermamedK | La elecci\u00f3n perfecta para tu cuidado de la piel\",\"description\":\"Lo mejor para el cuidado de tu piel\",\"publisher\":{\"@id\":\"https:\/\/dermamedk.es\/#organization\"},\"potentialAction\":[{\"@type\":\"SearchAction\",\"target\":{\"@type\":\"EntryPoint\",\"urlTemplate\":\"https:\/\/dermamedk.es\/?s={search_term_string}\"},\"query-input\":{\"@type\":\"PropertyValueSpecification\",\"valueRequired\":true,\"valueName\":\"search_term_string\"}}],\"inLanguage\":\"tr\"},{\"@type\":\"Organization\",\"@id\":\"https:\/\/dermamedk.es\/#organization\",\"name\":\"DermamedK | La elecci\u00f3n perfecta para tu cuidado de la piel\",\"url\":\"https:\/\/dermamedk.es\/\",\"logo\":{\"@type\":\"ImageObject\",\"inLanguage\":\"tr\",\"@id\":\"https:\/\/dermamedk.es\/#\/schema\/logo\/image\/\",\"url\":\"https:\/\/dermamedk.es\/wp-content\/uploads\/2023\/04\/logo-150.webp\",\"contentUrl\":\"https:\/\/dermamedk.es\/wp-content\/uploads\/2023\/04\/logo-150.webp\",\"width\":180,\"height\":212,\"caption\":\"DermamedK | La elecci\u00f3n perfecta para tu cuidado de la piel\"},\"image\":{\"@id\":\"https:\/\/dermamedk.es\/#\/schema\/logo\/image\/\"},\"sameAs\":[\"https:\/\/www.facebook.com\/dermamedk\",\"https:\/\/www.instagram.com\/dermamedk\/\"]}]}<\/script>\n<!-- \/ Yoast SEO plugin. -->","yoast_head_json":{"title":"Plasma Facial - Rejuvenecimiento Natural con Bioplacenta DERPLASMA - Dermamedk","robots":{"index":"index","follow":"follow","max-snippet":"max-snippet:-1","max-image-preview":"max-image-preview:large","max-video-preview":"max-video-preview:-1"},"canonical":"https:\/\/dermamedk.es\/tr\/tienda\/cursos\/plasma-facial-rejuvenecimiento-natural-con-bioplacenta-derplasma\/","og_locale":"tr_TR","og_type":"article","og_title":"Plasma Facial - Rejuvenecimiento Natural con Bioplacenta DERPLASMA - Dermamedk","og_description":"Con el Curso Plasma Facial de Dermamedk Academy, aprender\u00e1s a aplicar uno de los tratamientos de rejuvenecimiento m\u00e1s demandados y efectivos, utilizando la innovadora Bioplacenta DERPLASMA. Este componente, similar a nuestra estructura celular, es reconocido por el cuerpo como propio, garantizando resultados inmediatos y naturales. \u00bfPor qu\u00e9 elegir este curso? Rejuvenecimiento no invasivo: Una t\u00e9cnica [&hellip;]","og_url":"https:\/\/dermamedk.es\/tr\/tienda\/cursos\/plasma-facial-rejuvenecimiento-natural-con-bioplacenta-derplasma\/","og_site_name":"Dermamedk","article_publisher":"https:\/\/www.facebook.com\/dermamedk","article_modified_time":"2025-02-06T23:47:04+00:00","og_image":[{"width":907,"height":1599,"url":"https:\/\/dermamedk.es\/wp-content\/uploads\/2024\/12\/derplasma.webp","type":"image\/webp"}],"twitter_card":"summary_large_image","twitter_misc":{"Tahmini okuma s\u00fcresi":"1 dakika"},"schema":{"@context":"https:\/\/schema.org","@graph":[{"@type":"WebPage","@id":"https:\/\/dermamedk.es\/tienda\/cursos\/plasma-facial-rejuvenecimiento-natural-con-bioplacenta-derplasma\/","url":"https:\/\/dermamedk.es\/tienda\/cursos\/plasma-facial-rejuvenecimiento-natural-con-bioplacenta-derplasma\/","name":"Plasma Facial - Rejuvenecimiento Natural con Bioplacenta DERPLASMA - Dermamedk","isPartOf":{"@id":"https:\/\/dermamedk.es\/#website"},"primaryImageOfPage":{"@id":"https:\/\/dermamedk.es\/tienda\/cursos\/plasma-facial-rejuvenecimiento-natural-con-bioplacenta-derplasma\/#primaryimage"},"image":{"@id":"https:\/\/dermamedk.es\/tienda\/cursos\/plasma-facial-rejuvenecimiento-natural-con-bioplacenta-derplasma\/#primaryimage"},"thumbnailUrl":"https:\/\/dermamedk.es\/wp-content\/uploads\/2024\/12\/derplasma.webp","datePublished":"2024-12-01T15:44:24+00:00","dateModified":"2025-02-06T23:47:04+00:00","breadcrumb":{"@id":"https:\/\/dermamedk.es\/tienda\/cursos\/plasma-facial-rejuvenecimiento-natural-con-bioplacenta-derplasma\/#breadcrumb"},"inLanguage":"tr","potentialAction":[{"@type":"ReadAction","target":["https:\/\/dermamedk.es\/tienda\/cursos\/plasma-facial-rejuvenecimiento-natural-con-bioplacenta-derplasma\/"]}]},{"@type":"ImageObject","inLanguage":"tr","@id":"https:\/\/dermamedk.es\/tienda\/cursos\/plasma-facial-rejuvenecimiento-natural-con-bioplacenta-derplasma\/#primaryimage","url":"https:\/\/dermamedk.es\/wp-content\/uploads\/2024\/12\/derplasma.webp","contentUrl":"https:\/\/dermamedk.es\/wp-content\/uploads\/2024\/12\/derplasma.webp","width":907,"height":1599},{"@type":"BreadcrumbList","@id":"https:\/\/dermamedk.es\/tienda\/cursos\/plasma-facial-rejuvenecimiento-natural-con-bioplacenta-derplasma\/#breadcrumb","itemListElement":[{"@type":"ListItem","position":1,"name":"Home","item":"https:\/\/dermamedk.es\/"},{"@type":"ListItem","position":2,"name":"Tienda","item":"https:\/\/dermamedk.es\/tienda-dermamedk\/"},{"@type":"ListItem","position":3,"name":"Plasma Facial &#8211; Rejuvenecimiento Natural con Bioplacenta DERPLASMA"}]},{"@type":"WebSite","@id":"https:\/\/dermamedk.es\/#website","url":"https:\/\/dermamedk.es\/","name":"DermamedK | La elecci\u00f3n perfecta para tu cuidado de la piel","description":"Lo mejor para el cuidado de tu piel","publisher":{"@id":"https:\/\/dermamedk.es\/#organization"},"potentialAction":[{"@type":"SearchAction","target":{"@type":"EntryPoint","urlTemplate":"https:\/\/dermamedk.es\/?s={search_term_string}"},"query-input":{"@type":"PropertyValueSpecification","valueRequired":true,"valueName":"search_term_string"}}],"inLanguage":"tr"},{"@type":"Organization","@id":"https:\/\/dermamedk.es\/#organization","name":"DermamedK | La elecci\u00f3n perfecta para tu cuidado de la piel","url":"https:\/\/dermamedk.es\/","logo":{"@type":"ImageObject","inLanguage":"tr","@id":"https:\/\/dermamedk.es\/#\/schema\/logo\/image\/","url":"https:\/\/dermamedk.es\/wp-content\/uploads\/2023\/04\/logo-150.webp","contentUrl":"https:\/\/dermamedk.es\/wp-content\/uploads\/2023\/04\/logo-150.webp","width":180,"height":212,"caption":"DermamedK | La elecci\u00f3n perfecta para tu cuidado de la piel"},"image":{"@id":"https:\/\/dermamedk.es\/#\/schema\/logo\/image\/"},"sameAs":["https:\/\/www.facebook.com\/dermamedk","https:\/\/www.instagram.com\/dermamedk\/"]}]}},"_links":{"self":[{"href":"https:\/\/dermamedk.es\/tr\/wp-json\/wp\/v2\/product\/2340","targetHints":{"allow":["GET"]}}],"collection":[{"href":"https:\/\/dermamedk.es\/tr\/wp-json\/wp\/v2\/product"}],"about":[{"href":"https:\/\/dermamedk.es\/tr\/wp-json\/wp\/v2\/types\/product"}],"replies":[{"embeddable":true,"href":"https:\/\/dermamedk.es\/tr\/wp-json\/wp\/v2\/comments?post=2340"}],"version-history":[{"count":3,"href":"https:\/\/dermamedk.es\/tr\/wp-json\/wp\/v2\/product\/2340\/revisions"}],"predecessor-version":[{"id":2350,"href":"https:\/\/dermamedk.es\/tr\/wp-json\/wp\/v2\/product\/2340\/revisions\/2350"}],"wp:featuredmedia":[{"embeddable":true,"href":"https:\/\/dermamedk.es\/tr\/wp-json\/wp\/v2\/media\/2406"}],"wp:attachment":[{"href":"https:\/\/dermamedk.es\/tr\/wp-json\/wp\/v2\/media?parent=2340"}],"wp:term":[{"taxonomy":"product_brand","embeddable":true,"href":"https:\/\/dermamedk.es\/tr\/wp-json\/wp\/v2\/product_brand?post=2340"},{"taxonomy":"product_cat","embeddable":true,"href":"https:\/\/dermamedk.es\/tr\/wp-json\/wp\/v2\/product_cat?post=2340"},{"taxonomy":"product_tag","embeddable":true,"href":"https:\/\/dermamedk.es\/tr\/wp-json\/wp\/v2\/product_tag?post=2340"}],"curies":[{"name":"wp","href":"https:\/\/api.w.org\/{rel}","templated":true}]}}