 {"id":1852,"date":"2024-11-19T07:31:43","date_gmt":"2024-11-19T06:31:43","guid":{"rendered":"https:\/\/dermamedk.es\/?post_type=product&#038;p=1852"},"modified":"2024-11-19T18:07:04","modified_gmt":"2024-11-19T17:07:04","slug":"thermoderm-slim","status":"publish","type":"product","link":"https:\/\/dermamedk.es\/tr\/tienda\/nutricosmetica\/thermoderm-slim\/","title":{"rendered":"THERMODERM SLIM"},"content":{"rendered":"<p>THERMODERM SLIM v\u00fccut ya\u011f\u0131n\u0131n yak\u0131lmas\u0131n\u0131 geli\u015ftirerek metabolizmay\u0131 art\u0131r\u0131r. \u0130ns\u00fclin fonksiyonunu iyile\u015ftirir. THERMO SLIM, daha etkili bir termojenik etki i\u00e7in SINETROL\u00ae, Coleus foskohlii ekstresi ve krom pikolinat kombinasyonudur. Sinetrol\u00ae turun\u00e7gillerden elde edilen flavonoid ve antosiyaninlerin e\u015fsiz ve sinerjik bir polifenolik kar\u0131\u015f\u0131m\u0131d\u0131r: Citrus sinesis kan grubu (Portakal snaguina), Citrus aurantium var. Sinesis (Tatl\u0131 portakal), Citrus aurantium var. Amara (Ac\u0131 portakal), Citrus Paradise (Greyfurt) ile Paulina cupana (Guarana).<\/p>","protected":false},"excerpt":{"rendered":"<p>THERMODERM SLIM\u00a0 aumenta el metabolismo mejorando la quema de grasa corporal. Mejora la funci\u00f3n de la insulina. THERMO SLIM es una combinaci\u00f3n de SINETROL, con extracto de Coleus foskohlii y picolinato de cromo para ofrecer un efecto termog\u00e9nico m\u00e1s efectivo. El Sinetrol \u00ae es una mezcla polifen\u00f3lica exclusiva y sin\u00e9rgica de flavonoides y antocianinas de [&hellip;]<\/p>","protected":false},"featured_media":1882,"comment_status":"open","ping_status":"closed","template":"","meta":[],"product_brand":[],"product_cat":[57],"product_tag":[],"class_list":{"0":"post-1852","1":"product","2":"type-product","3":"status-publish","4":"has-post-thumbnail","6":"product_cat-nutricosmetica","8":"first","9":"instock","10":"taxable","11":"shipping-taxable","12":"purchasable","13":"product-type-simple"},"yoast_head":"<!-- This site is optimized with the Yoast SEO plugin v23.8 - https:\/\/yoast.com\/wordpress\/plugins\/seo\/ -->\n<title>THERMODERM SLIM - Dermamedk<\/title>\n<meta name=\"robots\" content=\"index, follow, max-snippet:-1, max-image-preview:large, max-video-preview:-1\" \/>\n<link rel=\"canonical\" href=\"https:\/\/dermamedk.es\/tr\/tienda\/nutricosmetica\/thermoderm-slim\/\" \/>\n<meta property=\"og:locale\" content=\"tr_TR\" \/>\n<meta property=\"og:type\" content=\"article\" \/>\n<meta property=\"og:title\" content=\"THERMODERM SLIM - Dermamedk\" \/>\n<meta property=\"og:description\" content=\"THERMODERM SLIM\u00a0 aumenta el metabolismo mejorando la quema de grasa corporal. Mejora la funci\u00f3n de la insulina. THERMO SLIM es una combinaci\u00f3n de SINETROL, con extracto de Coleus foskohlii y picolinato de cromo para ofrecer un efecto termog\u00e9nico m\u00e1s efectivo. El Sinetrol \u00ae es una mezcla polifen\u00f3lica exclusiva y sin\u00e9rgica de flavonoides y antocianinas de [&hellip;]\" \/>\n<meta property=\"og:url\" content=\"https:\/\/dermamedk.es\/tr\/tienda\/nutricosmetica\/thermoderm-slim\/\" \/>\n<meta property=\"og:site_name\" content=\"Dermamedk\" \/>\n<meta property=\"article:publisher\" content=\"https:\/\/www.facebook.com\/dermamedk\" \/>\n<meta property=\"article:modified_time\" content=\"2024-11-19T17:07:04+00:00\" \/>\n<meta property=\"og:image\" content=\"https:\/\/dermamedk.es\/wp-content\/uploads\/2024\/11\/Thermoderm-SLIM.webp\" \/>\n\t<meta property=\"og:image:width\" content=\"350\" \/>\n\t<meta property=\"og:image:height\" content=\"523\" \/>\n\t<meta property=\"og:image:type\" content=\"image\/webp\" \/>\n<meta name=\"twitter:card\" content=\"summary_large_image\" \/>\n<meta name=\"twitter:label1\" content=\"Tahmini okuma s\u00fcresi\" \/>\n\t<meta name=\"twitter:data1\" content=\"1 dakika\" \/>\n<script type=\"application\/ld+json\" class=\"yoast-schema-graph\">{\"@context\":\"https:\/\/schema.org\",\"@graph\":[{\"@type\":\"WebPage\",\"@id\":\"https:\/\/dermamedk.es\/tienda\/nutricosmetica\/thermoderm-slim\/\",\"url\":\"https:\/\/dermamedk.es\/tienda\/nutricosmetica\/thermoderm-slim\/\",\"name\":\"THERMODERM SLIM - Dermamedk\",\"isPartOf\":{\"@id\":\"https:\/\/dermamedk.es\/#website\"},\"primaryImageOfPage\":{\"@id\":\"https:\/\/dermamedk.es\/tienda\/nutricosmetica\/thermoderm-slim\/#primaryimage\"},\"image\":{\"@id\":\"https:\/\/dermamedk.es\/tienda\/nutricosmetica\/thermoderm-slim\/#primaryimage\"},\"thumbnailUrl\":\"https:\/\/dermamedk.es\/wp-content\/uploads\/2024\/11\/Thermoderm-SLIM.webp\",\"datePublished\":\"2024-11-19T06:31:43+00:00\",\"dateModified\":\"2024-11-19T17:07:04+00:00\",\"breadcrumb\":{\"@id\":\"https:\/\/dermamedk.es\/tienda\/nutricosmetica\/thermoderm-slim\/#breadcrumb\"},\"inLanguage\":\"tr\",\"potentialAction\":[{\"@type\":\"ReadAction\",\"target\":[\"https:\/\/dermamedk.es\/tienda\/nutricosmetica\/thermoderm-slim\/\"]}]},{\"@type\":\"ImageObject\",\"inLanguage\":\"tr\",\"@id\":\"https:\/\/dermamedk.es\/tienda\/nutricosmetica\/thermoderm-slim\/#primaryimage\",\"url\":\"https:\/\/dermamedk.es\/wp-content\/uploads\/2024\/11\/Thermoderm-SLIM.webp\",\"contentUrl\":\"https:\/\/dermamedk.es\/wp-content\/uploads\/2024\/11\/Thermoderm-SLIM.webp\",\"width\":350,\"height\":523},{\"@type\":\"BreadcrumbList\",\"@id\":\"https:\/\/dermamedk.es\/tienda\/nutricosmetica\/thermoderm-slim\/#breadcrumb\",\"itemListElement\":[{\"@type\":\"ListItem\",\"position\":1,\"name\":\"Home\",\"item\":\"https:\/\/dermamedk.es\/\"},{\"@type\":\"ListItem\",\"position\":2,\"name\":\"Tienda\",\"item\":\"https:\/\/dermamedk.es\/tienda-dermamedk\/\"},{\"@type\":\"ListItem\",\"position\":3,\"name\":\"THERMODERM SLIM\"}]},{\"@type\":\"WebSite\",\"@id\":\"https:\/\/dermamedk.es\/#website\",\"url\":\"https:\/\/dermamedk.es\/\",\"name\":\"DermamedK | La elecci\u00f3n perfecta para tu cuidado de la piel\",\"description\":\"Lo mejor para el cuidado de tu piel\",\"publisher\":{\"@id\":\"https:\/\/dermamedk.es\/#organization\"},\"potentialAction\":[{\"@type\":\"SearchAction\",\"target\":{\"@type\":\"EntryPoint\",\"urlTemplate\":\"https:\/\/dermamedk.es\/?s={search_term_string}\"},\"query-input\":{\"@type\":\"PropertyValueSpecification\",\"valueRequired\":true,\"valueName\":\"search_term_string\"}}],\"inLanguage\":\"tr\"},{\"@type\":\"Organization\",\"@id\":\"https:\/\/dermamedk.es\/#organization\",\"name\":\"DermamedK | La elecci\u00f3n perfecta para tu cuidado de la piel\",\"url\":\"https:\/\/dermamedk.es\/\",\"logo\":{\"@type\":\"ImageObject\",\"inLanguage\":\"tr\",\"@id\":\"https:\/\/dermamedk.es\/#\/schema\/logo\/image\/\",\"url\":\"https:\/\/dermamedk.es\/wp-content\/uploads\/2023\/04\/logo-150.webp\",\"contentUrl\":\"https:\/\/dermamedk.es\/wp-content\/uploads\/2023\/04\/logo-150.webp\",\"width\":180,\"height\":212,\"caption\":\"DermamedK | La elecci\u00f3n perfecta para tu cuidado de la piel\"},\"image\":{\"@id\":\"https:\/\/dermamedk.es\/#\/schema\/logo\/image\/\"},\"sameAs\":[\"https:\/\/www.facebook.com\/dermamedk\",\"https:\/\/www.instagram.com\/dermamedk\/\"]}]}<\/script>\n<!-- \/ Yoast SEO plugin. -->","yoast_head_json":{"title":"THERMODERM SLIM - Dermamedk","robots":{"index":"index","follow":"follow","max-snippet":"max-snippet:-1","max-image-preview":"max-image-preview:large","max-video-preview":"max-video-preview:-1"},"canonical":"https:\/\/dermamedk.es\/tr\/tienda\/nutricosmetica\/thermoderm-slim\/","og_locale":"tr_TR","og_type":"article","og_title":"THERMODERM SLIM - Dermamedk","og_description":"THERMODERM SLIM\u00a0 aumenta el metabolismo mejorando la quema de grasa corporal. Mejora la funci\u00f3n de la insulina. THERMO SLIM es una combinaci\u00f3n de SINETROL, con extracto de Coleus foskohlii y picolinato de cromo para ofrecer un efecto termog\u00e9nico m\u00e1s efectivo. El Sinetrol \u00ae es una mezcla polifen\u00f3lica exclusiva y sin\u00e9rgica de flavonoides y antocianinas de [&hellip;]","og_url":"https:\/\/dermamedk.es\/tr\/tienda\/nutricosmetica\/thermoderm-slim\/","og_site_name":"Dermamedk","article_publisher":"https:\/\/www.facebook.com\/dermamedk","article_modified_time":"2024-11-19T17:07:04+00:00","og_image":[{"width":350,"height":523,"url":"https:\/\/dermamedk.es\/wp-content\/uploads\/2024\/11\/Thermoderm-SLIM.webp","type":"image\/webp"}],"twitter_card":"summary_large_image","twitter_misc":{"Tahmini okuma s\u00fcresi":"1 dakika"},"schema":{"@context":"https:\/\/schema.org","@graph":[{"@type":"WebPage","@id":"https:\/\/dermamedk.es\/tienda\/nutricosmetica\/thermoderm-slim\/","url":"https:\/\/dermamedk.es\/tienda\/nutricosmetica\/thermoderm-slim\/","name":"THERMODERM SLIM - Dermamedk","isPartOf":{"@id":"https:\/\/dermamedk.es\/#website"},"primaryImageOfPage":{"@id":"https:\/\/dermamedk.es\/tienda\/nutricosmetica\/thermoderm-slim\/#primaryimage"},"image":{"@id":"https:\/\/dermamedk.es\/tienda\/nutricosmetica\/thermoderm-slim\/#primaryimage"},"thumbnailUrl":"https:\/\/dermamedk.es\/wp-content\/uploads\/2024\/11\/Thermoderm-SLIM.webp","datePublished":"2024-11-19T06:31:43+00:00","dateModified":"2024-11-19T17:07:04+00:00","breadcrumb":{"@id":"https:\/\/dermamedk.es\/tienda\/nutricosmetica\/thermoderm-slim\/#breadcrumb"},"inLanguage":"tr","potentialAction":[{"@type":"ReadAction","target":["https:\/\/dermamedk.es\/tienda\/nutricosmetica\/thermoderm-slim\/"]}]},{"@type":"ImageObject","inLanguage":"tr","@id":"https:\/\/dermamedk.es\/tienda\/nutricosmetica\/thermoderm-slim\/#primaryimage","url":"https:\/\/dermamedk.es\/wp-content\/uploads\/2024\/11\/Thermoderm-SLIM.webp","contentUrl":"https:\/\/dermamedk.es\/wp-content\/uploads\/2024\/11\/Thermoderm-SLIM.webp","width":350,"height":523},{"@type":"BreadcrumbList","@id":"https:\/\/dermamedk.es\/tienda\/nutricosmetica\/thermoderm-slim\/#breadcrumb","itemListElement":[{"@type":"ListItem","position":1,"name":"Home","item":"https:\/\/dermamedk.es\/"},{"@type":"ListItem","position":2,"name":"Tienda","item":"https:\/\/dermamedk.es\/tienda-dermamedk\/"},{"@type":"ListItem","position":3,"name":"THERMODERM SLIM"}]},{"@type":"WebSite","@id":"https:\/\/dermamedk.es\/#website","url":"https:\/\/dermamedk.es\/","name":"DermamedK | La elecci\u00f3n perfecta para tu cuidado de la piel","description":"Lo mejor para el cuidado de tu piel","publisher":{"@id":"https:\/\/dermamedk.es\/#organization"},"potentialAction":[{"@type":"SearchAction","target":{"@type":"EntryPoint","urlTemplate":"https:\/\/dermamedk.es\/?s={search_term_string}"},"query-input":{"@type":"PropertyValueSpecification","valueRequired":true,"valueName":"search_term_string"}}],"inLanguage":"tr"},{"@type":"Organization","@id":"https:\/\/dermamedk.es\/#organization","name":"DermamedK | La elecci\u00f3n perfecta para tu cuidado de la piel","url":"https:\/\/dermamedk.es\/","logo":{"@type":"ImageObject","inLanguage":"tr","@id":"https:\/\/dermamedk.es\/#\/schema\/logo\/image\/","url":"https:\/\/dermamedk.es\/wp-content\/uploads\/2023\/04\/logo-150.webp","contentUrl":"https:\/\/dermamedk.es\/wp-content\/uploads\/2023\/04\/logo-150.webp","width":180,"height":212,"caption":"DermamedK | La elecci\u00f3n perfecta para tu cuidado de la piel"},"image":{"@id":"https:\/\/dermamedk.es\/#\/schema\/logo\/image\/"},"sameAs":["https:\/\/www.facebook.com\/dermamedk","https:\/\/www.instagram.com\/dermamedk\/"]}]}},"_links":{"self":[{"href":"https:\/\/dermamedk.es\/tr\/wp-json\/wp\/v2\/product\/1852","targetHints":{"allow":["GET"]}}],"collection":[{"href":"https:\/\/dermamedk.es\/tr\/wp-json\/wp\/v2\/product"}],"about":[{"href":"https:\/\/dermamedk.es\/tr\/wp-json\/wp\/v2\/types\/product"}],"replies":[{"embeddable":true,"href":"https:\/\/dermamedk.es\/tr\/wp-json\/wp\/v2\/comments?post=1852"}],"version-history":[{"count":1,"href":"https:\/\/dermamedk.es\/tr\/wp-json\/wp\/v2\/product\/1852\/revisions"}],"predecessor-version":[{"id":1853,"href":"https:\/\/dermamedk.es\/tr\/wp-json\/wp\/v2\/product\/1852\/revisions\/1853"}],"wp:featuredmedia":[{"embeddable":true,"href":"https:\/\/dermamedk.es\/tr\/wp-json\/wp\/v2\/media\/1882"}],"wp:attachment":[{"href":"https:\/\/dermamedk.es\/tr\/wp-json\/wp\/v2\/media?parent=1852"}],"wp:term":[{"taxonomy":"product_brand","embeddable":true,"href":"https:\/\/dermamedk.es\/tr\/wp-json\/wp\/v2\/product_brand?post=1852"},{"taxonomy":"product_cat","embeddable":true,"href":"https:\/\/dermamedk.es\/tr\/wp-json\/wp\/v2\/product_cat?post=1852"},{"taxonomy":"product_tag","embeddable":true,"href":"https:\/\/dermamedk.es\/tr\/wp-json\/wp\/v2\/product_tag?post=1852"}],"curies":[{"name":"wp","href":"https:\/\/api.w.org\/{rel}","templated":true}]}}