 {"id":1754,"date":"2024-11-11T00:21:09","date_gmt":"2024-11-10T23:21:09","guid":{"rendered":"https:\/\/dermamedk.es\/?post_type=product&#038;p=1754"},"modified":"2024-11-11T12:02:22","modified_gmt":"2024-11-11T11:02:22","slug":"exoderm","status":"publish","type":"product","link":"https:\/\/dermamedk.es\/tr\/tienda\/exosomas\/exoderm\/","title":{"rendered":"EXODERM"},"content":{"rendered":"<p>2021 y\u0131l\u0131nda, 108 haftal\u0131k bir \u00e7al\u0131\u015fman\u0131n ard\u0131ndan, g\u00fc\u00e7l\u00fc bir rejeneratif etkiye sahip, kolajeni uyaran, imm\u00fcnoreg\u00fclat\u00f6r, beyazlatma, k\u0131r\u0131\u015f\u0131kl\u0131klar, yaralar ve cilt hastal\u0131klar\u0131n\u0131 \u00e7\u00f6zen seyreltilmemi\u015f Exoderm sol\u00fcsyonunu bulduk. Eksozomlar\u0131n ger\u00e7ek etkilerini deneyimleyin, 6 milyar partik\u00fcl, en iyi eksozomlar, en iyi aktivat\u00f6r dahil.<\/p>","protected":false},"excerpt":{"rendered":"<p>En 2021, despu\u00e9s de 108 semanas de estudio, nos encontramos con la soluci\u00f3n sin diluir de Exoderm que posee un fuerte efecto de regeneraci\u00f3n, que estimula el col\u00e1geno, es inmunoregulador, soluciona blanqueamientos, arrugas, heridas y enfermedades de la piel. Experimenta los efectos reales de los exosomas, incluidos 6 mil millones de part\u00edculas, los mejores exosomas, [&hellip;]<\/p>","protected":false},"featured_media":1756,"comment_status":"open","ping_status":"closed","template":"","meta":[],"product_brand":[],"product_cat":[55],"product_tag":[],"class_list":{"0":"post-1754","1":"product","2":"type-product","3":"status-publish","4":"has-post-thumbnail","6":"product_cat-exosomas","8":"first","9":"instock","10":"taxable","11":"shipping-taxable","12":"purchasable","13":"product-type-simple"},"yoast_head":"<!-- This site is optimized with the Yoast SEO plugin v23.8 - https:\/\/yoast.com\/wordpress\/plugins\/seo\/ -->\n<title>EXODERM - Dermamedk<\/title>\n<meta name=\"robots\" content=\"index, follow, max-snippet:-1, max-image-preview:large, max-video-preview:-1\" \/>\n<link rel=\"canonical\" href=\"https:\/\/dermamedk.es\/tr\/tienda\/exosomas\/exoderm\/\" \/>\n<meta property=\"og:locale\" content=\"tr_TR\" \/>\n<meta property=\"og:type\" content=\"article\" \/>\n<meta property=\"og:title\" content=\"EXODERM - Dermamedk\" \/>\n<meta property=\"og:description\" content=\"En 2021, despu\u00e9s de 108 semanas de estudio, nos encontramos con la soluci\u00f3n sin diluir de Exoderm que posee un fuerte efecto de regeneraci\u00f3n, que estimula el col\u00e1geno, es inmunoregulador, soluciona blanqueamientos, arrugas, heridas y enfermedades de la piel. Experimenta los efectos reales de los exosomas, incluidos 6 mil millones de part\u00edculas, los mejores exosomas, [&hellip;]\" \/>\n<meta property=\"og:url\" content=\"https:\/\/dermamedk.es\/tr\/tienda\/exosomas\/exoderm\/\" \/>\n<meta property=\"og:site_name\" content=\"Dermamedk\" \/>\n<meta property=\"article:publisher\" content=\"https:\/\/www.facebook.com\/dermamedk\" \/>\n<meta property=\"article:modified_time\" content=\"2024-11-11T11:02:22+00:00\" \/>\n<meta property=\"og:image\" content=\"https:\/\/dermamedk.es\/wp-content\/uploads\/2024\/11\/exoderm-1.webp\" \/>\n\t<meta property=\"og:image:width\" content=\"350\" \/>\n\t<meta property=\"og:image:height\" content=\"523\" \/>\n\t<meta property=\"og:image:type\" content=\"image\/webp\" \/>\n<meta name=\"twitter:card\" content=\"summary_large_image\" \/>\n<meta name=\"twitter:label1\" content=\"Tahmini okuma s\u00fcresi\" \/>\n\t<meta name=\"twitter:data1\" content=\"1 dakika\" \/>\n<script type=\"application\/ld+json\" class=\"yoast-schema-graph\">{\"@context\":\"https:\/\/schema.org\",\"@graph\":[{\"@type\":\"WebPage\",\"@id\":\"https:\/\/dermamedk.es\/tienda\/exosomas\/exoderm\/\",\"url\":\"https:\/\/dermamedk.es\/tienda\/exosomas\/exoderm\/\",\"name\":\"EXODERM - Dermamedk\",\"isPartOf\":{\"@id\":\"https:\/\/dermamedk.es\/#website\"},\"primaryImageOfPage\":{\"@id\":\"https:\/\/dermamedk.es\/tienda\/exosomas\/exoderm\/#primaryimage\"},\"image\":{\"@id\":\"https:\/\/dermamedk.es\/tienda\/exosomas\/exoderm\/#primaryimage\"},\"thumbnailUrl\":\"https:\/\/dermamedk.es\/wp-content\/uploads\/2024\/11\/exoderm-1.webp\",\"datePublished\":\"2024-11-10T23:21:09+00:00\",\"dateModified\":\"2024-11-11T11:02:22+00:00\",\"breadcrumb\":{\"@id\":\"https:\/\/dermamedk.es\/tienda\/exosomas\/exoderm\/#breadcrumb\"},\"inLanguage\":\"tr\",\"potentialAction\":[{\"@type\":\"ReadAction\",\"target\":[\"https:\/\/dermamedk.es\/tienda\/exosomas\/exoderm\/\"]}]},{\"@type\":\"ImageObject\",\"inLanguage\":\"tr\",\"@id\":\"https:\/\/dermamedk.es\/tienda\/exosomas\/exoderm\/#primaryimage\",\"url\":\"https:\/\/dermamedk.es\/wp-content\/uploads\/2024\/11\/exoderm-1.webp\",\"contentUrl\":\"https:\/\/dermamedk.es\/wp-content\/uploads\/2024\/11\/exoderm-1.webp\",\"width\":350,\"height\":523},{\"@type\":\"BreadcrumbList\",\"@id\":\"https:\/\/dermamedk.es\/tienda\/exosomas\/exoderm\/#breadcrumb\",\"itemListElement\":[{\"@type\":\"ListItem\",\"position\":1,\"name\":\"Home\",\"item\":\"https:\/\/dermamedk.es\/\"},{\"@type\":\"ListItem\",\"position\":2,\"name\":\"Tienda\",\"item\":\"https:\/\/dermamedk.es\/tienda-dermamedk\/\"},{\"@type\":\"ListItem\",\"position\":3,\"name\":\"EXODERM\"}]},{\"@type\":\"WebSite\",\"@id\":\"https:\/\/dermamedk.es\/#website\",\"url\":\"https:\/\/dermamedk.es\/\",\"name\":\"DermamedK | La elecci\u00f3n perfecta para tu cuidado de la piel\",\"description\":\"Lo mejor para el cuidado de tu piel\",\"publisher\":{\"@id\":\"https:\/\/dermamedk.es\/#organization\"},\"potentialAction\":[{\"@type\":\"SearchAction\",\"target\":{\"@type\":\"EntryPoint\",\"urlTemplate\":\"https:\/\/dermamedk.es\/?s={search_term_string}\"},\"query-input\":{\"@type\":\"PropertyValueSpecification\",\"valueRequired\":true,\"valueName\":\"search_term_string\"}}],\"inLanguage\":\"tr\"},{\"@type\":\"Organization\",\"@id\":\"https:\/\/dermamedk.es\/#organization\",\"name\":\"DermamedK | La elecci\u00f3n perfecta para tu cuidado de la piel\",\"url\":\"https:\/\/dermamedk.es\/\",\"logo\":{\"@type\":\"ImageObject\",\"inLanguage\":\"tr\",\"@id\":\"https:\/\/dermamedk.es\/#\/schema\/logo\/image\/\",\"url\":\"https:\/\/dermamedk.es\/wp-content\/uploads\/2023\/04\/logo-150.webp\",\"contentUrl\":\"https:\/\/dermamedk.es\/wp-content\/uploads\/2023\/04\/logo-150.webp\",\"width\":180,\"height\":212,\"caption\":\"DermamedK | La elecci\u00f3n perfecta para tu cuidado de la piel\"},\"image\":{\"@id\":\"https:\/\/dermamedk.es\/#\/schema\/logo\/image\/\"},\"sameAs\":[\"https:\/\/www.facebook.com\/dermamedk\",\"https:\/\/www.instagram.com\/dermamedk\/\"]}]}<\/script>\n<!-- \/ Yoast SEO plugin. -->","yoast_head_json":{"title":"EXODERM - Dermamedk","robots":{"index":"index","follow":"follow","max-snippet":"max-snippet:-1","max-image-preview":"max-image-preview:large","max-video-preview":"max-video-preview:-1"},"canonical":"https:\/\/dermamedk.es\/tr\/tienda\/exosomas\/exoderm\/","og_locale":"tr_TR","og_type":"article","og_title":"EXODERM - Dermamedk","og_description":"En 2021, despu\u00e9s de 108 semanas de estudio, nos encontramos con la soluci\u00f3n sin diluir de Exoderm que posee un fuerte efecto de regeneraci\u00f3n, que estimula el col\u00e1geno, es inmunoregulador, soluciona blanqueamientos, arrugas, heridas y enfermedades de la piel. Experimenta los efectos reales de los exosomas, incluidos 6 mil millones de part\u00edculas, los mejores exosomas, [&hellip;]","og_url":"https:\/\/dermamedk.es\/tr\/tienda\/exosomas\/exoderm\/","og_site_name":"Dermamedk","article_publisher":"https:\/\/www.facebook.com\/dermamedk","article_modified_time":"2024-11-11T11:02:22+00:00","og_image":[{"width":350,"height":523,"url":"https:\/\/dermamedk.es\/wp-content\/uploads\/2024\/11\/exoderm-1.webp","type":"image\/webp"}],"twitter_card":"summary_large_image","twitter_misc":{"Tahmini okuma s\u00fcresi":"1 dakika"},"schema":{"@context":"https:\/\/schema.org","@graph":[{"@type":"WebPage","@id":"https:\/\/dermamedk.es\/tienda\/exosomas\/exoderm\/","url":"https:\/\/dermamedk.es\/tienda\/exosomas\/exoderm\/","name":"EXODERM - Dermamedk","isPartOf":{"@id":"https:\/\/dermamedk.es\/#website"},"primaryImageOfPage":{"@id":"https:\/\/dermamedk.es\/tienda\/exosomas\/exoderm\/#primaryimage"},"image":{"@id":"https:\/\/dermamedk.es\/tienda\/exosomas\/exoderm\/#primaryimage"},"thumbnailUrl":"https:\/\/dermamedk.es\/wp-content\/uploads\/2024\/11\/exoderm-1.webp","datePublished":"2024-11-10T23:21:09+00:00","dateModified":"2024-11-11T11:02:22+00:00","breadcrumb":{"@id":"https:\/\/dermamedk.es\/tienda\/exosomas\/exoderm\/#breadcrumb"},"inLanguage":"tr","potentialAction":[{"@type":"ReadAction","target":["https:\/\/dermamedk.es\/tienda\/exosomas\/exoderm\/"]}]},{"@type":"ImageObject","inLanguage":"tr","@id":"https:\/\/dermamedk.es\/tienda\/exosomas\/exoderm\/#primaryimage","url":"https:\/\/dermamedk.es\/wp-content\/uploads\/2024\/11\/exoderm-1.webp","contentUrl":"https:\/\/dermamedk.es\/wp-content\/uploads\/2024\/11\/exoderm-1.webp","width":350,"height":523},{"@type":"BreadcrumbList","@id":"https:\/\/dermamedk.es\/tienda\/exosomas\/exoderm\/#breadcrumb","itemListElement":[{"@type":"ListItem","position":1,"name":"Home","item":"https:\/\/dermamedk.es\/"},{"@type":"ListItem","position":2,"name":"Tienda","item":"https:\/\/dermamedk.es\/tienda-dermamedk\/"},{"@type":"ListItem","position":3,"name":"EXODERM"}]},{"@type":"WebSite","@id":"https:\/\/dermamedk.es\/#website","url":"https:\/\/dermamedk.es\/","name":"DermamedK | La elecci\u00f3n perfecta para tu cuidado de la piel","description":"Lo mejor para el cuidado de tu piel","publisher":{"@id":"https:\/\/dermamedk.es\/#organization"},"potentialAction":[{"@type":"SearchAction","target":{"@type":"EntryPoint","urlTemplate":"https:\/\/dermamedk.es\/?s={search_term_string}"},"query-input":{"@type":"PropertyValueSpecification","valueRequired":true,"valueName":"search_term_string"}}],"inLanguage":"tr"},{"@type":"Organization","@id":"https:\/\/dermamedk.es\/#organization","name":"DermamedK | La elecci\u00f3n perfecta para tu cuidado de la piel","url":"https:\/\/dermamedk.es\/","logo":{"@type":"ImageObject","inLanguage":"tr","@id":"https:\/\/dermamedk.es\/#\/schema\/logo\/image\/","url":"https:\/\/dermamedk.es\/wp-content\/uploads\/2023\/04\/logo-150.webp","contentUrl":"https:\/\/dermamedk.es\/wp-content\/uploads\/2023\/04\/logo-150.webp","width":180,"height":212,"caption":"DermamedK | La elecci\u00f3n perfecta para tu cuidado de la piel"},"image":{"@id":"https:\/\/dermamedk.es\/#\/schema\/logo\/image\/"},"sameAs":["https:\/\/www.facebook.com\/dermamedk","https:\/\/www.instagram.com\/dermamedk\/"]}]}},"_links":{"self":[{"href":"https:\/\/dermamedk.es\/tr\/wp-json\/wp\/v2\/product\/1754","targetHints":{"allow":["GET"]}}],"collection":[{"href":"https:\/\/dermamedk.es\/tr\/wp-json\/wp\/v2\/product"}],"about":[{"href":"https:\/\/dermamedk.es\/tr\/wp-json\/wp\/v2\/types\/product"}],"replies":[{"embeddable":true,"href":"https:\/\/dermamedk.es\/tr\/wp-json\/wp\/v2\/comments?post=1754"}],"version-history":[{"count":1,"href":"https:\/\/dermamedk.es\/tr\/wp-json\/wp\/v2\/product\/1754\/revisions"}],"predecessor-version":[{"id":1757,"href":"https:\/\/dermamedk.es\/tr\/wp-json\/wp\/v2\/product\/1754\/revisions\/1757"}],"wp:featuredmedia":[{"embeddable":true,"href":"https:\/\/dermamedk.es\/tr\/wp-json\/wp\/v2\/media\/1756"}],"wp:attachment":[{"href":"https:\/\/dermamedk.es\/tr\/wp-json\/wp\/v2\/media?parent=1754"}],"wp:term":[{"taxonomy":"product_brand","embeddable":true,"href":"https:\/\/dermamedk.es\/tr\/wp-json\/wp\/v2\/product_brand?post=1754"},{"taxonomy":"product_cat","embeddable":true,"href":"https:\/\/dermamedk.es\/tr\/wp-json\/wp\/v2\/product_cat?post=1754"},{"taxonomy":"product_tag","embeddable":true,"href":"https:\/\/dermamedk.es\/tr\/wp-json\/wp\/v2\/product_tag?post=1754"}],"curies":[{"name":"wp","href":"https:\/\/api.w.org\/{rel}","templated":true}]}}