 {"id":1751,"date":"2024-11-11T00:18:10","date_gmt":"2024-11-10T23:18:10","guid":{"rendered":"https:\/\/dermamedk.es\/?post_type=product&#038;p=1751"},"modified":"2024-11-11T12:06:22","modified_gmt":"2024-11-11T11:06:22","slug":"peeling-facial-de-oro-24-k-y-caviar","status":"publish","type":"product","link":"https:\/\/dermamedk.es\/tr\/tienda\/linea-oro-24-k\/peeling-facial-de-oro-24-k-y-caviar\/","title":{"rendered":"24 AYAR ALTIN VE HAVYARLI Y\u00dcZ PEELINGI"},"content":{"rendered":"<p>24 ayar alt\u0131n ve havyar bazl\u0131 bu mineral bak\u0131m\u0131ndan zengin y\u00fcz peelingi kan dola\u015f\u0131m\u0131n\u0131 uyar\u0131r, cildi berrakla\u015ft\u0131r\u0131r ve g\u00f6zenekleri kirden, terden, ya\u011fl\u0131 ve pul pul ciltten derinlemesine temizlemeye yard\u0131mc\u0131 olur. Peelingin i\u00e7indeki alt\u0131n, epidermiste h\u00fccre b\u00fcy\u00fcmesini uyararak cilt h\u00fccrelerini yeniler. Alt\u0131n ayr\u0131ca nemi hapseder, kolajen seviyesini art\u0131r\u0131r ve elastinin par\u00e7alanmas\u0131n\u0131 \u00f6nler.<\/p>","protected":false},"excerpt":{"rendered":"<p>A base de oro 24 quilates y caviar, este peeling facial rico en minerales estimula la circulaci\u00f3n sangu\u00ednea, aclara la piel y ayuda a limpiar profundamente los poros de la suciedad, el sudor, la piel grasosa y descamada. El oro en el peeling estimula el crecimiento celular de la epidermis, regenerando las c\u00e9lulas de la [&hellip;]<\/p>","protected":false},"featured_media":1752,"comment_status":"open","ping_status":"closed","template":"","meta":[],"product_brand":[],"product_cat":[54],"product_tag":[],"class_list":{"0":"post-1751","1":"product","2":"type-product","3":"status-publish","4":"has-post-thumbnail","6":"product_cat-linea-oro-24-k","8":"first","9":"instock","10":"taxable","11":"shipping-taxable","12":"purchasable","13":"product-type-simple"},"yoast_head":"<!-- This site is optimized with the Yoast SEO plugin v23.8 - https:\/\/yoast.com\/wordpress\/plugins\/seo\/ -->\n<title>PEELING FACIAL DE ORO 24 K Y CAVIAR - Dermamedk<\/title>\n<meta name=\"robots\" content=\"index, follow, max-snippet:-1, max-image-preview:large, max-video-preview:-1\" \/>\n<link rel=\"canonical\" href=\"https:\/\/dermamedk.es\/tr\/tienda\/linea-oro-24-k\/peeling-facial-de-oro-24-k-y-caviar\/\" \/>\n<meta property=\"og:locale\" content=\"tr_TR\" \/>\n<meta property=\"og:type\" content=\"article\" \/>\n<meta property=\"og:title\" content=\"PEELING FACIAL DE ORO 24 K Y CAVIAR - Dermamedk\" \/>\n<meta property=\"og:description\" content=\"A base de oro 24 quilates y caviar, este peeling facial rico en minerales estimula la circulaci\u00f3n sangu\u00ednea, aclara la piel y ayuda a limpiar profundamente los poros de la suciedad, el sudor, la piel grasosa y descamada. El oro en el peeling estimula el crecimiento celular de la epidermis, regenerando las c\u00e9lulas de la [&hellip;]\" \/>\n<meta property=\"og:url\" content=\"https:\/\/dermamedk.es\/tr\/tienda\/linea-oro-24-k\/peeling-facial-de-oro-24-k-y-caviar\/\" \/>\n<meta property=\"og:site_name\" content=\"Dermamedk\" \/>\n<meta property=\"article:publisher\" content=\"https:\/\/www.facebook.com\/dermamedk\" \/>\n<meta property=\"article:modified_time\" content=\"2024-11-11T11:06:22+00:00\" \/>\n<meta property=\"og:image\" content=\"https:\/\/dermamedk.es\/wp-content\/uploads\/2024\/11\/PEELING-FACILA-DE-ORO-24-K-Y-CAVIAR.webp\" \/>\n\t<meta property=\"og:image:width\" content=\"350\" \/>\n\t<meta property=\"og:image:height\" content=\"523\" \/>\n\t<meta property=\"og:image:type\" content=\"image\/webp\" \/>\n<meta name=\"twitter:card\" content=\"summary_large_image\" \/>\n<meta name=\"twitter:label1\" content=\"Tahmini okuma s\u00fcresi\" \/>\n\t<meta name=\"twitter:data1\" content=\"1 dakika\" \/>\n<script type=\"application\/ld+json\" class=\"yoast-schema-graph\">{\"@context\":\"https:\/\/schema.org\",\"@graph\":[{\"@type\":\"WebPage\",\"@id\":\"https:\/\/dermamedk.es\/tienda\/linea-oro-24-k\/peeling-facial-de-oro-24-k-y-caviar\/\",\"url\":\"https:\/\/dermamedk.es\/tienda\/linea-oro-24-k\/peeling-facial-de-oro-24-k-y-caviar\/\",\"name\":\"PEELING FACIAL DE ORO 24 K Y CAVIAR - Dermamedk\",\"isPartOf\":{\"@id\":\"https:\/\/dermamedk.es\/#website\"},\"primaryImageOfPage\":{\"@id\":\"https:\/\/dermamedk.es\/tienda\/linea-oro-24-k\/peeling-facial-de-oro-24-k-y-caviar\/#primaryimage\"},\"image\":{\"@id\":\"https:\/\/dermamedk.es\/tienda\/linea-oro-24-k\/peeling-facial-de-oro-24-k-y-caviar\/#primaryimage\"},\"thumbnailUrl\":\"https:\/\/dermamedk.es\/wp-content\/uploads\/2024\/11\/PEELING-FACILA-DE-ORO-24-K-Y-CAVIAR.webp\",\"datePublished\":\"2024-11-10T23:18:10+00:00\",\"dateModified\":\"2024-11-11T11:06:22+00:00\",\"breadcrumb\":{\"@id\":\"https:\/\/dermamedk.es\/tienda\/linea-oro-24-k\/peeling-facial-de-oro-24-k-y-caviar\/#breadcrumb\"},\"inLanguage\":\"tr\",\"potentialAction\":[{\"@type\":\"ReadAction\",\"target\":[\"https:\/\/dermamedk.es\/tienda\/linea-oro-24-k\/peeling-facial-de-oro-24-k-y-caviar\/\"]}]},{\"@type\":\"ImageObject\",\"inLanguage\":\"tr\",\"@id\":\"https:\/\/dermamedk.es\/tienda\/linea-oro-24-k\/peeling-facial-de-oro-24-k-y-caviar\/#primaryimage\",\"url\":\"https:\/\/dermamedk.es\/wp-content\/uploads\/2024\/11\/PEELING-FACILA-DE-ORO-24-K-Y-CAVIAR.webp\",\"contentUrl\":\"https:\/\/dermamedk.es\/wp-content\/uploads\/2024\/11\/PEELING-FACILA-DE-ORO-24-K-Y-CAVIAR.webp\",\"width\":350,\"height\":523},{\"@type\":\"BreadcrumbList\",\"@id\":\"https:\/\/dermamedk.es\/tienda\/linea-oro-24-k\/peeling-facial-de-oro-24-k-y-caviar\/#breadcrumb\",\"itemListElement\":[{\"@type\":\"ListItem\",\"position\":1,\"name\":\"Home\",\"item\":\"https:\/\/dermamedk.es\/\"},{\"@type\":\"ListItem\",\"position\":2,\"name\":\"Tienda\",\"item\":\"https:\/\/dermamedk.es\/tienda-dermamedk\/\"},{\"@type\":\"ListItem\",\"position\":3,\"name\":\"PEELING FACIAL DE ORO 24 K Y CAVIAR\"}]},{\"@type\":\"WebSite\",\"@id\":\"https:\/\/dermamedk.es\/#website\",\"url\":\"https:\/\/dermamedk.es\/\",\"name\":\"DermamedK | La elecci\u00f3n perfecta para tu cuidado de la piel\",\"description\":\"Lo mejor para el cuidado de tu piel\",\"publisher\":{\"@id\":\"https:\/\/dermamedk.es\/#organization\"},\"potentialAction\":[{\"@type\":\"SearchAction\",\"target\":{\"@type\":\"EntryPoint\",\"urlTemplate\":\"https:\/\/dermamedk.es\/?s={search_term_string}\"},\"query-input\":{\"@type\":\"PropertyValueSpecification\",\"valueRequired\":true,\"valueName\":\"search_term_string\"}}],\"inLanguage\":\"tr\"},{\"@type\":\"Organization\",\"@id\":\"https:\/\/dermamedk.es\/#organization\",\"name\":\"DermamedK | La elecci\u00f3n perfecta para tu cuidado de la piel\",\"url\":\"https:\/\/dermamedk.es\/\",\"logo\":{\"@type\":\"ImageObject\",\"inLanguage\":\"tr\",\"@id\":\"https:\/\/dermamedk.es\/#\/schema\/logo\/image\/\",\"url\":\"https:\/\/dermamedk.es\/wp-content\/uploads\/2023\/04\/logo-150.webp\",\"contentUrl\":\"https:\/\/dermamedk.es\/wp-content\/uploads\/2023\/04\/logo-150.webp\",\"width\":180,\"height\":212,\"caption\":\"DermamedK | La elecci\u00f3n perfecta para tu cuidado de la piel\"},\"image\":{\"@id\":\"https:\/\/dermamedk.es\/#\/schema\/logo\/image\/\"},\"sameAs\":[\"https:\/\/www.facebook.com\/dermamedk\",\"https:\/\/www.instagram.com\/dermamedk\/\"]}]}<\/script>\n<!-- \/ Yoast SEO plugin. -->","yoast_head_json":{"title":"PEELING FACIAL DE ORO 24 K Y CAVIAR - Dermamedk","robots":{"index":"index","follow":"follow","max-snippet":"max-snippet:-1","max-image-preview":"max-image-preview:large","max-video-preview":"max-video-preview:-1"},"canonical":"https:\/\/dermamedk.es\/tr\/tienda\/linea-oro-24-k\/peeling-facial-de-oro-24-k-y-caviar\/","og_locale":"tr_TR","og_type":"article","og_title":"PEELING FACIAL DE ORO 24 K Y CAVIAR - Dermamedk","og_description":"A base de oro 24 quilates y caviar, este peeling facial rico en minerales estimula la circulaci\u00f3n sangu\u00ednea, aclara la piel y ayuda a limpiar profundamente los poros de la suciedad, el sudor, la piel grasosa y descamada. El oro en el peeling estimula el crecimiento celular de la epidermis, regenerando las c\u00e9lulas de la [&hellip;]","og_url":"https:\/\/dermamedk.es\/tr\/tienda\/linea-oro-24-k\/peeling-facial-de-oro-24-k-y-caviar\/","og_site_name":"Dermamedk","article_publisher":"https:\/\/www.facebook.com\/dermamedk","article_modified_time":"2024-11-11T11:06:22+00:00","og_image":[{"width":350,"height":523,"url":"https:\/\/dermamedk.es\/wp-content\/uploads\/2024\/11\/PEELING-FACILA-DE-ORO-24-K-Y-CAVIAR.webp","type":"image\/webp"}],"twitter_card":"summary_large_image","twitter_misc":{"Tahmini okuma s\u00fcresi":"1 dakika"},"schema":{"@context":"https:\/\/schema.org","@graph":[{"@type":"WebPage","@id":"https:\/\/dermamedk.es\/tienda\/linea-oro-24-k\/peeling-facial-de-oro-24-k-y-caviar\/","url":"https:\/\/dermamedk.es\/tienda\/linea-oro-24-k\/peeling-facial-de-oro-24-k-y-caviar\/","name":"PEELING FACIAL DE ORO 24 K Y CAVIAR - Dermamedk","isPartOf":{"@id":"https:\/\/dermamedk.es\/#website"},"primaryImageOfPage":{"@id":"https:\/\/dermamedk.es\/tienda\/linea-oro-24-k\/peeling-facial-de-oro-24-k-y-caviar\/#primaryimage"},"image":{"@id":"https:\/\/dermamedk.es\/tienda\/linea-oro-24-k\/peeling-facial-de-oro-24-k-y-caviar\/#primaryimage"},"thumbnailUrl":"https:\/\/dermamedk.es\/wp-content\/uploads\/2024\/11\/PEELING-FACILA-DE-ORO-24-K-Y-CAVIAR.webp","datePublished":"2024-11-10T23:18:10+00:00","dateModified":"2024-11-11T11:06:22+00:00","breadcrumb":{"@id":"https:\/\/dermamedk.es\/tienda\/linea-oro-24-k\/peeling-facial-de-oro-24-k-y-caviar\/#breadcrumb"},"inLanguage":"tr","potentialAction":[{"@type":"ReadAction","target":["https:\/\/dermamedk.es\/tienda\/linea-oro-24-k\/peeling-facial-de-oro-24-k-y-caviar\/"]}]},{"@type":"ImageObject","inLanguage":"tr","@id":"https:\/\/dermamedk.es\/tienda\/linea-oro-24-k\/peeling-facial-de-oro-24-k-y-caviar\/#primaryimage","url":"https:\/\/dermamedk.es\/wp-content\/uploads\/2024\/11\/PEELING-FACILA-DE-ORO-24-K-Y-CAVIAR.webp","contentUrl":"https:\/\/dermamedk.es\/wp-content\/uploads\/2024\/11\/PEELING-FACILA-DE-ORO-24-K-Y-CAVIAR.webp","width":350,"height":523},{"@type":"BreadcrumbList","@id":"https:\/\/dermamedk.es\/tienda\/linea-oro-24-k\/peeling-facial-de-oro-24-k-y-caviar\/#breadcrumb","itemListElement":[{"@type":"ListItem","position":1,"name":"Home","item":"https:\/\/dermamedk.es\/"},{"@type":"ListItem","position":2,"name":"Tienda","item":"https:\/\/dermamedk.es\/tienda-dermamedk\/"},{"@type":"ListItem","position":3,"name":"PEELING FACIAL DE ORO 24 K Y CAVIAR"}]},{"@type":"WebSite","@id":"https:\/\/dermamedk.es\/#website","url":"https:\/\/dermamedk.es\/","name":"DermamedK | La elecci\u00f3n perfecta para tu cuidado de la piel","description":"Lo mejor para el cuidado de tu piel","publisher":{"@id":"https:\/\/dermamedk.es\/#organization"},"potentialAction":[{"@type":"SearchAction","target":{"@type":"EntryPoint","urlTemplate":"https:\/\/dermamedk.es\/?s={search_term_string}"},"query-input":{"@type":"PropertyValueSpecification","valueRequired":true,"valueName":"search_term_string"}}],"inLanguage":"tr"},{"@type":"Organization","@id":"https:\/\/dermamedk.es\/#organization","name":"DermamedK | La elecci\u00f3n perfecta para tu cuidado de la piel","url":"https:\/\/dermamedk.es\/","logo":{"@type":"ImageObject","inLanguage":"tr","@id":"https:\/\/dermamedk.es\/#\/schema\/logo\/image\/","url":"https:\/\/dermamedk.es\/wp-content\/uploads\/2023\/04\/logo-150.webp","contentUrl":"https:\/\/dermamedk.es\/wp-content\/uploads\/2023\/04\/logo-150.webp","width":180,"height":212,"caption":"DermamedK | La elecci\u00f3n perfecta para tu cuidado de la piel"},"image":{"@id":"https:\/\/dermamedk.es\/#\/schema\/logo\/image\/"},"sameAs":["https:\/\/www.facebook.com\/dermamedk","https:\/\/www.instagram.com\/dermamedk\/"]}]}},"_links":{"self":[{"href":"https:\/\/dermamedk.es\/tr\/wp-json\/wp\/v2\/product\/1751","targetHints":{"allow":["GET"]}}],"collection":[{"href":"https:\/\/dermamedk.es\/tr\/wp-json\/wp\/v2\/product"}],"about":[{"href":"https:\/\/dermamedk.es\/tr\/wp-json\/wp\/v2\/types\/product"}],"replies":[{"embeddable":true,"href":"https:\/\/dermamedk.es\/tr\/wp-json\/wp\/v2\/comments?post=1751"}],"version-history":[{"count":2,"href":"https:\/\/dermamedk.es\/tr\/wp-json\/wp\/v2\/product\/1751\/revisions"}],"predecessor-version":[{"id":1775,"href":"https:\/\/dermamedk.es\/tr\/wp-json\/wp\/v2\/product\/1751\/revisions\/1775"}],"wp:featuredmedia":[{"embeddable":true,"href":"https:\/\/dermamedk.es\/tr\/wp-json\/wp\/v2\/media\/1752"}],"wp:attachment":[{"href":"https:\/\/dermamedk.es\/tr\/wp-json\/wp\/v2\/media?parent=1751"}],"wp:term":[{"taxonomy":"product_brand","embeddable":true,"href":"https:\/\/dermamedk.es\/tr\/wp-json\/wp\/v2\/product_brand?post=1751"},{"taxonomy":"product_cat","embeddable":true,"href":"https:\/\/dermamedk.es\/tr\/wp-json\/wp\/v2\/product_cat?post=1751"},{"taxonomy":"product_tag","embeddable":true,"href":"https:\/\/dermamedk.es\/tr\/wp-json\/wp\/v2\/product_tag?post=1751"}],"curies":[{"name":"wp","href":"https:\/\/api.w.org\/{rel}","templated":true}]}}