 {"id":1748,"date":"2024-11-11T00:15:50","date_gmt":"2024-11-10T23:15:50","guid":{"rendered":"https:\/\/dermamedk.es\/?post_type=product&#038;p=1748"},"modified":"2024-11-11T12:05:42","modified_gmt":"2024-11-11T11:05:42","slug":"mascarilla-magnetica-de-oro-24-k-y-caviar","status":"publish","type":"product","link":"https:\/\/dermamedk.es\/tr\/tienda\/linea-oro-24-k\/mascarilla-magnetica-de-oro-24-k-y-caviar\/","title":{"rendered":"24 AYAR ALTIN VE HAVYARDAN OLU\u015eAN MANYETIK MASKE"},"content":{"rendered":"<p>Mineraller ve 24 ayar alt\u0131n\u0131n eser elementleri bak\u0131m\u0131ndan zengin bu maske cildinizin her zamankinden daha p\u00fcr\u00fczs\u00fcz, daha parlak ve daha gen\u00e7 g\u00f6r\u00fcnmesini ve hissedilmesini sa\u011flar. Maskenin i\u00e7indeki 24 ayar alt\u0131n epidermiste h\u00fccre b\u00fcy\u00fcmesini uyararak cilt h\u00fccrelerini yeniler. Maske g\u00fcne\u015f ve ya\u015fl\u0131l\u0131k lekelerini hafifletir. Dehidrasyonu ve erken cilt ya\u015flanmas\u0131n\u0131 \u00f6nlemeye yard\u0131mc\u0131 olan A ve E vitaminleri ile zenginle\u015ftirilmi\u015ftir. Ayr\u0131ca cilde gen\u00e7li\u011fi, p\u00fcr\u00fczs\u00fczl\u00fc\u011f\u00fc ve elastikiyeti etkili bir \u015fekilde geri kazand\u0131ran Haxapeptide-9 i\u00e7erir.<\/p>","protected":false},"excerpt":{"rendered":"<p>Esta mascarilla rica en minerales y oligoelementos de oro de 24 quilates hace que tu piel luzca y sea m\u00e1s suave, radiante y joven que nunca. El oro de 24 K en la mascarilla estimula el crecimiento celular de la epidermis, regenerando las c\u00e9lulas de la piel. La mascarilla aclara las manchas solares y de [&hellip;]<\/p>","protected":false},"featured_media":1749,"comment_status":"open","ping_status":"closed","template":"","meta":[],"product_brand":[],"product_cat":[54],"product_tag":[],"class_list":{"0":"post-1748","1":"product","2":"type-product","3":"status-publish","4":"has-post-thumbnail","6":"product_cat-linea-oro-24-k","8":"first","9":"instock","10":"taxable","11":"shipping-taxable","12":"purchasable","13":"product-type-simple"},"yoast_head":"<!-- This site is optimized with the Yoast SEO plugin v23.8 - https:\/\/yoast.com\/wordpress\/plugins\/seo\/ -->\n<title>MASCARILLA MAGN\u00c9TICA DE ORO 24 K Y CAVIAR - Dermamedk<\/title>\n<meta name=\"robots\" content=\"index, follow, max-snippet:-1, max-image-preview:large, max-video-preview:-1\" \/>\n<link rel=\"canonical\" href=\"https:\/\/dermamedk.es\/tr\/tienda\/linea-oro-24-k\/mascarilla-magnetica-de-oro-24-k-y-caviar\/\" \/>\n<meta property=\"og:locale\" content=\"tr_TR\" \/>\n<meta property=\"og:type\" content=\"article\" \/>\n<meta property=\"og:title\" content=\"MASCARILLA MAGN\u00c9TICA DE ORO 24 K Y CAVIAR - Dermamedk\" \/>\n<meta property=\"og:description\" content=\"Esta mascarilla rica en minerales y oligoelementos de oro de 24 quilates hace que tu piel luzca y sea m\u00e1s suave, radiante y joven que nunca. El oro de 24 K en la mascarilla estimula el crecimiento celular de la epidermis, regenerando las c\u00e9lulas de la piel. La mascarilla aclara las manchas solares y de [&hellip;]\" \/>\n<meta property=\"og:url\" content=\"https:\/\/dermamedk.es\/tr\/tienda\/linea-oro-24-k\/mascarilla-magnetica-de-oro-24-k-y-caviar\/\" \/>\n<meta property=\"og:site_name\" content=\"Dermamedk\" \/>\n<meta property=\"article:publisher\" content=\"https:\/\/www.facebook.com\/dermamedk\" \/>\n<meta property=\"article:modified_time\" content=\"2024-11-11T11:05:42+00:00\" \/>\n<meta property=\"og:image\" content=\"https:\/\/dermamedk.es\/wp-content\/uploads\/2024\/11\/MASCARILLA-MAGNETICA-DE-ORO-24-K-Y-CAVIAR.webp\" \/>\n\t<meta property=\"og:image:width\" content=\"350\" \/>\n\t<meta property=\"og:image:height\" content=\"523\" \/>\n\t<meta property=\"og:image:type\" content=\"image\/webp\" \/>\n<meta name=\"twitter:card\" content=\"summary_large_image\" \/>\n<meta name=\"twitter:label1\" content=\"Tahmini okuma s\u00fcresi\" \/>\n\t<meta name=\"twitter:data1\" content=\"1 dakika\" \/>\n<script type=\"application\/ld+json\" class=\"yoast-schema-graph\">{\"@context\":\"https:\/\/schema.org\",\"@graph\":[{\"@type\":\"WebPage\",\"@id\":\"https:\/\/dermamedk.es\/tienda\/linea-oro-24-k\/mascarilla-magnetica-de-oro-24-k-y-caviar\/\",\"url\":\"https:\/\/dermamedk.es\/tienda\/linea-oro-24-k\/mascarilla-magnetica-de-oro-24-k-y-caviar\/\",\"name\":\"MASCARILLA MAGN\u00c9TICA DE ORO 24 K Y CAVIAR - Dermamedk\",\"isPartOf\":{\"@id\":\"https:\/\/dermamedk.es\/#website\"},\"primaryImageOfPage\":{\"@id\":\"https:\/\/dermamedk.es\/tienda\/linea-oro-24-k\/mascarilla-magnetica-de-oro-24-k-y-caviar\/#primaryimage\"},\"image\":{\"@id\":\"https:\/\/dermamedk.es\/tienda\/linea-oro-24-k\/mascarilla-magnetica-de-oro-24-k-y-caviar\/#primaryimage\"},\"thumbnailUrl\":\"https:\/\/dermamedk.es\/wp-content\/uploads\/2024\/11\/MASCARILLA-MAGNETICA-DE-ORO-24-K-Y-CAVIAR.webp\",\"datePublished\":\"2024-11-10T23:15:50+00:00\",\"dateModified\":\"2024-11-11T11:05:42+00:00\",\"breadcrumb\":{\"@id\":\"https:\/\/dermamedk.es\/tienda\/linea-oro-24-k\/mascarilla-magnetica-de-oro-24-k-y-caviar\/#breadcrumb\"},\"inLanguage\":\"tr\",\"potentialAction\":[{\"@type\":\"ReadAction\",\"target\":[\"https:\/\/dermamedk.es\/tienda\/linea-oro-24-k\/mascarilla-magnetica-de-oro-24-k-y-caviar\/\"]}]},{\"@type\":\"ImageObject\",\"inLanguage\":\"tr\",\"@id\":\"https:\/\/dermamedk.es\/tienda\/linea-oro-24-k\/mascarilla-magnetica-de-oro-24-k-y-caviar\/#primaryimage\",\"url\":\"https:\/\/dermamedk.es\/wp-content\/uploads\/2024\/11\/MASCARILLA-MAGNETICA-DE-ORO-24-K-Y-CAVIAR.webp\",\"contentUrl\":\"https:\/\/dermamedk.es\/wp-content\/uploads\/2024\/11\/MASCARILLA-MAGNETICA-DE-ORO-24-K-Y-CAVIAR.webp\",\"width\":350,\"height\":523},{\"@type\":\"BreadcrumbList\",\"@id\":\"https:\/\/dermamedk.es\/tienda\/linea-oro-24-k\/mascarilla-magnetica-de-oro-24-k-y-caviar\/#breadcrumb\",\"itemListElement\":[{\"@type\":\"ListItem\",\"position\":1,\"name\":\"Home\",\"item\":\"https:\/\/dermamedk.es\/\"},{\"@type\":\"ListItem\",\"position\":2,\"name\":\"Tienda\",\"item\":\"https:\/\/dermamedk.es\/tienda-dermamedk\/\"},{\"@type\":\"ListItem\",\"position\":3,\"name\":\"MASCARILLA MAGN\u00c9TICA DE ORO 24 K Y CAVIAR\"}]},{\"@type\":\"WebSite\",\"@id\":\"https:\/\/dermamedk.es\/#website\",\"url\":\"https:\/\/dermamedk.es\/\",\"name\":\"DermamedK | La elecci\u00f3n perfecta para tu cuidado de la piel\",\"description\":\"Lo mejor para el cuidado de tu piel\",\"publisher\":{\"@id\":\"https:\/\/dermamedk.es\/#organization\"},\"potentialAction\":[{\"@type\":\"SearchAction\",\"target\":{\"@type\":\"EntryPoint\",\"urlTemplate\":\"https:\/\/dermamedk.es\/?s={search_term_string}\"},\"query-input\":{\"@type\":\"PropertyValueSpecification\",\"valueRequired\":true,\"valueName\":\"search_term_string\"}}],\"inLanguage\":\"tr\"},{\"@type\":\"Organization\",\"@id\":\"https:\/\/dermamedk.es\/#organization\",\"name\":\"DermamedK | La elecci\u00f3n perfecta para tu cuidado de la piel\",\"url\":\"https:\/\/dermamedk.es\/\",\"logo\":{\"@type\":\"ImageObject\",\"inLanguage\":\"tr\",\"@id\":\"https:\/\/dermamedk.es\/#\/schema\/logo\/image\/\",\"url\":\"https:\/\/dermamedk.es\/wp-content\/uploads\/2023\/04\/logo-150.webp\",\"contentUrl\":\"https:\/\/dermamedk.es\/wp-content\/uploads\/2023\/04\/logo-150.webp\",\"width\":180,\"height\":212,\"caption\":\"DermamedK | La elecci\u00f3n perfecta para tu cuidado de la piel\"},\"image\":{\"@id\":\"https:\/\/dermamedk.es\/#\/schema\/logo\/image\/\"},\"sameAs\":[\"https:\/\/www.facebook.com\/dermamedk\",\"https:\/\/www.instagram.com\/dermamedk\/\"]}]}<\/script>\n<!-- \/ Yoast SEO plugin. -->","yoast_head_json":{"title":"MASCARILLA MAGN\u00c9TICA DE ORO 24 K Y CAVIAR - Dermamedk","robots":{"index":"index","follow":"follow","max-snippet":"max-snippet:-1","max-image-preview":"max-image-preview:large","max-video-preview":"max-video-preview:-1"},"canonical":"https:\/\/dermamedk.es\/tr\/tienda\/linea-oro-24-k\/mascarilla-magnetica-de-oro-24-k-y-caviar\/","og_locale":"tr_TR","og_type":"article","og_title":"MASCARILLA MAGN\u00c9TICA DE ORO 24 K Y CAVIAR - Dermamedk","og_description":"Esta mascarilla rica en minerales y oligoelementos de oro de 24 quilates hace que tu piel luzca y sea m\u00e1s suave, radiante y joven que nunca. El oro de 24 K en la mascarilla estimula el crecimiento celular de la epidermis, regenerando las c\u00e9lulas de la piel. La mascarilla aclara las manchas solares y de [&hellip;]","og_url":"https:\/\/dermamedk.es\/tr\/tienda\/linea-oro-24-k\/mascarilla-magnetica-de-oro-24-k-y-caviar\/","og_site_name":"Dermamedk","article_publisher":"https:\/\/www.facebook.com\/dermamedk","article_modified_time":"2024-11-11T11:05:42+00:00","og_image":[{"width":350,"height":523,"url":"https:\/\/dermamedk.es\/wp-content\/uploads\/2024\/11\/MASCARILLA-MAGNETICA-DE-ORO-24-K-Y-CAVIAR.webp","type":"image\/webp"}],"twitter_card":"summary_large_image","twitter_misc":{"Tahmini okuma s\u00fcresi":"1 dakika"},"schema":{"@context":"https:\/\/schema.org","@graph":[{"@type":"WebPage","@id":"https:\/\/dermamedk.es\/tienda\/linea-oro-24-k\/mascarilla-magnetica-de-oro-24-k-y-caviar\/","url":"https:\/\/dermamedk.es\/tienda\/linea-oro-24-k\/mascarilla-magnetica-de-oro-24-k-y-caviar\/","name":"MASCARILLA MAGN\u00c9TICA DE ORO 24 K Y CAVIAR - Dermamedk","isPartOf":{"@id":"https:\/\/dermamedk.es\/#website"},"primaryImageOfPage":{"@id":"https:\/\/dermamedk.es\/tienda\/linea-oro-24-k\/mascarilla-magnetica-de-oro-24-k-y-caviar\/#primaryimage"},"image":{"@id":"https:\/\/dermamedk.es\/tienda\/linea-oro-24-k\/mascarilla-magnetica-de-oro-24-k-y-caviar\/#primaryimage"},"thumbnailUrl":"https:\/\/dermamedk.es\/wp-content\/uploads\/2024\/11\/MASCARILLA-MAGNETICA-DE-ORO-24-K-Y-CAVIAR.webp","datePublished":"2024-11-10T23:15:50+00:00","dateModified":"2024-11-11T11:05:42+00:00","breadcrumb":{"@id":"https:\/\/dermamedk.es\/tienda\/linea-oro-24-k\/mascarilla-magnetica-de-oro-24-k-y-caviar\/#breadcrumb"},"inLanguage":"tr","potentialAction":[{"@type":"ReadAction","target":["https:\/\/dermamedk.es\/tienda\/linea-oro-24-k\/mascarilla-magnetica-de-oro-24-k-y-caviar\/"]}]},{"@type":"ImageObject","inLanguage":"tr","@id":"https:\/\/dermamedk.es\/tienda\/linea-oro-24-k\/mascarilla-magnetica-de-oro-24-k-y-caviar\/#primaryimage","url":"https:\/\/dermamedk.es\/wp-content\/uploads\/2024\/11\/MASCARILLA-MAGNETICA-DE-ORO-24-K-Y-CAVIAR.webp","contentUrl":"https:\/\/dermamedk.es\/wp-content\/uploads\/2024\/11\/MASCARILLA-MAGNETICA-DE-ORO-24-K-Y-CAVIAR.webp","width":350,"height":523},{"@type":"BreadcrumbList","@id":"https:\/\/dermamedk.es\/tienda\/linea-oro-24-k\/mascarilla-magnetica-de-oro-24-k-y-caviar\/#breadcrumb","itemListElement":[{"@type":"ListItem","position":1,"name":"Home","item":"https:\/\/dermamedk.es\/"},{"@type":"ListItem","position":2,"name":"Tienda","item":"https:\/\/dermamedk.es\/tienda-dermamedk\/"},{"@type":"ListItem","position":3,"name":"MASCARILLA MAGN\u00c9TICA DE ORO 24 K Y CAVIAR"}]},{"@type":"WebSite","@id":"https:\/\/dermamedk.es\/#website","url":"https:\/\/dermamedk.es\/","name":"DermamedK | La elecci\u00f3n perfecta para tu cuidado de la piel","description":"Lo mejor para el cuidado de tu piel","publisher":{"@id":"https:\/\/dermamedk.es\/#organization"},"potentialAction":[{"@type":"SearchAction","target":{"@type":"EntryPoint","urlTemplate":"https:\/\/dermamedk.es\/?s={search_term_string}"},"query-input":{"@type":"PropertyValueSpecification","valueRequired":true,"valueName":"search_term_string"}}],"inLanguage":"tr"},{"@type":"Organization","@id":"https:\/\/dermamedk.es\/#organization","name":"DermamedK | La elecci\u00f3n perfecta para tu cuidado de la piel","url":"https:\/\/dermamedk.es\/","logo":{"@type":"ImageObject","inLanguage":"tr","@id":"https:\/\/dermamedk.es\/#\/schema\/logo\/image\/","url":"https:\/\/dermamedk.es\/wp-content\/uploads\/2023\/04\/logo-150.webp","contentUrl":"https:\/\/dermamedk.es\/wp-content\/uploads\/2023\/04\/logo-150.webp","width":180,"height":212,"caption":"DermamedK | La elecci\u00f3n perfecta para tu cuidado de la piel"},"image":{"@id":"https:\/\/dermamedk.es\/#\/schema\/logo\/image\/"},"sameAs":["https:\/\/www.facebook.com\/dermamedk","https:\/\/www.instagram.com\/dermamedk\/"]}]}},"_links":{"self":[{"href":"https:\/\/dermamedk.es\/tr\/wp-json\/wp\/v2\/product\/1748","targetHints":{"allow":["GET"]}}],"collection":[{"href":"https:\/\/dermamedk.es\/tr\/wp-json\/wp\/v2\/product"}],"about":[{"href":"https:\/\/dermamedk.es\/tr\/wp-json\/wp\/v2\/types\/product"}],"replies":[{"embeddable":true,"href":"https:\/\/dermamedk.es\/tr\/wp-json\/wp\/v2\/comments?post=1748"}],"version-history":[{"count":1,"href":"https:\/\/dermamedk.es\/tr\/wp-json\/wp\/v2\/product\/1748\/revisions"}],"predecessor-version":[{"id":1750,"href":"https:\/\/dermamedk.es\/tr\/wp-json\/wp\/v2\/product\/1748\/revisions\/1750"}],"wp:featuredmedia":[{"embeddable":true,"href":"https:\/\/dermamedk.es\/tr\/wp-json\/wp\/v2\/media\/1749"}],"wp:attachment":[{"href":"https:\/\/dermamedk.es\/tr\/wp-json\/wp\/v2\/media?parent=1748"}],"wp:term":[{"taxonomy":"product_brand","embeddable":true,"href":"https:\/\/dermamedk.es\/tr\/wp-json\/wp\/v2\/product_brand?post=1748"},{"taxonomy":"product_cat","embeddable":true,"href":"https:\/\/dermamedk.es\/tr\/wp-json\/wp\/v2\/product_cat?post=1748"},{"taxonomy":"product_tag","embeddable":true,"href":"https:\/\/dermamedk.es\/tr\/wp-json\/wp\/v2\/product_tag?post=1748"}],"curies":[{"name":"wp","href":"https:\/\/api.w.org\/{rel}","templated":true}]}}