 {"id":1234,"date":"2023-05-03T05:47:26","date_gmt":"2023-05-03T05:47:26","guid":{"rendered":"https:\/\/dermamedk.es\/?post_type=product&#038;p=1234"},"modified":"2025-01-24T23:01:58","modified_gmt":"2025-01-24T22:01:58","slug":"derma-peel-tca-15","status":"publish","type":"product","link":"https:\/\/dermamedk.es\/tr\/tienda\/principios-activos\/derma-peel-tca-15\/","title":{"rendered":"DERMA PEEL TCA 15%"},"content":{"rendered":"<p><strong>5 birim x 5ml<\/strong><\/p>\n<p><span style=\"font-weight: 400;\">TCA peeling pigmentasyon problemlerini iyile\u015ftirir. Cilt dokusunu p\u00fcr\u00fczs\u00fczle\u015ftirir ve ince \u00e7izgileri yumu\u015fat\u0131r. Lekeleri, akne izlerini, foto ya\u015flanmay\u0131 ve krono ya\u015flanmay\u0131 d\u00fczeltir.<\/span><\/p>\n<p><b>NASIL \u00c7ALI\u015eIR?<\/b><\/p>\n<p><span style=\"font-weight: 400;\">TCA peeling y\u00fcz, boyun veya ellerin arkas\u0131nda kullan\u0131labilir ve t\u00fcm y\u00fcz i\u00e7in veya y\u00fcz\u00fcn belirli lokalize b\u00f6lgeleri i\u00e7in kullan\u0131labilir. Bu t\u00fcr bir peeling glikolik asit peelinginden daha iyi sonu\u00e7lar verse de, en iyi sonu\u00e7lar\u0131 elde etmek i\u00e7in birden fazla seans\u0131n gerekli oldu\u011fu da unutulmamal\u0131d\u0131r. S\u00fcre a\u00e7\u0131s\u0131ndan, etkiler genellikle yakla\u015f\u0131k 6 ay s\u00fcrer, ancak her iki haftada bir glikolik veya laktik asit peelingleri ile tamamlan\u0131rsa daha uzun s\u00fcrebilir.<\/span><\/p>\n<p><b>ETKEN MADDELER<\/b><\/p>\n<p><span style=\"font-weight: 400;\">TCA 15%<\/span><\/p>\n<p><b>FAYDALAR<\/b><\/p>\n<p><span style=\"font-weight: 400;\">Bu tedavi hiperpigmentasyonu (koyu lekeler, akne izleri, g\u00fcne\u015f lekeleri, \u00e7iller) ve renk de\u011fi\u015fimini azaltarak cilt tonunu iyile\u015ftirir. \u0130\u015flem donuk cildi canland\u0131r\u0131r ve yumu\u015fak ve p\u00fcr\u00fczs\u00fcz g\u00f6r\u00fcnmesine yard\u0131mc\u0131 olur. Ayr\u0131ca, derin peeling etkisi sayesinde TCA peeling, cilt y\u00fczeyini daha da p\u00fcr\u00fczs\u00fczle\u015ftirmek i\u00e7in t\u0131kanm\u0131\u015f g\u00f6zenekleri de temizleyebilir.<\/span><\/p>\n<p><b>TEDAVI EDILECEK ALAN<\/b><\/p>\n<p><span style=\"font-weight: 400;\">Y\u00fcz, boyun ve ellerin arkas\u0131<\/span><\/p>","protected":false},"excerpt":{"rendered":"<p>5 unit x 5ml El peeling con TCA mejora los problemas de pigmentaci\u00f3n. Alisa la textura de la piel y a\ufb01na las l\u00edneas de expresi\u00f3n. Suaviza manchas, cicatrices de acn\u00e9, fotoenvejecimiento y cronoenvejecimiento COMO FUNCIONA. El peeling TCA se puede usar en la cara, el cuello o en el dorso de las manos, pudiendo usarse [&hellip;]<\/p>","protected":false},"featured_media":2460,"comment_status":"open","ping_status":"closed","template":"","meta":[],"product_brand":[],"product_cat":[42],"product_tag":[],"class_list":{"0":"post-1234","1":"product","2":"type-product","3":"status-publish","4":"has-post-thumbnail","6":"product_cat-principios-activos","8":"first","9":"instock","10":"taxable","11":"shipping-taxable","12":"purchasable","13":"product-type-simple"},"yoast_head":"<!-- This site is optimized with the Yoast SEO plugin v23.8 - https:\/\/yoast.com\/wordpress\/plugins\/seo\/ -->\n<title>DERMA PEEL TCA 15% - Dermamedk<\/title>\n<meta name=\"description\" content=\"Derma peel tca 15%, mejora los problemas de pigmentaci\u00f3n. Suaviza manchas, cicatrices de acn\u00e9, fotoenvejecimiento y cronoenvejecimiento.\" \/>\n<meta name=\"robots\" content=\"index, follow, max-snippet:-1, max-image-preview:large, max-video-preview:-1\" \/>\n<link rel=\"canonical\" href=\"https:\/\/dermamedk.es\/tr\/tienda\/principios-activos\/derma-peel-tca-15\/\" \/>\n<meta property=\"og:locale\" content=\"tr_TR\" \/>\n<meta property=\"og:type\" content=\"article\" \/>\n<meta property=\"og:title\" content=\"DERMA PEEL TCA 15% - Dermamedk\" \/>\n<meta property=\"og:description\" content=\"Derma peel tca 15%, mejora los problemas de pigmentaci\u00f3n. Suaviza manchas, cicatrices de acn\u00e9, fotoenvejecimiento y cronoenvejecimiento.\" \/>\n<meta property=\"og:url\" content=\"https:\/\/dermamedk.es\/tr\/tienda\/principios-activos\/derma-peel-tca-15\/\" \/>\n<meta property=\"og:site_name\" content=\"Dermamedk\" \/>\n<meta property=\"article:publisher\" content=\"https:\/\/www.facebook.com\/dermamedk\" \/>\n<meta property=\"article:modified_time\" content=\"2025-01-24T22:01:58+00:00\" \/>\n<meta property=\"og:image\" content=\"https:\/\/dermamedk.es\/wp-content\/uploads\/2023\/05\/tca-15.jpg\" \/>\n\t<meta property=\"og:image:width\" content=\"271\" \/>\n\t<meta property=\"og:image:height\" content=\"492\" \/>\n\t<meta property=\"og:image:type\" content=\"image\/jpeg\" \/>\n<meta name=\"twitter:card\" content=\"summary_large_image\" \/>\n<meta name=\"twitter:label1\" content=\"Tahmini okuma s\u00fcresi\" \/>\n\t<meta name=\"twitter:data1\" content=\"2 dakika\" \/>\n<script type=\"application\/ld+json\" class=\"yoast-schema-graph\">{\"@context\":\"https:\/\/schema.org\",\"@graph\":[{\"@type\":\"WebPage\",\"@id\":\"https:\/\/dermamedk.es\/tienda\/principios-activos\/derma-peel-tca-15\/\",\"url\":\"https:\/\/dermamedk.es\/tienda\/principios-activos\/derma-peel-tca-15\/\",\"name\":\"DERMA PEEL TCA 15% - Dermamedk\",\"isPartOf\":{\"@id\":\"https:\/\/dermamedk.es\/#website\"},\"primaryImageOfPage\":{\"@id\":\"https:\/\/dermamedk.es\/tienda\/principios-activos\/derma-peel-tca-15\/#primaryimage\"},\"image\":{\"@id\":\"https:\/\/dermamedk.es\/tienda\/principios-activos\/derma-peel-tca-15\/#primaryimage\"},\"thumbnailUrl\":\"https:\/\/dermamedk.es\/wp-content\/uploads\/2023\/05\/tca-15.jpg\",\"datePublished\":\"2023-05-03T05:47:26+00:00\",\"dateModified\":\"2025-01-24T22:01:58+00:00\",\"description\":\"Derma peel tca 15%, mejora los problemas de pigmentaci\u00f3n. Suaviza manchas, cicatrices de acn\u00e9, fotoenvejecimiento y cronoenvejecimiento.\",\"breadcrumb\":{\"@id\":\"https:\/\/dermamedk.es\/tienda\/principios-activos\/derma-peel-tca-15\/#breadcrumb\"},\"inLanguage\":\"tr\",\"potentialAction\":[{\"@type\":\"ReadAction\",\"target\":[\"https:\/\/dermamedk.es\/tienda\/principios-activos\/derma-peel-tca-15\/\"]}]},{\"@type\":\"ImageObject\",\"inLanguage\":\"tr\",\"@id\":\"https:\/\/dermamedk.es\/tienda\/principios-activos\/derma-peel-tca-15\/#primaryimage\",\"url\":\"https:\/\/dermamedk.es\/wp-content\/uploads\/2023\/05\/tca-15.jpg\",\"contentUrl\":\"https:\/\/dermamedk.es\/wp-content\/uploads\/2023\/05\/tca-15.jpg\",\"width\":271,\"height\":492,\"caption\":\"peel tca 15\"},{\"@type\":\"BreadcrumbList\",\"@id\":\"https:\/\/dermamedk.es\/tienda\/principios-activos\/derma-peel-tca-15\/#breadcrumb\",\"itemListElement\":[{\"@type\":\"ListItem\",\"position\":1,\"name\":\"Home\",\"item\":\"https:\/\/dermamedk.es\/\"},{\"@type\":\"ListItem\",\"position\":2,\"name\":\"Tienda\",\"item\":\"https:\/\/dermamedk.es\/tienda-dermamedk\/\"},{\"@type\":\"ListItem\",\"position\":3,\"name\":\"DERMA PEEL TCA 15%\"}]},{\"@type\":\"WebSite\",\"@id\":\"https:\/\/dermamedk.es\/#website\",\"url\":\"https:\/\/dermamedk.es\/\",\"name\":\"DermamedK | La elecci\u00f3n perfecta para tu cuidado de la piel\",\"description\":\"Lo mejor para el cuidado de tu piel\",\"publisher\":{\"@id\":\"https:\/\/dermamedk.es\/#organization\"},\"potentialAction\":[{\"@type\":\"SearchAction\",\"target\":{\"@type\":\"EntryPoint\",\"urlTemplate\":\"https:\/\/dermamedk.es\/?s={search_term_string}\"},\"query-input\":{\"@type\":\"PropertyValueSpecification\",\"valueRequired\":true,\"valueName\":\"search_term_string\"}}],\"inLanguage\":\"tr\"},{\"@type\":\"Organization\",\"@id\":\"https:\/\/dermamedk.es\/#organization\",\"name\":\"DermamedK | La elecci\u00f3n perfecta para tu cuidado de la piel\",\"url\":\"https:\/\/dermamedk.es\/\",\"logo\":{\"@type\":\"ImageObject\",\"inLanguage\":\"tr\",\"@id\":\"https:\/\/dermamedk.es\/#\/schema\/logo\/image\/\",\"url\":\"https:\/\/dermamedk.es\/wp-content\/uploads\/2023\/04\/logo-150.webp\",\"contentUrl\":\"https:\/\/dermamedk.es\/wp-content\/uploads\/2023\/04\/logo-150.webp\",\"width\":180,\"height\":212,\"caption\":\"DermamedK | La elecci\u00f3n perfecta para tu cuidado de la piel\"},\"image\":{\"@id\":\"https:\/\/dermamedk.es\/#\/schema\/logo\/image\/\"},\"sameAs\":[\"https:\/\/www.facebook.com\/dermamedk\",\"https:\/\/www.instagram.com\/dermamedk\/\"]}]}<\/script>\n<!-- \/ Yoast SEO plugin. -->","yoast_head_json":{"title":"DERMA PEEL TCA 15% - Dermamedk","description":"Derma peel tca 15%, mejora los problemas de pigmentaci\u00f3n. Suaviza manchas, cicatrices de acn\u00e9, fotoenvejecimiento y cronoenvejecimiento.","robots":{"index":"index","follow":"follow","max-snippet":"max-snippet:-1","max-image-preview":"max-image-preview:large","max-video-preview":"max-video-preview:-1"},"canonical":"https:\/\/dermamedk.es\/tr\/tienda\/principios-activos\/derma-peel-tca-15\/","og_locale":"tr_TR","og_type":"article","og_title":"DERMA PEEL TCA 15% - Dermamedk","og_description":"Derma peel tca 15%, mejora los problemas de pigmentaci\u00f3n. Suaviza manchas, cicatrices de acn\u00e9, fotoenvejecimiento y cronoenvejecimiento.","og_url":"https:\/\/dermamedk.es\/tr\/tienda\/principios-activos\/derma-peel-tca-15\/","og_site_name":"Dermamedk","article_publisher":"https:\/\/www.facebook.com\/dermamedk","article_modified_time":"2025-01-24T22:01:58+00:00","og_image":[{"width":271,"height":492,"url":"https:\/\/dermamedk.es\/wp-content\/uploads\/2023\/05\/tca-15.jpg","type":"image\/jpeg"}],"twitter_card":"summary_large_image","twitter_misc":{"Tahmini okuma s\u00fcresi":"2 dakika"},"schema":{"@context":"https:\/\/schema.org","@graph":[{"@type":"WebPage","@id":"https:\/\/dermamedk.es\/tienda\/principios-activos\/derma-peel-tca-15\/","url":"https:\/\/dermamedk.es\/tienda\/principios-activos\/derma-peel-tca-15\/","name":"DERMA PEEL TCA 15% - Dermamedk","isPartOf":{"@id":"https:\/\/dermamedk.es\/#website"},"primaryImageOfPage":{"@id":"https:\/\/dermamedk.es\/tienda\/principios-activos\/derma-peel-tca-15\/#primaryimage"},"image":{"@id":"https:\/\/dermamedk.es\/tienda\/principios-activos\/derma-peel-tca-15\/#primaryimage"},"thumbnailUrl":"https:\/\/dermamedk.es\/wp-content\/uploads\/2023\/05\/tca-15.jpg","datePublished":"2023-05-03T05:47:26+00:00","dateModified":"2025-01-24T22:01:58+00:00","description":"Derma peel tca 15%, mejora los problemas de pigmentaci\u00f3n. Suaviza manchas, cicatrices de acn\u00e9, fotoenvejecimiento y cronoenvejecimiento.","breadcrumb":{"@id":"https:\/\/dermamedk.es\/tienda\/principios-activos\/derma-peel-tca-15\/#breadcrumb"},"inLanguage":"tr","potentialAction":[{"@type":"ReadAction","target":["https:\/\/dermamedk.es\/tienda\/principios-activos\/derma-peel-tca-15\/"]}]},{"@type":"ImageObject","inLanguage":"tr","@id":"https:\/\/dermamedk.es\/tienda\/principios-activos\/derma-peel-tca-15\/#primaryimage","url":"https:\/\/dermamedk.es\/wp-content\/uploads\/2023\/05\/tca-15.jpg","contentUrl":"https:\/\/dermamedk.es\/wp-content\/uploads\/2023\/05\/tca-15.jpg","width":271,"height":492,"caption":"peel tca 15"},{"@type":"BreadcrumbList","@id":"https:\/\/dermamedk.es\/tienda\/principios-activos\/derma-peel-tca-15\/#breadcrumb","itemListElement":[{"@type":"ListItem","position":1,"name":"Home","item":"https:\/\/dermamedk.es\/"},{"@type":"ListItem","position":2,"name":"Tienda","item":"https:\/\/dermamedk.es\/tienda-dermamedk\/"},{"@type":"ListItem","position":3,"name":"DERMA PEEL TCA 15%"}]},{"@type":"WebSite","@id":"https:\/\/dermamedk.es\/#website","url":"https:\/\/dermamedk.es\/","name":"DermamedK | La elecci\u00f3n perfecta para tu cuidado de la piel","description":"Lo mejor para el cuidado de tu piel","publisher":{"@id":"https:\/\/dermamedk.es\/#organization"},"potentialAction":[{"@type":"SearchAction","target":{"@type":"EntryPoint","urlTemplate":"https:\/\/dermamedk.es\/?s={search_term_string}"},"query-input":{"@type":"PropertyValueSpecification","valueRequired":true,"valueName":"search_term_string"}}],"inLanguage":"tr"},{"@type":"Organization","@id":"https:\/\/dermamedk.es\/#organization","name":"DermamedK | La elecci\u00f3n perfecta para tu cuidado de la piel","url":"https:\/\/dermamedk.es\/","logo":{"@type":"ImageObject","inLanguage":"tr","@id":"https:\/\/dermamedk.es\/#\/schema\/logo\/image\/","url":"https:\/\/dermamedk.es\/wp-content\/uploads\/2023\/04\/logo-150.webp","contentUrl":"https:\/\/dermamedk.es\/wp-content\/uploads\/2023\/04\/logo-150.webp","width":180,"height":212,"caption":"DermamedK | La elecci\u00f3n perfecta para tu cuidado de la piel"},"image":{"@id":"https:\/\/dermamedk.es\/#\/schema\/logo\/image\/"},"sameAs":["https:\/\/www.facebook.com\/dermamedk","https:\/\/www.instagram.com\/dermamedk\/"]}]}},"_links":{"self":[{"href":"https:\/\/dermamedk.es\/tr\/wp-json\/wp\/v2\/product\/1234","targetHints":{"allow":["GET"]}}],"collection":[{"href":"https:\/\/dermamedk.es\/tr\/wp-json\/wp\/v2\/product"}],"about":[{"href":"https:\/\/dermamedk.es\/tr\/wp-json\/wp\/v2\/types\/product"}],"replies":[{"embeddable":true,"href":"https:\/\/dermamedk.es\/tr\/wp-json\/wp\/v2\/comments?post=1234"}],"version-history":[{"count":5,"href":"https:\/\/dermamedk.es\/tr\/wp-json\/wp\/v2\/product\/1234\/revisions"}],"predecessor-version":[{"id":1568,"href":"https:\/\/dermamedk.es\/tr\/wp-json\/wp\/v2\/product\/1234\/revisions\/1568"}],"wp:featuredmedia":[{"embeddable":true,"href":"https:\/\/dermamedk.es\/tr\/wp-json\/wp\/v2\/media\/2460"}],"wp:attachment":[{"href":"https:\/\/dermamedk.es\/tr\/wp-json\/wp\/v2\/media?parent=1234"}],"wp:term":[{"taxonomy":"product_brand","embeddable":true,"href":"https:\/\/dermamedk.es\/tr\/wp-json\/wp\/v2\/product_brand?post=1234"},{"taxonomy":"product_cat","embeddable":true,"href":"https:\/\/dermamedk.es\/tr\/wp-json\/wp\/v2\/product_cat?post=1234"},{"taxonomy":"product_tag","embeddable":true,"href":"https:\/\/dermamedk.es\/tr\/wp-json\/wp\/v2\/product_tag?post=1234"}],"curies":[{"name":"wp","href":"https:\/\/api.w.org\/{rel}","templated":true}]}}