 {"id":1232,"date":"2023-05-03T05:47:22","date_gmt":"2023-05-03T05:47:22","guid":{"rendered":"https:\/\/dermamedk.es\/?post_type=product&#038;p=1232"},"modified":"2023-09-19T18:46:27","modified_gmt":"2023-09-19T16:46:27","slug":"lipocell","status":"publish","type":"product","link":"https:\/\/dermamedk.es\/tr\/tienda\/tienda\/lipocell\/","title":{"rendered":"LIPOCELL"},"content":{"rendered":"<p><strong>5 birim x 10ml <\/strong><\/p>\n<p><span style=\"font-weight: 400;\">LIPOCELL, kompakt veya \ufb01brosa sel\u00fclit tedavisi i\u00e7in uygulan\u0131r. Fazla s\u0131v\u0131 ve at\u0131k \u00fcr\u00fcnlerin ciltten uzakla\u015ft\u0131r\u0131lmas\u0131na yard\u0131mc\u0131 olur.<\/span><\/p>\n<p><span style=\"font-weight: 400;\">Ye\u015fil \u00e7ay, cildi d\u0131\u015f etkenlerden korumak ve her t\u00fcrl\u00fc iltihab\u0131 azaltmak i\u00e7in b\u00fcy\u00fck antioksidan g\u00fcc\u00fcnden sorumlu maddeler olan tanenler ve kate\u015finler i\u00e7erir.<\/span><\/p>\n<p><b>NASIL \u00c7ALI\u015eIR?<\/b><\/p>\n<p><span style=\"font-weight: 400;\">Lipolizi h\u0131zland\u0131rmaya ve kolajen ve elastin liflerinin \u00fcretimini biyolojik olarak uyarmaya yard\u0131mc\u0131 olur, mikrosirk\u00fclasyonu ve lipolitik performans\u0131 te\u015fvik eder.<\/span><\/p>\n<p><b>ETKEN MADDELER<\/b><\/p>\n<p><span style=\"font-weight: 400;\">Drenaj, yosun ve ye\u015fil \u00e7ay Aqua, Propilen Glikol, Gliserin, Glikojen, Alkol Denat, Fucus Vesiculosus Ekstresi, Camellia Sinensis Yaprak Ekstresi, Hedera Helix Yaprak \/ Sap Ekstresi, Equisetum Arvense Ekstresi, Ceratonia Siliqua Meyve Ekstresi, Fenoksietanol, Etilheksilgliserin<\/span><\/p>\n<p><b>FAYDALAR<\/b><\/p>\n<p><span style=\"font-weight: 400;\">Ya\u011flar\u0131n at\u0131lmas\u0131n\u0131 destekler ve y\u00fcksek kafein i\u00e7eri\u011fi sayesinde harika bir ya\u011f \u00f6nleyici \u00fcr\u00fcnd\u00fcr. Dolay\u0131s\u0131yla enerji harcamas\u0131ndaki bu art\u0131\u015f sindirimi kolayla\u015ft\u0131r\u0131r, s\u0131v\u0131 tutulmas\u0131n\u0131 azaltmam\u0131za yard\u0131mc\u0131 olur ve ba\u011f\u0131rsaklar\u0131m\u0131z\u0131 d\u00fczenler.<\/span><\/p>\n<p><span style=\"font-weight: 400;\">Y\u00fcksek antioksidan g\u00fcce sahiptir, sel\u00fclit g\u00f6r\u00fcn\u00fcm\u00fcn\u00fcn azalmas\u0131na yard\u0131mc\u0131 olur. Lipid metabolizmas\u0131n\u0131 h\u0131zland\u0131r\u0131r. Cilt tonunu ve dokusunu iyile\u015ftirir.<\/span><\/p>\n<p><b>TEDAVI EDILECEK ALAN<\/b><\/p>\n<p><span style=\"font-weight: 400;\">Kar\u0131n, kal\u00e7a ve uyluklar<\/span><\/p>","protected":false},"excerpt":{"rendered":"<p>5 unit x 10ml LIPOCELL se aplica para el tratamiento de la celulitis compacta o \ufb01brosa. Ayuda en la extracci\u00f3n del exceso de l\u00edquido y los productos de deshecho de la piel. El t\u00e9 verde contiene taninos y catequinas, sustancias responsables de su gran poder antioxidante para proteger la piel de los agentes externos y [&hellip;]<\/p>","protected":false},"featured_media":1510,"comment_status":"open","ping_status":"closed","template":"","meta":[],"product_brand":[],"product_cat":[18,42],"product_tag":[],"class_list":{"0":"post-1232","1":"product","2":"type-product","3":"status-publish","4":"has-post-thumbnail","6":"product_cat-tienda","7":"product_cat-principios-activos","9":"first","10":"instock","11":"taxable","12":"shipping-taxable","13":"purchasable","14":"product-type-simple"},"yoast_head":"<!-- This site is optimized with the Yoast SEO plugin v23.8 - https:\/\/yoast.com\/wordpress\/plugins\/seo\/ -->\n<title>LIPOCELL - Dermamedk<\/title>\n<meta name=\"description\" content=\"LIPOCELL se aplica para el tratamiento de la Celulitis compacta o fibrosa. Extrae el exceso de l\u00edquido y los productos de deshecho de la piel.\" \/>\n<meta name=\"robots\" content=\"index, follow, max-snippet:-1, max-image-preview:large, max-video-preview:-1\" \/>\n<link rel=\"canonical\" href=\"https:\/\/dermamedk.es\/tr\/tienda\/tienda\/lipocell\/\" \/>\n<meta property=\"og:locale\" content=\"tr_TR\" \/>\n<meta property=\"og:type\" content=\"article\" \/>\n<meta property=\"og:title\" content=\"LIPOCELL - Dermamedk\" \/>\n<meta property=\"og:description\" content=\"LIPOCELL se aplica para el tratamiento de la Celulitis compacta o fibrosa. Extrae el exceso de l\u00edquido y los productos de deshecho de la piel.\" \/>\n<meta property=\"og:url\" content=\"https:\/\/dermamedk.es\/tr\/tienda\/tienda\/lipocell\/\" \/>\n<meta property=\"og:site_name\" content=\"Dermamedk\" \/>\n<meta property=\"article:publisher\" content=\"https:\/\/www.facebook.com\/dermamedk\" \/>\n<meta property=\"article:modified_time\" content=\"2023-09-19T16:46:27+00:00\" \/>\n<meta property=\"og:image\" content=\"https:\/\/dermamedk.es\/wp-content\/uploads\/2023\/05\/LIPOCELL.webp\" \/>\n\t<meta property=\"og:image:width\" content=\"271\" \/>\n\t<meta property=\"og:image:height\" content=\"492\" \/>\n\t<meta property=\"og:image:type\" content=\"image\/webp\" \/>\n<meta name=\"twitter:card\" content=\"summary_large_image\" \/>\n<meta name=\"twitter:label1\" content=\"Tahmini okuma s\u00fcresi\" \/>\n\t<meta name=\"twitter:data1\" content=\"1 dakika\" \/>\n<script type=\"application\/ld+json\" class=\"yoast-schema-graph\">{\"@context\":\"https:\/\/schema.org\",\"@graph\":[{\"@type\":\"WebPage\",\"@id\":\"https:\/\/dermamedk.es\/tienda\/tienda\/lipocell\/\",\"url\":\"https:\/\/dermamedk.es\/tienda\/tienda\/lipocell\/\",\"name\":\"LIPOCELL - Dermamedk\",\"isPartOf\":{\"@id\":\"https:\/\/dermamedk.es\/#website\"},\"primaryImageOfPage\":{\"@id\":\"https:\/\/dermamedk.es\/tienda\/tienda\/lipocell\/#primaryimage\"},\"image\":{\"@id\":\"https:\/\/dermamedk.es\/tienda\/tienda\/lipocell\/#primaryimage\"},\"thumbnailUrl\":\"https:\/\/dermamedk.es\/wp-content\/uploads\/2023\/05\/LIPOCELL.webp\",\"datePublished\":\"2023-05-03T05:47:22+00:00\",\"dateModified\":\"2023-09-19T16:46:27+00:00\",\"description\":\"LIPOCELL se aplica para el tratamiento de la Celulitis compacta o fibrosa. Extrae el exceso de l\u00edquido y los productos de deshecho de la piel.\",\"breadcrumb\":{\"@id\":\"https:\/\/dermamedk.es\/tienda\/tienda\/lipocell\/#breadcrumb\"},\"inLanguage\":\"tr\",\"potentialAction\":[{\"@type\":\"ReadAction\",\"target\":[\"https:\/\/dermamedk.es\/tienda\/tienda\/lipocell\/\"]}]},{\"@type\":\"ImageObject\",\"inLanguage\":\"tr\",\"@id\":\"https:\/\/dermamedk.es\/tienda\/tienda\/lipocell\/#primaryimage\",\"url\":\"https:\/\/dermamedk.es\/wp-content\/uploads\/2023\/05\/LIPOCELL.webp\",\"contentUrl\":\"https:\/\/dermamedk.es\/wp-content\/uploads\/2023\/05\/LIPOCELL.webp\",\"width\":271,\"height\":492},{\"@type\":\"BreadcrumbList\",\"@id\":\"https:\/\/dermamedk.es\/tienda\/tienda\/lipocell\/#breadcrumb\",\"itemListElement\":[{\"@type\":\"ListItem\",\"position\":1,\"name\":\"Home\",\"item\":\"https:\/\/dermamedk.es\/\"},{\"@type\":\"ListItem\",\"position\":2,\"name\":\"Tienda\",\"item\":\"https:\/\/dermamedk.es\/tienda-dermamedk\/\"},{\"@type\":\"ListItem\",\"position\":3,\"name\":\"LIPOCELL\"}]},{\"@type\":\"WebSite\",\"@id\":\"https:\/\/dermamedk.es\/#website\",\"url\":\"https:\/\/dermamedk.es\/\",\"name\":\"DermamedK | La elecci\u00f3n perfecta para tu cuidado de la piel\",\"description\":\"Lo mejor para el cuidado de tu piel\",\"publisher\":{\"@id\":\"https:\/\/dermamedk.es\/#organization\"},\"potentialAction\":[{\"@type\":\"SearchAction\",\"target\":{\"@type\":\"EntryPoint\",\"urlTemplate\":\"https:\/\/dermamedk.es\/?s={search_term_string}\"},\"query-input\":{\"@type\":\"PropertyValueSpecification\",\"valueRequired\":true,\"valueName\":\"search_term_string\"}}],\"inLanguage\":\"tr\"},{\"@type\":\"Organization\",\"@id\":\"https:\/\/dermamedk.es\/#organization\",\"name\":\"DermamedK | La elecci\u00f3n perfecta para tu cuidado de la piel\",\"url\":\"https:\/\/dermamedk.es\/\",\"logo\":{\"@type\":\"ImageObject\",\"inLanguage\":\"tr\",\"@id\":\"https:\/\/dermamedk.es\/#\/schema\/logo\/image\/\",\"url\":\"https:\/\/dermamedk.es\/wp-content\/uploads\/2023\/04\/logo-150.webp\",\"contentUrl\":\"https:\/\/dermamedk.es\/wp-content\/uploads\/2023\/04\/logo-150.webp\",\"width\":180,\"height\":212,\"caption\":\"DermamedK | La elecci\u00f3n perfecta para tu cuidado de la piel\"},\"image\":{\"@id\":\"https:\/\/dermamedk.es\/#\/schema\/logo\/image\/\"},\"sameAs\":[\"https:\/\/www.facebook.com\/dermamedk\",\"https:\/\/www.instagram.com\/dermamedk\/\"]}]}<\/script>\n<!-- \/ Yoast SEO plugin. -->","yoast_head_json":{"title":"LIPOCELL - Dermamedk","description":"LIPOCELL se aplica para el tratamiento de la Celulitis compacta o fibrosa. Extrae el exceso de l\u00edquido y los productos de deshecho de la piel.","robots":{"index":"index","follow":"follow","max-snippet":"max-snippet:-1","max-image-preview":"max-image-preview:large","max-video-preview":"max-video-preview:-1"},"canonical":"https:\/\/dermamedk.es\/tr\/tienda\/tienda\/lipocell\/","og_locale":"tr_TR","og_type":"article","og_title":"LIPOCELL - Dermamedk","og_description":"LIPOCELL se aplica para el tratamiento de la Celulitis compacta o fibrosa. Extrae el exceso de l\u00edquido y los productos de deshecho de la piel.","og_url":"https:\/\/dermamedk.es\/tr\/tienda\/tienda\/lipocell\/","og_site_name":"Dermamedk","article_publisher":"https:\/\/www.facebook.com\/dermamedk","article_modified_time":"2023-09-19T16:46:27+00:00","og_image":[{"width":271,"height":492,"url":"https:\/\/dermamedk.es\/wp-content\/uploads\/2023\/05\/LIPOCELL.webp","type":"image\/webp"}],"twitter_card":"summary_large_image","twitter_misc":{"Tahmini okuma s\u00fcresi":"1 dakika"},"schema":{"@context":"https:\/\/schema.org","@graph":[{"@type":"WebPage","@id":"https:\/\/dermamedk.es\/tienda\/tienda\/lipocell\/","url":"https:\/\/dermamedk.es\/tienda\/tienda\/lipocell\/","name":"LIPOCELL - Dermamedk","isPartOf":{"@id":"https:\/\/dermamedk.es\/#website"},"primaryImageOfPage":{"@id":"https:\/\/dermamedk.es\/tienda\/tienda\/lipocell\/#primaryimage"},"image":{"@id":"https:\/\/dermamedk.es\/tienda\/tienda\/lipocell\/#primaryimage"},"thumbnailUrl":"https:\/\/dermamedk.es\/wp-content\/uploads\/2023\/05\/LIPOCELL.webp","datePublished":"2023-05-03T05:47:22+00:00","dateModified":"2023-09-19T16:46:27+00:00","description":"LIPOCELL se aplica para el tratamiento de la Celulitis compacta o fibrosa. Extrae el exceso de l\u00edquido y los productos de deshecho de la piel.","breadcrumb":{"@id":"https:\/\/dermamedk.es\/tienda\/tienda\/lipocell\/#breadcrumb"},"inLanguage":"tr","potentialAction":[{"@type":"ReadAction","target":["https:\/\/dermamedk.es\/tienda\/tienda\/lipocell\/"]}]},{"@type":"ImageObject","inLanguage":"tr","@id":"https:\/\/dermamedk.es\/tienda\/tienda\/lipocell\/#primaryimage","url":"https:\/\/dermamedk.es\/wp-content\/uploads\/2023\/05\/LIPOCELL.webp","contentUrl":"https:\/\/dermamedk.es\/wp-content\/uploads\/2023\/05\/LIPOCELL.webp","width":271,"height":492},{"@type":"BreadcrumbList","@id":"https:\/\/dermamedk.es\/tienda\/tienda\/lipocell\/#breadcrumb","itemListElement":[{"@type":"ListItem","position":1,"name":"Home","item":"https:\/\/dermamedk.es\/"},{"@type":"ListItem","position":2,"name":"Tienda","item":"https:\/\/dermamedk.es\/tienda-dermamedk\/"},{"@type":"ListItem","position":3,"name":"LIPOCELL"}]},{"@type":"WebSite","@id":"https:\/\/dermamedk.es\/#website","url":"https:\/\/dermamedk.es\/","name":"DermamedK | La elecci\u00f3n perfecta para tu cuidado de la piel","description":"Lo mejor para el cuidado de tu piel","publisher":{"@id":"https:\/\/dermamedk.es\/#organization"},"potentialAction":[{"@type":"SearchAction","target":{"@type":"EntryPoint","urlTemplate":"https:\/\/dermamedk.es\/?s={search_term_string}"},"query-input":{"@type":"PropertyValueSpecification","valueRequired":true,"valueName":"search_term_string"}}],"inLanguage":"tr"},{"@type":"Organization","@id":"https:\/\/dermamedk.es\/#organization","name":"DermamedK | La elecci\u00f3n perfecta para tu cuidado de la piel","url":"https:\/\/dermamedk.es\/","logo":{"@type":"ImageObject","inLanguage":"tr","@id":"https:\/\/dermamedk.es\/#\/schema\/logo\/image\/","url":"https:\/\/dermamedk.es\/wp-content\/uploads\/2023\/04\/logo-150.webp","contentUrl":"https:\/\/dermamedk.es\/wp-content\/uploads\/2023\/04\/logo-150.webp","width":180,"height":212,"caption":"DermamedK | La elecci\u00f3n perfecta para tu cuidado de la piel"},"image":{"@id":"https:\/\/dermamedk.es\/#\/schema\/logo\/image\/"},"sameAs":["https:\/\/www.facebook.com\/dermamedk","https:\/\/www.instagram.com\/dermamedk\/"]}]}},"_links":{"self":[{"href":"https:\/\/dermamedk.es\/tr\/wp-json\/wp\/v2\/product\/1232","targetHints":{"allow":["GET"]}}],"collection":[{"href":"https:\/\/dermamedk.es\/tr\/wp-json\/wp\/v2\/product"}],"about":[{"href":"https:\/\/dermamedk.es\/tr\/wp-json\/wp\/v2\/types\/product"}],"replies":[{"embeddable":true,"href":"https:\/\/dermamedk.es\/tr\/wp-json\/wp\/v2\/comments?post=1232"}],"version-history":[{"count":5,"href":"https:\/\/dermamedk.es\/tr\/wp-json\/wp\/v2\/product\/1232\/revisions"}],"predecessor-version":[{"id":1560,"href":"https:\/\/dermamedk.es\/tr\/wp-json\/wp\/v2\/product\/1232\/revisions\/1560"}],"wp:featuredmedia":[{"embeddable":true,"href":"https:\/\/dermamedk.es\/tr\/wp-json\/wp\/v2\/media\/1510"}],"wp:attachment":[{"href":"https:\/\/dermamedk.es\/tr\/wp-json\/wp\/v2\/media?parent=1232"}],"wp:term":[{"taxonomy":"product_brand","embeddable":true,"href":"https:\/\/dermamedk.es\/tr\/wp-json\/wp\/v2\/product_brand?post=1232"},{"taxonomy":"product_cat","embeddable":true,"href":"https:\/\/dermamedk.es\/tr\/wp-json\/wp\/v2\/product_cat?post=1232"},{"taxonomy":"product_tag","embeddable":true,"href":"https:\/\/dermamedk.es\/tr\/wp-json\/wp\/v2\/product_tag?post=1232"}],"curies":[{"name":"wp","href":"https:\/\/api.w.org\/{rel}","templated":true}]}}