 {"id":1208,"date":"2023-05-03T05:13:21","date_gmt":"2023-05-03T05:13:21","guid":{"rendered":"https:\/\/dermamedk.es\/?post_type=product&#038;p=1208"},"modified":"2023-09-19T18:47:31","modified_gmt":"2023-09-19T16:47:31","slug":"d-caffeine","status":"publish","type":"product","link":"https:\/\/dermamedk.es\/tr\/tienda\/principios-activos\/d-caffeine\/","title":{"rendered":"D-KAFE\u0130N"},"content":{"rendered":"<p><strong>10 birim x 5ml<\/strong><\/p>\n<p><span style=\"font-weight: 400;\">Kafein, \u00e7e\u015fitli sel\u00fclit t\u00fcrlerini tedavi etmek ve lokalize ya\u011flanmay\u0131 azaltmak i\u00e7in yayg\u0131n olarak kullan\u0131lmaktad\u0131r.<\/span><\/p>\n<p><b>NASIL \u00c7ALI\u015eIR?<\/b><\/p>\n<p><span style=\"font-weight: 400;\">Kafeinin etkisi ya\u011f h\u00fccrelerini bo\u015falt\u0131r. <\/span><span style=\"font-weight: 400;\">Dola\u015f\u0131m\u0131 h\u0131zland\u0131r\u0131r ve adipositlerde biriken ya\u011f\u0131n sal\u0131n\u0131m\u0131n\u0131 uyar\u0131r, b\u00f6ylece <\/span><span style=\"font-weight: 400;\">v\u00fccudun kendi metabolizmas\u0131 taraf\u0131ndan yak\u0131l\u0131r.<\/span><\/p>\n<p><b>ETKEN MADDELER<\/b><\/p>\n<p><span style=\"font-weight: 400;\">Kafein 20%<\/span><\/p>\n<p><span style=\"font-weight: 400;\">Sel\u00fclit kar\u015f\u0131t\u0131, zay\u0131flat\u0131c\u0131. Kafein adipositlerin lipolizini uyar\u0131r ve g\u00fc\u00e7l\u00fc bir di\u00fcretik ve drenaj etkisine sahiptir.<\/span><\/p>\n<p><b>FAYDALAR<\/b><\/p>\n<p><span style=\"font-weight: 400;\">Kafein do\u011fal bir idrar s\u00f6kt\u00fcr\u00fcc\u00fcd\u00fcr, yani daha fazla idrara \u00e7\u0131karak v\u00fccudun fazla su ve tuzdan ve v\u00fccutta biriken ya\u011f h\u00fccrelerinden kurtulmas\u0131na yard\u0131mc\u0131 olur, bu nedenle sel\u00fclit ve lokalize ya\u011flar\u0131n giderilmesinde etkilidir.<\/span><\/p>\n<p><b>TEDAVI EDILECEK ALAN<\/b><\/p>\n<p><span style=\"font-weight: 400;\">T\u00fcm v\u00fccut<\/span><\/p>","protected":false},"excerpt":{"rendered":"<p>10 unit x 5ml La cafe\u00edna es muy utilizada para tratar varios tipos de celulitis y para reducir la adiposidad localizada. COMO FUNCIONA. La acci\u00f3n de la cafe\u00edna drena las c\u00e9lulas grasas del cuerpo, es decir, acelera la circulaci\u00f3n y estimula la liberaci\u00f3n de grasas acumuladas en los adipocitos, para ser quemadas por el propio [&hellip;]<\/p>","protected":false},"featured_media":401,"comment_status":"open","ping_status":"closed","template":"","meta":[],"product_brand":[],"product_cat":[42],"product_tag":[],"class_list":{"0":"post-1208","1":"product","2":"type-product","3":"status-publish","4":"has-post-thumbnail","6":"product_cat-principios-activos","8":"first","9":"instock","10":"taxable","11":"shipping-taxable","12":"purchasable","13":"product-type-simple"},"yoast_head":"<!-- This site is optimized with the Yoast SEO plugin v23.8 - https:\/\/yoast.com\/wordpress\/plugins\/seo\/ -->\n<title>D-CAFFEINE - Dermamedk<\/title>\n<meta name=\"description\" content=\"La cafeina es muy utilizado para tratar varios tipos de celulitis y para reducir la adiposidad localizada y mejora la apariencia de la piel.\" \/>\n<meta name=\"robots\" content=\"index, follow, max-snippet:-1, max-image-preview:large, max-video-preview:-1\" \/>\n<link rel=\"canonical\" href=\"https:\/\/dermamedk.es\/tr\/tienda\/principios-activos\/d-caffeine\/\" \/>\n<meta property=\"og:locale\" content=\"tr_TR\" \/>\n<meta property=\"og:type\" content=\"article\" \/>\n<meta property=\"og:title\" content=\"D-CAFFEINE - Dermamedk\" \/>\n<meta property=\"og:description\" content=\"La cafeina es muy utilizado para tratar varios tipos de celulitis y para reducir la adiposidad localizada y mejora la apariencia de la piel.\" \/>\n<meta property=\"og:url\" content=\"https:\/\/dermamedk.es\/tr\/tienda\/principios-activos\/d-caffeine\/\" \/>\n<meta property=\"og:site_name\" content=\"Dermamedk\" \/>\n<meta property=\"article:publisher\" content=\"https:\/\/www.facebook.com\/dermamedk\" \/>\n<meta property=\"article:modified_time\" content=\"2023-09-19T16:47:31+00:00\" \/>\n<meta property=\"og:image\" content=\"https:\/\/dermamedk.es\/wp-content\/uploads\/2023\/04\/IMG_20230412_144552-PhotoRoom.png-PhotoRoom.png\" \/>\n\t<meta property=\"og:image:width\" content=\"961\" \/>\n\t<meta property=\"og:image:height\" content=\"1280\" \/>\n\t<meta property=\"og:image:type\" content=\"image\/png\" \/>\n<meta name=\"twitter:card\" content=\"summary_large_image\" \/>\n<meta name=\"twitter:label1\" content=\"Tahmini okuma s\u00fcresi\" \/>\n\t<meta name=\"twitter:data1\" content=\"1 dakika\" \/>\n<script type=\"application\/ld+json\" class=\"yoast-schema-graph\">{\"@context\":\"https:\/\/schema.org\",\"@graph\":[{\"@type\":\"WebPage\",\"@id\":\"https:\/\/dermamedk.es\/tienda\/principios-activos\/d-caffeine\/\",\"url\":\"https:\/\/dermamedk.es\/tienda\/principios-activos\/d-caffeine\/\",\"name\":\"D-CAFFEINE - Dermamedk\",\"isPartOf\":{\"@id\":\"https:\/\/dermamedk.es\/#website\"},\"primaryImageOfPage\":{\"@id\":\"https:\/\/dermamedk.es\/tienda\/principios-activos\/d-caffeine\/#primaryimage\"},\"image\":{\"@id\":\"https:\/\/dermamedk.es\/tienda\/principios-activos\/d-caffeine\/#primaryimage\"},\"thumbnailUrl\":\"https:\/\/dermamedk.es\/wp-content\/uploads\/2023\/04\/IMG_20230412_144552-PhotoRoom.png-PhotoRoom.png\",\"datePublished\":\"2023-05-03T05:13:21+00:00\",\"dateModified\":\"2023-09-19T16:47:31+00:00\",\"description\":\"La cafeina es muy utilizado para tratar varios tipos de celulitis y para reducir la adiposidad localizada y mejora la apariencia de la piel.\",\"breadcrumb\":{\"@id\":\"https:\/\/dermamedk.es\/tienda\/principios-activos\/d-caffeine\/#breadcrumb\"},\"inLanguage\":\"tr\",\"potentialAction\":[{\"@type\":\"ReadAction\",\"target\":[\"https:\/\/dermamedk.es\/tienda\/principios-activos\/d-caffeine\/\"]}]},{\"@type\":\"ImageObject\",\"inLanguage\":\"tr\",\"@id\":\"https:\/\/dermamedk.es\/tienda\/principios-activos\/d-caffeine\/#primaryimage\",\"url\":\"https:\/\/dermamedk.es\/wp-content\/uploads\/2023\/04\/IMG_20230412_144552-PhotoRoom.png-PhotoRoom.png\",\"contentUrl\":\"https:\/\/dermamedk.es\/wp-content\/uploads\/2023\/04\/IMG_20230412_144552-PhotoRoom.png-PhotoRoom.png\",\"width\":961,\"height\":1280},{\"@type\":\"BreadcrumbList\",\"@id\":\"https:\/\/dermamedk.es\/tienda\/principios-activos\/d-caffeine\/#breadcrumb\",\"itemListElement\":[{\"@type\":\"ListItem\",\"position\":1,\"name\":\"Home\",\"item\":\"https:\/\/dermamedk.es\/\"},{\"@type\":\"ListItem\",\"position\":2,\"name\":\"Tienda\",\"item\":\"https:\/\/dermamedk.es\/tienda-dermamedk\/\"},{\"@type\":\"ListItem\",\"position\":3,\"name\":\"D-CAFFEINE\"}]},{\"@type\":\"WebSite\",\"@id\":\"https:\/\/dermamedk.es\/#website\",\"url\":\"https:\/\/dermamedk.es\/\",\"name\":\"DermamedK | La elecci\u00f3n perfecta para tu cuidado de la piel\",\"description\":\"Lo mejor para el cuidado de tu piel\",\"publisher\":{\"@id\":\"https:\/\/dermamedk.es\/#organization\"},\"potentialAction\":[{\"@type\":\"SearchAction\",\"target\":{\"@type\":\"EntryPoint\",\"urlTemplate\":\"https:\/\/dermamedk.es\/?s={search_term_string}\"},\"query-input\":{\"@type\":\"PropertyValueSpecification\",\"valueRequired\":true,\"valueName\":\"search_term_string\"}}],\"inLanguage\":\"tr\"},{\"@type\":\"Organization\",\"@id\":\"https:\/\/dermamedk.es\/#organization\",\"name\":\"DermamedK | La elecci\u00f3n perfecta para tu cuidado de la piel\",\"url\":\"https:\/\/dermamedk.es\/\",\"logo\":{\"@type\":\"ImageObject\",\"inLanguage\":\"tr\",\"@id\":\"https:\/\/dermamedk.es\/#\/schema\/logo\/image\/\",\"url\":\"https:\/\/dermamedk.es\/wp-content\/uploads\/2023\/04\/logo-150.webp\",\"contentUrl\":\"https:\/\/dermamedk.es\/wp-content\/uploads\/2023\/04\/logo-150.webp\",\"width\":180,\"height\":212,\"caption\":\"DermamedK | La elecci\u00f3n perfecta para tu cuidado de la piel\"},\"image\":{\"@id\":\"https:\/\/dermamedk.es\/#\/schema\/logo\/image\/\"},\"sameAs\":[\"https:\/\/www.facebook.com\/dermamedk\",\"https:\/\/www.instagram.com\/dermamedk\/\"]}]}<\/script>\n<!-- \/ Yoast SEO plugin. -->","yoast_head_json":{"title":"D-CAFFEINE - Dermamedk","description":"La cafeina es muy utilizado para tratar varios tipos de celulitis y para reducir la adiposidad localizada y mejora la apariencia de la piel.","robots":{"index":"index","follow":"follow","max-snippet":"max-snippet:-1","max-image-preview":"max-image-preview:large","max-video-preview":"max-video-preview:-1"},"canonical":"https:\/\/dermamedk.es\/tr\/tienda\/principios-activos\/d-caffeine\/","og_locale":"tr_TR","og_type":"article","og_title":"D-CAFFEINE - Dermamedk","og_description":"La cafeina es muy utilizado para tratar varios tipos de celulitis y para reducir la adiposidad localizada y mejora la apariencia de la piel.","og_url":"https:\/\/dermamedk.es\/tr\/tienda\/principios-activos\/d-caffeine\/","og_site_name":"Dermamedk","article_publisher":"https:\/\/www.facebook.com\/dermamedk","article_modified_time":"2023-09-19T16:47:31+00:00","og_image":[{"width":961,"height":1280,"url":"https:\/\/dermamedk.es\/wp-content\/uploads\/2023\/04\/IMG_20230412_144552-PhotoRoom.png-PhotoRoom.png","type":"image\/png"}],"twitter_card":"summary_large_image","twitter_misc":{"Tahmini okuma s\u00fcresi":"1 dakika"},"schema":{"@context":"https:\/\/schema.org","@graph":[{"@type":"WebPage","@id":"https:\/\/dermamedk.es\/tienda\/principios-activos\/d-caffeine\/","url":"https:\/\/dermamedk.es\/tienda\/principios-activos\/d-caffeine\/","name":"D-CAFFEINE - Dermamedk","isPartOf":{"@id":"https:\/\/dermamedk.es\/#website"},"primaryImageOfPage":{"@id":"https:\/\/dermamedk.es\/tienda\/principios-activos\/d-caffeine\/#primaryimage"},"image":{"@id":"https:\/\/dermamedk.es\/tienda\/principios-activos\/d-caffeine\/#primaryimage"},"thumbnailUrl":"https:\/\/dermamedk.es\/wp-content\/uploads\/2023\/04\/IMG_20230412_144552-PhotoRoom.png-PhotoRoom.png","datePublished":"2023-05-03T05:13:21+00:00","dateModified":"2023-09-19T16:47:31+00:00","description":"La cafeina es muy utilizado para tratar varios tipos de celulitis y para reducir la adiposidad localizada y mejora la apariencia de la piel.","breadcrumb":{"@id":"https:\/\/dermamedk.es\/tienda\/principios-activos\/d-caffeine\/#breadcrumb"},"inLanguage":"tr","potentialAction":[{"@type":"ReadAction","target":["https:\/\/dermamedk.es\/tienda\/principios-activos\/d-caffeine\/"]}]},{"@type":"ImageObject","inLanguage":"tr","@id":"https:\/\/dermamedk.es\/tienda\/principios-activos\/d-caffeine\/#primaryimage","url":"https:\/\/dermamedk.es\/wp-content\/uploads\/2023\/04\/IMG_20230412_144552-PhotoRoom.png-PhotoRoom.png","contentUrl":"https:\/\/dermamedk.es\/wp-content\/uploads\/2023\/04\/IMG_20230412_144552-PhotoRoom.png-PhotoRoom.png","width":961,"height":1280},{"@type":"BreadcrumbList","@id":"https:\/\/dermamedk.es\/tienda\/principios-activos\/d-caffeine\/#breadcrumb","itemListElement":[{"@type":"ListItem","position":1,"name":"Home","item":"https:\/\/dermamedk.es\/"},{"@type":"ListItem","position":2,"name":"Tienda","item":"https:\/\/dermamedk.es\/tienda-dermamedk\/"},{"@type":"ListItem","position":3,"name":"D-CAFFEINE"}]},{"@type":"WebSite","@id":"https:\/\/dermamedk.es\/#website","url":"https:\/\/dermamedk.es\/","name":"DermamedK | La elecci\u00f3n perfecta para tu cuidado de la piel","description":"Lo mejor para el cuidado de tu piel","publisher":{"@id":"https:\/\/dermamedk.es\/#organization"},"potentialAction":[{"@type":"SearchAction","target":{"@type":"EntryPoint","urlTemplate":"https:\/\/dermamedk.es\/?s={search_term_string}"},"query-input":{"@type":"PropertyValueSpecification","valueRequired":true,"valueName":"search_term_string"}}],"inLanguage":"tr"},{"@type":"Organization","@id":"https:\/\/dermamedk.es\/#organization","name":"DermamedK | La elecci\u00f3n perfecta para tu cuidado de la piel","url":"https:\/\/dermamedk.es\/","logo":{"@type":"ImageObject","inLanguage":"tr","@id":"https:\/\/dermamedk.es\/#\/schema\/logo\/image\/","url":"https:\/\/dermamedk.es\/wp-content\/uploads\/2023\/04\/logo-150.webp","contentUrl":"https:\/\/dermamedk.es\/wp-content\/uploads\/2023\/04\/logo-150.webp","width":180,"height":212,"caption":"DermamedK | La elecci\u00f3n perfecta para tu cuidado de la piel"},"image":{"@id":"https:\/\/dermamedk.es\/#\/schema\/logo\/image\/"},"sameAs":["https:\/\/www.facebook.com\/dermamedk","https:\/\/www.instagram.com\/dermamedk\/"]}]}},"_links":{"self":[{"href":"https:\/\/dermamedk.es\/tr\/wp-json\/wp\/v2\/product\/1208","targetHints":{"allow":["GET"]}}],"collection":[{"href":"https:\/\/dermamedk.es\/tr\/wp-json\/wp\/v2\/product"}],"about":[{"href":"https:\/\/dermamedk.es\/tr\/wp-json\/wp\/v2\/types\/product"}],"replies":[{"embeddable":true,"href":"https:\/\/dermamedk.es\/tr\/wp-json\/wp\/v2\/comments?post=1208"}],"version-history":[{"count":5,"href":"https:\/\/dermamedk.es\/tr\/wp-json\/wp\/v2\/product\/1208\/revisions"}],"predecessor-version":[{"id":1562,"href":"https:\/\/dermamedk.es\/tr\/wp-json\/wp\/v2\/product\/1208\/revisions\/1562"}],"wp:featuredmedia":[{"embeddable":true,"href":"https:\/\/dermamedk.es\/tr\/wp-json\/wp\/v2\/media\/401"}],"wp:attachment":[{"href":"https:\/\/dermamedk.es\/tr\/wp-json\/wp\/v2\/media?parent=1208"}],"wp:term":[{"taxonomy":"product_brand","embeddable":true,"href":"https:\/\/dermamedk.es\/tr\/wp-json\/wp\/v2\/product_brand?post=1208"},{"taxonomy":"product_cat","embeddable":true,"href":"https:\/\/dermamedk.es\/tr\/wp-json\/wp\/v2\/product_cat?post=1208"},{"taxonomy":"product_tag","embeddable":true,"href":"https:\/\/dermamedk.es\/tr\/wp-json\/wp\/v2\/product_tag?post=1208"}],"curies":[{"name":"wp","href":"https:\/\/api.w.org\/{rel}","templated":true}]}}