 {"id":1190,"date":"2023-05-03T04:25:05","date_gmt":"2023-05-03T04:25:05","guid":{"rendered":"https:\/\/dermamedk.es\/?post_type=product&#038;p=1190"},"modified":"2024-03-01T14:19:39","modified_gmt":"2024-03-01T13:19:39","slug":"gel-reafirmante-de-senos","status":"publish","type":"product","link":"https:\/\/dermamedk.es\/tr\/tienda\/corporal\/cuidados-especificos\/gel-reafirmante-de-senos\/","title":{"rendered":"G\u00d6\u011e\u00dcS SIKILA\u015eTIRICI JEL"},"content":{"rendered":"<p>Kilo kayb\u0131, hamilelik ve ya\u015flanman\u0131n bir sonucu olarak g\u00f6\u011f\u00fcslerde sarkma ve s\u0131k\u0131l\u0131k kayb\u0131.<br \/>\nKullan\u0131m \u015fekli: Her g\u00fcn g\u00f6\u011f\u00fcslerin ortas\u0131ndan \u00fcst k\u0131sma ve ard\u0131ndan koltuk altlar\u0131na do\u011fru nazik bir masajla uygulay\u0131n, daireyi tamamlamak i\u00e7in a\u015fa\u011f\u0131 do\u011fru hareket edin.<br \/>\nAktif bile\u015fenler: Kigelia africana 20% ve Organik Silikon 10%.<br \/>\nSunum: 100 ml<br \/>\nRef.: FGRS100<\/p>","protected":false},"excerpt":{"rendered":"<p>Flacidez y p\u00e9rdida de firmeza en los senos como consecuencia de p\u00e9rdida de peso, embarazo y antienvejecimiento. Modo de empleo: Aplicar diariamente con un suave masaje desde el centro de los senos hacia la parte superior y luego hacia las axilas, bajando posteriormente hasta completar el circulo. Ingredientes activos: Kigelia africana 20% y Silicio Org\u00e1nico [&hellip;]<\/p>","protected":false},"featured_media":1202,"comment_status":"open","ping_status":"closed","template":"","meta":[],"product_brand":[],"product_cat":[18,27,35,43],"product_tag":[],"class_list":{"0":"post-1190","1":"product","2":"type-product","3":"status-publish","4":"has-post-thumbnail","6":"product_cat-tienda","7":"product_cat-corporal","8":"product_cat-cuidados-especificos","9":"product_cat-productos-cosmetologicos","11":"first","12":"instock","13":"taxable","14":"shipping-taxable","15":"product-type-simple"},"yoast_head":"<!-- This site is optimized with the Yoast SEO plugin v23.8 - https:\/\/yoast.com\/wordpress\/plugins\/seo\/ -->\n<title>GEL REAFIRMANTE DE SENOS - Dermamedk<\/title>\n<meta name=\"description\" content=\"Flacidez y p\u00e9rdida de firmeza en los senos como consecuencia de p\u00e9rdida de peso, embarazo y antienvejecimiento.\" \/>\n<meta name=\"robots\" content=\"index, follow, max-snippet:-1, max-image-preview:large, max-video-preview:-1\" \/>\n<link rel=\"canonical\" href=\"https:\/\/dermamedk.es\/tr\/tienda\/corporal\/cuidados-especificos\/gel-reafirmante-de-senos\/\" \/>\n<meta property=\"og:locale\" content=\"tr_TR\" \/>\n<meta property=\"og:type\" content=\"article\" \/>\n<meta property=\"og:title\" content=\"GEL REAFIRMANTE DE SENOS - Dermamedk\" \/>\n<meta property=\"og:description\" content=\"Flacidez y p\u00e9rdida de firmeza en los senos como consecuencia de p\u00e9rdida de peso, embarazo y antienvejecimiento.\" \/>\n<meta property=\"og:url\" content=\"https:\/\/dermamedk.es\/tr\/tienda\/corporal\/cuidados-especificos\/gel-reafirmante-de-senos\/\" \/>\n<meta property=\"og:site_name\" content=\"Dermamedk\" \/>\n<meta property=\"article:publisher\" content=\"https:\/\/www.facebook.com\/dermamedk\" \/>\n<meta property=\"article:modified_time\" content=\"2024-03-01T13:19:39+00:00\" \/>\n<meta property=\"og:image\" content=\"https:\/\/dermamedk.es\/wp-content\/uploads\/2023\/05\/GEL-REAFIRMANTE-DE-SENOS.jpeg\" \/>\n\t<meta property=\"og:image:width\" content=\"350\" \/>\n\t<meta property=\"og:image:height\" content=\"523\" \/>\n\t<meta property=\"og:image:type\" content=\"image\/jpeg\" \/>\n<meta name=\"twitter:card\" content=\"summary_large_image\" \/>\n<meta name=\"twitter:label1\" content=\"Tahmini okuma s\u00fcresi\" \/>\n\t<meta name=\"twitter:data1\" content=\"1 dakika\" \/>\n<script type=\"application\/ld+json\" class=\"yoast-schema-graph\">{\"@context\":\"https:\/\/schema.org\",\"@graph\":[{\"@type\":\"WebPage\",\"@id\":\"https:\/\/dermamedk.es\/tienda\/corporal\/cuidados-especificos\/gel-reafirmante-de-senos\/\",\"url\":\"https:\/\/dermamedk.es\/tienda\/corporal\/cuidados-especificos\/gel-reafirmante-de-senos\/\",\"name\":\"GEL REAFIRMANTE DE SENOS - Dermamedk\",\"isPartOf\":{\"@id\":\"https:\/\/dermamedk.es\/#website\"},\"primaryImageOfPage\":{\"@id\":\"https:\/\/dermamedk.es\/tienda\/corporal\/cuidados-especificos\/gel-reafirmante-de-senos\/#primaryimage\"},\"image\":{\"@id\":\"https:\/\/dermamedk.es\/tienda\/corporal\/cuidados-especificos\/gel-reafirmante-de-senos\/#primaryimage\"},\"thumbnailUrl\":\"https:\/\/dermamedk.es\/wp-content\/uploads\/2023\/05\/GEL-REAFIRMANTE-DE-SENOS.jpeg\",\"datePublished\":\"2023-05-03T04:25:05+00:00\",\"dateModified\":\"2024-03-01T13:19:39+00:00\",\"description\":\"Flacidez y p\u00e9rdida de firmeza en los senos como consecuencia de p\u00e9rdida de peso, embarazo y antienvejecimiento.\",\"breadcrumb\":{\"@id\":\"https:\/\/dermamedk.es\/tienda\/corporal\/cuidados-especificos\/gel-reafirmante-de-senos\/#breadcrumb\"},\"inLanguage\":\"tr\",\"potentialAction\":[{\"@type\":\"ReadAction\",\"target\":[\"https:\/\/dermamedk.es\/tienda\/corporal\/cuidados-especificos\/gel-reafirmante-de-senos\/\"]}]},{\"@type\":\"ImageObject\",\"inLanguage\":\"tr\",\"@id\":\"https:\/\/dermamedk.es\/tienda\/corporal\/cuidados-especificos\/gel-reafirmante-de-senos\/#primaryimage\",\"url\":\"https:\/\/dermamedk.es\/wp-content\/uploads\/2023\/05\/GEL-REAFIRMANTE-DE-SENOS.jpeg\",\"contentUrl\":\"https:\/\/dermamedk.es\/wp-content\/uploads\/2023\/05\/GEL-REAFIRMANTE-DE-SENOS.jpeg\",\"width\":350,\"height\":523},{\"@type\":\"BreadcrumbList\",\"@id\":\"https:\/\/dermamedk.es\/tienda\/corporal\/cuidados-especificos\/gel-reafirmante-de-senos\/#breadcrumb\",\"itemListElement\":[{\"@type\":\"ListItem\",\"position\":1,\"name\":\"Home\",\"item\":\"https:\/\/dermamedk.es\/\"},{\"@type\":\"ListItem\",\"position\":2,\"name\":\"Tienda\",\"item\":\"https:\/\/dermamedk.es\/tienda-dermamedk\/\"},{\"@type\":\"ListItem\",\"position\":3,\"name\":\"GEL REAFIRMANTE DE SENOS\"}]},{\"@type\":\"WebSite\",\"@id\":\"https:\/\/dermamedk.es\/#website\",\"url\":\"https:\/\/dermamedk.es\/\",\"name\":\"DermamedK | La elecci\u00f3n perfecta para tu cuidado de la piel\",\"description\":\"Lo mejor para el cuidado de tu piel\",\"publisher\":{\"@id\":\"https:\/\/dermamedk.es\/#organization\"},\"potentialAction\":[{\"@type\":\"SearchAction\",\"target\":{\"@type\":\"EntryPoint\",\"urlTemplate\":\"https:\/\/dermamedk.es\/?s={search_term_string}\"},\"query-input\":{\"@type\":\"PropertyValueSpecification\",\"valueRequired\":true,\"valueName\":\"search_term_string\"}}],\"inLanguage\":\"tr\"},{\"@type\":\"Organization\",\"@id\":\"https:\/\/dermamedk.es\/#organization\",\"name\":\"DermamedK | La elecci\u00f3n perfecta para tu cuidado de la piel\",\"url\":\"https:\/\/dermamedk.es\/\",\"logo\":{\"@type\":\"ImageObject\",\"inLanguage\":\"tr\",\"@id\":\"https:\/\/dermamedk.es\/#\/schema\/logo\/image\/\",\"url\":\"https:\/\/dermamedk.es\/wp-content\/uploads\/2023\/04\/logo-150.webp\",\"contentUrl\":\"https:\/\/dermamedk.es\/wp-content\/uploads\/2023\/04\/logo-150.webp\",\"width\":180,\"height\":212,\"caption\":\"DermamedK | La elecci\u00f3n perfecta para tu cuidado de la piel\"},\"image\":{\"@id\":\"https:\/\/dermamedk.es\/#\/schema\/logo\/image\/\"},\"sameAs\":[\"https:\/\/www.facebook.com\/dermamedk\",\"https:\/\/www.instagram.com\/dermamedk\/\"]}]}<\/script>\n<!-- \/ Yoast SEO plugin. -->","yoast_head_json":{"title":"GEL REAFIRMANTE DE SENOS - Dermamedk","description":"Flacidez y p\u00e9rdida de firmeza en los senos como consecuencia de p\u00e9rdida de peso, embarazo y antienvejecimiento.","robots":{"index":"index","follow":"follow","max-snippet":"max-snippet:-1","max-image-preview":"max-image-preview:large","max-video-preview":"max-video-preview:-1"},"canonical":"https:\/\/dermamedk.es\/tr\/tienda\/corporal\/cuidados-especificos\/gel-reafirmante-de-senos\/","og_locale":"tr_TR","og_type":"article","og_title":"GEL REAFIRMANTE DE SENOS - Dermamedk","og_description":"Flacidez y p\u00e9rdida de firmeza en los senos como consecuencia de p\u00e9rdida de peso, embarazo y antienvejecimiento.","og_url":"https:\/\/dermamedk.es\/tr\/tienda\/corporal\/cuidados-especificos\/gel-reafirmante-de-senos\/","og_site_name":"Dermamedk","article_publisher":"https:\/\/www.facebook.com\/dermamedk","article_modified_time":"2024-03-01T13:19:39+00:00","og_image":[{"width":350,"height":523,"url":"https:\/\/dermamedk.es\/wp-content\/uploads\/2023\/05\/GEL-REAFIRMANTE-DE-SENOS.jpeg","type":"image\/jpeg"}],"twitter_card":"summary_large_image","twitter_misc":{"Tahmini okuma s\u00fcresi":"1 dakika"},"schema":{"@context":"https:\/\/schema.org","@graph":[{"@type":"WebPage","@id":"https:\/\/dermamedk.es\/tienda\/corporal\/cuidados-especificos\/gel-reafirmante-de-senos\/","url":"https:\/\/dermamedk.es\/tienda\/corporal\/cuidados-especificos\/gel-reafirmante-de-senos\/","name":"GEL REAFIRMANTE DE SENOS - Dermamedk","isPartOf":{"@id":"https:\/\/dermamedk.es\/#website"},"primaryImageOfPage":{"@id":"https:\/\/dermamedk.es\/tienda\/corporal\/cuidados-especificos\/gel-reafirmante-de-senos\/#primaryimage"},"image":{"@id":"https:\/\/dermamedk.es\/tienda\/corporal\/cuidados-especificos\/gel-reafirmante-de-senos\/#primaryimage"},"thumbnailUrl":"https:\/\/dermamedk.es\/wp-content\/uploads\/2023\/05\/GEL-REAFIRMANTE-DE-SENOS.jpeg","datePublished":"2023-05-03T04:25:05+00:00","dateModified":"2024-03-01T13:19:39+00:00","description":"Flacidez y p\u00e9rdida de firmeza en los senos como consecuencia de p\u00e9rdida de peso, embarazo y antienvejecimiento.","breadcrumb":{"@id":"https:\/\/dermamedk.es\/tienda\/corporal\/cuidados-especificos\/gel-reafirmante-de-senos\/#breadcrumb"},"inLanguage":"tr","potentialAction":[{"@type":"ReadAction","target":["https:\/\/dermamedk.es\/tienda\/corporal\/cuidados-especificos\/gel-reafirmante-de-senos\/"]}]},{"@type":"ImageObject","inLanguage":"tr","@id":"https:\/\/dermamedk.es\/tienda\/corporal\/cuidados-especificos\/gel-reafirmante-de-senos\/#primaryimage","url":"https:\/\/dermamedk.es\/wp-content\/uploads\/2023\/05\/GEL-REAFIRMANTE-DE-SENOS.jpeg","contentUrl":"https:\/\/dermamedk.es\/wp-content\/uploads\/2023\/05\/GEL-REAFIRMANTE-DE-SENOS.jpeg","width":350,"height":523},{"@type":"BreadcrumbList","@id":"https:\/\/dermamedk.es\/tienda\/corporal\/cuidados-especificos\/gel-reafirmante-de-senos\/#breadcrumb","itemListElement":[{"@type":"ListItem","position":1,"name":"Home","item":"https:\/\/dermamedk.es\/"},{"@type":"ListItem","position":2,"name":"Tienda","item":"https:\/\/dermamedk.es\/tienda-dermamedk\/"},{"@type":"ListItem","position":3,"name":"GEL REAFIRMANTE DE SENOS"}]},{"@type":"WebSite","@id":"https:\/\/dermamedk.es\/#website","url":"https:\/\/dermamedk.es\/","name":"DermamedK | La elecci\u00f3n perfecta para tu cuidado de la piel","description":"Lo mejor para el cuidado de tu piel","publisher":{"@id":"https:\/\/dermamedk.es\/#organization"},"potentialAction":[{"@type":"SearchAction","target":{"@type":"EntryPoint","urlTemplate":"https:\/\/dermamedk.es\/?s={search_term_string}"},"query-input":{"@type":"PropertyValueSpecification","valueRequired":true,"valueName":"search_term_string"}}],"inLanguage":"tr"},{"@type":"Organization","@id":"https:\/\/dermamedk.es\/#organization","name":"DermamedK | La elecci\u00f3n perfecta para tu cuidado de la piel","url":"https:\/\/dermamedk.es\/","logo":{"@type":"ImageObject","inLanguage":"tr","@id":"https:\/\/dermamedk.es\/#\/schema\/logo\/image\/","url":"https:\/\/dermamedk.es\/wp-content\/uploads\/2023\/04\/logo-150.webp","contentUrl":"https:\/\/dermamedk.es\/wp-content\/uploads\/2023\/04\/logo-150.webp","width":180,"height":212,"caption":"DermamedK | La elecci\u00f3n perfecta para tu cuidado de la piel"},"image":{"@id":"https:\/\/dermamedk.es\/#\/schema\/logo\/image\/"},"sameAs":["https:\/\/www.facebook.com\/dermamedk","https:\/\/www.instagram.com\/dermamedk\/"]}]}},"_links":{"self":[{"href":"https:\/\/dermamedk.es\/tr\/wp-json\/wp\/v2\/product\/1190","targetHints":{"allow":["GET"]}}],"collection":[{"href":"https:\/\/dermamedk.es\/tr\/wp-json\/wp\/v2\/product"}],"about":[{"href":"https:\/\/dermamedk.es\/tr\/wp-json\/wp\/v2\/types\/product"}],"replies":[{"embeddable":true,"href":"https:\/\/dermamedk.es\/tr\/wp-json\/wp\/v2\/comments?post=1190"}],"version-history":[{"count":3,"href":"https:\/\/dermamedk.es\/tr\/wp-json\/wp\/v2\/product\/1190\/revisions"}],"predecessor-version":[{"id":1336,"href":"https:\/\/dermamedk.es\/tr\/wp-json\/wp\/v2\/product\/1190\/revisions\/1336"}],"wp:featuredmedia":[{"embeddable":true,"href":"https:\/\/dermamedk.es\/tr\/wp-json\/wp\/v2\/media\/1202"}],"wp:attachment":[{"href":"https:\/\/dermamedk.es\/tr\/wp-json\/wp\/v2\/media?parent=1190"}],"wp:term":[{"taxonomy":"product_brand","embeddable":true,"href":"https:\/\/dermamedk.es\/tr\/wp-json\/wp\/v2\/product_brand?post=1190"},{"taxonomy":"product_cat","embeddable":true,"href":"https:\/\/dermamedk.es\/tr\/wp-json\/wp\/v2\/product_cat?post=1190"},{"taxonomy":"product_tag","embeddable":true,"href":"https:\/\/dermamedk.es\/tr\/wp-json\/wp\/v2\/product_tag?post=1190"}],"curies":[{"name":"wp","href":"https:\/\/api.w.org\/{rel}","templated":true}]}}