 {"id":1182,"date":"2023-05-03T04:16:11","date_gmt":"2023-05-03T04:16:11","guid":{"rendered":"https:\/\/dermamedk.es\/?post_type=product&#038;p=1182"},"modified":"2025-02-07T00:46:23","modified_gmt":"2025-02-06T23:46:23","slug":"leche-hidratante-corporal","status":"publish","type":"product","link":"https:\/\/dermamedk.es\/tr\/tienda\/corporal\/hidratacion\/leche-hidratante-corporal\/","title":{"rendered":"NEMLENDI\u0307RI\u0307CI\u0307 V\u00dcCUT S\u00dcT\u00dc"},"content":{"rendered":"<p>En hassas ciltler dahil t\u00fcm cilt tipleri i\u00e7in g\u00fcnl\u00fck v\u00fccut nemlendiricisi.<br \/>\nNas\u0131l kullan\u0131l\u0131r: \u00d6zellikle banyo veya du\u015ftan sonra gerekti\u011fi kadar s\u0131k uygulay\u0131n.<br \/>\nAktif bile\u015fenler: Tatl\u0131 Badem Ya\u011f\u0131 8%, \u00dcre 1%, Yumu\u015fat\u0131c\u0131 Aktif Bile\u015fenler 8%, Yulaf \u00d6z\u00fc, Alfa Bisabolol 0.02%, Gliserol ve Nemlendirici Em\u00fclsiyon Baz.<br \/>\nSunum: 400 ml<br \/>\nRef.: FLCLCPS<\/p>","protected":false},"excerpt":{"rendered":"<p>Hidrataci\u00f3n corporal diaria de todo tipo de piel, incluso las m\u00e1s sensibles. Modo de empleo: Aplicar cuantas veces sea necesario, especialmente despu\u00e9s del ba\u00f1o o ducha. Ingredientes activos: Aceite de Almendras Dulces 8%, Urea 1%, Activos Emolientes 8%, Extracto de Avena, Alfa Bisabolol 0.02%, Glicerol y Base de Emulsi\u00f3n Hidratante. Presentaci\u00f3n: 400 ml Ref.: FLCLCPS<\/p>","protected":false},"featured_media":1184,"comment_status":"open","ping_status":"closed","template":"","meta":[],"product_brand":[],"product_cat":[18,27,34,43],"product_tag":[],"class_list":{"0":"post-1182","1":"product","2":"type-product","3":"status-publish","4":"has-post-thumbnail","6":"product_cat-tienda","7":"product_cat-corporal","8":"product_cat-hidratacion","9":"product_cat-productos-cosmetologicos","11":"first","12":"instock","13":"taxable","14":"shipping-taxable","15":"product-type-simple"},"yoast_head":"<!-- This site is optimized with the Yoast SEO plugin v23.8 - https:\/\/yoast.com\/wordpress\/plugins\/seo\/ -->\n<title>LECHE HIDRATANTE CORPORAL - Dermamedk<\/title>\n<meta name=\"description\" content=\"LECHE HIDRATANTE CORPORAL Hidrataci\u00f3n corporal diaria de todo tipo de piel, incluso las m\u00e1s sensibles, sin irritaci\u00f3n asegurada.\" \/>\n<meta name=\"robots\" content=\"index, follow, max-snippet:-1, max-image-preview:large, max-video-preview:-1\" \/>\n<link rel=\"canonical\" href=\"https:\/\/dermamedk.es\/tr\/tienda\/corporal\/hidratacion\/leche-hidratante-corporal\/\" \/>\n<meta property=\"og:locale\" content=\"tr_TR\" \/>\n<meta property=\"og:type\" content=\"article\" \/>\n<meta property=\"og:title\" content=\"LECHE HIDRATANTE CORPORAL - Dermamedk\" \/>\n<meta property=\"og:description\" content=\"LECHE HIDRATANTE CORPORAL Hidrataci\u00f3n corporal diaria de todo tipo de piel, incluso las m\u00e1s sensibles, sin irritaci\u00f3n asegurada.\" \/>\n<meta property=\"og:url\" content=\"https:\/\/dermamedk.es\/tr\/tienda\/corporal\/hidratacion\/leche-hidratante-corporal\/\" \/>\n<meta property=\"og:site_name\" content=\"Dermamedk\" \/>\n<meta property=\"article:publisher\" content=\"https:\/\/www.facebook.com\/dermamedk\" \/>\n<meta property=\"article:modified_time\" content=\"2025-02-06T23:46:23+00:00\" \/>\n<meta property=\"og:image\" content=\"https:\/\/dermamedk.es\/wp-content\/uploads\/2023\/05\/WhatsApp-Image-2023-05-03-at-12.21.01-AM.jpeg\" \/>\n\t<meta property=\"og:image:width\" content=\"208\" \/>\n\t<meta property=\"og:image:height\" content=\"607\" \/>\n\t<meta property=\"og:image:type\" content=\"image\/jpeg\" \/>\n<meta name=\"twitter:card\" content=\"summary_large_image\" \/>\n<meta name=\"twitter:label1\" content=\"Tahmini okuma s\u00fcresi\" \/>\n\t<meta name=\"twitter:data1\" content=\"1 dakika\" \/>\n<script type=\"application\/ld+json\" class=\"yoast-schema-graph\">{\"@context\":\"https:\/\/schema.org\",\"@graph\":[{\"@type\":\"WebPage\",\"@id\":\"https:\/\/dermamedk.es\/tienda\/corporal\/hidratacion\/leche-hidratante-corporal\/\",\"url\":\"https:\/\/dermamedk.es\/tienda\/corporal\/hidratacion\/leche-hidratante-corporal\/\",\"name\":\"LECHE HIDRATANTE CORPORAL - Dermamedk\",\"isPartOf\":{\"@id\":\"https:\/\/dermamedk.es\/#website\"},\"primaryImageOfPage\":{\"@id\":\"https:\/\/dermamedk.es\/tienda\/corporal\/hidratacion\/leche-hidratante-corporal\/#primaryimage\"},\"image\":{\"@id\":\"https:\/\/dermamedk.es\/tienda\/corporal\/hidratacion\/leche-hidratante-corporal\/#primaryimage\"},\"thumbnailUrl\":\"https:\/\/dermamedk.es\/wp-content\/uploads\/2023\/05\/WhatsApp-Image-2023-05-03-at-12.21.01-AM.jpeg\",\"datePublished\":\"2023-05-03T04:16:11+00:00\",\"dateModified\":\"2025-02-06T23:46:23+00:00\",\"description\":\"LECHE HIDRATANTE CORPORAL Hidrataci\u00f3n corporal diaria de todo tipo de piel, incluso las m\u00e1s sensibles, sin irritaci\u00f3n asegurada.\",\"breadcrumb\":{\"@id\":\"https:\/\/dermamedk.es\/tienda\/corporal\/hidratacion\/leche-hidratante-corporal\/#breadcrumb\"},\"inLanguage\":\"tr\",\"potentialAction\":[{\"@type\":\"ReadAction\",\"target\":[\"https:\/\/dermamedk.es\/tienda\/corporal\/hidratacion\/leche-hidratante-corporal\/\"]}]},{\"@type\":\"ImageObject\",\"inLanguage\":\"tr\",\"@id\":\"https:\/\/dermamedk.es\/tienda\/corporal\/hidratacion\/leche-hidratante-corporal\/#primaryimage\",\"url\":\"https:\/\/dermamedk.es\/wp-content\/uploads\/2023\/05\/WhatsApp-Image-2023-05-03-at-12.21.01-AM.jpeg\",\"contentUrl\":\"https:\/\/dermamedk.es\/wp-content\/uploads\/2023\/05\/WhatsApp-Image-2023-05-03-at-12.21.01-AM.jpeg\",\"width\":208,\"height\":607,\"caption\":\"LECHE HIDRATANTE CORPORAL\"},{\"@type\":\"BreadcrumbList\",\"@id\":\"https:\/\/dermamedk.es\/tienda\/corporal\/hidratacion\/leche-hidratante-corporal\/#breadcrumb\",\"itemListElement\":[{\"@type\":\"ListItem\",\"position\":1,\"name\":\"Home\",\"item\":\"https:\/\/dermamedk.es\/\"},{\"@type\":\"ListItem\",\"position\":2,\"name\":\"Tienda\",\"item\":\"https:\/\/dermamedk.es\/tienda-dermamedk\/\"},{\"@type\":\"ListItem\",\"position\":3,\"name\":\"LECHE HIDRATANTE CORPORAL\"}]},{\"@type\":\"WebSite\",\"@id\":\"https:\/\/dermamedk.es\/#website\",\"url\":\"https:\/\/dermamedk.es\/\",\"name\":\"DermamedK | La elecci\u00f3n perfecta para tu cuidado de la piel\",\"description\":\"Lo mejor para el cuidado de tu piel\",\"publisher\":{\"@id\":\"https:\/\/dermamedk.es\/#organization\"},\"potentialAction\":[{\"@type\":\"SearchAction\",\"target\":{\"@type\":\"EntryPoint\",\"urlTemplate\":\"https:\/\/dermamedk.es\/?s={search_term_string}\"},\"query-input\":{\"@type\":\"PropertyValueSpecification\",\"valueRequired\":true,\"valueName\":\"search_term_string\"}}],\"inLanguage\":\"tr\"},{\"@type\":\"Organization\",\"@id\":\"https:\/\/dermamedk.es\/#organization\",\"name\":\"DermamedK | La elecci\u00f3n perfecta para tu cuidado de la piel\",\"url\":\"https:\/\/dermamedk.es\/\",\"logo\":{\"@type\":\"ImageObject\",\"inLanguage\":\"tr\",\"@id\":\"https:\/\/dermamedk.es\/#\/schema\/logo\/image\/\",\"url\":\"https:\/\/dermamedk.es\/wp-content\/uploads\/2023\/04\/logo-150.webp\",\"contentUrl\":\"https:\/\/dermamedk.es\/wp-content\/uploads\/2023\/04\/logo-150.webp\",\"width\":180,\"height\":212,\"caption\":\"DermamedK | La elecci\u00f3n perfecta para tu cuidado de la piel\"},\"image\":{\"@id\":\"https:\/\/dermamedk.es\/#\/schema\/logo\/image\/\"},\"sameAs\":[\"https:\/\/www.facebook.com\/dermamedk\",\"https:\/\/www.instagram.com\/dermamedk\/\"]}]}<\/script>\n<!-- \/ Yoast SEO plugin. -->","yoast_head_json":{"title":"LECHE HIDRATANTE CORPORAL - Dermamedk","description":"LECHE HIDRATANTE CORPORAL Hidrataci\u00f3n corporal diaria de todo tipo de piel, incluso las m\u00e1s sensibles, sin irritaci\u00f3n asegurada.","robots":{"index":"index","follow":"follow","max-snippet":"max-snippet:-1","max-image-preview":"max-image-preview:large","max-video-preview":"max-video-preview:-1"},"canonical":"https:\/\/dermamedk.es\/tr\/tienda\/corporal\/hidratacion\/leche-hidratante-corporal\/","og_locale":"tr_TR","og_type":"article","og_title":"LECHE HIDRATANTE CORPORAL - Dermamedk","og_description":"LECHE HIDRATANTE CORPORAL Hidrataci\u00f3n corporal diaria de todo tipo de piel, incluso las m\u00e1s sensibles, sin irritaci\u00f3n asegurada.","og_url":"https:\/\/dermamedk.es\/tr\/tienda\/corporal\/hidratacion\/leche-hidratante-corporal\/","og_site_name":"Dermamedk","article_publisher":"https:\/\/www.facebook.com\/dermamedk","article_modified_time":"2025-02-06T23:46:23+00:00","og_image":[{"width":208,"height":607,"url":"https:\/\/dermamedk.es\/wp-content\/uploads\/2023\/05\/WhatsApp-Image-2023-05-03-at-12.21.01-AM.jpeg","type":"image\/jpeg"}],"twitter_card":"summary_large_image","twitter_misc":{"Tahmini okuma s\u00fcresi":"1 dakika"},"schema":{"@context":"https:\/\/schema.org","@graph":[{"@type":"WebPage","@id":"https:\/\/dermamedk.es\/tienda\/corporal\/hidratacion\/leche-hidratante-corporal\/","url":"https:\/\/dermamedk.es\/tienda\/corporal\/hidratacion\/leche-hidratante-corporal\/","name":"LECHE HIDRATANTE CORPORAL - Dermamedk","isPartOf":{"@id":"https:\/\/dermamedk.es\/#website"},"primaryImageOfPage":{"@id":"https:\/\/dermamedk.es\/tienda\/corporal\/hidratacion\/leche-hidratante-corporal\/#primaryimage"},"image":{"@id":"https:\/\/dermamedk.es\/tienda\/corporal\/hidratacion\/leche-hidratante-corporal\/#primaryimage"},"thumbnailUrl":"https:\/\/dermamedk.es\/wp-content\/uploads\/2023\/05\/WhatsApp-Image-2023-05-03-at-12.21.01-AM.jpeg","datePublished":"2023-05-03T04:16:11+00:00","dateModified":"2025-02-06T23:46:23+00:00","description":"LECHE HIDRATANTE CORPORAL Hidrataci\u00f3n corporal diaria de todo tipo de piel, incluso las m\u00e1s sensibles, sin irritaci\u00f3n asegurada.","breadcrumb":{"@id":"https:\/\/dermamedk.es\/tienda\/corporal\/hidratacion\/leche-hidratante-corporal\/#breadcrumb"},"inLanguage":"tr","potentialAction":[{"@type":"ReadAction","target":["https:\/\/dermamedk.es\/tienda\/corporal\/hidratacion\/leche-hidratante-corporal\/"]}]},{"@type":"ImageObject","inLanguage":"tr","@id":"https:\/\/dermamedk.es\/tienda\/corporal\/hidratacion\/leche-hidratante-corporal\/#primaryimage","url":"https:\/\/dermamedk.es\/wp-content\/uploads\/2023\/05\/WhatsApp-Image-2023-05-03-at-12.21.01-AM.jpeg","contentUrl":"https:\/\/dermamedk.es\/wp-content\/uploads\/2023\/05\/WhatsApp-Image-2023-05-03-at-12.21.01-AM.jpeg","width":208,"height":607,"caption":"LECHE HIDRATANTE CORPORAL"},{"@type":"BreadcrumbList","@id":"https:\/\/dermamedk.es\/tienda\/corporal\/hidratacion\/leche-hidratante-corporal\/#breadcrumb","itemListElement":[{"@type":"ListItem","position":1,"name":"Home","item":"https:\/\/dermamedk.es\/"},{"@type":"ListItem","position":2,"name":"Tienda","item":"https:\/\/dermamedk.es\/tienda-dermamedk\/"},{"@type":"ListItem","position":3,"name":"LECHE HIDRATANTE CORPORAL"}]},{"@type":"WebSite","@id":"https:\/\/dermamedk.es\/#website","url":"https:\/\/dermamedk.es\/","name":"DermamedK | La elecci\u00f3n perfecta para tu cuidado de la piel","description":"Lo mejor para el cuidado de tu piel","publisher":{"@id":"https:\/\/dermamedk.es\/#organization"},"potentialAction":[{"@type":"SearchAction","target":{"@type":"EntryPoint","urlTemplate":"https:\/\/dermamedk.es\/?s={search_term_string}"},"query-input":{"@type":"PropertyValueSpecification","valueRequired":true,"valueName":"search_term_string"}}],"inLanguage":"tr"},{"@type":"Organization","@id":"https:\/\/dermamedk.es\/#organization","name":"DermamedK | La elecci\u00f3n perfecta para tu cuidado de la piel","url":"https:\/\/dermamedk.es\/","logo":{"@type":"ImageObject","inLanguage":"tr","@id":"https:\/\/dermamedk.es\/#\/schema\/logo\/image\/","url":"https:\/\/dermamedk.es\/wp-content\/uploads\/2023\/04\/logo-150.webp","contentUrl":"https:\/\/dermamedk.es\/wp-content\/uploads\/2023\/04\/logo-150.webp","width":180,"height":212,"caption":"DermamedK | La elecci\u00f3n perfecta para tu cuidado de la piel"},"image":{"@id":"https:\/\/dermamedk.es\/#\/schema\/logo\/image\/"},"sameAs":["https:\/\/www.facebook.com\/dermamedk","https:\/\/www.instagram.com\/dermamedk\/"]}]}},"_links":{"self":[{"href":"https:\/\/dermamedk.es\/tr\/wp-json\/wp\/v2\/product\/1182","targetHints":{"allow":["GET"]}}],"collection":[{"href":"https:\/\/dermamedk.es\/tr\/wp-json\/wp\/v2\/product"}],"about":[{"href":"https:\/\/dermamedk.es\/tr\/wp-json\/wp\/v2\/types\/product"}],"replies":[{"embeddable":true,"href":"https:\/\/dermamedk.es\/tr\/wp-json\/wp\/v2\/comments?post=1182"}],"version-history":[{"count":3,"href":"https:\/\/dermamedk.es\/tr\/wp-json\/wp\/v2\/product\/1182\/revisions"}],"predecessor-version":[{"id":1411,"href":"https:\/\/dermamedk.es\/tr\/wp-json\/wp\/v2\/product\/1182\/revisions\/1411"}],"wp:featuredmedia":[{"embeddable":true,"href":"https:\/\/dermamedk.es\/tr\/wp-json\/wp\/v2\/media\/1184"}],"wp:attachment":[{"href":"https:\/\/dermamedk.es\/tr\/wp-json\/wp\/v2\/media?parent=1182"}],"wp:term":[{"taxonomy":"product_brand","embeddable":true,"href":"https:\/\/dermamedk.es\/tr\/wp-json\/wp\/v2\/product_brand?post=1182"},{"taxonomy":"product_cat","embeddable":true,"href":"https:\/\/dermamedk.es\/tr\/wp-json\/wp\/v2\/product_cat?post=1182"},{"taxonomy":"product_tag","embeddable":true,"href":"https:\/\/dermamedk.es\/tr\/wp-json\/wp\/v2\/product_tag?post=1182"}],"curies":[{"name":"wp","href":"https:\/\/api.w.org\/{rel}","templated":true}]}}