 {"id":1173,"date":"2023-05-03T04:05:29","date_gmt":"2023-05-03T04:05:29","guid":{"rendered":"https:\/\/dermamedk.es\/?post_type=product&#038;p=1173"},"modified":"2024-03-08T07:31:52","modified_gmt":"2024-03-08T06:31:52","slug":"champu-antigrasa","status":"publish","type":"product","link":"https:\/\/dermamedk.es\/tr\/tienda\/capilar\/cuidado-capilar-intensivo\/champu-antigrasa\/","title":{"rendered":"YA\u011e \u00d6NLEYICI \u015eAMPUAN"},"content":{"rendered":"<p>Sa\u00e7 ve kafa derisindeki a\u015f\u0131r\u0131 ya\u011f\u0131n kozmetolojik tedavisi.<\/p>\n<p>Nas\u0131l kullan\u0131l\u0131r: Nemli sa\u00e7la, sa\u00e7\u0131n her taraf\u0131na yay\u0131n ve nazik\u00e7e masaj yap\u0131n. Bol su ile temizleyin ve y\u0131kamay\u0131 tekrarlay\u0131n, \u015fampuan\u0131 birka\u00e7 dakika etki etmesi i\u00e7in b\u0131rak\u0131n ve tekrar bol su ile temizleyin. S\u0131k kullan\u0131m.<\/p>\n<p>Aktif bile\u015fenler: Pyroctone Olamine 0.5%, Bio-sulphur 5%, Sabal 3% ve White Nettle Actives.<br \/>\nSunum: 300 ml<br \/>\nRef.: FCHANTG<\/p>","protected":false},"excerpt":{"rendered":"<p>Tratamiento cosmetol\u00f3gico del exceso de grasa en pelo y cuero cabelludo. Modo de empleo: Con el pelo h\u00famedo, extender por todo el cabello y realizar un suave masaje. Retirar con abundante agua y repetir el lavado dejando unos minutos actuar el champ\u00fa y retirar de nuevo con abundante agua. Uso Frecuente. Ingredientes activos: Piroctona Olamina [&hellip;]<\/p>","protected":false},"featured_media":1176,"comment_status":"open","ping_status":"closed","template":"","meta":[],"product_brand":[],"product_cat":[18,26,33,43],"product_tag":[],"class_list":{"0":"post-1173","1":"product","2":"type-product","3":"status-publish","4":"has-post-thumbnail","6":"product_cat-tienda","7":"product_cat-capilar","8":"product_cat-cuidado-capilar-intensivo","9":"product_cat-productos-cosmetologicos","11":"first","12":"instock","13":"taxable","14":"shipping-taxable","15":"purchasable","16":"product-type-simple"},"yoast_head":"<!-- This site is optimized with the Yoast SEO plugin v23.8 - https:\/\/yoast.com\/wordpress\/plugins\/seo\/ -->\n<title>CHAMP\u00da ANTIGRASA - Dermamedk<\/title>\n<meta name=\"description\" content=\"CHAMP\u00da ANTIGRASA Tratamiento cosmetol\u00f3gico del exceso de grasa en pelo y cuero cabelludo.Modo de empleo: Con el pelo h\u00famedo, extender por todo el cabello.\" \/>\n<meta name=\"robots\" content=\"index, follow, max-snippet:-1, max-image-preview:large, max-video-preview:-1\" \/>\n<link rel=\"canonical\" href=\"https:\/\/dermamedk.es\/tr\/tienda\/capilar\/cuidado-capilar-intensivo\/champu-antigrasa\/\" \/>\n<meta property=\"og:locale\" content=\"tr_TR\" \/>\n<meta property=\"og:type\" content=\"article\" \/>\n<meta property=\"og:title\" content=\"CHAMP\u00da ANTIGRASA - Dermamedk\" \/>\n<meta property=\"og:description\" content=\"CHAMP\u00da ANTIGRASA Tratamiento cosmetol\u00f3gico del exceso de grasa en pelo y cuero cabelludo.Modo de empleo: Con el pelo h\u00famedo, extender por todo el cabello.\" \/>\n<meta property=\"og:url\" content=\"https:\/\/dermamedk.es\/tr\/tienda\/capilar\/cuidado-capilar-intensivo\/champu-antigrasa\/\" \/>\n<meta property=\"og:site_name\" content=\"Dermamedk\" \/>\n<meta property=\"article:publisher\" content=\"https:\/\/www.facebook.com\/dermamedk\" \/>\n<meta property=\"article:modified_time\" content=\"2024-03-08T06:31:52+00:00\" \/>\n<meta property=\"og:image\" content=\"https:\/\/dermamedk.es\/wp-content\/uploads\/2023\/05\/WhatsApp-Image-2023-05-03-at-12.12.17-AM.jpeg\" \/>\n\t<meta property=\"og:image:width\" content=\"578\" \/>\n\t<meta property=\"og:image:height\" content=\"562\" \/>\n\t<meta property=\"og:image:type\" content=\"image\/jpeg\" \/>\n<meta name=\"twitter:card\" content=\"summary_large_image\" \/>\n<meta name=\"twitter:label1\" content=\"Tahmini okuma s\u00fcresi\" \/>\n\t<meta name=\"twitter:data1\" content=\"1 dakika\" \/>\n<script type=\"application\/ld+json\" class=\"yoast-schema-graph\">{\"@context\":\"https:\/\/schema.org\",\"@graph\":[{\"@type\":\"WebPage\",\"@id\":\"https:\/\/dermamedk.es\/tienda\/capilar\/cuidado-capilar-intensivo\/champu-antigrasa\/\",\"url\":\"https:\/\/dermamedk.es\/tienda\/capilar\/cuidado-capilar-intensivo\/champu-antigrasa\/\",\"name\":\"CHAMP\u00da ANTIGRASA - Dermamedk\",\"isPartOf\":{\"@id\":\"https:\/\/dermamedk.es\/#website\"},\"primaryImageOfPage\":{\"@id\":\"https:\/\/dermamedk.es\/tienda\/capilar\/cuidado-capilar-intensivo\/champu-antigrasa\/#primaryimage\"},\"image\":{\"@id\":\"https:\/\/dermamedk.es\/tienda\/capilar\/cuidado-capilar-intensivo\/champu-antigrasa\/#primaryimage\"},\"thumbnailUrl\":\"https:\/\/dermamedk.es\/wp-content\/uploads\/2023\/05\/WhatsApp-Image-2023-05-03-at-12.12.17-AM.jpeg\",\"datePublished\":\"2023-05-03T04:05:29+00:00\",\"dateModified\":\"2024-03-08T06:31:52+00:00\",\"description\":\"CHAMP\u00da ANTIGRASA Tratamiento cosmetol\u00f3gico del exceso de grasa en pelo y cuero cabelludo.Modo de empleo: Con el pelo h\u00famedo, extender por todo el cabello.\",\"breadcrumb\":{\"@id\":\"https:\/\/dermamedk.es\/tienda\/capilar\/cuidado-capilar-intensivo\/champu-antigrasa\/#breadcrumb\"},\"inLanguage\":\"tr\",\"potentialAction\":[{\"@type\":\"ReadAction\",\"target\":[\"https:\/\/dermamedk.es\/tienda\/capilar\/cuidado-capilar-intensivo\/champu-antigrasa\/\"]}]},{\"@type\":\"ImageObject\",\"inLanguage\":\"tr\",\"@id\":\"https:\/\/dermamedk.es\/tienda\/capilar\/cuidado-capilar-intensivo\/champu-antigrasa\/#primaryimage\",\"url\":\"https:\/\/dermamedk.es\/wp-content\/uploads\/2023\/05\/WhatsApp-Image-2023-05-03-at-12.12.17-AM.jpeg\",\"contentUrl\":\"https:\/\/dermamedk.es\/wp-content\/uploads\/2023\/05\/WhatsApp-Image-2023-05-03-at-12.12.17-AM.jpeg\",\"width\":578,\"height\":562,\"caption\":\"capilar -cuidado capilar intensivo\"},{\"@type\":\"BreadcrumbList\",\"@id\":\"https:\/\/dermamedk.es\/tienda\/capilar\/cuidado-capilar-intensivo\/champu-antigrasa\/#breadcrumb\",\"itemListElement\":[{\"@type\":\"ListItem\",\"position\":1,\"name\":\"Home\",\"item\":\"https:\/\/dermamedk.es\/\"},{\"@type\":\"ListItem\",\"position\":2,\"name\":\"Tienda\",\"item\":\"https:\/\/dermamedk.es\/tienda-dermamedk\/\"},{\"@type\":\"ListItem\",\"position\":3,\"name\":\"CHAMP\u00da ANTIGRASA\"}]},{\"@type\":\"WebSite\",\"@id\":\"https:\/\/dermamedk.es\/#website\",\"url\":\"https:\/\/dermamedk.es\/\",\"name\":\"DermamedK | La elecci\u00f3n perfecta para tu cuidado de la piel\",\"description\":\"Lo mejor para el cuidado de tu piel\",\"publisher\":{\"@id\":\"https:\/\/dermamedk.es\/#organization\"},\"potentialAction\":[{\"@type\":\"SearchAction\",\"target\":{\"@type\":\"EntryPoint\",\"urlTemplate\":\"https:\/\/dermamedk.es\/?s={search_term_string}\"},\"query-input\":{\"@type\":\"PropertyValueSpecification\",\"valueRequired\":true,\"valueName\":\"search_term_string\"}}],\"inLanguage\":\"tr\"},{\"@type\":\"Organization\",\"@id\":\"https:\/\/dermamedk.es\/#organization\",\"name\":\"DermamedK | La elecci\u00f3n perfecta para tu cuidado de la piel\",\"url\":\"https:\/\/dermamedk.es\/\",\"logo\":{\"@type\":\"ImageObject\",\"inLanguage\":\"tr\",\"@id\":\"https:\/\/dermamedk.es\/#\/schema\/logo\/image\/\",\"url\":\"https:\/\/dermamedk.es\/wp-content\/uploads\/2023\/04\/logo-150.webp\",\"contentUrl\":\"https:\/\/dermamedk.es\/wp-content\/uploads\/2023\/04\/logo-150.webp\",\"width\":180,\"height\":212,\"caption\":\"DermamedK | La elecci\u00f3n perfecta para tu cuidado de la piel\"},\"image\":{\"@id\":\"https:\/\/dermamedk.es\/#\/schema\/logo\/image\/\"},\"sameAs\":[\"https:\/\/www.facebook.com\/dermamedk\",\"https:\/\/www.instagram.com\/dermamedk\/\"]}]}<\/script>\n<!-- \/ Yoast SEO plugin. -->","yoast_head_json":{"title":"CHAMP\u00da ANTIGRASA - Dermamedk","description":"CHAMP\u00da ANTIGRASA Tratamiento cosmetol\u00f3gico del exceso de grasa en pelo y cuero cabelludo.Modo de empleo: Con el pelo h\u00famedo, extender por todo el cabello.","robots":{"index":"index","follow":"follow","max-snippet":"max-snippet:-1","max-image-preview":"max-image-preview:large","max-video-preview":"max-video-preview:-1"},"canonical":"https:\/\/dermamedk.es\/tr\/tienda\/capilar\/cuidado-capilar-intensivo\/champu-antigrasa\/","og_locale":"tr_TR","og_type":"article","og_title":"CHAMP\u00da ANTIGRASA - Dermamedk","og_description":"CHAMP\u00da ANTIGRASA Tratamiento cosmetol\u00f3gico del exceso de grasa en pelo y cuero cabelludo.Modo de empleo: Con el pelo h\u00famedo, extender por todo el cabello.","og_url":"https:\/\/dermamedk.es\/tr\/tienda\/capilar\/cuidado-capilar-intensivo\/champu-antigrasa\/","og_site_name":"Dermamedk","article_publisher":"https:\/\/www.facebook.com\/dermamedk","article_modified_time":"2024-03-08T06:31:52+00:00","og_image":[{"width":578,"height":562,"url":"https:\/\/dermamedk.es\/wp-content\/uploads\/2023\/05\/WhatsApp-Image-2023-05-03-at-12.12.17-AM.jpeg","type":"image\/jpeg"}],"twitter_card":"summary_large_image","twitter_misc":{"Tahmini okuma s\u00fcresi":"1 dakika"},"schema":{"@context":"https:\/\/schema.org","@graph":[{"@type":"WebPage","@id":"https:\/\/dermamedk.es\/tienda\/capilar\/cuidado-capilar-intensivo\/champu-antigrasa\/","url":"https:\/\/dermamedk.es\/tienda\/capilar\/cuidado-capilar-intensivo\/champu-antigrasa\/","name":"CHAMP\u00da ANTIGRASA - Dermamedk","isPartOf":{"@id":"https:\/\/dermamedk.es\/#website"},"primaryImageOfPage":{"@id":"https:\/\/dermamedk.es\/tienda\/capilar\/cuidado-capilar-intensivo\/champu-antigrasa\/#primaryimage"},"image":{"@id":"https:\/\/dermamedk.es\/tienda\/capilar\/cuidado-capilar-intensivo\/champu-antigrasa\/#primaryimage"},"thumbnailUrl":"https:\/\/dermamedk.es\/wp-content\/uploads\/2023\/05\/WhatsApp-Image-2023-05-03-at-12.12.17-AM.jpeg","datePublished":"2023-05-03T04:05:29+00:00","dateModified":"2024-03-08T06:31:52+00:00","description":"CHAMP\u00da ANTIGRASA Tratamiento cosmetol\u00f3gico del exceso de grasa en pelo y cuero cabelludo.Modo de empleo: Con el pelo h\u00famedo, extender por todo el cabello.","breadcrumb":{"@id":"https:\/\/dermamedk.es\/tienda\/capilar\/cuidado-capilar-intensivo\/champu-antigrasa\/#breadcrumb"},"inLanguage":"tr","potentialAction":[{"@type":"ReadAction","target":["https:\/\/dermamedk.es\/tienda\/capilar\/cuidado-capilar-intensivo\/champu-antigrasa\/"]}]},{"@type":"ImageObject","inLanguage":"tr","@id":"https:\/\/dermamedk.es\/tienda\/capilar\/cuidado-capilar-intensivo\/champu-antigrasa\/#primaryimage","url":"https:\/\/dermamedk.es\/wp-content\/uploads\/2023\/05\/WhatsApp-Image-2023-05-03-at-12.12.17-AM.jpeg","contentUrl":"https:\/\/dermamedk.es\/wp-content\/uploads\/2023\/05\/WhatsApp-Image-2023-05-03-at-12.12.17-AM.jpeg","width":578,"height":562,"caption":"capilar -cuidado capilar intensivo"},{"@type":"BreadcrumbList","@id":"https:\/\/dermamedk.es\/tienda\/capilar\/cuidado-capilar-intensivo\/champu-antigrasa\/#breadcrumb","itemListElement":[{"@type":"ListItem","position":1,"name":"Home","item":"https:\/\/dermamedk.es\/"},{"@type":"ListItem","position":2,"name":"Tienda","item":"https:\/\/dermamedk.es\/tienda-dermamedk\/"},{"@type":"ListItem","position":3,"name":"CHAMP\u00da ANTIGRASA"}]},{"@type":"WebSite","@id":"https:\/\/dermamedk.es\/#website","url":"https:\/\/dermamedk.es\/","name":"DermamedK | La elecci\u00f3n perfecta para tu cuidado de la piel","description":"Lo mejor para el cuidado de tu piel","publisher":{"@id":"https:\/\/dermamedk.es\/#organization"},"potentialAction":[{"@type":"SearchAction","target":{"@type":"EntryPoint","urlTemplate":"https:\/\/dermamedk.es\/?s={search_term_string}"},"query-input":{"@type":"PropertyValueSpecification","valueRequired":true,"valueName":"search_term_string"}}],"inLanguage":"tr"},{"@type":"Organization","@id":"https:\/\/dermamedk.es\/#organization","name":"DermamedK | La elecci\u00f3n perfecta para tu cuidado de la piel","url":"https:\/\/dermamedk.es\/","logo":{"@type":"ImageObject","inLanguage":"tr","@id":"https:\/\/dermamedk.es\/#\/schema\/logo\/image\/","url":"https:\/\/dermamedk.es\/wp-content\/uploads\/2023\/04\/logo-150.webp","contentUrl":"https:\/\/dermamedk.es\/wp-content\/uploads\/2023\/04\/logo-150.webp","width":180,"height":212,"caption":"DermamedK | La elecci\u00f3n perfecta para tu cuidado de la piel"},"image":{"@id":"https:\/\/dermamedk.es\/#\/schema\/logo\/image\/"},"sameAs":["https:\/\/www.facebook.com\/dermamedk","https:\/\/www.instagram.com\/dermamedk\/"]}]}},"_links":{"self":[{"href":"https:\/\/dermamedk.es\/tr\/wp-json\/wp\/v2\/product\/1173","targetHints":{"allow":["GET"]}}],"collection":[{"href":"https:\/\/dermamedk.es\/tr\/wp-json\/wp\/v2\/product"}],"about":[{"href":"https:\/\/dermamedk.es\/tr\/wp-json\/wp\/v2\/types\/product"}],"replies":[{"embeddable":true,"href":"https:\/\/dermamedk.es\/tr\/wp-json\/wp\/v2\/comments?post=1173"}],"version-history":[{"count":2,"href":"https:\/\/dermamedk.es\/tr\/wp-json\/wp\/v2\/product\/1173\/revisions"}],"predecessor-version":[{"id":1396,"href":"https:\/\/dermamedk.es\/tr\/wp-json\/wp\/v2\/product\/1173\/revisions\/1396"}],"wp:featuredmedia":[{"embeddable":true,"href":"https:\/\/dermamedk.es\/tr\/wp-json\/wp\/v2\/media\/1176"}],"wp:attachment":[{"href":"https:\/\/dermamedk.es\/tr\/wp-json\/wp\/v2\/media?parent=1173"}],"wp:term":[{"taxonomy":"product_brand","embeddable":true,"href":"https:\/\/dermamedk.es\/tr\/wp-json\/wp\/v2\/product_brand?post=1173"},{"taxonomy":"product_cat","embeddable":true,"href":"https:\/\/dermamedk.es\/tr\/wp-json\/wp\/v2\/product_cat?post=1173"},{"taxonomy":"product_tag","embeddable":true,"href":"https:\/\/dermamedk.es\/tr\/wp-json\/wp\/v2\/product_tag?post=1173"}],"curies":[{"name":"wp","href":"https:\/\/api.w.org\/{rel}","templated":true}]}}