 {"id":1156,"date":"2023-05-03T03:45:06","date_gmt":"2023-05-03T03:45:06","guid":{"rendered":"https:\/\/dermamedk.es\/?post_type=product&#038;p=1156"},"modified":"2023-09-19T18:48:27","modified_gmt":"2023-09-19T16:48:27","slug":"jabon-limpiador","status":"publish","type":"product","link":"https:\/\/dermamedk.es\/tr\/tienda\/tienda\/jabon-limpiador\/","title":{"rendered":"TEMI\u0307ZLI\u0307K SABUNU"},"content":{"rendered":"<p>Karma ve ya\u011fl\u0131 ciltler i\u00e7in g\u00fcnl\u00fck temizlik ve hijyen. Fazla ya\u011f, \u00f6l\u00fc h\u00fccreler, makyaj, fazla mikrobiyota gibi en \u00f6nemli cilt y\u00fczeyi kal\u0131nt\u0131lar\u0131n\u0131 em\u00fclsifiye eder, ho\u015f bir tazelik ve burukluk hissi b\u0131rak\u0131r.<br \/>\nNas\u0131l kullan\u0131l\u0131r: Nemli y\u00fcze az miktarda uygulay\u0131n ve nazik\u00e7e masaj yap\u0131n. Bol su ile temizleyin ve Y\u00fcz Toni\u011fi uygulay\u0131n.<br \/>\nAktif bile\u015fenler: Papatya 5%, Yulaf 5%, Triklosan 0.1%, Setrimid 0.1% ve N\u00f6tr Y\u0131kama Baz\u0131.<br \/>\nSunum: 250 ml<br \/>\nRef.: FCJLF2<\/p>","protected":false},"excerpt":{"rendered":"<p>Limpieza diaria e higiene de las pieles mixtas &#8211; grasas. Emulsiona los residuos de la supercie de la piel m\u00e1s signicativos como el exceso de grasa, c\u00e9lulas muertas, maquillaje, exceso de microbiota, dejando una agradable sensaci\u00f3n de frescor y astringencia. Modo de empleo: Con el rostro humedecido extender una peque\u00f1a cantidad por todo el rostro [&hellip;]<\/p>","protected":false},"featured_media":1157,"comment_status":"open","ping_status":"closed","template":"","meta":[],"product_brand":[],"product_cat":[18,25,43],"product_tag":[],"class_list":{"0":"post-1156","1":"product","2":"type-product","3":"status-publish","4":"has-post-thumbnail","6":"product_cat-tienda","7":"product_cat-higiene-y-exfoliacion","8":"product_cat-productos-cosmetologicos","10":"first","11":"instock","12":"taxable","13":"shipping-taxable","14":"purchasable","15":"product-type-simple"},"yoast_head":"<!-- This site is optimized with the Yoast SEO plugin v23.8 - https:\/\/yoast.com\/wordpress\/plugins\/seo\/ -->\n<title>JAB\u00d3N LIMPIADOR - Dermamedk<\/title>\n<meta name=\"description\" content=\"JAB\u00d3N LIMPIADOR de los residuos de la supercie de la piel m\u00e1s signicativos como el exceso de grasa, c\u00e9lulas muertas, maquillaje, exceso de microbiota.\" \/>\n<meta name=\"robots\" content=\"index, follow, max-snippet:-1, max-image-preview:large, max-video-preview:-1\" \/>\n<link rel=\"canonical\" href=\"https:\/\/dermamedk.es\/tr\/tienda\/tienda\/jabon-limpiador\/\" \/>\n<meta property=\"og:locale\" content=\"tr_TR\" \/>\n<meta property=\"og:type\" content=\"article\" \/>\n<meta property=\"og:title\" content=\"JAB\u00d3N LIMPIADOR - Dermamedk\" \/>\n<meta property=\"og:description\" content=\"JAB\u00d3N LIMPIADOR de los residuos de la supercie de la piel m\u00e1s signicativos como el exceso de grasa, c\u00e9lulas muertas, maquillaje, exceso de microbiota.\" \/>\n<meta property=\"og:url\" content=\"https:\/\/dermamedk.es\/tr\/tienda\/tienda\/jabon-limpiador\/\" \/>\n<meta property=\"og:site_name\" content=\"Dermamedk\" \/>\n<meta property=\"article:publisher\" content=\"https:\/\/www.facebook.com\/dermamedk\" \/>\n<meta property=\"article:modified_time\" content=\"2023-09-19T16:48:27+00:00\" \/>\n<meta property=\"og:image\" content=\"https:\/\/dermamedk.es\/wp-content\/uploads\/2023\/05\/WhatsApp-Image-2023-05-02-at-11.46.54-PM.jpeg\" \/>\n\t<meta property=\"og:image:width\" content=\"321\" \/>\n\t<meta property=\"og:image:height\" content=\"592\" \/>\n\t<meta property=\"og:image:type\" content=\"image\/jpeg\" \/>\n<meta name=\"twitter:card\" content=\"summary_large_image\" \/>\n<meta name=\"twitter:label1\" content=\"Tahmini okuma s\u00fcresi\" \/>\n\t<meta name=\"twitter:data1\" content=\"1 dakika\" \/>\n<script type=\"application\/ld+json\" class=\"yoast-schema-graph\">{\"@context\":\"https:\/\/schema.org\",\"@graph\":[{\"@type\":\"WebPage\",\"@id\":\"https:\/\/dermamedk.es\/tienda\/tienda\/jabon-limpiador\/\",\"url\":\"https:\/\/dermamedk.es\/tienda\/tienda\/jabon-limpiador\/\",\"name\":\"JAB\u00d3N LIMPIADOR - Dermamedk\",\"isPartOf\":{\"@id\":\"https:\/\/dermamedk.es\/#website\"},\"primaryImageOfPage\":{\"@id\":\"https:\/\/dermamedk.es\/tienda\/tienda\/jabon-limpiador\/#primaryimage\"},\"image\":{\"@id\":\"https:\/\/dermamedk.es\/tienda\/tienda\/jabon-limpiador\/#primaryimage\"},\"thumbnailUrl\":\"https:\/\/dermamedk.es\/wp-content\/uploads\/2023\/05\/WhatsApp-Image-2023-05-02-at-11.46.54-PM.jpeg\",\"datePublished\":\"2023-05-03T03:45:06+00:00\",\"dateModified\":\"2023-09-19T16:48:27+00:00\",\"description\":\"JAB\u00d3N LIMPIADOR de los residuos de la supercie de la piel m\u00e1s signicativos como el exceso de grasa, c\u00e9lulas muertas, maquillaje, exceso de microbiota.\",\"breadcrumb\":{\"@id\":\"https:\/\/dermamedk.es\/tienda\/tienda\/jabon-limpiador\/#breadcrumb\"},\"inLanguage\":\"tr\",\"potentialAction\":[{\"@type\":\"ReadAction\",\"target\":[\"https:\/\/dermamedk.es\/tienda\/tienda\/jabon-limpiador\/\"]}]},{\"@type\":\"ImageObject\",\"inLanguage\":\"tr\",\"@id\":\"https:\/\/dermamedk.es\/tienda\/tienda\/jabon-limpiador\/#primaryimage\",\"url\":\"https:\/\/dermamedk.es\/wp-content\/uploads\/2023\/05\/WhatsApp-Image-2023-05-02-at-11.46.54-PM.jpeg\",\"contentUrl\":\"https:\/\/dermamedk.es\/wp-content\/uploads\/2023\/05\/WhatsApp-Image-2023-05-02-at-11.46.54-PM.jpeg\",\"width\":321,\"height\":592,\"caption\":\"JAB\u00d3N LIMPIADOR\"},{\"@type\":\"BreadcrumbList\",\"@id\":\"https:\/\/dermamedk.es\/tienda\/tienda\/jabon-limpiador\/#breadcrumb\",\"itemListElement\":[{\"@type\":\"ListItem\",\"position\":1,\"name\":\"Home\",\"item\":\"https:\/\/dermamedk.es\/\"},{\"@type\":\"ListItem\",\"position\":2,\"name\":\"Tienda\",\"item\":\"https:\/\/dermamedk.es\/tienda-dermamedk\/\"},{\"@type\":\"ListItem\",\"position\":3,\"name\":\"JAB\u00d3N LIMPIADOR\"}]},{\"@type\":\"WebSite\",\"@id\":\"https:\/\/dermamedk.es\/#website\",\"url\":\"https:\/\/dermamedk.es\/\",\"name\":\"DermamedK | La elecci\u00f3n perfecta para tu cuidado de la piel\",\"description\":\"Lo mejor para el cuidado de tu piel\",\"publisher\":{\"@id\":\"https:\/\/dermamedk.es\/#organization\"},\"potentialAction\":[{\"@type\":\"SearchAction\",\"target\":{\"@type\":\"EntryPoint\",\"urlTemplate\":\"https:\/\/dermamedk.es\/?s={search_term_string}\"},\"query-input\":{\"@type\":\"PropertyValueSpecification\",\"valueRequired\":true,\"valueName\":\"search_term_string\"}}],\"inLanguage\":\"tr\"},{\"@type\":\"Organization\",\"@id\":\"https:\/\/dermamedk.es\/#organization\",\"name\":\"DermamedK | La elecci\u00f3n perfecta para tu cuidado de la piel\",\"url\":\"https:\/\/dermamedk.es\/\",\"logo\":{\"@type\":\"ImageObject\",\"inLanguage\":\"tr\",\"@id\":\"https:\/\/dermamedk.es\/#\/schema\/logo\/image\/\",\"url\":\"https:\/\/dermamedk.es\/wp-content\/uploads\/2023\/04\/logo-150.webp\",\"contentUrl\":\"https:\/\/dermamedk.es\/wp-content\/uploads\/2023\/04\/logo-150.webp\",\"width\":180,\"height\":212,\"caption\":\"DermamedK | La elecci\u00f3n perfecta para tu cuidado de la piel\"},\"image\":{\"@id\":\"https:\/\/dermamedk.es\/#\/schema\/logo\/image\/\"},\"sameAs\":[\"https:\/\/www.facebook.com\/dermamedk\",\"https:\/\/www.instagram.com\/dermamedk\/\"]}]}<\/script>\n<!-- \/ Yoast SEO plugin. -->","yoast_head_json":{"title":"JAB\u00d3N LIMPIADOR - Dermamedk","description":"JAB\u00d3N LIMPIADOR de los residuos de la supercie de la piel m\u00e1s signicativos como el exceso de grasa, c\u00e9lulas muertas, maquillaje, exceso de microbiota.","robots":{"index":"index","follow":"follow","max-snippet":"max-snippet:-1","max-image-preview":"max-image-preview:large","max-video-preview":"max-video-preview:-1"},"canonical":"https:\/\/dermamedk.es\/tr\/tienda\/tienda\/jabon-limpiador\/","og_locale":"tr_TR","og_type":"article","og_title":"JAB\u00d3N LIMPIADOR - Dermamedk","og_description":"JAB\u00d3N LIMPIADOR de los residuos de la supercie de la piel m\u00e1s signicativos como el exceso de grasa, c\u00e9lulas muertas, maquillaje, exceso de microbiota.","og_url":"https:\/\/dermamedk.es\/tr\/tienda\/tienda\/jabon-limpiador\/","og_site_name":"Dermamedk","article_publisher":"https:\/\/www.facebook.com\/dermamedk","article_modified_time":"2023-09-19T16:48:27+00:00","og_image":[{"width":321,"height":592,"url":"https:\/\/dermamedk.es\/wp-content\/uploads\/2023\/05\/WhatsApp-Image-2023-05-02-at-11.46.54-PM.jpeg","type":"image\/jpeg"}],"twitter_card":"summary_large_image","twitter_misc":{"Tahmini okuma s\u00fcresi":"1 dakika"},"schema":{"@context":"https:\/\/schema.org","@graph":[{"@type":"WebPage","@id":"https:\/\/dermamedk.es\/tienda\/tienda\/jabon-limpiador\/","url":"https:\/\/dermamedk.es\/tienda\/tienda\/jabon-limpiador\/","name":"JAB\u00d3N LIMPIADOR - Dermamedk","isPartOf":{"@id":"https:\/\/dermamedk.es\/#website"},"primaryImageOfPage":{"@id":"https:\/\/dermamedk.es\/tienda\/tienda\/jabon-limpiador\/#primaryimage"},"image":{"@id":"https:\/\/dermamedk.es\/tienda\/tienda\/jabon-limpiador\/#primaryimage"},"thumbnailUrl":"https:\/\/dermamedk.es\/wp-content\/uploads\/2023\/05\/WhatsApp-Image-2023-05-02-at-11.46.54-PM.jpeg","datePublished":"2023-05-03T03:45:06+00:00","dateModified":"2023-09-19T16:48:27+00:00","description":"JAB\u00d3N LIMPIADOR de los residuos de la supercie de la piel m\u00e1s signicativos como el exceso de grasa, c\u00e9lulas muertas, maquillaje, exceso de microbiota.","breadcrumb":{"@id":"https:\/\/dermamedk.es\/tienda\/tienda\/jabon-limpiador\/#breadcrumb"},"inLanguage":"tr","potentialAction":[{"@type":"ReadAction","target":["https:\/\/dermamedk.es\/tienda\/tienda\/jabon-limpiador\/"]}]},{"@type":"ImageObject","inLanguage":"tr","@id":"https:\/\/dermamedk.es\/tienda\/tienda\/jabon-limpiador\/#primaryimage","url":"https:\/\/dermamedk.es\/wp-content\/uploads\/2023\/05\/WhatsApp-Image-2023-05-02-at-11.46.54-PM.jpeg","contentUrl":"https:\/\/dermamedk.es\/wp-content\/uploads\/2023\/05\/WhatsApp-Image-2023-05-02-at-11.46.54-PM.jpeg","width":321,"height":592,"caption":"JAB\u00d3N LIMPIADOR"},{"@type":"BreadcrumbList","@id":"https:\/\/dermamedk.es\/tienda\/tienda\/jabon-limpiador\/#breadcrumb","itemListElement":[{"@type":"ListItem","position":1,"name":"Home","item":"https:\/\/dermamedk.es\/"},{"@type":"ListItem","position":2,"name":"Tienda","item":"https:\/\/dermamedk.es\/tienda-dermamedk\/"},{"@type":"ListItem","position":3,"name":"JAB\u00d3N LIMPIADOR"}]},{"@type":"WebSite","@id":"https:\/\/dermamedk.es\/#website","url":"https:\/\/dermamedk.es\/","name":"DermamedK | La elecci\u00f3n perfecta para tu cuidado de la piel","description":"Lo mejor para el cuidado de tu piel","publisher":{"@id":"https:\/\/dermamedk.es\/#organization"},"potentialAction":[{"@type":"SearchAction","target":{"@type":"EntryPoint","urlTemplate":"https:\/\/dermamedk.es\/?s={search_term_string}"},"query-input":{"@type":"PropertyValueSpecification","valueRequired":true,"valueName":"search_term_string"}}],"inLanguage":"tr"},{"@type":"Organization","@id":"https:\/\/dermamedk.es\/#organization","name":"DermamedK | La elecci\u00f3n perfecta para tu cuidado de la piel","url":"https:\/\/dermamedk.es\/","logo":{"@type":"ImageObject","inLanguage":"tr","@id":"https:\/\/dermamedk.es\/#\/schema\/logo\/image\/","url":"https:\/\/dermamedk.es\/wp-content\/uploads\/2023\/04\/logo-150.webp","contentUrl":"https:\/\/dermamedk.es\/wp-content\/uploads\/2023\/04\/logo-150.webp","width":180,"height":212,"caption":"DermamedK | La elecci\u00f3n perfecta para tu cuidado de la piel"},"image":{"@id":"https:\/\/dermamedk.es\/#\/schema\/logo\/image\/"},"sameAs":["https:\/\/www.facebook.com\/dermamedk","https:\/\/www.instagram.com\/dermamedk\/"]}]}},"_links":{"self":[{"href":"https:\/\/dermamedk.es\/tr\/wp-json\/wp\/v2\/product\/1156","targetHints":{"allow":["GET"]}}],"collection":[{"href":"https:\/\/dermamedk.es\/tr\/wp-json\/wp\/v2\/product"}],"about":[{"href":"https:\/\/dermamedk.es\/tr\/wp-json\/wp\/v2\/types\/product"}],"replies":[{"embeddable":true,"href":"https:\/\/dermamedk.es\/tr\/wp-json\/wp\/v2\/comments?post=1156"}],"version-history":[{"count":3,"href":"https:\/\/dermamedk.es\/tr\/wp-json\/wp\/v2\/product\/1156\/revisions"}],"predecessor-version":[{"id":1421,"href":"https:\/\/dermamedk.es\/tr\/wp-json\/wp\/v2\/product\/1156\/revisions\/1421"}],"wp:featuredmedia":[{"embeddable":true,"href":"https:\/\/dermamedk.es\/tr\/wp-json\/wp\/v2\/media\/1157"}],"wp:attachment":[{"href":"https:\/\/dermamedk.es\/tr\/wp-json\/wp\/v2\/media?parent=1156"}],"wp:term":[{"taxonomy":"product_brand","embeddable":true,"href":"https:\/\/dermamedk.es\/tr\/wp-json\/wp\/v2\/product_brand?post=1156"},{"taxonomy":"product_cat","embeddable":true,"href":"https:\/\/dermamedk.es\/tr\/wp-json\/wp\/v2\/product_cat?post=1156"},{"taxonomy":"product_tag","embeddable":true,"href":"https:\/\/dermamedk.es\/tr\/wp-json\/wp\/v2\/product_tag?post=1156"}],"curies":[{"name":"wp","href":"https:\/\/api.w.org\/{rel}","templated":true}]}}