 {"id":1122,"date":"2023-05-03T02:57:48","date_gmt":"2023-05-03T02:57:48","guid":{"rendered":"https:\/\/dermamedk.es\/?post_type=product&#038;p=1122"},"modified":"2023-05-04T08:24:36","modified_gmt":"2023-05-04T08:24:36","slug":"derma-proteoglycanos","status":"publish","type":"product","link":"https:\/\/dermamedk.es\/tr\/tienda\/tienda\/derma-proteoglycanos\/","title":{"rendered":"DERMA PROTEOGLIKANLAR"},"content":{"rendered":"<p>Antioksidan ve koruyucu ampullerdir. Cildin yap\u0131s\u0131n\u0131 g\u00fc\u00e7lendiren bir h\u00fccre enerji verici, hidroreg\u00fclat\u00f6rd\u00fcr. Kolajen ve elastin liflerini destekleyen h\u00fccre d\u0131\u015f\u0131 matrisin \u00f6nemli bir par\u00e7as\u0131 olan deniz glikojeni ve glikozaminoglikanlar\u0131n etkisini birle\u015ftiren g\u00fc\u00e7l\u00fc bir polisakkarit kompleksi i\u00e7erir. Kaybedilen parlakl\u0131\u011f\u0131 ve \u0131\u015f\u0131\u011f\u0131 geri kazand\u0131r\u0131r ve di\u011fer bile\u015fenlerin yan\u0131 s\u0131ra C Vitamini, Hyaluronik Asit, Aloe Vera ve Centella Asiatica sayesinde cilt tonunu homojenle\u015ftirmeyi ba\u015far\u0131r.<\/p>","protected":false},"excerpt":{"rendered":"<p>Son ampollas antioxidantes y protectoras. Es un energizante celular, hidroregulador que refuerza la estructura de la piel. Contiene un poderoso complejo de polisac\u00e1ridos que combina la acci\u00f3n del gluc\u00f3geno marino y de los glucosaminoglicanos, que son una parte esencial de la matriz extracelular que da soporte a las fibras de col\u00e1geno y elastina. Recupera la [&hellip;]<\/p>","protected":false},"featured_media":1124,"comment_status":"open","ping_status":"closed","template":"","meta":[],"product_brand":[],"product_cat":[18,24,43],"product_tag":[],"class_list":{"0":"post-1122","1":"product","2":"type-product","3":"status-publish","4":"has-post-thumbnail","6":"product_cat-tienda","7":"product_cat-facial","8":"product_cat-productos-cosmetologicos","10":"first","11":"instock","12":"taxable","13":"shipping-taxable","14":"product-type-simple"},"yoast_head":"<!-- This site is optimized with the Yoast SEO plugin v23.8 - https:\/\/yoast.com\/wordpress\/plugins\/seo\/ -->\n<title>DERMA PROTEOGLYCANOS - Dermamedk<\/title>\n<meta name=\"description\" content=\"DERMA PROTEOGLYCANOS Son ampollas antioxidantes y protectoras. Es un energizante celular, hidroregulador que refuerza la estructura de la piel.\" \/>\n<meta name=\"robots\" content=\"index, follow, max-snippet:-1, max-image-preview:large, max-video-preview:-1\" \/>\n<link rel=\"canonical\" href=\"https:\/\/dermamedk.es\/tr\/tienda\/tienda\/derma-proteoglycanos\/\" \/>\n<meta property=\"og:locale\" content=\"tr_TR\" \/>\n<meta property=\"og:type\" content=\"article\" \/>\n<meta property=\"og:title\" content=\"DERMA PROTEOGLYCANOS - Dermamedk\" \/>\n<meta property=\"og:description\" content=\"DERMA PROTEOGLYCANOS Son ampollas antioxidantes y protectoras. Es un energizante celular, hidroregulador que refuerza la estructura de la piel.\" \/>\n<meta property=\"og:url\" content=\"https:\/\/dermamedk.es\/tr\/tienda\/tienda\/derma-proteoglycanos\/\" \/>\n<meta property=\"og:site_name\" content=\"Dermamedk\" \/>\n<meta property=\"article:publisher\" content=\"https:\/\/www.facebook.com\/dermamedk\" \/>\n<meta property=\"article:modified_time\" content=\"2023-05-04T08:24:36+00:00\" \/>\n<meta property=\"og:image\" content=\"https:\/\/dermamedk.es\/wp-content\/uploads\/2023\/05\/DERMA-PROTEOGLYCANOS-1.jpeg\" \/>\n\t<meta property=\"og:image:width\" content=\"560\" \/>\n\t<meta property=\"og:image:height\" content=\"249\" \/>\n\t<meta property=\"og:image:type\" content=\"image\/jpeg\" \/>\n<meta name=\"twitter:card\" content=\"summary_large_image\" \/>\n<meta name=\"twitter:label1\" content=\"Tahmini okuma s\u00fcresi\" \/>\n\t<meta name=\"twitter:data1\" content=\"1 dakika\" \/>\n<script type=\"application\/ld+json\" class=\"yoast-schema-graph\">{\"@context\":\"https:\/\/schema.org\",\"@graph\":[{\"@type\":\"WebPage\",\"@id\":\"https:\/\/dermamedk.es\/tienda\/tienda\/derma-proteoglycanos\/\",\"url\":\"https:\/\/dermamedk.es\/tienda\/tienda\/derma-proteoglycanos\/\",\"name\":\"DERMA PROTEOGLYCANOS - Dermamedk\",\"isPartOf\":{\"@id\":\"https:\/\/dermamedk.es\/#website\"},\"primaryImageOfPage\":{\"@id\":\"https:\/\/dermamedk.es\/tienda\/tienda\/derma-proteoglycanos\/#primaryimage\"},\"image\":{\"@id\":\"https:\/\/dermamedk.es\/tienda\/tienda\/derma-proteoglycanos\/#primaryimage\"},\"thumbnailUrl\":\"https:\/\/dermamedk.es\/wp-content\/uploads\/2023\/05\/DERMA-PROTEOGLYCANOS-1.jpeg\",\"datePublished\":\"2023-05-03T02:57:48+00:00\",\"dateModified\":\"2023-05-04T08:24:36+00:00\",\"description\":\"DERMA PROTEOGLYCANOS Son ampollas antioxidantes y protectoras. Es un energizante celular, hidroregulador que refuerza la estructura de la piel.\",\"breadcrumb\":{\"@id\":\"https:\/\/dermamedk.es\/tienda\/tienda\/derma-proteoglycanos\/#breadcrumb\"},\"inLanguage\":\"tr\",\"potentialAction\":[{\"@type\":\"ReadAction\",\"target\":[\"https:\/\/dermamedk.es\/tienda\/tienda\/derma-proteoglycanos\/\"]}]},{\"@type\":\"ImageObject\",\"inLanguage\":\"tr\",\"@id\":\"https:\/\/dermamedk.es\/tienda\/tienda\/derma-proteoglycanos\/#primaryimage\",\"url\":\"https:\/\/dermamedk.es\/wp-content\/uploads\/2023\/05\/DERMA-PROTEOGLYCANOS-1.jpeg\",\"contentUrl\":\"https:\/\/dermamedk.es\/wp-content\/uploads\/2023\/05\/DERMA-PROTEOGLYCANOS-1.jpeg\",\"width\":560,\"height\":249},{\"@type\":\"BreadcrumbList\",\"@id\":\"https:\/\/dermamedk.es\/tienda\/tienda\/derma-proteoglycanos\/#breadcrumb\",\"itemListElement\":[{\"@type\":\"ListItem\",\"position\":1,\"name\":\"Home\",\"item\":\"https:\/\/dermamedk.es\/\"},{\"@type\":\"ListItem\",\"position\":2,\"name\":\"Tienda\",\"item\":\"https:\/\/dermamedk.es\/tienda-dermamedk\/\"},{\"@type\":\"ListItem\",\"position\":3,\"name\":\"DERMA PROTEOGLYCANOS\"}]},{\"@type\":\"WebSite\",\"@id\":\"https:\/\/dermamedk.es\/#website\",\"url\":\"https:\/\/dermamedk.es\/\",\"name\":\"DermamedK | La elecci\u00f3n perfecta para tu cuidado de la piel\",\"description\":\"Lo mejor para el cuidado de tu piel\",\"publisher\":{\"@id\":\"https:\/\/dermamedk.es\/#organization\"},\"potentialAction\":[{\"@type\":\"SearchAction\",\"target\":{\"@type\":\"EntryPoint\",\"urlTemplate\":\"https:\/\/dermamedk.es\/?s={search_term_string}\"},\"query-input\":{\"@type\":\"PropertyValueSpecification\",\"valueRequired\":true,\"valueName\":\"search_term_string\"}}],\"inLanguage\":\"tr\"},{\"@type\":\"Organization\",\"@id\":\"https:\/\/dermamedk.es\/#organization\",\"name\":\"DermamedK | La elecci\u00f3n perfecta para tu cuidado de la piel\",\"url\":\"https:\/\/dermamedk.es\/\",\"logo\":{\"@type\":\"ImageObject\",\"inLanguage\":\"tr\",\"@id\":\"https:\/\/dermamedk.es\/#\/schema\/logo\/image\/\",\"url\":\"https:\/\/dermamedk.es\/wp-content\/uploads\/2023\/04\/logo-150.webp\",\"contentUrl\":\"https:\/\/dermamedk.es\/wp-content\/uploads\/2023\/04\/logo-150.webp\",\"width\":180,\"height\":212,\"caption\":\"DermamedK | La elecci\u00f3n perfecta para tu cuidado de la piel\"},\"image\":{\"@id\":\"https:\/\/dermamedk.es\/#\/schema\/logo\/image\/\"},\"sameAs\":[\"https:\/\/www.facebook.com\/dermamedk\",\"https:\/\/www.instagram.com\/dermamedk\/\"]}]}<\/script>\n<!-- \/ Yoast SEO plugin. -->","yoast_head_json":{"title":"DERMA PROTEOGLYCANOS - Dermamedk","description":"DERMA PROTEOGLYCANOS Son ampollas antioxidantes y protectoras. Es un energizante celular, hidroregulador que refuerza la estructura de la piel.","robots":{"index":"index","follow":"follow","max-snippet":"max-snippet:-1","max-image-preview":"max-image-preview:large","max-video-preview":"max-video-preview:-1"},"canonical":"https:\/\/dermamedk.es\/tr\/tienda\/tienda\/derma-proteoglycanos\/","og_locale":"tr_TR","og_type":"article","og_title":"DERMA PROTEOGLYCANOS - Dermamedk","og_description":"DERMA PROTEOGLYCANOS Son ampollas antioxidantes y protectoras. Es un energizante celular, hidroregulador que refuerza la estructura de la piel.","og_url":"https:\/\/dermamedk.es\/tr\/tienda\/tienda\/derma-proteoglycanos\/","og_site_name":"Dermamedk","article_publisher":"https:\/\/www.facebook.com\/dermamedk","article_modified_time":"2023-05-04T08:24:36+00:00","og_image":[{"width":560,"height":249,"url":"https:\/\/dermamedk.es\/wp-content\/uploads\/2023\/05\/DERMA-PROTEOGLYCANOS-1.jpeg","type":"image\/jpeg"}],"twitter_card":"summary_large_image","twitter_misc":{"Tahmini okuma s\u00fcresi":"1 dakika"},"schema":{"@context":"https:\/\/schema.org","@graph":[{"@type":"WebPage","@id":"https:\/\/dermamedk.es\/tienda\/tienda\/derma-proteoglycanos\/","url":"https:\/\/dermamedk.es\/tienda\/tienda\/derma-proteoglycanos\/","name":"DERMA PROTEOGLYCANOS - Dermamedk","isPartOf":{"@id":"https:\/\/dermamedk.es\/#website"},"primaryImageOfPage":{"@id":"https:\/\/dermamedk.es\/tienda\/tienda\/derma-proteoglycanos\/#primaryimage"},"image":{"@id":"https:\/\/dermamedk.es\/tienda\/tienda\/derma-proteoglycanos\/#primaryimage"},"thumbnailUrl":"https:\/\/dermamedk.es\/wp-content\/uploads\/2023\/05\/DERMA-PROTEOGLYCANOS-1.jpeg","datePublished":"2023-05-03T02:57:48+00:00","dateModified":"2023-05-04T08:24:36+00:00","description":"DERMA PROTEOGLYCANOS Son ampollas antioxidantes y protectoras. Es un energizante celular, hidroregulador que refuerza la estructura de la piel.","breadcrumb":{"@id":"https:\/\/dermamedk.es\/tienda\/tienda\/derma-proteoglycanos\/#breadcrumb"},"inLanguage":"tr","potentialAction":[{"@type":"ReadAction","target":["https:\/\/dermamedk.es\/tienda\/tienda\/derma-proteoglycanos\/"]}]},{"@type":"ImageObject","inLanguage":"tr","@id":"https:\/\/dermamedk.es\/tienda\/tienda\/derma-proteoglycanos\/#primaryimage","url":"https:\/\/dermamedk.es\/wp-content\/uploads\/2023\/05\/DERMA-PROTEOGLYCANOS-1.jpeg","contentUrl":"https:\/\/dermamedk.es\/wp-content\/uploads\/2023\/05\/DERMA-PROTEOGLYCANOS-1.jpeg","width":560,"height":249},{"@type":"BreadcrumbList","@id":"https:\/\/dermamedk.es\/tienda\/tienda\/derma-proteoglycanos\/#breadcrumb","itemListElement":[{"@type":"ListItem","position":1,"name":"Home","item":"https:\/\/dermamedk.es\/"},{"@type":"ListItem","position":2,"name":"Tienda","item":"https:\/\/dermamedk.es\/tienda-dermamedk\/"},{"@type":"ListItem","position":3,"name":"DERMA PROTEOGLYCANOS"}]},{"@type":"WebSite","@id":"https:\/\/dermamedk.es\/#website","url":"https:\/\/dermamedk.es\/","name":"DermamedK | La elecci\u00f3n perfecta para tu cuidado de la piel","description":"Lo mejor para el cuidado de tu piel","publisher":{"@id":"https:\/\/dermamedk.es\/#organization"},"potentialAction":[{"@type":"SearchAction","target":{"@type":"EntryPoint","urlTemplate":"https:\/\/dermamedk.es\/?s={search_term_string}"},"query-input":{"@type":"PropertyValueSpecification","valueRequired":true,"valueName":"search_term_string"}}],"inLanguage":"tr"},{"@type":"Organization","@id":"https:\/\/dermamedk.es\/#organization","name":"DermamedK | La elecci\u00f3n perfecta para tu cuidado de la piel","url":"https:\/\/dermamedk.es\/","logo":{"@type":"ImageObject","inLanguage":"tr","@id":"https:\/\/dermamedk.es\/#\/schema\/logo\/image\/","url":"https:\/\/dermamedk.es\/wp-content\/uploads\/2023\/04\/logo-150.webp","contentUrl":"https:\/\/dermamedk.es\/wp-content\/uploads\/2023\/04\/logo-150.webp","width":180,"height":212,"caption":"DermamedK | La elecci\u00f3n perfecta para tu cuidado de la piel"},"image":{"@id":"https:\/\/dermamedk.es\/#\/schema\/logo\/image\/"},"sameAs":["https:\/\/www.facebook.com\/dermamedk","https:\/\/www.instagram.com\/dermamedk\/"]}]}},"_links":{"self":[{"href":"https:\/\/dermamedk.es\/tr\/wp-json\/wp\/v2\/product\/1122","targetHints":{"allow":["GET"]}}],"collection":[{"href":"https:\/\/dermamedk.es\/tr\/wp-json\/wp\/v2\/product"}],"about":[{"href":"https:\/\/dermamedk.es\/tr\/wp-json\/wp\/v2\/types\/product"}],"replies":[{"embeddable":true,"href":"https:\/\/dermamedk.es\/tr\/wp-json\/wp\/v2\/comments?post=1122"}],"version-history":[{"count":3,"href":"https:\/\/dermamedk.es\/tr\/wp-json\/wp\/v2\/product\/1122\/revisions"}],"predecessor-version":[{"id":1438,"href":"https:\/\/dermamedk.es\/tr\/wp-json\/wp\/v2\/product\/1122\/revisions\/1438"}],"wp:featuredmedia":[{"embeddable":true,"href":"https:\/\/dermamedk.es\/tr\/wp-json\/wp\/v2\/media\/1124"}],"wp:attachment":[{"href":"https:\/\/dermamedk.es\/tr\/wp-json\/wp\/v2\/media?parent=1122"}],"wp:term":[{"taxonomy":"product_brand","embeddable":true,"href":"https:\/\/dermamedk.es\/tr\/wp-json\/wp\/v2\/product_brand?post=1122"},{"taxonomy":"product_cat","embeddable":true,"href":"https:\/\/dermamedk.es\/tr\/wp-json\/wp\/v2\/product_cat?post=1122"},{"taxonomy":"product_tag","embeddable":true,"href":"https:\/\/dermamedk.es\/tr\/wp-json\/wp\/v2\/product_tag?post=1122"}],"curies":[{"name":"wp","href":"https:\/\/api.w.org\/{rel}","templated":true}]}}