 {"id":1119,"date":"2023-05-03T02:46:47","date_gmt":"2023-05-03T02:46:47","guid":{"rendered":"https:\/\/dermamedk.es\/?post_type=product&#038;p=1119"},"modified":"2023-05-04T08:24:36","modified_gmt":"2023-05-04T08:24:36","slug":"derma-3d-a-h","status":"publish","type":"product","link":"https:\/\/dermamedk.es\/tr\/tienda\/tienda\/derma-3d-a-h\/","title":{"rendered":"DERMA 3D - A.H"},"content":{"rendered":"<p>Kinoa tohumlar\u0131ndan elde edilen bir polisakkarit \u00f6z\u00fcnden olu\u015fur. An\u0131nda lifting ve k\u0131r\u0131\u015f\u0131kl\u0131k kar\u015f\u0131t\u0131 etkiye ve belirgin bir film olu\u015fturma ve s\u0131k\u0131la\u015ft\u0131rma etkisine sahip yenilik\u00e7i bir aktif bile\u015fendir. 3D yap\u0131s\u0131 cilt y\u00fczeyine en iyi \u015fekilde oturur, yap\u0131\u015fkan, s\u00fcrekli ve uzun s\u00fcreli bir biyolojik film olu\u015fturur.<br \/>\nuzun \u00f6m\u00fcrl\u00fc, g\u00fc\u00e7l\u00fc ve uzun s\u00fcre kal\u0131c\u0131, lifting etkisine sahiptir. Hyaluronik Asit nemi korur ve a\u015fa\u011f\u0131dakilere yard\u0131mc\u0131 olur<br \/>\nSonu\u00e7 s\u0131k\u0131, p\u00fcr\u00fczs\u00fcz ve \u0131\u015f\u0131lt\u0131l\u0131 bir cilt olacakt\u0131r.<\/p>","protected":false},"excerpt":{"rendered":"<p>Compuesto por un extracto de polisac\u00e1ridos extra\u00eddos de las semillas de qu\u00ednoa. Se trata de un ingrediente activo innovador de efecto lifting y antiarrugas inmediato, y un marcado efecto film\u00f3genoy tensor. su estructura 3D se ajusta de manera optima sobre la superficie de la piel formando un film biol\u00f3gico cohesivo, continuo y de larga duraci\u00f3n, [&hellip;]<\/p>","protected":false},"featured_media":1120,"comment_status":"open","ping_status":"closed","template":"","meta":[],"product_brand":[],"product_cat":[18,24,43],"product_tag":[],"class_list":{"0":"post-1119","1":"product","2":"type-product","3":"status-publish","4":"has-post-thumbnail","6":"product_cat-tienda","7":"product_cat-facial","8":"product_cat-productos-cosmetologicos","10":"first","11":"instock","12":"taxable","13":"shipping-taxable","14":"product-type-simple"},"yoast_head":"<!-- This site is optimized with the Yoast SEO plugin v23.8 - https:\/\/yoast.com\/wordpress\/plugins\/seo\/ -->\n<title>DERMA 3D - A.H - Dermamedk<\/title>\n<meta name=\"description\" content=\"DERMA 3D - A.H compuesto de polisac\u00e1ridos extra\u00eddos de las semillas de qu\u00ednoa. Un ingrediente activo innovador de efecto lifting y antiarrugas inmediato.\" \/>\n<meta name=\"robots\" content=\"index, follow, max-snippet:-1, max-image-preview:large, max-video-preview:-1\" \/>\n<link rel=\"canonical\" href=\"https:\/\/dermamedk.es\/tr\/tienda\/tienda\/derma-3d-a-h\/\" \/>\n<meta property=\"og:locale\" content=\"tr_TR\" \/>\n<meta property=\"og:type\" content=\"article\" \/>\n<meta property=\"og:title\" content=\"DERMA 3D - A.H - Dermamedk\" \/>\n<meta property=\"og:description\" content=\"DERMA 3D - A.H compuesto de polisac\u00e1ridos extra\u00eddos de las semillas de qu\u00ednoa. Un ingrediente activo innovador de efecto lifting y antiarrugas inmediato.\" \/>\n<meta property=\"og:url\" content=\"https:\/\/dermamedk.es\/tr\/tienda\/tienda\/derma-3d-a-h\/\" \/>\n<meta property=\"og:site_name\" content=\"Dermamedk\" \/>\n<meta property=\"article:publisher\" content=\"https:\/\/www.facebook.com\/dermamedk\" \/>\n<meta property=\"article:modified_time\" content=\"2023-05-04T08:24:36+00:00\" \/>\n<meta property=\"og:image\" content=\"https:\/\/dermamedk.es\/wp-content\/uploads\/2023\/05\/DERMA-3D-A.H.jpeg\" \/>\n\t<meta property=\"og:image:width\" content=\"397\" \/>\n\t<meta property=\"og:image:height\" content=\"214\" \/>\n\t<meta property=\"og:image:type\" content=\"image\/jpeg\" \/>\n<meta name=\"twitter:card\" content=\"summary_large_image\" \/>\n<meta name=\"twitter:label1\" content=\"Tahmini okuma s\u00fcresi\" \/>\n\t<meta name=\"twitter:data1\" content=\"1 dakika\" \/>\n<script type=\"application\/ld+json\" class=\"yoast-schema-graph\">{\"@context\":\"https:\/\/schema.org\",\"@graph\":[{\"@type\":\"WebPage\",\"@id\":\"https:\/\/dermamedk.es\/tienda\/tienda\/derma-3d-a-h\/\",\"url\":\"https:\/\/dermamedk.es\/tienda\/tienda\/derma-3d-a-h\/\",\"name\":\"DERMA 3D - A.H - Dermamedk\",\"isPartOf\":{\"@id\":\"https:\/\/dermamedk.es\/#website\"},\"primaryImageOfPage\":{\"@id\":\"https:\/\/dermamedk.es\/tienda\/tienda\/derma-3d-a-h\/#primaryimage\"},\"image\":{\"@id\":\"https:\/\/dermamedk.es\/tienda\/tienda\/derma-3d-a-h\/#primaryimage\"},\"thumbnailUrl\":\"https:\/\/dermamedk.es\/wp-content\/uploads\/2023\/05\/DERMA-3D-A.H.jpeg\",\"datePublished\":\"2023-05-03T02:46:47+00:00\",\"dateModified\":\"2023-05-04T08:24:36+00:00\",\"description\":\"DERMA 3D - A.H compuesto de polisac\u00e1ridos extra\u00eddos de las semillas de qu\u00ednoa. Un ingrediente activo innovador de efecto lifting y antiarrugas inmediato.\",\"breadcrumb\":{\"@id\":\"https:\/\/dermamedk.es\/tienda\/tienda\/derma-3d-a-h\/#breadcrumb\"},\"inLanguage\":\"tr\",\"potentialAction\":[{\"@type\":\"ReadAction\",\"target\":[\"https:\/\/dermamedk.es\/tienda\/tienda\/derma-3d-a-h\/\"]}]},{\"@type\":\"ImageObject\",\"inLanguage\":\"tr\",\"@id\":\"https:\/\/dermamedk.es\/tienda\/tienda\/derma-3d-a-h\/#primaryimage\",\"url\":\"https:\/\/dermamedk.es\/wp-content\/uploads\/2023\/05\/DERMA-3D-A.H.jpeg\",\"contentUrl\":\"https:\/\/dermamedk.es\/wp-content\/uploads\/2023\/05\/DERMA-3D-A.H.jpeg\",\"width\":397,\"height\":214},{\"@type\":\"BreadcrumbList\",\"@id\":\"https:\/\/dermamedk.es\/tienda\/tienda\/derma-3d-a-h\/#breadcrumb\",\"itemListElement\":[{\"@type\":\"ListItem\",\"position\":1,\"name\":\"Home\",\"item\":\"https:\/\/dermamedk.es\/\"},{\"@type\":\"ListItem\",\"position\":2,\"name\":\"Tienda\",\"item\":\"https:\/\/dermamedk.es\/tienda-dermamedk\/\"},{\"@type\":\"ListItem\",\"position\":3,\"name\":\"DERMA 3D &#8211; A.H\"}]},{\"@type\":\"WebSite\",\"@id\":\"https:\/\/dermamedk.es\/#website\",\"url\":\"https:\/\/dermamedk.es\/\",\"name\":\"DermamedK | La elecci\u00f3n perfecta para tu cuidado de la piel\",\"description\":\"Lo mejor para el cuidado de tu piel\",\"publisher\":{\"@id\":\"https:\/\/dermamedk.es\/#organization\"},\"potentialAction\":[{\"@type\":\"SearchAction\",\"target\":{\"@type\":\"EntryPoint\",\"urlTemplate\":\"https:\/\/dermamedk.es\/?s={search_term_string}\"},\"query-input\":{\"@type\":\"PropertyValueSpecification\",\"valueRequired\":true,\"valueName\":\"search_term_string\"}}],\"inLanguage\":\"tr\"},{\"@type\":\"Organization\",\"@id\":\"https:\/\/dermamedk.es\/#organization\",\"name\":\"DermamedK | La elecci\u00f3n perfecta para tu cuidado de la piel\",\"url\":\"https:\/\/dermamedk.es\/\",\"logo\":{\"@type\":\"ImageObject\",\"inLanguage\":\"tr\",\"@id\":\"https:\/\/dermamedk.es\/#\/schema\/logo\/image\/\",\"url\":\"https:\/\/dermamedk.es\/wp-content\/uploads\/2023\/04\/logo-150.webp\",\"contentUrl\":\"https:\/\/dermamedk.es\/wp-content\/uploads\/2023\/04\/logo-150.webp\",\"width\":180,\"height\":212,\"caption\":\"DermamedK | La elecci\u00f3n perfecta para tu cuidado de la piel\"},\"image\":{\"@id\":\"https:\/\/dermamedk.es\/#\/schema\/logo\/image\/\"},\"sameAs\":[\"https:\/\/www.facebook.com\/dermamedk\",\"https:\/\/www.instagram.com\/dermamedk\/\"]}]}<\/script>\n<!-- \/ Yoast SEO plugin. -->","yoast_head_json":{"title":"DERMA 3D - A.H - Dermamedk","description":"DERMA 3D - A.H compuesto de polisac\u00e1ridos extra\u00eddos de las semillas de qu\u00ednoa. Un ingrediente activo innovador de efecto lifting y antiarrugas inmediato.","robots":{"index":"index","follow":"follow","max-snippet":"max-snippet:-1","max-image-preview":"max-image-preview:large","max-video-preview":"max-video-preview:-1"},"canonical":"https:\/\/dermamedk.es\/tr\/tienda\/tienda\/derma-3d-a-h\/","og_locale":"tr_TR","og_type":"article","og_title":"DERMA 3D - A.H - Dermamedk","og_description":"DERMA 3D - A.H compuesto de polisac\u00e1ridos extra\u00eddos de las semillas de qu\u00ednoa. Un ingrediente activo innovador de efecto lifting y antiarrugas inmediato.","og_url":"https:\/\/dermamedk.es\/tr\/tienda\/tienda\/derma-3d-a-h\/","og_site_name":"Dermamedk","article_publisher":"https:\/\/www.facebook.com\/dermamedk","article_modified_time":"2023-05-04T08:24:36+00:00","og_image":[{"width":397,"height":214,"url":"https:\/\/dermamedk.es\/wp-content\/uploads\/2023\/05\/DERMA-3D-A.H.jpeg","type":"image\/jpeg"}],"twitter_card":"summary_large_image","twitter_misc":{"Tahmini okuma s\u00fcresi":"1 dakika"},"schema":{"@context":"https:\/\/schema.org","@graph":[{"@type":"WebPage","@id":"https:\/\/dermamedk.es\/tienda\/tienda\/derma-3d-a-h\/","url":"https:\/\/dermamedk.es\/tienda\/tienda\/derma-3d-a-h\/","name":"DERMA 3D - A.H - Dermamedk","isPartOf":{"@id":"https:\/\/dermamedk.es\/#website"},"primaryImageOfPage":{"@id":"https:\/\/dermamedk.es\/tienda\/tienda\/derma-3d-a-h\/#primaryimage"},"image":{"@id":"https:\/\/dermamedk.es\/tienda\/tienda\/derma-3d-a-h\/#primaryimage"},"thumbnailUrl":"https:\/\/dermamedk.es\/wp-content\/uploads\/2023\/05\/DERMA-3D-A.H.jpeg","datePublished":"2023-05-03T02:46:47+00:00","dateModified":"2023-05-04T08:24:36+00:00","description":"DERMA 3D - A.H compuesto de polisac\u00e1ridos extra\u00eddos de las semillas de qu\u00ednoa. Un ingrediente activo innovador de efecto lifting y antiarrugas inmediato.","breadcrumb":{"@id":"https:\/\/dermamedk.es\/tienda\/tienda\/derma-3d-a-h\/#breadcrumb"},"inLanguage":"tr","potentialAction":[{"@type":"ReadAction","target":["https:\/\/dermamedk.es\/tienda\/tienda\/derma-3d-a-h\/"]}]},{"@type":"ImageObject","inLanguage":"tr","@id":"https:\/\/dermamedk.es\/tienda\/tienda\/derma-3d-a-h\/#primaryimage","url":"https:\/\/dermamedk.es\/wp-content\/uploads\/2023\/05\/DERMA-3D-A.H.jpeg","contentUrl":"https:\/\/dermamedk.es\/wp-content\/uploads\/2023\/05\/DERMA-3D-A.H.jpeg","width":397,"height":214},{"@type":"BreadcrumbList","@id":"https:\/\/dermamedk.es\/tienda\/tienda\/derma-3d-a-h\/#breadcrumb","itemListElement":[{"@type":"ListItem","position":1,"name":"Home","item":"https:\/\/dermamedk.es\/"},{"@type":"ListItem","position":2,"name":"Tienda","item":"https:\/\/dermamedk.es\/tienda-dermamedk\/"},{"@type":"ListItem","position":3,"name":"DERMA 3D &#8211; A.H"}]},{"@type":"WebSite","@id":"https:\/\/dermamedk.es\/#website","url":"https:\/\/dermamedk.es\/","name":"DermamedK | La elecci\u00f3n perfecta para tu cuidado de la piel","description":"Lo mejor para el cuidado de tu piel","publisher":{"@id":"https:\/\/dermamedk.es\/#organization"},"potentialAction":[{"@type":"SearchAction","target":{"@type":"EntryPoint","urlTemplate":"https:\/\/dermamedk.es\/?s={search_term_string}"},"query-input":{"@type":"PropertyValueSpecification","valueRequired":true,"valueName":"search_term_string"}}],"inLanguage":"tr"},{"@type":"Organization","@id":"https:\/\/dermamedk.es\/#organization","name":"DermamedK | La elecci\u00f3n perfecta para tu cuidado de la piel","url":"https:\/\/dermamedk.es\/","logo":{"@type":"ImageObject","inLanguage":"tr","@id":"https:\/\/dermamedk.es\/#\/schema\/logo\/image\/","url":"https:\/\/dermamedk.es\/wp-content\/uploads\/2023\/04\/logo-150.webp","contentUrl":"https:\/\/dermamedk.es\/wp-content\/uploads\/2023\/04\/logo-150.webp","width":180,"height":212,"caption":"DermamedK | La elecci\u00f3n perfecta para tu cuidado de la piel"},"image":{"@id":"https:\/\/dermamedk.es\/#\/schema\/logo\/image\/"},"sameAs":["https:\/\/www.facebook.com\/dermamedk","https:\/\/www.instagram.com\/dermamedk\/"]}]}},"_links":{"self":[{"href":"https:\/\/dermamedk.es\/tr\/wp-json\/wp\/v2\/product\/1119","targetHints":{"allow":["GET"]}}],"collection":[{"href":"https:\/\/dermamedk.es\/tr\/wp-json\/wp\/v2\/product"}],"about":[{"href":"https:\/\/dermamedk.es\/tr\/wp-json\/wp\/v2\/types\/product"}],"replies":[{"embeddable":true,"href":"https:\/\/dermamedk.es\/tr\/wp-json\/wp\/v2\/comments?post=1119"}],"version-history":[{"count":3,"href":"https:\/\/dermamedk.es\/tr\/wp-json\/wp\/v2\/product\/1119\/revisions"}],"predecessor-version":[{"id":1436,"href":"https:\/\/dermamedk.es\/tr\/wp-json\/wp\/v2\/product\/1119\/revisions\/1436"}],"wp:featuredmedia":[{"embeddable":true,"href":"https:\/\/dermamedk.es\/tr\/wp-json\/wp\/v2\/media\/1120"}],"wp:attachment":[{"href":"https:\/\/dermamedk.es\/tr\/wp-json\/wp\/v2\/media?parent=1119"}],"wp:term":[{"taxonomy":"product_brand","embeddable":true,"href":"https:\/\/dermamedk.es\/tr\/wp-json\/wp\/v2\/product_brand?post=1119"},{"taxonomy":"product_cat","embeddable":true,"href":"https:\/\/dermamedk.es\/tr\/wp-json\/wp\/v2\/product_cat?post=1119"},{"taxonomy":"product_tag","embeddable":true,"href":"https:\/\/dermamedk.es\/tr\/wp-json\/wp\/v2\/product_tag?post=1119"}],"curies":[{"name":"wp","href":"https:\/\/api.w.org\/{rel}","templated":true}]}}