 {"id":1113,"date":"2023-05-03T02:28:37","date_gmt":"2023-05-03T02:28:37","guid":{"rendered":"https:\/\/dermamedk.es\/?post_type=product&#038;p=1113"},"modified":"2023-09-19T18:48:27","modified_gmt":"2023-09-19T16:48:27","slug":"gel-cuidado-intensivo-glicolico","status":"publish","type":"product","link":"https:\/\/dermamedk.es\/tr\/tienda\/facial\/piel-mixta-y-grasa\/gel-cuidado-intensivo-glicolico\/","title":{"rendered":"GLIKOLIK YO\u011eUN BAKIM JELI"},"content":{"rendered":"<p>Ya\u011fl\u0131 ve\/veya akneye e\u011filimli karma ciltlerin g\u00fcnl\u00fck bak\u0131m\u0131 i\u00e7in jel. Aktif bile\u015fenlerin kombinasyonu a\u015fa\u011f\u0131dakilere yard\u0131mc\u0131 olur<br \/>\nBakteriyel b\u00fcy\u00fcmeyi kontrol etmek ve g\u00f6zenek boyutunu azaltmak i\u00e7in. Ayr\u0131ca daha d\u00fczg\u00fcn bir g\u00f6r\u00fcn\u00fcm olu\u015fturur<br \/>\nmikro eksfoliyasyon olu\u015fturarak cildin temizlenmesini sa\u011flar. Sonu\u00e7 olarak, akne lezyonlar\u0131 zay\u0131flar ve cildin g\u00f6r\u00fcn\u00fcm\u00fc iyile\u015fir.<br \/>\nCilt bariyerini de\u011fi\u015ftirmeden daha e\u015fit bir cilt tonu.<br \/>\nKullan\u0131m \u015fekli: Sabah ve ak\u015fam tamamen emilene kadar nazik\u00e7e masaj yaparak uygulay\u0131n. Tahri\u015f g\u00f6r\u00fcl\u00fcrse kullanmay\u0131 b\u0131rak\u0131n.<br \/>\nAktif bile\u015fenler: Cytobiol\u2122 Iris A\u00b2 4%, Tamponlanm\u0131\u015f Glikolik Asit 3%, Salisilik Asit 2%, Papatya 4%, Cad\u0131 F\u0131nd\u0131\u011f\u0131 8%, Ayn\u0131safa, Hyaluronik Asit ve Rhamnosoft\u00ae.<br \/>\nSunum: 50 ml<br \/>\nRef.: FCGIGL<\/p>","protected":false},"excerpt":{"rendered":"<p>Gel para el cuidado diario de las pieles mixtas grasas y\/o tendencia acn\u00e9ica. La combinaci\u00f3n de activos ayuda a controlar la proliferaci\u00f3n bacteriana y a reducir el tama\u00f1o del poro. Adem\u00e1s, genera un aspecto m\u00e1s uniforme de la piel al producir micro exfoliaci\u00f3n. Gracias a ello atenuamos las lesiones acn\u00e9icas y generamos un aspecto m\u00e1s [&hellip;]<\/p>","protected":false},"featured_media":1114,"comment_status":"open","ping_status":"closed","template":"","meta":[],"product_brand":[],"product_cat":[18,24,30,43],"product_tag":[],"class_list":{"0":"post-1113","1":"product","2":"type-product","3":"status-publish","4":"has-post-thumbnail","6":"product_cat-tienda","7":"product_cat-facial","8":"product_cat-piel-mixta-y-grasa","9":"product_cat-productos-cosmetologicos","11":"first","12":"instock","13":"taxable","14":"shipping-taxable","15":"purchasable","16":"product-type-simple"},"yoast_head":"<!-- This site is optimized with the Yoast SEO plugin v23.8 - https:\/\/yoast.com\/wordpress\/plugins\/seo\/ -->\n<title>GEL CUIDADO INTENSIVO GLIC\u00d3LICO - Dermamedk<\/title>\n<meta name=\"description\" content=\"GEL CUIDADO INTENSIVO GLIC\u00d3LICO La combinaci\u00f3n de activos ayudaa controlar la proliferaci\u00f3n bacteriana y a reducir el tama\u00f1o del poro.\" \/>\n<meta name=\"robots\" content=\"index, follow, max-snippet:-1, max-image-preview:large, max-video-preview:-1\" \/>\n<link rel=\"canonical\" href=\"https:\/\/dermamedk.es\/tr\/tienda\/facial\/piel-mixta-y-grasa\/gel-cuidado-intensivo-glicolico\/\" \/>\n<meta property=\"og:locale\" content=\"tr_TR\" \/>\n<meta property=\"og:type\" content=\"article\" \/>\n<meta property=\"og:title\" content=\"GEL CUIDADO INTENSIVO GLIC\u00d3LICO - Dermamedk\" \/>\n<meta property=\"og:description\" content=\"GEL CUIDADO INTENSIVO GLIC\u00d3LICO La combinaci\u00f3n de activos ayudaa controlar la proliferaci\u00f3n bacteriana y a reducir el tama\u00f1o del poro.\" \/>\n<meta property=\"og:url\" content=\"https:\/\/dermamedk.es\/tr\/tienda\/facial\/piel-mixta-y-grasa\/gel-cuidado-intensivo-glicolico\/\" \/>\n<meta property=\"og:site_name\" content=\"Dermamedk\" \/>\n<meta property=\"article:publisher\" content=\"https:\/\/www.facebook.com\/dermamedk\" \/>\n<meta property=\"article:modified_time\" content=\"2023-09-19T16:48:27+00:00\" \/>\n<meta property=\"og:image\" content=\"https:\/\/dermamedk.es\/wp-content\/uploads\/2023\/05\/GEL-CUIDADO-INTENSIVO-GLICOLICO.jpeg\" \/>\n\t<meta property=\"og:image:width\" content=\"421\" \/>\n\t<meta property=\"og:image:height\" content=\"512\" \/>\n\t<meta property=\"og:image:type\" content=\"image\/jpeg\" \/>\n<meta name=\"twitter:card\" content=\"summary_large_image\" \/>\n<meta name=\"twitter:label1\" content=\"Tahmini okuma s\u00fcresi\" \/>\n\t<meta name=\"twitter:data1\" content=\"1 dakika\" \/>\n<script type=\"application\/ld+json\" class=\"yoast-schema-graph\">{\"@context\":\"https:\/\/schema.org\",\"@graph\":[{\"@type\":\"WebPage\",\"@id\":\"https:\/\/dermamedk.es\/tienda\/facial\/piel-mixta-y-grasa\/gel-cuidado-intensivo-glicolico\/\",\"url\":\"https:\/\/dermamedk.es\/tienda\/facial\/piel-mixta-y-grasa\/gel-cuidado-intensivo-glicolico\/\",\"name\":\"GEL CUIDADO INTENSIVO GLIC\u00d3LICO - Dermamedk\",\"isPartOf\":{\"@id\":\"https:\/\/dermamedk.es\/#website\"},\"primaryImageOfPage\":{\"@id\":\"https:\/\/dermamedk.es\/tienda\/facial\/piel-mixta-y-grasa\/gel-cuidado-intensivo-glicolico\/#primaryimage\"},\"image\":{\"@id\":\"https:\/\/dermamedk.es\/tienda\/facial\/piel-mixta-y-grasa\/gel-cuidado-intensivo-glicolico\/#primaryimage\"},\"thumbnailUrl\":\"https:\/\/dermamedk.es\/wp-content\/uploads\/2023\/05\/GEL-CUIDADO-INTENSIVO-GLICOLICO.jpeg\",\"datePublished\":\"2023-05-03T02:28:37+00:00\",\"dateModified\":\"2023-09-19T16:48:27+00:00\",\"description\":\"GEL CUIDADO INTENSIVO GLIC\u00d3LICO La combinaci\u00f3n de activos ayudaa controlar la proliferaci\u00f3n bacteriana y a reducir el tama\u00f1o del poro.\",\"breadcrumb\":{\"@id\":\"https:\/\/dermamedk.es\/tienda\/facial\/piel-mixta-y-grasa\/gel-cuidado-intensivo-glicolico\/#breadcrumb\"},\"inLanguage\":\"tr\",\"potentialAction\":[{\"@type\":\"ReadAction\",\"target\":[\"https:\/\/dermamedk.es\/tienda\/facial\/piel-mixta-y-grasa\/gel-cuidado-intensivo-glicolico\/\"]}]},{\"@type\":\"ImageObject\",\"inLanguage\":\"tr\",\"@id\":\"https:\/\/dermamedk.es\/tienda\/facial\/piel-mixta-y-grasa\/gel-cuidado-intensivo-glicolico\/#primaryimage\",\"url\":\"https:\/\/dermamedk.es\/wp-content\/uploads\/2023\/05\/GEL-CUIDADO-INTENSIVO-GLICOLICO.jpeg\",\"contentUrl\":\"https:\/\/dermamedk.es\/wp-content\/uploads\/2023\/05\/GEL-CUIDADO-INTENSIVO-GLICOLICO.jpeg\",\"width\":421,\"height\":512,\"caption\":\"GEL CUIDADO INTENSIVO GLIC\u00d3LICO\"},{\"@type\":\"BreadcrumbList\",\"@id\":\"https:\/\/dermamedk.es\/tienda\/facial\/piel-mixta-y-grasa\/gel-cuidado-intensivo-glicolico\/#breadcrumb\",\"itemListElement\":[{\"@type\":\"ListItem\",\"position\":1,\"name\":\"Home\",\"item\":\"https:\/\/dermamedk.es\/\"},{\"@type\":\"ListItem\",\"position\":2,\"name\":\"Tienda\",\"item\":\"https:\/\/dermamedk.es\/tienda-dermamedk\/\"},{\"@type\":\"ListItem\",\"position\":3,\"name\":\"GEL CUIDADO INTENSIVO GLIC\u00d3LICO\"}]},{\"@type\":\"WebSite\",\"@id\":\"https:\/\/dermamedk.es\/#website\",\"url\":\"https:\/\/dermamedk.es\/\",\"name\":\"DermamedK | La elecci\u00f3n perfecta para tu cuidado de la piel\",\"description\":\"Lo mejor para el cuidado de tu piel\",\"publisher\":{\"@id\":\"https:\/\/dermamedk.es\/#organization\"},\"potentialAction\":[{\"@type\":\"SearchAction\",\"target\":{\"@type\":\"EntryPoint\",\"urlTemplate\":\"https:\/\/dermamedk.es\/?s={search_term_string}\"},\"query-input\":{\"@type\":\"PropertyValueSpecification\",\"valueRequired\":true,\"valueName\":\"search_term_string\"}}],\"inLanguage\":\"tr\"},{\"@type\":\"Organization\",\"@id\":\"https:\/\/dermamedk.es\/#organization\",\"name\":\"DermamedK | La elecci\u00f3n perfecta para tu cuidado de la piel\",\"url\":\"https:\/\/dermamedk.es\/\",\"logo\":{\"@type\":\"ImageObject\",\"inLanguage\":\"tr\",\"@id\":\"https:\/\/dermamedk.es\/#\/schema\/logo\/image\/\",\"url\":\"https:\/\/dermamedk.es\/wp-content\/uploads\/2023\/04\/logo-150.webp\",\"contentUrl\":\"https:\/\/dermamedk.es\/wp-content\/uploads\/2023\/04\/logo-150.webp\",\"width\":180,\"height\":212,\"caption\":\"DermamedK | La elecci\u00f3n perfecta para tu cuidado de la piel\"},\"image\":{\"@id\":\"https:\/\/dermamedk.es\/#\/schema\/logo\/image\/\"},\"sameAs\":[\"https:\/\/www.facebook.com\/dermamedk\",\"https:\/\/www.instagram.com\/dermamedk\/\"]}]}<\/script>\n<!-- \/ Yoast SEO plugin. -->","yoast_head_json":{"title":"GEL CUIDADO INTENSIVO GLIC\u00d3LICO - Dermamedk","description":"GEL CUIDADO INTENSIVO GLIC\u00d3LICO La combinaci\u00f3n de activos ayudaa controlar la proliferaci\u00f3n bacteriana y a reducir el tama\u00f1o del poro.","robots":{"index":"index","follow":"follow","max-snippet":"max-snippet:-1","max-image-preview":"max-image-preview:large","max-video-preview":"max-video-preview:-1"},"canonical":"https:\/\/dermamedk.es\/tr\/tienda\/facial\/piel-mixta-y-grasa\/gel-cuidado-intensivo-glicolico\/","og_locale":"tr_TR","og_type":"article","og_title":"GEL CUIDADO INTENSIVO GLIC\u00d3LICO - Dermamedk","og_description":"GEL CUIDADO INTENSIVO GLIC\u00d3LICO La combinaci\u00f3n de activos ayudaa controlar la proliferaci\u00f3n bacteriana y a reducir el tama\u00f1o del poro.","og_url":"https:\/\/dermamedk.es\/tr\/tienda\/facial\/piel-mixta-y-grasa\/gel-cuidado-intensivo-glicolico\/","og_site_name":"Dermamedk","article_publisher":"https:\/\/www.facebook.com\/dermamedk","article_modified_time":"2023-09-19T16:48:27+00:00","og_image":[{"width":421,"height":512,"url":"https:\/\/dermamedk.es\/wp-content\/uploads\/2023\/05\/GEL-CUIDADO-INTENSIVO-GLICOLICO.jpeg","type":"image\/jpeg"}],"twitter_card":"summary_large_image","twitter_misc":{"Tahmini okuma s\u00fcresi":"1 dakika"},"schema":{"@context":"https:\/\/schema.org","@graph":[{"@type":"WebPage","@id":"https:\/\/dermamedk.es\/tienda\/facial\/piel-mixta-y-grasa\/gel-cuidado-intensivo-glicolico\/","url":"https:\/\/dermamedk.es\/tienda\/facial\/piel-mixta-y-grasa\/gel-cuidado-intensivo-glicolico\/","name":"GEL CUIDADO INTENSIVO GLIC\u00d3LICO - Dermamedk","isPartOf":{"@id":"https:\/\/dermamedk.es\/#website"},"primaryImageOfPage":{"@id":"https:\/\/dermamedk.es\/tienda\/facial\/piel-mixta-y-grasa\/gel-cuidado-intensivo-glicolico\/#primaryimage"},"image":{"@id":"https:\/\/dermamedk.es\/tienda\/facial\/piel-mixta-y-grasa\/gel-cuidado-intensivo-glicolico\/#primaryimage"},"thumbnailUrl":"https:\/\/dermamedk.es\/wp-content\/uploads\/2023\/05\/GEL-CUIDADO-INTENSIVO-GLICOLICO.jpeg","datePublished":"2023-05-03T02:28:37+00:00","dateModified":"2023-09-19T16:48:27+00:00","description":"GEL CUIDADO INTENSIVO GLIC\u00d3LICO La combinaci\u00f3n de activos ayudaa controlar la proliferaci\u00f3n bacteriana y a reducir el tama\u00f1o del poro.","breadcrumb":{"@id":"https:\/\/dermamedk.es\/tienda\/facial\/piel-mixta-y-grasa\/gel-cuidado-intensivo-glicolico\/#breadcrumb"},"inLanguage":"tr","potentialAction":[{"@type":"ReadAction","target":["https:\/\/dermamedk.es\/tienda\/facial\/piel-mixta-y-grasa\/gel-cuidado-intensivo-glicolico\/"]}]},{"@type":"ImageObject","inLanguage":"tr","@id":"https:\/\/dermamedk.es\/tienda\/facial\/piel-mixta-y-grasa\/gel-cuidado-intensivo-glicolico\/#primaryimage","url":"https:\/\/dermamedk.es\/wp-content\/uploads\/2023\/05\/GEL-CUIDADO-INTENSIVO-GLICOLICO.jpeg","contentUrl":"https:\/\/dermamedk.es\/wp-content\/uploads\/2023\/05\/GEL-CUIDADO-INTENSIVO-GLICOLICO.jpeg","width":421,"height":512,"caption":"GEL CUIDADO INTENSIVO GLIC\u00d3LICO"},{"@type":"BreadcrumbList","@id":"https:\/\/dermamedk.es\/tienda\/facial\/piel-mixta-y-grasa\/gel-cuidado-intensivo-glicolico\/#breadcrumb","itemListElement":[{"@type":"ListItem","position":1,"name":"Home","item":"https:\/\/dermamedk.es\/"},{"@type":"ListItem","position":2,"name":"Tienda","item":"https:\/\/dermamedk.es\/tienda-dermamedk\/"},{"@type":"ListItem","position":3,"name":"GEL CUIDADO INTENSIVO GLIC\u00d3LICO"}]},{"@type":"WebSite","@id":"https:\/\/dermamedk.es\/#website","url":"https:\/\/dermamedk.es\/","name":"DermamedK | La elecci\u00f3n perfecta para tu cuidado de la piel","description":"Lo mejor para el cuidado de tu piel","publisher":{"@id":"https:\/\/dermamedk.es\/#organization"},"potentialAction":[{"@type":"SearchAction","target":{"@type":"EntryPoint","urlTemplate":"https:\/\/dermamedk.es\/?s={search_term_string}"},"query-input":{"@type":"PropertyValueSpecification","valueRequired":true,"valueName":"search_term_string"}}],"inLanguage":"tr"},{"@type":"Organization","@id":"https:\/\/dermamedk.es\/#organization","name":"DermamedK | La elecci\u00f3n perfecta para tu cuidado de la piel","url":"https:\/\/dermamedk.es\/","logo":{"@type":"ImageObject","inLanguage":"tr","@id":"https:\/\/dermamedk.es\/#\/schema\/logo\/image\/","url":"https:\/\/dermamedk.es\/wp-content\/uploads\/2023\/04\/logo-150.webp","contentUrl":"https:\/\/dermamedk.es\/wp-content\/uploads\/2023\/04\/logo-150.webp","width":180,"height":212,"caption":"DermamedK | La elecci\u00f3n perfecta para tu cuidado de la piel"},"image":{"@id":"https:\/\/dermamedk.es\/#\/schema\/logo\/image\/"},"sameAs":["https:\/\/www.facebook.com\/dermamedk","https:\/\/www.instagram.com\/dermamedk\/"]}]}},"_links":{"self":[{"href":"https:\/\/dermamedk.es\/tr\/wp-json\/wp\/v2\/product\/1113","targetHints":{"allow":["GET"]}}],"collection":[{"href":"https:\/\/dermamedk.es\/tr\/wp-json\/wp\/v2\/product"}],"about":[{"href":"https:\/\/dermamedk.es\/tr\/wp-json\/wp\/v2\/types\/product"}],"replies":[{"embeddable":true,"href":"https:\/\/dermamedk.es\/tr\/wp-json\/wp\/v2\/comments?post=1113"}],"version-history":[{"count":3,"href":"https:\/\/dermamedk.es\/tr\/wp-json\/wp\/v2\/product\/1113\/revisions"}],"predecessor-version":[{"id":1454,"href":"https:\/\/dermamedk.es\/tr\/wp-json\/wp\/v2\/product\/1113\/revisions\/1454"}],"wp:featuredmedia":[{"embeddable":true,"href":"https:\/\/dermamedk.es\/tr\/wp-json\/wp\/v2\/media\/1114"}],"wp:attachment":[{"href":"https:\/\/dermamedk.es\/tr\/wp-json\/wp\/v2\/media?parent=1113"}],"wp:term":[{"taxonomy":"product_brand","embeddable":true,"href":"https:\/\/dermamedk.es\/tr\/wp-json\/wp\/v2\/product_brand?post=1113"},{"taxonomy":"product_cat","embeddable":true,"href":"https:\/\/dermamedk.es\/tr\/wp-json\/wp\/v2\/product_cat?post=1113"},{"taxonomy":"product_tag","embeddable":true,"href":"https:\/\/dermamedk.es\/tr\/wp-json\/wp\/v2\/product_tag?post=1113"}],"curies":[{"name":"wp","href":"https:\/\/api.w.org\/{rel}","templated":true}]}}