 {"id":831,"date":"2023-04-18T12:32:18","date_gmt":"2023-04-18T12:32:18","guid":{"rendered":"https:\/\/dermamedk.es\/?page_id=831"},"modified":"2023-05-24T23:16:47","modified_gmt":"2023-05-24T21:16:47","slug":"sobre-nosotros","status":"publish","type":"page","link":"https:\/\/dermamedk.es\/tr\/sobre-nosotros\/","title":{"rendered":"Hakk\u0131m\u0131zda"},"content":{"rendered":"<div data-elementor-type=\"wp-page\" data-elementor-id=\"831\" class=\"elementor elementor-831\" data-elementor-post-type=\"page\">\n\t\t\t\t<div class=\"elementor-element elementor-element-b8ab4e1 e-flex e-con-boxed e-con e-parent\" data-id=\"b8ab4e1\" data-element_type=\"container\">\n\t\t\t\t\t<div class=\"e-con-inner\">\n\t\t<div class=\"elementor-element elementor-element-a829208 e-con-full e-flex e-con e-parent\" data-id=\"a829208\" data-element_type=\"container\">\n\t\t\t\t<div class=\"elementor-element elementor-element-fc8499d elementor-widget elementor-widget-premium-addon-banner\" data-id=\"fc8499d\" data-element_type=\"widget\" data-widget_type=\"premium-addon-banner.default\">\n\t\t\t\t<div class=\"elementor-widget-container\">\n\t\t\t\t\t<div class=\"premium-banner-ib premium-banner-min-height premium-banner-animation1 none\">\r\n\t\t\t\t\t\t\t\t\t\t\t\t\t\t\t<img fetchpriority=\"high\" decoding=\"async\" width=\"1290\" height=\"1584\" src=\"https:\/\/dermamedk.es\/wp-content\/uploads\/2023\/05\/dermamedk-karol.webp\" class=\"attachment-full size-full wp-image-1585\" alt=\"\" srcset=\"https:\/\/dermamedk.es\/wp-content\/uploads\/2023\/05\/dermamedk-karol.webp 1290w, https:\/\/dermamedk.es\/wp-content\/uploads\/2023\/05\/dermamedk-karol-244x300.webp 244w, https:\/\/dermamedk.es\/wp-content\/uploads\/2023\/05\/dermamedk-karol-834x1024.webp 834w, https:\/\/dermamedk.es\/wp-content\/uploads\/2023\/05\/dermamedk-karol-768x943.webp 768w, https:\/\/dermamedk.es\/wp-content\/uploads\/2023\/05\/dermamedk-karol-1251x1536.webp 1251w, https:\/\/dermamedk.es\/wp-content\/uploads\/2023\/05\/dermamedk-karol-600x737.webp 600w\" sizes=\"(max-width: 1290px) 100vw, 1290px\" \/>\t\t\t\t\t\t\t\t\t\t<div class=\"premium-banner-ib-desc\">\r\n\t\t\t\t\t\t\t\t\t<h3 class=\"premium-banner-ib-title premium_banner_title\">Dr. Karol M. Santander<\/h3>\t\t\t\t\t\t<div class=\"premium-banner-ib-content premium_banner_content\">\r\n\t\t\t\t\t\t\t<p>Kalite ve Bilim<\/p>\t\t\t\t\t\t<\/div>\r\n\t\t\t\t\t\t\t\t\t\t\t\t\t\t\t\t\t<\/div>\r\n\t\t\t\t\t<\/div>\r\n\t\t\t\t\t\t<\/div>\n\t\t\t\t<\/div>\n\t\t\t\t<\/div>\n\t\t<div class=\"elementor-element elementor-element-2b367af e-flex e-con-boxed e-con e-parent\" data-id=\"2b367af\" data-element_type=\"container\">\n\t\t\t\t\t<div class=\"e-con-inner\">\n\t\t<div class=\"elementor-element elementor-element-7cdc04b e-flex e-con-boxed e-con e-parent\" data-id=\"7cdc04b\" data-element_type=\"container\">\n\t\t\t\t\t<div class=\"e-con-inner\">\n\t\t\t\t<div class=\"elementor-element elementor-element-5492bd2 elementor-widget__width-initial elementor-widget elementor-widget-text-editor\" data-id=\"5492bd2\" data-element_type=\"widget\" data-widget_type=\"text-editor.default\">\n\t\t\t\t<div class=\"elementor-widget-container\">\n\t\t\t\t\t\t\t<p>DermamedK'da ilk tedaviden itibaren en iyi sonu\u00e7lar\u0131 alabilmeniz i\u00e7in profesyonel \u00fcr\u00fcnler ve etken maddeler geli\u015ftirdik. Y\u00fcksek kalitede i\u015f elde etmek i\u00e7in s\u00fcrekli olarak etkili ve yarat\u0131c\u0131 \u00fcr\u00fcnler geli\u015ftiriyoruz, DermamedK'n\u0131n felsefesi sahip oldu\u011fumuz etken maddelerin en y\u00fcksek kalitede olmas\u0131d\u0131r.<\/p><p>DermamedK Academy'nin Genel M\u00fcd\u00fcr\u00fc <strong>Dr. Karol Meneses Santander<\/strong>T\u0131p Cerrah\u0131, Uluslararas\u0131 Estetik T\u0131p Doktoru, Klinik Dermatoloji Y\u00fcksek Lisans\u0131 ve Enfeksiy\u00f6z Onkolojik Dermatoloji Uzman\u0131, Yayg\u0131n Dermatolojik Patoloji Uzman\u0131, \u0130nflamatuar ve Kal\u0131tsal Dermatolojik Hastal\u0131klar Uzman\u0131, E\u011fitmen E\u011fitmenidir. \u00dcr\u00fcnlerimizin do\u011fru kullan\u0131m\u0131 i\u00e7in s\u00fcrekli e\u011fitim ve ara\u015ft\u0131rma halindedir.<br \/>\u00fcr\u00fcnler.<\/p>\t\t\t\t\t\t<\/div>\n\t\t\t\t<\/div>\n\t\t\t\t\t<\/div>\n\t\t\t\t<\/div>\n\t\t\t\t\t<\/div>\n\t\t\t\t<\/div>\n\t\t\t\t\t<\/div>\n\t\t\t\t<\/div>\n\t\t<div class=\"elementor-element elementor-element-e7f0905 e-flex e-con-boxed e-con e-parent\" data-id=\"e7f0905\" data-element_type=\"container\" data-settings=\"{&quot;background_background&quot;:&quot;classic&quot;}\">\n\t\t\t\t\t<div class=\"e-con-inner\">\n\t\t<div class=\"elementor-element elementor-element-57c9a69 e-con-full e-flex e-con e-parent\" data-id=\"57c9a69\" data-element_type=\"container\">\n\t\t\t\t<div class=\"elementor-element elementor-element-f5d6968 elementor-widget elementor-widget-premium-addon-banner\" data-id=\"f5d6968\" data-element_type=\"widget\" data-widget_type=\"premium-addon-banner.default\">\n\t\t\t\t<div class=\"elementor-widget-container\">\n\t\t\t\t\t<div class=\"premium-banner-ib premium-banner-min-height premium-banner-animation1 none\">\r\n\t\t\t\t\t\t\t\t\t\t\t\t\t\t\t<img decoding=\"async\" width=\"639\" height=\"669\" src=\"https:\/\/dermamedk.es\/wp-content\/uploads\/2023\/04\/Productos-de-belleza-Acido-hialuronico-Cosmeticos-a-e1680860634658.webp\" class=\"attachment-full size-full wp-image-133\" alt=\"\" srcset=\"https:\/\/dermamedk.es\/wp-content\/uploads\/2023\/04\/Productos-de-belleza-Acido-hialuronico-Cosmeticos-a-e1680860634658.webp 639w, https:\/\/dermamedk.es\/wp-content\/uploads\/2023\/04\/Productos-de-belleza-Acido-hialuronico-Cosmeticos-a-e1680860634658-600x628.webp 600w, https:\/\/dermamedk.es\/wp-content\/uploads\/2023\/04\/Productos-de-belleza-Acido-hialuronico-Cosmeticos-a-e1680860634658-287x300.webp 287w\" sizes=\"(max-width: 639px) 100vw, 639px\" \/>\t\t\t\t\t\t\t\t\t\t<div class=\"premium-banner-ib-desc\">\r\n\t\t\t\t\t\t\t\t\t<h3 class=\"premium-banner-ib-title premium_banner_title\">DermamedK<\/h3>\t\t\t\t\t\t<div class=\"premium-banner-ib-content premium_banner_content\">\r\n\t\t\t\t\t\t\t<p>Kalite ve Bilim<\/p>\t\t\t\t\t\t<\/div>\r\n\t\t\t\t\t\t\t\t\t\t\t\t\t\t\t\t\t<\/div>\r\n\t\t\t\t\t<\/div>\r\n\t\t\t\t\t\t<\/div>\n\t\t\t\t<\/div>\n\t\t\t\t<\/div>\n\t\t<div class=\"elementor-element elementor-element-2cd7c11 e-flex e-con-boxed e-con e-parent\" data-id=\"2cd7c11\" data-element_type=\"container\" data-settings=\"{&quot;background_background&quot;:&quot;classic&quot;}\">\n\t\t\t\t\t<div class=\"e-con-inner\">\n\t\t<div class=\"elementor-element elementor-element-c49d9c3 e-flex e-con-boxed e-con e-parent\" data-id=\"c49d9c3\" data-element_type=\"container\">\n\t\t\t\t\t<div class=\"e-con-inner\">\n\t\t\t\t<div class=\"elementor-element elementor-element-bef44e2 elementor-widget__width-initial elementor-widget elementor-widget-text-editor\" data-id=\"bef44e2\" data-element_type=\"widget\" data-widget_type=\"text-editor.default\">\n\t\t\t\t<div class=\"elementor-widget-container\">\n\t\t\t\t\t\t\t<p>DermamedK'da merkezinize prestijin yan\u0131 s\u0131ra farkl\u0131l\u0131k, imaj ve ki\u015filik kazand\u0131racak y\u00fcksek kaliteli ve etkili \u00fcr\u00fcnler yarat\u0131yoruz. 10 y\u0131l \u00f6nce Barselona \u0130spanya'da prestijli bir laboratuvarla aktif bile\u015fenler ve estetik \u00e7\u00f6z\u00fcmler \u00fcretmeye ba\u015flad\u0131k ve ekibimiz estetik alan\u0131nda 20 y\u0131l\u0131 a\u015fk\u0131n deneyime sahip, \u00e7ok \u00e7e\u015fitli estetik kozmetik \u00e7\u00f6z\u00fcmler sunmak i\u00e7in teknoloji, \u00fcretim kapasitesi ve esnekli\u011fe sahibiz.<\/p>\t\t\t\t\t\t<\/div>\n\t\t\t\t<\/div>\n\t\t\t\t\t<\/div>\n\t\t\t\t<\/div>\n\t\t\t\t\t<\/div>\n\t\t\t\t<\/div>\n\t\t\t\t\t<\/div>\n\t\t\t\t<\/div>\n\t\t<div class=\"elementor-element elementor-element-250bd7f e-flex e-con-boxed e-con e-parent\" data-id=\"250bd7f\" data-element_type=\"container\">\n\t\t\t\t\t<div class=\"e-con-inner\">\n\t\t<div class=\"elementor-element elementor-element-7ff8775 e-flex e-con-boxed e-con e-parent\" data-id=\"7ff8775\" data-element_type=\"container\">\n\t\t\t\t\t<div class=\"e-con-inner\">\n\t\t<div class=\"elementor-element elementor-element-d778f86 e-flex e-con-boxed e-con e-parent\" data-id=\"d778f86\" data-element_type=\"container\">\n\t\t\t\t\t<div class=\"e-con-inner\">\n\t\t\t\t<div class=\"elementor-element elementor-element-2046424 elementor-widget__width-initial elementor-widget elementor-widget-text-editor\" data-id=\"2046424\" data-element_type=\"widget\" data-widget_type=\"text-editor.default\">\n\t\t\t\t<div class=\"elementor-widget-container\">\n\t\t\t\t\t\t\t<p>Kalite bizim ana taahh\u00fcd\u00fcm\u00fczd\u00fcr, yapt\u0131\u011f\u0131m\u0131z her \u015feye kalbimizi koyar\u0131z ve iyi sonu\u00e7lar vermeye kararl\u0131y\u0131z. Ba\u015far\u0131lar\u0131m\u0131zdan ve \u00fcr\u00fcnlerimizin itibar\u0131ndan gurur duyuyoruz, \u00fcr\u00fcnlerimizin performans\u0131 uzmanlar\u0131m\u0131z taraf\u0131ndan s\u00fcrekli olarak izleniyor ve sekt\u00f6r\u00fcn gerektirdi\u011fi standartlar\u0131 kar\u015f\u0131l\u0131yoruz.<\/p><p>\u00a0<\/p>\t\t\t\t\t\t<\/div>\n\t\t\t\t<\/div>\n\t\t\t\t<div class=\"elementor-element elementor-element-5083e70 elementor-widget__width-initial elementor-widget elementor-widget-text-editor\" data-id=\"5083e70\" data-element_type=\"widget\" data-widget_type=\"text-editor.default\">\n\t\t\t\t<div class=\"elementor-widget-container\">\n\t\t\t\t\t\t\t<p>Dermatoloji uzmanlar\u0131ndan olu\u015fan bir ekip ve en geli\u015fmi\u015f \u00fcr\u00fcn form\u00fclasyon teknolojisi ile kendimizi etkili ve g\u00fcvenli cilt bak\u0131m \u00e7\u00f6z\u00fcmleri sunmaya adad\u0131k.<\/p>\t\t\t\t\t\t<\/div>\n\t\t\t\t<\/div>\n\t\t\t\t\t<\/div>\n\t\t\t\t<\/div>\n\t\t\t\t\t<\/div>\n\t\t\t\t<\/div>\n\t\t<div class=\"elementor-element elementor-element-49f1b07 e-con-full e-flex e-con e-parent\" data-id=\"49f1b07\" data-element_type=\"container\">\n\t\t\t\t<div class=\"elementor-element elementor-element-9b127be elementor-widget elementor-widget-premium-addon-banner\" data-id=\"9b127be\" data-element_type=\"widget\" data-widget_type=\"premium-addon-banner.default\">\n\t\t\t\t<div class=\"elementor-widget-container\">\n\t\t\t\t\t<div class=\"premium-banner-ib premium-banner-min-height premium-banner-animation1 none\">\r\n\t\t\t\t\t\t\t\t\t\t\t\t\t\t\t<img decoding=\"async\" width=\"673\" height=\"670\" src=\"https:\/\/dermamedk.es\/wp-content\/uploads\/2023\/04\/Productos-de-belleza-Acido-hialuronico-Cosmeticos-b.webp\" class=\"attachment-full size-full wp-image-135\" alt=\"\" srcset=\"https:\/\/dermamedk.es\/wp-content\/uploads\/2023\/04\/Productos-de-belleza-Acido-hialuronico-Cosmeticos-b.webp 673w, https:\/\/dermamedk.es\/wp-content\/uploads\/2023\/04\/Productos-de-belleza-Acido-hialuronico-Cosmeticos-b-300x300.webp 300w, https:\/\/dermamedk.es\/wp-content\/uploads\/2023\/04\/Productos-de-belleza-Acido-hialuronico-Cosmeticos-b-100x100.webp 100w, https:\/\/dermamedk.es\/wp-content\/uploads\/2023\/04\/Productos-de-belleza-Acido-hialuronico-Cosmeticos-b-600x597.webp 600w, https:\/\/dermamedk.es\/wp-content\/uploads\/2023\/04\/Productos-de-belleza-Acido-hialuronico-Cosmeticos-b-150x150.webp 150w\" sizes=\"(max-width: 673px) 100vw, 673px\" \/>\t\t\t\t\t\t\t\t\t\t<div class=\"premium-banner-ib-desc\">\r\n\t\t\t\t\t\t\t\t\t<h3 class=\"premium-banner-ib-title premium_banner_title\">DermamedK<\/h3>\t\t\t\t\t\t<div class=\"premium-banner-ib-content premium_banner_content\">\r\n\t\t\t\t\t\t\t<p>Kalite ve Bilim<\/p>\t\t\t\t\t\t<\/div>\r\n\t\t\t\t\t\t\t\t\t\t\t\t\t\t\t\t\t<\/div>\r\n\t\t\t\t\t<\/div>\r\n\t\t\t\t\t\t<\/div>\n\t\t\t\t<\/div>\n\t\t\t\t<\/div>\n\t\t\t\t\t<\/div>\n\t\t\t\t<\/div>\n\t\t<div class=\"elementor-element elementor-element-365d1fc e-flex e-con-boxed e-con e-parent\" data-id=\"365d1fc\" data-element_type=\"container\" data-settings=\"{&quot;background_background&quot;:&quot;classic&quot;}\">\n\t\t\t\t\t<div class=\"e-con-inner\">\n\t\t<div class=\"elementor-element elementor-element-48e8ff2 e-flex e-con-boxed e-con e-parent\" data-id=\"48e8ff2\" data-element_type=\"container\">\n\t\t\t\t\t<div class=\"e-con-inner\">\n\t\t<div class=\"elementor-element elementor-element-50dc5ad e-flex e-con-boxed e-con e-parent\" data-id=\"50dc5ad\" data-element_type=\"container\">\n\t\t\t\t\t<div class=\"e-con-inner\">\n\t\t\t\t<div class=\"elementor-element elementor-element-4e25c89 elementor-widget__width-initial elementor-widget elementor-widget-text-editor\" data-id=\"4e25c89\" data-element_type=\"widget\" data-widget_type=\"text-editor.default\">\n\t\t\t\t<div class=\"elementor-widget-container\">\n\t\t\t\t\t\t\t<p>DermamedK olarak, bilim ve inovasyonla desteklenen etkili ve g\u00fcvenli cilt bak\u0131m \u00e7\u00f6z\u00fcmleri sunmaya kararl\u0131y\u0131z.<\/p><p>Ge\u00e7mi\u015fimiz, cilt bak\u0131m\u0131na olan tutkumuz ve yapt\u0131\u011f\u0131m\u0131z her i\u015fte m\u00fckemmelli\u011fe olan ba\u011fl\u0131l\u0131\u011f\u0131m\u0131z \u00fczerine in\u015fa edilmi\u015ftir.<\/p><p>Dermatoloji uzmanlar\u0131ndan olu\u015fan ekibimiz, en geli\u015fmi\u015f \u00fcr\u00fcn form\u00fclasyon teknolojisi ile birlikte, her m\u00fc\u015fterinin \u00f6zel ihtiya\u00e7lar\u0131n\u0131 kar\u015f\u0131layan y\u00fcksek kaliteli \u00fcr\u00fcnler sunmak i\u00e7in \u00e7al\u0131\u015fmaktad\u0131r.<\/p>\t\t\t\t\t\t<\/div>\n\t\t\t\t<\/div>\n\t\t\t\t\t<\/div>\n\t\t\t\t<\/div>\n\t\t\t\t\t<\/div>\n\t\t\t\t<\/div>\n\t\t\t\t\t<\/div>\n\t\t\t\t<\/div>\n\t\t<div class=\"elementor-element elementor-element-e090451 e-con-full e-flex e-con e-parent\" data-id=\"e090451\" data-element_type=\"container\" data-settings=\"{&quot;background_background&quot;:&quot;classic&quot;}\">\n\t\t<div class=\"elementor-element elementor-element-8245c08 e-con-full e-flex e-con e-parent\" data-id=\"8245c08\" data-element_type=\"container\">\n\t\t\t\t<div class=\"elementor-element elementor-element-a3d4558 animated-slow elementor-invisible elementor-widget elementor-widget-heading\" data-id=\"a3d4558\" data-element_type=\"widget\" data-settings=\"{&quot;_animation&quot;:&quot;fadeInLeft&quot;}\" data-widget_type=\"heading.default\">\n\t\t\t\t<div class=\"elementor-widget-container\">\n\t\t\t<h5 class=\"elementor-heading-title elementor-size-default\">Blogumuz<\/h5>\t\t<\/div>\n\t\t\t\t<\/div>\n\t\t\t\t<div class=\"elementor-element elementor-element-bcf2b93 elementor-widget elementor-widget-heading\" data-id=\"bcf2b93\" data-element_type=\"widget\" data-settings=\"{&quot;_animation_mobile&quot;:&quot;fadeInUp&quot;}\" data-widget_type=\"heading.default\">\n\t\t\t\t<div class=\"elementor-widget-container\">\n\t\t\t<h2 class=\"elementor-heading-title elementor-size-default\">Blog &amp; Makaleler\n<\/h2>\t\t<\/div>\n\t\t\t\t<\/div>\n\t\t\t\t<div class=\"elementor-element elementor-element-598fe88 elementor-widget elementor-widget-text-editor\" data-id=\"598fe88\" data-element_type=\"widget\" data-widget_type=\"text-editor.default\">\n\t\t\t\t<div class=\"elementor-widget-container\">\n\t\t\t\t\t\t\t<p>cilt bak\u0131m\u0131 ve estetik alan\u0131ndaki en son haberler hakk\u0131nda bilgi sahibi olun ve okuyun<\/p>\t\t\t\t\t\t<\/div>\n\t\t\t\t<\/div>\n\t\t\t\t<\/div>\n\t\t\t\t<\/div>\n\t\t\t\t<\/div>","protected":false},"excerpt":{"rendered":"<p>Dra Karol M. Santander Calidad y Ciencia Experiencia m\u00e9dica excepcional y conocimientos avanzados En DermamedK hemos desarrollado productos,principios activos profesionales para que obtengas desde el primer tratamiento los mejores resultados cada d\u00eda nos superamos para obtener las expectativas en los procedimientos, desarrollamos continuamente productos eficaces y creativos para obtener trabajos de alta calidad, la filosof\u00eda [&hellip;]<\/p>","protected":false},"author":2,"featured_media":0,"parent":0,"menu_order":0,"comment_status":"closed","ping_status":"closed","template":"","meta":{"footnotes":""},"class_list":["post-831","page","type-page","status-publish","hentry"],"yoast_head":"<!-- This site is optimized with the Yoast SEO plugin v23.8 - https:\/\/yoast.com\/wordpress\/plugins\/seo\/ -->\n<title>Sobre nosotros - Dermamedk<\/title>\n<meta name=\"robots\" content=\"index, follow, max-snippet:-1, max-image-preview:large, max-video-preview:-1\" \/>\n<link rel=\"canonical\" href=\"https:\/\/dermamedk.es\/tr\/sobre-nosotros\/\" \/>\n<meta property=\"og:locale\" content=\"tr_TR\" \/>\n<meta property=\"og:type\" content=\"article\" \/>\n<meta property=\"og:title\" content=\"Sobre nosotros - Dermamedk\" \/>\n<meta property=\"og:description\" content=\"Dra Karol M. Santander Calidad y Ciencia Experiencia m\u00e9dica excepcional y conocimientos avanzados En DermamedK hemos desarrollado productos,principios activos profesionales para que obtengas desde el primer tratamiento los mejores resultados cada d\u00eda nos superamos para obtener las expectativas en los procedimientos, desarrollamos continuamente productos eficaces y creativos para obtener trabajos de alta calidad, la filosof\u00eda [&hellip;]\" \/>\n<meta property=\"og:url\" content=\"https:\/\/dermamedk.es\/tr\/sobre-nosotros\/\" \/>\n<meta property=\"og:site_name\" content=\"Dermamedk\" \/>\n<meta property=\"article:publisher\" content=\"https:\/\/www.facebook.com\/dermamedk\" \/>\n<meta property=\"article:modified_time\" content=\"2023-05-24T21:16:47+00:00\" \/>\n<meta property=\"og:image\" content=\"https:\/\/dermamedk.es\/wp-content\/uploads\/2023\/05\/dermamedk-karol.webp\" \/>\n<meta name=\"twitter:card\" content=\"summary_large_image\" \/>\n<meta name=\"twitter:label1\" content=\"Tahmini okuma s\u00fcresi\" \/>\n\t<meta name=\"twitter:data1\" content=\"4 dakika\" \/>\n<script type=\"application\/ld+json\" class=\"yoast-schema-graph\">{\"@context\":\"https:\/\/schema.org\",\"@graph\":[{\"@type\":\"WebPage\",\"@id\":\"https:\/\/dermamedk.es\/sobre-nosotros\/\",\"url\":\"https:\/\/dermamedk.es\/sobre-nosotros\/\",\"name\":\"Sobre nosotros - Dermamedk\",\"isPartOf\":{\"@id\":\"https:\/\/dermamedk.es\/#website\"},\"primaryImageOfPage\":{\"@id\":\"https:\/\/dermamedk.es\/sobre-nosotros\/#primaryimage\"},\"image\":{\"@id\":\"https:\/\/dermamedk.es\/sobre-nosotros\/#primaryimage\"},\"thumbnailUrl\":\"https:\/\/dermamedk.es\/wp-content\/uploads\/2023\/05\/dermamedk-karol.webp\",\"datePublished\":\"2023-04-18T12:32:18+00:00\",\"dateModified\":\"2023-05-24T21:16:47+00:00\",\"breadcrumb\":{\"@id\":\"https:\/\/dermamedk.es\/sobre-nosotros\/#breadcrumb\"},\"inLanguage\":\"tr\",\"potentialAction\":[{\"@type\":\"ReadAction\",\"target\":[\"https:\/\/dermamedk.es\/sobre-nosotros\/\"]}]},{\"@type\":\"ImageObject\",\"inLanguage\":\"tr\",\"@id\":\"https:\/\/dermamedk.es\/sobre-nosotros\/#primaryimage\",\"url\":\"https:\/\/dermamedk.es\/wp-content\/uploads\/2023\/05\/dermamedk-karol.webp\",\"contentUrl\":\"https:\/\/dermamedk.es\/wp-content\/uploads\/2023\/05\/dermamedk-karol.webp\"},{\"@type\":\"BreadcrumbList\",\"@id\":\"https:\/\/dermamedk.es\/sobre-nosotros\/#breadcrumb\",\"itemListElement\":[{\"@type\":\"ListItem\",\"position\":1,\"name\":\"Home\",\"item\":\"https:\/\/dermamedk.es\/\"},{\"@type\":\"ListItem\",\"position\":2,\"name\":\"Sobre nosotros\"}]},{\"@type\":\"WebSite\",\"@id\":\"https:\/\/dermamedk.es\/#website\",\"url\":\"https:\/\/dermamedk.es\/\",\"name\":\"DermamedK | La elecci\u00f3n perfecta para tu cuidado de la piel\",\"description\":\"Lo mejor para el cuidado de tu piel\",\"publisher\":{\"@id\":\"https:\/\/dermamedk.es\/#organization\"},\"potentialAction\":[{\"@type\":\"SearchAction\",\"target\":{\"@type\":\"EntryPoint\",\"urlTemplate\":\"https:\/\/dermamedk.es\/?s={search_term_string}\"},\"query-input\":{\"@type\":\"PropertyValueSpecification\",\"valueRequired\":true,\"valueName\":\"search_term_string\"}}],\"inLanguage\":\"tr\"},{\"@type\":\"Organization\",\"@id\":\"https:\/\/dermamedk.es\/#organization\",\"name\":\"DermamedK | La elecci\u00f3n perfecta para tu cuidado de la piel\",\"url\":\"https:\/\/dermamedk.es\/\",\"logo\":{\"@type\":\"ImageObject\",\"inLanguage\":\"tr\",\"@id\":\"https:\/\/dermamedk.es\/#\/schema\/logo\/image\/\",\"url\":\"https:\/\/dermamedk.es\/wp-content\/uploads\/2023\/04\/logo-150.webp\",\"contentUrl\":\"https:\/\/dermamedk.es\/wp-content\/uploads\/2023\/04\/logo-150.webp\",\"width\":180,\"height\":212,\"caption\":\"DermamedK | La elecci\u00f3n perfecta para tu cuidado de la piel\"},\"image\":{\"@id\":\"https:\/\/dermamedk.es\/#\/schema\/logo\/image\/\"},\"sameAs\":[\"https:\/\/www.facebook.com\/dermamedk\",\"https:\/\/www.instagram.com\/dermamedk\/\"]}]}<\/script>\n<!-- \/ Yoast SEO plugin. -->","yoast_head_json":{"title":"Sobre nosotros - Dermamedk","robots":{"index":"index","follow":"follow","max-snippet":"max-snippet:-1","max-image-preview":"max-image-preview:large","max-video-preview":"max-video-preview:-1"},"canonical":"https:\/\/dermamedk.es\/tr\/sobre-nosotros\/","og_locale":"tr_TR","og_type":"article","og_title":"Sobre nosotros - Dermamedk","og_description":"Dra Karol M. Santander Calidad y Ciencia Experiencia m\u00e9dica excepcional y conocimientos avanzados En DermamedK hemos desarrollado productos,principios activos profesionales para que obtengas desde el primer tratamiento los mejores resultados cada d\u00eda nos superamos para obtener las expectativas en los procedimientos, desarrollamos continuamente productos eficaces y creativos para obtener trabajos de alta calidad, la filosof\u00eda [&hellip;]","og_url":"https:\/\/dermamedk.es\/tr\/sobre-nosotros\/","og_site_name":"Dermamedk","article_publisher":"https:\/\/www.facebook.com\/dermamedk","article_modified_time":"2023-05-24T21:16:47+00:00","og_image":[{"url":"https:\/\/dermamedk.es\/wp-content\/uploads\/2023\/05\/dermamedk-karol.webp"}],"twitter_card":"summary_large_image","twitter_misc":{"Tahmini okuma s\u00fcresi":"4 dakika"},"schema":{"@context":"https:\/\/schema.org","@graph":[{"@type":"WebPage","@id":"https:\/\/dermamedk.es\/sobre-nosotros\/","url":"https:\/\/dermamedk.es\/sobre-nosotros\/","name":"Sobre nosotros - Dermamedk","isPartOf":{"@id":"https:\/\/dermamedk.es\/#website"},"primaryImageOfPage":{"@id":"https:\/\/dermamedk.es\/sobre-nosotros\/#primaryimage"},"image":{"@id":"https:\/\/dermamedk.es\/sobre-nosotros\/#primaryimage"},"thumbnailUrl":"https:\/\/dermamedk.es\/wp-content\/uploads\/2023\/05\/dermamedk-karol.webp","datePublished":"2023-04-18T12:32:18+00:00","dateModified":"2023-05-24T21:16:47+00:00","breadcrumb":{"@id":"https:\/\/dermamedk.es\/sobre-nosotros\/#breadcrumb"},"inLanguage":"tr","potentialAction":[{"@type":"ReadAction","target":["https:\/\/dermamedk.es\/sobre-nosotros\/"]}]},{"@type":"ImageObject","inLanguage":"tr","@id":"https:\/\/dermamedk.es\/sobre-nosotros\/#primaryimage","url":"https:\/\/dermamedk.es\/wp-content\/uploads\/2023\/05\/dermamedk-karol.webp","contentUrl":"https:\/\/dermamedk.es\/wp-content\/uploads\/2023\/05\/dermamedk-karol.webp"},{"@type":"BreadcrumbList","@id":"https:\/\/dermamedk.es\/sobre-nosotros\/#breadcrumb","itemListElement":[{"@type":"ListItem","position":1,"name":"Home","item":"https:\/\/dermamedk.es\/"},{"@type":"ListItem","position":2,"name":"Sobre nosotros"}]},{"@type":"WebSite","@id":"https:\/\/dermamedk.es\/#website","url":"https:\/\/dermamedk.es\/","name":"DermamedK | La elecci\u00f3n perfecta para tu cuidado de la piel","description":"Lo mejor para el cuidado de tu piel","publisher":{"@id":"https:\/\/dermamedk.es\/#organization"},"potentialAction":[{"@type":"SearchAction","target":{"@type":"EntryPoint","urlTemplate":"https:\/\/dermamedk.es\/?s={search_term_string}"},"query-input":{"@type":"PropertyValueSpecification","valueRequired":true,"valueName":"search_term_string"}}],"inLanguage":"tr"},{"@type":"Organization","@id":"https:\/\/dermamedk.es\/#organization","name":"DermamedK | La elecci\u00f3n perfecta para tu cuidado de la piel","url":"https:\/\/dermamedk.es\/","logo":{"@type":"ImageObject","inLanguage":"tr","@id":"https:\/\/dermamedk.es\/#\/schema\/logo\/image\/","url":"https:\/\/dermamedk.es\/wp-content\/uploads\/2023\/04\/logo-150.webp","contentUrl":"https:\/\/dermamedk.es\/wp-content\/uploads\/2023\/04\/logo-150.webp","width":180,"height":212,"caption":"DermamedK | La elecci\u00f3n perfecta para tu cuidado de la piel"},"image":{"@id":"https:\/\/dermamedk.es\/#\/schema\/logo\/image\/"},"sameAs":["https:\/\/www.facebook.com\/dermamedk","https:\/\/www.instagram.com\/dermamedk\/"]}]}},"_links":{"self":[{"href":"https:\/\/dermamedk.es\/tr\/wp-json\/wp\/v2\/pages\/831","targetHints":{"allow":["GET"]}}],"collection":[{"href":"https:\/\/dermamedk.es\/tr\/wp-json\/wp\/v2\/pages"}],"about":[{"href":"https:\/\/dermamedk.es\/tr\/wp-json\/wp\/v2\/types\/page"}],"author":[{"embeddable":true,"href":"https:\/\/dermamedk.es\/tr\/wp-json\/wp\/v2\/users\/2"}],"replies":[{"embeddable":true,"href":"https:\/\/dermamedk.es\/tr\/wp-json\/wp\/v2\/comments?post=831"}],"version-history":[{"count":58,"href":"https:\/\/dermamedk.es\/tr\/wp-json\/wp\/v2\/pages\/831\/revisions"}],"predecessor-version":[{"id":1592,"href":"https:\/\/dermamedk.es\/tr\/wp-json\/wp\/v2\/pages\/831\/revisions\/1592"}],"wp:attachment":[{"href":"https:\/\/dermamedk.es\/tr\/wp-json\/wp\/v2\/media?parent=831"}],"curies":[{"name":"wp","href":"https:\/\/api.w.org\/{rel}","templated":true}]}}