 {"id":1994,"date":"2024-11-22T11:29:55","date_gmt":"2024-11-22T10:29:55","guid":{"rendered":"https:\/\/dermamedk.es\/?page_id=1994"},"modified":"2024-11-22T11:31:49","modified_gmt":"2024-11-22T10:31:49","slug":"https-dermamedk-es-mi-cuenta","status":"publish","type":"page","link":"https:\/\/dermamedk.es\/tr\/https-dermamedk-es-mi-cuenta\/","title":{"rendered":"https:\/\/dermamedk.es\/mi-cuenta\/"},"content":{"rendered":"<div data-elementor-type=\"page\" data-elementor-id=\"1994\" class=\"elementor elementor-1994\" data-elementor-post-type=\"page\">\n\t\t\t\t\t\t<section class=\"elementor-section elementor-top-section elementor-element elementor-element-19f9883f elementor-section-boxed elementor-section-height-default elementor-section-height-default\" data-id=\"19f9883f\" data-element_type=\"section\">\n\t\t\t\t\t\t<div class=\"elementor-container elementor-column-gap-default\">\n\t\t\t\t\t<div class=\"elementor-column elementor-col-100 elementor-top-column elementor-element elementor-element-50b40297\" data-id=\"50b40297\" data-element_type=\"column\">\n\t\t\t<div class=\"elementor-widget-wrap elementor-element-populated\">\n\t\t\t\t\t\t<div class=\"elementor-element elementor-element-7419f40a elementor-widget elementor-widget-heading\" data-id=\"7419f40a\" data-element_type=\"widget\" data-widget_type=\"heading.default\">\n\t\t\t\t<div class=\"elementor-widget-container\">\n\t\t\t<h2 class=\"elementor-heading-title elementor-size-default\"><span style=\"font-size: 17.6px\">Benim hesab\u0131m<\/span><\/h2>\t\t<\/div>\n\t\t\t\t<\/div>\n\t\t\t\t\t<\/div>\n\t\t<\/div>\n\t\t\t\t\t<\/div>\n\t\t<\/section>\n\t\t\t\t<\/div>","protected":false},"excerpt":{"rendered":"<p>Mi cuenta adminDek Logout adminDek Logout adminDek Logout Dashboard Orders Downloads Addresses Account details Wishlist Logout New Menu Item Hola adminDek (\u00bfno eres adminDek? Cerrar sesi\u00f3n) Desde el escritorio de tu cuenta puedes ver tus pedidos recientes, gestionar tus direcciones de env\u00edo y facturaci\u00f3n y editar tu contrase\u00f1a y los detalles de tu cuenta.<\/p>","protected":false},"author":1,"featured_media":0,"parent":0,"menu_order":0,"comment_status":"closed","ping_status":"closed","template":"elementor_header_footer","meta":{"footnotes":""},"class_list":["post-1994","page","type-page","status-publish","hentry"],"yoast_head":"<!-- This site is optimized with the Yoast SEO plugin v23.8 - https:\/\/yoast.com\/wordpress\/plugins\/seo\/ -->\n<title>https:\/\/dermamedk.es\/mi-cuenta\/ - Dermamedk<\/title>\n<meta name=\"robots\" content=\"index, follow, max-snippet:-1, max-image-preview:large, max-video-preview:-1\" \/>\n<link rel=\"canonical\" href=\"https:\/\/dermamedk.es\/tr\/https-dermamedk-es-mi-cuenta\/\" \/>\n<meta property=\"og:locale\" content=\"tr_TR\" \/>\n<meta property=\"og:type\" content=\"article\" \/>\n<meta property=\"og:title\" content=\"https:\/\/dermamedk.es\/mi-cuenta\/ - Dermamedk\" \/>\n<meta property=\"og:description\" content=\"Mi cuenta adminDek Logout adminDek Logout adminDek Logout Dashboard Orders Downloads Addresses Account details Wishlist Logout New Menu Item Hola adminDek (\u00bfno eres adminDek? Cerrar sesi\u00f3n) Desde el escritorio de tu cuenta puedes ver tus pedidos recientes, gestionar tus direcciones de env\u00edo y facturaci\u00f3n y editar tu contrase\u00f1a y los detalles de tu cuenta.\" \/>\n<meta property=\"og:url\" content=\"https:\/\/dermamedk.es\/tr\/https-dermamedk-es-mi-cuenta\/\" \/>\n<meta property=\"og:site_name\" content=\"Dermamedk\" \/>\n<meta property=\"article:publisher\" content=\"https:\/\/www.facebook.com\/dermamedk\" \/>\n<meta property=\"article:modified_time\" content=\"2024-11-22T10:31:49+00:00\" \/>\n<meta property=\"og:image\" content=\"https:\/\/secure.gravatar.com\/avatar\/22d63c24647e016a1cbfc16181154538?s=125&#038;d=mm&#038;r=g\" \/>\n<meta name=\"twitter:card\" content=\"summary_large_image\" \/>\n<script type=\"application\/ld+json\" class=\"yoast-schema-graph\">{\"@context\":\"https:\/\/schema.org\",\"@graph\":[{\"@type\":\"WebPage\",\"@id\":\"https:\/\/dermamedk.es\/https-dermamedk-es-mi-cuenta\/\",\"url\":\"https:\/\/dermamedk.es\/https-dermamedk-es-mi-cuenta\/\",\"name\":\"https:\/\/dermamedk.es\/mi-cuenta\/ - Dermamedk\",\"isPartOf\":{\"@id\":\"https:\/\/dermamedk.es\/#website\"},\"primaryImageOfPage\":{\"@id\":\"https:\/\/dermamedk.es\/https-dermamedk-es-mi-cuenta\/#primaryimage\"},\"image\":{\"@id\":\"https:\/\/dermamedk.es\/https-dermamedk-es-mi-cuenta\/#primaryimage\"},\"thumbnailUrl\":\"https:\/\/secure.gravatar.com\/avatar\/22d63c24647e016a1cbfc16181154538?s=125&#038;d=mm&#038;r=g\",\"datePublished\":\"2024-11-22T10:29:55+00:00\",\"dateModified\":\"2024-11-22T10:31:49+00:00\",\"breadcrumb\":{\"@id\":\"https:\/\/dermamedk.es\/https-dermamedk-es-mi-cuenta\/#breadcrumb\"},\"inLanguage\":\"tr\",\"potentialAction\":[{\"@type\":\"ReadAction\",\"target\":[\"https:\/\/dermamedk.es\/https-dermamedk-es-mi-cuenta\/\"]}]},{\"@type\":\"ImageObject\",\"inLanguage\":\"tr\",\"@id\":\"https:\/\/dermamedk.es\/https-dermamedk-es-mi-cuenta\/#primaryimage\",\"url\":\"https:\/\/secure.gravatar.com\/avatar\/22d63c24647e016a1cbfc16181154538?s=125&#038;d=mm&#038;r=g\",\"contentUrl\":\"https:\/\/secure.gravatar.com\/avatar\/22d63c24647e016a1cbfc16181154538?s=125&#038;d=mm&#038;r=g\"},{\"@type\":\"BreadcrumbList\",\"@id\":\"https:\/\/dermamedk.es\/https-dermamedk-es-mi-cuenta\/#breadcrumb\",\"itemListElement\":[{\"@type\":\"ListItem\",\"position\":1,\"name\":\"Home\",\"item\":\"https:\/\/dermamedk.es\/\"},{\"@type\":\"ListItem\",\"position\":2,\"name\":\"https:\/\/dermamedk.es\/mi-cuenta\/\"}]},{\"@type\":\"WebSite\",\"@id\":\"https:\/\/dermamedk.es\/#website\",\"url\":\"https:\/\/dermamedk.es\/\",\"name\":\"DermamedK | La elecci\u00f3n perfecta para tu cuidado de la piel\",\"description\":\"Lo mejor para el cuidado de tu piel\",\"publisher\":{\"@id\":\"https:\/\/dermamedk.es\/#organization\"},\"potentialAction\":[{\"@type\":\"SearchAction\",\"target\":{\"@type\":\"EntryPoint\",\"urlTemplate\":\"https:\/\/dermamedk.es\/?s={search_term_string}\"},\"query-input\":{\"@type\":\"PropertyValueSpecification\",\"valueRequired\":true,\"valueName\":\"search_term_string\"}}],\"inLanguage\":\"tr\"},{\"@type\":\"Organization\",\"@id\":\"https:\/\/dermamedk.es\/#organization\",\"name\":\"DermamedK | La elecci\u00f3n perfecta para tu cuidado de la piel\",\"url\":\"https:\/\/dermamedk.es\/\",\"logo\":{\"@type\":\"ImageObject\",\"inLanguage\":\"tr\",\"@id\":\"https:\/\/dermamedk.es\/#\/schema\/logo\/image\/\",\"url\":\"https:\/\/dermamedk.es\/wp-content\/uploads\/2023\/04\/logo-150.webp\",\"contentUrl\":\"https:\/\/dermamedk.es\/wp-content\/uploads\/2023\/04\/logo-150.webp\",\"width\":180,\"height\":212,\"caption\":\"DermamedK | La elecci\u00f3n perfecta para tu cuidado de la piel\"},\"image\":{\"@id\":\"https:\/\/dermamedk.es\/#\/schema\/logo\/image\/\"},\"sameAs\":[\"https:\/\/www.facebook.com\/dermamedk\",\"https:\/\/www.instagram.com\/dermamedk\/\"]}]}<\/script>\n<!-- \/ Yoast SEO plugin. -->","yoast_head_json":{"title":"https:\/\/dermamedk.es\/mi-cuenta\/ - Dermamedk","robots":{"index":"index","follow":"follow","max-snippet":"max-snippet:-1","max-image-preview":"max-image-preview:large","max-video-preview":"max-video-preview:-1"},"canonical":"https:\/\/dermamedk.es\/tr\/https-dermamedk-es-mi-cuenta\/","og_locale":"tr_TR","og_type":"article","og_title":"https:\/\/dermamedk.es\/mi-cuenta\/ - Dermamedk","og_description":"Mi cuenta adminDek Logout adminDek Logout adminDek Logout Dashboard Orders Downloads Addresses Account details Wishlist Logout New Menu Item Hola adminDek (\u00bfno eres adminDek? Cerrar sesi\u00f3n) Desde el escritorio de tu cuenta puedes ver tus pedidos recientes, gestionar tus direcciones de env\u00edo y facturaci\u00f3n y editar tu contrase\u00f1a y los detalles de tu cuenta.","og_url":"https:\/\/dermamedk.es\/tr\/https-dermamedk-es-mi-cuenta\/","og_site_name":"Dermamedk","article_publisher":"https:\/\/www.facebook.com\/dermamedk","article_modified_time":"2024-11-22T10:31:49+00:00","og_image":[{"url":"https:\/\/secure.gravatar.com\/avatar\/22d63c24647e016a1cbfc16181154538?s=125&#038;d=mm&#038;r=g"}],"twitter_card":"summary_large_image","schema":{"@context":"https:\/\/schema.org","@graph":[{"@type":"WebPage","@id":"https:\/\/dermamedk.es\/https-dermamedk-es-mi-cuenta\/","url":"https:\/\/dermamedk.es\/https-dermamedk-es-mi-cuenta\/","name":"https:\/\/dermamedk.es\/mi-cuenta\/ - Dermamedk","isPartOf":{"@id":"https:\/\/dermamedk.es\/#website"},"primaryImageOfPage":{"@id":"https:\/\/dermamedk.es\/https-dermamedk-es-mi-cuenta\/#primaryimage"},"image":{"@id":"https:\/\/dermamedk.es\/https-dermamedk-es-mi-cuenta\/#primaryimage"},"thumbnailUrl":"https:\/\/secure.gravatar.com\/avatar\/22d63c24647e016a1cbfc16181154538?s=125&#038;d=mm&#038;r=g","datePublished":"2024-11-22T10:29:55+00:00","dateModified":"2024-11-22T10:31:49+00:00","breadcrumb":{"@id":"https:\/\/dermamedk.es\/https-dermamedk-es-mi-cuenta\/#breadcrumb"},"inLanguage":"tr","potentialAction":[{"@type":"ReadAction","target":["https:\/\/dermamedk.es\/https-dermamedk-es-mi-cuenta\/"]}]},{"@type":"ImageObject","inLanguage":"tr","@id":"https:\/\/dermamedk.es\/https-dermamedk-es-mi-cuenta\/#primaryimage","url":"https:\/\/secure.gravatar.com\/avatar\/22d63c24647e016a1cbfc16181154538?s=125&#038;d=mm&#038;r=g","contentUrl":"https:\/\/secure.gravatar.com\/avatar\/22d63c24647e016a1cbfc16181154538?s=125&#038;d=mm&#038;r=g"},{"@type":"BreadcrumbList","@id":"https:\/\/dermamedk.es\/https-dermamedk-es-mi-cuenta\/#breadcrumb","itemListElement":[{"@type":"ListItem","position":1,"name":"Home","item":"https:\/\/dermamedk.es\/"},{"@type":"ListItem","position":2,"name":"https:\/\/dermamedk.es\/mi-cuenta\/"}]},{"@type":"WebSite","@id":"https:\/\/dermamedk.es\/#website","url":"https:\/\/dermamedk.es\/","name":"DermamedK | La elecci\u00f3n perfecta para tu cuidado de la piel","description":"Lo mejor para el cuidado de tu piel","publisher":{"@id":"https:\/\/dermamedk.es\/#organization"},"potentialAction":[{"@type":"SearchAction","target":{"@type":"EntryPoint","urlTemplate":"https:\/\/dermamedk.es\/?s={search_term_string}"},"query-input":{"@type":"PropertyValueSpecification","valueRequired":true,"valueName":"search_term_string"}}],"inLanguage":"tr"},{"@type":"Organization","@id":"https:\/\/dermamedk.es\/#organization","name":"DermamedK | La elecci\u00f3n perfecta para tu cuidado de la piel","url":"https:\/\/dermamedk.es\/","logo":{"@type":"ImageObject","inLanguage":"tr","@id":"https:\/\/dermamedk.es\/#\/schema\/logo\/image\/","url":"https:\/\/dermamedk.es\/wp-content\/uploads\/2023\/04\/logo-150.webp","contentUrl":"https:\/\/dermamedk.es\/wp-content\/uploads\/2023\/04\/logo-150.webp","width":180,"height":212,"caption":"DermamedK | La elecci\u00f3n perfecta para tu cuidado de la piel"},"image":{"@id":"https:\/\/dermamedk.es\/#\/schema\/logo\/image\/"},"sameAs":["https:\/\/www.facebook.com\/dermamedk","https:\/\/www.instagram.com\/dermamedk\/"]}]}},"_links":{"self":[{"href":"https:\/\/dermamedk.es\/tr\/wp-json\/wp\/v2\/pages\/1994","targetHints":{"allow":["GET"]}}],"collection":[{"href":"https:\/\/dermamedk.es\/tr\/wp-json\/wp\/v2\/pages"}],"about":[{"href":"https:\/\/dermamedk.es\/tr\/wp-json\/wp\/v2\/types\/page"}],"author":[{"embeddable":true,"href":"https:\/\/dermamedk.es\/tr\/wp-json\/wp\/v2\/users\/1"}],"replies":[{"embeddable":true,"href":"https:\/\/dermamedk.es\/tr\/wp-json\/wp\/v2\/comments?post=1994"}],"version-history":[{"count":6,"href":"https:\/\/dermamedk.es\/tr\/wp-json\/wp\/v2\/pages\/1994\/revisions"}],"predecessor-version":[{"id":2000,"href":"https:\/\/dermamedk.es\/tr\/wp-json\/wp\/v2\/pages\/1994\/revisions\/2000"}],"wp:attachment":[{"href":"https:\/\/dermamedk.es\/tr\/wp-json\/wp\/v2\/media?parent=1994"}],"curies":[{"name":"wp","href":"https:\/\/api.w.org\/{rel}","templated":true}]}}