 {"id":926,"date":"2023-04-26T16:48:59","date_gmt":"2023-04-26T16:48:59","guid":{"rendered":"https:\/\/dermamedk.es\/?post_type=product&#038;p=926"},"modified":"2025-02-07T00:47:55","modified_gmt":"2025-02-06T23:47:55","slug":"serum-age-plus","status":"publish","type":"product","link":"https:\/\/dermamedk.es\/fr\/tienda\/tienda\/serum-age-plus\/","title":{"rendered":"S\u00c9RUM AGE PLUS"},"content":{"rendered":"<p>ANTI-AGE<\/p>\n<p>S\u00e9rum anti-\u00e2ge qui traite les principaux signes du vieillissement. Son utilisation quotidienne am\u00e9liore et renforce le soin anti-\u00e2ge de tous les types de peaux, m\u00eame sensibles. Sa formule soign\u00e9e apporte une hydratation abondante, am\u00e9liore et r\u00e9pare la barri\u00e8re cutan\u00e9e et a un effet antirides. En outre, gr\u00e2ce \u00e0 sa teneur en antioxydants, elle pr\u00e9vient les effets n\u00e9gatifs des radicaux libres. Son absorption rapide et sa texture soign\u00e9e permettent l'application de n'importe laquelle de nos cr\u00e8mes de jour et de nuit habituelles.<\/p>\n<p>Mode d'emploi : Appliquer matin et soir avant votre cr\u00e8me habituelle.<br \/>\nIngr\u00e9dients actifs : Collag\u00e8ne 6%, Gatuline Expresion 4%, Acide Hyaluronique 0.6%, Ectoin\u24c7 0.5%, Vitamine E<br \/>\n0.1%.<br \/>\nPr\u00e9sentation : 30 ml<\/p>","protected":false},"excerpt":{"rendered":"<p>ANTIEDAD S\u00e9rum antiedad que permite tratar los principales signos del envejecimiento. Su uso diario permite mejorar y potencia los cuidados antiaging de todo tipo de pieles, incluso las sensibles. Su cuidada formula aporta una amplia hidrataci\u00f3n, mejora y repara la barrera cut\u00e1nea y tiene efecto antiarrugas. Adem\u00e1s, gracias a su contenido en antioxidantes, evitamos los [&hellip;]<\/p>","protected":false},"featured_media":927,"comment_status":"open","ping_status":"closed","template":"","meta":[],"product_brand":[],"product_cat":[18,24,43],"product_tag":[],"class_list":{"0":"post-926","1":"product","2":"type-product","3":"status-publish","4":"has-post-thumbnail","6":"product_cat-tienda","7":"product_cat-facial","8":"product_cat-productos-cosmetologicos","10":"first","11":"instock","12":"taxable","13":"shipping-taxable","14":"product-type-simple"},"yoast_head":"<!-- This site is optimized with the Yoast SEO plugin v23.8 - https:\/\/yoast.com\/wordpress\/plugins\/seo\/ -->\n<title>SERUM AGE PLUS - Dermamedk<\/title>\n<meta name=\"description\" content=\"SERUM AGE PLUS Su uso diario permite mejorar y potencia los cuidados antiaging de todo tipo de pieles, incluso las sensibles.\" \/>\n<meta name=\"robots\" content=\"index, follow, max-snippet:-1, max-image-preview:large, max-video-preview:-1\" \/>\n<link rel=\"canonical\" href=\"https:\/\/dermamedk.es\/fr\/tienda\/tienda\/serum-age-plus\/\" \/>\n<meta property=\"og:locale\" content=\"fr_FR\" \/>\n<meta property=\"og:type\" content=\"article\" \/>\n<meta property=\"og:title\" content=\"SERUM AGE PLUS - Dermamedk\" \/>\n<meta property=\"og:description\" content=\"SERUM AGE PLUS Su uso diario permite mejorar y potencia los cuidados antiaging de todo tipo de pieles, incluso las sensibles.\" \/>\n<meta property=\"og:url\" content=\"https:\/\/dermamedk.es\/fr\/tienda\/tienda\/serum-age-plus\/\" \/>\n<meta property=\"og:site_name\" content=\"Dermamedk\" \/>\n<meta property=\"article:publisher\" content=\"https:\/\/www.facebook.com\/dermamedk\" \/>\n<meta property=\"article:modified_time\" content=\"2025-02-06T23:47:55+00:00\" \/>\n<meta property=\"og:image\" content=\"https:\/\/dermamedk.es\/wp-content\/uploads\/2023\/04\/SERUM-AGE-PLUS.png\" \/>\n\t<meta property=\"og:image:width\" content=\"252\" \/>\n\t<meta property=\"og:image:height\" content=\"400\" \/>\n\t<meta property=\"og:image:type\" content=\"image\/png\" \/>\n<meta name=\"twitter:card\" content=\"summary_large_image\" \/>\n<meta name=\"twitter:label1\" content=\"Dur\u00e9e de lecture estim\u00e9e\" \/>\n\t<meta name=\"twitter:data1\" content=\"1 minute\" \/>\n<script type=\"application\/ld+json\" class=\"yoast-schema-graph\">{\"@context\":\"https:\/\/schema.org\",\"@graph\":[{\"@type\":\"WebPage\",\"@id\":\"https:\/\/dermamedk.es\/tienda\/tienda\/serum-age-plus\/\",\"url\":\"https:\/\/dermamedk.es\/tienda\/tienda\/serum-age-plus\/\",\"name\":\"SERUM AGE PLUS - Dermamedk\",\"isPartOf\":{\"@id\":\"https:\/\/dermamedk.es\/#website\"},\"primaryImageOfPage\":{\"@id\":\"https:\/\/dermamedk.es\/tienda\/tienda\/serum-age-plus\/#primaryimage\"},\"image\":{\"@id\":\"https:\/\/dermamedk.es\/tienda\/tienda\/serum-age-plus\/#primaryimage\"},\"thumbnailUrl\":\"https:\/\/dermamedk.es\/wp-content\/uploads\/2023\/04\/SERUM-AGE-PLUS.png\",\"datePublished\":\"2023-04-26T16:48:59+00:00\",\"dateModified\":\"2025-02-06T23:47:55+00:00\",\"description\":\"SERUM AGE PLUS Su uso diario permite mejorar y potencia los cuidados antiaging de todo tipo de pieles, incluso las sensibles.\",\"breadcrumb\":{\"@id\":\"https:\/\/dermamedk.es\/tienda\/tienda\/serum-age-plus\/#breadcrumb\"},\"inLanguage\":\"fr-FR\",\"potentialAction\":[{\"@type\":\"ReadAction\",\"target\":[\"https:\/\/dermamedk.es\/tienda\/tienda\/serum-age-plus\/\"]}]},{\"@type\":\"ImageObject\",\"inLanguage\":\"fr-FR\",\"@id\":\"https:\/\/dermamedk.es\/tienda\/tienda\/serum-age-plus\/#primaryimage\",\"url\":\"https:\/\/dermamedk.es\/wp-content\/uploads\/2023\/04\/SERUM-AGE-PLUS.png\",\"contentUrl\":\"https:\/\/dermamedk.es\/wp-content\/uploads\/2023\/04\/SERUM-AGE-PLUS.png\",\"width\":252,\"height\":400},{\"@type\":\"BreadcrumbList\",\"@id\":\"https:\/\/dermamedk.es\/tienda\/tienda\/serum-age-plus\/#breadcrumb\",\"itemListElement\":[{\"@type\":\"ListItem\",\"position\":1,\"name\":\"Home\",\"item\":\"https:\/\/dermamedk.es\/\"},{\"@type\":\"ListItem\",\"position\":2,\"name\":\"Tienda\",\"item\":\"https:\/\/dermamedk.es\/tienda-dermamedk\/\"},{\"@type\":\"ListItem\",\"position\":3,\"name\":\"SERUM AGE PLUS\"}]},{\"@type\":\"WebSite\",\"@id\":\"https:\/\/dermamedk.es\/#website\",\"url\":\"https:\/\/dermamedk.es\/\",\"name\":\"DermamedK | La elecci\u00f3n perfecta para tu cuidado de la piel\",\"description\":\"Lo mejor para el cuidado de tu piel\",\"publisher\":{\"@id\":\"https:\/\/dermamedk.es\/#organization\"},\"potentialAction\":[{\"@type\":\"SearchAction\",\"target\":{\"@type\":\"EntryPoint\",\"urlTemplate\":\"https:\/\/dermamedk.es\/?s={search_term_string}\"},\"query-input\":{\"@type\":\"PropertyValueSpecification\",\"valueRequired\":true,\"valueName\":\"search_term_string\"}}],\"inLanguage\":\"fr-FR\"},{\"@type\":\"Organization\",\"@id\":\"https:\/\/dermamedk.es\/#organization\",\"name\":\"DermamedK | La elecci\u00f3n perfecta para tu cuidado de la piel\",\"url\":\"https:\/\/dermamedk.es\/\",\"logo\":{\"@type\":\"ImageObject\",\"inLanguage\":\"fr-FR\",\"@id\":\"https:\/\/dermamedk.es\/#\/schema\/logo\/image\/\",\"url\":\"https:\/\/dermamedk.es\/wp-content\/uploads\/2023\/04\/logo-150.webp\",\"contentUrl\":\"https:\/\/dermamedk.es\/wp-content\/uploads\/2023\/04\/logo-150.webp\",\"width\":180,\"height\":212,\"caption\":\"DermamedK | La elecci\u00f3n perfecta para tu cuidado de la piel\"},\"image\":{\"@id\":\"https:\/\/dermamedk.es\/#\/schema\/logo\/image\/\"},\"sameAs\":[\"https:\/\/www.facebook.com\/dermamedk\",\"https:\/\/www.instagram.com\/dermamedk\/\"]}]}<\/script>\n<!-- \/ Yoast SEO plugin. -->","yoast_head_json":{"title":"SERUM AGE PLUS - Dermamedk","description":"SERUM AGE PLUS Su uso diario permite mejorar y potencia los cuidados antiaging de todo tipo de pieles, incluso las sensibles.","robots":{"index":"index","follow":"follow","max-snippet":"max-snippet:-1","max-image-preview":"max-image-preview:large","max-video-preview":"max-video-preview:-1"},"canonical":"https:\/\/dermamedk.es\/fr\/tienda\/tienda\/serum-age-plus\/","og_locale":"fr_FR","og_type":"article","og_title":"SERUM AGE PLUS - Dermamedk","og_description":"SERUM AGE PLUS Su uso diario permite mejorar y potencia los cuidados antiaging de todo tipo de pieles, incluso las sensibles.","og_url":"https:\/\/dermamedk.es\/fr\/tienda\/tienda\/serum-age-plus\/","og_site_name":"Dermamedk","article_publisher":"https:\/\/www.facebook.com\/dermamedk","article_modified_time":"2025-02-06T23:47:55+00:00","og_image":[{"width":252,"height":400,"url":"https:\/\/dermamedk.es\/wp-content\/uploads\/2023\/04\/SERUM-AGE-PLUS.png","type":"image\/png"}],"twitter_card":"summary_large_image","twitter_misc":{"Dur\u00e9e de lecture estim\u00e9e":"1 minute"},"schema":{"@context":"https:\/\/schema.org","@graph":[{"@type":"WebPage","@id":"https:\/\/dermamedk.es\/tienda\/tienda\/serum-age-plus\/","url":"https:\/\/dermamedk.es\/tienda\/tienda\/serum-age-plus\/","name":"SERUM AGE PLUS - Dermamedk","isPartOf":{"@id":"https:\/\/dermamedk.es\/#website"},"primaryImageOfPage":{"@id":"https:\/\/dermamedk.es\/tienda\/tienda\/serum-age-plus\/#primaryimage"},"image":{"@id":"https:\/\/dermamedk.es\/tienda\/tienda\/serum-age-plus\/#primaryimage"},"thumbnailUrl":"https:\/\/dermamedk.es\/wp-content\/uploads\/2023\/04\/SERUM-AGE-PLUS.png","datePublished":"2023-04-26T16:48:59+00:00","dateModified":"2025-02-06T23:47:55+00:00","description":"SERUM AGE PLUS Su uso diario permite mejorar y potencia los cuidados antiaging de todo tipo de pieles, incluso las sensibles.","breadcrumb":{"@id":"https:\/\/dermamedk.es\/tienda\/tienda\/serum-age-plus\/#breadcrumb"},"inLanguage":"fr-FR","potentialAction":[{"@type":"ReadAction","target":["https:\/\/dermamedk.es\/tienda\/tienda\/serum-age-plus\/"]}]},{"@type":"ImageObject","inLanguage":"fr-FR","@id":"https:\/\/dermamedk.es\/tienda\/tienda\/serum-age-plus\/#primaryimage","url":"https:\/\/dermamedk.es\/wp-content\/uploads\/2023\/04\/SERUM-AGE-PLUS.png","contentUrl":"https:\/\/dermamedk.es\/wp-content\/uploads\/2023\/04\/SERUM-AGE-PLUS.png","width":252,"height":400},{"@type":"BreadcrumbList","@id":"https:\/\/dermamedk.es\/tienda\/tienda\/serum-age-plus\/#breadcrumb","itemListElement":[{"@type":"ListItem","position":1,"name":"Home","item":"https:\/\/dermamedk.es\/"},{"@type":"ListItem","position":2,"name":"Tienda","item":"https:\/\/dermamedk.es\/tienda-dermamedk\/"},{"@type":"ListItem","position":3,"name":"SERUM AGE PLUS"}]},{"@type":"WebSite","@id":"https:\/\/dermamedk.es\/#website","url":"https:\/\/dermamedk.es\/","name":"DermamedK | La elecci\u00f3n perfecta para tu cuidado de la piel","description":"Lo mejor para el cuidado de tu piel","publisher":{"@id":"https:\/\/dermamedk.es\/#organization"},"potentialAction":[{"@type":"SearchAction","target":{"@type":"EntryPoint","urlTemplate":"https:\/\/dermamedk.es\/?s={search_term_string}"},"query-input":{"@type":"PropertyValueSpecification","valueRequired":true,"valueName":"search_term_string"}}],"inLanguage":"fr-FR"},{"@type":"Organization","@id":"https:\/\/dermamedk.es\/#organization","name":"DermamedK | La elecci\u00f3n perfecta para tu cuidado de la piel","url":"https:\/\/dermamedk.es\/","logo":{"@type":"ImageObject","inLanguage":"fr-FR","@id":"https:\/\/dermamedk.es\/#\/schema\/logo\/image\/","url":"https:\/\/dermamedk.es\/wp-content\/uploads\/2023\/04\/logo-150.webp","contentUrl":"https:\/\/dermamedk.es\/wp-content\/uploads\/2023\/04\/logo-150.webp","width":180,"height":212,"caption":"DermamedK | La elecci\u00f3n perfecta para tu cuidado de la piel"},"image":{"@id":"https:\/\/dermamedk.es\/#\/schema\/logo\/image\/"},"sameAs":["https:\/\/www.facebook.com\/dermamedk","https:\/\/www.instagram.com\/dermamedk\/"]}]}},"_links":{"self":[{"href":"https:\/\/dermamedk.es\/fr\/wp-json\/wp\/v2\/product\/926","targetHints":{"allow":["GET"]}}],"collection":[{"href":"https:\/\/dermamedk.es\/fr\/wp-json\/wp\/v2\/product"}],"about":[{"href":"https:\/\/dermamedk.es\/fr\/wp-json\/wp\/v2\/types\/product"}],"replies":[{"embeddable":true,"href":"https:\/\/dermamedk.es\/fr\/wp-json\/wp\/v2\/comments?post=926"}],"version-history":[{"count":1,"href":"https:\/\/dermamedk.es\/fr\/wp-json\/wp\/v2\/product\/926\/revisions"}],"predecessor-version":[{"id":928,"href":"https:\/\/dermamedk.es\/fr\/wp-json\/wp\/v2\/product\/926\/revisions\/928"}],"wp:featuredmedia":[{"embeddable":true,"href":"https:\/\/dermamedk.es\/fr\/wp-json\/wp\/v2\/media\/927"}],"wp:attachment":[{"href":"https:\/\/dermamedk.es\/fr\/wp-json\/wp\/v2\/media?parent=926"}],"wp:term":[{"taxonomy":"product_brand","embeddable":true,"href":"https:\/\/dermamedk.es\/fr\/wp-json\/wp\/v2\/product_brand?post=926"},{"taxonomy":"product_cat","embeddable":true,"href":"https:\/\/dermamedk.es\/fr\/wp-json\/wp\/v2\/product_cat?post=926"},{"taxonomy":"product_tag","embeddable":true,"href":"https:\/\/dermamedk.es\/fr\/wp-json\/wp\/v2\/product_tag?post=926"}],"curies":[{"name":"wp","href":"https:\/\/api.w.org\/{rel}","templated":true}]}}