 {"id":893,"date":"2023-04-26T15:40:46","date_gmt":"2023-04-26T15:40:46","guid":{"rendered":"https:\/\/dermamedk.es\/?post_type=product&#038;p=893"},"modified":"2023-09-19T18:48:52","modified_gmt":"2023-09-19T16:48:52","slug":"crema-hidratante-facial","status":"publish","type":"product","link":"https:\/\/dermamedk.es\/fr\/tienda\/facial\/piel-normal-seca-y-sensible\/crema-hidratante-facial\/","title":{"rendered":"CR\u00c8ME HYDRATANTE POUR LE VISAGE"},"content":{"rendered":"<p>HYDRATATION ET NUTRITION<br \/>\nCr\u00e8me quotidienne hydratante et nourrissante pour les peaux normales, s\u00e8ches, d\u00e9vitalis\u00e9es ou m\u00eame sensibles.<br \/>\nSa teneur en huile sp\u00e9ciale et en collag\u00e8ne prot\u00e8ge la peau des agents ext\u00e9rieurs et du passage du temps, en lui apportant une douceur et un confort uniques qui durent 12 heures. Peut \u00eatre utilis\u00e9 comme base de maquillage.<\/p>\n<p><strong>Mode d'emploi :<\/strong> Appliquer matin et soir sur le visage, le cou et le d\u00e9collet\u00e9.<br \/>\nIngr\u00e9dients actifs : Aloe Vera, huile de germe de bl\u00e9 3%, huiles d'amande et d'avocat 3%, collag\u00e8ne naturel 3%, glyc\u00e9rol 2% et alpha-bisabolol 1%.<br \/>\nPr\u00e9sentation : 50 ml<\/p>\n<p>R\u00e9f : FCHF<\/p>","protected":false},"excerpt":{"rendered":"<p>HIDRATACI\u00d3N Y NUTRICI\u00d3N Crema de hidrataci\u00f3n y nutrici\u00f3n diaria de las pieles normales, secas, desvitalizadas o incluso de las m\u00e1s sensibles. Su aporte especio en aceites y Col\u00e1geno protege la piel de los agentes externos y del paso del tiempo, aportando una suavidad y confort \u00fanico que dura 12 horas. Se puede usar como base [&hellip;]<\/p>","protected":false},"featured_media":1108,"comment_status":"open","ping_status":"closed","template":"","meta":[],"product_brand":[],"product_cat":[18,24,28,43],"product_tag":[],"class_list":{"0":"post-893","1":"product","2":"type-product","3":"status-publish","4":"has-post-thumbnail","6":"product_cat-tienda","7":"product_cat-facial","8":"product_cat-piel-normal-seca-y-sensible","9":"product_cat-productos-cosmetologicos","11":"first","12":"instock","13":"taxable","14":"shipping-taxable","15":"purchasable","16":"product-type-simple"},"yoast_head":"<!-- This site is optimized with the Yoast SEO plugin v23.8 - https:\/\/yoast.com\/wordpress\/plugins\/seo\/ -->\n<title>CREMA HIDRATANTE FACIAL - Dermamedk<\/title>\n<meta name=\"description\" content=\"CREMA HIDRATANTE FACIAL nutrici\u00f3n diaria de las pieles normales, secas, desvitalizadas o incluso de las m\u00e1s sensibles. Puede usar como base de maquillaje.\" \/>\n<meta name=\"robots\" content=\"index, follow, max-snippet:-1, max-image-preview:large, max-video-preview:-1\" \/>\n<link rel=\"canonical\" href=\"https:\/\/dermamedk.es\/fr\/tienda\/facial\/piel-normal-seca-y-sensible\/crema-hidratante-facial\/\" \/>\n<meta property=\"og:locale\" content=\"fr_FR\" \/>\n<meta property=\"og:type\" content=\"article\" \/>\n<meta property=\"og:title\" content=\"CREMA HIDRATANTE FACIAL - Dermamedk\" \/>\n<meta property=\"og:description\" content=\"CREMA HIDRATANTE FACIAL nutrici\u00f3n diaria de las pieles normales, secas, desvitalizadas o incluso de las m\u00e1s sensibles. Puede usar como base de maquillaje.\" \/>\n<meta property=\"og:url\" content=\"https:\/\/dermamedk.es\/fr\/tienda\/facial\/piel-normal-seca-y-sensible\/crema-hidratante-facial\/\" \/>\n<meta property=\"og:site_name\" content=\"Dermamedk\" \/>\n<meta property=\"article:publisher\" content=\"https:\/\/www.facebook.com\/dermamedk\" \/>\n<meta property=\"article:modified_time\" content=\"2023-09-19T16:48:52+00:00\" \/>\n<meta property=\"og:image\" content=\"https:\/\/dermamedk.es\/wp-content\/uploads\/2023\/04\/CREMA-HIDRATANTE-FACIAL.jpeg\" \/>\n\t<meta property=\"og:image:width\" content=\"277\" \/>\n\t<meta property=\"og:image:height\" content=\"508\" \/>\n\t<meta property=\"og:image:type\" content=\"image\/jpeg\" \/>\n<meta name=\"twitter:card\" content=\"summary_large_image\" \/>\n<meta name=\"twitter:label1\" content=\"Dur\u00e9e de lecture estim\u00e9e\" \/>\n\t<meta name=\"twitter:data1\" content=\"1 minute\" \/>\n<script type=\"application\/ld+json\" class=\"yoast-schema-graph\">{\"@context\":\"https:\/\/schema.org\",\"@graph\":[{\"@type\":\"WebPage\",\"@id\":\"https:\/\/dermamedk.es\/tienda\/facial\/piel-normal-seca-y-sensible\/crema-hidratante-facial\/\",\"url\":\"https:\/\/dermamedk.es\/tienda\/facial\/piel-normal-seca-y-sensible\/crema-hidratante-facial\/\",\"name\":\"CREMA HIDRATANTE FACIAL - Dermamedk\",\"isPartOf\":{\"@id\":\"https:\/\/dermamedk.es\/#website\"},\"primaryImageOfPage\":{\"@id\":\"https:\/\/dermamedk.es\/tienda\/facial\/piel-normal-seca-y-sensible\/crema-hidratante-facial\/#primaryimage\"},\"image\":{\"@id\":\"https:\/\/dermamedk.es\/tienda\/facial\/piel-normal-seca-y-sensible\/crema-hidratante-facial\/#primaryimage\"},\"thumbnailUrl\":\"https:\/\/dermamedk.es\/wp-content\/uploads\/2023\/04\/CREMA-HIDRATANTE-FACIAL.jpeg\",\"datePublished\":\"2023-04-26T15:40:46+00:00\",\"dateModified\":\"2023-09-19T16:48:52+00:00\",\"description\":\"CREMA HIDRATANTE FACIAL nutrici\u00f3n diaria de las pieles normales, secas, desvitalizadas o incluso de las m\u00e1s sensibles. Puede usar como base de maquillaje.\",\"breadcrumb\":{\"@id\":\"https:\/\/dermamedk.es\/tienda\/facial\/piel-normal-seca-y-sensible\/crema-hidratante-facial\/#breadcrumb\"},\"inLanguage\":\"fr-FR\",\"potentialAction\":[{\"@type\":\"ReadAction\",\"target\":[\"https:\/\/dermamedk.es\/tienda\/facial\/piel-normal-seca-y-sensible\/crema-hidratante-facial\/\"]}]},{\"@type\":\"ImageObject\",\"inLanguage\":\"fr-FR\",\"@id\":\"https:\/\/dermamedk.es\/tienda\/facial\/piel-normal-seca-y-sensible\/crema-hidratante-facial\/#primaryimage\",\"url\":\"https:\/\/dermamedk.es\/wp-content\/uploads\/2023\/04\/CREMA-HIDRATANTE-FACIAL.jpeg\",\"contentUrl\":\"https:\/\/dermamedk.es\/wp-content\/uploads\/2023\/04\/CREMA-HIDRATANTE-FACIAL.jpeg\",\"width\":277,\"height\":508,\"caption\":\"CREMA HIDRATANTE FACIAL\"},{\"@type\":\"BreadcrumbList\",\"@id\":\"https:\/\/dermamedk.es\/tienda\/facial\/piel-normal-seca-y-sensible\/crema-hidratante-facial\/#breadcrumb\",\"itemListElement\":[{\"@type\":\"ListItem\",\"position\":1,\"name\":\"Home\",\"item\":\"https:\/\/dermamedk.es\/\"},{\"@type\":\"ListItem\",\"position\":2,\"name\":\"Tienda\",\"item\":\"https:\/\/dermamedk.es\/tienda-dermamedk\/\"},{\"@type\":\"ListItem\",\"position\":3,\"name\":\"CREMA HIDRATANTE FACIAL\"}]},{\"@type\":\"WebSite\",\"@id\":\"https:\/\/dermamedk.es\/#website\",\"url\":\"https:\/\/dermamedk.es\/\",\"name\":\"DermamedK | La elecci\u00f3n perfecta para tu cuidado de la piel\",\"description\":\"Lo mejor para el cuidado de tu piel\",\"publisher\":{\"@id\":\"https:\/\/dermamedk.es\/#organization\"},\"potentialAction\":[{\"@type\":\"SearchAction\",\"target\":{\"@type\":\"EntryPoint\",\"urlTemplate\":\"https:\/\/dermamedk.es\/?s={search_term_string}\"},\"query-input\":{\"@type\":\"PropertyValueSpecification\",\"valueRequired\":true,\"valueName\":\"search_term_string\"}}],\"inLanguage\":\"fr-FR\"},{\"@type\":\"Organization\",\"@id\":\"https:\/\/dermamedk.es\/#organization\",\"name\":\"DermamedK | La elecci\u00f3n perfecta para tu cuidado de la piel\",\"url\":\"https:\/\/dermamedk.es\/\",\"logo\":{\"@type\":\"ImageObject\",\"inLanguage\":\"fr-FR\",\"@id\":\"https:\/\/dermamedk.es\/#\/schema\/logo\/image\/\",\"url\":\"https:\/\/dermamedk.es\/wp-content\/uploads\/2023\/04\/logo-150.webp\",\"contentUrl\":\"https:\/\/dermamedk.es\/wp-content\/uploads\/2023\/04\/logo-150.webp\",\"width\":180,\"height\":212,\"caption\":\"DermamedK | La elecci\u00f3n perfecta para tu cuidado de la piel\"},\"image\":{\"@id\":\"https:\/\/dermamedk.es\/#\/schema\/logo\/image\/\"},\"sameAs\":[\"https:\/\/www.facebook.com\/dermamedk\",\"https:\/\/www.instagram.com\/dermamedk\/\"]}]}<\/script>\n<!-- \/ Yoast SEO plugin. -->","yoast_head_json":{"title":"CREMA HIDRATANTE FACIAL - Dermamedk","description":"CREMA HIDRATANTE FACIAL nutrici\u00f3n diaria de las pieles normales, secas, desvitalizadas o incluso de las m\u00e1s sensibles. Puede usar como base de maquillaje.","robots":{"index":"index","follow":"follow","max-snippet":"max-snippet:-1","max-image-preview":"max-image-preview:large","max-video-preview":"max-video-preview:-1"},"canonical":"https:\/\/dermamedk.es\/fr\/tienda\/facial\/piel-normal-seca-y-sensible\/crema-hidratante-facial\/","og_locale":"fr_FR","og_type":"article","og_title":"CREMA HIDRATANTE FACIAL - Dermamedk","og_description":"CREMA HIDRATANTE FACIAL nutrici\u00f3n diaria de las pieles normales, secas, desvitalizadas o incluso de las m\u00e1s sensibles. Puede usar como base de maquillaje.","og_url":"https:\/\/dermamedk.es\/fr\/tienda\/facial\/piel-normal-seca-y-sensible\/crema-hidratante-facial\/","og_site_name":"Dermamedk","article_publisher":"https:\/\/www.facebook.com\/dermamedk","article_modified_time":"2023-09-19T16:48:52+00:00","og_image":[{"width":277,"height":508,"url":"https:\/\/dermamedk.es\/wp-content\/uploads\/2023\/04\/CREMA-HIDRATANTE-FACIAL.jpeg","type":"image\/jpeg"}],"twitter_card":"summary_large_image","twitter_misc":{"Dur\u00e9e de lecture estim\u00e9e":"1 minute"},"schema":{"@context":"https:\/\/schema.org","@graph":[{"@type":"WebPage","@id":"https:\/\/dermamedk.es\/tienda\/facial\/piel-normal-seca-y-sensible\/crema-hidratante-facial\/","url":"https:\/\/dermamedk.es\/tienda\/facial\/piel-normal-seca-y-sensible\/crema-hidratante-facial\/","name":"CREMA HIDRATANTE FACIAL - Dermamedk","isPartOf":{"@id":"https:\/\/dermamedk.es\/#website"},"primaryImageOfPage":{"@id":"https:\/\/dermamedk.es\/tienda\/facial\/piel-normal-seca-y-sensible\/crema-hidratante-facial\/#primaryimage"},"image":{"@id":"https:\/\/dermamedk.es\/tienda\/facial\/piel-normal-seca-y-sensible\/crema-hidratante-facial\/#primaryimage"},"thumbnailUrl":"https:\/\/dermamedk.es\/wp-content\/uploads\/2023\/04\/CREMA-HIDRATANTE-FACIAL.jpeg","datePublished":"2023-04-26T15:40:46+00:00","dateModified":"2023-09-19T16:48:52+00:00","description":"CREMA HIDRATANTE FACIAL nutrici\u00f3n diaria de las pieles normales, secas, desvitalizadas o incluso de las m\u00e1s sensibles. Puede usar como base de maquillaje.","breadcrumb":{"@id":"https:\/\/dermamedk.es\/tienda\/facial\/piel-normal-seca-y-sensible\/crema-hidratante-facial\/#breadcrumb"},"inLanguage":"fr-FR","potentialAction":[{"@type":"ReadAction","target":["https:\/\/dermamedk.es\/tienda\/facial\/piel-normal-seca-y-sensible\/crema-hidratante-facial\/"]}]},{"@type":"ImageObject","inLanguage":"fr-FR","@id":"https:\/\/dermamedk.es\/tienda\/facial\/piel-normal-seca-y-sensible\/crema-hidratante-facial\/#primaryimage","url":"https:\/\/dermamedk.es\/wp-content\/uploads\/2023\/04\/CREMA-HIDRATANTE-FACIAL.jpeg","contentUrl":"https:\/\/dermamedk.es\/wp-content\/uploads\/2023\/04\/CREMA-HIDRATANTE-FACIAL.jpeg","width":277,"height":508,"caption":"CREMA HIDRATANTE FACIAL"},{"@type":"BreadcrumbList","@id":"https:\/\/dermamedk.es\/tienda\/facial\/piel-normal-seca-y-sensible\/crema-hidratante-facial\/#breadcrumb","itemListElement":[{"@type":"ListItem","position":1,"name":"Home","item":"https:\/\/dermamedk.es\/"},{"@type":"ListItem","position":2,"name":"Tienda","item":"https:\/\/dermamedk.es\/tienda-dermamedk\/"},{"@type":"ListItem","position":3,"name":"CREMA HIDRATANTE FACIAL"}]},{"@type":"WebSite","@id":"https:\/\/dermamedk.es\/#website","url":"https:\/\/dermamedk.es\/","name":"DermamedK | La elecci\u00f3n perfecta para tu cuidado de la piel","description":"Lo mejor para el cuidado de tu piel","publisher":{"@id":"https:\/\/dermamedk.es\/#organization"},"potentialAction":[{"@type":"SearchAction","target":{"@type":"EntryPoint","urlTemplate":"https:\/\/dermamedk.es\/?s={search_term_string}"},"query-input":{"@type":"PropertyValueSpecification","valueRequired":true,"valueName":"search_term_string"}}],"inLanguage":"fr-FR"},{"@type":"Organization","@id":"https:\/\/dermamedk.es\/#organization","name":"DermamedK | La elecci\u00f3n perfecta para tu cuidado de la piel","url":"https:\/\/dermamedk.es\/","logo":{"@type":"ImageObject","inLanguage":"fr-FR","@id":"https:\/\/dermamedk.es\/#\/schema\/logo\/image\/","url":"https:\/\/dermamedk.es\/wp-content\/uploads\/2023\/04\/logo-150.webp","contentUrl":"https:\/\/dermamedk.es\/wp-content\/uploads\/2023\/04\/logo-150.webp","width":180,"height":212,"caption":"DermamedK | La elecci\u00f3n perfecta para tu cuidado de la piel"},"image":{"@id":"https:\/\/dermamedk.es\/#\/schema\/logo\/image\/"},"sameAs":["https:\/\/www.facebook.com\/dermamedk","https:\/\/www.instagram.com\/dermamedk\/"]}]}},"_links":{"self":[{"href":"https:\/\/dermamedk.es\/fr\/wp-json\/wp\/v2\/product\/893","targetHints":{"allow":["GET"]}}],"collection":[{"href":"https:\/\/dermamedk.es\/fr\/wp-json\/wp\/v2\/product"}],"about":[{"href":"https:\/\/dermamedk.es\/fr\/wp-json\/wp\/v2\/types\/product"}],"replies":[{"embeddable":true,"href":"https:\/\/dermamedk.es\/fr\/wp-json\/wp\/v2\/comments?post=893"}],"version-history":[{"count":5,"href":"https:\/\/dermamedk.es\/fr\/wp-json\/wp\/v2\/product\/893\/revisions"}],"predecessor-version":[{"id":1424,"href":"https:\/\/dermamedk.es\/fr\/wp-json\/wp\/v2\/product\/893\/revisions\/1424"}],"wp:featuredmedia":[{"embeddable":true,"href":"https:\/\/dermamedk.es\/fr\/wp-json\/wp\/v2\/media\/1108"}],"wp:attachment":[{"href":"https:\/\/dermamedk.es\/fr\/wp-json\/wp\/v2\/media?parent=893"}],"wp:term":[{"taxonomy":"product_brand","embeddable":true,"href":"https:\/\/dermamedk.es\/fr\/wp-json\/wp\/v2\/product_brand?post=893"},{"taxonomy":"product_cat","embeddable":true,"href":"https:\/\/dermamedk.es\/fr\/wp-json\/wp\/v2\/product_cat?post=893"},{"taxonomy":"product_tag","embeddable":true,"href":"https:\/\/dermamedk.es\/fr\/wp-json\/wp\/v2\/product_tag?post=893"}],"curies":[{"name":"wp","href":"https:\/\/api.w.org\/{rel}","templated":true}]}}