 {"id":2367,"date":"2024-12-01T17:20:44","date_gmt":"2024-12-01T16:20:44","guid":{"rendered":"https:\/\/dermamedk.es\/?post_type=product&#038;p=2367"},"modified":"2024-12-01T18:29:03","modified_gmt":"2024-12-01T17:29:03","slug":"nanopen-tecnica-suave-y-no-invasiva-para-el-cuidado-facial","status":"publish","type":"product","link":"https:\/\/dermamedk.es\/fr\/tienda\/cursos\/nanopen-tecnica-suave-y-no-invasiva-para-el-cuidado-facial\/","title":{"rendered":"Nanopen - Technique douce et non invasive pour les soins du visage"},"content":{"rendered":"<p>Le <strong>Cours Nanopen<\/strong> de <strong>Acad\u00e9mie Dermamedk<\/strong> vous apprend \u00e0 ma\u00eetriser une technique innovante et non invasive pour les soins du visage. Gr\u00e2ce \u00e0 la nanopuncture, \u00e0 l'aide d'un stylo muni de cartouches \u00e0 embouts en silicone, vous pourrez offrir \u00e0 vos clients des r\u00e9sultats efficaces en toute s\u00e9curit\u00e9 et en douceur.<\/p>\n<p><strong>Qu'allez-vous apprendre ?<\/strong><\/p>\n<ul>\n<li><strong>Technique de nanopuncture :<\/strong> Comment appliquer un traitement superficiel qui respecte la peau tout en exfoliant et en stimulant le renouvellement cellulaire.<\/li>\n<li><strong>Avantages du Nanopen :<\/strong> Am\u00e9liore le teint, la texture, la pigmentation et r\u00e9duit la taille des pores et les ridules.<\/li>\n<li><strong>Protocoles personnalis\u00e9s :<\/strong> Adapter la technique aux besoins sp\u00e9cifiques de chaque type de peau.<\/li>\n<\/ul>\n<p><strong>Il comprend<\/strong><\/p>\n<ul>\n<li>Formation th\u00e9orique et pratique.<\/li>\n<li>M\u00e9thodes permettant de combiner le traitement avec d'autres proc\u00e9dures esth\u00e9tiques.<\/li>\n<\/ul>\n<p><strong>R\u00e9sultats attendus :<\/strong><\/p>\n<ul>\n<li>Une peau plus lumineuse, uniforme et revitalis\u00e9e.<\/li>\n<li>R\u00e9duction visible des imperfections de la peau.<\/li>\n<li>Traitement id\u00e9al pour les personnes souffrant de sensibilit\u00e9s cutan\u00e9es.<\/li>\n<\/ul>\n<hr \/>\n<h4><strong>Avantages du cours :<\/strong><\/h4>\n<ol>\n<li>Apprenez une technique innovante, moins invasive et plus s\u00fbre.<\/li>\n<li>Sp\u00e9cialis\u00e9 dans les traitements avanc\u00e9s d'exfoliation et de renouvellement cellulaire.<\/li>\n<li>Elle propose des solutions personnalis\u00e9es et efficaces pour les soins du visage.<\/li>\n<\/ol>\n<hr \/>\n<p><strong>Devenez un expert Nanopen !<\/strong><br \/>\nR\u00e9servez votre place et d\u00e9marquez-vous dans le monde de l'esth\u00e9tique avanc\u00e9e avec cette technique innovante.<br \/>\n<strong>Contactez-nous pour plus d'informations :<\/strong><\/p>\n<ul>\n<li><strong>WhatsApp :<\/strong> <a href=\"https:\/\/api.whatsapp.com\/send?phone=+34612529895&amp;text=Hola,%20estaba%20accediendo%20a%20su%20p%C3%A1gina,%20me%20gustar%C3%ADa%20m%C3%A1s%20informaciones%20acerca%20del%20curso:%20NANOPEN\">+34 612 529 895<\/a><\/li>\n<li><strong>Instagram :<\/strong> <a href=\"https:\/\/instagram.com\/dermamedkinter\" target=\"_new\" rel=\"noopener\">@dermamedkinter<\/a><\/li>\n<\/ul>","protected":false},"excerpt":{"rendered":"<p>El Curso de Nanopen de Dermamedk Academy te ense\u00f1a a dominar una t\u00e9cnica innovadora y no invasiva para el cuidado facial. Mediante la nanopunci\u00f3n, utilizando un bol\u00edgrafo con cartuchos de punta de silicona, podr\u00e1s ofrecer a tus clientes resultados efectivos de forma segura y suave. \u00bfQu\u00e9 aprender\u00e1s? T\u00e9cnica de nanopunci\u00f3n: C\u00f3mo aplicar un tratamiento superficial [&hellip;]<\/p>","protected":false},"featured_media":2394,"comment_status":"open","ping_status":"closed","template":"","meta":[],"product_brand":[],"product_cat":[61],"product_tag":[],"class_list":{"0":"post-2367","1":"product","2":"type-product","3":"status-publish","4":"has-post-thumbnail","6":"product_cat-cursos","8":"first","9":"instock","10":"taxable","11":"shipping-taxable","12":"product-type-simple"},"yoast_head":"<!-- This site is optimized with the Yoast SEO plugin v23.8 - https:\/\/yoast.com\/wordpress\/plugins\/seo\/ -->\n<title>Nanopen - T\u00e9cnica Suave y No Invasiva para el Cuidado Facial - Dermamedk<\/title>\n<meta name=\"robots\" content=\"index, follow, max-snippet:-1, max-image-preview:large, max-video-preview:-1\" \/>\n<link rel=\"canonical\" href=\"https:\/\/dermamedk.es\/fr\/tienda\/cursos\/nanopen-tecnica-suave-y-no-invasiva-para-el-cuidado-facial\/\" \/>\n<meta property=\"og:locale\" content=\"fr_FR\" \/>\n<meta property=\"og:type\" content=\"article\" \/>\n<meta property=\"og:title\" content=\"Nanopen - T\u00e9cnica Suave y No Invasiva para el Cuidado Facial - Dermamedk\" \/>\n<meta property=\"og:description\" content=\"El Curso de Nanopen de Dermamedk Academy te ense\u00f1a a dominar una t\u00e9cnica innovadora y no invasiva para el cuidado facial. Mediante la nanopunci\u00f3n, utilizando un bol\u00edgrafo con cartuchos de punta de silicona, podr\u00e1s ofrecer a tus clientes resultados efectivos de forma segura y suave. \u00bfQu\u00e9 aprender\u00e1s? T\u00e9cnica de nanopunci\u00f3n: C\u00f3mo aplicar un tratamiento superficial [&hellip;]\" \/>\n<meta property=\"og:url\" content=\"https:\/\/dermamedk.es\/fr\/tienda\/cursos\/nanopen-tecnica-suave-y-no-invasiva-para-el-cuidado-facial\/\" \/>\n<meta property=\"og:site_name\" content=\"Dermamedk\" \/>\n<meta property=\"article:publisher\" content=\"https:\/\/www.facebook.com\/dermamedk\" \/>\n<meta property=\"article:modified_time\" content=\"2024-12-01T17:29:03+00:00\" \/>\n<meta property=\"og:image\" content=\"https:\/\/dermamedk.es\/wp-content\/uploads\/2024\/12\/curso-NANO-pen.jpg\" \/>\n\t<meta property=\"og:image:width\" content=\"431\" \/>\n\t<meta property=\"og:image:height\" content=\"431\" \/>\n\t<meta property=\"og:image:type\" content=\"image\/jpeg\" \/>\n<meta name=\"twitter:card\" content=\"summary_large_image\" \/>\n<meta name=\"twitter:label1\" content=\"Dur\u00e9e de lecture estim\u00e9e\" \/>\n\t<meta name=\"twitter:data1\" content=\"2 minutes\" \/>\n<script type=\"application\/ld+json\" class=\"yoast-schema-graph\">{\"@context\":\"https:\/\/schema.org\",\"@graph\":[{\"@type\":\"WebPage\",\"@id\":\"https:\/\/dermamedk.es\/tienda\/cursos\/nanopen-tecnica-suave-y-no-invasiva-para-el-cuidado-facial\/\",\"url\":\"https:\/\/dermamedk.es\/tienda\/cursos\/nanopen-tecnica-suave-y-no-invasiva-para-el-cuidado-facial\/\",\"name\":\"Nanopen - T\u00e9cnica Suave y No Invasiva para el Cuidado Facial - Dermamedk\",\"isPartOf\":{\"@id\":\"https:\/\/dermamedk.es\/#website\"},\"primaryImageOfPage\":{\"@id\":\"https:\/\/dermamedk.es\/tienda\/cursos\/nanopen-tecnica-suave-y-no-invasiva-para-el-cuidado-facial\/#primaryimage\"},\"image\":{\"@id\":\"https:\/\/dermamedk.es\/tienda\/cursos\/nanopen-tecnica-suave-y-no-invasiva-para-el-cuidado-facial\/#primaryimage\"},\"thumbnailUrl\":\"https:\/\/dermamedk.es\/wp-content\/uploads\/2024\/12\/curso-NANO-pen.jpg\",\"datePublished\":\"2024-12-01T16:20:44+00:00\",\"dateModified\":\"2024-12-01T17:29:03+00:00\",\"breadcrumb\":{\"@id\":\"https:\/\/dermamedk.es\/tienda\/cursos\/nanopen-tecnica-suave-y-no-invasiva-para-el-cuidado-facial\/#breadcrumb\"},\"inLanguage\":\"fr-FR\",\"potentialAction\":[{\"@type\":\"ReadAction\",\"target\":[\"https:\/\/dermamedk.es\/tienda\/cursos\/nanopen-tecnica-suave-y-no-invasiva-para-el-cuidado-facial\/\"]}]},{\"@type\":\"ImageObject\",\"inLanguage\":\"fr-FR\",\"@id\":\"https:\/\/dermamedk.es\/tienda\/cursos\/nanopen-tecnica-suave-y-no-invasiva-para-el-cuidado-facial\/#primaryimage\",\"url\":\"https:\/\/dermamedk.es\/wp-content\/uploads\/2024\/12\/curso-NANO-pen.jpg\",\"contentUrl\":\"https:\/\/dermamedk.es\/wp-content\/uploads\/2024\/12\/curso-NANO-pen.jpg\",\"width\":431,\"height\":431},{\"@type\":\"BreadcrumbList\",\"@id\":\"https:\/\/dermamedk.es\/tienda\/cursos\/nanopen-tecnica-suave-y-no-invasiva-para-el-cuidado-facial\/#breadcrumb\",\"itemListElement\":[{\"@type\":\"ListItem\",\"position\":1,\"name\":\"Home\",\"item\":\"https:\/\/dermamedk.es\/\"},{\"@type\":\"ListItem\",\"position\":2,\"name\":\"Tienda\",\"item\":\"https:\/\/dermamedk.es\/tienda-dermamedk\/\"},{\"@type\":\"ListItem\",\"position\":3,\"name\":\"Nanopen &#8211; T\u00e9cnica Suave y No Invasiva para el Cuidado Facial\"}]},{\"@type\":\"WebSite\",\"@id\":\"https:\/\/dermamedk.es\/#website\",\"url\":\"https:\/\/dermamedk.es\/\",\"name\":\"DermamedK | La elecci\u00f3n perfecta para tu cuidado de la piel\",\"description\":\"Lo mejor para el cuidado de tu piel\",\"publisher\":{\"@id\":\"https:\/\/dermamedk.es\/#organization\"},\"potentialAction\":[{\"@type\":\"SearchAction\",\"target\":{\"@type\":\"EntryPoint\",\"urlTemplate\":\"https:\/\/dermamedk.es\/?s={search_term_string}\"},\"query-input\":{\"@type\":\"PropertyValueSpecification\",\"valueRequired\":true,\"valueName\":\"search_term_string\"}}],\"inLanguage\":\"fr-FR\"},{\"@type\":\"Organization\",\"@id\":\"https:\/\/dermamedk.es\/#organization\",\"name\":\"DermamedK | La elecci\u00f3n perfecta para tu cuidado de la piel\",\"url\":\"https:\/\/dermamedk.es\/\",\"logo\":{\"@type\":\"ImageObject\",\"inLanguage\":\"fr-FR\",\"@id\":\"https:\/\/dermamedk.es\/#\/schema\/logo\/image\/\",\"url\":\"https:\/\/dermamedk.es\/wp-content\/uploads\/2023\/04\/logo-150.webp\",\"contentUrl\":\"https:\/\/dermamedk.es\/wp-content\/uploads\/2023\/04\/logo-150.webp\",\"width\":180,\"height\":212,\"caption\":\"DermamedK | La elecci\u00f3n perfecta para tu cuidado de la piel\"},\"image\":{\"@id\":\"https:\/\/dermamedk.es\/#\/schema\/logo\/image\/\"},\"sameAs\":[\"https:\/\/www.facebook.com\/dermamedk\",\"https:\/\/www.instagram.com\/dermamedk\/\"]}]}<\/script>\n<!-- \/ Yoast SEO plugin. -->","yoast_head_json":{"title":"Nanopen - T\u00e9cnica Suave y No Invasiva para el Cuidado Facial - Dermamedk","robots":{"index":"index","follow":"follow","max-snippet":"max-snippet:-1","max-image-preview":"max-image-preview:large","max-video-preview":"max-video-preview:-1"},"canonical":"https:\/\/dermamedk.es\/fr\/tienda\/cursos\/nanopen-tecnica-suave-y-no-invasiva-para-el-cuidado-facial\/","og_locale":"fr_FR","og_type":"article","og_title":"Nanopen - T\u00e9cnica Suave y No Invasiva para el Cuidado Facial - Dermamedk","og_description":"El Curso de Nanopen de Dermamedk Academy te ense\u00f1a a dominar una t\u00e9cnica innovadora y no invasiva para el cuidado facial. Mediante la nanopunci\u00f3n, utilizando un bol\u00edgrafo con cartuchos de punta de silicona, podr\u00e1s ofrecer a tus clientes resultados efectivos de forma segura y suave. \u00bfQu\u00e9 aprender\u00e1s? T\u00e9cnica de nanopunci\u00f3n: C\u00f3mo aplicar un tratamiento superficial [&hellip;]","og_url":"https:\/\/dermamedk.es\/fr\/tienda\/cursos\/nanopen-tecnica-suave-y-no-invasiva-para-el-cuidado-facial\/","og_site_name":"Dermamedk","article_publisher":"https:\/\/www.facebook.com\/dermamedk","article_modified_time":"2024-12-01T17:29:03+00:00","og_image":[{"width":431,"height":431,"url":"https:\/\/dermamedk.es\/wp-content\/uploads\/2024\/12\/curso-NANO-pen.jpg","type":"image\/jpeg"}],"twitter_card":"summary_large_image","twitter_misc":{"Dur\u00e9e de lecture estim\u00e9e":"2 minutes"},"schema":{"@context":"https:\/\/schema.org","@graph":[{"@type":"WebPage","@id":"https:\/\/dermamedk.es\/tienda\/cursos\/nanopen-tecnica-suave-y-no-invasiva-para-el-cuidado-facial\/","url":"https:\/\/dermamedk.es\/tienda\/cursos\/nanopen-tecnica-suave-y-no-invasiva-para-el-cuidado-facial\/","name":"Nanopen - T\u00e9cnica Suave y No Invasiva para el Cuidado Facial - Dermamedk","isPartOf":{"@id":"https:\/\/dermamedk.es\/#website"},"primaryImageOfPage":{"@id":"https:\/\/dermamedk.es\/tienda\/cursos\/nanopen-tecnica-suave-y-no-invasiva-para-el-cuidado-facial\/#primaryimage"},"image":{"@id":"https:\/\/dermamedk.es\/tienda\/cursos\/nanopen-tecnica-suave-y-no-invasiva-para-el-cuidado-facial\/#primaryimage"},"thumbnailUrl":"https:\/\/dermamedk.es\/wp-content\/uploads\/2024\/12\/curso-NANO-pen.jpg","datePublished":"2024-12-01T16:20:44+00:00","dateModified":"2024-12-01T17:29:03+00:00","breadcrumb":{"@id":"https:\/\/dermamedk.es\/tienda\/cursos\/nanopen-tecnica-suave-y-no-invasiva-para-el-cuidado-facial\/#breadcrumb"},"inLanguage":"fr-FR","potentialAction":[{"@type":"ReadAction","target":["https:\/\/dermamedk.es\/tienda\/cursos\/nanopen-tecnica-suave-y-no-invasiva-para-el-cuidado-facial\/"]}]},{"@type":"ImageObject","inLanguage":"fr-FR","@id":"https:\/\/dermamedk.es\/tienda\/cursos\/nanopen-tecnica-suave-y-no-invasiva-para-el-cuidado-facial\/#primaryimage","url":"https:\/\/dermamedk.es\/wp-content\/uploads\/2024\/12\/curso-NANO-pen.jpg","contentUrl":"https:\/\/dermamedk.es\/wp-content\/uploads\/2024\/12\/curso-NANO-pen.jpg","width":431,"height":431},{"@type":"BreadcrumbList","@id":"https:\/\/dermamedk.es\/tienda\/cursos\/nanopen-tecnica-suave-y-no-invasiva-para-el-cuidado-facial\/#breadcrumb","itemListElement":[{"@type":"ListItem","position":1,"name":"Home","item":"https:\/\/dermamedk.es\/"},{"@type":"ListItem","position":2,"name":"Tienda","item":"https:\/\/dermamedk.es\/tienda-dermamedk\/"},{"@type":"ListItem","position":3,"name":"Nanopen &#8211; T\u00e9cnica Suave y No Invasiva para el Cuidado Facial"}]},{"@type":"WebSite","@id":"https:\/\/dermamedk.es\/#website","url":"https:\/\/dermamedk.es\/","name":"DermamedK | La elecci\u00f3n perfecta para tu cuidado de la piel","description":"Lo mejor para el cuidado de tu piel","publisher":{"@id":"https:\/\/dermamedk.es\/#organization"},"potentialAction":[{"@type":"SearchAction","target":{"@type":"EntryPoint","urlTemplate":"https:\/\/dermamedk.es\/?s={search_term_string}"},"query-input":{"@type":"PropertyValueSpecification","valueRequired":true,"valueName":"search_term_string"}}],"inLanguage":"fr-FR"},{"@type":"Organization","@id":"https:\/\/dermamedk.es\/#organization","name":"DermamedK | La elecci\u00f3n perfecta para tu cuidado de la piel","url":"https:\/\/dermamedk.es\/","logo":{"@type":"ImageObject","inLanguage":"fr-FR","@id":"https:\/\/dermamedk.es\/#\/schema\/logo\/image\/","url":"https:\/\/dermamedk.es\/wp-content\/uploads\/2023\/04\/logo-150.webp","contentUrl":"https:\/\/dermamedk.es\/wp-content\/uploads\/2023\/04\/logo-150.webp","width":180,"height":212,"caption":"DermamedK | La elecci\u00f3n perfecta para tu cuidado de la piel"},"image":{"@id":"https:\/\/dermamedk.es\/#\/schema\/logo\/image\/"},"sameAs":["https:\/\/www.facebook.com\/dermamedk","https:\/\/www.instagram.com\/dermamedk\/"]}]}},"_links":{"self":[{"href":"https:\/\/dermamedk.es\/fr\/wp-json\/wp\/v2\/product\/2367","targetHints":{"allow":["GET"]}}],"collection":[{"href":"https:\/\/dermamedk.es\/fr\/wp-json\/wp\/v2\/product"}],"about":[{"href":"https:\/\/dermamedk.es\/fr\/wp-json\/wp\/v2\/types\/product"}],"replies":[{"embeddable":true,"href":"https:\/\/dermamedk.es\/fr\/wp-json\/wp\/v2\/comments?post=2367"}],"version-history":[{"count":2,"href":"https:\/\/dermamedk.es\/fr\/wp-json\/wp\/v2\/product\/2367\/revisions"}],"predecessor-version":[{"id":2393,"href":"https:\/\/dermamedk.es\/fr\/wp-json\/wp\/v2\/product\/2367\/revisions\/2393"}],"wp:featuredmedia":[{"embeddable":true,"href":"https:\/\/dermamedk.es\/fr\/wp-json\/wp\/v2\/media\/2394"}],"wp:attachment":[{"href":"https:\/\/dermamedk.es\/fr\/wp-json\/wp\/v2\/media?parent=2367"}],"wp:term":[{"taxonomy":"product_brand","embeddable":true,"href":"https:\/\/dermamedk.es\/fr\/wp-json\/wp\/v2\/product_brand?post=2367"},{"taxonomy":"product_cat","embeddable":true,"href":"https:\/\/dermamedk.es\/fr\/wp-json\/wp\/v2\/product_cat?post=2367"},{"taxonomy":"product_tag","embeddable":true,"href":"https:\/\/dermamedk.es\/fr\/wp-json\/wp\/v2\/product_tag?post=2367"}],"curies":[{"name":"wp","href":"https:\/\/api.w.org\/{rel}","templated":true}]}}