 {"id":2354,"date":"2024-12-01T17:08:16","date_gmt":"2024-12-01T16:08:16","guid":{"rendered":"https:\/\/dermamedk.es\/?post_type=product&#038;p=2354"},"modified":"2025-02-09T04:39:23","modified_gmt":"2025-02-09T03:39:23","slug":"harmonizacion-facial-domina-la-planificacion-y-tecnicas-avanzadas","status":"publish","type":"product","link":"https:\/\/dermamedk.es\/fr\/tienda\/cursos\/harmonizacion-facial-domina-la-planificacion-y-tecnicas-avanzadas\/","title":{"rendered":"Harmonisation faciale - Plan directeur et techniques avanc\u00e9es"},"content":{"rendered":"<p>Le <strong>Cours d'harmonisation faciale<\/strong> de <strong>Acad\u00e9mie Dermamedk<\/strong> est con\u00e7u pour les professionnels qui cherchent \u00e0 perfectionner leurs comp\u00e9tences en mati\u00e8re de planification et d'ex\u00e9cution de traitements faciaux avanc\u00e9s. Apprenez \u00e0 analyser des profils, \u00e0 s\u00e9lectionner des cas et \u00e0 appliquer des techniques qui combinent la science, la sym\u00e9trie et l'esth\u00e9tique pour des r\u00e9sultats naturels et harmonieux.<\/p>\n<p><strong>Qu'allez-vous apprendre ?<\/strong><\/p>\n<ul>\n<li><strong>Planification personnalis\u00e9e du visage :<\/strong> Harmonie, proportion et sym\u00e9trie appliqu\u00e9es au diagnostic et \u00e0 la conception des profils.<\/li>\n<li><strong>Photographie et analyse c\u00e9phalom\u00e9trique :<\/strong> Des outils pour une \u00e9valuation pr\u00e9cise et une planification du traitement.<\/li>\n<li><strong>Techniques avanc\u00e9es :<\/strong> Utilisation de fils liquides, de plasma DERPLASMA et de facteurs de croissance pour des r\u00e9sultats efficaces.<\/li>\n<\/ul>\n<p><strong>Il comprend<\/strong><\/p>\n<ul>\n<li><strong>Dur\u00e9e de l'enqu\u00eate :<\/strong> 8 heures (2 heures de th\u00e9orie et 6 heures de pratique avec 3 \u00e0 4 mod\u00e8les r\u00e9els).<\/li>\n<li><strong>Kit de produits professionnels :<\/strong>\n<ul>\n<li>1 flacon de FORCELIFT<\/li>\n<li>1 flacon de PLASMADERM<\/li>\n<li>1 flacon de FACTEUR DE CROISSANCE<\/li>\n<li>1 flacon de BOTXLIKE<\/li>\n<li>1 flacon de LIPOCELL<\/li>\n<\/ul>\n<\/li>\n<\/ul>\n<p><strong>Pratiques remarquables :<\/strong><\/p>\n<ul>\n<li>D\u00e9tente musculaire et embellissement harmonieux avec BOTXLIKE.<\/li>\n<li>Marquage des angles mandibulaires et traitement des bajoues avec les agents lipolytiques LIPOCELL.<\/li>\n<li>Protocoles complets pour les sessions professionnelles.<\/li>\n<\/ul>\n<hr \/>\n<h4><strong>Avantages du cours :<\/strong><\/h4>\n<ol>\n<li>Formation compl\u00e8te avec th\u00e9orie et pratique intensives.<\/li>\n<li>Kit complet de produits de haute qualit\u00e9 inclus.<\/li>\n<li>Certification en techniques innovantes d'harmonisation faciale.<\/li>\n<\/ol>\n<hr \/>\n<p><strong>Inscrivez-vous d\u00e8s aujourd'hui et passez \u00e0 la vitesse sup\u00e9rieure !<\/strong><br \/>\nR\u00e9servez votre place et sp\u00e9cialisez-vous dans les techniques avanc\u00e9es d'harmonisation faciale.<br \/>\n<strong>Contactez-nous pour plus d'informations :<\/strong><\/p>\n<ul>\n<li><strong>WhatsApp :<\/strong> <a href=\"https:\/\/api.whatsapp.com\/send?phone=+34612529895&amp;text=Hola,%20estaba%20accediendo%20a%20su%20p%C3%A1gina,%20me%20gustar%C3%ADa%20m%C3%A1s%20informaciones%20acerca%20del%20curso:HARMONIZACI%C3%93N%20FACIAL\">+34 612 529 895<\/a><\/li>\n<li><strong>Instagram :<\/strong> <a href=\"https:\/\/instagram.com\/dermamedkinter\" target=\"_new\" rel=\"noopener\">@dermamedkinter<\/a><\/li>\n<\/ul>","protected":false},"excerpt":{"rendered":"<p>El Curso de Harmonizaci\u00f3n Facial de Dermamedk Academy est\u00e1 dise\u00f1ado para profesionales que buscan perfeccionar sus habilidades en la planificaci\u00f3n y ejecuci\u00f3n de tratamientos faciales avanzados. Aprende a analizar perfiles, seleccionar casos y aplicar t\u00e9cnicas que combinan ciencia, simetr\u00eda y est\u00e9tica para resultados naturales y armoniosos. \u00bfQu\u00e9 aprender\u00e1s? Planificaci\u00f3n facial personalizada: Armon\u00eda, proporci\u00f3n y simetr\u00eda [&hellip;]<\/p>","protected":false},"featured_media":2409,"comment_status":"open","ping_status":"closed","template":"","meta":[],"product_brand":[],"product_cat":[61],"product_tag":[],"class_list":{"0":"post-2354","1":"product","2":"type-product","3":"status-publish","4":"has-post-thumbnail","6":"product_cat-cursos","8":"first","9":"instock","10":"taxable","11":"shipping-taxable","12":"product-type-simple"},"yoast_head":"<!-- This site is optimized with the Yoast SEO plugin v23.8 - https:\/\/yoast.com\/wordpress\/plugins\/seo\/ -->\n<title>Harmonizaci\u00f3n Facial - Domina la Planificaci\u00f3n y T\u00e9cnicas Avanzadas - Dermamedk<\/title>\n<meta name=\"robots\" content=\"index, follow, max-snippet:-1, max-image-preview:large, max-video-preview:-1\" \/>\n<link rel=\"canonical\" href=\"https:\/\/dermamedk.es\/fr\/tienda\/cursos\/harmonizacion-facial-domina-la-planificacion-y-tecnicas-avanzadas\/\" \/>\n<meta property=\"og:locale\" content=\"fr_FR\" \/>\n<meta property=\"og:type\" content=\"article\" \/>\n<meta property=\"og:title\" content=\"Harmonizaci\u00f3n Facial - Domina la Planificaci\u00f3n y T\u00e9cnicas Avanzadas - Dermamedk\" \/>\n<meta property=\"og:description\" content=\"El Curso de Harmonizaci\u00f3n Facial de Dermamedk Academy est\u00e1 dise\u00f1ado para profesionales que buscan perfeccionar sus habilidades en la planificaci\u00f3n y ejecuci\u00f3n de tratamientos faciales avanzados. Aprende a analizar perfiles, seleccionar casos y aplicar t\u00e9cnicas que combinan ciencia, simetr\u00eda y est\u00e9tica para resultados naturales y armoniosos. \u00bfQu\u00e9 aprender\u00e1s? Planificaci\u00f3n facial personalizada: Armon\u00eda, proporci\u00f3n y simetr\u00eda [&hellip;]\" \/>\n<meta property=\"og:url\" content=\"https:\/\/dermamedk.es\/fr\/tienda\/cursos\/harmonizacion-facial-domina-la-planificacion-y-tecnicas-avanzadas\/\" \/>\n<meta property=\"og:site_name\" content=\"Dermamedk\" \/>\n<meta property=\"article:publisher\" content=\"https:\/\/www.facebook.com\/dermamedk\" \/>\n<meta property=\"article:modified_time\" content=\"2025-02-09T03:39:23+00:00\" \/>\n<meta property=\"og:image\" content=\"https:\/\/dermamedk.es\/wp-content\/uploads\/2024\/12\/harmonizacion-facial.webp\" \/>\n\t<meta property=\"og:image:width\" content=\"907\" \/>\n\t<meta property=\"og:image:height\" content=\"1599\" \/>\n\t<meta property=\"og:image:type\" content=\"image\/webp\" \/>\n<meta name=\"twitter:card\" content=\"summary_large_image\" \/>\n<meta name=\"twitter:label1\" content=\"Dur\u00e9e de lecture estim\u00e9e\" \/>\n\t<meta name=\"twitter:data1\" content=\"2 minutes\" \/>\n<script type=\"application\/ld+json\" class=\"yoast-schema-graph\">{\"@context\":\"https:\/\/schema.org\",\"@graph\":[{\"@type\":\"WebPage\",\"@id\":\"https:\/\/dermamedk.es\/tienda\/cursos\/harmonizacion-facial-domina-la-planificacion-y-tecnicas-avanzadas\/\",\"url\":\"https:\/\/dermamedk.es\/tienda\/cursos\/harmonizacion-facial-domina-la-planificacion-y-tecnicas-avanzadas\/\",\"name\":\"Harmonizaci\u00f3n Facial - Domina la Planificaci\u00f3n y T\u00e9cnicas Avanzadas - Dermamedk\",\"isPartOf\":{\"@id\":\"https:\/\/dermamedk.es\/#website\"},\"primaryImageOfPage\":{\"@id\":\"https:\/\/dermamedk.es\/tienda\/cursos\/harmonizacion-facial-domina-la-planificacion-y-tecnicas-avanzadas\/#primaryimage\"},\"image\":{\"@id\":\"https:\/\/dermamedk.es\/tienda\/cursos\/harmonizacion-facial-domina-la-planificacion-y-tecnicas-avanzadas\/#primaryimage\"},\"thumbnailUrl\":\"https:\/\/dermamedk.es\/wp-content\/uploads\/2024\/12\/harmonizacion-facial.webp\",\"datePublished\":\"2024-12-01T16:08:16+00:00\",\"dateModified\":\"2025-02-09T03:39:23+00:00\",\"breadcrumb\":{\"@id\":\"https:\/\/dermamedk.es\/tienda\/cursos\/harmonizacion-facial-domina-la-planificacion-y-tecnicas-avanzadas\/#breadcrumb\"},\"inLanguage\":\"fr-FR\",\"potentialAction\":[{\"@type\":\"ReadAction\",\"target\":[\"https:\/\/dermamedk.es\/tienda\/cursos\/harmonizacion-facial-domina-la-planificacion-y-tecnicas-avanzadas\/\"]}]},{\"@type\":\"ImageObject\",\"inLanguage\":\"fr-FR\",\"@id\":\"https:\/\/dermamedk.es\/tienda\/cursos\/harmonizacion-facial-domina-la-planificacion-y-tecnicas-avanzadas\/#primaryimage\",\"url\":\"https:\/\/dermamedk.es\/wp-content\/uploads\/2024\/12\/harmonizacion-facial.webp\",\"contentUrl\":\"https:\/\/dermamedk.es\/wp-content\/uploads\/2024\/12\/harmonizacion-facial.webp\",\"width\":907,\"height\":1599},{\"@type\":\"BreadcrumbList\",\"@id\":\"https:\/\/dermamedk.es\/tienda\/cursos\/harmonizacion-facial-domina-la-planificacion-y-tecnicas-avanzadas\/#breadcrumb\",\"itemListElement\":[{\"@type\":\"ListItem\",\"position\":1,\"name\":\"Home\",\"item\":\"https:\/\/dermamedk.es\/\"},{\"@type\":\"ListItem\",\"position\":2,\"name\":\"Tienda\",\"item\":\"https:\/\/dermamedk.es\/tienda-dermamedk\/\"},{\"@type\":\"ListItem\",\"position\":3,\"name\":\"Harmonizaci\u00f3n Facial &#8211; Domina la Planificaci\u00f3n y T\u00e9cnicas Avanzadas\"}]},{\"@type\":\"WebSite\",\"@id\":\"https:\/\/dermamedk.es\/#website\",\"url\":\"https:\/\/dermamedk.es\/\",\"name\":\"DermamedK | La elecci\u00f3n perfecta para tu cuidado de la piel\",\"description\":\"Lo mejor para el cuidado de tu piel\",\"publisher\":{\"@id\":\"https:\/\/dermamedk.es\/#organization\"},\"potentialAction\":[{\"@type\":\"SearchAction\",\"target\":{\"@type\":\"EntryPoint\",\"urlTemplate\":\"https:\/\/dermamedk.es\/?s={search_term_string}\"},\"query-input\":{\"@type\":\"PropertyValueSpecification\",\"valueRequired\":true,\"valueName\":\"search_term_string\"}}],\"inLanguage\":\"fr-FR\"},{\"@type\":\"Organization\",\"@id\":\"https:\/\/dermamedk.es\/#organization\",\"name\":\"DermamedK | La elecci\u00f3n perfecta para tu cuidado de la piel\",\"url\":\"https:\/\/dermamedk.es\/\",\"logo\":{\"@type\":\"ImageObject\",\"inLanguage\":\"fr-FR\",\"@id\":\"https:\/\/dermamedk.es\/#\/schema\/logo\/image\/\",\"url\":\"https:\/\/dermamedk.es\/wp-content\/uploads\/2023\/04\/logo-150.webp\",\"contentUrl\":\"https:\/\/dermamedk.es\/wp-content\/uploads\/2023\/04\/logo-150.webp\",\"width\":180,\"height\":212,\"caption\":\"DermamedK | La elecci\u00f3n perfecta para tu cuidado de la piel\"},\"image\":{\"@id\":\"https:\/\/dermamedk.es\/#\/schema\/logo\/image\/\"},\"sameAs\":[\"https:\/\/www.facebook.com\/dermamedk\",\"https:\/\/www.instagram.com\/dermamedk\/\"]}]}<\/script>\n<!-- \/ Yoast SEO plugin. -->","yoast_head_json":{"title":"Harmonizaci\u00f3n Facial - Domina la Planificaci\u00f3n y T\u00e9cnicas Avanzadas - Dermamedk","robots":{"index":"index","follow":"follow","max-snippet":"max-snippet:-1","max-image-preview":"max-image-preview:large","max-video-preview":"max-video-preview:-1"},"canonical":"https:\/\/dermamedk.es\/fr\/tienda\/cursos\/harmonizacion-facial-domina-la-planificacion-y-tecnicas-avanzadas\/","og_locale":"fr_FR","og_type":"article","og_title":"Harmonizaci\u00f3n Facial - Domina la Planificaci\u00f3n y T\u00e9cnicas Avanzadas - Dermamedk","og_description":"El Curso de Harmonizaci\u00f3n Facial de Dermamedk Academy est\u00e1 dise\u00f1ado para profesionales que buscan perfeccionar sus habilidades en la planificaci\u00f3n y ejecuci\u00f3n de tratamientos faciales avanzados. Aprende a analizar perfiles, seleccionar casos y aplicar t\u00e9cnicas que combinan ciencia, simetr\u00eda y est\u00e9tica para resultados naturales y armoniosos. \u00bfQu\u00e9 aprender\u00e1s? Planificaci\u00f3n facial personalizada: Armon\u00eda, proporci\u00f3n y simetr\u00eda [&hellip;]","og_url":"https:\/\/dermamedk.es\/fr\/tienda\/cursos\/harmonizacion-facial-domina-la-planificacion-y-tecnicas-avanzadas\/","og_site_name":"Dermamedk","article_publisher":"https:\/\/www.facebook.com\/dermamedk","article_modified_time":"2025-02-09T03:39:23+00:00","og_image":[{"width":907,"height":1599,"url":"https:\/\/dermamedk.es\/wp-content\/uploads\/2024\/12\/harmonizacion-facial.webp","type":"image\/webp"}],"twitter_card":"summary_large_image","twitter_misc":{"Dur\u00e9e de lecture estim\u00e9e":"2 minutes"},"schema":{"@context":"https:\/\/schema.org","@graph":[{"@type":"WebPage","@id":"https:\/\/dermamedk.es\/tienda\/cursos\/harmonizacion-facial-domina-la-planificacion-y-tecnicas-avanzadas\/","url":"https:\/\/dermamedk.es\/tienda\/cursos\/harmonizacion-facial-domina-la-planificacion-y-tecnicas-avanzadas\/","name":"Harmonizaci\u00f3n Facial - Domina la Planificaci\u00f3n y T\u00e9cnicas Avanzadas - Dermamedk","isPartOf":{"@id":"https:\/\/dermamedk.es\/#website"},"primaryImageOfPage":{"@id":"https:\/\/dermamedk.es\/tienda\/cursos\/harmonizacion-facial-domina-la-planificacion-y-tecnicas-avanzadas\/#primaryimage"},"image":{"@id":"https:\/\/dermamedk.es\/tienda\/cursos\/harmonizacion-facial-domina-la-planificacion-y-tecnicas-avanzadas\/#primaryimage"},"thumbnailUrl":"https:\/\/dermamedk.es\/wp-content\/uploads\/2024\/12\/harmonizacion-facial.webp","datePublished":"2024-12-01T16:08:16+00:00","dateModified":"2025-02-09T03:39:23+00:00","breadcrumb":{"@id":"https:\/\/dermamedk.es\/tienda\/cursos\/harmonizacion-facial-domina-la-planificacion-y-tecnicas-avanzadas\/#breadcrumb"},"inLanguage":"fr-FR","potentialAction":[{"@type":"ReadAction","target":["https:\/\/dermamedk.es\/tienda\/cursos\/harmonizacion-facial-domina-la-planificacion-y-tecnicas-avanzadas\/"]}]},{"@type":"ImageObject","inLanguage":"fr-FR","@id":"https:\/\/dermamedk.es\/tienda\/cursos\/harmonizacion-facial-domina-la-planificacion-y-tecnicas-avanzadas\/#primaryimage","url":"https:\/\/dermamedk.es\/wp-content\/uploads\/2024\/12\/harmonizacion-facial.webp","contentUrl":"https:\/\/dermamedk.es\/wp-content\/uploads\/2024\/12\/harmonizacion-facial.webp","width":907,"height":1599},{"@type":"BreadcrumbList","@id":"https:\/\/dermamedk.es\/tienda\/cursos\/harmonizacion-facial-domina-la-planificacion-y-tecnicas-avanzadas\/#breadcrumb","itemListElement":[{"@type":"ListItem","position":1,"name":"Home","item":"https:\/\/dermamedk.es\/"},{"@type":"ListItem","position":2,"name":"Tienda","item":"https:\/\/dermamedk.es\/tienda-dermamedk\/"},{"@type":"ListItem","position":3,"name":"Harmonizaci\u00f3n Facial &#8211; Domina la Planificaci\u00f3n y T\u00e9cnicas Avanzadas"}]},{"@type":"WebSite","@id":"https:\/\/dermamedk.es\/#website","url":"https:\/\/dermamedk.es\/","name":"DermamedK | La elecci\u00f3n perfecta para tu cuidado de la piel","description":"Lo mejor para el cuidado de tu piel","publisher":{"@id":"https:\/\/dermamedk.es\/#organization"},"potentialAction":[{"@type":"SearchAction","target":{"@type":"EntryPoint","urlTemplate":"https:\/\/dermamedk.es\/?s={search_term_string}"},"query-input":{"@type":"PropertyValueSpecification","valueRequired":true,"valueName":"search_term_string"}}],"inLanguage":"fr-FR"},{"@type":"Organization","@id":"https:\/\/dermamedk.es\/#organization","name":"DermamedK | La elecci\u00f3n perfecta para tu cuidado de la piel","url":"https:\/\/dermamedk.es\/","logo":{"@type":"ImageObject","inLanguage":"fr-FR","@id":"https:\/\/dermamedk.es\/#\/schema\/logo\/image\/","url":"https:\/\/dermamedk.es\/wp-content\/uploads\/2023\/04\/logo-150.webp","contentUrl":"https:\/\/dermamedk.es\/wp-content\/uploads\/2023\/04\/logo-150.webp","width":180,"height":212,"caption":"DermamedK | La elecci\u00f3n perfecta para tu cuidado de la piel"},"image":{"@id":"https:\/\/dermamedk.es\/#\/schema\/logo\/image\/"},"sameAs":["https:\/\/www.facebook.com\/dermamedk","https:\/\/www.instagram.com\/dermamedk\/"]}]}},"_links":{"self":[{"href":"https:\/\/dermamedk.es\/fr\/wp-json\/wp\/v2\/product\/2354","targetHints":{"allow":["GET"]}}],"collection":[{"href":"https:\/\/dermamedk.es\/fr\/wp-json\/wp\/v2\/product"}],"about":[{"href":"https:\/\/dermamedk.es\/fr\/wp-json\/wp\/v2\/types\/product"}],"replies":[{"embeddable":true,"href":"https:\/\/dermamedk.es\/fr\/wp-json\/wp\/v2\/comments?post=2354"}],"version-history":[{"count":1,"href":"https:\/\/dermamedk.es\/fr\/wp-json\/wp\/v2\/product\/2354\/revisions"}],"predecessor-version":[{"id":2355,"href":"https:\/\/dermamedk.es\/fr\/wp-json\/wp\/v2\/product\/2354\/revisions\/2355"}],"wp:featuredmedia":[{"embeddable":true,"href":"https:\/\/dermamedk.es\/fr\/wp-json\/wp\/v2\/media\/2409"}],"wp:attachment":[{"href":"https:\/\/dermamedk.es\/fr\/wp-json\/wp\/v2\/media?parent=2354"}],"wp:term":[{"taxonomy":"product_brand","embeddable":true,"href":"https:\/\/dermamedk.es\/fr\/wp-json\/wp\/v2\/product_brand?post=2354"},{"taxonomy":"product_cat","embeddable":true,"href":"https:\/\/dermamedk.es\/fr\/wp-json\/wp\/v2\/product_cat?post=2354"},{"taxonomy":"product_tag","embeddable":true,"href":"https:\/\/dermamedk.es\/fr\/wp-json\/wp\/v2\/product_tag?post=2354"}],"curies":[{"name":"wp","href":"https:\/\/api.w.org\/{rel}","templated":true}]}}