 {"id":2340,"date":"2024-12-01T16:44:24","date_gmt":"2024-12-01T15:44:24","guid":{"rendered":"https:\/\/dermamedk.es\/?post_type=product&#038;p=2340"},"modified":"2025-02-07T00:47:04","modified_gmt":"2025-02-06T23:47:04","slug":"plasma-facial-rejuvenecimiento-natural-con-bioplacenta-derplasma","status":"publish","type":"product","link":"https:\/\/dermamedk.es\/fr\/tienda\/cursos\/plasma-facial-rejuvenecimiento-natural-con-bioplacenta-derplasma\/","title":{"rendered":"Plasma facial - Rajeunissement naturel avec Bioplacenta DERPLASMA"},"content":{"rendered":"<p>Avec la <strong>Cours sur le plasma facial<\/strong> de <strong>Acad\u00e9mie Dermamedk<\/strong>Dans ce cours, vous apprendrez \u00e0 appliquer l'un des traitements de rajeunissement les plus populaires et les plus efficaces, en utilisant l'innovant DERPLASMA Bioplacenta. Ce composant, similaire \u00e0 notre structure cellulaire, est reconnu par l'organisme comme \u00e9tant le sien, ce qui garantit des r\u00e9sultats imm\u00e9diats et naturels.<\/p>\n<p><strong>Pourquoi choisir ce cours ?<\/strong><\/p>\n<ul>\n<li><strong>Rajeunissement non invasif :<\/strong> Une technique qui respecte le naturel de la peau.<\/li>\n<li><strong>R\u00e9sultats visibles :<\/strong> R\u00e9duit les ridules, \u00e9limine les rides et augmente l'\u00e9lasticit\u00e9 de la peau.<\/li>\n<li><strong>Des prestations compl\u00e8tes :<\/strong> R\u00e9g\u00e9n\u00e8re, blanchit, hydrate et renforce les d\u00e9fenses de la peau, pour un effet miroir.<\/li>\n<\/ul>\n<p><strong>Il comprend<\/strong><\/p>\n<ul>\n<li>Formation th\u00e9orique et pratique pour assurer la ma\u00eetrise de la technique.<\/li>\n<li>Conseils d\u00e9taill\u00e9s sur l'application de DERPLASMA Bioplacenta sur diff\u00e9rents types de peau.<\/li>\n<\/ul>\n<p><strong>Prix et options :<\/strong><\/p>\n<ul>\n<li>En face \u00e0 face et en ligne (consulter pour plus de d\u00e9tails).<\/li>\n<\/ul>\n<hr \/>\n<h4><strong>Avantages du cours :<\/strong><\/h4>\n<ol>\n<li>Apprenez les techniques avanc\u00e9es d'application de DERPLASMA Bioplacenta.<\/li>\n<li>Donnez \u00e0 vos clients des r\u00e9sultats imm\u00e9diats et durables.<\/li>\n<li>Sp\u00e9cialis\u00e9 dans l'un des traitements les plus populaires aupr\u00e8s des c\u00e9l\u00e9brit\u00e9s.<\/li>\n<\/ol>\n<hr \/>\n<p><strong>Ne manquez pas l'occasion de ma\u00eetriser cette technique innovante !<\/strong><br \/>\nR\u00e9servez votre place d\u00e8s maintenant et faites passer votre pratique professionnelle au niveau sup\u00e9rieur.<br \/>\n<strong>Contactez-nous pour plus d'informations :<\/strong><\/p>\n<ul>\n<li><strong>WhatsApp :<\/strong> <a href=\"https:\/\/api.whatsapp.com\/send?phone=+34612529895&amp;text=Hola,%20estaba%20accediendo%20a%20su%20p%C3%A1gina,%20me%20gustar%C3%ADa%20m%C3%A1s%20informaciones%20acerca%20del%20curso:%20PLASMA\">+34 612 529 895<\/a><\/li>\n<li><strong>Instagram :<\/strong> <a href=\"https:\/\/instagram.com\/dermamedkinter\" target=\"_new\" rel=\"noopener\">@dermamedkinter<\/a><\/li>\n<\/ul>","protected":false},"excerpt":{"rendered":"<p>Con el Curso Plasma Facial de Dermamedk Academy, aprender\u00e1s a aplicar uno de los tratamientos de rejuvenecimiento m\u00e1s demandados y efectivos, utilizando la innovadora Bioplacenta DERPLASMA. Este componente, similar a nuestra estructura celular, es reconocido por el cuerpo como propio, garantizando resultados inmediatos y naturales. \u00bfPor qu\u00e9 elegir este curso? Rejuvenecimiento no invasivo: Una t\u00e9cnica [&hellip;]<\/p>","protected":false},"featured_media":2406,"comment_status":"open","ping_status":"closed","template":"","meta":[],"product_brand":[],"product_cat":[61],"product_tag":[],"class_list":{"0":"post-2340","1":"product","2":"type-product","3":"status-publish","4":"has-post-thumbnail","6":"product_cat-cursos","8":"first","9":"instock","10":"taxable","11":"shipping-taxable","12":"product-type-simple"},"yoast_head":"<!-- This site is optimized with the Yoast SEO plugin v23.8 - https:\/\/yoast.com\/wordpress\/plugins\/seo\/ -->\n<title>Plasma Facial - Rejuvenecimiento Natural con Bioplacenta DERPLASMA - Dermamedk<\/title>\n<meta name=\"robots\" content=\"index, follow, max-snippet:-1, max-image-preview:large, max-video-preview:-1\" \/>\n<link rel=\"canonical\" href=\"https:\/\/dermamedk.es\/fr\/tienda\/cursos\/plasma-facial-rejuvenecimiento-natural-con-bioplacenta-derplasma\/\" \/>\n<meta property=\"og:locale\" content=\"fr_FR\" \/>\n<meta property=\"og:type\" content=\"article\" \/>\n<meta property=\"og:title\" content=\"Plasma Facial - Rejuvenecimiento Natural con Bioplacenta DERPLASMA - Dermamedk\" \/>\n<meta property=\"og:description\" content=\"Con el Curso Plasma Facial de Dermamedk Academy, aprender\u00e1s a aplicar uno de los tratamientos de rejuvenecimiento m\u00e1s demandados y efectivos, utilizando la innovadora Bioplacenta DERPLASMA. Este componente, similar a nuestra estructura celular, es reconocido por el cuerpo como propio, garantizando resultados inmediatos y naturales. \u00bfPor qu\u00e9 elegir este curso? Rejuvenecimiento no invasivo: Una t\u00e9cnica [&hellip;]\" \/>\n<meta property=\"og:url\" content=\"https:\/\/dermamedk.es\/fr\/tienda\/cursos\/plasma-facial-rejuvenecimiento-natural-con-bioplacenta-derplasma\/\" \/>\n<meta property=\"og:site_name\" content=\"Dermamedk\" \/>\n<meta property=\"article:publisher\" content=\"https:\/\/www.facebook.com\/dermamedk\" \/>\n<meta property=\"article:modified_time\" content=\"2025-02-06T23:47:04+00:00\" \/>\n<meta property=\"og:image\" content=\"https:\/\/dermamedk.es\/wp-content\/uploads\/2024\/12\/derplasma.webp\" \/>\n\t<meta property=\"og:image:width\" content=\"907\" \/>\n\t<meta property=\"og:image:height\" content=\"1599\" \/>\n\t<meta property=\"og:image:type\" content=\"image\/webp\" \/>\n<meta name=\"twitter:card\" content=\"summary_large_image\" \/>\n<meta name=\"twitter:label1\" content=\"Dur\u00e9e de lecture estim\u00e9e\" \/>\n\t<meta name=\"twitter:data1\" content=\"1 minute\" \/>\n<script type=\"application\/ld+json\" class=\"yoast-schema-graph\">{\"@context\":\"https:\/\/schema.org\",\"@graph\":[{\"@type\":\"WebPage\",\"@id\":\"https:\/\/dermamedk.es\/tienda\/cursos\/plasma-facial-rejuvenecimiento-natural-con-bioplacenta-derplasma\/\",\"url\":\"https:\/\/dermamedk.es\/tienda\/cursos\/plasma-facial-rejuvenecimiento-natural-con-bioplacenta-derplasma\/\",\"name\":\"Plasma Facial - Rejuvenecimiento Natural con Bioplacenta DERPLASMA - Dermamedk\",\"isPartOf\":{\"@id\":\"https:\/\/dermamedk.es\/#website\"},\"primaryImageOfPage\":{\"@id\":\"https:\/\/dermamedk.es\/tienda\/cursos\/plasma-facial-rejuvenecimiento-natural-con-bioplacenta-derplasma\/#primaryimage\"},\"image\":{\"@id\":\"https:\/\/dermamedk.es\/tienda\/cursos\/plasma-facial-rejuvenecimiento-natural-con-bioplacenta-derplasma\/#primaryimage\"},\"thumbnailUrl\":\"https:\/\/dermamedk.es\/wp-content\/uploads\/2024\/12\/derplasma.webp\",\"datePublished\":\"2024-12-01T15:44:24+00:00\",\"dateModified\":\"2025-02-06T23:47:04+00:00\",\"breadcrumb\":{\"@id\":\"https:\/\/dermamedk.es\/tienda\/cursos\/plasma-facial-rejuvenecimiento-natural-con-bioplacenta-derplasma\/#breadcrumb\"},\"inLanguage\":\"fr-FR\",\"potentialAction\":[{\"@type\":\"ReadAction\",\"target\":[\"https:\/\/dermamedk.es\/tienda\/cursos\/plasma-facial-rejuvenecimiento-natural-con-bioplacenta-derplasma\/\"]}]},{\"@type\":\"ImageObject\",\"inLanguage\":\"fr-FR\",\"@id\":\"https:\/\/dermamedk.es\/tienda\/cursos\/plasma-facial-rejuvenecimiento-natural-con-bioplacenta-derplasma\/#primaryimage\",\"url\":\"https:\/\/dermamedk.es\/wp-content\/uploads\/2024\/12\/derplasma.webp\",\"contentUrl\":\"https:\/\/dermamedk.es\/wp-content\/uploads\/2024\/12\/derplasma.webp\",\"width\":907,\"height\":1599},{\"@type\":\"BreadcrumbList\",\"@id\":\"https:\/\/dermamedk.es\/tienda\/cursos\/plasma-facial-rejuvenecimiento-natural-con-bioplacenta-derplasma\/#breadcrumb\",\"itemListElement\":[{\"@type\":\"ListItem\",\"position\":1,\"name\":\"Home\",\"item\":\"https:\/\/dermamedk.es\/\"},{\"@type\":\"ListItem\",\"position\":2,\"name\":\"Tienda\",\"item\":\"https:\/\/dermamedk.es\/tienda-dermamedk\/\"},{\"@type\":\"ListItem\",\"position\":3,\"name\":\"Plasma Facial &#8211; Rejuvenecimiento Natural con Bioplacenta DERPLASMA\"}]},{\"@type\":\"WebSite\",\"@id\":\"https:\/\/dermamedk.es\/#website\",\"url\":\"https:\/\/dermamedk.es\/\",\"name\":\"DermamedK | La elecci\u00f3n perfecta para tu cuidado de la piel\",\"description\":\"Lo mejor para el cuidado de tu piel\",\"publisher\":{\"@id\":\"https:\/\/dermamedk.es\/#organization\"},\"potentialAction\":[{\"@type\":\"SearchAction\",\"target\":{\"@type\":\"EntryPoint\",\"urlTemplate\":\"https:\/\/dermamedk.es\/?s={search_term_string}\"},\"query-input\":{\"@type\":\"PropertyValueSpecification\",\"valueRequired\":true,\"valueName\":\"search_term_string\"}}],\"inLanguage\":\"fr-FR\"},{\"@type\":\"Organization\",\"@id\":\"https:\/\/dermamedk.es\/#organization\",\"name\":\"DermamedK | La elecci\u00f3n perfecta para tu cuidado de la piel\",\"url\":\"https:\/\/dermamedk.es\/\",\"logo\":{\"@type\":\"ImageObject\",\"inLanguage\":\"fr-FR\",\"@id\":\"https:\/\/dermamedk.es\/#\/schema\/logo\/image\/\",\"url\":\"https:\/\/dermamedk.es\/wp-content\/uploads\/2023\/04\/logo-150.webp\",\"contentUrl\":\"https:\/\/dermamedk.es\/wp-content\/uploads\/2023\/04\/logo-150.webp\",\"width\":180,\"height\":212,\"caption\":\"DermamedK | La elecci\u00f3n perfecta para tu cuidado de la piel\"},\"image\":{\"@id\":\"https:\/\/dermamedk.es\/#\/schema\/logo\/image\/\"},\"sameAs\":[\"https:\/\/www.facebook.com\/dermamedk\",\"https:\/\/www.instagram.com\/dermamedk\/\"]}]}<\/script>\n<!-- \/ Yoast SEO plugin. -->","yoast_head_json":{"title":"Plasma Facial - Rejuvenecimiento Natural con Bioplacenta DERPLASMA - Dermamedk","robots":{"index":"index","follow":"follow","max-snippet":"max-snippet:-1","max-image-preview":"max-image-preview:large","max-video-preview":"max-video-preview:-1"},"canonical":"https:\/\/dermamedk.es\/fr\/tienda\/cursos\/plasma-facial-rejuvenecimiento-natural-con-bioplacenta-derplasma\/","og_locale":"fr_FR","og_type":"article","og_title":"Plasma Facial - Rejuvenecimiento Natural con Bioplacenta DERPLASMA - Dermamedk","og_description":"Con el Curso Plasma Facial de Dermamedk Academy, aprender\u00e1s a aplicar uno de los tratamientos de rejuvenecimiento m\u00e1s demandados y efectivos, utilizando la innovadora Bioplacenta DERPLASMA. Este componente, similar a nuestra estructura celular, es reconocido por el cuerpo como propio, garantizando resultados inmediatos y naturales. \u00bfPor qu\u00e9 elegir este curso? Rejuvenecimiento no invasivo: Una t\u00e9cnica [&hellip;]","og_url":"https:\/\/dermamedk.es\/fr\/tienda\/cursos\/plasma-facial-rejuvenecimiento-natural-con-bioplacenta-derplasma\/","og_site_name":"Dermamedk","article_publisher":"https:\/\/www.facebook.com\/dermamedk","article_modified_time":"2025-02-06T23:47:04+00:00","og_image":[{"width":907,"height":1599,"url":"https:\/\/dermamedk.es\/wp-content\/uploads\/2024\/12\/derplasma.webp","type":"image\/webp"}],"twitter_card":"summary_large_image","twitter_misc":{"Dur\u00e9e de lecture estim\u00e9e":"1 minute"},"schema":{"@context":"https:\/\/schema.org","@graph":[{"@type":"WebPage","@id":"https:\/\/dermamedk.es\/tienda\/cursos\/plasma-facial-rejuvenecimiento-natural-con-bioplacenta-derplasma\/","url":"https:\/\/dermamedk.es\/tienda\/cursos\/plasma-facial-rejuvenecimiento-natural-con-bioplacenta-derplasma\/","name":"Plasma Facial - Rejuvenecimiento Natural con Bioplacenta DERPLASMA - Dermamedk","isPartOf":{"@id":"https:\/\/dermamedk.es\/#website"},"primaryImageOfPage":{"@id":"https:\/\/dermamedk.es\/tienda\/cursos\/plasma-facial-rejuvenecimiento-natural-con-bioplacenta-derplasma\/#primaryimage"},"image":{"@id":"https:\/\/dermamedk.es\/tienda\/cursos\/plasma-facial-rejuvenecimiento-natural-con-bioplacenta-derplasma\/#primaryimage"},"thumbnailUrl":"https:\/\/dermamedk.es\/wp-content\/uploads\/2024\/12\/derplasma.webp","datePublished":"2024-12-01T15:44:24+00:00","dateModified":"2025-02-06T23:47:04+00:00","breadcrumb":{"@id":"https:\/\/dermamedk.es\/tienda\/cursos\/plasma-facial-rejuvenecimiento-natural-con-bioplacenta-derplasma\/#breadcrumb"},"inLanguage":"fr-FR","potentialAction":[{"@type":"ReadAction","target":["https:\/\/dermamedk.es\/tienda\/cursos\/plasma-facial-rejuvenecimiento-natural-con-bioplacenta-derplasma\/"]}]},{"@type":"ImageObject","inLanguage":"fr-FR","@id":"https:\/\/dermamedk.es\/tienda\/cursos\/plasma-facial-rejuvenecimiento-natural-con-bioplacenta-derplasma\/#primaryimage","url":"https:\/\/dermamedk.es\/wp-content\/uploads\/2024\/12\/derplasma.webp","contentUrl":"https:\/\/dermamedk.es\/wp-content\/uploads\/2024\/12\/derplasma.webp","width":907,"height":1599},{"@type":"BreadcrumbList","@id":"https:\/\/dermamedk.es\/tienda\/cursos\/plasma-facial-rejuvenecimiento-natural-con-bioplacenta-derplasma\/#breadcrumb","itemListElement":[{"@type":"ListItem","position":1,"name":"Home","item":"https:\/\/dermamedk.es\/"},{"@type":"ListItem","position":2,"name":"Tienda","item":"https:\/\/dermamedk.es\/tienda-dermamedk\/"},{"@type":"ListItem","position":3,"name":"Plasma Facial &#8211; Rejuvenecimiento Natural con Bioplacenta DERPLASMA"}]},{"@type":"WebSite","@id":"https:\/\/dermamedk.es\/#website","url":"https:\/\/dermamedk.es\/","name":"DermamedK | La elecci\u00f3n perfecta para tu cuidado de la piel","description":"Lo mejor para el cuidado de tu piel","publisher":{"@id":"https:\/\/dermamedk.es\/#organization"},"potentialAction":[{"@type":"SearchAction","target":{"@type":"EntryPoint","urlTemplate":"https:\/\/dermamedk.es\/?s={search_term_string}"},"query-input":{"@type":"PropertyValueSpecification","valueRequired":true,"valueName":"search_term_string"}}],"inLanguage":"fr-FR"},{"@type":"Organization","@id":"https:\/\/dermamedk.es\/#organization","name":"DermamedK | La elecci\u00f3n perfecta para tu cuidado de la piel","url":"https:\/\/dermamedk.es\/","logo":{"@type":"ImageObject","inLanguage":"fr-FR","@id":"https:\/\/dermamedk.es\/#\/schema\/logo\/image\/","url":"https:\/\/dermamedk.es\/wp-content\/uploads\/2023\/04\/logo-150.webp","contentUrl":"https:\/\/dermamedk.es\/wp-content\/uploads\/2023\/04\/logo-150.webp","width":180,"height":212,"caption":"DermamedK | La elecci\u00f3n perfecta para tu cuidado de la piel"},"image":{"@id":"https:\/\/dermamedk.es\/#\/schema\/logo\/image\/"},"sameAs":["https:\/\/www.facebook.com\/dermamedk","https:\/\/www.instagram.com\/dermamedk\/"]}]}},"_links":{"self":[{"href":"https:\/\/dermamedk.es\/fr\/wp-json\/wp\/v2\/product\/2340","targetHints":{"allow":["GET"]}}],"collection":[{"href":"https:\/\/dermamedk.es\/fr\/wp-json\/wp\/v2\/product"}],"about":[{"href":"https:\/\/dermamedk.es\/fr\/wp-json\/wp\/v2\/types\/product"}],"replies":[{"embeddable":true,"href":"https:\/\/dermamedk.es\/fr\/wp-json\/wp\/v2\/comments?post=2340"}],"version-history":[{"count":3,"href":"https:\/\/dermamedk.es\/fr\/wp-json\/wp\/v2\/product\/2340\/revisions"}],"predecessor-version":[{"id":2350,"href":"https:\/\/dermamedk.es\/fr\/wp-json\/wp\/v2\/product\/2340\/revisions\/2350"}],"wp:featuredmedia":[{"embeddable":true,"href":"https:\/\/dermamedk.es\/fr\/wp-json\/wp\/v2\/media\/2406"}],"wp:attachment":[{"href":"https:\/\/dermamedk.es\/fr\/wp-json\/wp\/v2\/media?parent=2340"}],"wp:term":[{"taxonomy":"product_brand","embeddable":true,"href":"https:\/\/dermamedk.es\/fr\/wp-json\/wp\/v2\/product_brand?post=2340"},{"taxonomy":"product_cat","embeddable":true,"href":"https:\/\/dermamedk.es\/fr\/wp-json\/wp\/v2\/product_cat?post=2340"},{"taxonomy":"product_tag","embeddable":true,"href":"https:\/\/dermamedk.es\/fr\/wp-json\/wp\/v2\/product_tag?post=2340"}],"curies":[{"name":"wp","href":"https:\/\/api.w.org\/{rel}","templated":true}]}}