 {"id":1846,"date":"2024-11-19T07:26:46","date_gmt":"2024-11-19T06:26:46","guid":{"rendered":"https:\/\/dermamedk.es\/?post_type=product&#038;p=1846"},"modified":"2024-11-27T08:25:07","modified_gmt":"2024-11-27T07:25:07","slug":"micron-peel-caja-con-5-viales-de-5ml","status":"publish","type":"product","link":"https:\/\/dermamedk.es\/fr\/tienda\/productos-cosmetologicos\/micron-peel-caja-con-5-viales-de-5ml\/","title":{"rendered":"MICRON-PEEL - Bo\u00eete de 5 flacons de 5ml"},"content":{"rendered":"<p>Micron-Peel est une proc\u00e9dure d'exfoliation innovante qui utilise des ingr\u00e9dients naturels riches en min\u00e9raux et en microparticules et microns pour revitaliser et rajeunir la peau, soigner l'acn\u00e9 et les cicatrices. Gr\u00e2ce \u00e0 sa formule, Micron-Peel stimule le rajeunissement cellulaire dans une peau hydrat\u00e9e et antibact\u00e9rienne, favorise la r\u00e9g\u00e9n\u00e9ration cellulaire et stimule la production de collag\u00e8ne, ce qui permet d'obtenir une peau plus lisse, plus ferme et plus lumineuse. Contient 2 flacons :<\/p>\n<ol>\n<li>La poudre de micropeeling hydrolys\u00e9e est la poudre exfoliante naturelle 100% \u00e0 base de biosilice \u00e0 aiguilles profondes ; elle p\u00e9n\u00e8tre profond\u00e9ment dans la peau pour faciliter l'absorption d'autres produits et la r\u00e9g\u00e9n\u00e9ration et l'\u00e9vacuation des cellules mortes par le m\u00e9canisme de circulation de base de la peau.<\/li>\n<li>B-Micronderm Solution Prot\u00e9ine et Silicium organique \u00e0 m\u00e9langer avec la poudre exfoliante Sili-tox p\u00e9n\u00e8tre profond\u00e9ment dans la peau pour maximiser l'effet et doit \u00eatre m\u00e9lang\u00e9 avec la poudre Sili-tox pour att\u00e9nuer l'irritation de la peau et l'aider \u00e0 s'installer dans la peau.<\/li>\n<\/ol>","protected":false},"excerpt":{"rendered":"<p>Micron-Peel es un procedimiento exfoliante innovador que utiliza ingredientes naturales ricos en minerales y micropart\u00edculas de esp\u00edcula y micrones para revitalizar y rejuvenecer la piel, curar acn\u00e9 y las cicatrices. Gracias a su f\u00f3rmula, Micron-Peel estimula el rejuvenecimiento celular en hidrataci\u00f3n y antibacteriano en la piel, promueve la regeneraci\u00f3n celular y estimula la producci\u00f3n de [&hellip;]<\/p>","protected":false},"featured_media":1912,"comment_status":"open","ping_status":"closed","template":"","meta":[],"product_brand":[],"product_cat":[43],"product_tag":[],"class_list":{"0":"post-1846","1":"product","2":"type-product","3":"status-publish","4":"has-post-thumbnail","6":"product_cat-productos-cosmetologicos","8":"first","9":"instock","10":"taxable","11":"shipping-taxable","12":"purchasable","13":"product-type-simple"},"yoast_head":"<!-- This site is optimized with the Yoast SEO plugin v23.8 - https:\/\/yoast.com\/wordpress\/plugins\/seo\/ -->\n<title>MICRON-PEEL- Caja con 5 viales de 5ml - Dermamedk<\/title>\n<meta name=\"robots\" content=\"index, follow, max-snippet:-1, max-image-preview:large, max-video-preview:-1\" \/>\n<link rel=\"canonical\" href=\"https:\/\/dermamedk.es\/fr\/tienda\/productos-cosmetologicos\/micron-peel-caja-con-5-viales-de-5ml\/\" \/>\n<meta property=\"og:locale\" content=\"fr_FR\" \/>\n<meta property=\"og:type\" content=\"article\" \/>\n<meta property=\"og:title\" content=\"MICRON-PEEL- Caja con 5 viales de 5ml - Dermamedk\" \/>\n<meta property=\"og:description\" content=\"Micron-Peel es un procedimiento exfoliante innovador que utiliza ingredientes naturales ricos en minerales y micropart\u00edculas de esp\u00edcula y micrones para revitalizar y rejuvenecer la piel, curar acn\u00e9 y las cicatrices. Gracias a su f\u00f3rmula, Micron-Peel estimula el rejuvenecimiento celular en hidrataci\u00f3n y antibacteriano en la piel, promueve la regeneraci\u00f3n celular y estimula la producci\u00f3n de [&hellip;]\" \/>\n<meta property=\"og:url\" content=\"https:\/\/dermamedk.es\/fr\/tienda\/productos-cosmetologicos\/micron-peel-caja-con-5-viales-de-5ml\/\" \/>\n<meta property=\"og:site_name\" content=\"Dermamedk\" \/>\n<meta property=\"article:publisher\" content=\"https:\/\/www.facebook.com\/dermamedk\" \/>\n<meta property=\"article:modified_time\" content=\"2024-11-27T07:25:07+00:00\" \/>\n<meta property=\"og:image\" content=\"https:\/\/dermamedk.es\/wp-content\/uploads\/2024\/11\/micropeel.jpg\" \/>\n\t<meta property=\"og:image:width\" content=\"1600\" \/>\n\t<meta property=\"og:image:height\" content=\"1200\" \/>\n\t<meta property=\"og:image:type\" content=\"image\/jpeg\" \/>\n<meta name=\"twitter:card\" content=\"summary_large_image\" \/>\n<meta name=\"twitter:label1\" content=\"Dur\u00e9e de lecture estim\u00e9e\" \/>\n\t<meta name=\"twitter:data1\" content=\"1 minute\" \/>\n<script type=\"application\/ld+json\" class=\"yoast-schema-graph\">{\"@context\":\"https:\/\/schema.org\",\"@graph\":[{\"@type\":\"WebPage\",\"@id\":\"https:\/\/dermamedk.es\/tienda\/productos-cosmetologicos\/micron-peel-caja-con-5-viales-de-5ml\/\",\"url\":\"https:\/\/dermamedk.es\/tienda\/productos-cosmetologicos\/micron-peel-caja-con-5-viales-de-5ml\/\",\"name\":\"MICRON-PEEL- Caja con 5 viales de 5ml - Dermamedk\",\"isPartOf\":{\"@id\":\"https:\/\/dermamedk.es\/#website\"},\"primaryImageOfPage\":{\"@id\":\"https:\/\/dermamedk.es\/tienda\/productos-cosmetologicos\/micron-peel-caja-con-5-viales-de-5ml\/#primaryimage\"},\"image\":{\"@id\":\"https:\/\/dermamedk.es\/tienda\/productos-cosmetologicos\/micron-peel-caja-con-5-viales-de-5ml\/#primaryimage\"},\"thumbnailUrl\":\"https:\/\/dermamedk.es\/wp-content\/uploads\/2024\/11\/micropeel.jpg\",\"datePublished\":\"2024-11-19T06:26:46+00:00\",\"dateModified\":\"2024-11-27T07:25:07+00:00\",\"breadcrumb\":{\"@id\":\"https:\/\/dermamedk.es\/tienda\/productos-cosmetologicos\/micron-peel-caja-con-5-viales-de-5ml\/#breadcrumb\"},\"inLanguage\":\"fr-FR\",\"potentialAction\":[{\"@type\":\"ReadAction\",\"target\":[\"https:\/\/dermamedk.es\/tienda\/productos-cosmetologicos\/micron-peel-caja-con-5-viales-de-5ml\/\"]}]},{\"@type\":\"ImageObject\",\"inLanguage\":\"fr-FR\",\"@id\":\"https:\/\/dermamedk.es\/tienda\/productos-cosmetologicos\/micron-peel-caja-con-5-viales-de-5ml\/#primaryimage\",\"url\":\"https:\/\/dermamedk.es\/wp-content\/uploads\/2024\/11\/micropeel.jpg\",\"contentUrl\":\"https:\/\/dermamedk.es\/wp-content\/uploads\/2024\/11\/micropeel.jpg\",\"width\":1600,\"height\":1200},{\"@type\":\"BreadcrumbList\",\"@id\":\"https:\/\/dermamedk.es\/tienda\/productos-cosmetologicos\/micron-peel-caja-con-5-viales-de-5ml\/#breadcrumb\",\"itemListElement\":[{\"@type\":\"ListItem\",\"position\":1,\"name\":\"Home\",\"item\":\"https:\/\/dermamedk.es\/\"},{\"@type\":\"ListItem\",\"position\":2,\"name\":\"Tienda\",\"item\":\"https:\/\/dermamedk.es\/tienda-dermamedk\/\"},{\"@type\":\"ListItem\",\"position\":3,\"name\":\"MICRON-PEEL- Caja con 5 viales de 5ml\"}]},{\"@type\":\"WebSite\",\"@id\":\"https:\/\/dermamedk.es\/#website\",\"url\":\"https:\/\/dermamedk.es\/\",\"name\":\"DermamedK | La elecci\u00f3n perfecta para tu cuidado de la piel\",\"description\":\"Lo mejor para el cuidado de tu piel\",\"publisher\":{\"@id\":\"https:\/\/dermamedk.es\/#organization\"},\"potentialAction\":[{\"@type\":\"SearchAction\",\"target\":{\"@type\":\"EntryPoint\",\"urlTemplate\":\"https:\/\/dermamedk.es\/?s={search_term_string}\"},\"query-input\":{\"@type\":\"PropertyValueSpecification\",\"valueRequired\":true,\"valueName\":\"search_term_string\"}}],\"inLanguage\":\"fr-FR\"},{\"@type\":\"Organization\",\"@id\":\"https:\/\/dermamedk.es\/#organization\",\"name\":\"DermamedK | La elecci\u00f3n perfecta para tu cuidado de la piel\",\"url\":\"https:\/\/dermamedk.es\/\",\"logo\":{\"@type\":\"ImageObject\",\"inLanguage\":\"fr-FR\",\"@id\":\"https:\/\/dermamedk.es\/#\/schema\/logo\/image\/\",\"url\":\"https:\/\/dermamedk.es\/wp-content\/uploads\/2023\/04\/logo-150.webp\",\"contentUrl\":\"https:\/\/dermamedk.es\/wp-content\/uploads\/2023\/04\/logo-150.webp\",\"width\":180,\"height\":212,\"caption\":\"DermamedK | La elecci\u00f3n perfecta para tu cuidado de la piel\"},\"image\":{\"@id\":\"https:\/\/dermamedk.es\/#\/schema\/logo\/image\/\"},\"sameAs\":[\"https:\/\/www.facebook.com\/dermamedk\",\"https:\/\/www.instagram.com\/dermamedk\/\"]}]}<\/script>\n<!-- \/ Yoast SEO plugin. -->","yoast_head_json":{"title":"MICRON-PEEL- Caja con 5 viales de 5ml - Dermamedk","robots":{"index":"index","follow":"follow","max-snippet":"max-snippet:-1","max-image-preview":"max-image-preview:large","max-video-preview":"max-video-preview:-1"},"canonical":"https:\/\/dermamedk.es\/fr\/tienda\/productos-cosmetologicos\/micron-peel-caja-con-5-viales-de-5ml\/","og_locale":"fr_FR","og_type":"article","og_title":"MICRON-PEEL- Caja con 5 viales de 5ml - Dermamedk","og_description":"Micron-Peel es un procedimiento exfoliante innovador que utiliza ingredientes naturales ricos en minerales y micropart\u00edculas de esp\u00edcula y micrones para revitalizar y rejuvenecer la piel, curar acn\u00e9 y las cicatrices. Gracias a su f\u00f3rmula, Micron-Peel estimula el rejuvenecimiento celular en hidrataci\u00f3n y antibacteriano en la piel, promueve la regeneraci\u00f3n celular y estimula la producci\u00f3n de [&hellip;]","og_url":"https:\/\/dermamedk.es\/fr\/tienda\/productos-cosmetologicos\/micron-peel-caja-con-5-viales-de-5ml\/","og_site_name":"Dermamedk","article_publisher":"https:\/\/www.facebook.com\/dermamedk","article_modified_time":"2024-11-27T07:25:07+00:00","og_image":[{"width":1600,"height":1200,"url":"https:\/\/dermamedk.es\/wp-content\/uploads\/2024\/11\/micropeel.jpg","type":"image\/jpeg"}],"twitter_card":"summary_large_image","twitter_misc":{"Dur\u00e9e de lecture estim\u00e9e":"1 minute"},"schema":{"@context":"https:\/\/schema.org","@graph":[{"@type":"WebPage","@id":"https:\/\/dermamedk.es\/tienda\/productos-cosmetologicos\/micron-peel-caja-con-5-viales-de-5ml\/","url":"https:\/\/dermamedk.es\/tienda\/productos-cosmetologicos\/micron-peel-caja-con-5-viales-de-5ml\/","name":"MICRON-PEEL- Caja con 5 viales de 5ml - Dermamedk","isPartOf":{"@id":"https:\/\/dermamedk.es\/#website"},"primaryImageOfPage":{"@id":"https:\/\/dermamedk.es\/tienda\/productos-cosmetologicos\/micron-peel-caja-con-5-viales-de-5ml\/#primaryimage"},"image":{"@id":"https:\/\/dermamedk.es\/tienda\/productos-cosmetologicos\/micron-peel-caja-con-5-viales-de-5ml\/#primaryimage"},"thumbnailUrl":"https:\/\/dermamedk.es\/wp-content\/uploads\/2024\/11\/micropeel.jpg","datePublished":"2024-11-19T06:26:46+00:00","dateModified":"2024-11-27T07:25:07+00:00","breadcrumb":{"@id":"https:\/\/dermamedk.es\/tienda\/productos-cosmetologicos\/micron-peel-caja-con-5-viales-de-5ml\/#breadcrumb"},"inLanguage":"fr-FR","potentialAction":[{"@type":"ReadAction","target":["https:\/\/dermamedk.es\/tienda\/productos-cosmetologicos\/micron-peel-caja-con-5-viales-de-5ml\/"]}]},{"@type":"ImageObject","inLanguage":"fr-FR","@id":"https:\/\/dermamedk.es\/tienda\/productos-cosmetologicos\/micron-peel-caja-con-5-viales-de-5ml\/#primaryimage","url":"https:\/\/dermamedk.es\/wp-content\/uploads\/2024\/11\/micropeel.jpg","contentUrl":"https:\/\/dermamedk.es\/wp-content\/uploads\/2024\/11\/micropeel.jpg","width":1600,"height":1200},{"@type":"BreadcrumbList","@id":"https:\/\/dermamedk.es\/tienda\/productos-cosmetologicos\/micron-peel-caja-con-5-viales-de-5ml\/#breadcrumb","itemListElement":[{"@type":"ListItem","position":1,"name":"Home","item":"https:\/\/dermamedk.es\/"},{"@type":"ListItem","position":2,"name":"Tienda","item":"https:\/\/dermamedk.es\/tienda-dermamedk\/"},{"@type":"ListItem","position":3,"name":"MICRON-PEEL- Caja con 5 viales de 5ml"}]},{"@type":"WebSite","@id":"https:\/\/dermamedk.es\/#website","url":"https:\/\/dermamedk.es\/","name":"DermamedK | La elecci\u00f3n perfecta para tu cuidado de la piel","description":"Lo mejor para el cuidado de tu piel","publisher":{"@id":"https:\/\/dermamedk.es\/#organization"},"potentialAction":[{"@type":"SearchAction","target":{"@type":"EntryPoint","urlTemplate":"https:\/\/dermamedk.es\/?s={search_term_string}"},"query-input":{"@type":"PropertyValueSpecification","valueRequired":true,"valueName":"search_term_string"}}],"inLanguage":"fr-FR"},{"@type":"Organization","@id":"https:\/\/dermamedk.es\/#organization","name":"DermamedK | La elecci\u00f3n perfecta para tu cuidado de la piel","url":"https:\/\/dermamedk.es\/","logo":{"@type":"ImageObject","inLanguage":"fr-FR","@id":"https:\/\/dermamedk.es\/#\/schema\/logo\/image\/","url":"https:\/\/dermamedk.es\/wp-content\/uploads\/2023\/04\/logo-150.webp","contentUrl":"https:\/\/dermamedk.es\/wp-content\/uploads\/2023\/04\/logo-150.webp","width":180,"height":212,"caption":"DermamedK | La elecci\u00f3n perfecta para tu cuidado de la piel"},"image":{"@id":"https:\/\/dermamedk.es\/#\/schema\/logo\/image\/"},"sameAs":["https:\/\/www.facebook.com\/dermamedk","https:\/\/www.instagram.com\/dermamedk\/"]}]}},"_links":{"self":[{"href":"https:\/\/dermamedk.es\/fr\/wp-json\/wp\/v2\/product\/1846","targetHints":{"allow":["GET"]}}],"collection":[{"href":"https:\/\/dermamedk.es\/fr\/wp-json\/wp\/v2\/product"}],"about":[{"href":"https:\/\/dermamedk.es\/fr\/wp-json\/wp\/v2\/types\/product"}],"replies":[{"embeddable":true,"href":"https:\/\/dermamedk.es\/fr\/wp-json\/wp\/v2\/comments?post=1846"}],"version-history":[{"count":3,"href":"https:\/\/dermamedk.es\/fr\/wp-json\/wp\/v2\/product\/1846\/revisions"}],"predecessor-version":[{"id":2167,"href":"https:\/\/dermamedk.es\/fr\/wp-json\/wp\/v2\/product\/1846\/revisions\/2167"}],"wp:featuredmedia":[{"embeddable":true,"href":"https:\/\/dermamedk.es\/fr\/wp-json\/wp\/v2\/media\/1912"}],"wp:attachment":[{"href":"https:\/\/dermamedk.es\/fr\/wp-json\/wp\/v2\/media?parent=1846"}],"wp:term":[{"taxonomy":"product_brand","embeddable":true,"href":"https:\/\/dermamedk.es\/fr\/wp-json\/wp\/v2\/product_brand?post=1846"},{"taxonomy":"product_cat","embeddable":true,"href":"https:\/\/dermamedk.es\/fr\/wp-json\/wp\/v2\/product_cat?post=1846"},{"taxonomy":"product_tag","embeddable":true,"href":"https:\/\/dermamedk.es\/fr\/wp-json\/wp\/v2\/product_tag?post=1846"}],"curies":[{"name":"wp","href":"https:\/\/api.w.org\/{rel}","templated":true}]}}