 {"id":1571,"date":"2023-05-23T03:32:28","date_gmt":"2023-05-23T01:32:28","guid":{"rendered":"https:\/\/dermamedk.es\/?post_type=product&#038;p=1571"},"modified":"2024-03-12T21:54:54","modified_gmt":"2024-03-12T20:54:54","slug":"bb-glow-piel-d-porcelana","status":"publish","type":"product","link":"https:\/\/dermamedk.es\/fr\/tienda\/principios-activos\/bb-glow-piel-d-porcelana\/","title":{"rendered":"BB Glow - D-Porcelain Skin"},"content":{"rendered":"<p><strong>\u00a05 unit\u00e9s x 8ml<\/strong><\/p>\n<p>BB glow de Dermamedk est un nouveau traitement facial r\u00e9g\u00e9n\u00e9rant qui unifie le teint.<br \/>\nDisponible en 4 couleurs diff\u00e9rentes.<\/p>\n<p><strong>Fonction<\/strong><br \/>\nDermamedk BB glow est un nouveau traitement r\u00e9g\u00e9n\u00e9rant pour le visage qui unifie le teint. Disponible en 4 couleurs diff\u00e9rentes.<\/p>\n<p><strong>Mode d'emploi :<\/strong><br \/>\nUsage professionnel. Usage topique uniquement. \u00c9viter tout contact avec les muqueuses ou les plaies.<\/p>\n<p><strong>Stockage et pr\u00e9cautions<\/strong><br \/>\nDans un endroit frais et sec. Prot\u00e9ger de la lumi\u00e8re directe. Ne pas injecter. Produit cosm\u00e9tique. Ne pas ing\u00e9rer. \u00c9viter le contact avec les yeux. Tenir hors de port\u00e9e des enfants.<\/p>","protected":false},"excerpt":{"rendered":"<p>\u00a05 unit x 8ml BB glow de Dermamedk es un nuevo tratamiento facial regenerante que unifica el tono de la piel. Disponible en 4 diferentes colores. Function Dermamedk BB glow is a new facial regenerating treatment that unifies skin tone. Available in 4 different colors. Modo de empleo: Uso profesional. Uso t\u00f3pico exclusivo. Evitar el [&hellip;]<\/p>","protected":false},"featured_media":1572,"comment_status":"open","ping_status":"closed","template":"","meta":[],"product_brand":[],"product_cat":[42],"product_tag":[],"class_list":{"0":"post-1571","1":"product","2":"type-product","3":"status-publish","4":"has-post-thumbnail","6":"product_cat-principios-activos","8":"first","9":"instock","10":"taxable","11":"shipping-taxable","12":"purchasable","13":"product-type-simple"},"yoast_head":"<!-- This site is optimized with the Yoast SEO plugin v23.8 - https:\/\/yoast.com\/wordpress\/plugins\/seo\/ -->\n<title>BB Glow - Piel D-Porcelana - Dermamedk<\/title>\n<meta name=\"description\" content=\"BB glow de Dermamedk es un nuevo tratamiento facial regenerante que unifica el tono de la piel. Disponible en 4 diferentes colores\" \/>\n<meta name=\"robots\" content=\"index, follow, max-snippet:-1, max-image-preview:large, max-video-preview:-1\" \/>\n<link rel=\"canonical\" href=\"https:\/\/dermamedk.es\/fr\/tienda\/principios-activos\/bb-glow-piel-d-porcelana\/\" \/>\n<meta property=\"og:locale\" content=\"fr_FR\" \/>\n<meta property=\"og:type\" content=\"article\" \/>\n<meta property=\"og:title\" content=\"BB Glow - Piel D-Porcelana - Dermamedk\" \/>\n<meta property=\"og:description\" content=\"BB glow de Dermamedk es un nuevo tratamiento facial regenerante que unifica el tono de la piel. Disponible en 4 diferentes colores\" \/>\n<meta property=\"og:url\" content=\"https:\/\/dermamedk.es\/fr\/tienda\/principios-activos\/bb-glow-piel-d-porcelana\/\" \/>\n<meta property=\"og:site_name\" content=\"Dermamedk\" \/>\n<meta property=\"article:publisher\" content=\"https:\/\/www.facebook.com\/dermamedk\" \/>\n<meta property=\"article:modified_time\" content=\"2024-03-12T20:54:54+00:00\" \/>\n<meta property=\"og:image\" content=\"https:\/\/dermamedk.es\/wp-content\/uploads\/2023\/05\/bb-glow.webp\" \/>\n\t<meta property=\"og:image:width\" content=\"655\" \/>\n\t<meta property=\"og:image:height\" content=\"277\" \/>\n\t<meta property=\"og:image:type\" content=\"image\/webp\" \/>\n<meta name=\"twitter:card\" content=\"summary_large_image\" \/>\n<meta name=\"twitter:label1\" content=\"Dur\u00e9e de lecture estim\u00e9e\" \/>\n\t<meta name=\"twitter:data1\" content=\"1 minute\" \/>\n<script type=\"application\/ld+json\" class=\"yoast-schema-graph\">{\"@context\":\"https:\/\/schema.org\",\"@graph\":[{\"@type\":\"WebPage\",\"@id\":\"https:\/\/dermamedk.es\/tienda\/principios-activos\/bb-glow-piel-d-porcelana\/\",\"url\":\"https:\/\/dermamedk.es\/tienda\/principios-activos\/bb-glow-piel-d-porcelana\/\",\"name\":\"BB Glow - Piel D-Porcelana - Dermamedk\",\"isPartOf\":{\"@id\":\"https:\/\/dermamedk.es\/#website\"},\"primaryImageOfPage\":{\"@id\":\"https:\/\/dermamedk.es\/tienda\/principios-activos\/bb-glow-piel-d-porcelana\/#primaryimage\"},\"image\":{\"@id\":\"https:\/\/dermamedk.es\/tienda\/principios-activos\/bb-glow-piel-d-porcelana\/#primaryimage\"},\"thumbnailUrl\":\"https:\/\/dermamedk.es\/wp-content\/uploads\/2023\/05\/bb-glow.webp\",\"datePublished\":\"2023-05-23T01:32:28+00:00\",\"dateModified\":\"2024-03-12T20:54:54+00:00\",\"description\":\"BB glow de Dermamedk es un nuevo tratamiento facial regenerante que unifica el tono de la piel. Disponible en 4 diferentes colores\",\"breadcrumb\":{\"@id\":\"https:\/\/dermamedk.es\/tienda\/principios-activos\/bb-glow-piel-d-porcelana\/#breadcrumb\"},\"inLanguage\":\"fr-FR\",\"potentialAction\":[{\"@type\":\"ReadAction\",\"target\":[\"https:\/\/dermamedk.es\/tienda\/principios-activos\/bb-glow-piel-d-porcelana\/\"]}]},{\"@type\":\"ImageObject\",\"inLanguage\":\"fr-FR\",\"@id\":\"https:\/\/dermamedk.es\/tienda\/principios-activos\/bb-glow-piel-d-porcelana\/#primaryimage\",\"url\":\"https:\/\/dermamedk.es\/wp-content\/uploads\/2023\/05\/bb-glow.webp\",\"contentUrl\":\"https:\/\/dermamedk.es\/wp-content\/uploads\/2023\/05\/bb-glow.webp\",\"width\":655,\"height\":277},{\"@type\":\"BreadcrumbList\",\"@id\":\"https:\/\/dermamedk.es\/tienda\/principios-activos\/bb-glow-piel-d-porcelana\/#breadcrumb\",\"itemListElement\":[{\"@type\":\"ListItem\",\"position\":1,\"name\":\"Home\",\"item\":\"https:\/\/dermamedk.es\/\"},{\"@type\":\"ListItem\",\"position\":2,\"name\":\"Tienda\",\"item\":\"https:\/\/dermamedk.es\/tienda-dermamedk\/\"},{\"@type\":\"ListItem\",\"position\":3,\"name\":\"BB Glow &#8211; Piel D-Porcelana\"}]},{\"@type\":\"WebSite\",\"@id\":\"https:\/\/dermamedk.es\/#website\",\"url\":\"https:\/\/dermamedk.es\/\",\"name\":\"DermamedK | La elecci\u00f3n perfecta para tu cuidado de la piel\",\"description\":\"Lo mejor para el cuidado de tu piel\",\"publisher\":{\"@id\":\"https:\/\/dermamedk.es\/#organization\"},\"potentialAction\":[{\"@type\":\"SearchAction\",\"target\":{\"@type\":\"EntryPoint\",\"urlTemplate\":\"https:\/\/dermamedk.es\/?s={search_term_string}\"},\"query-input\":{\"@type\":\"PropertyValueSpecification\",\"valueRequired\":true,\"valueName\":\"search_term_string\"}}],\"inLanguage\":\"fr-FR\"},{\"@type\":\"Organization\",\"@id\":\"https:\/\/dermamedk.es\/#organization\",\"name\":\"DermamedK | La elecci\u00f3n perfecta para tu cuidado de la piel\",\"url\":\"https:\/\/dermamedk.es\/\",\"logo\":{\"@type\":\"ImageObject\",\"inLanguage\":\"fr-FR\",\"@id\":\"https:\/\/dermamedk.es\/#\/schema\/logo\/image\/\",\"url\":\"https:\/\/dermamedk.es\/wp-content\/uploads\/2023\/04\/logo-150.webp\",\"contentUrl\":\"https:\/\/dermamedk.es\/wp-content\/uploads\/2023\/04\/logo-150.webp\",\"width\":180,\"height\":212,\"caption\":\"DermamedK | La elecci\u00f3n perfecta para tu cuidado de la piel\"},\"image\":{\"@id\":\"https:\/\/dermamedk.es\/#\/schema\/logo\/image\/\"},\"sameAs\":[\"https:\/\/www.facebook.com\/dermamedk\",\"https:\/\/www.instagram.com\/dermamedk\/\"]}]}<\/script>\n<!-- \/ Yoast SEO plugin. -->","yoast_head_json":{"title":"BB Glow - Piel D-Porcelana - Dermamedk","description":"BB glow de Dermamedk es un nuevo tratamiento facial regenerante que unifica el tono de la piel. Disponible en 4 diferentes colores","robots":{"index":"index","follow":"follow","max-snippet":"max-snippet:-1","max-image-preview":"max-image-preview:large","max-video-preview":"max-video-preview:-1"},"canonical":"https:\/\/dermamedk.es\/fr\/tienda\/principios-activos\/bb-glow-piel-d-porcelana\/","og_locale":"fr_FR","og_type":"article","og_title":"BB Glow - Piel D-Porcelana - Dermamedk","og_description":"BB glow de Dermamedk es un nuevo tratamiento facial regenerante que unifica el tono de la piel. Disponible en 4 diferentes colores","og_url":"https:\/\/dermamedk.es\/fr\/tienda\/principios-activos\/bb-glow-piel-d-porcelana\/","og_site_name":"Dermamedk","article_publisher":"https:\/\/www.facebook.com\/dermamedk","article_modified_time":"2024-03-12T20:54:54+00:00","og_image":[{"width":655,"height":277,"url":"https:\/\/dermamedk.es\/wp-content\/uploads\/2023\/05\/bb-glow.webp","type":"image\/webp"}],"twitter_card":"summary_large_image","twitter_misc":{"Dur\u00e9e de lecture estim\u00e9e":"1 minute"},"schema":{"@context":"https:\/\/schema.org","@graph":[{"@type":"WebPage","@id":"https:\/\/dermamedk.es\/tienda\/principios-activos\/bb-glow-piel-d-porcelana\/","url":"https:\/\/dermamedk.es\/tienda\/principios-activos\/bb-glow-piel-d-porcelana\/","name":"BB Glow - Piel D-Porcelana - Dermamedk","isPartOf":{"@id":"https:\/\/dermamedk.es\/#website"},"primaryImageOfPage":{"@id":"https:\/\/dermamedk.es\/tienda\/principios-activos\/bb-glow-piel-d-porcelana\/#primaryimage"},"image":{"@id":"https:\/\/dermamedk.es\/tienda\/principios-activos\/bb-glow-piel-d-porcelana\/#primaryimage"},"thumbnailUrl":"https:\/\/dermamedk.es\/wp-content\/uploads\/2023\/05\/bb-glow.webp","datePublished":"2023-05-23T01:32:28+00:00","dateModified":"2024-03-12T20:54:54+00:00","description":"BB glow de Dermamedk es un nuevo tratamiento facial regenerante que unifica el tono de la piel. Disponible en 4 diferentes colores","breadcrumb":{"@id":"https:\/\/dermamedk.es\/tienda\/principios-activos\/bb-glow-piel-d-porcelana\/#breadcrumb"},"inLanguage":"fr-FR","potentialAction":[{"@type":"ReadAction","target":["https:\/\/dermamedk.es\/tienda\/principios-activos\/bb-glow-piel-d-porcelana\/"]}]},{"@type":"ImageObject","inLanguage":"fr-FR","@id":"https:\/\/dermamedk.es\/tienda\/principios-activos\/bb-glow-piel-d-porcelana\/#primaryimage","url":"https:\/\/dermamedk.es\/wp-content\/uploads\/2023\/05\/bb-glow.webp","contentUrl":"https:\/\/dermamedk.es\/wp-content\/uploads\/2023\/05\/bb-glow.webp","width":655,"height":277},{"@type":"BreadcrumbList","@id":"https:\/\/dermamedk.es\/tienda\/principios-activos\/bb-glow-piel-d-porcelana\/#breadcrumb","itemListElement":[{"@type":"ListItem","position":1,"name":"Home","item":"https:\/\/dermamedk.es\/"},{"@type":"ListItem","position":2,"name":"Tienda","item":"https:\/\/dermamedk.es\/tienda-dermamedk\/"},{"@type":"ListItem","position":3,"name":"BB Glow &#8211; Piel D-Porcelana"}]},{"@type":"WebSite","@id":"https:\/\/dermamedk.es\/#website","url":"https:\/\/dermamedk.es\/","name":"DermamedK | La elecci\u00f3n perfecta para tu cuidado de la piel","description":"Lo mejor para el cuidado de tu piel","publisher":{"@id":"https:\/\/dermamedk.es\/#organization"},"potentialAction":[{"@type":"SearchAction","target":{"@type":"EntryPoint","urlTemplate":"https:\/\/dermamedk.es\/?s={search_term_string}"},"query-input":{"@type":"PropertyValueSpecification","valueRequired":true,"valueName":"search_term_string"}}],"inLanguage":"fr-FR"},{"@type":"Organization","@id":"https:\/\/dermamedk.es\/#organization","name":"DermamedK | La elecci\u00f3n perfecta para tu cuidado de la piel","url":"https:\/\/dermamedk.es\/","logo":{"@type":"ImageObject","inLanguage":"fr-FR","@id":"https:\/\/dermamedk.es\/#\/schema\/logo\/image\/","url":"https:\/\/dermamedk.es\/wp-content\/uploads\/2023\/04\/logo-150.webp","contentUrl":"https:\/\/dermamedk.es\/wp-content\/uploads\/2023\/04\/logo-150.webp","width":180,"height":212,"caption":"DermamedK | La elecci\u00f3n perfecta para tu cuidado de la piel"},"image":{"@id":"https:\/\/dermamedk.es\/#\/schema\/logo\/image\/"},"sameAs":["https:\/\/www.facebook.com\/dermamedk","https:\/\/www.instagram.com\/dermamedk\/"]}]}},"_links":{"self":[{"href":"https:\/\/dermamedk.es\/fr\/wp-json\/wp\/v2\/product\/1571","targetHints":{"allow":["GET"]}}],"collection":[{"href":"https:\/\/dermamedk.es\/fr\/wp-json\/wp\/v2\/product"}],"about":[{"href":"https:\/\/dermamedk.es\/fr\/wp-json\/wp\/v2\/types\/product"}],"replies":[{"embeddable":true,"href":"https:\/\/dermamedk.es\/fr\/wp-json\/wp\/v2\/comments?post=1571"}],"version-history":[{"count":3,"href":"https:\/\/dermamedk.es\/fr\/wp-json\/wp\/v2\/product\/1571\/revisions"}],"predecessor-version":[{"id":1575,"href":"https:\/\/dermamedk.es\/fr\/wp-json\/wp\/v2\/product\/1571\/revisions\/1575"}],"wp:featuredmedia":[{"embeddable":true,"href":"https:\/\/dermamedk.es\/fr\/wp-json\/wp\/v2\/media\/1572"}],"wp:attachment":[{"href":"https:\/\/dermamedk.es\/fr\/wp-json\/wp\/v2\/media?parent=1571"}],"wp:term":[{"taxonomy":"product_brand","embeddable":true,"href":"https:\/\/dermamedk.es\/fr\/wp-json\/wp\/v2\/product_brand?post=1571"},{"taxonomy":"product_cat","embeddable":true,"href":"https:\/\/dermamedk.es\/fr\/wp-json\/wp\/v2\/product_cat?post=1571"},{"taxonomy":"product_tag","embeddable":true,"href":"https:\/\/dermamedk.es\/fr\/wp-json\/wp\/v2\/product_tag?post=1571"}],"curies":[{"name":"wp","href":"https:\/\/api.w.org\/{rel}","templated":true}]}}