 {"id":1569,"date":"2023-05-23T03:20:33","date_gmt":"2023-05-23T01:20:33","guid":{"rendered":"https:\/\/dermamedk.es\/?post_type=product&#038;p=1569"},"modified":"2023-09-19T18:46:27","modified_gmt":"2023-09-19T16:46:27","slug":"derma-mix-peel-kit","status":"publish","type":"product","link":"https:\/\/dermamedk.es\/fr\/tienda\/principios-activos\/derma-mix-peel-kit\/","title":{"rendered":"DERMA MIX PEEL (KIT)"},"content":{"rendered":"<p><strong>5 unit\u00e9s x 5ml<\/strong><\/p>\n<p><span style=\"font-weight: 400;\">Il s'agit d'un kit contenant des peelings adapt\u00e9s \u00e0 diff\u00e9rents types de traitements parmi lesquels nous trouvons l'ACIDE SALICYLIQUE 20%, l'ACIDE GLYCOLIQUE 40%, l'ACIDE TRANEXAMIQUE, LACTIQUE, KOJIQUE, FERULIQUE, CITRIQUE, MANDELIQUE, le composant principal dans le sens de la r\u00e9g\u00e9n\u00e9ration DMAE.<\/span><\/p>\n<p><b>COMMENT CELA FONCTIONNE-T-IL ?<\/b><\/p>\n<p><span style=\"font-weight: 400;\">Ce m\u00e9lange de peeling am\u00e9liorera les probl\u00e8mes de pigmentation, exfoliera contre l'acn\u00e9, travaillera \u00e0 l'unification du teint, r\u00e9duira les ridules (photovieillissement), bene\ufb01ciara \u00e0 la rea\ufb01rmation de la peau en lui apportant fermet\u00e9 et luminosit\u00e9, combattra l'hyperk\u00e9ratose, les cicatrices, les imperfections, l'acn\u00e9 et les rides.<\/span><\/p>\n<p><b>INGR\u00c9DIENTS ACTIFS<\/b><\/p>\n<p><span style=\"font-weight: 400;\">TCA<\/span><\/p>\n<p><span style=\"font-weight: 400;\">ACIDE SALICYLIQUE <\/span><\/p>\n<p><span style=\"font-weight: 400;\">ACIDE GLYCOLIQUE <\/span><\/p>\n<p><span style=\"font-weight: 400;\">ACIDE TRANEXAMIQUE <\/span><\/p>\n<p><span style=\"font-weight: 400;\">ACIDE LATTY<\/span><\/p>\n<p><span style=\"font-weight: 400;\">ACIDE KOJIQUE <\/span><\/p>\n<p><span style=\"font-weight: 400;\">ACIDE FERULIQUE <\/span><\/p>\n<p><span style=\"font-weight: 400;\">ACIDE CITRIQUE <\/span><\/p>\n<p><span style=\"font-weight: 400;\">ACIDE MANDELIQUE<\/span><\/p>\n<p><b>B\u00c9N\u00c9FICES<\/b><\/p>\n<p><span style=\"font-weight: 400;\">Ce traitement am\u00e9liore le teint de la peau en r\u00e9duisant l'hyperpigmentation (taches sombres, marques d'acn\u00e9, taches de soleil, taches de rousseur) et la d\u00e9coloration. Il revitalise les peaux ternes et leur donne un aspect doux et lisse. En outre, gr\u00e2ce \u00e0 ses effets d'exfoliation en profondeur, le peeling TCA est \u00e9galement capable de nettoyer les pores congestionn\u00e9s pour re\ufb01nir la surface de la peau.<\/span><\/p>","protected":false},"excerpt":{"rendered":"<p>5 unit x 5ml Es un kit que contiene los peelings adecuados para diferentes tipos de tratamientos entre ellos tenemos el \u00c1CIDO SALIC\u00cdLICO al 20%, el \u00c1CIDO GLIC\u00d3LICO al 40%, \u00c1CIDO TRANEX\u00c1MICO,L\u00c1CTICO, KOJICO, FERULICO, CITRICO, MANDELICO componente principal en el sentido de regeneraci\u00f3n el DMAE. COMO FUNCIONA. Este mix de peeling mejorar\u00e1 los problemas de [&hellip;]<\/p>","protected":false},"featured_media":1501,"comment_status":"open","ping_status":"closed","template":"","meta":[],"product_brand":[],"product_cat":[42],"product_tag":[],"class_list":{"0":"post-1569","1":"product","2":"type-product","3":"status-publish","4":"has-post-thumbnail","6":"product_cat-principios-activos","8":"first","9":"instock","10":"taxable","11":"shipping-taxable","12":"purchasable","13":"product-type-simple"},"yoast_head":"<!-- This site is optimized with the Yoast SEO plugin v23.8 - https:\/\/yoast.com\/wordpress\/plugins\/seo\/ -->\n<title>DERMA MIX PEEL (KIT) - Dermamedk<\/title>\n<meta name=\"description\" content=\"Es un kit que contiene los peelings adecuados para diferentes tipos de tratamientos entre ellos tenemos el \u00c1CIDO SALIC\u00cdLICO al 20%, el \u00c1CIDO GLIC\u00d3LICO al...\" \/>\n<meta name=\"robots\" content=\"index, follow, max-snippet:-1, max-image-preview:large, max-video-preview:-1\" \/>\n<link rel=\"canonical\" href=\"https:\/\/dermamedk.es\/fr\/tienda\/principios-activos\/derma-mix-peel-kit\/\" \/>\n<meta property=\"og:locale\" content=\"fr_FR\" \/>\n<meta property=\"og:type\" content=\"article\" \/>\n<meta property=\"og:title\" content=\"DERMA MIX PEEL (KIT) - Dermamedk\" \/>\n<meta property=\"og:description\" content=\"Es un kit que contiene los peelings adecuados para diferentes tipos de tratamientos entre ellos tenemos el \u00c1CIDO SALIC\u00cdLICO al 20%, el \u00c1CIDO GLIC\u00d3LICO al...\" \/>\n<meta property=\"og:url\" content=\"https:\/\/dermamedk.es\/fr\/tienda\/principios-activos\/derma-mix-peel-kit\/\" \/>\n<meta property=\"og:site_name\" content=\"Dermamedk\" \/>\n<meta property=\"article:publisher\" content=\"https:\/\/www.facebook.com\/dermamedk\" \/>\n<meta property=\"article:modified_time\" content=\"2023-09-19T16:46:27+00:00\" \/>\n<meta property=\"og:image\" content=\"https:\/\/dermamedk.es\/wp-content\/uploads\/2023\/05\/DERMA-MIX-PEEL.webp\" \/>\n\t<meta property=\"og:image:width\" content=\"271\" \/>\n\t<meta property=\"og:image:height\" content=\"492\" \/>\n\t<meta property=\"og:image:type\" content=\"image\/webp\" \/>\n<meta name=\"twitter:card\" content=\"summary_large_image\" \/>\n<meta name=\"twitter:label1\" content=\"Dur\u00e9e de lecture estim\u00e9e\" \/>\n\t<meta name=\"twitter:data1\" content=\"1 minute\" \/>\n<script type=\"application\/ld+json\" class=\"yoast-schema-graph\">{\"@context\":\"https:\/\/schema.org\",\"@graph\":[{\"@type\":\"WebPage\",\"@id\":\"https:\/\/dermamedk.es\/tienda\/principios-activos\/derma-mix-peel-kit\/\",\"url\":\"https:\/\/dermamedk.es\/tienda\/principios-activos\/derma-mix-peel-kit\/\",\"name\":\"DERMA MIX PEEL (KIT) - Dermamedk\",\"isPartOf\":{\"@id\":\"https:\/\/dermamedk.es\/#website\"},\"primaryImageOfPage\":{\"@id\":\"https:\/\/dermamedk.es\/tienda\/principios-activos\/derma-mix-peel-kit\/#primaryimage\"},\"image\":{\"@id\":\"https:\/\/dermamedk.es\/tienda\/principios-activos\/derma-mix-peel-kit\/#primaryimage\"},\"thumbnailUrl\":\"https:\/\/dermamedk.es\/wp-content\/uploads\/2023\/05\/DERMA-MIX-PEEL.webp\",\"datePublished\":\"2023-05-23T01:20:33+00:00\",\"dateModified\":\"2023-09-19T16:46:27+00:00\",\"description\":\"Es un kit que contiene los peelings adecuados para diferentes tipos de tratamientos entre ellos tenemos el \u00c1CIDO SALIC\u00cdLICO al 20%, el \u00c1CIDO GLIC\u00d3LICO al...\",\"breadcrumb\":{\"@id\":\"https:\/\/dermamedk.es\/tienda\/principios-activos\/derma-mix-peel-kit\/#breadcrumb\"},\"inLanguage\":\"fr-FR\",\"potentialAction\":[{\"@type\":\"ReadAction\",\"target\":[\"https:\/\/dermamedk.es\/tienda\/principios-activos\/derma-mix-peel-kit\/\"]}]},{\"@type\":\"ImageObject\",\"inLanguage\":\"fr-FR\",\"@id\":\"https:\/\/dermamedk.es\/tienda\/principios-activos\/derma-mix-peel-kit\/#primaryimage\",\"url\":\"https:\/\/dermamedk.es\/wp-content\/uploads\/2023\/05\/DERMA-MIX-PEEL.webp\",\"contentUrl\":\"https:\/\/dermamedk.es\/wp-content\/uploads\/2023\/05\/DERMA-MIX-PEEL.webp\",\"width\":271,\"height\":492},{\"@type\":\"BreadcrumbList\",\"@id\":\"https:\/\/dermamedk.es\/tienda\/principios-activos\/derma-mix-peel-kit\/#breadcrumb\",\"itemListElement\":[{\"@type\":\"ListItem\",\"position\":1,\"name\":\"Home\",\"item\":\"https:\/\/dermamedk.es\/\"},{\"@type\":\"ListItem\",\"position\":2,\"name\":\"Tienda\",\"item\":\"https:\/\/dermamedk.es\/tienda-dermamedk\/\"},{\"@type\":\"ListItem\",\"position\":3,\"name\":\"DERMA MIX PEEL (KIT)\"}]},{\"@type\":\"WebSite\",\"@id\":\"https:\/\/dermamedk.es\/#website\",\"url\":\"https:\/\/dermamedk.es\/\",\"name\":\"DermamedK | La elecci\u00f3n perfecta para tu cuidado de la piel\",\"description\":\"Lo mejor para el cuidado de tu piel\",\"publisher\":{\"@id\":\"https:\/\/dermamedk.es\/#organization\"},\"potentialAction\":[{\"@type\":\"SearchAction\",\"target\":{\"@type\":\"EntryPoint\",\"urlTemplate\":\"https:\/\/dermamedk.es\/?s={search_term_string}\"},\"query-input\":{\"@type\":\"PropertyValueSpecification\",\"valueRequired\":true,\"valueName\":\"search_term_string\"}}],\"inLanguage\":\"fr-FR\"},{\"@type\":\"Organization\",\"@id\":\"https:\/\/dermamedk.es\/#organization\",\"name\":\"DermamedK | La elecci\u00f3n perfecta para tu cuidado de la piel\",\"url\":\"https:\/\/dermamedk.es\/\",\"logo\":{\"@type\":\"ImageObject\",\"inLanguage\":\"fr-FR\",\"@id\":\"https:\/\/dermamedk.es\/#\/schema\/logo\/image\/\",\"url\":\"https:\/\/dermamedk.es\/wp-content\/uploads\/2023\/04\/logo-150.webp\",\"contentUrl\":\"https:\/\/dermamedk.es\/wp-content\/uploads\/2023\/04\/logo-150.webp\",\"width\":180,\"height\":212,\"caption\":\"DermamedK | La elecci\u00f3n perfecta para tu cuidado de la piel\"},\"image\":{\"@id\":\"https:\/\/dermamedk.es\/#\/schema\/logo\/image\/\"},\"sameAs\":[\"https:\/\/www.facebook.com\/dermamedk\",\"https:\/\/www.instagram.com\/dermamedk\/\"]}]}<\/script>\n<!-- \/ Yoast SEO plugin. -->","yoast_head_json":{"title":"DERMA MIX PEEL (KIT) - Dermamedk","description":"Es un kit que contiene los peelings adecuados para diferentes tipos de tratamientos entre ellos tenemos el \u00c1CIDO SALIC\u00cdLICO al 20%, el \u00c1CIDO GLIC\u00d3LICO al...","robots":{"index":"index","follow":"follow","max-snippet":"max-snippet:-1","max-image-preview":"max-image-preview:large","max-video-preview":"max-video-preview:-1"},"canonical":"https:\/\/dermamedk.es\/fr\/tienda\/principios-activos\/derma-mix-peel-kit\/","og_locale":"fr_FR","og_type":"article","og_title":"DERMA MIX PEEL (KIT) - Dermamedk","og_description":"Es un kit que contiene los peelings adecuados para diferentes tipos de tratamientos entre ellos tenemos el \u00c1CIDO SALIC\u00cdLICO al 20%, el \u00c1CIDO GLIC\u00d3LICO al...","og_url":"https:\/\/dermamedk.es\/fr\/tienda\/principios-activos\/derma-mix-peel-kit\/","og_site_name":"Dermamedk","article_publisher":"https:\/\/www.facebook.com\/dermamedk","article_modified_time":"2023-09-19T16:46:27+00:00","og_image":[{"width":271,"height":492,"url":"https:\/\/dermamedk.es\/wp-content\/uploads\/2023\/05\/DERMA-MIX-PEEL.webp","type":"image\/webp"}],"twitter_card":"summary_large_image","twitter_misc":{"Dur\u00e9e de lecture estim\u00e9e":"1 minute"},"schema":{"@context":"https:\/\/schema.org","@graph":[{"@type":"WebPage","@id":"https:\/\/dermamedk.es\/tienda\/principios-activos\/derma-mix-peel-kit\/","url":"https:\/\/dermamedk.es\/tienda\/principios-activos\/derma-mix-peel-kit\/","name":"DERMA MIX PEEL (KIT) - Dermamedk","isPartOf":{"@id":"https:\/\/dermamedk.es\/#website"},"primaryImageOfPage":{"@id":"https:\/\/dermamedk.es\/tienda\/principios-activos\/derma-mix-peel-kit\/#primaryimage"},"image":{"@id":"https:\/\/dermamedk.es\/tienda\/principios-activos\/derma-mix-peel-kit\/#primaryimage"},"thumbnailUrl":"https:\/\/dermamedk.es\/wp-content\/uploads\/2023\/05\/DERMA-MIX-PEEL.webp","datePublished":"2023-05-23T01:20:33+00:00","dateModified":"2023-09-19T16:46:27+00:00","description":"Es un kit que contiene los peelings adecuados para diferentes tipos de tratamientos entre ellos tenemos el \u00c1CIDO SALIC\u00cdLICO al 20%, el \u00c1CIDO GLIC\u00d3LICO al...","breadcrumb":{"@id":"https:\/\/dermamedk.es\/tienda\/principios-activos\/derma-mix-peel-kit\/#breadcrumb"},"inLanguage":"fr-FR","potentialAction":[{"@type":"ReadAction","target":["https:\/\/dermamedk.es\/tienda\/principios-activos\/derma-mix-peel-kit\/"]}]},{"@type":"ImageObject","inLanguage":"fr-FR","@id":"https:\/\/dermamedk.es\/tienda\/principios-activos\/derma-mix-peel-kit\/#primaryimage","url":"https:\/\/dermamedk.es\/wp-content\/uploads\/2023\/05\/DERMA-MIX-PEEL.webp","contentUrl":"https:\/\/dermamedk.es\/wp-content\/uploads\/2023\/05\/DERMA-MIX-PEEL.webp","width":271,"height":492},{"@type":"BreadcrumbList","@id":"https:\/\/dermamedk.es\/tienda\/principios-activos\/derma-mix-peel-kit\/#breadcrumb","itemListElement":[{"@type":"ListItem","position":1,"name":"Home","item":"https:\/\/dermamedk.es\/"},{"@type":"ListItem","position":2,"name":"Tienda","item":"https:\/\/dermamedk.es\/tienda-dermamedk\/"},{"@type":"ListItem","position":3,"name":"DERMA MIX PEEL (KIT)"}]},{"@type":"WebSite","@id":"https:\/\/dermamedk.es\/#website","url":"https:\/\/dermamedk.es\/","name":"DermamedK | La elecci\u00f3n perfecta para tu cuidado de la piel","description":"Lo mejor para el cuidado de tu piel","publisher":{"@id":"https:\/\/dermamedk.es\/#organization"},"potentialAction":[{"@type":"SearchAction","target":{"@type":"EntryPoint","urlTemplate":"https:\/\/dermamedk.es\/?s={search_term_string}"},"query-input":{"@type":"PropertyValueSpecification","valueRequired":true,"valueName":"search_term_string"}}],"inLanguage":"fr-FR"},{"@type":"Organization","@id":"https:\/\/dermamedk.es\/#organization","name":"DermamedK | La elecci\u00f3n perfecta para tu cuidado de la piel","url":"https:\/\/dermamedk.es\/","logo":{"@type":"ImageObject","inLanguage":"fr-FR","@id":"https:\/\/dermamedk.es\/#\/schema\/logo\/image\/","url":"https:\/\/dermamedk.es\/wp-content\/uploads\/2023\/04\/logo-150.webp","contentUrl":"https:\/\/dermamedk.es\/wp-content\/uploads\/2023\/04\/logo-150.webp","width":180,"height":212,"caption":"DermamedK | La elecci\u00f3n perfecta para tu cuidado de la piel"},"image":{"@id":"https:\/\/dermamedk.es\/#\/schema\/logo\/image\/"},"sameAs":["https:\/\/www.facebook.com\/dermamedk","https:\/\/www.instagram.com\/dermamedk\/"]}]}},"_links":{"self":[{"href":"https:\/\/dermamedk.es\/fr\/wp-json\/wp\/v2\/product\/1569","targetHints":{"allow":["GET"]}}],"collection":[{"href":"https:\/\/dermamedk.es\/fr\/wp-json\/wp\/v2\/product"}],"about":[{"href":"https:\/\/dermamedk.es\/fr\/wp-json\/wp\/v2\/types\/product"}],"replies":[{"embeddable":true,"href":"https:\/\/dermamedk.es\/fr\/wp-json\/wp\/v2\/comments?post=1569"}],"version-history":[{"count":1,"href":"https:\/\/dermamedk.es\/fr\/wp-json\/wp\/v2\/product\/1569\/revisions"}],"predecessor-version":[{"id":1570,"href":"https:\/\/dermamedk.es\/fr\/wp-json\/wp\/v2\/product\/1569\/revisions\/1570"}],"wp:featuredmedia":[{"embeddable":true,"href":"https:\/\/dermamedk.es\/fr\/wp-json\/wp\/v2\/media\/1501"}],"wp:attachment":[{"href":"https:\/\/dermamedk.es\/fr\/wp-json\/wp\/v2\/media?parent=1569"}],"wp:term":[{"taxonomy":"product_brand","embeddable":true,"href":"https:\/\/dermamedk.es\/fr\/wp-json\/wp\/v2\/product_brand?post=1569"},{"taxonomy":"product_cat","embeddable":true,"href":"https:\/\/dermamedk.es\/fr\/wp-json\/wp\/v2\/product_cat?post=1569"},{"taxonomy":"product_tag","embeddable":true,"href":"https:\/\/dermamedk.es\/fr\/wp-json\/wp\/v2\/product_tag?post=1569"}],"curies":[{"name":"wp","href":"https:\/\/api.w.org\/{rel}","templated":true}]}}