 {"id":1210,"date":"2023-05-03T05:13:26","date_gmt":"2023-05-03T03:13:26","guid":{"rendered":"https:\/\/dermamedk.es\/?post_type=product&#038;p=1210"},"modified":"2023-09-19T18:46:27","modified_gmt":"2023-09-19T16:46:27","slug":"silanoldmae","status":"publish","type":"product","link":"https:\/\/dermamedk.es\/fr\/tienda\/tienda\/silanoldmae\/","title":{"rendered":"SILANOL+DMAE"},"content":{"rendered":"<p>10 unit\u00e9s x 5ml<\/p>\n<p><span style=\"font-weight: 400;\">Le silicium organique est un \u00e9l\u00e9ment chimique obtenu par un processus du m\u00e9tabolisme v\u00e9g\u00e9tal, dans lequel le dioxyde de silicium est transform\u00e9 en \ufb01tolithes ou silicium organique, la \ufb01tolite. <\/span><span style=\"font-weight: 400;\">sous une forme assimilable par l'organisme. Le DMAE est un ingr\u00e9dient organique hydrosoluble d'origine v\u00e9g\u00e9tale naturelle, structurellement analogue \u00e0 la choline, qui augmente de mani\u00e8re significative la biosynth\u00e8se de l'ac\u00e9tylcholine dans le syst\u00e8me nerveux central et le derme.<\/span><\/p>\n<p><b>COMMENT CELA FONCTIONNE-T-IL ?<\/b><\/p>\n<p><span style=\"font-weight: 400;\">Le silicium est responsable de la liaison de deux substances : les glycosaminoglycanes et les acides polyuroniques. Ces deux substances sont impliqu\u00e9es dans la formation de la structure du tissu conjonctif.<\/span><\/p>\n<p><span style=\"font-weight: 400;\">L'effet du DMAE est le r\u00e9sultat de plusieurs m\u00e9canismes ; il hydrate le derme avec une action repulpante et augmente la couche dermique, ce qui donne une peau plus tonique et plus ferme. <\/span><span style=\"font-weight: 400;\">avec effet \ufb01rmeza imm\u00e9diat, augmente la synth\u00e8se du collag\u00e8ne et des GAG dermiques (hydratants naturels).<\/span><\/p>\n<p>&nbsp;<\/p>\n<p><b>INGR\u00c9DIENTS ACTIFS<\/b><\/p>\n<p><span style=\"font-weight: 400;\">DMAE 1% ET SILICIUM ORGANIQUE 0,5%<\/span><\/p>\n<p><b>B\u00c9N\u00c9FICES<\/b><\/p>\n<p><span style=\"font-weight: 400;\">La combinaison de ces principes actifs favorise la formation d'acide hyaluronique, de fibres de collag\u00e8ne et d'\u00e9lastine, de prot\u00e9oglycanes et de glycoprot\u00e9ines structurelles. Il agit comme un antioxydant cellulaire contre les radicaux libres, contribue \u00e0 la fixation du calcium dans les os, aide \u00e0 maintenir la \ufb02exibilit\u00e9 des parois veineuses et articulaires, apporte de la \ufb01rmit\u00e9 et combat la \ufb02acidit\u00e9 et le stress oxydatif, produit<\/span><\/p>\n<p><span style=\"font-weight: 400;\">un effet apaisant et augmentent la r\u00e9sistance \u00e0 la traction de la peau.<\/span><\/p>\n<p>&nbsp;<\/p>\n<p><b>LA ZONE \u00c0 TRAITER<\/b><\/p>\n<p><span style=\"font-weight: 400;\">Visage et corps<\/span><\/p>","protected":false},"excerpt":{"rendered":"<p>10 unit x 5ml El Silicio Org\u00e1nico es un elemento qu\u00edmico que se obtiene mediante un proceso de metabolismo vegetal, en el que el di\u00f3xido de silicio se transforma en \ufb01tolitos o silicio org\u00e1nico, la forma asimilable por nuestro organismo. DMAE es un ingrediente org\u00e1nico, \u00a0 \u00a0 de \u00a0 \u00a0 origen\u00a0 \u00a0 vegetal \u00a0 \u00a0 [&hellip;]<\/p>","protected":false},"featured_media":401,"comment_status":"open","ping_status":"closed","template":"","meta":[],"product_brand":[],"product_cat":[18,42],"product_tag":[],"class_list":{"0":"post-1210","1":"product","2":"type-product","3":"status-publish","4":"has-post-thumbnail","6":"product_cat-tienda","7":"product_cat-principios-activos","9":"first","10":"instock","11":"taxable","12":"shipping-taxable","13":"purchasable","14":"product-type-simple"},"yoast_head":"<!-- This site is optimized with the Yoast SEO plugin v23.8 - https:\/\/yoast.com\/wordpress\/plugins\/seo\/ -->\n<title>SILANOL+DMAE - Dermamedk<\/title>\n<meta name=\"description\" content=\"SILANOL+DMAE estructuralmente es un an\u00e1logo de la colina, aumenta notablemente la bios\u00edntesis de acetilcolina en el sistema nervioso central y en la dermis.\" \/>\n<meta name=\"robots\" content=\"index, follow, max-snippet:-1, max-image-preview:large, max-video-preview:-1\" \/>\n<link rel=\"canonical\" href=\"https:\/\/dermamedk.es\/fr\/tienda\/tienda\/silanoldmae\/\" \/>\n<meta property=\"og:locale\" content=\"fr_FR\" \/>\n<meta property=\"og:type\" content=\"article\" \/>\n<meta property=\"og:title\" content=\"SILANOL+DMAE - Dermamedk\" \/>\n<meta property=\"og:description\" content=\"SILANOL+DMAE estructuralmente es un an\u00e1logo de la colina, aumenta notablemente la bios\u00edntesis de acetilcolina en el sistema nervioso central y en la dermis.\" \/>\n<meta property=\"og:url\" content=\"https:\/\/dermamedk.es\/fr\/tienda\/tienda\/silanoldmae\/\" \/>\n<meta property=\"og:site_name\" content=\"Dermamedk\" \/>\n<meta property=\"article:publisher\" content=\"https:\/\/www.facebook.com\/dermamedk\" \/>\n<meta property=\"article:modified_time\" content=\"2023-09-19T16:46:27+00:00\" \/>\n<meta property=\"og:image\" content=\"https:\/\/dermamedk.es\/wp-content\/uploads\/2023\/04\/IMG_20230412_144552-PhotoRoom.png-PhotoRoom.png\" \/>\n\t<meta property=\"og:image:width\" content=\"961\" \/>\n\t<meta property=\"og:image:height\" content=\"1280\" \/>\n\t<meta property=\"og:image:type\" content=\"image\/png\" \/>\n<meta name=\"twitter:card\" content=\"summary_large_image\" \/>\n<meta name=\"twitter:label1\" content=\"Dur\u00e9e de lecture estim\u00e9e\" \/>\n\t<meta name=\"twitter:data1\" content=\"2 minutes\" \/>\n<script type=\"application\/ld+json\" class=\"yoast-schema-graph\">{\"@context\":\"https:\/\/schema.org\",\"@graph\":[{\"@type\":\"WebPage\",\"@id\":\"https:\/\/dermamedk.es\/tienda\/tienda\/silanoldmae\/\",\"url\":\"https:\/\/dermamedk.es\/tienda\/tienda\/silanoldmae\/\",\"name\":\"SILANOL+DMAE - Dermamedk\",\"isPartOf\":{\"@id\":\"https:\/\/dermamedk.es\/#website\"},\"primaryImageOfPage\":{\"@id\":\"https:\/\/dermamedk.es\/tienda\/tienda\/silanoldmae\/#primaryimage\"},\"image\":{\"@id\":\"https:\/\/dermamedk.es\/tienda\/tienda\/silanoldmae\/#primaryimage\"},\"thumbnailUrl\":\"https:\/\/dermamedk.es\/wp-content\/uploads\/2023\/04\/IMG_20230412_144552-PhotoRoom.png-PhotoRoom.png\",\"datePublished\":\"2023-05-03T03:13:26+00:00\",\"dateModified\":\"2023-09-19T16:46:27+00:00\",\"description\":\"SILANOL+DMAE estructuralmente es un an\u00e1logo de la colina, aumenta notablemente la bios\u00edntesis de acetilcolina en el sistema nervioso central y en la dermis.\",\"breadcrumb\":{\"@id\":\"https:\/\/dermamedk.es\/tienda\/tienda\/silanoldmae\/#breadcrumb\"},\"inLanguage\":\"fr-FR\",\"potentialAction\":[{\"@type\":\"ReadAction\",\"target\":[\"https:\/\/dermamedk.es\/tienda\/tienda\/silanoldmae\/\"]}]},{\"@type\":\"ImageObject\",\"inLanguage\":\"fr-FR\",\"@id\":\"https:\/\/dermamedk.es\/tienda\/tienda\/silanoldmae\/#primaryimage\",\"url\":\"https:\/\/dermamedk.es\/wp-content\/uploads\/2023\/04\/IMG_20230412_144552-PhotoRoom.png-PhotoRoom.png\",\"contentUrl\":\"https:\/\/dermamedk.es\/wp-content\/uploads\/2023\/04\/IMG_20230412_144552-PhotoRoom.png-PhotoRoom.png\",\"width\":961,\"height\":1280},{\"@type\":\"BreadcrumbList\",\"@id\":\"https:\/\/dermamedk.es\/tienda\/tienda\/silanoldmae\/#breadcrumb\",\"itemListElement\":[{\"@type\":\"ListItem\",\"position\":1,\"name\":\"Home\",\"item\":\"https:\/\/dermamedk.es\/\"},{\"@type\":\"ListItem\",\"position\":2,\"name\":\"Tienda\",\"item\":\"https:\/\/dermamedk.es\/tienda-dermamedk\/\"},{\"@type\":\"ListItem\",\"position\":3,\"name\":\"SILANOL+DMAE\"}]},{\"@type\":\"WebSite\",\"@id\":\"https:\/\/dermamedk.es\/#website\",\"url\":\"https:\/\/dermamedk.es\/\",\"name\":\"DermamedK | La elecci\u00f3n perfecta para tu cuidado de la piel\",\"description\":\"Lo mejor para el cuidado de tu piel\",\"publisher\":{\"@id\":\"https:\/\/dermamedk.es\/#organization\"},\"potentialAction\":[{\"@type\":\"SearchAction\",\"target\":{\"@type\":\"EntryPoint\",\"urlTemplate\":\"https:\/\/dermamedk.es\/?s={search_term_string}\"},\"query-input\":{\"@type\":\"PropertyValueSpecification\",\"valueRequired\":true,\"valueName\":\"search_term_string\"}}],\"inLanguage\":\"fr-FR\"},{\"@type\":\"Organization\",\"@id\":\"https:\/\/dermamedk.es\/#organization\",\"name\":\"DermamedK | La elecci\u00f3n perfecta para tu cuidado de la piel\",\"url\":\"https:\/\/dermamedk.es\/\",\"logo\":{\"@type\":\"ImageObject\",\"inLanguage\":\"fr-FR\",\"@id\":\"https:\/\/dermamedk.es\/#\/schema\/logo\/image\/\",\"url\":\"https:\/\/dermamedk.es\/wp-content\/uploads\/2023\/04\/logo-150.webp\",\"contentUrl\":\"https:\/\/dermamedk.es\/wp-content\/uploads\/2023\/04\/logo-150.webp\",\"width\":180,\"height\":212,\"caption\":\"DermamedK | La elecci\u00f3n perfecta para tu cuidado de la piel\"},\"image\":{\"@id\":\"https:\/\/dermamedk.es\/#\/schema\/logo\/image\/\"},\"sameAs\":[\"https:\/\/www.facebook.com\/dermamedk\",\"https:\/\/www.instagram.com\/dermamedk\/\"]}]}<\/script>\n<!-- \/ Yoast SEO plugin. -->","yoast_head_json":{"title":"SILANOL+DMAE - Dermamedk","description":"SILANOL+DMAE estructuralmente es un an\u00e1logo de la colina, aumenta notablemente la bios\u00edntesis de acetilcolina en el sistema nervioso central y en la dermis.","robots":{"index":"index","follow":"follow","max-snippet":"max-snippet:-1","max-image-preview":"max-image-preview:large","max-video-preview":"max-video-preview:-1"},"canonical":"https:\/\/dermamedk.es\/fr\/tienda\/tienda\/silanoldmae\/","og_locale":"fr_FR","og_type":"article","og_title":"SILANOL+DMAE - Dermamedk","og_description":"SILANOL+DMAE estructuralmente es un an\u00e1logo de la colina, aumenta notablemente la bios\u00edntesis de acetilcolina en el sistema nervioso central y en la dermis.","og_url":"https:\/\/dermamedk.es\/fr\/tienda\/tienda\/silanoldmae\/","og_site_name":"Dermamedk","article_publisher":"https:\/\/www.facebook.com\/dermamedk","article_modified_time":"2023-09-19T16:46:27+00:00","og_image":[{"width":961,"height":1280,"url":"https:\/\/dermamedk.es\/wp-content\/uploads\/2023\/04\/IMG_20230412_144552-PhotoRoom.png-PhotoRoom.png","type":"image\/png"}],"twitter_card":"summary_large_image","twitter_misc":{"Dur\u00e9e de lecture estim\u00e9e":"2 minutes"},"schema":{"@context":"https:\/\/schema.org","@graph":[{"@type":"WebPage","@id":"https:\/\/dermamedk.es\/tienda\/tienda\/silanoldmae\/","url":"https:\/\/dermamedk.es\/tienda\/tienda\/silanoldmae\/","name":"SILANOL+DMAE - Dermamedk","isPartOf":{"@id":"https:\/\/dermamedk.es\/#website"},"primaryImageOfPage":{"@id":"https:\/\/dermamedk.es\/tienda\/tienda\/silanoldmae\/#primaryimage"},"image":{"@id":"https:\/\/dermamedk.es\/tienda\/tienda\/silanoldmae\/#primaryimage"},"thumbnailUrl":"https:\/\/dermamedk.es\/wp-content\/uploads\/2023\/04\/IMG_20230412_144552-PhotoRoom.png-PhotoRoom.png","datePublished":"2023-05-03T03:13:26+00:00","dateModified":"2023-09-19T16:46:27+00:00","description":"SILANOL+DMAE estructuralmente es un an\u00e1logo de la colina, aumenta notablemente la bios\u00edntesis de acetilcolina en el sistema nervioso central y en la dermis.","breadcrumb":{"@id":"https:\/\/dermamedk.es\/tienda\/tienda\/silanoldmae\/#breadcrumb"},"inLanguage":"fr-FR","potentialAction":[{"@type":"ReadAction","target":["https:\/\/dermamedk.es\/tienda\/tienda\/silanoldmae\/"]}]},{"@type":"ImageObject","inLanguage":"fr-FR","@id":"https:\/\/dermamedk.es\/tienda\/tienda\/silanoldmae\/#primaryimage","url":"https:\/\/dermamedk.es\/wp-content\/uploads\/2023\/04\/IMG_20230412_144552-PhotoRoom.png-PhotoRoom.png","contentUrl":"https:\/\/dermamedk.es\/wp-content\/uploads\/2023\/04\/IMG_20230412_144552-PhotoRoom.png-PhotoRoom.png","width":961,"height":1280},{"@type":"BreadcrumbList","@id":"https:\/\/dermamedk.es\/tienda\/tienda\/silanoldmae\/#breadcrumb","itemListElement":[{"@type":"ListItem","position":1,"name":"Home","item":"https:\/\/dermamedk.es\/"},{"@type":"ListItem","position":2,"name":"Tienda","item":"https:\/\/dermamedk.es\/tienda-dermamedk\/"},{"@type":"ListItem","position":3,"name":"SILANOL+DMAE"}]},{"@type":"WebSite","@id":"https:\/\/dermamedk.es\/#website","url":"https:\/\/dermamedk.es\/","name":"DermamedK | La elecci\u00f3n perfecta para tu cuidado de la piel","description":"Lo mejor para el cuidado de tu piel","publisher":{"@id":"https:\/\/dermamedk.es\/#organization"},"potentialAction":[{"@type":"SearchAction","target":{"@type":"EntryPoint","urlTemplate":"https:\/\/dermamedk.es\/?s={search_term_string}"},"query-input":{"@type":"PropertyValueSpecification","valueRequired":true,"valueName":"search_term_string"}}],"inLanguage":"fr-FR"},{"@type":"Organization","@id":"https:\/\/dermamedk.es\/#organization","name":"DermamedK | La elecci\u00f3n perfecta para tu cuidado de la piel","url":"https:\/\/dermamedk.es\/","logo":{"@type":"ImageObject","inLanguage":"fr-FR","@id":"https:\/\/dermamedk.es\/#\/schema\/logo\/image\/","url":"https:\/\/dermamedk.es\/wp-content\/uploads\/2023\/04\/logo-150.webp","contentUrl":"https:\/\/dermamedk.es\/wp-content\/uploads\/2023\/04\/logo-150.webp","width":180,"height":212,"caption":"DermamedK | La elecci\u00f3n perfecta para tu cuidado de la piel"},"image":{"@id":"https:\/\/dermamedk.es\/#\/schema\/logo\/image\/"},"sameAs":["https:\/\/www.facebook.com\/dermamedk","https:\/\/www.instagram.com\/dermamedk\/"]}]}},"_links":{"self":[{"href":"https:\/\/dermamedk.es\/fr\/wp-json\/wp\/v2\/product\/1210","targetHints":{"allow":["GET"]}}],"collection":[{"href":"https:\/\/dermamedk.es\/fr\/wp-json\/wp\/v2\/product"}],"about":[{"href":"https:\/\/dermamedk.es\/fr\/wp-json\/wp\/v2\/types\/product"}],"replies":[{"embeddable":true,"href":"https:\/\/dermamedk.es\/fr\/wp-json\/wp\/v2\/comments?post=1210"}],"version-history":[{"count":6,"href":"https:\/\/dermamedk.es\/fr\/wp-json\/wp\/v2\/product\/1210\/revisions"}],"predecessor-version":[{"id":1536,"href":"https:\/\/dermamedk.es\/fr\/wp-json\/wp\/v2\/product\/1210\/revisions\/1536"}],"wp:featuredmedia":[{"embeddable":true,"href":"https:\/\/dermamedk.es\/fr\/wp-json\/wp\/v2\/media\/401"}],"wp:attachment":[{"href":"https:\/\/dermamedk.es\/fr\/wp-json\/wp\/v2\/media?parent=1210"}],"wp:term":[{"taxonomy":"product_brand","embeddable":true,"href":"https:\/\/dermamedk.es\/fr\/wp-json\/wp\/v2\/product_brand?post=1210"},{"taxonomy":"product_cat","embeddable":true,"href":"https:\/\/dermamedk.es\/fr\/wp-json\/wp\/v2\/product_cat?post=1210"},{"taxonomy":"product_tag","embeddable":true,"href":"https:\/\/dermamedk.es\/fr\/wp-json\/wp\/v2\/product_tag?post=1210"}],"curies":[{"name":"wp","href":"https:\/\/api.w.org\/{rel}","templated":true}]}}