 {"id":1175,"date":"2023-05-03T04:05:33","date_gmt":"2023-05-03T04:05:33","guid":{"rendered":"https:\/\/dermamedk.es\/?post_type=product&#038;p=1175"},"modified":"2024-03-01T14:19:01","modified_gmt":"2024-03-01T13:19:01","slug":"champu-frecuencia","status":"publish","type":"product","link":"https:\/\/dermamedk.es\/fr\/tienda\/capilar\/cuidado-capilar-intensivo\/champu-frecuencia\/","title":{"rendered":"FR\u00c9QUENCE DES SHAMPOOINGS"},"content":{"rendered":"<p>Nettoyage et soin quotidiens pour des cheveux sains. Alternative et adjuvant aux autres shampooings de traitement.<br \/>\nMode d'emploi : Appliquer sur les cheveux humides, r\u00e9partir sur l'ensemble de la chevelure et masser d\u00e9licatement. Retirer avec beaucoup d'eau. Peut \u00eatre utilis\u00e9 quotidiennement et m\u00eame chez les enfants.<br \/>\nPrincipes actifs : Silicones conditionnantes, Panth\u00e9nol 0,4%, K\u00e9ratine 0,5%, Acide Glycolique 0,5% et Base Lavante Neutre.<br \/>\nPr\u00e9sentation : 300 ml<br \/>\nR\u00e9f. : FCHFR25<\/p>","protected":false},"excerpt":{"rendered":"<p>Limpieza y cuidado del cabello sano diario. Alternativo y coadyuvante con otros champ\u00fas de tratamiento. Modo de empleo: Con el pelo h\u00famedo, extender por todo el cabello y realizar un suave masaje. Retirar con abundante agua. Se puede usar a diario e incluso en ni\u00f1os. Ingredientes activos: Siliconas acondicionadoras, Pantenol 0.4%, Keratina 0.5%, \u00c1cido Glic\u00f3lico [&hellip;]<\/p>","protected":false},"featured_media":1176,"comment_status":"open","ping_status":"closed","template":"","meta":[],"product_brand":[],"product_cat":[18,26,33,43],"product_tag":[],"class_list":{"0":"post-1175","1":"product","2":"type-product","3":"status-publish","4":"has-post-thumbnail","6":"product_cat-tienda","7":"product_cat-capilar","8":"product_cat-cuidado-capilar-intensivo","9":"product_cat-productos-cosmetologicos","11":"first","12":"instock","13":"taxable","14":"shipping-taxable","15":"purchasable","16":"product-type-simple"},"yoast_head":"<!-- This site is optimized with the Yoast SEO plugin v23.8 - https:\/\/yoast.com\/wordpress\/plugins\/seo\/ -->\n<title>CHAMP\u00da FRECUENCIA - Dermamedk<\/title>\n<meta name=\"description\" content=\"CHAMP\u00da FRECUENCIA Limpieza y cuidado del cabello sano diario. Alternativo y coadyuvante con otros champ\u00fas de tratamiento.\" \/>\n<meta name=\"robots\" content=\"index, follow, max-snippet:-1, max-image-preview:large, max-video-preview:-1\" \/>\n<link rel=\"canonical\" href=\"https:\/\/dermamedk.es\/fr\/tienda\/capilar\/cuidado-capilar-intensivo\/champu-frecuencia\/\" \/>\n<meta property=\"og:locale\" content=\"fr_FR\" \/>\n<meta property=\"og:type\" content=\"article\" \/>\n<meta property=\"og:title\" content=\"CHAMP\u00da FRECUENCIA - Dermamedk\" \/>\n<meta property=\"og:description\" content=\"CHAMP\u00da FRECUENCIA Limpieza y cuidado del cabello sano diario. Alternativo y coadyuvante con otros champ\u00fas de tratamiento.\" \/>\n<meta property=\"og:url\" content=\"https:\/\/dermamedk.es\/fr\/tienda\/capilar\/cuidado-capilar-intensivo\/champu-frecuencia\/\" \/>\n<meta property=\"og:site_name\" content=\"Dermamedk\" \/>\n<meta property=\"article:publisher\" content=\"https:\/\/www.facebook.com\/dermamedk\" \/>\n<meta property=\"article:modified_time\" content=\"2024-03-01T13:19:01+00:00\" \/>\n<meta property=\"og:image\" content=\"https:\/\/dermamedk.es\/wp-content\/uploads\/2023\/05\/WhatsApp-Image-2023-05-03-at-12.12.17-AM.jpeg\" \/>\n\t<meta property=\"og:image:width\" content=\"578\" \/>\n\t<meta property=\"og:image:height\" content=\"562\" \/>\n\t<meta property=\"og:image:type\" content=\"image\/jpeg\" \/>\n<meta name=\"twitter:card\" content=\"summary_large_image\" \/>\n<meta name=\"twitter:label1\" content=\"Dur\u00e9e de lecture estim\u00e9e\" \/>\n\t<meta name=\"twitter:data1\" content=\"1 minute\" \/>\n<script type=\"application\/ld+json\" class=\"yoast-schema-graph\">{\"@context\":\"https:\/\/schema.org\",\"@graph\":[{\"@type\":\"WebPage\",\"@id\":\"https:\/\/dermamedk.es\/tienda\/capilar\/cuidado-capilar-intensivo\/champu-frecuencia\/\",\"url\":\"https:\/\/dermamedk.es\/tienda\/capilar\/cuidado-capilar-intensivo\/champu-frecuencia\/\",\"name\":\"CHAMP\u00da FRECUENCIA - Dermamedk\",\"isPartOf\":{\"@id\":\"https:\/\/dermamedk.es\/#website\"},\"primaryImageOfPage\":{\"@id\":\"https:\/\/dermamedk.es\/tienda\/capilar\/cuidado-capilar-intensivo\/champu-frecuencia\/#primaryimage\"},\"image\":{\"@id\":\"https:\/\/dermamedk.es\/tienda\/capilar\/cuidado-capilar-intensivo\/champu-frecuencia\/#primaryimage\"},\"thumbnailUrl\":\"https:\/\/dermamedk.es\/wp-content\/uploads\/2023\/05\/WhatsApp-Image-2023-05-03-at-12.12.17-AM.jpeg\",\"datePublished\":\"2023-05-03T04:05:33+00:00\",\"dateModified\":\"2024-03-01T13:19:01+00:00\",\"description\":\"CHAMP\u00da FRECUENCIA Limpieza y cuidado del cabello sano diario. Alternativo y coadyuvante con otros champ\u00fas de tratamiento.\",\"breadcrumb\":{\"@id\":\"https:\/\/dermamedk.es\/tienda\/capilar\/cuidado-capilar-intensivo\/champu-frecuencia\/#breadcrumb\"},\"inLanguage\":\"fr-FR\",\"potentialAction\":[{\"@type\":\"ReadAction\",\"target\":[\"https:\/\/dermamedk.es\/tienda\/capilar\/cuidado-capilar-intensivo\/champu-frecuencia\/\"]}]},{\"@type\":\"ImageObject\",\"inLanguage\":\"fr-FR\",\"@id\":\"https:\/\/dermamedk.es\/tienda\/capilar\/cuidado-capilar-intensivo\/champu-frecuencia\/#primaryimage\",\"url\":\"https:\/\/dermamedk.es\/wp-content\/uploads\/2023\/05\/WhatsApp-Image-2023-05-03-at-12.12.17-AM.jpeg\",\"contentUrl\":\"https:\/\/dermamedk.es\/wp-content\/uploads\/2023\/05\/WhatsApp-Image-2023-05-03-at-12.12.17-AM.jpeg\",\"width\":578,\"height\":562,\"caption\":\"capilar -cuidado capilar intensivo\"},{\"@type\":\"BreadcrumbList\",\"@id\":\"https:\/\/dermamedk.es\/tienda\/capilar\/cuidado-capilar-intensivo\/champu-frecuencia\/#breadcrumb\",\"itemListElement\":[{\"@type\":\"ListItem\",\"position\":1,\"name\":\"Home\",\"item\":\"https:\/\/dermamedk.es\/\"},{\"@type\":\"ListItem\",\"position\":2,\"name\":\"Tienda\",\"item\":\"https:\/\/dermamedk.es\/tienda-dermamedk\/\"},{\"@type\":\"ListItem\",\"position\":3,\"name\":\"CHAMP\u00da FRECUENCIA\"}]},{\"@type\":\"WebSite\",\"@id\":\"https:\/\/dermamedk.es\/#website\",\"url\":\"https:\/\/dermamedk.es\/\",\"name\":\"DermamedK | La elecci\u00f3n perfecta para tu cuidado de la piel\",\"description\":\"Lo mejor para el cuidado de tu piel\",\"publisher\":{\"@id\":\"https:\/\/dermamedk.es\/#organization\"},\"potentialAction\":[{\"@type\":\"SearchAction\",\"target\":{\"@type\":\"EntryPoint\",\"urlTemplate\":\"https:\/\/dermamedk.es\/?s={search_term_string}\"},\"query-input\":{\"@type\":\"PropertyValueSpecification\",\"valueRequired\":true,\"valueName\":\"search_term_string\"}}],\"inLanguage\":\"fr-FR\"},{\"@type\":\"Organization\",\"@id\":\"https:\/\/dermamedk.es\/#organization\",\"name\":\"DermamedK | La elecci\u00f3n perfecta para tu cuidado de la piel\",\"url\":\"https:\/\/dermamedk.es\/\",\"logo\":{\"@type\":\"ImageObject\",\"inLanguage\":\"fr-FR\",\"@id\":\"https:\/\/dermamedk.es\/#\/schema\/logo\/image\/\",\"url\":\"https:\/\/dermamedk.es\/wp-content\/uploads\/2023\/04\/logo-150.webp\",\"contentUrl\":\"https:\/\/dermamedk.es\/wp-content\/uploads\/2023\/04\/logo-150.webp\",\"width\":180,\"height\":212,\"caption\":\"DermamedK | La elecci\u00f3n perfecta para tu cuidado de la piel\"},\"image\":{\"@id\":\"https:\/\/dermamedk.es\/#\/schema\/logo\/image\/\"},\"sameAs\":[\"https:\/\/www.facebook.com\/dermamedk\",\"https:\/\/www.instagram.com\/dermamedk\/\"]}]}<\/script>\n<!-- \/ Yoast SEO plugin. -->","yoast_head_json":{"title":"CHAMP\u00da FRECUENCIA - Dermamedk","description":"CHAMP\u00da FRECUENCIA Limpieza y cuidado del cabello sano diario. Alternativo y coadyuvante con otros champ\u00fas de tratamiento.","robots":{"index":"index","follow":"follow","max-snippet":"max-snippet:-1","max-image-preview":"max-image-preview:large","max-video-preview":"max-video-preview:-1"},"canonical":"https:\/\/dermamedk.es\/fr\/tienda\/capilar\/cuidado-capilar-intensivo\/champu-frecuencia\/","og_locale":"fr_FR","og_type":"article","og_title":"CHAMP\u00da FRECUENCIA - Dermamedk","og_description":"CHAMP\u00da FRECUENCIA Limpieza y cuidado del cabello sano diario. Alternativo y coadyuvante con otros champ\u00fas de tratamiento.","og_url":"https:\/\/dermamedk.es\/fr\/tienda\/capilar\/cuidado-capilar-intensivo\/champu-frecuencia\/","og_site_name":"Dermamedk","article_publisher":"https:\/\/www.facebook.com\/dermamedk","article_modified_time":"2024-03-01T13:19:01+00:00","og_image":[{"width":578,"height":562,"url":"https:\/\/dermamedk.es\/wp-content\/uploads\/2023\/05\/WhatsApp-Image-2023-05-03-at-12.12.17-AM.jpeg","type":"image\/jpeg"}],"twitter_card":"summary_large_image","twitter_misc":{"Dur\u00e9e de lecture estim\u00e9e":"1 minute"},"schema":{"@context":"https:\/\/schema.org","@graph":[{"@type":"WebPage","@id":"https:\/\/dermamedk.es\/tienda\/capilar\/cuidado-capilar-intensivo\/champu-frecuencia\/","url":"https:\/\/dermamedk.es\/tienda\/capilar\/cuidado-capilar-intensivo\/champu-frecuencia\/","name":"CHAMP\u00da FRECUENCIA - Dermamedk","isPartOf":{"@id":"https:\/\/dermamedk.es\/#website"},"primaryImageOfPage":{"@id":"https:\/\/dermamedk.es\/tienda\/capilar\/cuidado-capilar-intensivo\/champu-frecuencia\/#primaryimage"},"image":{"@id":"https:\/\/dermamedk.es\/tienda\/capilar\/cuidado-capilar-intensivo\/champu-frecuencia\/#primaryimage"},"thumbnailUrl":"https:\/\/dermamedk.es\/wp-content\/uploads\/2023\/05\/WhatsApp-Image-2023-05-03-at-12.12.17-AM.jpeg","datePublished":"2023-05-03T04:05:33+00:00","dateModified":"2024-03-01T13:19:01+00:00","description":"CHAMP\u00da FRECUENCIA Limpieza y cuidado del cabello sano diario. Alternativo y coadyuvante con otros champ\u00fas de tratamiento.","breadcrumb":{"@id":"https:\/\/dermamedk.es\/tienda\/capilar\/cuidado-capilar-intensivo\/champu-frecuencia\/#breadcrumb"},"inLanguage":"fr-FR","potentialAction":[{"@type":"ReadAction","target":["https:\/\/dermamedk.es\/tienda\/capilar\/cuidado-capilar-intensivo\/champu-frecuencia\/"]}]},{"@type":"ImageObject","inLanguage":"fr-FR","@id":"https:\/\/dermamedk.es\/tienda\/capilar\/cuidado-capilar-intensivo\/champu-frecuencia\/#primaryimage","url":"https:\/\/dermamedk.es\/wp-content\/uploads\/2023\/05\/WhatsApp-Image-2023-05-03-at-12.12.17-AM.jpeg","contentUrl":"https:\/\/dermamedk.es\/wp-content\/uploads\/2023\/05\/WhatsApp-Image-2023-05-03-at-12.12.17-AM.jpeg","width":578,"height":562,"caption":"capilar -cuidado capilar intensivo"},{"@type":"BreadcrumbList","@id":"https:\/\/dermamedk.es\/tienda\/capilar\/cuidado-capilar-intensivo\/champu-frecuencia\/#breadcrumb","itemListElement":[{"@type":"ListItem","position":1,"name":"Home","item":"https:\/\/dermamedk.es\/"},{"@type":"ListItem","position":2,"name":"Tienda","item":"https:\/\/dermamedk.es\/tienda-dermamedk\/"},{"@type":"ListItem","position":3,"name":"CHAMP\u00da FRECUENCIA"}]},{"@type":"WebSite","@id":"https:\/\/dermamedk.es\/#website","url":"https:\/\/dermamedk.es\/","name":"DermamedK | La elecci\u00f3n perfecta para tu cuidado de la piel","description":"Lo mejor para el cuidado de tu piel","publisher":{"@id":"https:\/\/dermamedk.es\/#organization"},"potentialAction":[{"@type":"SearchAction","target":{"@type":"EntryPoint","urlTemplate":"https:\/\/dermamedk.es\/?s={search_term_string}"},"query-input":{"@type":"PropertyValueSpecification","valueRequired":true,"valueName":"search_term_string"}}],"inLanguage":"fr-FR"},{"@type":"Organization","@id":"https:\/\/dermamedk.es\/#organization","name":"DermamedK | La elecci\u00f3n perfecta para tu cuidado de la piel","url":"https:\/\/dermamedk.es\/","logo":{"@type":"ImageObject","inLanguage":"fr-FR","@id":"https:\/\/dermamedk.es\/#\/schema\/logo\/image\/","url":"https:\/\/dermamedk.es\/wp-content\/uploads\/2023\/04\/logo-150.webp","contentUrl":"https:\/\/dermamedk.es\/wp-content\/uploads\/2023\/04\/logo-150.webp","width":180,"height":212,"caption":"DermamedK | La elecci\u00f3n perfecta para tu cuidado de la piel"},"image":{"@id":"https:\/\/dermamedk.es\/#\/schema\/logo\/image\/"},"sameAs":["https:\/\/www.facebook.com\/dermamedk","https:\/\/www.instagram.com\/dermamedk\/"]}]}},"_links":{"self":[{"href":"https:\/\/dermamedk.es\/fr\/wp-json\/wp\/v2\/product\/1175","targetHints":{"allow":["GET"]}}],"collection":[{"href":"https:\/\/dermamedk.es\/fr\/wp-json\/wp\/v2\/product"}],"about":[{"href":"https:\/\/dermamedk.es\/fr\/wp-json\/wp\/v2\/types\/product"}],"replies":[{"embeddable":true,"href":"https:\/\/dermamedk.es\/fr\/wp-json\/wp\/v2\/comments?post=1175"}],"version-history":[{"count":2,"href":"https:\/\/dermamedk.es\/fr\/wp-json\/wp\/v2\/product\/1175\/revisions"}],"predecessor-version":[{"id":1399,"href":"https:\/\/dermamedk.es\/fr\/wp-json\/wp\/v2\/product\/1175\/revisions\/1399"}],"wp:featuredmedia":[{"embeddable":true,"href":"https:\/\/dermamedk.es\/fr\/wp-json\/wp\/v2\/media\/1176"}],"wp:attachment":[{"href":"https:\/\/dermamedk.es\/fr\/wp-json\/wp\/v2\/media?parent=1175"}],"wp:term":[{"taxonomy":"product_brand","embeddable":true,"href":"https:\/\/dermamedk.es\/fr\/wp-json\/wp\/v2\/product_brand?post=1175"},{"taxonomy":"product_cat","embeddable":true,"href":"https:\/\/dermamedk.es\/fr\/wp-json\/wp\/v2\/product_cat?post=1175"},{"taxonomy":"product_tag","embeddable":true,"href":"https:\/\/dermamedk.es\/fr\/wp-json\/wp\/v2\/product_tag?post=1175"}],"curies":[{"name":"wp","href":"https:\/\/api.w.org\/{rel}","templated":true}]}}