 {"id":1174,"date":"2023-05-03T04:05:31","date_gmt":"2023-05-03T04:05:31","guid":{"rendered":"https:\/\/dermamedk.es\/?post_type=product&#038;p=1174"},"modified":"2023-09-19T18:47:31","modified_gmt":"2023-09-19T16:47:31","slug":"champu-anticaida","status":"publish","type":"product","link":"https:\/\/dermamedk.es\/fr\/tienda\/capilar\/cuidado-capilar-intensivo\/champu-anticaida\/","title":{"rendered":"SHAMPOOING ANTI-CHUTE"},"content":{"rendered":"<p>Nettoyage des cheveux d\u00e9vitalis\u00e9s qui manquent de force et ont tendance \u00e0 tomber excessivement.<\/p>\n<p>Mode d'emploi : Sur cheveux humides, r\u00e9partir sur l'ensemble de la chevelure et masser d\u00e9licatement. Laisser agir quelques minutes et retirer avec beaucoup d'eau.<\/p>\n<p>Principes actifs : vitamine B6 0,1%, quinine 0,1%, extrait de ginseng 0,3%, sauge 1%, pr\u00eale 1%, collag\u00e8ne 0,3%, dexpanth\u00e9nol 1%, silicones r\u00e9parateurs et base lavante neutre.<\/p>\n<p>Pr\u00e9sentation : 300 ml<\/p>\n<p>R\u00e9f. : FCHANTC<\/p>","protected":false},"excerpt":{"rendered":"<p>Limpieza del cabello desvitalizado y sin fuerza, con tendencia a la ca\u00edda excesiva. Modo de empleo: Con el pelo h\u00famedo, extender por todo el cabello y realizar un suave masaje. Dejar actuar unos minutos y retirar con abundante agua. Ingredientes activos: Vitamina B6 0.1%, Quinina 0.1%, Extracto de Ginseng 0.3%, Salvia 1%, Cola de Caballo [&hellip;]<\/p>","protected":false},"featured_media":1176,"comment_status":"open","ping_status":"closed","template":"","meta":[],"product_brand":[],"product_cat":[18,26,33,43],"product_tag":[],"class_list":{"0":"post-1174","1":"product","2":"type-product","3":"status-publish","4":"has-post-thumbnail","6":"product_cat-tienda","7":"product_cat-capilar","8":"product_cat-cuidado-capilar-intensivo","9":"product_cat-productos-cosmetologicos","11":"first","12":"instock","13":"taxable","14":"shipping-taxable","15":"purchasable","16":"product-type-simple"},"yoast_head":"<!-- This site is optimized with the Yoast SEO plugin v23.8 - https:\/\/yoast.com\/wordpress\/plugins\/seo\/ -->\n<title>CHAMP\u00da ANTICAIDA - Dermamedk<\/title>\n<meta name=\"description\" content=\"Limpieza del cabello desvitalizado y sin fuerza, con tendencia a la ca\u00edda excesiva. Modo de empleo: Con el pelo h\u00famedo, extender por todo el cabello.\" \/>\n<meta name=\"robots\" content=\"index, follow, max-snippet:-1, max-image-preview:large, max-video-preview:-1\" \/>\n<link rel=\"canonical\" href=\"https:\/\/dermamedk.es\/fr\/tienda\/capilar\/cuidado-capilar-intensivo\/champu-anticaida\/\" \/>\n<meta property=\"og:locale\" content=\"fr_FR\" \/>\n<meta property=\"og:type\" content=\"article\" \/>\n<meta property=\"og:title\" content=\"CHAMP\u00da ANTICAIDA - Dermamedk\" \/>\n<meta property=\"og:description\" content=\"Limpieza del cabello desvitalizado y sin fuerza, con tendencia a la ca\u00edda excesiva. Modo de empleo: Con el pelo h\u00famedo, extender por todo el cabello.\" \/>\n<meta property=\"og:url\" content=\"https:\/\/dermamedk.es\/fr\/tienda\/capilar\/cuidado-capilar-intensivo\/champu-anticaida\/\" \/>\n<meta property=\"og:site_name\" content=\"Dermamedk\" \/>\n<meta property=\"article:publisher\" content=\"https:\/\/www.facebook.com\/dermamedk\" \/>\n<meta property=\"article:modified_time\" content=\"2023-09-19T16:47:31+00:00\" \/>\n<meta property=\"og:image\" content=\"https:\/\/dermamedk.es\/wp-content\/uploads\/2023\/05\/WhatsApp-Image-2023-05-03-at-12.12.17-AM.jpeg\" \/>\n\t<meta property=\"og:image:width\" content=\"578\" \/>\n\t<meta property=\"og:image:height\" content=\"562\" \/>\n\t<meta property=\"og:image:type\" content=\"image\/jpeg\" \/>\n<meta name=\"twitter:card\" content=\"summary_large_image\" \/>\n<meta name=\"twitter:label1\" content=\"Dur\u00e9e de lecture estim\u00e9e\" \/>\n\t<meta name=\"twitter:data1\" content=\"1 minute\" \/>\n<script type=\"application\/ld+json\" class=\"yoast-schema-graph\">{\"@context\":\"https:\/\/schema.org\",\"@graph\":[{\"@type\":\"WebPage\",\"@id\":\"https:\/\/dermamedk.es\/tienda\/capilar\/cuidado-capilar-intensivo\/champu-anticaida\/\",\"url\":\"https:\/\/dermamedk.es\/tienda\/capilar\/cuidado-capilar-intensivo\/champu-anticaida\/\",\"name\":\"CHAMP\u00da ANTICAIDA - Dermamedk\",\"isPartOf\":{\"@id\":\"https:\/\/dermamedk.es\/#website\"},\"primaryImageOfPage\":{\"@id\":\"https:\/\/dermamedk.es\/tienda\/capilar\/cuidado-capilar-intensivo\/champu-anticaida\/#primaryimage\"},\"image\":{\"@id\":\"https:\/\/dermamedk.es\/tienda\/capilar\/cuidado-capilar-intensivo\/champu-anticaida\/#primaryimage\"},\"thumbnailUrl\":\"https:\/\/dermamedk.es\/wp-content\/uploads\/2023\/05\/WhatsApp-Image-2023-05-03-at-12.12.17-AM.jpeg\",\"datePublished\":\"2023-05-03T04:05:31+00:00\",\"dateModified\":\"2023-09-19T16:47:31+00:00\",\"description\":\"Limpieza del cabello desvitalizado y sin fuerza, con tendencia a la ca\u00edda excesiva. Modo de empleo: Con el pelo h\u00famedo, extender por todo el cabello.\",\"breadcrumb\":{\"@id\":\"https:\/\/dermamedk.es\/tienda\/capilar\/cuidado-capilar-intensivo\/champu-anticaida\/#breadcrumb\"},\"inLanguage\":\"fr-FR\",\"potentialAction\":[{\"@type\":\"ReadAction\",\"target\":[\"https:\/\/dermamedk.es\/tienda\/capilar\/cuidado-capilar-intensivo\/champu-anticaida\/\"]}]},{\"@type\":\"ImageObject\",\"inLanguage\":\"fr-FR\",\"@id\":\"https:\/\/dermamedk.es\/tienda\/capilar\/cuidado-capilar-intensivo\/champu-anticaida\/#primaryimage\",\"url\":\"https:\/\/dermamedk.es\/wp-content\/uploads\/2023\/05\/WhatsApp-Image-2023-05-03-at-12.12.17-AM.jpeg\",\"contentUrl\":\"https:\/\/dermamedk.es\/wp-content\/uploads\/2023\/05\/WhatsApp-Image-2023-05-03-at-12.12.17-AM.jpeg\",\"width\":578,\"height\":562,\"caption\":\"capilar -cuidado capilar intensivo\"},{\"@type\":\"BreadcrumbList\",\"@id\":\"https:\/\/dermamedk.es\/tienda\/capilar\/cuidado-capilar-intensivo\/champu-anticaida\/#breadcrumb\",\"itemListElement\":[{\"@type\":\"ListItem\",\"position\":1,\"name\":\"Home\",\"item\":\"https:\/\/dermamedk.es\/\"},{\"@type\":\"ListItem\",\"position\":2,\"name\":\"Tienda\",\"item\":\"https:\/\/dermamedk.es\/tienda-dermamedk\/\"},{\"@type\":\"ListItem\",\"position\":3,\"name\":\"CHAMP\u00da ANTICAIDA\"}]},{\"@type\":\"WebSite\",\"@id\":\"https:\/\/dermamedk.es\/#website\",\"url\":\"https:\/\/dermamedk.es\/\",\"name\":\"DermamedK | La elecci\u00f3n perfecta para tu cuidado de la piel\",\"description\":\"Lo mejor para el cuidado de tu piel\",\"publisher\":{\"@id\":\"https:\/\/dermamedk.es\/#organization\"},\"potentialAction\":[{\"@type\":\"SearchAction\",\"target\":{\"@type\":\"EntryPoint\",\"urlTemplate\":\"https:\/\/dermamedk.es\/?s={search_term_string}\"},\"query-input\":{\"@type\":\"PropertyValueSpecification\",\"valueRequired\":true,\"valueName\":\"search_term_string\"}}],\"inLanguage\":\"fr-FR\"},{\"@type\":\"Organization\",\"@id\":\"https:\/\/dermamedk.es\/#organization\",\"name\":\"DermamedK | La elecci\u00f3n perfecta para tu cuidado de la piel\",\"url\":\"https:\/\/dermamedk.es\/\",\"logo\":{\"@type\":\"ImageObject\",\"inLanguage\":\"fr-FR\",\"@id\":\"https:\/\/dermamedk.es\/#\/schema\/logo\/image\/\",\"url\":\"https:\/\/dermamedk.es\/wp-content\/uploads\/2023\/04\/logo-150.webp\",\"contentUrl\":\"https:\/\/dermamedk.es\/wp-content\/uploads\/2023\/04\/logo-150.webp\",\"width\":180,\"height\":212,\"caption\":\"DermamedK | La elecci\u00f3n perfecta para tu cuidado de la piel\"},\"image\":{\"@id\":\"https:\/\/dermamedk.es\/#\/schema\/logo\/image\/\"},\"sameAs\":[\"https:\/\/www.facebook.com\/dermamedk\",\"https:\/\/www.instagram.com\/dermamedk\/\"]}]}<\/script>\n<!-- \/ Yoast SEO plugin. -->","yoast_head_json":{"title":"CHAMP\u00da ANTICAIDA - Dermamedk","description":"Limpieza del cabello desvitalizado y sin fuerza, con tendencia a la ca\u00edda excesiva. Modo de empleo: Con el pelo h\u00famedo, extender por todo el cabello.","robots":{"index":"index","follow":"follow","max-snippet":"max-snippet:-1","max-image-preview":"max-image-preview:large","max-video-preview":"max-video-preview:-1"},"canonical":"https:\/\/dermamedk.es\/fr\/tienda\/capilar\/cuidado-capilar-intensivo\/champu-anticaida\/","og_locale":"fr_FR","og_type":"article","og_title":"CHAMP\u00da ANTICAIDA - Dermamedk","og_description":"Limpieza del cabello desvitalizado y sin fuerza, con tendencia a la ca\u00edda excesiva. Modo de empleo: Con el pelo h\u00famedo, extender por todo el cabello.","og_url":"https:\/\/dermamedk.es\/fr\/tienda\/capilar\/cuidado-capilar-intensivo\/champu-anticaida\/","og_site_name":"Dermamedk","article_publisher":"https:\/\/www.facebook.com\/dermamedk","article_modified_time":"2023-09-19T16:47:31+00:00","og_image":[{"width":578,"height":562,"url":"https:\/\/dermamedk.es\/wp-content\/uploads\/2023\/05\/WhatsApp-Image-2023-05-03-at-12.12.17-AM.jpeg","type":"image\/jpeg"}],"twitter_card":"summary_large_image","twitter_misc":{"Dur\u00e9e de lecture estim\u00e9e":"1 minute"},"schema":{"@context":"https:\/\/schema.org","@graph":[{"@type":"WebPage","@id":"https:\/\/dermamedk.es\/tienda\/capilar\/cuidado-capilar-intensivo\/champu-anticaida\/","url":"https:\/\/dermamedk.es\/tienda\/capilar\/cuidado-capilar-intensivo\/champu-anticaida\/","name":"CHAMP\u00da ANTICAIDA - Dermamedk","isPartOf":{"@id":"https:\/\/dermamedk.es\/#website"},"primaryImageOfPage":{"@id":"https:\/\/dermamedk.es\/tienda\/capilar\/cuidado-capilar-intensivo\/champu-anticaida\/#primaryimage"},"image":{"@id":"https:\/\/dermamedk.es\/tienda\/capilar\/cuidado-capilar-intensivo\/champu-anticaida\/#primaryimage"},"thumbnailUrl":"https:\/\/dermamedk.es\/wp-content\/uploads\/2023\/05\/WhatsApp-Image-2023-05-03-at-12.12.17-AM.jpeg","datePublished":"2023-05-03T04:05:31+00:00","dateModified":"2023-09-19T16:47:31+00:00","description":"Limpieza del cabello desvitalizado y sin fuerza, con tendencia a la ca\u00edda excesiva. Modo de empleo: Con el pelo h\u00famedo, extender por todo el cabello.","breadcrumb":{"@id":"https:\/\/dermamedk.es\/tienda\/capilar\/cuidado-capilar-intensivo\/champu-anticaida\/#breadcrumb"},"inLanguage":"fr-FR","potentialAction":[{"@type":"ReadAction","target":["https:\/\/dermamedk.es\/tienda\/capilar\/cuidado-capilar-intensivo\/champu-anticaida\/"]}]},{"@type":"ImageObject","inLanguage":"fr-FR","@id":"https:\/\/dermamedk.es\/tienda\/capilar\/cuidado-capilar-intensivo\/champu-anticaida\/#primaryimage","url":"https:\/\/dermamedk.es\/wp-content\/uploads\/2023\/05\/WhatsApp-Image-2023-05-03-at-12.12.17-AM.jpeg","contentUrl":"https:\/\/dermamedk.es\/wp-content\/uploads\/2023\/05\/WhatsApp-Image-2023-05-03-at-12.12.17-AM.jpeg","width":578,"height":562,"caption":"capilar -cuidado capilar intensivo"},{"@type":"BreadcrumbList","@id":"https:\/\/dermamedk.es\/tienda\/capilar\/cuidado-capilar-intensivo\/champu-anticaida\/#breadcrumb","itemListElement":[{"@type":"ListItem","position":1,"name":"Home","item":"https:\/\/dermamedk.es\/"},{"@type":"ListItem","position":2,"name":"Tienda","item":"https:\/\/dermamedk.es\/tienda-dermamedk\/"},{"@type":"ListItem","position":3,"name":"CHAMP\u00da ANTICAIDA"}]},{"@type":"WebSite","@id":"https:\/\/dermamedk.es\/#website","url":"https:\/\/dermamedk.es\/","name":"DermamedK | La elecci\u00f3n perfecta para tu cuidado de la piel","description":"Lo mejor para el cuidado de tu piel","publisher":{"@id":"https:\/\/dermamedk.es\/#organization"},"potentialAction":[{"@type":"SearchAction","target":{"@type":"EntryPoint","urlTemplate":"https:\/\/dermamedk.es\/?s={search_term_string}"},"query-input":{"@type":"PropertyValueSpecification","valueRequired":true,"valueName":"search_term_string"}}],"inLanguage":"fr-FR"},{"@type":"Organization","@id":"https:\/\/dermamedk.es\/#organization","name":"DermamedK | La elecci\u00f3n perfecta para tu cuidado de la piel","url":"https:\/\/dermamedk.es\/","logo":{"@type":"ImageObject","inLanguage":"fr-FR","@id":"https:\/\/dermamedk.es\/#\/schema\/logo\/image\/","url":"https:\/\/dermamedk.es\/wp-content\/uploads\/2023\/04\/logo-150.webp","contentUrl":"https:\/\/dermamedk.es\/wp-content\/uploads\/2023\/04\/logo-150.webp","width":180,"height":212,"caption":"DermamedK | La elecci\u00f3n perfecta para tu cuidado de la piel"},"image":{"@id":"https:\/\/dermamedk.es\/#\/schema\/logo\/image\/"},"sameAs":["https:\/\/www.facebook.com\/dermamedk","https:\/\/www.instagram.com\/dermamedk\/"]}]}},"_links":{"self":[{"href":"https:\/\/dermamedk.es\/fr\/wp-json\/wp\/v2\/product\/1174","targetHints":{"allow":["GET"]}}],"collection":[{"href":"https:\/\/dermamedk.es\/fr\/wp-json\/wp\/v2\/product"}],"about":[{"href":"https:\/\/dermamedk.es\/fr\/wp-json\/wp\/v2\/types\/product"}],"replies":[{"embeddable":true,"href":"https:\/\/dermamedk.es\/fr\/wp-json\/wp\/v2\/comments?post=1174"}],"version-history":[{"count":4,"href":"https:\/\/dermamedk.es\/fr\/wp-json\/wp\/v2\/product\/1174\/revisions"}],"predecessor-version":[{"id":1398,"href":"https:\/\/dermamedk.es\/fr\/wp-json\/wp\/v2\/product\/1174\/revisions\/1398"}],"wp:featuredmedia":[{"embeddable":true,"href":"https:\/\/dermamedk.es\/fr\/wp-json\/wp\/v2\/media\/1176"}],"wp:attachment":[{"href":"https:\/\/dermamedk.es\/fr\/wp-json\/wp\/v2\/media?parent=1174"}],"wp:term":[{"taxonomy":"product_brand","embeddable":true,"href":"https:\/\/dermamedk.es\/fr\/wp-json\/wp\/v2\/product_brand?post=1174"},{"taxonomy":"product_cat","embeddable":true,"href":"https:\/\/dermamedk.es\/fr\/wp-json\/wp\/v2\/product_cat?post=1174"},{"taxonomy":"product_tag","embeddable":true,"href":"https:\/\/dermamedk.es\/fr\/wp-json\/wp\/v2\/product_tag?post=1174"}],"curies":[{"name":"wp","href":"https:\/\/api.w.org\/{rel}","templated":true}]}}