 {"id":1172,"date":"2023-05-03T04:05:27","date_gmt":"2023-05-03T04:05:27","guid":{"rendered":"https:\/\/dermamedk.es\/?post_type=product&#038;p=1172"},"modified":"2023-09-19T18:47:31","modified_gmt":"2023-09-19T16:47:31","slug":"champu-anticaspa","status":"publish","type":"product","link":"https:\/\/dermamedk.es\/fr\/tienda\/capilar\/cuidado-capilar-intensivo\/champu-anticaspa\/","title":{"rendered":"SHAMPOOING ANTIPELLICULAIRE"},"content":{"rendered":"<p>Traitement cosm\u00e9tologique des pellicules s\u00e8ches, grasses et squameuses. Mode d'emploi : Sur cheveux humides, r\u00e9partir sur l'ensemble de la chevelure et masser d\u00e9licatement. Laisser agir quelques minutes et retirer avec beaucoup d'eau. En cas de pellicules abondantes, r\u00e9p\u00e9ter l'op\u00e9ration. Peut \u00eatre utilis\u00e9 quotidiennement ou 2 \u00e0 3 fois par semaine \u00e0 titre pr\u00e9ventif. Utilisation fr\u00e9quente. Principes actifs : Pyroctone Olamine 0,6%, Bio-soufre 5%, Principes actifs de Romarin 3% et Principes actifs de Gen\u00e9vrier 2,5%, Acide Glycolique 3%, Panth\u00e9nol 1% et Base lavante neutre. Pr\u00e9sentation : 300 ml R\u00e9f. n o : FCHANT<\/p>","protected":false},"excerpt":{"rendered":"<p>Tratamiento cosmetol\u00f3gico de caspa seca, grasa y estados descamativos. Modo de empleo: Con el pelo h\u00famedo, extender por todo el cabello y realizar un suave masaje. Dejar actuar unos minutos y retirar con abundante agua. En caso de abundante caspa, repetir la operaci\u00f3n. Se puede usar a diario o 2-3 veces a la semana como [&hellip;]<\/p>","protected":false},"featured_media":1176,"comment_status":"open","ping_status":"closed","template":"","meta":[],"product_brand":[],"product_cat":[18,26,33,43],"product_tag":[],"class_list":{"0":"post-1172","1":"product","2":"type-product","3":"status-publish","4":"has-post-thumbnail","6":"product_cat-tienda","7":"product_cat-capilar","8":"product_cat-cuidado-capilar-intensivo","9":"product_cat-productos-cosmetologicos","11":"first","12":"instock","13":"taxable","14":"shipping-taxable","15":"purchasable","16":"product-type-simple"},"yoast_head":"<!-- This site is optimized with the Yoast SEO plugin v23.8 - https:\/\/yoast.com\/wordpress\/plugins\/seo\/ -->\n<title>CHAMP\u00da ANTICASPA - Dermamedk<\/title>\n<meta name=\"description\" content=\"CHAMP\u00da ANTICASPA Tratamiento cosmetol\u00f3gico de caspa seca, grasa y estados descamativos. Modo de empleo: Con el pelo h\u00famedo, extender por todo el cabello.\" \/>\n<meta name=\"robots\" content=\"index, follow, max-snippet:-1, max-image-preview:large, max-video-preview:-1\" \/>\n<link rel=\"canonical\" href=\"https:\/\/dermamedk.es\/fr\/tienda\/capilar\/cuidado-capilar-intensivo\/champu-anticaspa\/\" \/>\n<meta property=\"og:locale\" content=\"fr_FR\" \/>\n<meta property=\"og:type\" content=\"article\" \/>\n<meta property=\"og:title\" content=\"CHAMP\u00da ANTICASPA - Dermamedk\" \/>\n<meta property=\"og:description\" content=\"CHAMP\u00da ANTICASPA Tratamiento cosmetol\u00f3gico de caspa seca, grasa y estados descamativos. Modo de empleo: Con el pelo h\u00famedo, extender por todo el cabello.\" \/>\n<meta property=\"og:url\" content=\"https:\/\/dermamedk.es\/fr\/tienda\/capilar\/cuidado-capilar-intensivo\/champu-anticaspa\/\" \/>\n<meta property=\"og:site_name\" content=\"Dermamedk\" \/>\n<meta property=\"article:publisher\" content=\"https:\/\/www.facebook.com\/dermamedk\" \/>\n<meta property=\"article:modified_time\" content=\"2023-09-19T16:47:31+00:00\" \/>\n<meta property=\"og:image\" content=\"https:\/\/dermamedk.es\/wp-content\/uploads\/2023\/05\/WhatsApp-Image-2023-05-03-at-12.12.17-AM.jpeg\" \/>\n\t<meta property=\"og:image:width\" content=\"578\" \/>\n\t<meta property=\"og:image:height\" content=\"562\" \/>\n\t<meta property=\"og:image:type\" content=\"image\/jpeg\" \/>\n<meta name=\"twitter:card\" content=\"summary_large_image\" \/>\n<meta name=\"twitter:label1\" content=\"Dur\u00e9e de lecture estim\u00e9e\" \/>\n\t<meta name=\"twitter:data1\" content=\"1 minute\" \/>\n<script type=\"application\/ld+json\" class=\"yoast-schema-graph\">{\"@context\":\"https:\/\/schema.org\",\"@graph\":[{\"@type\":\"WebPage\",\"@id\":\"https:\/\/dermamedk.es\/tienda\/capilar\/cuidado-capilar-intensivo\/champu-anticaspa\/\",\"url\":\"https:\/\/dermamedk.es\/tienda\/capilar\/cuidado-capilar-intensivo\/champu-anticaspa\/\",\"name\":\"CHAMP\u00da ANTICASPA - Dermamedk\",\"isPartOf\":{\"@id\":\"https:\/\/dermamedk.es\/#website\"},\"primaryImageOfPage\":{\"@id\":\"https:\/\/dermamedk.es\/tienda\/capilar\/cuidado-capilar-intensivo\/champu-anticaspa\/#primaryimage\"},\"image\":{\"@id\":\"https:\/\/dermamedk.es\/tienda\/capilar\/cuidado-capilar-intensivo\/champu-anticaspa\/#primaryimage\"},\"thumbnailUrl\":\"https:\/\/dermamedk.es\/wp-content\/uploads\/2023\/05\/WhatsApp-Image-2023-05-03-at-12.12.17-AM.jpeg\",\"datePublished\":\"2023-05-03T04:05:27+00:00\",\"dateModified\":\"2023-09-19T16:47:31+00:00\",\"description\":\"CHAMP\u00da ANTICASPA Tratamiento cosmetol\u00f3gico de caspa seca, grasa y estados descamativos. Modo de empleo: Con el pelo h\u00famedo, extender por todo el cabello.\",\"breadcrumb\":{\"@id\":\"https:\/\/dermamedk.es\/tienda\/capilar\/cuidado-capilar-intensivo\/champu-anticaspa\/#breadcrumb\"},\"inLanguage\":\"fr-FR\",\"potentialAction\":[{\"@type\":\"ReadAction\",\"target\":[\"https:\/\/dermamedk.es\/tienda\/capilar\/cuidado-capilar-intensivo\/champu-anticaspa\/\"]}]},{\"@type\":\"ImageObject\",\"inLanguage\":\"fr-FR\",\"@id\":\"https:\/\/dermamedk.es\/tienda\/capilar\/cuidado-capilar-intensivo\/champu-anticaspa\/#primaryimage\",\"url\":\"https:\/\/dermamedk.es\/wp-content\/uploads\/2023\/05\/WhatsApp-Image-2023-05-03-at-12.12.17-AM.jpeg\",\"contentUrl\":\"https:\/\/dermamedk.es\/wp-content\/uploads\/2023\/05\/WhatsApp-Image-2023-05-03-at-12.12.17-AM.jpeg\",\"width\":578,\"height\":562,\"caption\":\"capilar -cuidado capilar intensivo\"},{\"@type\":\"BreadcrumbList\",\"@id\":\"https:\/\/dermamedk.es\/tienda\/capilar\/cuidado-capilar-intensivo\/champu-anticaspa\/#breadcrumb\",\"itemListElement\":[{\"@type\":\"ListItem\",\"position\":1,\"name\":\"Home\",\"item\":\"https:\/\/dermamedk.es\/\"},{\"@type\":\"ListItem\",\"position\":2,\"name\":\"Tienda\",\"item\":\"https:\/\/dermamedk.es\/tienda-dermamedk\/\"},{\"@type\":\"ListItem\",\"position\":3,\"name\":\"CHAMP\u00da ANTICASPA\"}]},{\"@type\":\"WebSite\",\"@id\":\"https:\/\/dermamedk.es\/#website\",\"url\":\"https:\/\/dermamedk.es\/\",\"name\":\"DermamedK | La elecci\u00f3n perfecta para tu cuidado de la piel\",\"description\":\"Lo mejor para el cuidado de tu piel\",\"publisher\":{\"@id\":\"https:\/\/dermamedk.es\/#organization\"},\"potentialAction\":[{\"@type\":\"SearchAction\",\"target\":{\"@type\":\"EntryPoint\",\"urlTemplate\":\"https:\/\/dermamedk.es\/?s={search_term_string}\"},\"query-input\":{\"@type\":\"PropertyValueSpecification\",\"valueRequired\":true,\"valueName\":\"search_term_string\"}}],\"inLanguage\":\"fr-FR\"},{\"@type\":\"Organization\",\"@id\":\"https:\/\/dermamedk.es\/#organization\",\"name\":\"DermamedK | La elecci\u00f3n perfecta para tu cuidado de la piel\",\"url\":\"https:\/\/dermamedk.es\/\",\"logo\":{\"@type\":\"ImageObject\",\"inLanguage\":\"fr-FR\",\"@id\":\"https:\/\/dermamedk.es\/#\/schema\/logo\/image\/\",\"url\":\"https:\/\/dermamedk.es\/wp-content\/uploads\/2023\/04\/logo-150.webp\",\"contentUrl\":\"https:\/\/dermamedk.es\/wp-content\/uploads\/2023\/04\/logo-150.webp\",\"width\":180,\"height\":212,\"caption\":\"DermamedK | La elecci\u00f3n perfecta para tu cuidado de la piel\"},\"image\":{\"@id\":\"https:\/\/dermamedk.es\/#\/schema\/logo\/image\/\"},\"sameAs\":[\"https:\/\/www.facebook.com\/dermamedk\",\"https:\/\/www.instagram.com\/dermamedk\/\"]}]}<\/script>\n<!-- \/ Yoast SEO plugin. -->","yoast_head_json":{"title":"CHAMP\u00da ANTICASPA - Dermamedk","description":"CHAMP\u00da ANTICASPA Tratamiento cosmetol\u00f3gico de caspa seca, grasa y estados descamativos. Modo de empleo: Con el pelo h\u00famedo, extender por todo el cabello.","robots":{"index":"index","follow":"follow","max-snippet":"max-snippet:-1","max-image-preview":"max-image-preview:large","max-video-preview":"max-video-preview:-1"},"canonical":"https:\/\/dermamedk.es\/fr\/tienda\/capilar\/cuidado-capilar-intensivo\/champu-anticaspa\/","og_locale":"fr_FR","og_type":"article","og_title":"CHAMP\u00da ANTICASPA - Dermamedk","og_description":"CHAMP\u00da ANTICASPA Tratamiento cosmetol\u00f3gico de caspa seca, grasa y estados descamativos. Modo de empleo: Con el pelo h\u00famedo, extender por todo el cabello.","og_url":"https:\/\/dermamedk.es\/fr\/tienda\/capilar\/cuidado-capilar-intensivo\/champu-anticaspa\/","og_site_name":"Dermamedk","article_publisher":"https:\/\/www.facebook.com\/dermamedk","article_modified_time":"2023-09-19T16:47:31+00:00","og_image":[{"width":578,"height":562,"url":"https:\/\/dermamedk.es\/wp-content\/uploads\/2023\/05\/WhatsApp-Image-2023-05-03-at-12.12.17-AM.jpeg","type":"image\/jpeg"}],"twitter_card":"summary_large_image","twitter_misc":{"Dur\u00e9e de lecture estim\u00e9e":"1 minute"},"schema":{"@context":"https:\/\/schema.org","@graph":[{"@type":"WebPage","@id":"https:\/\/dermamedk.es\/tienda\/capilar\/cuidado-capilar-intensivo\/champu-anticaspa\/","url":"https:\/\/dermamedk.es\/tienda\/capilar\/cuidado-capilar-intensivo\/champu-anticaspa\/","name":"CHAMP\u00da ANTICASPA - Dermamedk","isPartOf":{"@id":"https:\/\/dermamedk.es\/#website"},"primaryImageOfPage":{"@id":"https:\/\/dermamedk.es\/tienda\/capilar\/cuidado-capilar-intensivo\/champu-anticaspa\/#primaryimage"},"image":{"@id":"https:\/\/dermamedk.es\/tienda\/capilar\/cuidado-capilar-intensivo\/champu-anticaspa\/#primaryimage"},"thumbnailUrl":"https:\/\/dermamedk.es\/wp-content\/uploads\/2023\/05\/WhatsApp-Image-2023-05-03-at-12.12.17-AM.jpeg","datePublished":"2023-05-03T04:05:27+00:00","dateModified":"2023-09-19T16:47:31+00:00","description":"CHAMP\u00da ANTICASPA Tratamiento cosmetol\u00f3gico de caspa seca, grasa y estados descamativos. Modo de empleo: Con el pelo h\u00famedo, extender por todo el cabello.","breadcrumb":{"@id":"https:\/\/dermamedk.es\/tienda\/capilar\/cuidado-capilar-intensivo\/champu-anticaspa\/#breadcrumb"},"inLanguage":"fr-FR","potentialAction":[{"@type":"ReadAction","target":["https:\/\/dermamedk.es\/tienda\/capilar\/cuidado-capilar-intensivo\/champu-anticaspa\/"]}]},{"@type":"ImageObject","inLanguage":"fr-FR","@id":"https:\/\/dermamedk.es\/tienda\/capilar\/cuidado-capilar-intensivo\/champu-anticaspa\/#primaryimage","url":"https:\/\/dermamedk.es\/wp-content\/uploads\/2023\/05\/WhatsApp-Image-2023-05-03-at-12.12.17-AM.jpeg","contentUrl":"https:\/\/dermamedk.es\/wp-content\/uploads\/2023\/05\/WhatsApp-Image-2023-05-03-at-12.12.17-AM.jpeg","width":578,"height":562,"caption":"capilar -cuidado capilar intensivo"},{"@type":"BreadcrumbList","@id":"https:\/\/dermamedk.es\/tienda\/capilar\/cuidado-capilar-intensivo\/champu-anticaspa\/#breadcrumb","itemListElement":[{"@type":"ListItem","position":1,"name":"Home","item":"https:\/\/dermamedk.es\/"},{"@type":"ListItem","position":2,"name":"Tienda","item":"https:\/\/dermamedk.es\/tienda-dermamedk\/"},{"@type":"ListItem","position":3,"name":"CHAMP\u00da ANTICASPA"}]},{"@type":"WebSite","@id":"https:\/\/dermamedk.es\/#website","url":"https:\/\/dermamedk.es\/","name":"DermamedK | La elecci\u00f3n perfecta para tu cuidado de la piel","description":"Lo mejor para el cuidado de tu piel","publisher":{"@id":"https:\/\/dermamedk.es\/#organization"},"potentialAction":[{"@type":"SearchAction","target":{"@type":"EntryPoint","urlTemplate":"https:\/\/dermamedk.es\/?s={search_term_string}"},"query-input":{"@type":"PropertyValueSpecification","valueRequired":true,"valueName":"search_term_string"}}],"inLanguage":"fr-FR"},{"@type":"Organization","@id":"https:\/\/dermamedk.es\/#organization","name":"DermamedK | La elecci\u00f3n perfecta para tu cuidado de la piel","url":"https:\/\/dermamedk.es\/","logo":{"@type":"ImageObject","inLanguage":"fr-FR","@id":"https:\/\/dermamedk.es\/#\/schema\/logo\/image\/","url":"https:\/\/dermamedk.es\/wp-content\/uploads\/2023\/04\/logo-150.webp","contentUrl":"https:\/\/dermamedk.es\/wp-content\/uploads\/2023\/04\/logo-150.webp","width":180,"height":212,"caption":"DermamedK | La elecci\u00f3n perfecta para tu cuidado de la piel"},"image":{"@id":"https:\/\/dermamedk.es\/#\/schema\/logo\/image\/"},"sameAs":["https:\/\/www.facebook.com\/dermamedk","https:\/\/www.instagram.com\/dermamedk\/"]}]}},"_links":{"self":[{"href":"https:\/\/dermamedk.es\/fr\/wp-json\/wp\/v2\/product\/1172","targetHints":{"allow":["GET"]}}],"collection":[{"href":"https:\/\/dermamedk.es\/fr\/wp-json\/wp\/v2\/product"}],"about":[{"href":"https:\/\/dermamedk.es\/fr\/wp-json\/wp\/v2\/types\/product"}],"replies":[{"embeddable":true,"href":"https:\/\/dermamedk.es\/fr\/wp-json\/wp\/v2\/comments?post=1172"}],"version-history":[{"count":3,"href":"https:\/\/dermamedk.es\/fr\/wp-json\/wp\/v2\/product\/1172\/revisions"}],"predecessor-version":[{"id":1394,"href":"https:\/\/dermamedk.es\/fr\/wp-json\/wp\/v2\/product\/1172\/revisions\/1394"}],"wp:featuredmedia":[{"embeddable":true,"href":"https:\/\/dermamedk.es\/fr\/wp-json\/wp\/v2\/media\/1176"}],"wp:attachment":[{"href":"https:\/\/dermamedk.es\/fr\/wp-json\/wp\/v2\/media?parent=1172"}],"wp:term":[{"taxonomy":"product_brand","embeddable":true,"href":"https:\/\/dermamedk.es\/fr\/wp-json\/wp\/v2\/product_brand?post=1172"},{"taxonomy":"product_cat","embeddable":true,"href":"https:\/\/dermamedk.es\/fr\/wp-json\/wp\/v2\/product_cat?post=1172"},{"taxonomy":"product_tag","embeddable":true,"href":"https:\/\/dermamedk.es\/fr\/wp-json\/wp\/v2\/product_tag?post=1172"}],"curies":[{"name":"wp","href":"https:\/\/api.w.org\/{rel}","templated":true}]}}