 {"id":1163,"date":"2023-05-03T03:56:44","date_gmt":"2023-05-03T03:56:44","guid":{"rendered":"https:\/\/dermamedk.es\/?post_type=product&#038;p=1163"},"modified":"2024-03-01T14:22:35","modified_gmt":"2024-03-01T13:22:35","slug":"gel-desmaquillante-de-ojos","status":"publish","type":"product","link":"https:\/\/dermamedk.es\/fr\/tienda\/tienda\/gel-desmaquillante-de-ojos\/","title":{"rendered":"GEL D\u00c9MAQUILLANT POUR LES YEUX"},"content":{"rendered":"<p>D\u00e9maquillant et nettoyant pour la zone p\u00e9rioculaire de tous les types de peau.<br \/>\nMode d'emploi : Avec des disques d\u00e9maquillants pr\u00e9alablement humidifi\u00e9s, appliquer un peu de gel et nettoyer les yeux par des mouvements doux jusqu'\u00e0 l'obtention d'une texture savonneuse. Nettoyez toujours les cils de la base \u00e0 la pointe. Retirer avec beaucoup d'eau.<br \/>\nPrincipes actifs : extrait de camomille 6% et extrait d'avoine 2%, agent hydratant 5%, tegob\u00e9ta\u00efne 0,5% et aloe vera.<br \/>\nPr\u00e9sentation : 100 ml<br \/>\nR\u00e9f. : FGDO<\/p>","protected":false},"excerpt":{"rendered":"<p>Desmaquillante y limpiador del \u00e1rea periocular de todo tipo de pieles. Modo de empleo: Con los discos desmaquilladores previamente humedecidos, aplicar un poco de gel y limpiar los ojos con movimientos suaves hasta obtener una textura jabonosa. Limpiar las pesta\u00f1as siempre de la base a las puntas. Retirar con abundante agua. Ingredientes activos: Extracto de [&hellip;]<\/p>","protected":false},"featured_media":1164,"comment_status":"open","ping_status":"closed","template":"","meta":[],"product_brand":[],"product_cat":[18,25,43],"product_tag":[],"class_list":{"0":"post-1163","1":"product","2":"type-product","3":"status-publish","4":"has-post-thumbnail","6":"product_cat-tienda","7":"product_cat-higiene-y-exfoliacion","8":"product_cat-productos-cosmetologicos","10":"first","11":"instock","12":"taxable","13":"shipping-taxable","14":"purchasable","15":"product-type-simple"},"yoast_head":"<!-- This site is optimized with the Yoast SEO plugin v23.8 - https:\/\/yoast.com\/wordpress\/plugins\/seo\/ -->\n<title>GEL DESMAQUILLANTE DE OJOS - Dermamedk<\/title>\n<meta name=\"description\" content=\"GEL DESMAQUILLANTE DE OJOS Desmaquillante y limpiador del \u00e1rea periocular de todo tipo de pieles. Sin irritaci\u00f3n asegurada.\" \/>\n<meta name=\"robots\" content=\"index, follow, max-snippet:-1, max-image-preview:large, max-video-preview:-1\" \/>\n<link rel=\"canonical\" href=\"https:\/\/dermamedk.es\/fr\/tienda\/tienda\/gel-desmaquillante-de-ojos\/\" \/>\n<meta property=\"og:locale\" content=\"fr_FR\" \/>\n<meta property=\"og:type\" content=\"article\" \/>\n<meta property=\"og:title\" content=\"GEL DESMAQUILLANTE DE OJOS - Dermamedk\" \/>\n<meta property=\"og:description\" content=\"GEL DESMAQUILLANTE DE OJOS Desmaquillante y limpiador del \u00e1rea periocular de todo tipo de pieles. Sin irritaci\u00f3n asegurada.\" \/>\n<meta property=\"og:url\" content=\"https:\/\/dermamedk.es\/fr\/tienda\/tienda\/gel-desmaquillante-de-ojos\/\" \/>\n<meta property=\"og:site_name\" content=\"Dermamedk\" \/>\n<meta property=\"article:publisher\" content=\"https:\/\/www.facebook.com\/dermamedk\" \/>\n<meta property=\"article:modified_time\" content=\"2024-03-01T13:22:35+00:00\" \/>\n<meta property=\"og:image\" content=\"https:\/\/dermamedk.es\/wp-content\/uploads\/2023\/05\/WhatsApp-Image-2023-05-02-at-11.59.12-PM.jpeg\" \/>\n\t<meta property=\"og:image:width\" content=\"398\" \/>\n\t<meta property=\"og:image:height\" content=\"613\" \/>\n\t<meta property=\"og:image:type\" content=\"image\/jpeg\" \/>\n<meta name=\"twitter:card\" content=\"summary_large_image\" \/>\n<meta name=\"twitter:label1\" content=\"Dur\u00e9e de lecture estim\u00e9e\" \/>\n\t<meta name=\"twitter:data1\" content=\"1 minute\" \/>\n<script type=\"application\/ld+json\" class=\"yoast-schema-graph\">{\"@context\":\"https:\/\/schema.org\",\"@graph\":[{\"@type\":\"WebPage\",\"@id\":\"https:\/\/dermamedk.es\/tienda\/tienda\/gel-desmaquillante-de-ojos\/\",\"url\":\"https:\/\/dermamedk.es\/tienda\/tienda\/gel-desmaquillante-de-ojos\/\",\"name\":\"GEL DESMAQUILLANTE DE OJOS - Dermamedk\",\"isPartOf\":{\"@id\":\"https:\/\/dermamedk.es\/#website\"},\"primaryImageOfPage\":{\"@id\":\"https:\/\/dermamedk.es\/tienda\/tienda\/gel-desmaquillante-de-ojos\/#primaryimage\"},\"image\":{\"@id\":\"https:\/\/dermamedk.es\/tienda\/tienda\/gel-desmaquillante-de-ojos\/#primaryimage\"},\"thumbnailUrl\":\"https:\/\/dermamedk.es\/wp-content\/uploads\/2023\/05\/WhatsApp-Image-2023-05-02-at-11.59.12-PM.jpeg\",\"datePublished\":\"2023-05-03T03:56:44+00:00\",\"dateModified\":\"2024-03-01T13:22:35+00:00\",\"description\":\"GEL DESMAQUILLANTE DE OJOS Desmaquillante y limpiador del \u00e1rea periocular de todo tipo de pieles. Sin irritaci\u00f3n asegurada.\",\"breadcrumb\":{\"@id\":\"https:\/\/dermamedk.es\/tienda\/tienda\/gel-desmaquillante-de-ojos\/#breadcrumb\"},\"inLanguage\":\"fr-FR\",\"potentialAction\":[{\"@type\":\"ReadAction\",\"target\":[\"https:\/\/dermamedk.es\/tienda\/tienda\/gel-desmaquillante-de-ojos\/\"]}]},{\"@type\":\"ImageObject\",\"inLanguage\":\"fr-FR\",\"@id\":\"https:\/\/dermamedk.es\/tienda\/tienda\/gel-desmaquillante-de-ojos\/#primaryimage\",\"url\":\"https:\/\/dermamedk.es\/wp-content\/uploads\/2023\/05\/WhatsApp-Image-2023-05-02-at-11.59.12-PM.jpeg\",\"contentUrl\":\"https:\/\/dermamedk.es\/wp-content\/uploads\/2023\/05\/WhatsApp-Image-2023-05-02-at-11.59.12-PM.jpeg\",\"width\":398,\"height\":613,\"caption\":\"GEL DESMAQUILLANTE DE OJOS\"},{\"@type\":\"BreadcrumbList\",\"@id\":\"https:\/\/dermamedk.es\/tienda\/tienda\/gel-desmaquillante-de-ojos\/#breadcrumb\",\"itemListElement\":[{\"@type\":\"ListItem\",\"position\":1,\"name\":\"Home\",\"item\":\"https:\/\/dermamedk.es\/\"},{\"@type\":\"ListItem\",\"position\":2,\"name\":\"Tienda\",\"item\":\"https:\/\/dermamedk.es\/tienda-dermamedk\/\"},{\"@type\":\"ListItem\",\"position\":3,\"name\":\"GEL DESMAQUILLANTE DE OJOS\"}]},{\"@type\":\"WebSite\",\"@id\":\"https:\/\/dermamedk.es\/#website\",\"url\":\"https:\/\/dermamedk.es\/\",\"name\":\"DermamedK | La elecci\u00f3n perfecta para tu cuidado de la piel\",\"description\":\"Lo mejor para el cuidado de tu piel\",\"publisher\":{\"@id\":\"https:\/\/dermamedk.es\/#organization\"},\"potentialAction\":[{\"@type\":\"SearchAction\",\"target\":{\"@type\":\"EntryPoint\",\"urlTemplate\":\"https:\/\/dermamedk.es\/?s={search_term_string}\"},\"query-input\":{\"@type\":\"PropertyValueSpecification\",\"valueRequired\":true,\"valueName\":\"search_term_string\"}}],\"inLanguage\":\"fr-FR\"},{\"@type\":\"Organization\",\"@id\":\"https:\/\/dermamedk.es\/#organization\",\"name\":\"DermamedK | La elecci\u00f3n perfecta para tu cuidado de la piel\",\"url\":\"https:\/\/dermamedk.es\/\",\"logo\":{\"@type\":\"ImageObject\",\"inLanguage\":\"fr-FR\",\"@id\":\"https:\/\/dermamedk.es\/#\/schema\/logo\/image\/\",\"url\":\"https:\/\/dermamedk.es\/wp-content\/uploads\/2023\/04\/logo-150.webp\",\"contentUrl\":\"https:\/\/dermamedk.es\/wp-content\/uploads\/2023\/04\/logo-150.webp\",\"width\":180,\"height\":212,\"caption\":\"DermamedK | La elecci\u00f3n perfecta para tu cuidado de la piel\"},\"image\":{\"@id\":\"https:\/\/dermamedk.es\/#\/schema\/logo\/image\/\"},\"sameAs\":[\"https:\/\/www.facebook.com\/dermamedk\",\"https:\/\/www.instagram.com\/dermamedk\/\"]}]}<\/script>\n<!-- \/ Yoast SEO plugin. -->","yoast_head_json":{"title":"GEL DESMAQUILLANTE DE OJOS - Dermamedk","description":"GEL DESMAQUILLANTE DE OJOS Desmaquillante y limpiador del \u00e1rea periocular de todo tipo de pieles. Sin irritaci\u00f3n asegurada.","robots":{"index":"index","follow":"follow","max-snippet":"max-snippet:-1","max-image-preview":"max-image-preview:large","max-video-preview":"max-video-preview:-1"},"canonical":"https:\/\/dermamedk.es\/fr\/tienda\/tienda\/gel-desmaquillante-de-ojos\/","og_locale":"fr_FR","og_type":"article","og_title":"GEL DESMAQUILLANTE DE OJOS - Dermamedk","og_description":"GEL DESMAQUILLANTE DE OJOS Desmaquillante y limpiador del \u00e1rea periocular de todo tipo de pieles. Sin irritaci\u00f3n asegurada.","og_url":"https:\/\/dermamedk.es\/fr\/tienda\/tienda\/gel-desmaquillante-de-ojos\/","og_site_name":"Dermamedk","article_publisher":"https:\/\/www.facebook.com\/dermamedk","article_modified_time":"2024-03-01T13:22:35+00:00","og_image":[{"width":398,"height":613,"url":"https:\/\/dermamedk.es\/wp-content\/uploads\/2023\/05\/WhatsApp-Image-2023-05-02-at-11.59.12-PM.jpeg","type":"image\/jpeg"}],"twitter_card":"summary_large_image","twitter_misc":{"Dur\u00e9e de lecture estim\u00e9e":"1 minute"},"schema":{"@context":"https:\/\/schema.org","@graph":[{"@type":"WebPage","@id":"https:\/\/dermamedk.es\/tienda\/tienda\/gel-desmaquillante-de-ojos\/","url":"https:\/\/dermamedk.es\/tienda\/tienda\/gel-desmaquillante-de-ojos\/","name":"GEL DESMAQUILLANTE DE OJOS - Dermamedk","isPartOf":{"@id":"https:\/\/dermamedk.es\/#website"},"primaryImageOfPage":{"@id":"https:\/\/dermamedk.es\/tienda\/tienda\/gel-desmaquillante-de-ojos\/#primaryimage"},"image":{"@id":"https:\/\/dermamedk.es\/tienda\/tienda\/gel-desmaquillante-de-ojos\/#primaryimage"},"thumbnailUrl":"https:\/\/dermamedk.es\/wp-content\/uploads\/2023\/05\/WhatsApp-Image-2023-05-02-at-11.59.12-PM.jpeg","datePublished":"2023-05-03T03:56:44+00:00","dateModified":"2024-03-01T13:22:35+00:00","description":"GEL DESMAQUILLANTE DE OJOS Desmaquillante y limpiador del \u00e1rea periocular de todo tipo de pieles. Sin irritaci\u00f3n asegurada.","breadcrumb":{"@id":"https:\/\/dermamedk.es\/tienda\/tienda\/gel-desmaquillante-de-ojos\/#breadcrumb"},"inLanguage":"fr-FR","potentialAction":[{"@type":"ReadAction","target":["https:\/\/dermamedk.es\/tienda\/tienda\/gel-desmaquillante-de-ojos\/"]}]},{"@type":"ImageObject","inLanguage":"fr-FR","@id":"https:\/\/dermamedk.es\/tienda\/tienda\/gel-desmaquillante-de-ojos\/#primaryimage","url":"https:\/\/dermamedk.es\/wp-content\/uploads\/2023\/05\/WhatsApp-Image-2023-05-02-at-11.59.12-PM.jpeg","contentUrl":"https:\/\/dermamedk.es\/wp-content\/uploads\/2023\/05\/WhatsApp-Image-2023-05-02-at-11.59.12-PM.jpeg","width":398,"height":613,"caption":"GEL DESMAQUILLANTE DE OJOS"},{"@type":"BreadcrumbList","@id":"https:\/\/dermamedk.es\/tienda\/tienda\/gel-desmaquillante-de-ojos\/#breadcrumb","itemListElement":[{"@type":"ListItem","position":1,"name":"Home","item":"https:\/\/dermamedk.es\/"},{"@type":"ListItem","position":2,"name":"Tienda","item":"https:\/\/dermamedk.es\/tienda-dermamedk\/"},{"@type":"ListItem","position":3,"name":"GEL DESMAQUILLANTE DE OJOS"}]},{"@type":"WebSite","@id":"https:\/\/dermamedk.es\/#website","url":"https:\/\/dermamedk.es\/","name":"DermamedK | La elecci\u00f3n perfecta para tu cuidado de la piel","description":"Lo mejor para el cuidado de tu piel","publisher":{"@id":"https:\/\/dermamedk.es\/#organization"},"potentialAction":[{"@type":"SearchAction","target":{"@type":"EntryPoint","urlTemplate":"https:\/\/dermamedk.es\/?s={search_term_string}"},"query-input":{"@type":"PropertyValueSpecification","valueRequired":true,"valueName":"search_term_string"}}],"inLanguage":"fr-FR"},{"@type":"Organization","@id":"https:\/\/dermamedk.es\/#organization","name":"DermamedK | La elecci\u00f3n perfecta para tu cuidado de la piel","url":"https:\/\/dermamedk.es\/","logo":{"@type":"ImageObject","inLanguage":"fr-FR","@id":"https:\/\/dermamedk.es\/#\/schema\/logo\/image\/","url":"https:\/\/dermamedk.es\/wp-content\/uploads\/2023\/04\/logo-150.webp","contentUrl":"https:\/\/dermamedk.es\/wp-content\/uploads\/2023\/04\/logo-150.webp","width":180,"height":212,"caption":"DermamedK | La elecci\u00f3n perfecta para tu cuidado de la piel"},"image":{"@id":"https:\/\/dermamedk.es\/#\/schema\/logo\/image\/"},"sameAs":["https:\/\/www.facebook.com\/dermamedk","https:\/\/www.instagram.com\/dermamedk\/"]}]}},"_links":{"self":[{"href":"https:\/\/dermamedk.es\/fr\/wp-json\/wp\/v2\/product\/1163","targetHints":{"allow":["GET"]}}],"collection":[{"href":"https:\/\/dermamedk.es\/fr\/wp-json\/wp\/v2\/product"}],"about":[{"href":"https:\/\/dermamedk.es\/fr\/wp-json\/wp\/v2\/types\/product"}],"replies":[{"embeddable":true,"href":"https:\/\/dermamedk.es\/fr\/wp-json\/wp\/v2\/comments?post=1163"}],"version-history":[{"count":3,"href":"https:\/\/dermamedk.es\/fr\/wp-json\/wp\/v2\/product\/1163\/revisions"}],"predecessor-version":[{"id":1418,"href":"https:\/\/dermamedk.es\/fr\/wp-json\/wp\/v2\/product\/1163\/revisions\/1418"}],"wp:featuredmedia":[{"embeddable":true,"href":"https:\/\/dermamedk.es\/fr\/wp-json\/wp\/v2\/media\/1164"}],"wp:attachment":[{"href":"https:\/\/dermamedk.es\/fr\/wp-json\/wp\/v2\/media?parent=1163"}],"wp:term":[{"taxonomy":"product_brand","embeddable":true,"href":"https:\/\/dermamedk.es\/fr\/wp-json\/wp\/v2\/product_brand?post=1163"},{"taxonomy":"product_cat","embeddable":true,"href":"https:\/\/dermamedk.es\/fr\/wp-json\/wp\/v2\/product_cat?post=1163"},{"taxonomy":"product_tag","embeddable":true,"href":"https:\/\/dermamedk.es\/fr\/wp-json\/wp\/v2\/product_tag?post=1163"}],"curies":[{"name":"wp","href":"https:\/\/api.w.org\/{rel}","templated":true}]}}