 {"id":1110,"date":"2023-05-03T02:16:40","date_gmt":"2023-05-03T02:16:40","guid":{"rendered":"https:\/\/dermamedk.es\/?post_type=product&#038;p=1110"},"modified":"2024-03-01T14:20:25","modified_gmt":"2024-03-01T13:20:25","slug":"crema-nutritiva-facial-oil-free","status":"publish","type":"product","link":"https:\/\/dermamedk.es\/fr\/tienda\/facial\/piel-mixta-y-grasa\/crema-nutritiva-facial-oil-free\/","title":{"rendered":"CR\u00c8ME NOURRISSANTE SANS HUILE POUR LE VISAGE"},"content":{"rendered":"<p>Cr\u00e8me hydratante, r\u00e9g\u00e9n\u00e9rante et anti-rides avec protection solaire. Indiqu\u00e9e pour traiter les principaux signes de vieillissement et de s\u00e9bor\u00e9gulation sans obstruer les pores.<br \/>\nMode d'emploi : Appliquer matin et soir sur le visage, le cou et le d\u00e9collet\u00e9. Peut provoquer des irritations en cas d'application sur une peau excessivement d\u00e9graiss\u00e9e par des savons ou des solutions alcooliques.<br \/>\nPrincipes actifs : acide glycolique, facteur naturel d'hydratation, aloe vera, \u00e9cran solaire, mimosa, calendula, alpha-bisabolol, avocat, polypeptides bioactifs, argireline\u00ae et base non grasse.<br \/>\nPr\u00e9sentation : 50 ml<br \/>\nR\u00e9f. : FCNF<\/p>","protected":false},"excerpt":{"rendered":"<p>Crema Hidronutritiva, regeneradora y antiarrugas de expresi\u00f3n con protecci\u00f3n solar. Indicada para tratar los principales signos de envejecimiento y la seborregulaci\u00f3n sin ocluir los poros. Modo de empleo: Aplicar por la ma\u00f1ana y por la noche sobre cara, cuello y escote. Podr\u00eda generar irritaci\u00f3n si se aplica sobre una piel excesivamente desengrasada con jabones o [&hellip;]<\/p>","protected":false},"featured_media":1111,"comment_status":"open","ping_status":"closed","template":"","meta":[],"product_brand":[],"product_cat":[18,24,30,43],"product_tag":[],"class_list":{"0":"post-1110","1":"product","2":"type-product","3":"status-publish","4":"has-post-thumbnail","6":"product_cat-tienda","7":"product_cat-facial","8":"product_cat-piel-mixta-y-grasa","9":"product_cat-productos-cosmetologicos","11":"first","12":"instock","13":"taxable","14":"shipping-taxable","15":"purchasable","16":"product-type-simple"},"yoast_head":"<!-- This site is optimized with the Yoast SEO plugin v23.8 - https:\/\/yoast.com\/wordpress\/plugins\/seo\/ -->\n<title>CREMA NUTRITIVA FACIAL OIL-FREE - Dermamedk<\/title>\n<meta name=\"description\" content=\"CREMA NUTRITIVA FACIAL OIL-FREE Indicada para tratar los principales signos de envejecimiento y la seborregulaci\u00f3n sin ocluir los poros.\" \/>\n<meta name=\"robots\" content=\"index, follow, max-snippet:-1, max-image-preview:large, max-video-preview:-1\" \/>\n<link rel=\"canonical\" href=\"https:\/\/dermamedk.es\/fr\/tienda\/facial\/piel-mixta-y-grasa\/crema-nutritiva-facial-oil-free\/\" \/>\n<meta property=\"og:locale\" content=\"fr_FR\" \/>\n<meta property=\"og:type\" content=\"article\" \/>\n<meta property=\"og:title\" content=\"CREMA NUTRITIVA FACIAL OIL-FREE - Dermamedk\" \/>\n<meta property=\"og:description\" content=\"CREMA NUTRITIVA FACIAL OIL-FREE Indicada para tratar los principales signos de envejecimiento y la seborregulaci\u00f3n sin ocluir los poros.\" \/>\n<meta property=\"og:url\" content=\"https:\/\/dermamedk.es\/fr\/tienda\/facial\/piel-mixta-y-grasa\/crema-nutritiva-facial-oil-free\/\" \/>\n<meta property=\"og:site_name\" content=\"Dermamedk\" \/>\n<meta property=\"article:publisher\" content=\"https:\/\/www.facebook.com\/dermamedk\" \/>\n<meta property=\"article:modified_time\" content=\"2024-03-01T13:20:25+00:00\" \/>\n<meta property=\"og:image\" content=\"https:\/\/dermamedk.es\/wp-content\/uploads\/2023\/05\/CREMA-NUTRITIVA-FACIAL-OIL-FREE.jpeg\" \/>\n\t<meta property=\"og:image:width\" content=\"485\" \/>\n\t<meta property=\"og:image:height\" content=\"548\" \/>\n\t<meta property=\"og:image:type\" content=\"image\/jpeg\" \/>\n<meta name=\"twitter:card\" content=\"summary_large_image\" \/>\n<meta name=\"twitter:label1\" content=\"Dur\u00e9e de lecture estim\u00e9e\" \/>\n\t<meta name=\"twitter:data1\" content=\"1 minute\" \/>\n<script type=\"application\/ld+json\" class=\"yoast-schema-graph\">{\"@context\":\"https:\/\/schema.org\",\"@graph\":[{\"@type\":\"WebPage\",\"@id\":\"https:\/\/dermamedk.es\/tienda\/facial\/piel-mixta-y-grasa\/crema-nutritiva-facial-oil-free\/\",\"url\":\"https:\/\/dermamedk.es\/tienda\/facial\/piel-mixta-y-grasa\/crema-nutritiva-facial-oil-free\/\",\"name\":\"CREMA NUTRITIVA FACIAL OIL-FREE - Dermamedk\",\"isPartOf\":{\"@id\":\"https:\/\/dermamedk.es\/#website\"},\"primaryImageOfPage\":{\"@id\":\"https:\/\/dermamedk.es\/tienda\/facial\/piel-mixta-y-grasa\/crema-nutritiva-facial-oil-free\/#primaryimage\"},\"image\":{\"@id\":\"https:\/\/dermamedk.es\/tienda\/facial\/piel-mixta-y-grasa\/crema-nutritiva-facial-oil-free\/#primaryimage\"},\"thumbnailUrl\":\"https:\/\/dermamedk.es\/wp-content\/uploads\/2023\/05\/CREMA-NUTRITIVA-FACIAL-OIL-FREE.jpeg\",\"datePublished\":\"2023-05-03T02:16:40+00:00\",\"dateModified\":\"2024-03-01T13:20:25+00:00\",\"description\":\"CREMA NUTRITIVA FACIAL OIL-FREE Indicada para tratar los principales signos de envejecimiento y la seborregulaci\u00f3n sin ocluir los poros.\",\"breadcrumb\":{\"@id\":\"https:\/\/dermamedk.es\/tienda\/facial\/piel-mixta-y-grasa\/crema-nutritiva-facial-oil-free\/#breadcrumb\"},\"inLanguage\":\"fr-FR\",\"potentialAction\":[{\"@type\":\"ReadAction\",\"target\":[\"https:\/\/dermamedk.es\/tienda\/facial\/piel-mixta-y-grasa\/crema-nutritiva-facial-oil-free\/\"]}]},{\"@type\":\"ImageObject\",\"inLanguage\":\"fr-FR\",\"@id\":\"https:\/\/dermamedk.es\/tienda\/facial\/piel-mixta-y-grasa\/crema-nutritiva-facial-oil-free\/#primaryimage\",\"url\":\"https:\/\/dermamedk.es\/wp-content\/uploads\/2023\/05\/CREMA-NUTRITIVA-FACIAL-OIL-FREE.jpeg\",\"contentUrl\":\"https:\/\/dermamedk.es\/wp-content\/uploads\/2023\/05\/CREMA-NUTRITIVA-FACIAL-OIL-FREE.jpeg\",\"width\":485,\"height\":548,\"caption\":\"CREMA NUTRITIVA FACIAL OIL-FREE\"},{\"@type\":\"BreadcrumbList\",\"@id\":\"https:\/\/dermamedk.es\/tienda\/facial\/piel-mixta-y-grasa\/crema-nutritiva-facial-oil-free\/#breadcrumb\",\"itemListElement\":[{\"@type\":\"ListItem\",\"position\":1,\"name\":\"Home\",\"item\":\"https:\/\/dermamedk.es\/\"},{\"@type\":\"ListItem\",\"position\":2,\"name\":\"Tienda\",\"item\":\"https:\/\/dermamedk.es\/tienda-dermamedk\/\"},{\"@type\":\"ListItem\",\"position\":3,\"name\":\"CREMA NUTRITIVA FACIAL OIL-FREE\"}]},{\"@type\":\"WebSite\",\"@id\":\"https:\/\/dermamedk.es\/#website\",\"url\":\"https:\/\/dermamedk.es\/\",\"name\":\"DermamedK | La elecci\u00f3n perfecta para tu cuidado de la piel\",\"description\":\"Lo mejor para el cuidado de tu piel\",\"publisher\":{\"@id\":\"https:\/\/dermamedk.es\/#organization\"},\"potentialAction\":[{\"@type\":\"SearchAction\",\"target\":{\"@type\":\"EntryPoint\",\"urlTemplate\":\"https:\/\/dermamedk.es\/?s={search_term_string}\"},\"query-input\":{\"@type\":\"PropertyValueSpecification\",\"valueRequired\":true,\"valueName\":\"search_term_string\"}}],\"inLanguage\":\"fr-FR\"},{\"@type\":\"Organization\",\"@id\":\"https:\/\/dermamedk.es\/#organization\",\"name\":\"DermamedK | La elecci\u00f3n perfecta para tu cuidado de la piel\",\"url\":\"https:\/\/dermamedk.es\/\",\"logo\":{\"@type\":\"ImageObject\",\"inLanguage\":\"fr-FR\",\"@id\":\"https:\/\/dermamedk.es\/#\/schema\/logo\/image\/\",\"url\":\"https:\/\/dermamedk.es\/wp-content\/uploads\/2023\/04\/logo-150.webp\",\"contentUrl\":\"https:\/\/dermamedk.es\/wp-content\/uploads\/2023\/04\/logo-150.webp\",\"width\":180,\"height\":212,\"caption\":\"DermamedK | La elecci\u00f3n perfecta para tu cuidado de la piel\"},\"image\":{\"@id\":\"https:\/\/dermamedk.es\/#\/schema\/logo\/image\/\"},\"sameAs\":[\"https:\/\/www.facebook.com\/dermamedk\",\"https:\/\/www.instagram.com\/dermamedk\/\"]}]}<\/script>\n<!-- \/ Yoast SEO plugin. -->","yoast_head_json":{"title":"CREMA NUTRITIVA FACIAL OIL-FREE - Dermamedk","description":"CREMA NUTRITIVA FACIAL OIL-FREE Indicada para tratar los principales signos de envejecimiento y la seborregulaci\u00f3n sin ocluir los poros.","robots":{"index":"index","follow":"follow","max-snippet":"max-snippet:-1","max-image-preview":"max-image-preview:large","max-video-preview":"max-video-preview:-1"},"canonical":"https:\/\/dermamedk.es\/fr\/tienda\/facial\/piel-mixta-y-grasa\/crema-nutritiva-facial-oil-free\/","og_locale":"fr_FR","og_type":"article","og_title":"CREMA NUTRITIVA FACIAL OIL-FREE - Dermamedk","og_description":"CREMA NUTRITIVA FACIAL OIL-FREE Indicada para tratar los principales signos de envejecimiento y la seborregulaci\u00f3n sin ocluir los poros.","og_url":"https:\/\/dermamedk.es\/fr\/tienda\/facial\/piel-mixta-y-grasa\/crema-nutritiva-facial-oil-free\/","og_site_name":"Dermamedk","article_publisher":"https:\/\/www.facebook.com\/dermamedk","article_modified_time":"2024-03-01T13:20:25+00:00","og_image":[{"width":485,"height":548,"url":"https:\/\/dermamedk.es\/wp-content\/uploads\/2023\/05\/CREMA-NUTRITIVA-FACIAL-OIL-FREE.jpeg","type":"image\/jpeg"}],"twitter_card":"summary_large_image","twitter_misc":{"Dur\u00e9e de lecture estim\u00e9e":"1 minute"},"schema":{"@context":"https:\/\/schema.org","@graph":[{"@type":"WebPage","@id":"https:\/\/dermamedk.es\/tienda\/facial\/piel-mixta-y-grasa\/crema-nutritiva-facial-oil-free\/","url":"https:\/\/dermamedk.es\/tienda\/facial\/piel-mixta-y-grasa\/crema-nutritiva-facial-oil-free\/","name":"CREMA NUTRITIVA FACIAL OIL-FREE - Dermamedk","isPartOf":{"@id":"https:\/\/dermamedk.es\/#website"},"primaryImageOfPage":{"@id":"https:\/\/dermamedk.es\/tienda\/facial\/piel-mixta-y-grasa\/crema-nutritiva-facial-oil-free\/#primaryimage"},"image":{"@id":"https:\/\/dermamedk.es\/tienda\/facial\/piel-mixta-y-grasa\/crema-nutritiva-facial-oil-free\/#primaryimage"},"thumbnailUrl":"https:\/\/dermamedk.es\/wp-content\/uploads\/2023\/05\/CREMA-NUTRITIVA-FACIAL-OIL-FREE.jpeg","datePublished":"2023-05-03T02:16:40+00:00","dateModified":"2024-03-01T13:20:25+00:00","description":"CREMA NUTRITIVA FACIAL OIL-FREE Indicada para tratar los principales signos de envejecimiento y la seborregulaci\u00f3n sin ocluir los poros.","breadcrumb":{"@id":"https:\/\/dermamedk.es\/tienda\/facial\/piel-mixta-y-grasa\/crema-nutritiva-facial-oil-free\/#breadcrumb"},"inLanguage":"fr-FR","potentialAction":[{"@type":"ReadAction","target":["https:\/\/dermamedk.es\/tienda\/facial\/piel-mixta-y-grasa\/crema-nutritiva-facial-oil-free\/"]}]},{"@type":"ImageObject","inLanguage":"fr-FR","@id":"https:\/\/dermamedk.es\/tienda\/facial\/piel-mixta-y-grasa\/crema-nutritiva-facial-oil-free\/#primaryimage","url":"https:\/\/dermamedk.es\/wp-content\/uploads\/2023\/05\/CREMA-NUTRITIVA-FACIAL-OIL-FREE.jpeg","contentUrl":"https:\/\/dermamedk.es\/wp-content\/uploads\/2023\/05\/CREMA-NUTRITIVA-FACIAL-OIL-FREE.jpeg","width":485,"height":548,"caption":"CREMA NUTRITIVA FACIAL OIL-FREE"},{"@type":"BreadcrumbList","@id":"https:\/\/dermamedk.es\/tienda\/facial\/piel-mixta-y-grasa\/crema-nutritiva-facial-oil-free\/#breadcrumb","itemListElement":[{"@type":"ListItem","position":1,"name":"Home","item":"https:\/\/dermamedk.es\/"},{"@type":"ListItem","position":2,"name":"Tienda","item":"https:\/\/dermamedk.es\/tienda-dermamedk\/"},{"@type":"ListItem","position":3,"name":"CREMA NUTRITIVA FACIAL OIL-FREE"}]},{"@type":"WebSite","@id":"https:\/\/dermamedk.es\/#website","url":"https:\/\/dermamedk.es\/","name":"DermamedK | La elecci\u00f3n perfecta para tu cuidado de la piel","description":"Lo mejor para el cuidado de tu piel","publisher":{"@id":"https:\/\/dermamedk.es\/#organization"},"potentialAction":[{"@type":"SearchAction","target":{"@type":"EntryPoint","urlTemplate":"https:\/\/dermamedk.es\/?s={search_term_string}"},"query-input":{"@type":"PropertyValueSpecification","valueRequired":true,"valueName":"search_term_string"}}],"inLanguage":"fr-FR"},{"@type":"Organization","@id":"https:\/\/dermamedk.es\/#organization","name":"DermamedK | La elecci\u00f3n perfecta para tu cuidado de la piel","url":"https:\/\/dermamedk.es\/","logo":{"@type":"ImageObject","inLanguage":"fr-FR","@id":"https:\/\/dermamedk.es\/#\/schema\/logo\/image\/","url":"https:\/\/dermamedk.es\/wp-content\/uploads\/2023\/04\/logo-150.webp","contentUrl":"https:\/\/dermamedk.es\/wp-content\/uploads\/2023\/04\/logo-150.webp","width":180,"height":212,"caption":"DermamedK | La elecci\u00f3n perfecta para tu cuidado de la piel"},"image":{"@id":"https:\/\/dermamedk.es\/#\/schema\/logo\/image\/"},"sameAs":["https:\/\/www.facebook.com\/dermamedk","https:\/\/www.instagram.com\/dermamedk\/"]}]}},"_links":{"self":[{"href":"https:\/\/dermamedk.es\/fr\/wp-json\/wp\/v2\/product\/1110","targetHints":{"allow":["GET"]}}],"collection":[{"href":"https:\/\/dermamedk.es\/fr\/wp-json\/wp\/v2\/product"}],"about":[{"href":"https:\/\/dermamedk.es\/fr\/wp-json\/wp\/v2\/types\/product"}],"replies":[{"embeddable":true,"href":"https:\/\/dermamedk.es\/fr\/wp-json\/wp\/v2\/comments?post=1110"}],"version-history":[{"count":3,"href":"https:\/\/dermamedk.es\/fr\/wp-json\/wp\/v2\/product\/1110\/revisions"}],"predecessor-version":[{"id":1452,"href":"https:\/\/dermamedk.es\/fr\/wp-json\/wp\/v2\/product\/1110\/revisions\/1452"}],"wp:featuredmedia":[{"embeddable":true,"href":"https:\/\/dermamedk.es\/fr\/wp-json\/wp\/v2\/media\/1111"}],"wp:attachment":[{"href":"https:\/\/dermamedk.es\/fr\/wp-json\/wp\/v2\/media?parent=1110"}],"wp:term":[{"taxonomy":"product_brand","embeddable":true,"href":"https:\/\/dermamedk.es\/fr\/wp-json\/wp\/v2\/product_brand?post=1110"},{"taxonomy":"product_cat","embeddable":true,"href":"https:\/\/dermamedk.es\/fr\/wp-json\/wp\/v2\/product_cat?post=1110"},{"taxonomy":"product_tag","embeddable":true,"href":"https:\/\/dermamedk.es\/fr\/wp-json\/wp\/v2\/product_tag?post=1110"}],"curies":[{"name":"wp","href":"https:\/\/api.w.org\/{rel}","templated":true}]}}