 {"id":831,"date":"2023-04-18T12:32:18","date_gmt":"2023-04-18T12:32:18","guid":{"rendered":"https:\/\/dermamedk.es\/?page_id=831"},"modified":"2023-05-24T23:16:47","modified_gmt":"2023-05-24T21:16:47","slug":"sobre-nosotros","status":"publish","type":"page","link":"https:\/\/dermamedk.es\/fr\/sobre-nosotros\/","title":{"rendered":"A propos de nous"},"content":{"rendered":"<div data-elementor-type=\"wp-page\" data-elementor-id=\"831\" class=\"elementor elementor-831\" data-elementor-post-type=\"page\">\n\t\t\t\t<div class=\"elementor-element elementor-element-b8ab4e1 e-flex e-con-boxed e-con e-parent\" data-id=\"b8ab4e1\" data-element_type=\"container\">\n\t\t\t\t\t<div class=\"e-con-inner\">\n\t\t<div class=\"elementor-element elementor-element-a829208 e-con-full e-flex e-con e-parent\" data-id=\"a829208\" data-element_type=\"container\">\n\t\t\t\t<div class=\"elementor-element elementor-element-fc8499d elementor-widget elementor-widget-premium-addon-banner\" data-id=\"fc8499d\" data-element_type=\"widget\" data-widget_type=\"premium-addon-banner.default\">\n\t\t\t\t<div class=\"elementor-widget-container\">\n\t\t\t\t\t<div class=\"premium-banner-ib premium-banner-min-height premium-banner-animation1 none\">\r\n\t\t\t\t\t\t\t\t\t\t\t\t\t\t\t<img fetchpriority=\"high\" decoding=\"async\" width=\"1290\" height=\"1584\" src=\"https:\/\/dermamedk.es\/wp-content\/uploads\/2023\/05\/dermamedk-karol.webp\" class=\"attachment-full size-full wp-image-1585\" alt=\"\" srcset=\"https:\/\/dermamedk.es\/wp-content\/uploads\/2023\/05\/dermamedk-karol.webp 1290w, https:\/\/dermamedk.es\/wp-content\/uploads\/2023\/05\/dermamedk-karol-244x300.webp 244w, https:\/\/dermamedk.es\/wp-content\/uploads\/2023\/05\/dermamedk-karol-834x1024.webp 834w, https:\/\/dermamedk.es\/wp-content\/uploads\/2023\/05\/dermamedk-karol-768x943.webp 768w, https:\/\/dermamedk.es\/wp-content\/uploads\/2023\/05\/dermamedk-karol-1251x1536.webp 1251w, https:\/\/dermamedk.es\/wp-content\/uploads\/2023\/05\/dermamedk-karol-600x737.webp 600w\" sizes=\"(max-width: 1290px) 100vw, 1290px\" \/>\t\t\t\t\t\t\t\t\t\t<div class=\"premium-banner-ib-desc\">\r\n\t\t\t\t\t\t\t\t\t<h3 class=\"premium-banner-ib-title premium_banner_title\">Dr Karol M. Santander<\/h3>\t\t\t\t\t\t<div class=\"premium-banner-ib-content premium_banner_content\">\r\n\t\t\t\t\t\t\t<p>Qualit\u00e9 et science<\/p>\t\t\t\t\t\t<\/div>\r\n\t\t\t\t\t\t\t\t\t\t\t\t\t\t\t\t\t<\/div>\r\n\t\t\t\t\t<\/div>\r\n\t\t\t\t\t\t<\/div>\n\t\t\t\t<\/div>\n\t\t\t\t<\/div>\n\t\t<div class=\"elementor-element elementor-element-2b367af e-flex e-con-boxed e-con e-parent\" data-id=\"2b367af\" data-element_type=\"container\">\n\t\t\t\t\t<div class=\"e-con-inner\">\n\t\t<div class=\"elementor-element elementor-element-7cdc04b e-flex e-con-boxed e-con e-parent\" data-id=\"7cdc04b\" data-element_type=\"container\">\n\t\t\t\t\t<div class=\"e-con-inner\">\n\t\t\t\t<div class=\"elementor-element elementor-element-5492bd2 elementor-widget__width-initial elementor-widget elementor-widget-text-editor\" data-id=\"5492bd2\" data-element_type=\"widget\" data-widget_type=\"text-editor.default\">\n\t\t\t\t<div class=\"elementor-widget-container\">\n\t\t\t\t\t\t\t<p>Chez DermamedK, nous avons d\u00e9velopp\u00e9 des produits professionnels et des ingr\u00e9dients actifs pour que vous puissiez obtenir les meilleurs r\u00e9sultats d\u00e8s le premier traitement. Nous d\u00e9veloppons constamment des produits efficaces et cr\u00e9atifs pour obtenir un travail de haute qualit\u00e9, la philosophie de DermamedK est que les ingr\u00e9dients actifs dont nous disposons sont de la plus haute qualit\u00e9.<\/p><p>Le directeur g\u00e9n\u00e9ral de l'Acad\u00e9mie DermamedK, le <strong>Dr. Karol Meneses Santander<\/strong>Elle est chirurgien m\u00e9dical, docteur international en m\u00e9decine esth\u00e9tique, ma\u00eetre en dermatologie clinique et expert en dermatologie infectieuse et oncologique, expert en pathologie dermatologique courante, expert en maladies dermatologiques inflammatoires et h\u00e9r\u00e9ditaires, formateur de formateurs. Elle est en constante formation et recherche pour l'utilisation correcte de nos produits.<br \/>produits.<\/p>\t\t\t\t\t\t<\/div>\n\t\t\t\t<\/div>\n\t\t\t\t\t<\/div>\n\t\t\t\t<\/div>\n\t\t\t\t\t<\/div>\n\t\t\t\t<\/div>\n\t\t\t\t\t<\/div>\n\t\t\t\t<\/div>\n\t\t<div class=\"elementor-element elementor-element-e7f0905 e-flex e-con-boxed e-con e-parent\" data-id=\"e7f0905\" data-element_type=\"container\" data-settings=\"{&quot;background_background&quot;:&quot;classic&quot;}\">\n\t\t\t\t\t<div class=\"e-con-inner\">\n\t\t<div class=\"elementor-element elementor-element-57c9a69 e-con-full e-flex e-con e-parent\" data-id=\"57c9a69\" data-element_type=\"container\">\n\t\t\t\t<div class=\"elementor-element elementor-element-f5d6968 elementor-widget elementor-widget-premium-addon-banner\" data-id=\"f5d6968\" data-element_type=\"widget\" data-widget_type=\"premium-addon-banner.default\">\n\t\t\t\t<div class=\"elementor-widget-container\">\n\t\t\t\t\t<div class=\"premium-banner-ib premium-banner-min-height premium-banner-animation1 none\">\r\n\t\t\t\t\t\t\t\t\t\t\t\t\t\t\t<img decoding=\"async\" width=\"639\" height=\"669\" src=\"https:\/\/dermamedk.es\/wp-content\/uploads\/2023\/04\/Productos-de-belleza-Acido-hialuronico-Cosmeticos-a-e1680860634658.webp\" class=\"attachment-full size-full wp-image-133\" alt=\"\" srcset=\"https:\/\/dermamedk.es\/wp-content\/uploads\/2023\/04\/Productos-de-belleza-Acido-hialuronico-Cosmeticos-a-e1680860634658.webp 639w, https:\/\/dermamedk.es\/wp-content\/uploads\/2023\/04\/Productos-de-belleza-Acido-hialuronico-Cosmeticos-a-e1680860634658-600x628.webp 600w, https:\/\/dermamedk.es\/wp-content\/uploads\/2023\/04\/Productos-de-belleza-Acido-hialuronico-Cosmeticos-a-e1680860634658-287x300.webp 287w\" sizes=\"(max-width: 639px) 100vw, 639px\" \/>\t\t\t\t\t\t\t\t\t\t<div class=\"premium-banner-ib-desc\">\r\n\t\t\t\t\t\t\t\t\t<h3 class=\"premium-banner-ib-title premium_banner_title\">DermamedK<\/h3>\t\t\t\t\t\t<div class=\"premium-banner-ib-content premium_banner_content\">\r\n\t\t\t\t\t\t\t<p>Qualit\u00e9 et science<\/p>\t\t\t\t\t\t<\/div>\r\n\t\t\t\t\t\t\t\t\t\t\t\t\t\t\t\t\t<\/div>\r\n\t\t\t\t\t<\/div>\r\n\t\t\t\t\t\t<\/div>\n\t\t\t\t<\/div>\n\t\t\t\t<\/div>\n\t\t<div class=\"elementor-element elementor-element-2cd7c11 e-flex e-con-boxed e-con e-parent\" data-id=\"2cd7c11\" data-element_type=\"container\" data-settings=\"{&quot;background_background&quot;:&quot;classic&quot;}\">\n\t\t\t\t\t<div class=\"e-con-inner\">\n\t\t<div class=\"elementor-element elementor-element-c49d9c3 e-flex e-con-boxed e-con e-parent\" data-id=\"c49d9c3\" data-element_type=\"container\">\n\t\t\t\t\t<div class=\"e-con-inner\">\n\t\t\t\t<div class=\"elementor-element elementor-element-bef44e2 elementor-widget__width-initial elementor-widget elementor-widget-text-editor\" data-id=\"bef44e2\" data-element_type=\"widget\" data-widget_type=\"text-editor.default\">\n\t\t\t\t<div class=\"elementor-widget-container\">\n\t\t\t\t\t\t\t<p>Nous avons commenc\u00e9 \u00e0 fabriquer des ingr\u00e9dients actifs et des solutions esth\u00e9tiques il y a 10 ans \u00e0 Barcelone en Espagne avec un laboratoire prestigieux et notre \u00e9quipe a plus de 20 ans d'exp\u00e9rience dans l'esth\u00e9tique, nous avons la technologie, la capacit\u00e9 de fabrication et la flexibilit\u00e9 pour fournir une large gamme de solutions cosm\u00e9tiques esth\u00e9tiques.<\/p>\t\t\t\t\t\t<\/div>\n\t\t\t\t<\/div>\n\t\t\t\t\t<\/div>\n\t\t\t\t<\/div>\n\t\t\t\t\t<\/div>\n\t\t\t\t<\/div>\n\t\t\t\t\t<\/div>\n\t\t\t\t<\/div>\n\t\t<div class=\"elementor-element elementor-element-250bd7f e-flex e-con-boxed e-con e-parent\" data-id=\"250bd7f\" data-element_type=\"container\">\n\t\t\t\t\t<div class=\"e-con-inner\">\n\t\t<div class=\"elementor-element elementor-element-7ff8775 e-flex e-con-boxed e-con e-parent\" data-id=\"7ff8775\" data-element_type=\"container\">\n\t\t\t\t\t<div class=\"e-con-inner\">\n\t\t<div class=\"elementor-element elementor-element-d778f86 e-flex e-con-boxed e-con e-parent\" data-id=\"d778f86\" data-element_type=\"container\">\n\t\t\t\t\t<div class=\"e-con-inner\">\n\t\t\t\t<div class=\"elementor-element elementor-element-2046424 elementor-widget__width-initial elementor-widget elementor-widget-text-editor\" data-id=\"2046424\" data-element_type=\"widget\" data-widget_type=\"text-editor.default\">\n\t\t\t\t<div class=\"elementor-widget-container\">\n\t\t\t\t\t\t\t<p>La qualit\u00e9 est notre principal engagement, nous mettons du c\u0153ur \u00e0 l'ouvrage dans tout ce que nous faisons et nous nous engageons \u00e0 fournir de bons r\u00e9sultats. Nous sommes tr\u00e8s fiers de nos r\u00e9alisations et de la r\u00e9putation de nos produits. La performance de nos produits est constamment contr\u00f4l\u00e9e par nos experts et nous respectons les normes exig\u00e9es par l'industrie.<\/p><p>\u00a0<\/p>\t\t\t\t\t\t<\/div>\n\t\t\t\t<\/div>\n\t\t\t\t<div class=\"elementor-element elementor-element-5083e70 elementor-widget__width-initial elementor-widget elementor-widget-text-editor\" data-id=\"5083e70\" data-element_type=\"widget\" data-widget_type=\"text-editor.default\">\n\t\t\t\t<div class=\"elementor-widget-container\">\n\t\t\t\t\t\t\t<p>Gr\u00e2ce \u00e0 une \u00e9quipe d'experts en dermatologie et \u00e0 la technologie de formulation de produits la plus avanc\u00e9e, nous nous engageons \u00e0 fournir des solutions de soins de la peau efficaces et s\u00fbres.<\/p>\t\t\t\t\t\t<\/div>\n\t\t\t\t<\/div>\n\t\t\t\t\t<\/div>\n\t\t\t\t<\/div>\n\t\t\t\t\t<\/div>\n\t\t\t\t<\/div>\n\t\t<div class=\"elementor-element elementor-element-49f1b07 e-con-full e-flex e-con e-parent\" data-id=\"49f1b07\" data-element_type=\"container\">\n\t\t\t\t<div class=\"elementor-element elementor-element-9b127be elementor-widget elementor-widget-premium-addon-banner\" data-id=\"9b127be\" data-element_type=\"widget\" data-widget_type=\"premium-addon-banner.default\">\n\t\t\t\t<div class=\"elementor-widget-container\">\n\t\t\t\t\t<div class=\"premium-banner-ib premium-banner-min-height premium-banner-animation1 none\">\r\n\t\t\t\t\t\t\t\t\t\t\t\t\t\t\t<img decoding=\"async\" width=\"673\" height=\"670\" src=\"https:\/\/dermamedk.es\/wp-content\/uploads\/2023\/04\/Productos-de-belleza-Acido-hialuronico-Cosmeticos-b.webp\" class=\"attachment-full size-full wp-image-135\" alt=\"\" srcset=\"https:\/\/dermamedk.es\/wp-content\/uploads\/2023\/04\/Productos-de-belleza-Acido-hialuronico-Cosmeticos-b.webp 673w, https:\/\/dermamedk.es\/wp-content\/uploads\/2023\/04\/Productos-de-belleza-Acido-hialuronico-Cosmeticos-b-300x300.webp 300w, https:\/\/dermamedk.es\/wp-content\/uploads\/2023\/04\/Productos-de-belleza-Acido-hialuronico-Cosmeticos-b-100x100.webp 100w, https:\/\/dermamedk.es\/wp-content\/uploads\/2023\/04\/Productos-de-belleza-Acido-hialuronico-Cosmeticos-b-600x597.webp 600w, https:\/\/dermamedk.es\/wp-content\/uploads\/2023\/04\/Productos-de-belleza-Acido-hialuronico-Cosmeticos-b-150x150.webp 150w\" sizes=\"(max-width: 673px) 100vw, 673px\" \/>\t\t\t\t\t\t\t\t\t\t<div class=\"premium-banner-ib-desc\">\r\n\t\t\t\t\t\t\t\t\t<h3 class=\"premium-banner-ib-title premium_banner_title\">DermamedK<\/h3>\t\t\t\t\t\t<div class=\"premium-banner-ib-content premium_banner_content\">\r\n\t\t\t\t\t\t\t<p>Qualit\u00e9 et science<\/p>\t\t\t\t\t\t<\/div>\r\n\t\t\t\t\t\t\t\t\t\t\t\t\t\t\t\t\t<\/div>\r\n\t\t\t\t\t<\/div>\r\n\t\t\t\t\t\t<\/div>\n\t\t\t\t<\/div>\n\t\t\t\t<\/div>\n\t\t\t\t\t<\/div>\n\t\t\t\t<\/div>\n\t\t<div class=\"elementor-element elementor-element-365d1fc e-flex e-con-boxed e-con e-parent\" data-id=\"365d1fc\" data-element_type=\"container\" data-settings=\"{&quot;background_background&quot;:&quot;classic&quot;}\">\n\t\t\t\t\t<div class=\"e-con-inner\">\n\t\t<div class=\"elementor-element elementor-element-48e8ff2 e-flex e-con-boxed e-con e-parent\" data-id=\"48e8ff2\" data-element_type=\"container\">\n\t\t\t\t\t<div class=\"e-con-inner\">\n\t\t<div class=\"elementor-element elementor-element-50dc5ad e-flex e-con-boxed e-con e-parent\" data-id=\"50dc5ad\" data-element_type=\"container\">\n\t\t\t\t\t<div class=\"e-con-inner\">\n\t\t\t\t<div class=\"elementor-element elementor-element-4e25c89 elementor-widget__width-initial elementor-widget elementor-widget-text-editor\" data-id=\"4e25c89\" data-element_type=\"widget\" data-widget_type=\"text-editor.default\">\n\t\t\t\t<div class=\"elementor-widget-container\">\n\t\t\t\t\t\t\t<p>Chez DermamedK, nous nous engageons \u00e0 fournir des solutions de soins de la peau efficaces et s\u00fbres, soutenues par la science et l'innovation.<\/p><p>Notre histoire repose sur une passion pour les soins de la peau et un engagement d'excellence dans tout ce que nous faisons.<\/p><p>Notre \u00e9quipe d'experts en dermatologie, associ\u00e9e \u00e0 la technologie de formulation des produits la plus avanc\u00e9e, s'efforce de fournir des produits de haute qualit\u00e9 qui r\u00e9pondent aux besoins sp\u00e9cifiques de chaque client.<\/p>\t\t\t\t\t\t<\/div>\n\t\t\t\t<\/div>\n\t\t\t\t\t<\/div>\n\t\t\t\t<\/div>\n\t\t\t\t\t<\/div>\n\t\t\t\t<\/div>\n\t\t\t\t\t<\/div>\n\t\t\t\t<\/div>\n\t\t<div class=\"elementor-element elementor-element-e090451 e-con-full e-flex e-con e-parent\" data-id=\"e090451\" data-element_type=\"container\" data-settings=\"{&quot;background_background&quot;:&quot;classic&quot;}\">\n\t\t<div class=\"elementor-element elementor-element-8245c08 e-con-full e-flex e-con e-parent\" data-id=\"8245c08\" data-element_type=\"container\">\n\t\t\t\t<div class=\"elementor-element elementor-element-a3d4558 animated-slow elementor-invisible elementor-widget elementor-widget-heading\" data-id=\"a3d4558\" data-element_type=\"widget\" data-settings=\"{&quot;_animation&quot;:&quot;fadeInLeft&quot;}\" data-widget_type=\"heading.default\">\n\t\t\t\t<div class=\"elementor-widget-container\">\n\t\t\t<h5 class=\"elementor-heading-title elementor-size-default\">Notre blog<\/h5>\t\t<\/div>\n\t\t\t\t<\/div>\n\t\t\t\t<div class=\"elementor-element elementor-element-bcf2b93 elementor-widget elementor-widget-heading\" data-id=\"bcf2b93\" data-element_type=\"widget\" data-settings=\"{&quot;_animation_mobile&quot;:&quot;fadeInUp&quot;}\" data-widget_type=\"heading.default\">\n\t\t\t\t<div class=\"elementor-widget-container\">\n\t\t\t<h2 class=\"elementor-heading-title elementor-size-default\">Blog et articles\n<\/h2>\t\t<\/div>\n\t\t\t\t<\/div>\n\t\t\t\t<div class=\"elementor-element elementor-element-598fe88 elementor-widget elementor-widget-text-editor\" data-id=\"598fe88\" data-element_type=\"widget\" data-widget_type=\"text-editor.default\">\n\t\t\t\t<div class=\"elementor-widget-container\">\n\t\t\t\t\t\t\t<p>rester inform\u00e9 et lire sur les soins de la peau et les derni\u00e8res nouvelles dans le domaine de l'esth\u00e9tique<\/p>\t\t\t\t\t\t<\/div>\n\t\t\t\t<\/div>\n\t\t\t\t<\/div>\n\t\t\t\t<\/div>\n\t\t\t\t<\/div>","protected":false},"excerpt":{"rendered":"<p>Dra Karol M. Santander Calidad y Ciencia Experiencia m\u00e9dica excepcional y conocimientos avanzados En DermamedK hemos desarrollado productos,principios activos profesionales para que obtengas desde el primer tratamiento los mejores resultados cada d\u00eda nos superamos para obtener las expectativas en los procedimientos, desarrollamos continuamente productos eficaces y creativos para obtener trabajos de alta calidad, la filosof\u00eda [&hellip;]<\/p>","protected":false},"author":2,"featured_media":0,"parent":0,"menu_order":0,"comment_status":"closed","ping_status":"closed","template":"","meta":{"footnotes":""},"class_list":["post-831","page","type-page","status-publish","hentry"],"yoast_head":"<!-- This site is optimized with the Yoast SEO plugin v23.8 - https:\/\/yoast.com\/wordpress\/plugins\/seo\/ -->\n<title>Sobre nosotros - Dermamedk<\/title>\n<meta name=\"robots\" content=\"index, follow, max-snippet:-1, max-image-preview:large, max-video-preview:-1\" \/>\n<link rel=\"canonical\" href=\"https:\/\/dermamedk.es\/fr\/sobre-nosotros\/\" \/>\n<meta property=\"og:locale\" content=\"fr_FR\" \/>\n<meta property=\"og:type\" content=\"article\" \/>\n<meta property=\"og:title\" content=\"Sobre nosotros - Dermamedk\" \/>\n<meta property=\"og:description\" content=\"Dra Karol M. Santander Calidad y Ciencia Experiencia m\u00e9dica excepcional y conocimientos avanzados En DermamedK hemos desarrollado productos,principios activos profesionales para que obtengas desde el primer tratamiento los mejores resultados cada d\u00eda nos superamos para obtener las expectativas en los procedimientos, desarrollamos continuamente productos eficaces y creativos para obtener trabajos de alta calidad, la filosof\u00eda [&hellip;]\" \/>\n<meta property=\"og:url\" content=\"https:\/\/dermamedk.es\/fr\/sobre-nosotros\/\" \/>\n<meta property=\"og:site_name\" content=\"Dermamedk\" \/>\n<meta property=\"article:publisher\" content=\"https:\/\/www.facebook.com\/dermamedk\" \/>\n<meta property=\"article:modified_time\" content=\"2023-05-24T21:16:47+00:00\" \/>\n<meta property=\"og:image\" content=\"https:\/\/dermamedk.es\/wp-content\/uploads\/2023\/05\/dermamedk-karol.webp\" \/>\n<meta name=\"twitter:card\" content=\"summary_large_image\" \/>\n<meta name=\"twitter:label1\" content=\"Dur\u00e9e de lecture estim\u00e9e\" \/>\n\t<meta name=\"twitter:data1\" content=\"4 minutes\" \/>\n<script type=\"application\/ld+json\" class=\"yoast-schema-graph\">{\"@context\":\"https:\/\/schema.org\",\"@graph\":[{\"@type\":\"WebPage\",\"@id\":\"https:\/\/dermamedk.es\/sobre-nosotros\/\",\"url\":\"https:\/\/dermamedk.es\/sobre-nosotros\/\",\"name\":\"Sobre nosotros - Dermamedk\",\"isPartOf\":{\"@id\":\"https:\/\/dermamedk.es\/#website\"},\"primaryImageOfPage\":{\"@id\":\"https:\/\/dermamedk.es\/sobre-nosotros\/#primaryimage\"},\"image\":{\"@id\":\"https:\/\/dermamedk.es\/sobre-nosotros\/#primaryimage\"},\"thumbnailUrl\":\"https:\/\/dermamedk.es\/wp-content\/uploads\/2023\/05\/dermamedk-karol.webp\",\"datePublished\":\"2023-04-18T12:32:18+00:00\",\"dateModified\":\"2023-05-24T21:16:47+00:00\",\"breadcrumb\":{\"@id\":\"https:\/\/dermamedk.es\/sobre-nosotros\/#breadcrumb\"},\"inLanguage\":\"fr-FR\",\"potentialAction\":[{\"@type\":\"ReadAction\",\"target\":[\"https:\/\/dermamedk.es\/sobre-nosotros\/\"]}]},{\"@type\":\"ImageObject\",\"inLanguage\":\"fr-FR\",\"@id\":\"https:\/\/dermamedk.es\/sobre-nosotros\/#primaryimage\",\"url\":\"https:\/\/dermamedk.es\/wp-content\/uploads\/2023\/05\/dermamedk-karol.webp\",\"contentUrl\":\"https:\/\/dermamedk.es\/wp-content\/uploads\/2023\/05\/dermamedk-karol.webp\"},{\"@type\":\"BreadcrumbList\",\"@id\":\"https:\/\/dermamedk.es\/sobre-nosotros\/#breadcrumb\",\"itemListElement\":[{\"@type\":\"ListItem\",\"position\":1,\"name\":\"Home\",\"item\":\"https:\/\/dermamedk.es\/\"},{\"@type\":\"ListItem\",\"position\":2,\"name\":\"Sobre nosotros\"}]},{\"@type\":\"WebSite\",\"@id\":\"https:\/\/dermamedk.es\/#website\",\"url\":\"https:\/\/dermamedk.es\/\",\"name\":\"DermamedK | La elecci\u00f3n perfecta para tu cuidado de la piel\",\"description\":\"Lo mejor para el cuidado de tu piel\",\"publisher\":{\"@id\":\"https:\/\/dermamedk.es\/#organization\"},\"potentialAction\":[{\"@type\":\"SearchAction\",\"target\":{\"@type\":\"EntryPoint\",\"urlTemplate\":\"https:\/\/dermamedk.es\/?s={search_term_string}\"},\"query-input\":{\"@type\":\"PropertyValueSpecification\",\"valueRequired\":true,\"valueName\":\"search_term_string\"}}],\"inLanguage\":\"fr-FR\"},{\"@type\":\"Organization\",\"@id\":\"https:\/\/dermamedk.es\/#organization\",\"name\":\"DermamedK | La elecci\u00f3n perfecta para tu cuidado de la piel\",\"url\":\"https:\/\/dermamedk.es\/\",\"logo\":{\"@type\":\"ImageObject\",\"inLanguage\":\"fr-FR\",\"@id\":\"https:\/\/dermamedk.es\/#\/schema\/logo\/image\/\",\"url\":\"https:\/\/dermamedk.es\/wp-content\/uploads\/2023\/04\/logo-150.webp\",\"contentUrl\":\"https:\/\/dermamedk.es\/wp-content\/uploads\/2023\/04\/logo-150.webp\",\"width\":180,\"height\":212,\"caption\":\"DermamedK | La elecci\u00f3n perfecta para tu cuidado de la piel\"},\"image\":{\"@id\":\"https:\/\/dermamedk.es\/#\/schema\/logo\/image\/\"},\"sameAs\":[\"https:\/\/www.facebook.com\/dermamedk\",\"https:\/\/www.instagram.com\/dermamedk\/\"]}]}<\/script>\n<!-- \/ Yoast SEO plugin. -->","yoast_head_json":{"title":"Sobre nosotros - Dermamedk","robots":{"index":"index","follow":"follow","max-snippet":"max-snippet:-1","max-image-preview":"max-image-preview:large","max-video-preview":"max-video-preview:-1"},"canonical":"https:\/\/dermamedk.es\/fr\/sobre-nosotros\/","og_locale":"fr_FR","og_type":"article","og_title":"Sobre nosotros - Dermamedk","og_description":"Dra Karol M. Santander Calidad y Ciencia Experiencia m\u00e9dica excepcional y conocimientos avanzados En DermamedK hemos desarrollado productos,principios activos profesionales para que obtengas desde el primer tratamiento los mejores resultados cada d\u00eda nos superamos para obtener las expectativas en los procedimientos, desarrollamos continuamente productos eficaces y creativos para obtener trabajos de alta calidad, la filosof\u00eda [&hellip;]","og_url":"https:\/\/dermamedk.es\/fr\/sobre-nosotros\/","og_site_name":"Dermamedk","article_publisher":"https:\/\/www.facebook.com\/dermamedk","article_modified_time":"2023-05-24T21:16:47+00:00","og_image":[{"url":"https:\/\/dermamedk.es\/wp-content\/uploads\/2023\/05\/dermamedk-karol.webp"}],"twitter_card":"summary_large_image","twitter_misc":{"Dur\u00e9e de lecture estim\u00e9e":"4 minutes"},"schema":{"@context":"https:\/\/schema.org","@graph":[{"@type":"WebPage","@id":"https:\/\/dermamedk.es\/sobre-nosotros\/","url":"https:\/\/dermamedk.es\/sobre-nosotros\/","name":"Sobre nosotros - Dermamedk","isPartOf":{"@id":"https:\/\/dermamedk.es\/#website"},"primaryImageOfPage":{"@id":"https:\/\/dermamedk.es\/sobre-nosotros\/#primaryimage"},"image":{"@id":"https:\/\/dermamedk.es\/sobre-nosotros\/#primaryimage"},"thumbnailUrl":"https:\/\/dermamedk.es\/wp-content\/uploads\/2023\/05\/dermamedk-karol.webp","datePublished":"2023-04-18T12:32:18+00:00","dateModified":"2023-05-24T21:16:47+00:00","breadcrumb":{"@id":"https:\/\/dermamedk.es\/sobre-nosotros\/#breadcrumb"},"inLanguage":"fr-FR","potentialAction":[{"@type":"ReadAction","target":["https:\/\/dermamedk.es\/sobre-nosotros\/"]}]},{"@type":"ImageObject","inLanguage":"fr-FR","@id":"https:\/\/dermamedk.es\/sobre-nosotros\/#primaryimage","url":"https:\/\/dermamedk.es\/wp-content\/uploads\/2023\/05\/dermamedk-karol.webp","contentUrl":"https:\/\/dermamedk.es\/wp-content\/uploads\/2023\/05\/dermamedk-karol.webp"},{"@type":"BreadcrumbList","@id":"https:\/\/dermamedk.es\/sobre-nosotros\/#breadcrumb","itemListElement":[{"@type":"ListItem","position":1,"name":"Home","item":"https:\/\/dermamedk.es\/"},{"@type":"ListItem","position":2,"name":"Sobre nosotros"}]},{"@type":"WebSite","@id":"https:\/\/dermamedk.es\/#website","url":"https:\/\/dermamedk.es\/","name":"DermamedK | La elecci\u00f3n perfecta para tu cuidado de la piel","description":"Lo mejor para el cuidado de tu piel","publisher":{"@id":"https:\/\/dermamedk.es\/#organization"},"potentialAction":[{"@type":"SearchAction","target":{"@type":"EntryPoint","urlTemplate":"https:\/\/dermamedk.es\/?s={search_term_string}"},"query-input":{"@type":"PropertyValueSpecification","valueRequired":true,"valueName":"search_term_string"}}],"inLanguage":"fr-FR"},{"@type":"Organization","@id":"https:\/\/dermamedk.es\/#organization","name":"DermamedK | La elecci\u00f3n perfecta para tu cuidado de la piel","url":"https:\/\/dermamedk.es\/","logo":{"@type":"ImageObject","inLanguage":"fr-FR","@id":"https:\/\/dermamedk.es\/#\/schema\/logo\/image\/","url":"https:\/\/dermamedk.es\/wp-content\/uploads\/2023\/04\/logo-150.webp","contentUrl":"https:\/\/dermamedk.es\/wp-content\/uploads\/2023\/04\/logo-150.webp","width":180,"height":212,"caption":"DermamedK | La elecci\u00f3n perfecta para tu cuidado de la piel"},"image":{"@id":"https:\/\/dermamedk.es\/#\/schema\/logo\/image\/"},"sameAs":["https:\/\/www.facebook.com\/dermamedk","https:\/\/www.instagram.com\/dermamedk\/"]}]}},"_links":{"self":[{"href":"https:\/\/dermamedk.es\/fr\/wp-json\/wp\/v2\/pages\/831","targetHints":{"allow":["GET"]}}],"collection":[{"href":"https:\/\/dermamedk.es\/fr\/wp-json\/wp\/v2\/pages"}],"about":[{"href":"https:\/\/dermamedk.es\/fr\/wp-json\/wp\/v2\/types\/page"}],"author":[{"embeddable":true,"href":"https:\/\/dermamedk.es\/fr\/wp-json\/wp\/v2\/users\/2"}],"replies":[{"embeddable":true,"href":"https:\/\/dermamedk.es\/fr\/wp-json\/wp\/v2\/comments?post=831"}],"version-history":[{"count":58,"href":"https:\/\/dermamedk.es\/fr\/wp-json\/wp\/v2\/pages\/831\/revisions"}],"predecessor-version":[{"id":1592,"href":"https:\/\/dermamedk.es\/fr\/wp-json\/wp\/v2\/pages\/831\/revisions\/1592"}],"wp:attachment":[{"href":"https:\/\/dermamedk.es\/fr\/wp-json\/wp\/v2\/media?parent=831"}],"curies":[{"name":"wp","href":"https:\/\/api.w.org\/{rel}","templated":true}]}}