 {"id":911,"date":"2023-04-26T16:23:08","date_gmt":"2023-04-26T16:23:08","guid":{"rendered":"https:\/\/dermamedk.es\/?post_type=product&#038;p=911"},"modified":"2025-02-07T00:47:34","modified_gmt":"2025-02-06T23:47:34","slug":"global-age-cream-crema-cuidado-antiarrugas","status":"publish","type":"product","link":"https:\/\/dermamedk.es\/en\/tienda\/facial\/piel-seca-muy-seca-o-madura\/global-age-cream-crema-cuidado-antiarrugas\/","title":{"rendered":"GLOBAL AGE CREAM \/ ANTI-WRINKLE CARE CREAM"},"content":{"rendered":"<p>ANTI-WRINKLE CARE<\/p>\n<p>Anti-ageing cosmetic with an ultra-rich texture to treat the most ageing skin. Moisturises, regenerates and attenuates the main signs of ageing. It provides all the active ingredients necessary for global skin care.<\/p>\n<p>How to use: Apply morning and evening to the face, neck and d\u00e9collet\u00e9 with a light massage.<br \/>\nActive Ingredients: Collagen 6%, Hyaluronic Acid 0.2%, Organic Silicon 5%, Natural Moisturising Factor 5%, Moisturising Silicones, Glycerol 5%, Rose Hip 3%, Avocado 5%, Vitamin E, Alpha Bisabolol 1.5% and Aloe Vera.<\/p>\n<p>Presentation: 50 ml<\/p>\n<p>Ref.: FCARL<\/p>","protected":false},"excerpt":{"rendered":"<p>CUIDADO ANTIARRUGAS Cosm\u00e9tico antiedad con una textura ultra rica que permite tratar las pieles m\u00e1s envejecidas. Hidrata, regenera y aten\u00faa los principales signos del envejecimiento. Aporta todos los activos necesarios para un cuidado global de la piel. Modo de empleo: Aplicar por la ma\u00f1ana y por la noche en cara, cuello y escote con un [&hellip;]<\/p>","protected":false},"featured_media":912,"comment_status":"open","ping_status":"closed","template":"","meta":[],"product_brand":[],"product_cat":[18,24,29,43],"product_tag":[],"class_list":{"0":"post-911","1":"product","2":"type-product","3":"status-publish","4":"has-post-thumbnail","6":"product_cat-tienda","7":"product_cat-facial","8":"product_cat-piel-seca-muy-seca-o-madura","9":"product_cat-productos-cosmetologicos","11":"first","12":"instock","13":"taxable","14":"shipping-taxable","15":"purchasable","16":"product-type-simple"},"yoast_head":"<!-- This site is optimized with the Yoast SEO plugin v23.8 - https:\/\/yoast.com\/wordpress\/plugins\/seo\/ -->\n<title>GLOBAL AGE CREAM \/ CREMA CUIDADO ANTIARRUGAS - Dermamedk<\/title>\n<meta name=\"description\" content=\"CREMA CUIDADO ANTIARRUGAS con una textura ultra rica que permite tratar las pieles m\u00e1s envejecidas. Hidrata, regenera y aten\u00faa signos del envejecimiento.\" \/>\n<meta name=\"robots\" content=\"index, follow, max-snippet:-1, max-image-preview:large, max-video-preview:-1\" \/>\n<link rel=\"canonical\" href=\"https:\/\/dermamedk.es\/en\/tienda\/facial\/piel-seca-muy-seca-o-madura\/global-age-cream-crema-cuidado-antiarrugas\/\" \/>\n<meta property=\"og:locale\" content=\"en_GB\" \/>\n<meta property=\"og:type\" content=\"article\" \/>\n<meta property=\"og:title\" content=\"GLOBAL AGE CREAM \/ CREMA CUIDADO ANTIARRUGAS - Dermamedk\" \/>\n<meta property=\"og:description\" content=\"CREMA CUIDADO ANTIARRUGAS con una textura ultra rica que permite tratar las pieles m\u00e1s envejecidas. Hidrata, regenera y aten\u00faa signos del envejecimiento.\" \/>\n<meta property=\"og:url\" content=\"https:\/\/dermamedk.es\/en\/tienda\/facial\/piel-seca-muy-seca-o-madura\/global-age-cream-crema-cuidado-antiarrugas\/\" \/>\n<meta property=\"og:site_name\" content=\"Dermamedk\" \/>\n<meta property=\"article:publisher\" content=\"https:\/\/www.facebook.com\/dermamedk\" \/>\n<meta property=\"article:modified_time\" content=\"2025-02-06T23:47:34+00:00\" \/>\n<meta property=\"og:image\" content=\"https:\/\/dermamedk.es\/wp-content\/uploads\/2023\/04\/global-age-cream-CREMA-cuidado-ANTIarrugas.png\" \/>\n\t<meta property=\"og:image:width\" content=\"264\" \/>\n\t<meta property=\"og:image:height\" content=\"403\" \/>\n\t<meta property=\"og:image:type\" content=\"image\/png\" \/>\n<meta name=\"twitter:card\" content=\"summary_large_image\" \/>\n<meta name=\"twitter:label1\" content=\"Estimated reading time\" \/>\n\t<meta name=\"twitter:data1\" content=\"1 minute\" \/>\n<script type=\"application\/ld+json\" class=\"yoast-schema-graph\">{\"@context\":\"https:\/\/schema.org\",\"@graph\":[{\"@type\":\"WebPage\",\"@id\":\"https:\/\/dermamedk.es\/tienda\/facial\/piel-seca-muy-seca-o-madura\/global-age-cream-crema-cuidado-antiarrugas\/\",\"url\":\"https:\/\/dermamedk.es\/tienda\/facial\/piel-seca-muy-seca-o-madura\/global-age-cream-crema-cuidado-antiarrugas\/\",\"name\":\"GLOBAL AGE CREAM \/ CREMA CUIDADO ANTIARRUGAS - Dermamedk\",\"isPartOf\":{\"@id\":\"https:\/\/dermamedk.es\/#website\"},\"primaryImageOfPage\":{\"@id\":\"https:\/\/dermamedk.es\/tienda\/facial\/piel-seca-muy-seca-o-madura\/global-age-cream-crema-cuidado-antiarrugas\/#primaryimage\"},\"image\":{\"@id\":\"https:\/\/dermamedk.es\/tienda\/facial\/piel-seca-muy-seca-o-madura\/global-age-cream-crema-cuidado-antiarrugas\/#primaryimage\"},\"thumbnailUrl\":\"https:\/\/dermamedk.es\/wp-content\/uploads\/2023\/04\/global-age-cream-CREMA-cuidado-ANTIarrugas.png\",\"datePublished\":\"2023-04-26T16:23:08+00:00\",\"dateModified\":\"2025-02-06T23:47:34+00:00\",\"description\":\"CREMA CUIDADO ANTIARRUGAS con una textura ultra rica que permite tratar las pieles m\u00e1s envejecidas. Hidrata, regenera y aten\u00faa signos del envejecimiento.\",\"breadcrumb\":{\"@id\":\"https:\/\/dermamedk.es\/tienda\/facial\/piel-seca-muy-seca-o-madura\/global-age-cream-crema-cuidado-antiarrugas\/#breadcrumb\"},\"inLanguage\":\"en-GB\",\"potentialAction\":[{\"@type\":\"ReadAction\",\"target\":[\"https:\/\/dermamedk.es\/tienda\/facial\/piel-seca-muy-seca-o-madura\/global-age-cream-crema-cuidado-antiarrugas\/\"]}]},{\"@type\":\"ImageObject\",\"inLanguage\":\"en-GB\",\"@id\":\"https:\/\/dermamedk.es\/tienda\/facial\/piel-seca-muy-seca-o-madura\/global-age-cream-crema-cuidado-antiarrugas\/#primaryimage\",\"url\":\"https:\/\/dermamedk.es\/wp-content\/uploads\/2023\/04\/global-age-cream-CREMA-cuidado-ANTIarrugas.png\",\"contentUrl\":\"https:\/\/dermamedk.es\/wp-content\/uploads\/2023\/04\/global-age-cream-CREMA-cuidado-ANTIarrugas.png\",\"width\":264,\"height\":403},{\"@type\":\"BreadcrumbList\",\"@id\":\"https:\/\/dermamedk.es\/tienda\/facial\/piel-seca-muy-seca-o-madura\/global-age-cream-crema-cuidado-antiarrugas\/#breadcrumb\",\"itemListElement\":[{\"@type\":\"ListItem\",\"position\":1,\"name\":\"Home\",\"item\":\"https:\/\/dermamedk.es\/\"},{\"@type\":\"ListItem\",\"position\":2,\"name\":\"Tienda\",\"item\":\"https:\/\/dermamedk.es\/tienda-dermamedk\/\"},{\"@type\":\"ListItem\",\"position\":3,\"name\":\"GLOBAL AGE CREAM \/ CREMA CUIDADO ANTIARRUGAS\"}]},{\"@type\":\"WebSite\",\"@id\":\"https:\/\/dermamedk.es\/#website\",\"url\":\"https:\/\/dermamedk.es\/\",\"name\":\"DermamedK | La elecci\u00f3n perfecta para tu cuidado de la piel\",\"description\":\"Lo mejor para el cuidado de tu piel\",\"publisher\":{\"@id\":\"https:\/\/dermamedk.es\/#organization\"},\"potentialAction\":[{\"@type\":\"SearchAction\",\"target\":{\"@type\":\"EntryPoint\",\"urlTemplate\":\"https:\/\/dermamedk.es\/?s={search_term_string}\"},\"query-input\":{\"@type\":\"PropertyValueSpecification\",\"valueRequired\":true,\"valueName\":\"search_term_string\"}}],\"inLanguage\":\"en-GB\"},{\"@type\":\"Organization\",\"@id\":\"https:\/\/dermamedk.es\/#organization\",\"name\":\"DermamedK | La elecci\u00f3n perfecta para tu cuidado de la piel\",\"url\":\"https:\/\/dermamedk.es\/\",\"logo\":{\"@type\":\"ImageObject\",\"inLanguage\":\"en-GB\",\"@id\":\"https:\/\/dermamedk.es\/#\/schema\/logo\/image\/\",\"url\":\"https:\/\/dermamedk.es\/wp-content\/uploads\/2023\/04\/logo-150.webp\",\"contentUrl\":\"https:\/\/dermamedk.es\/wp-content\/uploads\/2023\/04\/logo-150.webp\",\"width\":180,\"height\":212,\"caption\":\"DermamedK | La elecci\u00f3n perfecta para tu cuidado de la piel\"},\"image\":{\"@id\":\"https:\/\/dermamedk.es\/#\/schema\/logo\/image\/\"},\"sameAs\":[\"https:\/\/www.facebook.com\/dermamedk\",\"https:\/\/www.instagram.com\/dermamedk\/\"]}]}<\/script>\n<!-- \/ Yoast SEO plugin. -->","yoast_head_json":{"title":"GLOBAL AGE CREAM \/ CREMA CUIDADO ANTIARRUGAS - Dermamedk","description":"CREMA CUIDADO ANTIARRUGAS con una textura ultra rica que permite tratar las pieles m\u00e1s envejecidas. Hidrata, regenera y aten\u00faa signos del envejecimiento.","robots":{"index":"index","follow":"follow","max-snippet":"max-snippet:-1","max-image-preview":"max-image-preview:large","max-video-preview":"max-video-preview:-1"},"canonical":"https:\/\/dermamedk.es\/en\/tienda\/facial\/piel-seca-muy-seca-o-madura\/global-age-cream-crema-cuidado-antiarrugas\/","og_locale":"en_GB","og_type":"article","og_title":"GLOBAL AGE CREAM \/ CREMA CUIDADO ANTIARRUGAS - Dermamedk","og_description":"CREMA CUIDADO ANTIARRUGAS con una textura ultra rica que permite tratar las pieles m\u00e1s envejecidas. Hidrata, regenera y aten\u00faa signos del envejecimiento.","og_url":"https:\/\/dermamedk.es\/en\/tienda\/facial\/piel-seca-muy-seca-o-madura\/global-age-cream-crema-cuidado-antiarrugas\/","og_site_name":"Dermamedk","article_publisher":"https:\/\/www.facebook.com\/dermamedk","article_modified_time":"2025-02-06T23:47:34+00:00","og_image":[{"width":264,"height":403,"url":"https:\/\/dermamedk.es\/wp-content\/uploads\/2023\/04\/global-age-cream-CREMA-cuidado-ANTIarrugas.png","type":"image\/png"}],"twitter_card":"summary_large_image","twitter_misc":{"Estimated reading time":"1 minute"},"schema":{"@context":"https:\/\/schema.org","@graph":[{"@type":"WebPage","@id":"https:\/\/dermamedk.es\/tienda\/facial\/piel-seca-muy-seca-o-madura\/global-age-cream-crema-cuidado-antiarrugas\/","url":"https:\/\/dermamedk.es\/tienda\/facial\/piel-seca-muy-seca-o-madura\/global-age-cream-crema-cuidado-antiarrugas\/","name":"GLOBAL AGE CREAM \/ CREMA CUIDADO ANTIARRUGAS - Dermamedk","isPartOf":{"@id":"https:\/\/dermamedk.es\/#website"},"primaryImageOfPage":{"@id":"https:\/\/dermamedk.es\/tienda\/facial\/piel-seca-muy-seca-o-madura\/global-age-cream-crema-cuidado-antiarrugas\/#primaryimage"},"image":{"@id":"https:\/\/dermamedk.es\/tienda\/facial\/piel-seca-muy-seca-o-madura\/global-age-cream-crema-cuidado-antiarrugas\/#primaryimage"},"thumbnailUrl":"https:\/\/dermamedk.es\/wp-content\/uploads\/2023\/04\/global-age-cream-CREMA-cuidado-ANTIarrugas.png","datePublished":"2023-04-26T16:23:08+00:00","dateModified":"2025-02-06T23:47:34+00:00","description":"CREMA CUIDADO ANTIARRUGAS con una textura ultra rica que permite tratar las pieles m\u00e1s envejecidas. Hidrata, regenera y aten\u00faa signos del envejecimiento.","breadcrumb":{"@id":"https:\/\/dermamedk.es\/tienda\/facial\/piel-seca-muy-seca-o-madura\/global-age-cream-crema-cuidado-antiarrugas\/#breadcrumb"},"inLanguage":"en-GB","potentialAction":[{"@type":"ReadAction","target":["https:\/\/dermamedk.es\/tienda\/facial\/piel-seca-muy-seca-o-madura\/global-age-cream-crema-cuidado-antiarrugas\/"]}]},{"@type":"ImageObject","inLanguage":"en-GB","@id":"https:\/\/dermamedk.es\/tienda\/facial\/piel-seca-muy-seca-o-madura\/global-age-cream-crema-cuidado-antiarrugas\/#primaryimage","url":"https:\/\/dermamedk.es\/wp-content\/uploads\/2023\/04\/global-age-cream-CREMA-cuidado-ANTIarrugas.png","contentUrl":"https:\/\/dermamedk.es\/wp-content\/uploads\/2023\/04\/global-age-cream-CREMA-cuidado-ANTIarrugas.png","width":264,"height":403},{"@type":"BreadcrumbList","@id":"https:\/\/dermamedk.es\/tienda\/facial\/piel-seca-muy-seca-o-madura\/global-age-cream-crema-cuidado-antiarrugas\/#breadcrumb","itemListElement":[{"@type":"ListItem","position":1,"name":"Home","item":"https:\/\/dermamedk.es\/"},{"@type":"ListItem","position":2,"name":"Tienda","item":"https:\/\/dermamedk.es\/tienda-dermamedk\/"},{"@type":"ListItem","position":3,"name":"GLOBAL AGE CREAM \/ CREMA CUIDADO ANTIARRUGAS"}]},{"@type":"WebSite","@id":"https:\/\/dermamedk.es\/#website","url":"https:\/\/dermamedk.es\/","name":"DermamedK | La elecci\u00f3n perfecta para tu cuidado de la piel","description":"Lo mejor para el cuidado de tu piel","publisher":{"@id":"https:\/\/dermamedk.es\/#organization"},"potentialAction":[{"@type":"SearchAction","target":{"@type":"EntryPoint","urlTemplate":"https:\/\/dermamedk.es\/?s={search_term_string}"},"query-input":{"@type":"PropertyValueSpecification","valueRequired":true,"valueName":"search_term_string"}}],"inLanguage":"en-GB"},{"@type":"Organization","@id":"https:\/\/dermamedk.es\/#organization","name":"DermamedK | La elecci\u00f3n perfecta para tu cuidado de la piel","url":"https:\/\/dermamedk.es\/","logo":{"@type":"ImageObject","inLanguage":"en-GB","@id":"https:\/\/dermamedk.es\/#\/schema\/logo\/image\/","url":"https:\/\/dermamedk.es\/wp-content\/uploads\/2023\/04\/logo-150.webp","contentUrl":"https:\/\/dermamedk.es\/wp-content\/uploads\/2023\/04\/logo-150.webp","width":180,"height":212,"caption":"DermamedK | La elecci\u00f3n perfecta para tu cuidado de la piel"},"image":{"@id":"https:\/\/dermamedk.es\/#\/schema\/logo\/image\/"},"sameAs":["https:\/\/www.facebook.com\/dermamedk","https:\/\/www.instagram.com\/dermamedk\/"]}]}},"_links":{"self":[{"href":"https:\/\/dermamedk.es\/en\/wp-json\/wp\/v2\/product\/911","targetHints":{"allow":["GET"]}}],"collection":[{"href":"https:\/\/dermamedk.es\/en\/wp-json\/wp\/v2\/product"}],"about":[{"href":"https:\/\/dermamedk.es\/en\/wp-json\/wp\/v2\/types\/product"}],"replies":[{"embeddable":true,"href":"https:\/\/dermamedk.es\/en\/wp-json\/wp\/v2\/comments?post=911"}],"version-history":[{"count":1,"href":"https:\/\/dermamedk.es\/en\/wp-json\/wp\/v2\/product\/911\/revisions"}],"predecessor-version":[{"id":913,"href":"https:\/\/dermamedk.es\/en\/wp-json\/wp\/v2\/product\/911\/revisions\/913"}],"wp:featuredmedia":[{"embeddable":true,"href":"https:\/\/dermamedk.es\/en\/wp-json\/wp\/v2\/media\/912"}],"wp:attachment":[{"href":"https:\/\/dermamedk.es\/en\/wp-json\/wp\/v2\/media?parent=911"}],"wp:term":[{"taxonomy":"product_brand","embeddable":true,"href":"https:\/\/dermamedk.es\/en\/wp-json\/wp\/v2\/product_brand?post=911"},{"taxonomy":"product_cat","embeddable":true,"href":"https:\/\/dermamedk.es\/en\/wp-json\/wp\/v2\/product_cat?post=911"},{"taxonomy":"product_tag","embeddable":true,"href":"https:\/\/dermamedk.es\/en\/wp-json\/wp\/v2\/product_tag?post=911"}],"curies":[{"name":"wp","href":"https:\/\/api.w.org\/{rel}","templated":true}]}}