 {"id":2456,"date":"2025-01-19T21:09:24","date_gmt":"2025-01-19T20:09:24","guid":{"rendered":"https:\/\/dermamedk.es\/?post_type=product&#038;p=2456"},"modified":"2025-01-19T21:13:38","modified_gmt":"2025-01-19T20:13:38","slug":"curso-de-aplicacion-de-botxlike-avanzada-2025","status":"publish","type":"product","link":"https:\/\/dermamedk.es\/en\/tienda\/cursos\/curso-de-aplicacion-de-botxlike-avanzada-2025\/","title":{"rendered":"Advanced Botxlike Application Course - 2025"},"content":{"rendered":"<p>Training aimed at developing one of the most in-demand skills in the aesthetic practice. Dynamic wrinkles of the upper third dominate 85% of consultations, but the remaining 15% are absorbed by the middle and lower third of the face. The aesthetician will learn with skill and confidence how to apply the BOTXLIKE on the pre-established anatomical points.<\/p>\n<p><strong>Programme of the Advanced BOTXLIKE Application Course:<\/strong><\/p>\n<p><strong>Theoretical Section<\/strong><\/p>\n<ol>\n<li>Types of RELAXING PEPTIDES<\/li>\n<li>Immunology in the application of BOTXLIKE<\/li>\n<li>The importance of the medical record.<\/li>\n<li>Anatomy of the middle and lower third.<\/li>\n<li>Indications in application.<\/li>\n<li>Advanced layouts and markings.<\/li>\n<li>Contraindications, adverse and side effects.<\/li>\n<li>Management of complications in botulinum toxin.<\/li>\n<li>Post-application instructions for the patient.<\/li>\n<li>Caution with imitations.<\/li>\n<li>Conclusion.<\/li>\n<\/ol>\n<p><strong>Practical Demonstrations<\/strong><\/p>\n<ol>\n<li>Exploration.<\/li>\n<li>Marking.<\/li>\n<li>Materials for the reconstruction of the road<\/li>\n<li>Application.<\/li>\n<li>Application in front area.<\/li>\n<li>Application in the orbicular area.<\/li>\n<li>Advanced botulinum toxin muscle tagging<\/li>\n<\/ol>","protected":false},"excerpt":{"rendered":"<p>Entrenamiento destinado a desarrollar una de las habilidades m\u00e1s demandadas en la consulta est\u00e9tica. Las arrugas din\u00e1micas del tercio superior dominan el 85% de las consultas, pero el 15% restante son absorbidas por el tercio medio e inferior del rostro. La est\u00e9tica aprender\u00e1 con destreza y seguridad a aplicar el BOTXLIKE en los puntos anat\u00f3micos [&hellip;]<\/p>","protected":false},"featured_media":447,"comment_status":"open","ping_status":"closed","template":"","meta":[],"product_brand":[],"product_cat":[61],"product_tag":[],"class_list":{"0":"post-2456","1":"product","2":"type-product","3":"status-publish","4":"has-post-thumbnail","6":"product_cat-cursos","8":"first","9":"instock","10":"taxable","11":"shipping-taxable","12":"product-type-simple"},"yoast_head":"<!-- This site is optimized with the Yoast SEO plugin v23.8 - https:\/\/yoast.com\/wordpress\/plugins\/seo\/ -->\n<title>Curso de Aplicaci\u00f3n de Botxlike Avanzada \u2013 2025 - Dermamedk<\/title>\n<meta name=\"robots\" content=\"index, follow, max-snippet:-1, max-image-preview:large, max-video-preview:-1\" \/>\n<link rel=\"canonical\" href=\"https:\/\/dermamedk.es\/en\/tienda\/cursos\/curso-de-aplicacion-de-botxlike-avanzada-2025\/\" \/>\n<meta property=\"og:locale\" content=\"en_GB\" \/>\n<meta property=\"og:type\" content=\"article\" \/>\n<meta property=\"og:title\" content=\"Curso de Aplicaci\u00f3n de Botxlike Avanzada \u2013 2025 - Dermamedk\" \/>\n<meta property=\"og:description\" content=\"Entrenamiento destinado a desarrollar una de las habilidades m\u00e1s demandadas en la consulta est\u00e9tica. Las arrugas din\u00e1micas del tercio superior dominan el 85% de las consultas, pero el 15% restante son absorbidas por el tercio medio e inferior del rostro. La est\u00e9tica aprender\u00e1 con destreza y seguridad a aplicar el BOTXLIKE en los puntos anat\u00f3micos [&hellip;]\" \/>\n<meta property=\"og:url\" content=\"https:\/\/dermamedk.es\/en\/tienda\/cursos\/curso-de-aplicacion-de-botxlike-avanzada-2025\/\" \/>\n<meta property=\"og:site_name\" content=\"Dermamedk\" \/>\n<meta property=\"article:publisher\" content=\"https:\/\/www.facebook.com\/dermamedk\" \/>\n<meta property=\"article:modified_time\" content=\"2025-01-19T20:13:38+00:00\" \/>\n<meta property=\"og:image\" content=\"https:\/\/dermamedk.es\/wp-content\/uploads\/2023\/04\/cropped-logo-dermamedk-img.webp\" \/>\n\t<meta property=\"og:image:width\" content=\"240\" \/>\n\t<meta property=\"og:image:height\" content=\"219\" \/>\n\t<meta property=\"og:image:type\" content=\"image\/webp\" \/>\n<meta name=\"twitter:card\" content=\"summary_large_image\" \/>\n<meta name=\"twitter:label1\" content=\"Estimated reading time\" \/>\n\t<meta name=\"twitter:data1\" content=\"1 minute\" \/>\n<script type=\"application\/ld+json\" class=\"yoast-schema-graph\">{\"@context\":\"https:\/\/schema.org\",\"@graph\":[{\"@type\":\"WebPage\",\"@id\":\"https:\/\/dermamedk.es\/tienda\/cursos\/curso-de-aplicacion-de-botxlike-avanzada-2025\/\",\"url\":\"https:\/\/dermamedk.es\/tienda\/cursos\/curso-de-aplicacion-de-botxlike-avanzada-2025\/\",\"name\":\"Curso de Aplicaci\u00f3n de Botxlike Avanzada \u2013 2025 - Dermamedk\",\"isPartOf\":{\"@id\":\"https:\/\/dermamedk.es\/#website\"},\"primaryImageOfPage\":{\"@id\":\"https:\/\/dermamedk.es\/tienda\/cursos\/curso-de-aplicacion-de-botxlike-avanzada-2025\/#primaryimage\"},\"image\":{\"@id\":\"https:\/\/dermamedk.es\/tienda\/cursos\/curso-de-aplicacion-de-botxlike-avanzada-2025\/#primaryimage\"},\"thumbnailUrl\":\"https:\/\/dermamedk.es\/wp-content\/uploads\/2023\/04\/cropped-logo-dermamedk-img.webp\",\"datePublished\":\"2025-01-19T20:09:24+00:00\",\"dateModified\":\"2025-01-19T20:13:38+00:00\",\"breadcrumb\":{\"@id\":\"https:\/\/dermamedk.es\/tienda\/cursos\/curso-de-aplicacion-de-botxlike-avanzada-2025\/#breadcrumb\"},\"inLanguage\":\"en-GB\",\"potentialAction\":[{\"@type\":\"ReadAction\",\"target\":[\"https:\/\/dermamedk.es\/tienda\/cursos\/curso-de-aplicacion-de-botxlike-avanzada-2025\/\"]}]},{\"@type\":\"ImageObject\",\"inLanguage\":\"en-GB\",\"@id\":\"https:\/\/dermamedk.es\/tienda\/cursos\/curso-de-aplicacion-de-botxlike-avanzada-2025\/#primaryimage\",\"url\":\"https:\/\/dermamedk.es\/wp-content\/uploads\/2023\/04\/cropped-logo-dermamedk-img.webp\",\"contentUrl\":\"https:\/\/dermamedk.es\/wp-content\/uploads\/2023\/04\/cropped-logo-dermamedk-img.webp\",\"width\":240,\"height\":219},{\"@type\":\"BreadcrumbList\",\"@id\":\"https:\/\/dermamedk.es\/tienda\/cursos\/curso-de-aplicacion-de-botxlike-avanzada-2025\/#breadcrumb\",\"itemListElement\":[{\"@type\":\"ListItem\",\"position\":1,\"name\":\"Home\",\"item\":\"https:\/\/dermamedk.es\/\"},{\"@type\":\"ListItem\",\"position\":2,\"name\":\"Tienda\",\"item\":\"https:\/\/dermamedk.es\/tienda-dermamedk\/\"},{\"@type\":\"ListItem\",\"position\":3,\"name\":\"Curso de Aplicaci\u00f3n de Botxlike Avanzada \u2013 2025\"}]},{\"@type\":\"WebSite\",\"@id\":\"https:\/\/dermamedk.es\/#website\",\"url\":\"https:\/\/dermamedk.es\/\",\"name\":\"DermamedK | La elecci\u00f3n perfecta para tu cuidado de la piel\",\"description\":\"Lo mejor para el cuidado de tu piel\",\"publisher\":{\"@id\":\"https:\/\/dermamedk.es\/#organization\"},\"potentialAction\":[{\"@type\":\"SearchAction\",\"target\":{\"@type\":\"EntryPoint\",\"urlTemplate\":\"https:\/\/dermamedk.es\/?s={search_term_string}\"},\"query-input\":{\"@type\":\"PropertyValueSpecification\",\"valueRequired\":true,\"valueName\":\"search_term_string\"}}],\"inLanguage\":\"en-GB\"},{\"@type\":\"Organization\",\"@id\":\"https:\/\/dermamedk.es\/#organization\",\"name\":\"DermamedK | La elecci\u00f3n perfecta para tu cuidado de la piel\",\"url\":\"https:\/\/dermamedk.es\/\",\"logo\":{\"@type\":\"ImageObject\",\"inLanguage\":\"en-GB\",\"@id\":\"https:\/\/dermamedk.es\/#\/schema\/logo\/image\/\",\"url\":\"https:\/\/dermamedk.es\/wp-content\/uploads\/2023\/04\/logo-150.webp\",\"contentUrl\":\"https:\/\/dermamedk.es\/wp-content\/uploads\/2023\/04\/logo-150.webp\",\"width\":180,\"height\":212,\"caption\":\"DermamedK | La elecci\u00f3n perfecta para tu cuidado de la piel\"},\"image\":{\"@id\":\"https:\/\/dermamedk.es\/#\/schema\/logo\/image\/\"},\"sameAs\":[\"https:\/\/www.facebook.com\/dermamedk\",\"https:\/\/www.instagram.com\/dermamedk\/\"]}]}<\/script>\n<!-- \/ Yoast SEO plugin. -->","yoast_head_json":{"title":"Curso de Aplicaci\u00f3n de Botxlike Avanzada \u2013 2025 - Dermamedk","robots":{"index":"index","follow":"follow","max-snippet":"max-snippet:-1","max-image-preview":"max-image-preview:large","max-video-preview":"max-video-preview:-1"},"canonical":"https:\/\/dermamedk.es\/en\/tienda\/cursos\/curso-de-aplicacion-de-botxlike-avanzada-2025\/","og_locale":"en_GB","og_type":"article","og_title":"Curso de Aplicaci\u00f3n de Botxlike Avanzada \u2013 2025 - Dermamedk","og_description":"Entrenamiento destinado a desarrollar una de las habilidades m\u00e1s demandadas en la consulta est\u00e9tica. Las arrugas din\u00e1micas del tercio superior dominan el 85% de las consultas, pero el 15% restante son absorbidas por el tercio medio e inferior del rostro. La est\u00e9tica aprender\u00e1 con destreza y seguridad a aplicar el BOTXLIKE en los puntos anat\u00f3micos [&hellip;]","og_url":"https:\/\/dermamedk.es\/en\/tienda\/cursos\/curso-de-aplicacion-de-botxlike-avanzada-2025\/","og_site_name":"Dermamedk","article_publisher":"https:\/\/www.facebook.com\/dermamedk","article_modified_time":"2025-01-19T20:13:38+00:00","og_image":[{"width":240,"height":219,"url":"https:\/\/dermamedk.es\/wp-content\/uploads\/2023\/04\/cropped-logo-dermamedk-img.webp","type":"image\/webp"}],"twitter_card":"summary_large_image","twitter_misc":{"Estimated reading time":"1 minute"},"schema":{"@context":"https:\/\/schema.org","@graph":[{"@type":"WebPage","@id":"https:\/\/dermamedk.es\/tienda\/cursos\/curso-de-aplicacion-de-botxlike-avanzada-2025\/","url":"https:\/\/dermamedk.es\/tienda\/cursos\/curso-de-aplicacion-de-botxlike-avanzada-2025\/","name":"Curso de Aplicaci\u00f3n de Botxlike Avanzada \u2013 2025 - Dermamedk","isPartOf":{"@id":"https:\/\/dermamedk.es\/#website"},"primaryImageOfPage":{"@id":"https:\/\/dermamedk.es\/tienda\/cursos\/curso-de-aplicacion-de-botxlike-avanzada-2025\/#primaryimage"},"image":{"@id":"https:\/\/dermamedk.es\/tienda\/cursos\/curso-de-aplicacion-de-botxlike-avanzada-2025\/#primaryimage"},"thumbnailUrl":"https:\/\/dermamedk.es\/wp-content\/uploads\/2023\/04\/cropped-logo-dermamedk-img.webp","datePublished":"2025-01-19T20:09:24+00:00","dateModified":"2025-01-19T20:13:38+00:00","breadcrumb":{"@id":"https:\/\/dermamedk.es\/tienda\/cursos\/curso-de-aplicacion-de-botxlike-avanzada-2025\/#breadcrumb"},"inLanguage":"en-GB","potentialAction":[{"@type":"ReadAction","target":["https:\/\/dermamedk.es\/tienda\/cursos\/curso-de-aplicacion-de-botxlike-avanzada-2025\/"]}]},{"@type":"ImageObject","inLanguage":"en-GB","@id":"https:\/\/dermamedk.es\/tienda\/cursos\/curso-de-aplicacion-de-botxlike-avanzada-2025\/#primaryimage","url":"https:\/\/dermamedk.es\/wp-content\/uploads\/2023\/04\/cropped-logo-dermamedk-img.webp","contentUrl":"https:\/\/dermamedk.es\/wp-content\/uploads\/2023\/04\/cropped-logo-dermamedk-img.webp","width":240,"height":219},{"@type":"BreadcrumbList","@id":"https:\/\/dermamedk.es\/tienda\/cursos\/curso-de-aplicacion-de-botxlike-avanzada-2025\/#breadcrumb","itemListElement":[{"@type":"ListItem","position":1,"name":"Home","item":"https:\/\/dermamedk.es\/"},{"@type":"ListItem","position":2,"name":"Tienda","item":"https:\/\/dermamedk.es\/tienda-dermamedk\/"},{"@type":"ListItem","position":3,"name":"Curso de Aplicaci\u00f3n de Botxlike Avanzada \u2013 2025"}]},{"@type":"WebSite","@id":"https:\/\/dermamedk.es\/#website","url":"https:\/\/dermamedk.es\/","name":"DermamedK | La elecci\u00f3n perfecta para tu cuidado de la piel","description":"Lo mejor para el cuidado de tu piel","publisher":{"@id":"https:\/\/dermamedk.es\/#organization"},"potentialAction":[{"@type":"SearchAction","target":{"@type":"EntryPoint","urlTemplate":"https:\/\/dermamedk.es\/?s={search_term_string}"},"query-input":{"@type":"PropertyValueSpecification","valueRequired":true,"valueName":"search_term_string"}}],"inLanguage":"en-GB"},{"@type":"Organization","@id":"https:\/\/dermamedk.es\/#organization","name":"DermamedK | La elecci\u00f3n perfecta para tu cuidado de la piel","url":"https:\/\/dermamedk.es\/","logo":{"@type":"ImageObject","inLanguage":"en-GB","@id":"https:\/\/dermamedk.es\/#\/schema\/logo\/image\/","url":"https:\/\/dermamedk.es\/wp-content\/uploads\/2023\/04\/logo-150.webp","contentUrl":"https:\/\/dermamedk.es\/wp-content\/uploads\/2023\/04\/logo-150.webp","width":180,"height":212,"caption":"DermamedK | La elecci\u00f3n perfecta para tu cuidado de la piel"},"image":{"@id":"https:\/\/dermamedk.es\/#\/schema\/logo\/image\/"},"sameAs":["https:\/\/www.facebook.com\/dermamedk","https:\/\/www.instagram.com\/dermamedk\/"]}]}},"_links":{"self":[{"href":"https:\/\/dermamedk.es\/en\/wp-json\/wp\/v2\/product\/2456","targetHints":{"allow":["GET"]}}],"collection":[{"href":"https:\/\/dermamedk.es\/en\/wp-json\/wp\/v2\/product"}],"about":[{"href":"https:\/\/dermamedk.es\/en\/wp-json\/wp\/v2\/types\/product"}],"replies":[{"embeddable":true,"href":"https:\/\/dermamedk.es\/en\/wp-json\/wp\/v2\/comments?post=2456"}],"version-history":[{"count":2,"href":"https:\/\/dermamedk.es\/en\/wp-json\/wp\/v2\/product\/2456\/revisions"}],"predecessor-version":[{"id":2477,"href":"https:\/\/dermamedk.es\/en\/wp-json\/wp\/v2\/product\/2456\/revisions\/2477"}],"wp:featuredmedia":[{"embeddable":true,"href":"https:\/\/dermamedk.es\/en\/wp-json\/wp\/v2\/media\/447"}],"wp:attachment":[{"href":"https:\/\/dermamedk.es\/en\/wp-json\/wp\/v2\/media?parent=2456"}],"wp:term":[{"taxonomy":"product_brand","embeddable":true,"href":"https:\/\/dermamedk.es\/en\/wp-json\/wp\/v2\/product_brand?post=2456"},{"taxonomy":"product_cat","embeddable":true,"href":"https:\/\/dermamedk.es\/en\/wp-json\/wp\/v2\/product_cat?post=2456"},{"taxonomy":"product_tag","embeddable":true,"href":"https:\/\/dermamedk.es\/en\/wp-json\/wp\/v2\/product_tag?post=2456"}],"curies":[{"name":"wp","href":"https:\/\/api.w.org\/{rel}","templated":true}]}}