 {"id":2378,"date":"2024-12-01T17:37:27","date_gmt":"2024-12-01T16:37:27","guid":{"rendered":"https:\/\/dermamedk.es\/?post_type=product&#038;p=2378"},"modified":"2025-02-07T00:46:43","modified_gmt":"2025-02-06T23:46:43","slug":"exosomas-formacion-exclusiva-con-enfoque-practico-intensivo","status":"publish","type":"product","link":"https:\/\/dermamedk.es\/en\/tienda\/cursos\/exosomas-formacion-exclusiva-con-enfoque-practico-intensivo\/","title":{"rendered":"Exosomes - Exclusive Training with Intensive Practical Focus"},"content":{"rendered":"<p>The <strong>Exosomes course<\/strong> from <strong>Dermamedk Academy<\/strong> is an intensive and exclusive training experience designed for professionals who wish to master the use of exosomes in advanced aesthetic and hair care treatments. With a 70 % hands-on approach, this workshop is a unique opportunity to hone your skills in a personalised and highly professional environment.<\/p>\n<p><strong>What does this course include?<\/strong><\/p>\n<ul>\n<li><strong>Full curriculum:<\/strong>\n<ul>\n<li>Introduction to exosomes and their application in aesthetics.<\/li>\n<li>Exoderm: Dermamedk's exclusive exosomes, based on 108 weeks of research.<\/li>\n<li>Skin preparation to maximise results with exosomes.<\/li>\n<li>Techniques for different areas of the body.<\/li>\n<li>Exosome therapy for hair growth.<\/li>\n<li>National regulations for devices such as Dermapen, Nanopen and deep needles.<\/li>\n<li>Facial harmonisation combined with exosomes, botox and hyaluronic acid.<\/li>\n<\/ul>\n<\/li>\n<li><strong>Personalised training:<\/strong>\n<ul>\n<li>Small groups (15 participants).<\/li>\n<li>Theoretical and practical sessions in groups of 4 to 5 people for individualised attention.<\/li>\n<\/ul>\n<\/li>\n<li><strong>Exceptional location:<\/strong>\n<ul>\n<li>On-site at the <strong>Dermamedk Academy<\/strong>in the heart of Barcelona, next to the iconic Sagrada Familia.<\/li>\n<li>Hybrid option: Participate online with access to theory, visualisation of practice and the possibility to ask questions.<\/li>\n<\/ul>\n<\/li>\n<\/ul>\n<p><strong>Event details:<\/strong><\/p>\n<ul>\n<li><strong>Dates:<\/strong> 7 and 8 February.<\/li>\n<li><strong>Duration:<\/strong> 16 intensive hours in two days.<\/li>\n<li><strong>Format:<\/strong> Hybrid (face-to-face and online).<\/li>\n<\/ul>\n<p><strong>Investment:<\/strong><\/p>\n<ul>\n<li><strong>Online:<\/strong> 600\u20ac.<\/li>\n<li><strong>Face-to-face:<\/strong> 1.200\u20ac.<\/li>\n<\/ul>\n<hr \/>\n<h4><strong>Benefits of the course:<\/strong><\/h4>\n<ol>\n<li>Learn from experts in the use of exosomes in advanced aesthetics.<\/li>\n<li>She masters practical techniques adapted to multiple areas of the body and hair therapies.<\/li>\n<li>Get certified in an innovative and highly demanded treatment.<\/li>\n<\/ol>\n<hr \/>\n<p><strong>Book your place on the Exosomes Course!<\/strong><br \/>\nPlaces are limited to 15 participants to guarantee a personalised experience.<br \/>\n<strong>Contact us for more information:<\/strong><\/p>\n<ul>\n<li><strong>WhatsApp:<\/strong> <a href=\"https:\/\/api.whatsapp.com\/send?phone=+34612529895&amp;text=Hola,%20estaba%20accediendo%20a%20su%20p%C3%A1gina,%20me%20gustar%C3%ADa%20m%C3%A1s%20informaciones%20acerca%20del%20curso:%20Exosomas\">+34 612 529 895<\/a><\/li>\n<li><strong>Instagram:<\/strong> <a href=\"https:\/\/instagram.com\/dermamedkinter\" target=\"_new\" rel=\"noopener\">@dermamedkinter<\/a><\/li>\n<\/ul>","protected":false},"excerpt":{"rendered":"<p>El Curso de Exosomas de Dermamedk Academy es una experiencia de formaci\u00f3n intensiva y exclusiva, dise\u00f1ada para profesionales que desean dominar el uso de exosomas en tratamientos avanzados de est\u00e9tica y cuidado capilar. Con un enfoque pr\u00e1ctico del 70 %, este taller es una oportunidad \u00fanica para perfeccionar tus habilidades en un entorno personalizado y [&hellip;]<\/p>","protected":false},"featured_media":2408,"comment_status":"open","ping_status":"closed","template":"","meta":[],"product_brand":[],"product_cat":[61],"product_tag":[],"class_list":{"0":"post-2378","1":"product","2":"type-product","3":"status-publish","4":"has-post-thumbnail","6":"product_cat-cursos","8":"first","9":"instock","10":"taxable","11":"shipping-taxable","12":"product-type-simple"},"yoast_head":"<!-- This site is optimized with the Yoast SEO plugin v23.8 - https:\/\/yoast.com\/wordpress\/plugins\/seo\/ -->\n<title>Exosomas - Formaci\u00f3n Exclusiva con Enfoque Pr\u00e1ctico Intensivo - Dermamedk<\/title>\n<meta name=\"robots\" content=\"index, follow, max-snippet:-1, max-image-preview:large, max-video-preview:-1\" \/>\n<link rel=\"canonical\" href=\"https:\/\/dermamedk.es\/en\/tienda\/cursos\/exosomas-formacion-exclusiva-con-enfoque-practico-intensivo\/\" \/>\n<meta property=\"og:locale\" content=\"en_GB\" \/>\n<meta property=\"og:type\" content=\"article\" \/>\n<meta property=\"og:title\" content=\"Exosomas - Formaci\u00f3n Exclusiva con Enfoque Pr\u00e1ctico Intensivo - Dermamedk\" \/>\n<meta property=\"og:description\" content=\"El Curso de Exosomas de Dermamedk Academy es una experiencia de formaci\u00f3n intensiva y exclusiva, dise\u00f1ada para profesionales que desean dominar el uso de exosomas en tratamientos avanzados de est\u00e9tica y cuidado capilar. Con un enfoque pr\u00e1ctico del 70 %, este taller es una oportunidad \u00fanica para perfeccionar tus habilidades en un entorno personalizado y [&hellip;]\" \/>\n<meta property=\"og:url\" content=\"https:\/\/dermamedk.es\/en\/tienda\/cursos\/exosomas-formacion-exclusiva-con-enfoque-practico-intensivo\/\" \/>\n<meta property=\"og:site_name\" content=\"Dermamedk\" \/>\n<meta property=\"article:publisher\" content=\"https:\/\/www.facebook.com\/dermamedk\" \/>\n<meta property=\"article:modified_time\" content=\"2025-02-06T23:46:43+00:00\" \/>\n<meta property=\"og:image\" content=\"https:\/\/dermamedk.es\/wp-content\/uploads\/2024\/12\/esoderm.webp\" \/>\n\t<meta property=\"og:image:width\" content=\"907\" \/>\n\t<meta property=\"og:image:height\" content=\"1599\" \/>\n\t<meta property=\"og:image:type\" content=\"image\/webp\" \/>\n<meta name=\"twitter:card\" content=\"summary_large_image\" \/>\n<meta name=\"twitter:label1\" content=\"Estimated reading time\" \/>\n\t<meta name=\"twitter:data1\" content=\"2 minutes\" \/>\n<script type=\"application\/ld+json\" class=\"yoast-schema-graph\">{\"@context\":\"https:\/\/schema.org\",\"@graph\":[{\"@type\":\"WebPage\",\"@id\":\"https:\/\/dermamedk.es\/tienda\/cursos\/exosomas-formacion-exclusiva-con-enfoque-practico-intensivo\/\",\"url\":\"https:\/\/dermamedk.es\/tienda\/cursos\/exosomas-formacion-exclusiva-con-enfoque-practico-intensivo\/\",\"name\":\"Exosomas - Formaci\u00f3n Exclusiva con Enfoque Pr\u00e1ctico Intensivo - Dermamedk\",\"isPartOf\":{\"@id\":\"https:\/\/dermamedk.es\/#website\"},\"primaryImageOfPage\":{\"@id\":\"https:\/\/dermamedk.es\/tienda\/cursos\/exosomas-formacion-exclusiva-con-enfoque-practico-intensivo\/#primaryimage\"},\"image\":{\"@id\":\"https:\/\/dermamedk.es\/tienda\/cursos\/exosomas-formacion-exclusiva-con-enfoque-practico-intensivo\/#primaryimage\"},\"thumbnailUrl\":\"https:\/\/dermamedk.es\/wp-content\/uploads\/2024\/12\/esoderm.webp\",\"datePublished\":\"2024-12-01T16:37:27+00:00\",\"dateModified\":\"2025-02-06T23:46:43+00:00\",\"breadcrumb\":{\"@id\":\"https:\/\/dermamedk.es\/tienda\/cursos\/exosomas-formacion-exclusiva-con-enfoque-practico-intensivo\/#breadcrumb\"},\"inLanguage\":\"en-GB\",\"potentialAction\":[{\"@type\":\"ReadAction\",\"target\":[\"https:\/\/dermamedk.es\/tienda\/cursos\/exosomas-formacion-exclusiva-con-enfoque-practico-intensivo\/\"]}]},{\"@type\":\"ImageObject\",\"inLanguage\":\"en-GB\",\"@id\":\"https:\/\/dermamedk.es\/tienda\/cursos\/exosomas-formacion-exclusiva-con-enfoque-practico-intensivo\/#primaryimage\",\"url\":\"https:\/\/dermamedk.es\/wp-content\/uploads\/2024\/12\/esoderm.webp\",\"contentUrl\":\"https:\/\/dermamedk.es\/wp-content\/uploads\/2024\/12\/esoderm.webp\",\"width\":907,\"height\":1599},{\"@type\":\"BreadcrumbList\",\"@id\":\"https:\/\/dermamedk.es\/tienda\/cursos\/exosomas-formacion-exclusiva-con-enfoque-practico-intensivo\/#breadcrumb\",\"itemListElement\":[{\"@type\":\"ListItem\",\"position\":1,\"name\":\"Home\",\"item\":\"https:\/\/dermamedk.es\/\"},{\"@type\":\"ListItem\",\"position\":2,\"name\":\"Tienda\",\"item\":\"https:\/\/dermamedk.es\/tienda-dermamedk\/\"},{\"@type\":\"ListItem\",\"position\":3,\"name\":\"Exosomas &#8211; Formaci\u00f3n Exclusiva con Enfoque Pr\u00e1ctico Intensivo\"}]},{\"@type\":\"WebSite\",\"@id\":\"https:\/\/dermamedk.es\/#website\",\"url\":\"https:\/\/dermamedk.es\/\",\"name\":\"DermamedK | La elecci\u00f3n perfecta para tu cuidado de la piel\",\"description\":\"Lo mejor para el cuidado de tu piel\",\"publisher\":{\"@id\":\"https:\/\/dermamedk.es\/#organization\"},\"potentialAction\":[{\"@type\":\"SearchAction\",\"target\":{\"@type\":\"EntryPoint\",\"urlTemplate\":\"https:\/\/dermamedk.es\/?s={search_term_string}\"},\"query-input\":{\"@type\":\"PropertyValueSpecification\",\"valueRequired\":true,\"valueName\":\"search_term_string\"}}],\"inLanguage\":\"en-GB\"},{\"@type\":\"Organization\",\"@id\":\"https:\/\/dermamedk.es\/#organization\",\"name\":\"DermamedK | La elecci\u00f3n perfecta para tu cuidado de la piel\",\"url\":\"https:\/\/dermamedk.es\/\",\"logo\":{\"@type\":\"ImageObject\",\"inLanguage\":\"en-GB\",\"@id\":\"https:\/\/dermamedk.es\/#\/schema\/logo\/image\/\",\"url\":\"https:\/\/dermamedk.es\/wp-content\/uploads\/2023\/04\/logo-150.webp\",\"contentUrl\":\"https:\/\/dermamedk.es\/wp-content\/uploads\/2023\/04\/logo-150.webp\",\"width\":180,\"height\":212,\"caption\":\"DermamedK | La elecci\u00f3n perfecta para tu cuidado de la piel\"},\"image\":{\"@id\":\"https:\/\/dermamedk.es\/#\/schema\/logo\/image\/\"},\"sameAs\":[\"https:\/\/www.facebook.com\/dermamedk\",\"https:\/\/www.instagram.com\/dermamedk\/\"]}]}<\/script>\n<!-- \/ Yoast SEO plugin. -->","yoast_head_json":{"title":"Exosomas - Formaci\u00f3n Exclusiva con Enfoque Pr\u00e1ctico Intensivo - Dermamedk","robots":{"index":"index","follow":"follow","max-snippet":"max-snippet:-1","max-image-preview":"max-image-preview:large","max-video-preview":"max-video-preview:-1"},"canonical":"https:\/\/dermamedk.es\/en\/tienda\/cursos\/exosomas-formacion-exclusiva-con-enfoque-practico-intensivo\/","og_locale":"en_GB","og_type":"article","og_title":"Exosomas - Formaci\u00f3n Exclusiva con Enfoque Pr\u00e1ctico Intensivo - Dermamedk","og_description":"El Curso de Exosomas de Dermamedk Academy es una experiencia de formaci\u00f3n intensiva y exclusiva, dise\u00f1ada para profesionales que desean dominar el uso de exosomas en tratamientos avanzados de est\u00e9tica y cuidado capilar. Con un enfoque pr\u00e1ctico del 70 %, este taller es una oportunidad \u00fanica para perfeccionar tus habilidades en un entorno personalizado y [&hellip;]","og_url":"https:\/\/dermamedk.es\/en\/tienda\/cursos\/exosomas-formacion-exclusiva-con-enfoque-practico-intensivo\/","og_site_name":"Dermamedk","article_publisher":"https:\/\/www.facebook.com\/dermamedk","article_modified_time":"2025-02-06T23:46:43+00:00","og_image":[{"width":907,"height":1599,"url":"https:\/\/dermamedk.es\/wp-content\/uploads\/2024\/12\/esoderm.webp","type":"image\/webp"}],"twitter_card":"summary_large_image","twitter_misc":{"Estimated reading time":"2 minutes"},"schema":{"@context":"https:\/\/schema.org","@graph":[{"@type":"WebPage","@id":"https:\/\/dermamedk.es\/tienda\/cursos\/exosomas-formacion-exclusiva-con-enfoque-practico-intensivo\/","url":"https:\/\/dermamedk.es\/tienda\/cursos\/exosomas-formacion-exclusiva-con-enfoque-practico-intensivo\/","name":"Exosomas - Formaci\u00f3n Exclusiva con Enfoque Pr\u00e1ctico Intensivo - Dermamedk","isPartOf":{"@id":"https:\/\/dermamedk.es\/#website"},"primaryImageOfPage":{"@id":"https:\/\/dermamedk.es\/tienda\/cursos\/exosomas-formacion-exclusiva-con-enfoque-practico-intensivo\/#primaryimage"},"image":{"@id":"https:\/\/dermamedk.es\/tienda\/cursos\/exosomas-formacion-exclusiva-con-enfoque-practico-intensivo\/#primaryimage"},"thumbnailUrl":"https:\/\/dermamedk.es\/wp-content\/uploads\/2024\/12\/esoderm.webp","datePublished":"2024-12-01T16:37:27+00:00","dateModified":"2025-02-06T23:46:43+00:00","breadcrumb":{"@id":"https:\/\/dermamedk.es\/tienda\/cursos\/exosomas-formacion-exclusiva-con-enfoque-practico-intensivo\/#breadcrumb"},"inLanguage":"en-GB","potentialAction":[{"@type":"ReadAction","target":["https:\/\/dermamedk.es\/tienda\/cursos\/exosomas-formacion-exclusiva-con-enfoque-practico-intensivo\/"]}]},{"@type":"ImageObject","inLanguage":"en-GB","@id":"https:\/\/dermamedk.es\/tienda\/cursos\/exosomas-formacion-exclusiva-con-enfoque-practico-intensivo\/#primaryimage","url":"https:\/\/dermamedk.es\/wp-content\/uploads\/2024\/12\/esoderm.webp","contentUrl":"https:\/\/dermamedk.es\/wp-content\/uploads\/2024\/12\/esoderm.webp","width":907,"height":1599},{"@type":"BreadcrumbList","@id":"https:\/\/dermamedk.es\/tienda\/cursos\/exosomas-formacion-exclusiva-con-enfoque-practico-intensivo\/#breadcrumb","itemListElement":[{"@type":"ListItem","position":1,"name":"Home","item":"https:\/\/dermamedk.es\/"},{"@type":"ListItem","position":2,"name":"Tienda","item":"https:\/\/dermamedk.es\/tienda-dermamedk\/"},{"@type":"ListItem","position":3,"name":"Exosomas &#8211; Formaci\u00f3n Exclusiva con Enfoque Pr\u00e1ctico Intensivo"}]},{"@type":"WebSite","@id":"https:\/\/dermamedk.es\/#website","url":"https:\/\/dermamedk.es\/","name":"DermamedK | La elecci\u00f3n perfecta para tu cuidado de la piel","description":"Lo mejor para el cuidado de tu piel","publisher":{"@id":"https:\/\/dermamedk.es\/#organization"},"potentialAction":[{"@type":"SearchAction","target":{"@type":"EntryPoint","urlTemplate":"https:\/\/dermamedk.es\/?s={search_term_string}"},"query-input":{"@type":"PropertyValueSpecification","valueRequired":true,"valueName":"search_term_string"}}],"inLanguage":"en-GB"},{"@type":"Organization","@id":"https:\/\/dermamedk.es\/#organization","name":"DermamedK | La elecci\u00f3n perfecta para tu cuidado de la piel","url":"https:\/\/dermamedk.es\/","logo":{"@type":"ImageObject","inLanguage":"en-GB","@id":"https:\/\/dermamedk.es\/#\/schema\/logo\/image\/","url":"https:\/\/dermamedk.es\/wp-content\/uploads\/2023\/04\/logo-150.webp","contentUrl":"https:\/\/dermamedk.es\/wp-content\/uploads\/2023\/04\/logo-150.webp","width":180,"height":212,"caption":"DermamedK | La elecci\u00f3n perfecta para tu cuidado de la piel"},"image":{"@id":"https:\/\/dermamedk.es\/#\/schema\/logo\/image\/"},"sameAs":["https:\/\/www.facebook.com\/dermamedk","https:\/\/www.instagram.com\/dermamedk\/"]}]}},"_links":{"self":[{"href":"https:\/\/dermamedk.es\/en\/wp-json\/wp\/v2\/product\/2378","targetHints":{"allow":["GET"]}}],"collection":[{"href":"https:\/\/dermamedk.es\/en\/wp-json\/wp\/v2\/product"}],"about":[{"href":"https:\/\/dermamedk.es\/en\/wp-json\/wp\/v2\/types\/product"}],"replies":[{"embeddable":true,"href":"https:\/\/dermamedk.es\/en\/wp-json\/wp\/v2\/comments?post=2378"}],"version-history":[{"count":1,"href":"https:\/\/dermamedk.es\/en\/wp-json\/wp\/v2\/product\/2378\/revisions"}],"predecessor-version":[{"id":2379,"href":"https:\/\/dermamedk.es\/en\/wp-json\/wp\/v2\/product\/2378\/revisions\/2379"}],"wp:featuredmedia":[{"embeddable":true,"href":"https:\/\/dermamedk.es\/en\/wp-json\/wp\/v2\/media\/2408"}],"wp:attachment":[{"href":"https:\/\/dermamedk.es\/en\/wp-json\/wp\/v2\/media?parent=2378"}],"wp:term":[{"taxonomy":"product_brand","embeddable":true,"href":"https:\/\/dermamedk.es\/en\/wp-json\/wp\/v2\/product_brand?post=2378"},{"taxonomy":"product_cat","embeddable":true,"href":"https:\/\/dermamedk.es\/en\/wp-json\/wp\/v2\/product_cat?post=2378"},{"taxonomy":"product_tag","embeddable":true,"href":"https:\/\/dermamedk.es\/en\/wp-json\/wp\/v2\/product_tag?post=2378"}],"curies":[{"name":"wp","href":"https:\/\/api.w.org\/{rel}","templated":true}]}}