 {"id":2292,"date":"2024-11-28T10:08:54","date_gmt":"2024-11-28T09:08:54","guid":{"rendered":"https:\/\/dermamedk.es\/?post_type=product&#038;p=2292"},"modified":"2025-03-14T11:28:52","modified_gmt":"2025-03-14T10:28:52","slug":"henna-labial-tecnicas-avanzadas-para-resultados-duraderos-y-naturales","status":"publish","type":"product","link":"https:\/\/dermamedk.es\/en\/tienda\/cursos\/henna-labial-tecnicas-avanzadas-para-resultados-duraderos-y-naturales\/","title":{"rendered":"Henna Lipstick - Advanced Techniques for Long Lasting and Natural Results"},"content":{"rendered":"<p>The <strong>Henna Lipstick Course<\/strong> from <strong>Dermamedk Academy<\/strong> teaches you to master professional techniques to offer your clients an innovative, long-lasting and personalised treatment. Learn how to enhance natural beauty with high quality products and safe methods.<\/p>\n<p><strong>What will you learn?<\/strong><\/p>\n<ul>\n<li><strong>Professional application techniques:<\/strong> How to achieve flawless and personalised results.<\/li>\n<li><strong>Selection of shades:<\/strong> Learn how to adapt colours according to the needs and preferences of each client.<\/li>\n<li><strong>Specialised care:<\/strong> Pre- and post-treatment care protocols to ensure moisturised and healthy lips.<\/li>\n<\/ul>\n<p><strong>It includes:<\/strong><\/p>\n<ul>\n<li><strong>Training modalities:<\/strong>\n<ul>\n<li><strong>In person<\/strong><\/li>\n<li><strong>Online<\/strong><\/li>\n<li><strong>Pack presencial + kit<\/strong><\/li>\n<li><strong>Pack online + kit<\/strong><\/li>\n<\/ul>\n<\/li>\n<li><strong>Kit profesional que contiene:<\/strong>\n<ul>\n<li>5ml of Henna Lips<\/li>\n<li>5ml of Avene Spum<\/li>\n<li>5ml of Gold Mask<\/li>\n<li>5ml ExfoMicron<\/li>\n<li>5ml of BalsaDerm<\/li>\n<li>5ml of Sweet Lips<\/li>\n<li>10 containers, 1 exfoliation pallet and 1 fine brush Lips<\/li>\n<\/ul>\n<\/li>\n<\/ul>\n<p><strong>Expected results:<\/strong><\/p>\n<ul>\n<li>Lips with long-lasting, natural colour.<\/li>\n<li>Deep hydration thanks to ingredients such as hyaluronic acid and niacinamide.<\/li>\n<li>Ideal treatment even for dry or brittle lips.<\/li>\n<\/ul>\n<hr \/>\n<h4><strong>Instructions for use:<\/strong><\/h4>\n<p>For professional use only. Topical application. Avoid contact with mucous membranes and wounds. Follow recommendations to maximise results.<\/p>\n<hr \/>\n<h4><strong>Storage and Precautions:<\/strong><\/h4>\n<p>Keep the product in a cool, dry place, protected from direct light. Cosmetic product, do not ingest. Avoid contact with eyes and keep out of reach of children.<\/p>\n<hr \/>\n<h4><strong>Benefits of the course:<\/strong><\/h4>\n<ol>\n<li>Learn an innovative technique that is in demand in the aesthetic market.<\/li>\n<li>Includes complete high quality kit for immediate results.<\/li>\n<li>Specialise in a treatment that combines beauty and lip care.<\/li>\n<\/ol>\n<hr \/>\n<p><strong>Don't miss this opportunity to stand out in the world of beauty!<\/strong><br \/>\nBook your place today and master the art of Lip Henna.<br \/>\n<strong>Contact us for more information:<\/strong><\/p>\n<p>&nbsp;<\/p>\n<ul>\n<li><strong>WhatsApp:<\/strong> <a href=\"https:\/\/api.whatsapp.com\/send?phone=+34612529895&amp;text=Hola,%20estaba%20accediendo%20a%20su%20p%C3%A1gina,%20me%20gustar%C3%ADa%20m%C3%A1s%20informaciones%20acerca%20del%20curso:%20HENNA\">+34 612 529 895<\/a><\/li>\n<li><strong>Instagram:<\/strong> <a href=\"https:\/\/instagram.com\/dermamedkinter\" target=\"_new\" rel=\"noopener\">@dermamedkinter<\/a><\/li>\n<\/ul>","protected":false},"excerpt":{"rendered":"<p>El Curso de Henna Labial de Dermamedk Academy te ense\u00f1a a dominar las t\u00e9cnicas profesionales para ofrecer a tus clientes un tratamiento innovador, duradero y personalizado. Aprende a realzar la belleza natural con productos de alta calidad y m\u00e9todos seguros. \u00bfQu\u00e9 aprender\u00e1s? T\u00e9cnicas profesionales de aplicaci\u00f3n: C\u00f3mo lograr resultados impecables y personalizados. Selecci\u00f3n de tonos: [&hellip;]<\/p>","protected":false},"featured_media":2232,"comment_status":"open","ping_status":"closed","template":"","meta":[],"product_brand":[],"product_cat":[61],"product_tag":[],"class_list":{"0":"post-2292","1":"product","2":"type-product","3":"status-publish","4":"has-post-thumbnail","6":"product_cat-cursos","8":"first","9":"instock","10":"taxable","11":"shipping-taxable","12":"product-type-simple"},"yoast_head":"<!-- This site is optimized with the Yoast SEO plugin v23.8 - https:\/\/yoast.com\/wordpress\/plugins\/seo\/ -->\n<title>Henna Labial - T\u00e9cnicas Avanzadas para Resultados Duraderos y Naturales - Dermamedk<\/title>\n<meta name=\"robots\" content=\"index, follow, max-snippet:-1, max-image-preview:large, max-video-preview:-1\" \/>\n<link rel=\"canonical\" href=\"https:\/\/dermamedk.es\/en\/tienda\/cursos\/henna-labial-tecnicas-avanzadas-para-resultados-duraderos-y-naturales\/\" \/>\n<meta property=\"og:locale\" content=\"en_GB\" \/>\n<meta property=\"og:type\" content=\"article\" \/>\n<meta property=\"og:title\" content=\"Henna Labial - T\u00e9cnicas Avanzadas para Resultados Duraderos y Naturales - Dermamedk\" \/>\n<meta property=\"og:description\" content=\"El Curso de Henna Labial de Dermamedk Academy te ense\u00f1a a dominar las t\u00e9cnicas profesionales para ofrecer a tus clientes un tratamiento innovador, duradero y personalizado. Aprende a realzar la belleza natural con productos de alta calidad y m\u00e9todos seguros. \u00bfQu\u00e9 aprender\u00e1s? T\u00e9cnicas profesionales de aplicaci\u00f3n: C\u00f3mo lograr resultados impecables y personalizados. Selecci\u00f3n de tonos: [&hellip;]\" \/>\n<meta property=\"og:url\" content=\"https:\/\/dermamedk.es\/en\/tienda\/cursos\/henna-labial-tecnicas-avanzadas-para-resultados-duraderos-y-naturales\/\" \/>\n<meta property=\"og:site_name\" content=\"Dermamedk\" \/>\n<meta property=\"article:publisher\" content=\"https:\/\/www.facebook.com\/dermamedk\" \/>\n<meta property=\"article:modified_time\" content=\"2025-03-14T10:28:52+00:00\" \/>\n<meta property=\"og:image\" content=\"https:\/\/dermamedk.es\/wp-content\/uploads\/2024\/11\/HENNA-LABIAL-2-copia.webp\" \/>\n\t<meta property=\"og:image:width\" content=\"907\" \/>\n\t<meta property=\"og:image:height\" content=\"1599\" \/>\n\t<meta property=\"og:image:type\" content=\"image\/webp\" \/>\n<meta name=\"twitter:card\" content=\"summary_large_image\" \/>\n<meta name=\"twitter:label1\" content=\"Estimated reading time\" \/>\n\t<meta name=\"twitter:data1\" content=\"2 minutes\" \/>\n<script type=\"application\/ld+json\" class=\"yoast-schema-graph\">{\"@context\":\"https:\/\/schema.org\",\"@graph\":[{\"@type\":\"WebPage\",\"@id\":\"https:\/\/dermamedk.es\/tienda\/cursos\/henna-labial-tecnicas-avanzadas-para-resultados-duraderos-y-naturales\/\",\"url\":\"https:\/\/dermamedk.es\/tienda\/cursos\/henna-labial-tecnicas-avanzadas-para-resultados-duraderos-y-naturales\/\",\"name\":\"Henna Labial - T\u00e9cnicas Avanzadas para Resultados Duraderos y Naturales - Dermamedk\",\"isPartOf\":{\"@id\":\"https:\/\/dermamedk.es\/#website\"},\"primaryImageOfPage\":{\"@id\":\"https:\/\/dermamedk.es\/tienda\/cursos\/henna-labial-tecnicas-avanzadas-para-resultados-duraderos-y-naturales\/#primaryimage\"},\"image\":{\"@id\":\"https:\/\/dermamedk.es\/tienda\/cursos\/henna-labial-tecnicas-avanzadas-para-resultados-duraderos-y-naturales\/#primaryimage\"},\"thumbnailUrl\":\"https:\/\/dermamedk.es\/wp-content\/uploads\/2024\/11\/HENNA-LABIAL-2-copia.webp\",\"datePublished\":\"2024-11-28T09:08:54+00:00\",\"dateModified\":\"2025-03-14T10:28:52+00:00\",\"breadcrumb\":{\"@id\":\"https:\/\/dermamedk.es\/tienda\/cursos\/henna-labial-tecnicas-avanzadas-para-resultados-duraderos-y-naturales\/#breadcrumb\"},\"inLanguage\":\"en-GB\",\"potentialAction\":[{\"@type\":\"ReadAction\",\"target\":[\"https:\/\/dermamedk.es\/tienda\/cursos\/henna-labial-tecnicas-avanzadas-para-resultados-duraderos-y-naturales\/\"]}]},{\"@type\":\"ImageObject\",\"inLanguage\":\"en-GB\",\"@id\":\"https:\/\/dermamedk.es\/tienda\/cursos\/henna-labial-tecnicas-avanzadas-para-resultados-duraderos-y-naturales\/#primaryimage\",\"url\":\"https:\/\/dermamedk.es\/wp-content\/uploads\/2024\/11\/HENNA-LABIAL-2-copia.webp\",\"contentUrl\":\"https:\/\/dermamedk.es\/wp-content\/uploads\/2024\/11\/HENNA-LABIAL-2-copia.webp\",\"width\":907,\"height\":1599},{\"@type\":\"BreadcrumbList\",\"@id\":\"https:\/\/dermamedk.es\/tienda\/cursos\/henna-labial-tecnicas-avanzadas-para-resultados-duraderos-y-naturales\/#breadcrumb\",\"itemListElement\":[{\"@type\":\"ListItem\",\"position\":1,\"name\":\"Home\",\"item\":\"https:\/\/dermamedk.es\/\"},{\"@type\":\"ListItem\",\"position\":2,\"name\":\"Tienda\",\"item\":\"https:\/\/dermamedk.es\/tienda-dermamedk\/\"},{\"@type\":\"ListItem\",\"position\":3,\"name\":\"Henna Labial &#8211; T\u00e9cnicas Avanzadas para Resultados Duraderos y Naturales\"}]},{\"@type\":\"WebSite\",\"@id\":\"https:\/\/dermamedk.es\/#website\",\"url\":\"https:\/\/dermamedk.es\/\",\"name\":\"DermamedK | La elecci\u00f3n perfecta para tu cuidado de la piel\",\"description\":\"Lo mejor para el cuidado de tu piel\",\"publisher\":{\"@id\":\"https:\/\/dermamedk.es\/#organization\"},\"potentialAction\":[{\"@type\":\"SearchAction\",\"target\":{\"@type\":\"EntryPoint\",\"urlTemplate\":\"https:\/\/dermamedk.es\/?s={search_term_string}\"},\"query-input\":{\"@type\":\"PropertyValueSpecification\",\"valueRequired\":true,\"valueName\":\"search_term_string\"}}],\"inLanguage\":\"en-GB\"},{\"@type\":\"Organization\",\"@id\":\"https:\/\/dermamedk.es\/#organization\",\"name\":\"DermamedK | La elecci\u00f3n perfecta para tu cuidado de la piel\",\"url\":\"https:\/\/dermamedk.es\/\",\"logo\":{\"@type\":\"ImageObject\",\"inLanguage\":\"en-GB\",\"@id\":\"https:\/\/dermamedk.es\/#\/schema\/logo\/image\/\",\"url\":\"https:\/\/dermamedk.es\/wp-content\/uploads\/2023\/04\/logo-150.webp\",\"contentUrl\":\"https:\/\/dermamedk.es\/wp-content\/uploads\/2023\/04\/logo-150.webp\",\"width\":180,\"height\":212,\"caption\":\"DermamedK | La elecci\u00f3n perfecta para tu cuidado de la piel\"},\"image\":{\"@id\":\"https:\/\/dermamedk.es\/#\/schema\/logo\/image\/\"},\"sameAs\":[\"https:\/\/www.facebook.com\/dermamedk\",\"https:\/\/www.instagram.com\/dermamedk\/\"]}]}<\/script>\n<!-- \/ Yoast SEO plugin. -->","yoast_head_json":{"title":"Henna Labial - T\u00e9cnicas Avanzadas para Resultados Duraderos y Naturales - Dermamedk","robots":{"index":"index","follow":"follow","max-snippet":"max-snippet:-1","max-image-preview":"max-image-preview:large","max-video-preview":"max-video-preview:-1"},"canonical":"https:\/\/dermamedk.es\/en\/tienda\/cursos\/henna-labial-tecnicas-avanzadas-para-resultados-duraderos-y-naturales\/","og_locale":"en_GB","og_type":"article","og_title":"Henna Labial - T\u00e9cnicas Avanzadas para Resultados Duraderos y Naturales - Dermamedk","og_description":"El Curso de Henna Labial de Dermamedk Academy te ense\u00f1a a dominar las t\u00e9cnicas profesionales para ofrecer a tus clientes un tratamiento innovador, duradero y personalizado. Aprende a realzar la belleza natural con productos de alta calidad y m\u00e9todos seguros. \u00bfQu\u00e9 aprender\u00e1s? T\u00e9cnicas profesionales de aplicaci\u00f3n: C\u00f3mo lograr resultados impecables y personalizados. Selecci\u00f3n de tonos: [&hellip;]","og_url":"https:\/\/dermamedk.es\/en\/tienda\/cursos\/henna-labial-tecnicas-avanzadas-para-resultados-duraderos-y-naturales\/","og_site_name":"Dermamedk","article_publisher":"https:\/\/www.facebook.com\/dermamedk","article_modified_time":"2025-03-14T10:28:52+00:00","og_image":[{"width":907,"height":1599,"url":"https:\/\/dermamedk.es\/wp-content\/uploads\/2024\/11\/HENNA-LABIAL-2-copia.webp","type":"image\/webp"}],"twitter_card":"summary_large_image","twitter_misc":{"Estimated reading time":"2 minutes"},"schema":{"@context":"https:\/\/schema.org","@graph":[{"@type":"WebPage","@id":"https:\/\/dermamedk.es\/tienda\/cursos\/henna-labial-tecnicas-avanzadas-para-resultados-duraderos-y-naturales\/","url":"https:\/\/dermamedk.es\/tienda\/cursos\/henna-labial-tecnicas-avanzadas-para-resultados-duraderos-y-naturales\/","name":"Henna Labial - T\u00e9cnicas Avanzadas para Resultados Duraderos y Naturales - Dermamedk","isPartOf":{"@id":"https:\/\/dermamedk.es\/#website"},"primaryImageOfPage":{"@id":"https:\/\/dermamedk.es\/tienda\/cursos\/henna-labial-tecnicas-avanzadas-para-resultados-duraderos-y-naturales\/#primaryimage"},"image":{"@id":"https:\/\/dermamedk.es\/tienda\/cursos\/henna-labial-tecnicas-avanzadas-para-resultados-duraderos-y-naturales\/#primaryimage"},"thumbnailUrl":"https:\/\/dermamedk.es\/wp-content\/uploads\/2024\/11\/HENNA-LABIAL-2-copia.webp","datePublished":"2024-11-28T09:08:54+00:00","dateModified":"2025-03-14T10:28:52+00:00","breadcrumb":{"@id":"https:\/\/dermamedk.es\/tienda\/cursos\/henna-labial-tecnicas-avanzadas-para-resultados-duraderos-y-naturales\/#breadcrumb"},"inLanguage":"en-GB","potentialAction":[{"@type":"ReadAction","target":["https:\/\/dermamedk.es\/tienda\/cursos\/henna-labial-tecnicas-avanzadas-para-resultados-duraderos-y-naturales\/"]}]},{"@type":"ImageObject","inLanguage":"en-GB","@id":"https:\/\/dermamedk.es\/tienda\/cursos\/henna-labial-tecnicas-avanzadas-para-resultados-duraderos-y-naturales\/#primaryimage","url":"https:\/\/dermamedk.es\/wp-content\/uploads\/2024\/11\/HENNA-LABIAL-2-copia.webp","contentUrl":"https:\/\/dermamedk.es\/wp-content\/uploads\/2024\/11\/HENNA-LABIAL-2-copia.webp","width":907,"height":1599},{"@type":"BreadcrumbList","@id":"https:\/\/dermamedk.es\/tienda\/cursos\/henna-labial-tecnicas-avanzadas-para-resultados-duraderos-y-naturales\/#breadcrumb","itemListElement":[{"@type":"ListItem","position":1,"name":"Home","item":"https:\/\/dermamedk.es\/"},{"@type":"ListItem","position":2,"name":"Tienda","item":"https:\/\/dermamedk.es\/tienda-dermamedk\/"},{"@type":"ListItem","position":3,"name":"Henna Labial &#8211; T\u00e9cnicas Avanzadas para Resultados Duraderos y Naturales"}]},{"@type":"WebSite","@id":"https:\/\/dermamedk.es\/#website","url":"https:\/\/dermamedk.es\/","name":"DermamedK | La elecci\u00f3n perfecta para tu cuidado de la piel","description":"Lo mejor para el cuidado de tu piel","publisher":{"@id":"https:\/\/dermamedk.es\/#organization"},"potentialAction":[{"@type":"SearchAction","target":{"@type":"EntryPoint","urlTemplate":"https:\/\/dermamedk.es\/?s={search_term_string}"},"query-input":{"@type":"PropertyValueSpecification","valueRequired":true,"valueName":"search_term_string"}}],"inLanguage":"en-GB"},{"@type":"Organization","@id":"https:\/\/dermamedk.es\/#organization","name":"DermamedK | La elecci\u00f3n perfecta para tu cuidado de la piel","url":"https:\/\/dermamedk.es\/","logo":{"@type":"ImageObject","inLanguage":"en-GB","@id":"https:\/\/dermamedk.es\/#\/schema\/logo\/image\/","url":"https:\/\/dermamedk.es\/wp-content\/uploads\/2023\/04\/logo-150.webp","contentUrl":"https:\/\/dermamedk.es\/wp-content\/uploads\/2023\/04\/logo-150.webp","width":180,"height":212,"caption":"DermamedK | La elecci\u00f3n perfecta para tu cuidado de la piel"},"image":{"@id":"https:\/\/dermamedk.es\/#\/schema\/logo\/image\/"},"sameAs":["https:\/\/www.facebook.com\/dermamedk","https:\/\/www.instagram.com\/dermamedk\/"]}]}},"_links":{"self":[{"href":"https:\/\/dermamedk.es\/en\/wp-json\/wp\/v2\/product\/2292","targetHints":{"allow":["GET"]}}],"collection":[{"href":"https:\/\/dermamedk.es\/en\/wp-json\/wp\/v2\/product"}],"about":[{"href":"https:\/\/dermamedk.es\/en\/wp-json\/wp\/v2\/types\/product"}],"replies":[{"embeddable":true,"href":"https:\/\/dermamedk.es\/en\/wp-json\/wp\/v2\/comments?post=2292"}],"version-history":[{"count":5,"href":"https:\/\/dermamedk.es\/en\/wp-json\/wp\/v2\/product\/2292\/revisions"}],"predecessor-version":[{"id":2483,"href":"https:\/\/dermamedk.es\/en\/wp-json\/wp\/v2\/product\/2292\/revisions\/2483"}],"wp:featuredmedia":[{"embeddable":true,"href":"https:\/\/dermamedk.es\/en\/wp-json\/wp\/v2\/media\/2232"}],"wp:attachment":[{"href":"https:\/\/dermamedk.es\/en\/wp-json\/wp\/v2\/media?parent=2292"}],"wp:term":[{"taxonomy":"product_brand","embeddable":true,"href":"https:\/\/dermamedk.es\/en\/wp-json\/wp\/v2\/product_brand?post=2292"},{"taxonomy":"product_cat","embeddable":true,"href":"https:\/\/dermamedk.es\/en\/wp-json\/wp\/v2\/product_cat?post=2292"},{"taxonomy":"product_tag","embeddable":true,"href":"https:\/\/dermamedk.es\/en\/wp-json\/wp\/v2\/product_tag?post=2292"}],"curies":[{"name":"wp","href":"https:\/\/api.w.org\/{rel}","templated":true}]}}