 {"id":1850,"date":"2024-11-19T07:30:55","date_gmt":"2024-11-19T06:30:55","guid":{"rendered":"https:\/\/dermamedk.es\/?post_type=product&#038;p=1850"},"modified":"2024-11-19T18:09:21","modified_gmt":"2024-11-19T17:09:21","slug":"waterderm-slim","status":"publish","type":"product","link":"https:\/\/dermamedk.es\/en\/tienda\/nutricosmetica\/waterderm-slim\/","title":{"rendered":"WATERDERM SLIM"},"content":{"rendered":"<p>Drains, preventing demineralisation, without causing problems with blood pressure. Activates lymphatic activity and acts as a detoxifier and purifier. Improves renal, hepatic and biliary function. Contains Fucus, Orthosiphon, Horsetail, Artichoke, PIlosella, Green Coffee, Polyporus umbellatus, Cactinea, Bromelain, Birch, Maia Stigmas, EH Ash, Grain, Vitamin B1, B2, B5, B8, B12, C and E.<\/p>","protected":false},"excerpt":{"rendered":"<p>Drena evitando la desmineralizaci\u00f3n, sin generar problemas en la tensi\u00f3n arterial. Activa la actividad linf\u00e1tica y act\u00faa como detoxificador y depurativo. Mejora la funci\u00f3n renal, hep\u00e1tica y biliar. Contiene Fucus, Ortosifon, Cola de caballo, Alcachofa, PIlosella, Caf\u00e9 Verde, Polyporus umbellatus, Cactinea, Bromelaina, Abedul, Estigmas Maia, Fresno EH, Grana, Vitamina B1, B2, B5, B8, B12, C [&hellip;]<\/p>","protected":false},"featured_media":1881,"comment_status":"open","ping_status":"closed","template":"","meta":[],"product_brand":[],"product_cat":[57],"product_tag":[],"class_list":{"0":"post-1850","1":"product","2":"type-product","3":"status-publish","4":"has-post-thumbnail","6":"product_cat-nutricosmetica","8":"first","9":"instock","10":"taxable","11":"shipping-taxable","12":"purchasable","13":"product-type-simple"},"yoast_head":"<!-- This site is optimized with the Yoast SEO plugin v23.8 - https:\/\/yoast.com\/wordpress\/plugins\/seo\/ -->\n<title>WATERDERM SLIM - Dermamedk<\/title>\n<meta name=\"robots\" content=\"index, follow, max-snippet:-1, max-image-preview:large, max-video-preview:-1\" \/>\n<link rel=\"canonical\" href=\"https:\/\/dermamedk.es\/en\/tienda\/nutricosmetica\/waterderm-slim\/\" \/>\n<meta property=\"og:locale\" content=\"en_GB\" \/>\n<meta property=\"og:type\" content=\"article\" \/>\n<meta property=\"og:title\" content=\"WATERDERM SLIM - Dermamedk\" \/>\n<meta property=\"og:description\" content=\"Drena evitando la desmineralizaci\u00f3n, sin generar problemas en la tensi\u00f3n arterial. Activa la actividad linf\u00e1tica y act\u00faa como detoxificador y depurativo. Mejora la funci\u00f3n renal, hep\u00e1tica y biliar. Contiene Fucus, Ortosifon, Cola de caballo, Alcachofa, PIlosella, Caf\u00e9 Verde, Polyporus umbellatus, Cactinea, Bromelaina, Abedul, Estigmas Maia, Fresno EH, Grana, Vitamina B1, B2, B5, B8, B12, C [&hellip;]\" \/>\n<meta property=\"og:url\" content=\"https:\/\/dermamedk.es\/en\/tienda\/nutricosmetica\/waterderm-slim\/\" \/>\n<meta property=\"og:site_name\" content=\"Dermamedk\" \/>\n<meta property=\"article:publisher\" content=\"https:\/\/www.facebook.com\/dermamedk\" \/>\n<meta property=\"article:modified_time\" content=\"2024-11-19T17:09:21+00:00\" \/>\n<meta property=\"og:image\" content=\"https:\/\/dermamedk.es\/wp-content\/uploads\/2024\/11\/waterderm-slim2.webp\" \/>\n\t<meta property=\"og:image:width\" content=\"350\" \/>\n\t<meta property=\"og:image:height\" content=\"523\" \/>\n\t<meta property=\"og:image:type\" content=\"image\/webp\" \/>\n<meta name=\"twitter:card\" content=\"summary_large_image\" \/>\n<meta name=\"twitter:label1\" content=\"Estimated reading time\" \/>\n\t<meta name=\"twitter:data1\" content=\"1 minute\" \/>\n<script type=\"application\/ld+json\" class=\"yoast-schema-graph\">{\"@context\":\"https:\/\/schema.org\",\"@graph\":[{\"@type\":\"WebPage\",\"@id\":\"https:\/\/dermamedk.es\/tienda\/nutricosmetica\/waterderm-slim\/\",\"url\":\"https:\/\/dermamedk.es\/tienda\/nutricosmetica\/waterderm-slim\/\",\"name\":\"WATERDERM SLIM - Dermamedk\",\"isPartOf\":{\"@id\":\"https:\/\/dermamedk.es\/#website\"},\"primaryImageOfPage\":{\"@id\":\"https:\/\/dermamedk.es\/tienda\/nutricosmetica\/waterderm-slim\/#primaryimage\"},\"image\":{\"@id\":\"https:\/\/dermamedk.es\/tienda\/nutricosmetica\/waterderm-slim\/#primaryimage\"},\"thumbnailUrl\":\"https:\/\/dermamedk.es\/wp-content\/uploads\/2024\/11\/waterderm-slim2.webp\",\"datePublished\":\"2024-11-19T06:30:55+00:00\",\"dateModified\":\"2024-11-19T17:09:21+00:00\",\"breadcrumb\":{\"@id\":\"https:\/\/dermamedk.es\/tienda\/nutricosmetica\/waterderm-slim\/#breadcrumb\"},\"inLanguage\":\"en-GB\",\"potentialAction\":[{\"@type\":\"ReadAction\",\"target\":[\"https:\/\/dermamedk.es\/tienda\/nutricosmetica\/waterderm-slim\/\"]}]},{\"@type\":\"ImageObject\",\"inLanguage\":\"en-GB\",\"@id\":\"https:\/\/dermamedk.es\/tienda\/nutricosmetica\/waterderm-slim\/#primaryimage\",\"url\":\"https:\/\/dermamedk.es\/wp-content\/uploads\/2024\/11\/waterderm-slim2.webp\",\"contentUrl\":\"https:\/\/dermamedk.es\/wp-content\/uploads\/2024\/11\/waterderm-slim2.webp\",\"width\":350,\"height\":523},{\"@type\":\"BreadcrumbList\",\"@id\":\"https:\/\/dermamedk.es\/tienda\/nutricosmetica\/waterderm-slim\/#breadcrumb\",\"itemListElement\":[{\"@type\":\"ListItem\",\"position\":1,\"name\":\"Home\",\"item\":\"https:\/\/dermamedk.es\/\"},{\"@type\":\"ListItem\",\"position\":2,\"name\":\"Tienda\",\"item\":\"https:\/\/dermamedk.es\/tienda-dermamedk\/\"},{\"@type\":\"ListItem\",\"position\":3,\"name\":\"WATERDERM SLIM\"}]},{\"@type\":\"WebSite\",\"@id\":\"https:\/\/dermamedk.es\/#website\",\"url\":\"https:\/\/dermamedk.es\/\",\"name\":\"DermamedK | La elecci\u00f3n perfecta para tu cuidado de la piel\",\"description\":\"Lo mejor para el cuidado de tu piel\",\"publisher\":{\"@id\":\"https:\/\/dermamedk.es\/#organization\"},\"potentialAction\":[{\"@type\":\"SearchAction\",\"target\":{\"@type\":\"EntryPoint\",\"urlTemplate\":\"https:\/\/dermamedk.es\/?s={search_term_string}\"},\"query-input\":{\"@type\":\"PropertyValueSpecification\",\"valueRequired\":true,\"valueName\":\"search_term_string\"}}],\"inLanguage\":\"en-GB\"},{\"@type\":\"Organization\",\"@id\":\"https:\/\/dermamedk.es\/#organization\",\"name\":\"DermamedK | La elecci\u00f3n perfecta para tu cuidado de la piel\",\"url\":\"https:\/\/dermamedk.es\/\",\"logo\":{\"@type\":\"ImageObject\",\"inLanguage\":\"en-GB\",\"@id\":\"https:\/\/dermamedk.es\/#\/schema\/logo\/image\/\",\"url\":\"https:\/\/dermamedk.es\/wp-content\/uploads\/2023\/04\/logo-150.webp\",\"contentUrl\":\"https:\/\/dermamedk.es\/wp-content\/uploads\/2023\/04\/logo-150.webp\",\"width\":180,\"height\":212,\"caption\":\"DermamedK | La elecci\u00f3n perfecta para tu cuidado de la piel\"},\"image\":{\"@id\":\"https:\/\/dermamedk.es\/#\/schema\/logo\/image\/\"},\"sameAs\":[\"https:\/\/www.facebook.com\/dermamedk\",\"https:\/\/www.instagram.com\/dermamedk\/\"]}]}<\/script>\n<!-- \/ Yoast SEO plugin. -->","yoast_head_json":{"title":"WATERDERM SLIM - Dermamedk","robots":{"index":"index","follow":"follow","max-snippet":"max-snippet:-1","max-image-preview":"max-image-preview:large","max-video-preview":"max-video-preview:-1"},"canonical":"https:\/\/dermamedk.es\/en\/tienda\/nutricosmetica\/waterderm-slim\/","og_locale":"en_GB","og_type":"article","og_title":"WATERDERM SLIM - Dermamedk","og_description":"Drena evitando la desmineralizaci\u00f3n, sin generar problemas en la tensi\u00f3n arterial. Activa la actividad linf\u00e1tica y act\u00faa como detoxificador y depurativo. Mejora la funci\u00f3n renal, hep\u00e1tica y biliar. Contiene Fucus, Ortosifon, Cola de caballo, Alcachofa, PIlosella, Caf\u00e9 Verde, Polyporus umbellatus, Cactinea, Bromelaina, Abedul, Estigmas Maia, Fresno EH, Grana, Vitamina B1, B2, B5, B8, B12, C [&hellip;]","og_url":"https:\/\/dermamedk.es\/en\/tienda\/nutricosmetica\/waterderm-slim\/","og_site_name":"Dermamedk","article_publisher":"https:\/\/www.facebook.com\/dermamedk","article_modified_time":"2024-11-19T17:09:21+00:00","og_image":[{"width":350,"height":523,"url":"https:\/\/dermamedk.es\/wp-content\/uploads\/2024\/11\/waterderm-slim2.webp","type":"image\/webp"}],"twitter_card":"summary_large_image","twitter_misc":{"Estimated reading time":"1 minute"},"schema":{"@context":"https:\/\/schema.org","@graph":[{"@type":"WebPage","@id":"https:\/\/dermamedk.es\/tienda\/nutricosmetica\/waterderm-slim\/","url":"https:\/\/dermamedk.es\/tienda\/nutricosmetica\/waterderm-slim\/","name":"WATERDERM SLIM - Dermamedk","isPartOf":{"@id":"https:\/\/dermamedk.es\/#website"},"primaryImageOfPage":{"@id":"https:\/\/dermamedk.es\/tienda\/nutricosmetica\/waterderm-slim\/#primaryimage"},"image":{"@id":"https:\/\/dermamedk.es\/tienda\/nutricosmetica\/waterderm-slim\/#primaryimage"},"thumbnailUrl":"https:\/\/dermamedk.es\/wp-content\/uploads\/2024\/11\/waterderm-slim2.webp","datePublished":"2024-11-19T06:30:55+00:00","dateModified":"2024-11-19T17:09:21+00:00","breadcrumb":{"@id":"https:\/\/dermamedk.es\/tienda\/nutricosmetica\/waterderm-slim\/#breadcrumb"},"inLanguage":"en-GB","potentialAction":[{"@type":"ReadAction","target":["https:\/\/dermamedk.es\/tienda\/nutricosmetica\/waterderm-slim\/"]}]},{"@type":"ImageObject","inLanguage":"en-GB","@id":"https:\/\/dermamedk.es\/tienda\/nutricosmetica\/waterderm-slim\/#primaryimage","url":"https:\/\/dermamedk.es\/wp-content\/uploads\/2024\/11\/waterderm-slim2.webp","contentUrl":"https:\/\/dermamedk.es\/wp-content\/uploads\/2024\/11\/waterderm-slim2.webp","width":350,"height":523},{"@type":"BreadcrumbList","@id":"https:\/\/dermamedk.es\/tienda\/nutricosmetica\/waterderm-slim\/#breadcrumb","itemListElement":[{"@type":"ListItem","position":1,"name":"Home","item":"https:\/\/dermamedk.es\/"},{"@type":"ListItem","position":2,"name":"Tienda","item":"https:\/\/dermamedk.es\/tienda-dermamedk\/"},{"@type":"ListItem","position":3,"name":"WATERDERM SLIM"}]},{"@type":"WebSite","@id":"https:\/\/dermamedk.es\/#website","url":"https:\/\/dermamedk.es\/","name":"DermamedK | La elecci\u00f3n perfecta para tu cuidado de la piel","description":"Lo mejor para el cuidado de tu piel","publisher":{"@id":"https:\/\/dermamedk.es\/#organization"},"potentialAction":[{"@type":"SearchAction","target":{"@type":"EntryPoint","urlTemplate":"https:\/\/dermamedk.es\/?s={search_term_string}"},"query-input":{"@type":"PropertyValueSpecification","valueRequired":true,"valueName":"search_term_string"}}],"inLanguage":"en-GB"},{"@type":"Organization","@id":"https:\/\/dermamedk.es\/#organization","name":"DermamedK | La elecci\u00f3n perfecta para tu cuidado de la piel","url":"https:\/\/dermamedk.es\/","logo":{"@type":"ImageObject","inLanguage":"en-GB","@id":"https:\/\/dermamedk.es\/#\/schema\/logo\/image\/","url":"https:\/\/dermamedk.es\/wp-content\/uploads\/2023\/04\/logo-150.webp","contentUrl":"https:\/\/dermamedk.es\/wp-content\/uploads\/2023\/04\/logo-150.webp","width":180,"height":212,"caption":"DermamedK | La elecci\u00f3n perfecta para tu cuidado de la piel"},"image":{"@id":"https:\/\/dermamedk.es\/#\/schema\/logo\/image\/"},"sameAs":["https:\/\/www.facebook.com\/dermamedk","https:\/\/www.instagram.com\/dermamedk\/"]}]}},"_links":{"self":[{"href":"https:\/\/dermamedk.es\/en\/wp-json\/wp\/v2\/product\/1850","targetHints":{"allow":["GET"]}}],"collection":[{"href":"https:\/\/dermamedk.es\/en\/wp-json\/wp\/v2\/product"}],"about":[{"href":"https:\/\/dermamedk.es\/en\/wp-json\/wp\/v2\/types\/product"}],"replies":[{"embeddable":true,"href":"https:\/\/dermamedk.es\/en\/wp-json\/wp\/v2\/comments?post=1850"}],"version-history":[{"count":1,"href":"https:\/\/dermamedk.es\/en\/wp-json\/wp\/v2\/product\/1850\/revisions"}],"predecessor-version":[{"id":1851,"href":"https:\/\/dermamedk.es\/en\/wp-json\/wp\/v2\/product\/1850\/revisions\/1851"}],"wp:featuredmedia":[{"embeddable":true,"href":"https:\/\/dermamedk.es\/en\/wp-json\/wp\/v2\/media\/1881"}],"wp:attachment":[{"href":"https:\/\/dermamedk.es\/en\/wp-json\/wp\/v2\/media?parent=1850"}],"wp:term":[{"taxonomy":"product_brand","embeddable":true,"href":"https:\/\/dermamedk.es\/en\/wp-json\/wp\/v2\/product_brand?post=1850"},{"taxonomy":"product_cat","embeddable":true,"href":"https:\/\/dermamedk.es\/en\/wp-json\/wp\/v2\/product_cat?post=1850"},{"taxonomy":"product_tag","embeddable":true,"href":"https:\/\/dermamedk.es\/en\/wp-json\/wp\/v2\/product_tag?post=1850"}],"curies":[{"name":"wp","href":"https:\/\/api.w.org\/{rel}","templated":true}]}}