 {"id":1744,"date":"2024-11-11T00:10:01","date_gmt":"2024-11-10T23:10:01","guid":{"rendered":"https:\/\/dermamedk.es\/?post_type=product&#038;p=1744"},"modified":"2024-11-11T12:04:35","modified_gmt":"2024-11-11T11:04:35","slug":"serum-de-oro-24-k-y-caviar","status":"publish","type":"product","link":"https:\/\/dermamedk.es\/en\/tienda\/tienda\/serum-de-oro-24-k-y-caviar\/","title":{"rendered":"24 K GOLD AND CAVIAR SERUM"},"content":{"rendered":"<p>Based on caviar and 24 carat gold, this silky, concentrated serum is your beauty miracle. The gold in the serum stimulates cell growth in the epidermis, regenerating skin cells. In addition, it increases the level of collagen in the skin and prevents the breakdown of elastin. Vitamin E helps the skin retain its moisture and firm appearance. Ginseng root extract revitalises the skin while chamomile extract offers soothing effects. The serum is also enriched with elastin, vitamin A and C, and natural oils.<\/p>","protected":false},"excerpt":{"rendered":"<p>Basado en caviar y oro de 24 quilates, este suero sedo y concentrado es tu milagro de belleza. El oro en el suero estimula el crecimiento celular de la epidermis, regenerando las c\u00e9lulas de la piel. Adem\u00e1s, aumenta el nivel de col\u00e1geno en la piel y evita la descomposici\u00f3n de la elastina. La vitamina E [&hellip;]<\/p>","protected":false},"featured_media":1746,"comment_status":"open","ping_status":"closed","template":"","meta":[],"product_brand":[],"product_cat":[18,54],"product_tag":[],"class_list":{"0":"post-1744","1":"product","2":"type-product","3":"status-publish","4":"has-post-thumbnail","6":"product_cat-tienda","7":"product_cat-linea-oro-24-k","9":"first","10":"instock","11":"taxable","12":"shipping-taxable","13":"purchasable","14":"product-type-simple"},"yoast_head":"<!-- This site is optimized with the Yoast SEO plugin v23.8 - https:\/\/yoast.com\/wordpress\/plugins\/seo\/ -->\n<title>SERUM DE ORO 24 K Y CAVIAR - Dermamedk<\/title>\n<meta name=\"robots\" content=\"index, follow, max-snippet:-1, max-image-preview:large, max-video-preview:-1\" \/>\n<link rel=\"canonical\" href=\"https:\/\/dermamedk.es\/en\/tienda\/tienda\/serum-de-oro-24-k-y-caviar\/\" \/>\n<meta property=\"og:locale\" content=\"en_GB\" \/>\n<meta property=\"og:type\" content=\"article\" \/>\n<meta property=\"og:title\" content=\"SERUM DE ORO 24 K Y CAVIAR - Dermamedk\" \/>\n<meta property=\"og:description\" content=\"Basado en caviar y oro de 24 quilates, este suero sedo y concentrado es tu milagro de belleza. El oro en el suero estimula el crecimiento celular de la epidermis, regenerando las c\u00e9lulas de la piel. Adem\u00e1s, aumenta el nivel de col\u00e1geno en la piel y evita la descomposici\u00f3n de la elastina. La vitamina E [&hellip;]\" \/>\n<meta property=\"og:url\" content=\"https:\/\/dermamedk.es\/en\/tienda\/tienda\/serum-de-oro-24-k-y-caviar\/\" \/>\n<meta property=\"og:site_name\" content=\"Dermamedk\" \/>\n<meta property=\"article:publisher\" content=\"https:\/\/www.facebook.com\/dermamedk\" \/>\n<meta property=\"article:modified_time\" content=\"2024-11-11T11:04:35+00:00\" \/>\n<meta property=\"og:image\" content=\"https:\/\/dermamedk.es\/wp-content\/uploads\/2024\/11\/SERUM-DE-ORO-24-K-Y-CAVIAR.webp\" \/>\n\t<meta property=\"og:image:width\" content=\"350\" \/>\n\t<meta property=\"og:image:height\" content=\"523\" \/>\n\t<meta property=\"og:image:type\" content=\"image\/webp\" \/>\n<meta name=\"twitter:card\" content=\"summary_large_image\" \/>\n<meta name=\"twitter:label1\" content=\"Estimated reading time\" \/>\n\t<meta name=\"twitter:data1\" content=\"1 minute\" \/>\n<script type=\"application\/ld+json\" class=\"yoast-schema-graph\">{\"@context\":\"https:\/\/schema.org\",\"@graph\":[{\"@type\":\"WebPage\",\"@id\":\"https:\/\/dermamedk.es\/tienda\/tienda\/serum-de-oro-24-k-y-caviar\/\",\"url\":\"https:\/\/dermamedk.es\/tienda\/tienda\/serum-de-oro-24-k-y-caviar\/\",\"name\":\"SERUM DE ORO 24 K Y CAVIAR - Dermamedk\",\"isPartOf\":{\"@id\":\"https:\/\/dermamedk.es\/#website\"},\"primaryImageOfPage\":{\"@id\":\"https:\/\/dermamedk.es\/tienda\/tienda\/serum-de-oro-24-k-y-caviar\/#primaryimage\"},\"image\":{\"@id\":\"https:\/\/dermamedk.es\/tienda\/tienda\/serum-de-oro-24-k-y-caviar\/#primaryimage\"},\"thumbnailUrl\":\"https:\/\/dermamedk.es\/wp-content\/uploads\/2024\/11\/SERUM-DE-ORO-24-K-Y-CAVIAR.webp\",\"datePublished\":\"2024-11-10T23:10:01+00:00\",\"dateModified\":\"2024-11-11T11:04:35+00:00\",\"breadcrumb\":{\"@id\":\"https:\/\/dermamedk.es\/tienda\/tienda\/serum-de-oro-24-k-y-caviar\/#breadcrumb\"},\"inLanguage\":\"en-GB\",\"potentialAction\":[{\"@type\":\"ReadAction\",\"target\":[\"https:\/\/dermamedk.es\/tienda\/tienda\/serum-de-oro-24-k-y-caviar\/\"]}]},{\"@type\":\"ImageObject\",\"inLanguage\":\"en-GB\",\"@id\":\"https:\/\/dermamedk.es\/tienda\/tienda\/serum-de-oro-24-k-y-caviar\/#primaryimage\",\"url\":\"https:\/\/dermamedk.es\/wp-content\/uploads\/2024\/11\/SERUM-DE-ORO-24-K-Y-CAVIAR.webp\",\"contentUrl\":\"https:\/\/dermamedk.es\/wp-content\/uploads\/2024\/11\/SERUM-DE-ORO-24-K-Y-CAVIAR.webp\",\"width\":350,\"height\":523},{\"@type\":\"BreadcrumbList\",\"@id\":\"https:\/\/dermamedk.es\/tienda\/tienda\/serum-de-oro-24-k-y-caviar\/#breadcrumb\",\"itemListElement\":[{\"@type\":\"ListItem\",\"position\":1,\"name\":\"Home\",\"item\":\"https:\/\/dermamedk.es\/\"},{\"@type\":\"ListItem\",\"position\":2,\"name\":\"Tienda\",\"item\":\"https:\/\/dermamedk.es\/tienda-dermamedk\/\"},{\"@type\":\"ListItem\",\"position\":3,\"name\":\"SERUM DE ORO 24 K Y CAVIAR\"}]},{\"@type\":\"WebSite\",\"@id\":\"https:\/\/dermamedk.es\/#website\",\"url\":\"https:\/\/dermamedk.es\/\",\"name\":\"DermamedK | La elecci\u00f3n perfecta para tu cuidado de la piel\",\"description\":\"Lo mejor para el cuidado de tu piel\",\"publisher\":{\"@id\":\"https:\/\/dermamedk.es\/#organization\"},\"potentialAction\":[{\"@type\":\"SearchAction\",\"target\":{\"@type\":\"EntryPoint\",\"urlTemplate\":\"https:\/\/dermamedk.es\/?s={search_term_string}\"},\"query-input\":{\"@type\":\"PropertyValueSpecification\",\"valueRequired\":true,\"valueName\":\"search_term_string\"}}],\"inLanguage\":\"en-GB\"},{\"@type\":\"Organization\",\"@id\":\"https:\/\/dermamedk.es\/#organization\",\"name\":\"DermamedK | La elecci\u00f3n perfecta para tu cuidado de la piel\",\"url\":\"https:\/\/dermamedk.es\/\",\"logo\":{\"@type\":\"ImageObject\",\"inLanguage\":\"en-GB\",\"@id\":\"https:\/\/dermamedk.es\/#\/schema\/logo\/image\/\",\"url\":\"https:\/\/dermamedk.es\/wp-content\/uploads\/2023\/04\/logo-150.webp\",\"contentUrl\":\"https:\/\/dermamedk.es\/wp-content\/uploads\/2023\/04\/logo-150.webp\",\"width\":180,\"height\":212,\"caption\":\"DermamedK | La elecci\u00f3n perfecta para tu cuidado de la piel\"},\"image\":{\"@id\":\"https:\/\/dermamedk.es\/#\/schema\/logo\/image\/\"},\"sameAs\":[\"https:\/\/www.facebook.com\/dermamedk\",\"https:\/\/www.instagram.com\/dermamedk\/\"]}]}<\/script>\n<!-- \/ Yoast SEO plugin. -->","yoast_head_json":{"title":"SERUM DE ORO 24 K Y CAVIAR - Dermamedk","robots":{"index":"index","follow":"follow","max-snippet":"max-snippet:-1","max-image-preview":"max-image-preview:large","max-video-preview":"max-video-preview:-1"},"canonical":"https:\/\/dermamedk.es\/en\/tienda\/tienda\/serum-de-oro-24-k-y-caviar\/","og_locale":"en_GB","og_type":"article","og_title":"SERUM DE ORO 24 K Y CAVIAR - Dermamedk","og_description":"Basado en caviar y oro de 24 quilates, este suero sedo y concentrado es tu milagro de belleza. El oro en el suero estimula el crecimiento celular de la epidermis, regenerando las c\u00e9lulas de la piel. Adem\u00e1s, aumenta el nivel de col\u00e1geno en la piel y evita la descomposici\u00f3n de la elastina. La vitamina E [&hellip;]","og_url":"https:\/\/dermamedk.es\/en\/tienda\/tienda\/serum-de-oro-24-k-y-caviar\/","og_site_name":"Dermamedk","article_publisher":"https:\/\/www.facebook.com\/dermamedk","article_modified_time":"2024-11-11T11:04:35+00:00","og_image":[{"width":350,"height":523,"url":"https:\/\/dermamedk.es\/wp-content\/uploads\/2024\/11\/SERUM-DE-ORO-24-K-Y-CAVIAR.webp","type":"image\/webp"}],"twitter_card":"summary_large_image","twitter_misc":{"Estimated reading time":"1 minute"},"schema":{"@context":"https:\/\/schema.org","@graph":[{"@type":"WebPage","@id":"https:\/\/dermamedk.es\/tienda\/tienda\/serum-de-oro-24-k-y-caviar\/","url":"https:\/\/dermamedk.es\/tienda\/tienda\/serum-de-oro-24-k-y-caviar\/","name":"SERUM DE ORO 24 K Y CAVIAR - Dermamedk","isPartOf":{"@id":"https:\/\/dermamedk.es\/#website"},"primaryImageOfPage":{"@id":"https:\/\/dermamedk.es\/tienda\/tienda\/serum-de-oro-24-k-y-caviar\/#primaryimage"},"image":{"@id":"https:\/\/dermamedk.es\/tienda\/tienda\/serum-de-oro-24-k-y-caviar\/#primaryimage"},"thumbnailUrl":"https:\/\/dermamedk.es\/wp-content\/uploads\/2024\/11\/SERUM-DE-ORO-24-K-Y-CAVIAR.webp","datePublished":"2024-11-10T23:10:01+00:00","dateModified":"2024-11-11T11:04:35+00:00","breadcrumb":{"@id":"https:\/\/dermamedk.es\/tienda\/tienda\/serum-de-oro-24-k-y-caviar\/#breadcrumb"},"inLanguage":"en-GB","potentialAction":[{"@type":"ReadAction","target":["https:\/\/dermamedk.es\/tienda\/tienda\/serum-de-oro-24-k-y-caviar\/"]}]},{"@type":"ImageObject","inLanguage":"en-GB","@id":"https:\/\/dermamedk.es\/tienda\/tienda\/serum-de-oro-24-k-y-caviar\/#primaryimage","url":"https:\/\/dermamedk.es\/wp-content\/uploads\/2024\/11\/SERUM-DE-ORO-24-K-Y-CAVIAR.webp","contentUrl":"https:\/\/dermamedk.es\/wp-content\/uploads\/2024\/11\/SERUM-DE-ORO-24-K-Y-CAVIAR.webp","width":350,"height":523},{"@type":"BreadcrumbList","@id":"https:\/\/dermamedk.es\/tienda\/tienda\/serum-de-oro-24-k-y-caviar\/#breadcrumb","itemListElement":[{"@type":"ListItem","position":1,"name":"Home","item":"https:\/\/dermamedk.es\/"},{"@type":"ListItem","position":2,"name":"Tienda","item":"https:\/\/dermamedk.es\/tienda-dermamedk\/"},{"@type":"ListItem","position":3,"name":"SERUM DE ORO 24 K Y CAVIAR"}]},{"@type":"WebSite","@id":"https:\/\/dermamedk.es\/#website","url":"https:\/\/dermamedk.es\/","name":"DermamedK | La elecci\u00f3n perfecta para tu cuidado de la piel","description":"Lo mejor para el cuidado de tu piel","publisher":{"@id":"https:\/\/dermamedk.es\/#organization"},"potentialAction":[{"@type":"SearchAction","target":{"@type":"EntryPoint","urlTemplate":"https:\/\/dermamedk.es\/?s={search_term_string}"},"query-input":{"@type":"PropertyValueSpecification","valueRequired":true,"valueName":"search_term_string"}}],"inLanguage":"en-GB"},{"@type":"Organization","@id":"https:\/\/dermamedk.es\/#organization","name":"DermamedK | La elecci\u00f3n perfecta para tu cuidado de la piel","url":"https:\/\/dermamedk.es\/","logo":{"@type":"ImageObject","inLanguage":"en-GB","@id":"https:\/\/dermamedk.es\/#\/schema\/logo\/image\/","url":"https:\/\/dermamedk.es\/wp-content\/uploads\/2023\/04\/logo-150.webp","contentUrl":"https:\/\/dermamedk.es\/wp-content\/uploads\/2023\/04\/logo-150.webp","width":180,"height":212,"caption":"DermamedK | La elecci\u00f3n perfecta para tu cuidado de la piel"},"image":{"@id":"https:\/\/dermamedk.es\/#\/schema\/logo\/image\/"},"sameAs":["https:\/\/www.facebook.com\/dermamedk","https:\/\/www.instagram.com\/dermamedk\/"]}]}},"_links":{"self":[{"href":"https:\/\/dermamedk.es\/en\/wp-json\/wp\/v2\/product\/1744","targetHints":{"allow":["GET"]}}],"collection":[{"href":"https:\/\/dermamedk.es\/en\/wp-json\/wp\/v2\/product"}],"about":[{"href":"https:\/\/dermamedk.es\/en\/wp-json\/wp\/v2\/types\/product"}],"replies":[{"embeddable":true,"href":"https:\/\/dermamedk.es\/en\/wp-json\/wp\/v2\/comments?post=1744"}],"version-history":[{"count":1,"href":"https:\/\/dermamedk.es\/en\/wp-json\/wp\/v2\/product\/1744\/revisions"}],"predecessor-version":[{"id":1745,"href":"https:\/\/dermamedk.es\/en\/wp-json\/wp\/v2\/product\/1744\/revisions\/1745"}],"wp:featuredmedia":[{"embeddable":true,"href":"https:\/\/dermamedk.es\/en\/wp-json\/wp\/v2\/media\/1746"}],"wp:attachment":[{"href":"https:\/\/dermamedk.es\/en\/wp-json\/wp\/v2\/media?parent=1744"}],"wp:term":[{"taxonomy":"product_brand","embeddable":true,"href":"https:\/\/dermamedk.es\/en\/wp-json\/wp\/v2\/product_brand?post=1744"},{"taxonomy":"product_cat","embeddable":true,"href":"https:\/\/dermamedk.es\/en\/wp-json\/wp\/v2\/product_cat?post=1744"},{"taxonomy":"product_tag","embeddable":true,"href":"https:\/\/dermamedk.es\/en\/wp-json\/wp\/v2\/product_tag?post=1744"}],"curies":[{"name":"wp","href":"https:\/\/api.w.org\/{rel}","templated":true}]}}