 {"id":1545,"date":"2023-05-23T02:12:00","date_gmt":"2023-05-23T00:12:00","guid":{"rendered":"https:\/\/dermamedk.es\/?post_type=product&#038;p=1545"},"modified":"2024-03-01T14:21:40","modified_gmt":"2024-03-01T13:21:40","slug":"botxlike","status":"publish","type":"product","link":"https:\/\/dermamedk.es\/en\/tienda\/principios-activos\/botxlike\/","title":{"rendered":"BOTXLIKE"},"content":{"rendered":"<p><strong>5 unit x 5ml<\/strong><\/p>\n<p><span style=\"font-weight: 400;\">Argelin is an anti-wrinkle hexapeptide, which has an anti-wrinkle effect. <\/span><span style=\"font-weight: 400;\">mechanism similar to botulinum toxin.<\/span><\/p>\n<p><span style=\"font-weight: 400;\">This peptide affects the nerve-muscle communication so that the muscles cannot contract properly. According to plastic surgery specialists, this ingredient is the closest thing to botox.<\/span><\/p>\n<p><span style=\"font-weight: 400;\">Contains the vitamins needed to counteract skin ageing<\/span><\/p>\n<p><b>HOW IT WORKS.<\/b><\/p>\n<p><span style=\"font-weight: 400;\">It has paralysing effects, reducing the depth of wrinkles on the face caused by muscle contraction, especially by gestures on the forehead and around the eyes, and stimulates collagen production.<\/span><\/p>\n<p><span style=\"font-weight: 400;\">Reduces redness and sensitivity, reduces acne, regulates the sebaceous gland, prevents irritation and eczema, soothes, calms and normalises the skin and eliminates topical allergies.<\/span><\/p>\n<p><b>ACTIVE INGREDIENTS<\/b><\/p>\n<p><span style=\"font-weight: 400;\">Argeline, Niacinamide, Vitamin C, Vitamin A, Vitamin E, Vitamin B3<\/span><\/p>\n<p><b>BENEFITS<\/b><\/p>\n<p><span style=\"font-weight: 400;\">It treats imperfections and improves skin tone and texture, helping us with different skin problems thanks to its multiple qualities. It has an incredible antioxidant capacity because it increases the levels of NADPH (Nicotinamide-Adenine-Dinucleotide-Phosphate), a coenzyme involved in anabolic construction processes in which large molecules are obtained from smaller ones.<\/span><\/p>\n<p><b>AREA TO BE TREATED<\/b><\/p>\n<p><span style=\"font-weight: 400;\">Any area of the face or body<\/span><\/p>","protected":false},"excerpt":{"rendered":"<p>5 unit x 5ml El\u00a0 Argelina\u00a0 es \u00a0 un\u00a0 hexap\u00e9ptido\u00a0 antiarrugas,\u00a0 que \u00a0 tiene\u00a0 un mecanismo similar a la toxina botul\u00ednica. Este p\u00e9ptido afecta a la comunicaci\u00f3n Nervio-Musculo para que los m\u00fasculos no puedan contraerse de forma adecuada. Seg\u00fan especialistas en cirug\u00eda pl\u00e1stica, este ingrediente es lo mas parecido al botox. Contiene las vitaminas necesarias [&hellip;]<\/p>","protected":false},"featured_media":1499,"comment_status":"open","ping_status":"closed","template":"","meta":[],"product_brand":[],"product_cat":[42],"product_tag":[],"class_list":{"0":"post-1545","1":"product","2":"type-product","3":"status-publish","4":"has-post-thumbnail","6":"product_cat-principios-activos","8":"first","9":"instock","10":"taxable","11":"shipping-taxable","12":"purchasable","13":"product-type-simple"},"yoast_head":"<!-- This site is optimized with the Yoast SEO plugin v23.8 - https:\/\/yoast.com\/wordpress\/plugins\/seo\/ -->\n<title>BOTXLIKE - Dermamedk<\/title>\n<meta name=\"description\" content=\"Tiene efectos paralizantes, Reduciendo la profundidad de las arrugas en la cara causadas por la contracci\u00f3n de los m\u00fasculos, especialmente por los gestos...\" \/>\n<meta name=\"robots\" content=\"index, follow, max-snippet:-1, max-image-preview:large, max-video-preview:-1\" \/>\n<link rel=\"canonical\" href=\"https:\/\/dermamedk.es\/en\/tienda\/principios-activos\/botxlike\/\" \/>\n<meta property=\"og:locale\" content=\"en_GB\" \/>\n<meta property=\"og:type\" content=\"article\" \/>\n<meta property=\"og:title\" content=\"BOTXLIKE - Dermamedk\" \/>\n<meta property=\"og:description\" content=\"Tiene efectos paralizantes, Reduciendo la profundidad de las arrugas en la cara causadas por la contracci\u00f3n de los m\u00fasculos, especialmente por los gestos...\" \/>\n<meta property=\"og:url\" content=\"https:\/\/dermamedk.es\/en\/tienda\/principios-activos\/botxlike\/\" \/>\n<meta property=\"og:site_name\" content=\"Dermamedk\" \/>\n<meta property=\"article:publisher\" content=\"https:\/\/www.facebook.com\/dermamedk\" \/>\n<meta property=\"article:modified_time\" content=\"2024-03-01T13:21:40+00:00\" \/>\n<meta property=\"og:image\" content=\"https:\/\/dermamedk.es\/wp-content\/uploads\/2023\/05\/BOTXLIKE.webp\" \/>\n\t<meta property=\"og:image:width\" content=\"271\" \/>\n\t<meta property=\"og:image:height\" content=\"492\" \/>\n\t<meta property=\"og:image:type\" content=\"image\/webp\" \/>\n<meta name=\"twitter:card\" content=\"summary_large_image\" \/>\n<meta name=\"twitter:label1\" content=\"Estimated reading time\" \/>\n\t<meta name=\"twitter:data1\" content=\"1 minute\" \/>\n<script type=\"application\/ld+json\" class=\"yoast-schema-graph\">{\"@context\":\"https:\/\/schema.org\",\"@graph\":[{\"@type\":\"WebPage\",\"@id\":\"https:\/\/dermamedk.es\/tienda\/principios-activos\/botxlike\/\",\"url\":\"https:\/\/dermamedk.es\/tienda\/principios-activos\/botxlike\/\",\"name\":\"BOTXLIKE - Dermamedk\",\"isPartOf\":{\"@id\":\"https:\/\/dermamedk.es\/#website\"},\"primaryImageOfPage\":{\"@id\":\"https:\/\/dermamedk.es\/tienda\/principios-activos\/botxlike\/#primaryimage\"},\"image\":{\"@id\":\"https:\/\/dermamedk.es\/tienda\/principios-activos\/botxlike\/#primaryimage\"},\"thumbnailUrl\":\"https:\/\/dermamedk.es\/wp-content\/uploads\/2023\/05\/BOTXLIKE.webp\",\"datePublished\":\"2023-05-23T00:12:00+00:00\",\"dateModified\":\"2024-03-01T13:21:40+00:00\",\"description\":\"Tiene efectos paralizantes, Reduciendo la profundidad de las arrugas en la cara causadas por la contracci\u00f3n de los m\u00fasculos, especialmente por los gestos...\",\"breadcrumb\":{\"@id\":\"https:\/\/dermamedk.es\/tienda\/principios-activos\/botxlike\/#breadcrumb\"},\"inLanguage\":\"en-GB\",\"potentialAction\":[{\"@type\":\"ReadAction\",\"target\":[\"https:\/\/dermamedk.es\/tienda\/principios-activos\/botxlike\/\"]}]},{\"@type\":\"ImageObject\",\"inLanguage\":\"en-GB\",\"@id\":\"https:\/\/dermamedk.es\/tienda\/principios-activos\/botxlike\/#primaryimage\",\"url\":\"https:\/\/dermamedk.es\/wp-content\/uploads\/2023\/05\/BOTXLIKE.webp\",\"contentUrl\":\"https:\/\/dermamedk.es\/wp-content\/uploads\/2023\/05\/BOTXLIKE.webp\",\"width\":271,\"height\":492},{\"@type\":\"BreadcrumbList\",\"@id\":\"https:\/\/dermamedk.es\/tienda\/principios-activos\/botxlike\/#breadcrumb\",\"itemListElement\":[{\"@type\":\"ListItem\",\"position\":1,\"name\":\"Home\",\"item\":\"https:\/\/dermamedk.es\/\"},{\"@type\":\"ListItem\",\"position\":2,\"name\":\"Tienda\",\"item\":\"https:\/\/dermamedk.es\/tienda-dermamedk\/\"},{\"@type\":\"ListItem\",\"position\":3,\"name\":\"BOTXLIKE\"}]},{\"@type\":\"WebSite\",\"@id\":\"https:\/\/dermamedk.es\/#website\",\"url\":\"https:\/\/dermamedk.es\/\",\"name\":\"DermamedK | La elecci\u00f3n perfecta para tu cuidado de la piel\",\"description\":\"Lo mejor para el cuidado de tu piel\",\"publisher\":{\"@id\":\"https:\/\/dermamedk.es\/#organization\"},\"potentialAction\":[{\"@type\":\"SearchAction\",\"target\":{\"@type\":\"EntryPoint\",\"urlTemplate\":\"https:\/\/dermamedk.es\/?s={search_term_string}\"},\"query-input\":{\"@type\":\"PropertyValueSpecification\",\"valueRequired\":true,\"valueName\":\"search_term_string\"}}],\"inLanguage\":\"en-GB\"},{\"@type\":\"Organization\",\"@id\":\"https:\/\/dermamedk.es\/#organization\",\"name\":\"DermamedK | La elecci\u00f3n perfecta para tu cuidado de la piel\",\"url\":\"https:\/\/dermamedk.es\/\",\"logo\":{\"@type\":\"ImageObject\",\"inLanguage\":\"en-GB\",\"@id\":\"https:\/\/dermamedk.es\/#\/schema\/logo\/image\/\",\"url\":\"https:\/\/dermamedk.es\/wp-content\/uploads\/2023\/04\/logo-150.webp\",\"contentUrl\":\"https:\/\/dermamedk.es\/wp-content\/uploads\/2023\/04\/logo-150.webp\",\"width\":180,\"height\":212,\"caption\":\"DermamedK | La elecci\u00f3n perfecta para tu cuidado de la piel\"},\"image\":{\"@id\":\"https:\/\/dermamedk.es\/#\/schema\/logo\/image\/\"},\"sameAs\":[\"https:\/\/www.facebook.com\/dermamedk\",\"https:\/\/www.instagram.com\/dermamedk\/\"]}]}<\/script>\n<!-- \/ Yoast SEO plugin. -->","yoast_head_json":{"title":"BOTXLIKE - Dermamedk","description":"Tiene efectos paralizantes, Reduciendo la profundidad de las arrugas en la cara causadas por la contracci\u00f3n de los m\u00fasculos, especialmente por los gestos...","robots":{"index":"index","follow":"follow","max-snippet":"max-snippet:-1","max-image-preview":"max-image-preview:large","max-video-preview":"max-video-preview:-1"},"canonical":"https:\/\/dermamedk.es\/en\/tienda\/principios-activos\/botxlike\/","og_locale":"en_GB","og_type":"article","og_title":"BOTXLIKE - Dermamedk","og_description":"Tiene efectos paralizantes, Reduciendo la profundidad de las arrugas en la cara causadas por la contracci\u00f3n de los m\u00fasculos, especialmente por los gestos...","og_url":"https:\/\/dermamedk.es\/en\/tienda\/principios-activos\/botxlike\/","og_site_name":"Dermamedk","article_publisher":"https:\/\/www.facebook.com\/dermamedk","article_modified_time":"2024-03-01T13:21:40+00:00","og_image":[{"width":271,"height":492,"url":"https:\/\/dermamedk.es\/wp-content\/uploads\/2023\/05\/BOTXLIKE.webp","type":"image\/webp"}],"twitter_card":"summary_large_image","twitter_misc":{"Estimated reading time":"1 minute"},"schema":{"@context":"https:\/\/schema.org","@graph":[{"@type":"WebPage","@id":"https:\/\/dermamedk.es\/tienda\/principios-activos\/botxlike\/","url":"https:\/\/dermamedk.es\/tienda\/principios-activos\/botxlike\/","name":"BOTXLIKE - Dermamedk","isPartOf":{"@id":"https:\/\/dermamedk.es\/#website"},"primaryImageOfPage":{"@id":"https:\/\/dermamedk.es\/tienda\/principios-activos\/botxlike\/#primaryimage"},"image":{"@id":"https:\/\/dermamedk.es\/tienda\/principios-activos\/botxlike\/#primaryimage"},"thumbnailUrl":"https:\/\/dermamedk.es\/wp-content\/uploads\/2023\/05\/BOTXLIKE.webp","datePublished":"2023-05-23T00:12:00+00:00","dateModified":"2024-03-01T13:21:40+00:00","description":"Tiene efectos paralizantes, Reduciendo la profundidad de las arrugas en la cara causadas por la contracci\u00f3n de los m\u00fasculos, especialmente por los gestos...","breadcrumb":{"@id":"https:\/\/dermamedk.es\/tienda\/principios-activos\/botxlike\/#breadcrumb"},"inLanguage":"en-GB","potentialAction":[{"@type":"ReadAction","target":["https:\/\/dermamedk.es\/tienda\/principios-activos\/botxlike\/"]}]},{"@type":"ImageObject","inLanguage":"en-GB","@id":"https:\/\/dermamedk.es\/tienda\/principios-activos\/botxlike\/#primaryimage","url":"https:\/\/dermamedk.es\/wp-content\/uploads\/2023\/05\/BOTXLIKE.webp","contentUrl":"https:\/\/dermamedk.es\/wp-content\/uploads\/2023\/05\/BOTXLIKE.webp","width":271,"height":492},{"@type":"BreadcrumbList","@id":"https:\/\/dermamedk.es\/tienda\/principios-activos\/botxlike\/#breadcrumb","itemListElement":[{"@type":"ListItem","position":1,"name":"Home","item":"https:\/\/dermamedk.es\/"},{"@type":"ListItem","position":2,"name":"Tienda","item":"https:\/\/dermamedk.es\/tienda-dermamedk\/"},{"@type":"ListItem","position":3,"name":"BOTXLIKE"}]},{"@type":"WebSite","@id":"https:\/\/dermamedk.es\/#website","url":"https:\/\/dermamedk.es\/","name":"DermamedK | La elecci\u00f3n perfecta para tu cuidado de la piel","description":"Lo mejor para el cuidado de tu piel","publisher":{"@id":"https:\/\/dermamedk.es\/#organization"},"potentialAction":[{"@type":"SearchAction","target":{"@type":"EntryPoint","urlTemplate":"https:\/\/dermamedk.es\/?s={search_term_string}"},"query-input":{"@type":"PropertyValueSpecification","valueRequired":true,"valueName":"search_term_string"}}],"inLanguage":"en-GB"},{"@type":"Organization","@id":"https:\/\/dermamedk.es\/#organization","name":"DermamedK | La elecci\u00f3n perfecta para tu cuidado de la piel","url":"https:\/\/dermamedk.es\/","logo":{"@type":"ImageObject","inLanguage":"en-GB","@id":"https:\/\/dermamedk.es\/#\/schema\/logo\/image\/","url":"https:\/\/dermamedk.es\/wp-content\/uploads\/2023\/04\/logo-150.webp","contentUrl":"https:\/\/dermamedk.es\/wp-content\/uploads\/2023\/04\/logo-150.webp","width":180,"height":212,"caption":"DermamedK | La elecci\u00f3n perfecta para tu cuidado de la piel"},"image":{"@id":"https:\/\/dermamedk.es\/#\/schema\/logo\/image\/"},"sameAs":["https:\/\/www.facebook.com\/dermamedk","https:\/\/www.instagram.com\/dermamedk\/"]}]}},"_links":{"self":[{"href":"https:\/\/dermamedk.es\/en\/wp-json\/wp\/v2\/product\/1545","targetHints":{"allow":["GET"]}}],"collection":[{"href":"https:\/\/dermamedk.es\/en\/wp-json\/wp\/v2\/product"}],"about":[{"href":"https:\/\/dermamedk.es\/en\/wp-json\/wp\/v2\/types\/product"}],"replies":[{"embeddable":true,"href":"https:\/\/dermamedk.es\/en\/wp-json\/wp\/v2\/comments?post=1545"}],"version-history":[{"count":1,"href":"https:\/\/dermamedk.es\/en\/wp-json\/wp\/v2\/product\/1545\/revisions"}],"predecessor-version":[{"id":1546,"href":"https:\/\/dermamedk.es\/en\/wp-json\/wp\/v2\/product\/1545\/revisions\/1546"}],"wp:featuredmedia":[{"embeddable":true,"href":"https:\/\/dermamedk.es\/en\/wp-json\/wp\/v2\/media\/1499"}],"wp:attachment":[{"href":"https:\/\/dermamedk.es\/en\/wp-json\/wp\/v2\/media?parent=1545"}],"wp:term":[{"taxonomy":"product_brand","embeddable":true,"href":"https:\/\/dermamedk.es\/en\/wp-json\/wp\/v2\/product_brand?post=1545"},{"taxonomy":"product_cat","embeddable":true,"href":"https:\/\/dermamedk.es\/en\/wp-json\/wp\/v2\/product_cat?post=1545"},{"taxonomy":"product_tag","embeddable":true,"href":"https:\/\/dermamedk.es\/en\/wp-json\/wp\/v2\/product_tag?post=1545"}],"curies":[{"name":"wp","href":"https:\/\/api.w.org\/{rel}","templated":true}]}}