 {"id":1537,"date":"2023-05-23T01:48:03","date_gmt":"2023-05-22T23:48:03","guid":{"rendered":"https:\/\/dermamedk.es\/?post_type=product&#038;p=1537"},"modified":"2023-05-23T04:07:27","modified_gmt":"2023-05-23T02:07:27","slug":"vit-c-acid-20","status":"publish","type":"product","link":"https:\/\/dermamedk.es\/en\/tienda\/principios-activos\/vit-c-acid-20\/","title":{"rendered":"VIT C ACID 20"},"content":{"rendered":"<p>10 unit x 2ml<\/p>\n<p><span style=\"font-weight: 400;\">Vitamin C, known as ascorbic acid, is a water-soluble nutrient found in certain foods. In the body, it acts as an antioxidant, helping to protect cells against free radical damage.<\/span><\/p>\n<p><b>HOW IT WORKS.<\/b><\/p>\n<p><span style=\"font-weight: 400;\">A powerful antioxidant, vitamin C neutralises free radicals that cause oxidative stress in the skin and lead to premature skin ageing.  It is also essential for the production of collagen in skin cells, which helps maintain skin structure and delay the signs of ageing.<\/span><\/p>\n<p><b>ACTIVE INGREDIENTS<\/b><\/p>\n<p><span style=\"font-weight: 400;\">Vitamin C 20%<\/span><\/p>\n<p><span style=\"font-weight: 400;\">Vitamin C stimulates the repair of connective tissue and collagen production, providing luminosity to our skin. Cosmetic active ingredients; Vitamin C<\/span><\/p>\n<p><b>BENEFITS<\/b><\/p>\n<p><span style=\"font-weight: 400;\">Ideal for brightening the skin, as it blocks melanin synthesis. Helps protect the skin, thanks to its antioxidant effect. Ideal for minimising wrinkles or signs of ageing. Another of the bene\ufb01ts of<\/span><\/p>\n<p><span style=\"font-weight: 400;\">vitamin C for the face is that it is a perfect ally for skin wrinkles. The reason is that it helps to stimulate the production of two components that are essential for the skin: collagen and acid.<\/span><\/p>\n<p><span style=\"font-weight: 400;\">Ideal for preventing shine and controlling excess oil in the skin, vitamin C can be used for all skin types and all ages.<\/span><\/p>\n<p><b>AREA TO BE TREATED<\/b><\/p>\n<p><span style=\"font-weight: 400;\">Face and body<\/span><\/p>","protected":false},"excerpt":{"rendered":"<p>10 unit x 2ml La vitamina C, conocida como \u00e1cido asc\u00f3rbico, es un nutriente hidrosoluble que se encuentra en ciertos alimentos. En el cuerpo, act\u00faa \u00a0 como\u00a0 antioxidante, al\u00a0 ayudar\u00a0 a\u00a0 proteger\u00a0 las\u00a0 c\u00e9lulas contra los da\u00f1os causados por los radicales libres. COMO FUNCIONA. Funciona como potente antioxidante, la vitamina C, neutraliza los radicales libres [&hellip;]<\/p>","protected":false},"featured_media":1538,"comment_status":"open","ping_status":"closed","template":"","meta":[],"product_brand":[],"product_cat":[42],"product_tag":[],"class_list":{"0":"post-1537","1":"product","2":"type-product","3":"status-publish","4":"has-post-thumbnail","6":"product_cat-principios-activos","8":"first","9":"instock","10":"taxable","11":"shipping-taxable","12":"product-type-simple"},"yoast_head":"<!-- This site is optimized with the Yoast SEO plugin v23.8 - https:\/\/yoast.com\/wordpress\/plugins\/seo\/ -->\n<title>VIT C ACID 20 - Dermamedk<\/title>\n<meta name=\"description\" content=\"La vitamina C, conocida como \u00e1cido asc\u00f3rbico, es un nutriente hidrosoluble que se encuentra en ciertos alimentos. En el cuerpo, act\u00faa \u00a0 como\u00a0 antioxidante,\" \/>\n<meta name=\"robots\" content=\"index, follow, max-snippet:-1, max-image-preview:large, max-video-preview:-1\" \/>\n<link rel=\"canonical\" href=\"https:\/\/dermamedk.es\/en\/tienda\/principios-activos\/vit-c-acid-20\/\" \/>\n<meta property=\"og:locale\" content=\"en_GB\" \/>\n<meta property=\"og:type\" content=\"article\" \/>\n<meta property=\"og:title\" content=\"VIT C ACID 20 - Dermamedk\" \/>\n<meta property=\"og:description\" content=\"La vitamina C, conocida como \u00e1cido asc\u00f3rbico, es un nutriente hidrosoluble que se encuentra en ciertos alimentos. En el cuerpo, act\u00faa \u00a0 como\u00a0 antioxidante,\" \/>\n<meta property=\"og:url\" content=\"https:\/\/dermamedk.es\/en\/tienda\/principios-activos\/vit-c-acid-20\/\" \/>\n<meta property=\"og:site_name\" content=\"Dermamedk\" \/>\n<meta property=\"article:publisher\" content=\"https:\/\/www.facebook.com\/dermamedk\" \/>\n<meta property=\"article:modified_time\" content=\"2023-05-23T02:07:27+00:00\" \/>\n<meta property=\"og:image\" content=\"https:\/\/dermamedk.es\/wp-content\/uploads\/2023\/05\/VIT-C-ACID-20.webp\" \/>\n\t<meta property=\"og:image:width\" content=\"271\" \/>\n\t<meta property=\"og:image:height\" content=\"492\" \/>\n\t<meta property=\"og:image:type\" content=\"image\/webp\" \/>\n<meta name=\"twitter:card\" content=\"summary_large_image\" \/>\n<meta name=\"twitter:label1\" content=\"Estimated reading time\" \/>\n\t<meta name=\"twitter:data1\" content=\"2 minutes\" \/>\n<script type=\"application\/ld+json\" class=\"yoast-schema-graph\">{\"@context\":\"https:\/\/schema.org\",\"@graph\":[{\"@type\":\"WebPage\",\"@id\":\"https:\/\/dermamedk.es\/tienda\/principios-activos\/vit-c-acid-20\/\",\"url\":\"https:\/\/dermamedk.es\/tienda\/principios-activos\/vit-c-acid-20\/\",\"name\":\"VIT C ACID 20 - Dermamedk\",\"isPartOf\":{\"@id\":\"https:\/\/dermamedk.es\/#website\"},\"primaryImageOfPage\":{\"@id\":\"https:\/\/dermamedk.es\/tienda\/principios-activos\/vit-c-acid-20\/#primaryimage\"},\"image\":{\"@id\":\"https:\/\/dermamedk.es\/tienda\/principios-activos\/vit-c-acid-20\/#primaryimage\"},\"thumbnailUrl\":\"https:\/\/dermamedk.es\/wp-content\/uploads\/2023\/05\/VIT-C-ACID-20.webp\",\"datePublished\":\"2023-05-22T23:48:03+00:00\",\"dateModified\":\"2023-05-23T02:07:27+00:00\",\"description\":\"La vitamina C, conocida como \u00e1cido asc\u00f3rbico, es un nutriente hidrosoluble que se encuentra en ciertos alimentos. En el cuerpo, act\u00faa \u00a0 como\u00a0 antioxidante,\",\"breadcrumb\":{\"@id\":\"https:\/\/dermamedk.es\/tienda\/principios-activos\/vit-c-acid-20\/#breadcrumb\"},\"inLanguage\":\"en-GB\",\"potentialAction\":[{\"@type\":\"ReadAction\",\"target\":[\"https:\/\/dermamedk.es\/tienda\/principios-activos\/vit-c-acid-20\/\"]}]},{\"@type\":\"ImageObject\",\"inLanguage\":\"en-GB\",\"@id\":\"https:\/\/dermamedk.es\/tienda\/principios-activos\/vit-c-acid-20\/#primaryimage\",\"url\":\"https:\/\/dermamedk.es\/wp-content\/uploads\/2023\/05\/VIT-C-ACID-20.webp\",\"contentUrl\":\"https:\/\/dermamedk.es\/wp-content\/uploads\/2023\/05\/VIT-C-ACID-20.webp\",\"width\":271,\"height\":492},{\"@type\":\"BreadcrumbList\",\"@id\":\"https:\/\/dermamedk.es\/tienda\/principios-activos\/vit-c-acid-20\/#breadcrumb\",\"itemListElement\":[{\"@type\":\"ListItem\",\"position\":1,\"name\":\"Home\",\"item\":\"https:\/\/dermamedk.es\/\"},{\"@type\":\"ListItem\",\"position\":2,\"name\":\"Tienda\",\"item\":\"https:\/\/dermamedk.es\/tienda-dermamedk\/\"},{\"@type\":\"ListItem\",\"position\":3,\"name\":\"VIT C ACID 20\"}]},{\"@type\":\"WebSite\",\"@id\":\"https:\/\/dermamedk.es\/#website\",\"url\":\"https:\/\/dermamedk.es\/\",\"name\":\"DermamedK | La elecci\u00f3n perfecta para tu cuidado de la piel\",\"description\":\"Lo mejor para el cuidado de tu piel\",\"publisher\":{\"@id\":\"https:\/\/dermamedk.es\/#organization\"},\"potentialAction\":[{\"@type\":\"SearchAction\",\"target\":{\"@type\":\"EntryPoint\",\"urlTemplate\":\"https:\/\/dermamedk.es\/?s={search_term_string}\"},\"query-input\":{\"@type\":\"PropertyValueSpecification\",\"valueRequired\":true,\"valueName\":\"search_term_string\"}}],\"inLanguage\":\"en-GB\"},{\"@type\":\"Organization\",\"@id\":\"https:\/\/dermamedk.es\/#organization\",\"name\":\"DermamedK | La elecci\u00f3n perfecta para tu cuidado de la piel\",\"url\":\"https:\/\/dermamedk.es\/\",\"logo\":{\"@type\":\"ImageObject\",\"inLanguage\":\"en-GB\",\"@id\":\"https:\/\/dermamedk.es\/#\/schema\/logo\/image\/\",\"url\":\"https:\/\/dermamedk.es\/wp-content\/uploads\/2023\/04\/logo-150.webp\",\"contentUrl\":\"https:\/\/dermamedk.es\/wp-content\/uploads\/2023\/04\/logo-150.webp\",\"width\":180,\"height\":212,\"caption\":\"DermamedK | La elecci\u00f3n perfecta para tu cuidado de la piel\"},\"image\":{\"@id\":\"https:\/\/dermamedk.es\/#\/schema\/logo\/image\/\"},\"sameAs\":[\"https:\/\/www.facebook.com\/dermamedk\",\"https:\/\/www.instagram.com\/dermamedk\/\"]}]}<\/script>\n<!-- \/ Yoast SEO plugin. -->","yoast_head_json":{"title":"VIT C ACID 20 - Dermamedk","description":"La vitamina C, conocida como \u00e1cido asc\u00f3rbico, es un nutriente hidrosoluble que se encuentra en ciertos alimentos. En el cuerpo, act\u00faa \u00a0 como\u00a0 antioxidante,","robots":{"index":"index","follow":"follow","max-snippet":"max-snippet:-1","max-image-preview":"max-image-preview:large","max-video-preview":"max-video-preview:-1"},"canonical":"https:\/\/dermamedk.es\/en\/tienda\/principios-activos\/vit-c-acid-20\/","og_locale":"en_GB","og_type":"article","og_title":"VIT C ACID 20 - Dermamedk","og_description":"La vitamina C, conocida como \u00e1cido asc\u00f3rbico, es un nutriente hidrosoluble que se encuentra en ciertos alimentos. En el cuerpo, act\u00faa \u00a0 como\u00a0 antioxidante,","og_url":"https:\/\/dermamedk.es\/en\/tienda\/principios-activos\/vit-c-acid-20\/","og_site_name":"Dermamedk","article_publisher":"https:\/\/www.facebook.com\/dermamedk","article_modified_time":"2023-05-23T02:07:27+00:00","og_image":[{"width":271,"height":492,"url":"https:\/\/dermamedk.es\/wp-content\/uploads\/2023\/05\/VIT-C-ACID-20.webp","type":"image\/webp"}],"twitter_card":"summary_large_image","twitter_misc":{"Estimated reading time":"2 minutes"},"schema":{"@context":"https:\/\/schema.org","@graph":[{"@type":"WebPage","@id":"https:\/\/dermamedk.es\/tienda\/principios-activos\/vit-c-acid-20\/","url":"https:\/\/dermamedk.es\/tienda\/principios-activos\/vit-c-acid-20\/","name":"VIT C ACID 20 - Dermamedk","isPartOf":{"@id":"https:\/\/dermamedk.es\/#website"},"primaryImageOfPage":{"@id":"https:\/\/dermamedk.es\/tienda\/principios-activos\/vit-c-acid-20\/#primaryimage"},"image":{"@id":"https:\/\/dermamedk.es\/tienda\/principios-activos\/vit-c-acid-20\/#primaryimage"},"thumbnailUrl":"https:\/\/dermamedk.es\/wp-content\/uploads\/2023\/05\/VIT-C-ACID-20.webp","datePublished":"2023-05-22T23:48:03+00:00","dateModified":"2023-05-23T02:07:27+00:00","description":"La vitamina C, conocida como \u00e1cido asc\u00f3rbico, es un nutriente hidrosoluble que se encuentra en ciertos alimentos. En el cuerpo, act\u00faa \u00a0 como\u00a0 antioxidante,","breadcrumb":{"@id":"https:\/\/dermamedk.es\/tienda\/principios-activos\/vit-c-acid-20\/#breadcrumb"},"inLanguage":"en-GB","potentialAction":[{"@type":"ReadAction","target":["https:\/\/dermamedk.es\/tienda\/principios-activos\/vit-c-acid-20\/"]}]},{"@type":"ImageObject","inLanguage":"en-GB","@id":"https:\/\/dermamedk.es\/tienda\/principios-activos\/vit-c-acid-20\/#primaryimage","url":"https:\/\/dermamedk.es\/wp-content\/uploads\/2023\/05\/VIT-C-ACID-20.webp","contentUrl":"https:\/\/dermamedk.es\/wp-content\/uploads\/2023\/05\/VIT-C-ACID-20.webp","width":271,"height":492},{"@type":"BreadcrumbList","@id":"https:\/\/dermamedk.es\/tienda\/principios-activos\/vit-c-acid-20\/#breadcrumb","itemListElement":[{"@type":"ListItem","position":1,"name":"Home","item":"https:\/\/dermamedk.es\/"},{"@type":"ListItem","position":2,"name":"Tienda","item":"https:\/\/dermamedk.es\/tienda-dermamedk\/"},{"@type":"ListItem","position":3,"name":"VIT C ACID 20"}]},{"@type":"WebSite","@id":"https:\/\/dermamedk.es\/#website","url":"https:\/\/dermamedk.es\/","name":"DermamedK | La elecci\u00f3n perfecta para tu cuidado de la piel","description":"Lo mejor para el cuidado de tu piel","publisher":{"@id":"https:\/\/dermamedk.es\/#organization"},"potentialAction":[{"@type":"SearchAction","target":{"@type":"EntryPoint","urlTemplate":"https:\/\/dermamedk.es\/?s={search_term_string}"},"query-input":{"@type":"PropertyValueSpecification","valueRequired":true,"valueName":"search_term_string"}}],"inLanguage":"en-GB"},{"@type":"Organization","@id":"https:\/\/dermamedk.es\/#organization","name":"DermamedK | La elecci\u00f3n perfecta para tu cuidado de la piel","url":"https:\/\/dermamedk.es\/","logo":{"@type":"ImageObject","inLanguage":"en-GB","@id":"https:\/\/dermamedk.es\/#\/schema\/logo\/image\/","url":"https:\/\/dermamedk.es\/wp-content\/uploads\/2023\/04\/logo-150.webp","contentUrl":"https:\/\/dermamedk.es\/wp-content\/uploads\/2023\/04\/logo-150.webp","width":180,"height":212,"caption":"DermamedK | La elecci\u00f3n perfecta para tu cuidado de la piel"},"image":{"@id":"https:\/\/dermamedk.es\/#\/schema\/logo\/image\/"},"sameAs":["https:\/\/www.facebook.com\/dermamedk","https:\/\/www.instagram.com\/dermamedk\/"]}]}},"_links":{"self":[{"href":"https:\/\/dermamedk.es\/en\/wp-json\/wp\/v2\/product\/1537","targetHints":{"allow":["GET"]}}],"collection":[{"href":"https:\/\/dermamedk.es\/en\/wp-json\/wp\/v2\/product"}],"about":[{"href":"https:\/\/dermamedk.es\/en\/wp-json\/wp\/v2\/types\/product"}],"replies":[{"embeddable":true,"href":"https:\/\/dermamedk.es\/en\/wp-json\/wp\/v2\/comments?post=1537"}],"version-history":[{"count":1,"href":"https:\/\/dermamedk.es\/en\/wp-json\/wp\/v2\/product\/1537\/revisions"}],"predecessor-version":[{"id":1539,"href":"https:\/\/dermamedk.es\/en\/wp-json\/wp\/v2\/product\/1537\/revisions\/1539"}],"wp:featuredmedia":[{"embeddable":true,"href":"https:\/\/dermamedk.es\/en\/wp-json\/wp\/v2\/media\/1538"}],"wp:attachment":[{"href":"https:\/\/dermamedk.es\/en\/wp-json\/wp\/v2\/media?parent=1537"}],"wp:term":[{"taxonomy":"product_brand","embeddable":true,"href":"https:\/\/dermamedk.es\/en\/wp-json\/wp\/v2\/product_brand?post=1537"},{"taxonomy":"product_cat","embeddable":true,"href":"https:\/\/dermamedk.es\/en\/wp-json\/wp\/v2\/product_cat?post=1537"},{"taxonomy":"product_tag","embeddable":true,"href":"https:\/\/dermamedk.es\/en\/wp-json\/wp\/v2\/product_tag?post=1537"}],"curies":[{"name":"wp","href":"https:\/\/api.w.org\/{rel}","templated":true}]}}