 {"id":1233,"date":"2023-05-03T05:47:24","date_gmt":"2023-05-03T05:47:24","guid":{"rendered":"https:\/\/dermamedk.es\/?post_type=product&#038;p=1233"},"modified":"2025-01-24T23:02:49","modified_gmt":"2025-01-24T22:02:49","slug":"white-action","status":"publish","type":"product","link":"https:\/\/dermamedk.es\/en\/tienda\/principios-activos\/white-action\/","title":{"rendered":"WHITE ACTION"},"content":{"rendered":"<p><strong>5 unit x 5ml<\/strong><\/p>\n<p><span style=\"font-weight: 400;\">Powerful moisturising effect, conditions the skin and provides anti-inflammatory and antibacterial active ingredients, resulting in a soothing and depigmenting effect on dark areas of the skin.<\/span><\/p>\n<p><b>HOW IT WORKS.<\/b><\/p>\n<p><span style=\"font-weight: 400;\">Penetrates into the skin offering a gradual antioxidant effect, inhibits the enzymatic action of Tyrosinase, and as a consequence, stops the hyperproduction of the pigment MELANIN, causing the unification of the skin tone.<\/span><\/p>\n<p><b>ACTIVE INGREDIENTS<\/b><\/p>\n<p><span style=\"font-weight: 400;\">Aqua, Butylene Glycol, Glycerin, Actinidia Chinensis Fruit Water, Methylsilanol Mannuronate, Glycyrrhiza Glabra Root Extract, Dimethylmethoxy Chromanyl Palmitate, Sophora Flavescens Root Extract, Alcohol, Phenoxyethanol, Ethylhexylglycerin, Ascorbic Acid, Sorbic Acid<\/span><\/p>\n<p><span style=\"font-weight: 400;\">Ascorbic Acid, as an antioxidant for the skin <\/span><span style=\"font-weight: 400;\">Sophora extract, as an emollient and soothing agent.<\/span><\/p>\n<p><span style=\"font-weight: 400;\">Kiwi Extract, provides a super moisturising effect.<\/span><\/p>\n<p><b>BENEFITS<\/b><\/p>\n<p><span style=\"font-weight: 400;\">Depigments dark areas of the skin caused by wear and tear, poor circulation and oxidation.<\/span><\/p>\n<p><span style=\"font-weight: 400;\">Increases skin thickness and improves circulation. Stimulates collagen and elastin production for younger, more elastic skin.<\/span><\/p>\n<p><span style=\"font-weight: 400;\">Corrects any skin hyperpigmentation.<\/span><\/p>\n<p><b>AREA TO BE TREATED<\/b><\/p>\n<p><span style=\"font-weight: 400;\">Face and Body<\/span><\/p>","protected":false},"excerpt":{"rendered":"<p>5 unit x 5ml Poderoso efecto hidratante, acondiciona la piel y aporta principios activos antiin\ufb02amatorios y antibacterianos lo que conlleva a un resultado calmante y despigmentante de las \u00e1reas oscuras de la piel. COMO FUNCIONA. Penetra en la piel ofreciendo un efecto de antioxidaci\u00f3n de manera paulatina, inhibe la acci\u00f3n enzim\u00e1tica de la Tirosinasa, y [&hellip;]<\/p>","protected":false},"featured_media":2461,"comment_status":"open","ping_status":"closed","template":"","meta":[],"product_brand":[],"product_cat":[42],"product_tag":[],"class_list":{"0":"post-1233","1":"product","2":"type-product","3":"status-publish","4":"has-post-thumbnail","6":"product_cat-principios-activos","8":"first","9":"instock","10":"taxable","11":"shipping-taxable","12":"purchasable","13":"product-type-simple"},"yoast_head":"<!-- This site is optimized with the Yoast SEO plugin v23.8 - https:\/\/yoast.com\/wordpress\/plugins\/seo\/ -->\n<title>WHITE ACTION - Dermamedk<\/title>\n<meta name=\"description\" content=\"WHITE ACTION poderoso efecto hidratante, acondiciona la piel y aporta principios activos antiinflamatorios y antibacterianos.\" \/>\n<meta name=\"robots\" content=\"index, follow, max-snippet:-1, max-image-preview:large, max-video-preview:-1\" \/>\n<link rel=\"canonical\" href=\"https:\/\/dermamedk.es\/en\/tienda\/principios-activos\/white-action\/\" \/>\n<meta property=\"og:locale\" content=\"en_GB\" \/>\n<meta property=\"og:type\" content=\"article\" \/>\n<meta property=\"og:title\" content=\"WHITE ACTION - Dermamedk\" \/>\n<meta property=\"og:description\" content=\"WHITE ACTION poderoso efecto hidratante, acondiciona la piel y aporta principios activos antiinflamatorios y antibacterianos.\" \/>\n<meta property=\"og:url\" content=\"https:\/\/dermamedk.es\/en\/tienda\/principios-activos\/white-action\/\" \/>\n<meta property=\"og:site_name\" content=\"Dermamedk\" \/>\n<meta property=\"article:publisher\" content=\"https:\/\/www.facebook.com\/dermamedk\" \/>\n<meta property=\"article:modified_time\" content=\"2025-01-24T22:02:49+00:00\" \/>\n<meta property=\"og:image\" content=\"https:\/\/dermamedk.es\/wp-content\/uploads\/2023\/05\/white-action-2.jpg\" \/>\n\t<meta property=\"og:image:width\" content=\"271\" \/>\n\t<meta property=\"og:image:height\" content=\"492\" \/>\n\t<meta property=\"og:image:type\" content=\"image\/jpeg\" \/>\n<meta name=\"twitter:card\" content=\"summary_large_image\" \/>\n<meta name=\"twitter:label1\" content=\"Estimated reading time\" \/>\n\t<meta name=\"twitter:data1\" content=\"2 minutes\" \/>\n<script type=\"application\/ld+json\" class=\"yoast-schema-graph\">{\"@context\":\"https:\/\/schema.org\",\"@graph\":[{\"@type\":\"WebPage\",\"@id\":\"https:\/\/dermamedk.es\/tienda\/principios-activos\/white-action\/\",\"url\":\"https:\/\/dermamedk.es\/tienda\/principios-activos\/white-action\/\",\"name\":\"WHITE ACTION - Dermamedk\",\"isPartOf\":{\"@id\":\"https:\/\/dermamedk.es\/#website\"},\"primaryImageOfPage\":{\"@id\":\"https:\/\/dermamedk.es\/tienda\/principios-activos\/white-action\/#primaryimage\"},\"image\":{\"@id\":\"https:\/\/dermamedk.es\/tienda\/principios-activos\/white-action\/#primaryimage\"},\"thumbnailUrl\":\"https:\/\/dermamedk.es\/wp-content\/uploads\/2023\/05\/white-action-2.jpg\",\"datePublished\":\"2023-05-03T05:47:24+00:00\",\"dateModified\":\"2025-01-24T22:02:49+00:00\",\"description\":\"WHITE ACTION poderoso efecto hidratante, acondiciona la piel y aporta principios activos antiinflamatorios y antibacterianos.\",\"breadcrumb\":{\"@id\":\"https:\/\/dermamedk.es\/tienda\/principios-activos\/white-action\/#breadcrumb\"},\"inLanguage\":\"en-GB\",\"potentialAction\":[{\"@type\":\"ReadAction\",\"target\":[\"https:\/\/dermamedk.es\/tienda\/principios-activos\/white-action\/\"]}]},{\"@type\":\"ImageObject\",\"inLanguage\":\"en-GB\",\"@id\":\"https:\/\/dermamedk.es\/tienda\/principios-activos\/white-action\/#primaryimage\",\"url\":\"https:\/\/dermamedk.es\/wp-content\/uploads\/2023\/05\/white-action-2.jpg\",\"contentUrl\":\"https:\/\/dermamedk.es\/wp-content\/uploads\/2023\/05\/white-action-2.jpg\",\"width\":271,\"height\":492,\"caption\":\"white action\"},{\"@type\":\"BreadcrumbList\",\"@id\":\"https:\/\/dermamedk.es\/tienda\/principios-activos\/white-action\/#breadcrumb\",\"itemListElement\":[{\"@type\":\"ListItem\",\"position\":1,\"name\":\"Home\",\"item\":\"https:\/\/dermamedk.es\/\"},{\"@type\":\"ListItem\",\"position\":2,\"name\":\"Tienda\",\"item\":\"https:\/\/dermamedk.es\/tienda-dermamedk\/\"},{\"@type\":\"ListItem\",\"position\":3,\"name\":\"WHITE ACTION\"}]},{\"@type\":\"WebSite\",\"@id\":\"https:\/\/dermamedk.es\/#website\",\"url\":\"https:\/\/dermamedk.es\/\",\"name\":\"DermamedK | La elecci\u00f3n perfecta para tu cuidado de la piel\",\"description\":\"Lo mejor para el cuidado de tu piel\",\"publisher\":{\"@id\":\"https:\/\/dermamedk.es\/#organization\"},\"potentialAction\":[{\"@type\":\"SearchAction\",\"target\":{\"@type\":\"EntryPoint\",\"urlTemplate\":\"https:\/\/dermamedk.es\/?s={search_term_string}\"},\"query-input\":{\"@type\":\"PropertyValueSpecification\",\"valueRequired\":true,\"valueName\":\"search_term_string\"}}],\"inLanguage\":\"en-GB\"},{\"@type\":\"Organization\",\"@id\":\"https:\/\/dermamedk.es\/#organization\",\"name\":\"DermamedK | La elecci\u00f3n perfecta para tu cuidado de la piel\",\"url\":\"https:\/\/dermamedk.es\/\",\"logo\":{\"@type\":\"ImageObject\",\"inLanguage\":\"en-GB\",\"@id\":\"https:\/\/dermamedk.es\/#\/schema\/logo\/image\/\",\"url\":\"https:\/\/dermamedk.es\/wp-content\/uploads\/2023\/04\/logo-150.webp\",\"contentUrl\":\"https:\/\/dermamedk.es\/wp-content\/uploads\/2023\/04\/logo-150.webp\",\"width\":180,\"height\":212,\"caption\":\"DermamedK | La elecci\u00f3n perfecta para tu cuidado de la piel\"},\"image\":{\"@id\":\"https:\/\/dermamedk.es\/#\/schema\/logo\/image\/\"},\"sameAs\":[\"https:\/\/www.facebook.com\/dermamedk\",\"https:\/\/www.instagram.com\/dermamedk\/\"]}]}<\/script>\n<!-- \/ Yoast SEO plugin. -->","yoast_head_json":{"title":"WHITE ACTION - Dermamedk","description":"WHITE ACTION poderoso efecto hidratante, acondiciona la piel y aporta principios activos antiinflamatorios y antibacterianos.","robots":{"index":"index","follow":"follow","max-snippet":"max-snippet:-1","max-image-preview":"max-image-preview:large","max-video-preview":"max-video-preview:-1"},"canonical":"https:\/\/dermamedk.es\/en\/tienda\/principios-activos\/white-action\/","og_locale":"en_GB","og_type":"article","og_title":"WHITE ACTION - Dermamedk","og_description":"WHITE ACTION poderoso efecto hidratante, acondiciona la piel y aporta principios activos antiinflamatorios y antibacterianos.","og_url":"https:\/\/dermamedk.es\/en\/tienda\/principios-activos\/white-action\/","og_site_name":"Dermamedk","article_publisher":"https:\/\/www.facebook.com\/dermamedk","article_modified_time":"2025-01-24T22:02:49+00:00","og_image":[{"width":271,"height":492,"url":"https:\/\/dermamedk.es\/wp-content\/uploads\/2023\/05\/white-action-2.jpg","type":"image\/jpeg"}],"twitter_card":"summary_large_image","twitter_misc":{"Estimated reading time":"2 minutes"},"schema":{"@context":"https:\/\/schema.org","@graph":[{"@type":"WebPage","@id":"https:\/\/dermamedk.es\/tienda\/principios-activos\/white-action\/","url":"https:\/\/dermamedk.es\/tienda\/principios-activos\/white-action\/","name":"WHITE ACTION - Dermamedk","isPartOf":{"@id":"https:\/\/dermamedk.es\/#website"},"primaryImageOfPage":{"@id":"https:\/\/dermamedk.es\/tienda\/principios-activos\/white-action\/#primaryimage"},"image":{"@id":"https:\/\/dermamedk.es\/tienda\/principios-activos\/white-action\/#primaryimage"},"thumbnailUrl":"https:\/\/dermamedk.es\/wp-content\/uploads\/2023\/05\/white-action-2.jpg","datePublished":"2023-05-03T05:47:24+00:00","dateModified":"2025-01-24T22:02:49+00:00","description":"WHITE ACTION poderoso efecto hidratante, acondiciona la piel y aporta principios activos antiinflamatorios y antibacterianos.","breadcrumb":{"@id":"https:\/\/dermamedk.es\/tienda\/principios-activos\/white-action\/#breadcrumb"},"inLanguage":"en-GB","potentialAction":[{"@type":"ReadAction","target":["https:\/\/dermamedk.es\/tienda\/principios-activos\/white-action\/"]}]},{"@type":"ImageObject","inLanguage":"en-GB","@id":"https:\/\/dermamedk.es\/tienda\/principios-activos\/white-action\/#primaryimage","url":"https:\/\/dermamedk.es\/wp-content\/uploads\/2023\/05\/white-action-2.jpg","contentUrl":"https:\/\/dermamedk.es\/wp-content\/uploads\/2023\/05\/white-action-2.jpg","width":271,"height":492,"caption":"white action"},{"@type":"BreadcrumbList","@id":"https:\/\/dermamedk.es\/tienda\/principios-activos\/white-action\/#breadcrumb","itemListElement":[{"@type":"ListItem","position":1,"name":"Home","item":"https:\/\/dermamedk.es\/"},{"@type":"ListItem","position":2,"name":"Tienda","item":"https:\/\/dermamedk.es\/tienda-dermamedk\/"},{"@type":"ListItem","position":3,"name":"WHITE ACTION"}]},{"@type":"WebSite","@id":"https:\/\/dermamedk.es\/#website","url":"https:\/\/dermamedk.es\/","name":"DermamedK | La elecci\u00f3n perfecta para tu cuidado de la piel","description":"Lo mejor para el cuidado de tu piel","publisher":{"@id":"https:\/\/dermamedk.es\/#organization"},"potentialAction":[{"@type":"SearchAction","target":{"@type":"EntryPoint","urlTemplate":"https:\/\/dermamedk.es\/?s={search_term_string}"},"query-input":{"@type":"PropertyValueSpecification","valueRequired":true,"valueName":"search_term_string"}}],"inLanguage":"en-GB"},{"@type":"Organization","@id":"https:\/\/dermamedk.es\/#organization","name":"DermamedK | La elecci\u00f3n perfecta para tu cuidado de la piel","url":"https:\/\/dermamedk.es\/","logo":{"@type":"ImageObject","inLanguage":"en-GB","@id":"https:\/\/dermamedk.es\/#\/schema\/logo\/image\/","url":"https:\/\/dermamedk.es\/wp-content\/uploads\/2023\/04\/logo-150.webp","contentUrl":"https:\/\/dermamedk.es\/wp-content\/uploads\/2023\/04\/logo-150.webp","width":180,"height":212,"caption":"DermamedK | La elecci\u00f3n perfecta para tu cuidado de la piel"},"image":{"@id":"https:\/\/dermamedk.es\/#\/schema\/logo\/image\/"},"sameAs":["https:\/\/www.facebook.com\/dermamedk","https:\/\/www.instagram.com\/dermamedk\/"]}]}},"_links":{"self":[{"href":"https:\/\/dermamedk.es\/en\/wp-json\/wp\/v2\/product\/1233","targetHints":{"allow":["GET"]}}],"collection":[{"href":"https:\/\/dermamedk.es\/en\/wp-json\/wp\/v2\/product"}],"about":[{"href":"https:\/\/dermamedk.es\/en\/wp-json\/wp\/v2\/types\/product"}],"replies":[{"embeddable":true,"href":"https:\/\/dermamedk.es\/en\/wp-json\/wp\/v2\/comments?post=1233"}],"version-history":[{"count":5,"href":"https:\/\/dermamedk.es\/en\/wp-json\/wp\/v2\/product\/1233\/revisions"}],"predecessor-version":[{"id":1565,"href":"https:\/\/dermamedk.es\/en\/wp-json\/wp\/v2\/product\/1233\/revisions\/1565"}],"wp:featuredmedia":[{"embeddable":true,"href":"https:\/\/dermamedk.es\/en\/wp-json\/wp\/v2\/media\/2461"}],"wp:attachment":[{"href":"https:\/\/dermamedk.es\/en\/wp-json\/wp\/v2\/media?parent=1233"}],"wp:term":[{"taxonomy":"product_brand","embeddable":true,"href":"https:\/\/dermamedk.es\/en\/wp-json\/wp\/v2\/product_brand?post=1233"},{"taxonomy":"product_cat","embeddable":true,"href":"https:\/\/dermamedk.es\/en\/wp-json\/wp\/v2\/product_cat?post=1233"},{"taxonomy":"product_tag","embeddable":true,"href":"https:\/\/dermamedk.es\/en\/wp-json\/wp\/v2\/product_tag?post=1233"}],"curies":[{"name":"wp","href":"https:\/\/api.w.org\/{rel}","templated":true}]}}